{"id":206370,"date":"2025-03-13T13:54:00","date_gmt":"2025-03-13T11:54:00","guid":{"rendered":"https:\/\/gate21.ee\/?post_type=product&#038;p=206370"},"modified":"2026-04-30T13:10:00","modified_gmt":"2026-04-30T10:10:00","slug":"ribbon-guest-towel-36cm-koik","status":"publish","type":"product","link":"https:\/\/gate21.ee\/et\/shop\/ribbon-guest-towel-36cm-koik\/","title":{"rendered":"Pesur\u00e4tik 36cm - K\u00d5IK"},"content":{"rendered":"<p>&nbsp;<\/p>\n<p><img fetchpriority=\"high\" decoding=\"async\" class=\"size-medium wp-image-2636 alignnone ls-is-cached lazyloaded\" src=\"https:\/\/gate21.ee\/wp-content\/uploads\/2020\/08\/Screenshot-2020-08-12-at-17.42.38-300x232.png\" alt=\"\" width=\"300\" height=\"232\" data-srcset=\"https:\/\/gate21.ee\/wp-content\/uploads\/2020\/08\/Screenshot-2020-08-12-at-17.42.38-300x232.png 300w, https:\/\/gate21.ee\/wp-content\/uploads\/2020\/08\/Screenshot-2020-08-12-at-17.42.38.png 493w\" data-src=\"https:\/\/gate21.ee\/wp-content\/uploads\/2020\/08\/Screenshot-2020-08-12-at-17.42.38-300x232.png\" data-sizes=\"(max-width: 300px) 100vw, 300px\" srcset=\"https:\/\/gate21.ee\/wp-content\/uploads\/2020\/08\/Screenshot-2020-08-12-at-17.42.38-300x232.png 300w, https:\/\/gate21.ee\/wp-content\/uploads\/2020\/08\/Screenshot-2020-08-12-at-17.42.38.png 493w\" sizes=\"(max-width: 300px) 100vw, 300px\" \/><\/p>\n<p><a href=\"https:\/\/gate21.ee\/et\/brand\/atsukomatano\/\">Atsuko Matano<\/a> on mitmek\u00fclgselt andekas kunstnik - disainer, illustraator, romaanikirjanik, kes alustas oma karj\u00e4\u00e4ri 1979. aastal kingipoe \u201cPandora laegas\u201d kujundajana. Ta asutas 6 aastat hiljem, 1985. aastal \"La Merise\", kus arendas oma oskusi ja alustas ka romaanikirjaniku karj\u00e4\u00e4ri. 1986. aastal l\u00f5i ta \"Atsuko Matano\", j\u00e4tkates samal ajal t\u00f6\u00f6d erinevate kaubam\u00e4rkide disainerina.<\/p>\n<p><img decoding=\"async\" class=\"size-medium wp-image-55712 alignnone ls-is-cached lazyloaded\" src=\"https:\/\/gate21.ee\/wp-content\/uploads\/2021\/01\/atsu-01e381aee382b3e38392e3829ae383bc-600x898-1-200x300.png\" alt=\"\" width=\"200\" height=\"300\" data-srcset=\"https:\/\/gate21.ee\/wp-content\/uploads\/2021\/01\/atsu-01e381aee382b3e38392e3829ae383bc-600x898-1-200x300.png 200w, https:\/\/gate21.ee\/wp-content\/uploads\/2021\/01\/atsu-01e381aee382b3e38392e3829ae383bc-600x898-1.png 600w\" data-src=\"https:\/\/gate21.ee\/wp-content\/uploads\/2021\/01\/atsu-01e381aee382b3e38392e3829ae383bc-600x898-1-200x300.png\" data-sizes=\"(max-width: 200px) 100vw, 200px\" srcset=\"https:\/\/gate21.ee\/wp-content\/uploads\/2021\/01\/atsu-01e381aee382b3e38392e3829ae383bc-600x898-1-200x300.png 200w, https:\/\/gate21.ee\/wp-content\/uploads\/2021\/01\/atsu-01e381aee382b3e38392e3829ae383bc-600x898-1.png 600w\" sizes=\"(max-width: 200px) 100vw, 200px\" \/><\/p>","protected":false},"excerpt":{"rendered":"<p>&nbsp; Atsuko Matano is a multi-talented artist: designer, illustrator, novelist who\u00a0began her career in 1979 as a designer for the gift shop \u201cPandora\u2019s Box.\u201d She established, 6 years later, in 1985, La Merise where she developed her skills and also began a career of novelist. In 1986, she created Atsuko Matano while she continues to [&hellip;]<\/p>\n","protected":false},"featured_media":206372,"comment_status":"closed","ping_status":"closed","template":"","meta":{"site-sidebar-layout":"default","site-content-layout":"default","ast-site-content-layout":"default","site-content-style":"default","site-sidebar-style":"default","ast-global-header-display":"","ast-banner-title-visibility":"","ast-main-header-display":"","ast-hfb-above-header-display":"","ast-hfb-below-header-display":"","ast-hfb-mobile-header-display":"","site-post-title":"","ast-breadcrumbs-content":"","ast-featured-img":"","footer-sml-layout":"","ast-disable-related-posts":"","theme-transparent-header-meta":"default","adv-header-id-meta":"","stick-header-meta":"default","header-above-stick-meta":"","header-main-stick-meta":"","header-below-stick-meta":"","astra-migrate-meta-layouts":"set","ast-page-background-enabled":"default","ast-page-background-meta":{"desktop":{"background-color":"","background-image":"","background-repeat":"repeat","background-position":"center center","background-size":"auto","background-attachment":"scroll","background-type":"","background-media":"","overlay-type":"","overlay-color":"","overlay-opacity":"","overlay-gradient":""},"tablet":{"background-color":"","background-image":"","background-repeat":"repeat","background-position":"center center","background-size":"auto","background-attachment":"scroll","background-type":"","background-media":"","overlay-type":"","overlay-color":"","overlay-opacity":"","overlay-gradient":""},"mobile":{"background-color":"","background-image":"","background-repeat":"repeat","background-position":"center center","background-size":"auto","background-attachment":"scroll","background-type":"","background-media":"","overlay-type":"","overlay-color":"","overlay-opacity":"","overlay-gradient":""}},"ast-content-background-meta":{"desktop":{"background-color":"var(--ast-global-color-5)","background-image":"","background-repeat":"repeat","background-position":"center center","background-size":"auto","background-attachment":"scroll","background-type":"","background-media":"","overlay-type":"","overlay-color":"","overlay-opacity":"","overlay-gradient":""},"tablet":{"background-color":"var(--ast-global-color-5)","background-image":"","background-repeat":"repeat","background-position":"center center","background-size":"auto","background-attachment":"scroll","background-type":"","background-media":"","overlay-type":"","overlay-color":"","overlay-opacity":"","overlay-gradient":""},"mobile":{"background-color":"var(--ast-global-color-5)","background-image":"","background-repeat":"repeat","background-position":"center center","background-size":"auto","background-attachment":"scroll","background-type":"","background-media":"","overlay-type":"","overlay-color":"","overlay-opacity":"","overlay-gradient":""}}},"pwb-brand":[161],"product_brand":[],"product_cat":[221,218],"product_tag":[273],"class_list":{"0":"post-206370","1":"product","2":"type-product","3":"status-publish","4":"has-post-thumbnail","6":"pwb-brand-atsukomatano","7":"product_cat-fabrics","8":"product_cat-home","9":"product_tag-fabrics","10":"desktop-align-center","11":"tablet-align-center","12":"mobile-align-center","13":"ast-product-gallery-layout-vertical","14":"ast-product-gallery-with-no-image","15":"ast-product-tabs-layout-horizontal","17":"first","18":"instock","19":"taxable","20":"shipping-taxable","21":"purchasable","22":"product-type-simple"},"yoast_head":"<!-- This site is optimized with the Yoast SEO plugin v27.5 - https:\/\/yoast.com\/product\/yoast-seo-wordpress\/ -->\n<title>Wash towel 36cm - K\u00d5IK &#8226; Gate21<\/title>\n<meta name=\"robots\" content=\"index, follow, max-snippet:-1, max-image-preview:large, max-video-preview:-1\" \/>\n<link rel=\"canonical\" href=\"https:\/\/gate21.ee\/et\/shop\/ribbon-guest-towel-36cm-koik\/\" \/>\n<meta property=\"og:locale\" content=\"et_EE\" \/>\n<meta property=\"og:type\" content=\"article\" \/>\n<meta property=\"og:title\" content=\"Wash towel 36cm - K\u00d5IK &#8226; Gate21\" \/>\n<meta property=\"og:description\" content=\"&nbsp; Atsuko Matano is a multi-talented artist: designer, illustrator, novelist who\u00a0began her career in 1979 as a designer for the gift shop \u201cPandora\u2019s Box.\u201d She established, 6 years later, in 1985, La Merise where she developed her skills and also began a career of novelist. In 1986, she created Atsuko Matano while she continues to [&hellip;]\" \/>\n<meta property=\"og:url\" content=\"https:\/\/gate21.ee\/et\/shop\/ribbon-guest-towel-36cm-koik\/\" \/>\n<meta property=\"og:site_name\" content=\"Gate21\" \/>\n<meta property=\"article:publisher\" content=\"https:\/\/www.facebook.com\/gate21.ee\/\" \/>\n<meta property=\"article:modified_time\" content=\"2026-04-30T10:10:00+00:00\" \/>\n<meta property=\"og:image\" content=\"https:\/\/gate21.ee\/wp-content\/uploads\/2025\/03\/484083249_1331165438224717_2011462663255261024_n.jpg\" \/>\n\t<meta property=\"og:image:width\" content=\"1530\" \/>\n\t<meta property=\"og:image:height\" content=\"2040\" \/>\n\t<meta property=\"og:image:type\" content=\"image\/jpeg\" \/>\n<meta name=\"twitter:card\" content=\"summary_large_image\" \/>\n<meta name=\"twitter:label1\" content=\"Est. reading time\" \/>\n\t<meta name=\"twitter:data1\" content=\"1 minut\" \/>\n<script type=\"application\/ld+json\" class=\"yoast-schema-graph\">{\"@context\":\"https:\\\/\\\/schema.org\",\"@graph\":[{\"@type\":\"WebPage\",\"@id\":\"https:\\\/\\\/gate21.ee\\\/shop\\\/ribbon-guest-towel-36cm-koik\\\/\",\"url\":\"https:\\\/\\\/gate21.ee\\\/shop\\\/ribbon-guest-towel-36cm-koik\\\/\",\"name\":\"Wash towel 36cm - K\u00d5IK &#8226; Gate21\",\"isPartOf\":{\"@id\":\"https:\\\/\\\/gate21.ee\\\/#website\"},\"primaryImageOfPage\":{\"@id\":\"https:\\\/\\\/gate21.ee\\\/shop\\\/ribbon-guest-towel-36cm-koik\\\/#primaryimage\"},\"image\":{\"@id\":\"https:\\\/\\\/gate21.ee\\\/shop\\\/ribbon-guest-towel-36cm-koik\\\/#primaryimage\"},\"thumbnailUrl\":\"https:\\\/\\\/gate21.ee\\\/wp-content\\\/uploads\\\/2025\\\/03\\\/484083249_1331165438224717_2011462663255261024_n.jpg\",\"datePublished\":\"2025-03-13T11:54:00+00:00\",\"dateModified\":\"2026-04-30T10:10:00+00:00\",\"breadcrumb\":{\"@id\":\"https:\\\/\\\/gate21.ee\\\/shop\\\/ribbon-guest-towel-36cm-koik\\\/#breadcrumb\"},\"inLanguage\":\"et\",\"potentialAction\":[{\"@type\":\"ReadAction\",\"target\":[\"https:\\\/\\\/gate21.ee\\\/shop\\\/ribbon-guest-towel-36cm-koik\\\/\"]}]},{\"@type\":\"ImageObject\",\"inLanguage\":\"et\",\"@id\":\"https:\\\/\\\/gate21.ee\\\/shop\\\/ribbon-guest-towel-36cm-koik\\\/#primaryimage\",\"url\":\"https:\\\/\\\/gate21.ee\\\/wp-content\\\/uploads\\\/2025\\\/03\\\/484083249_1331165438224717_2011462663255261024_n.jpg\",\"contentUrl\":\"https:\\\/\\\/gate21.ee\\\/wp-content\\\/uploads\\\/2025\\\/03\\\/484083249_1331165438224717_2011462663255261024_n.jpg\",\"width\":1530,\"height\":2040,\"caption\":\"The Wash towel 36cm - K\u00d5IK features bright horizontal stripes in yellow, green, teal, purple, and pink with black cartoon cat faces along the bottom\u2014a fun Tallinn gift shop find for anyone seeking playful and unique souvenirs. Gate21.ee\"},{\"@type\":\"BreadcrumbList\",\"@id\":\"https:\\\/\\\/gate21.ee\\\/shop\\\/ribbon-guest-towel-36cm-koik\\\/#breadcrumb\",\"itemListElement\":[{\"@type\":\"ListItem\",\"position\":1,\"name\":\"Home\",\"item\":\"https:\\\/\\\/gate21.ee\\\/\"},{\"@type\":\"ListItem\",\"position\":2,\"name\":\"Wash towel 36cm &#8211; K\u00d5IK\"}]},{\"@type\":\"WebSite\",\"@id\":\"https:\\\/\\\/gate21.ee\\\/#website\",\"url\":\"https:\\\/\\\/gate21.ee\\\/\",\"name\":\"Gate21\",\"description\":\"Gift concept store Gate21\",\"publisher\":{\"@id\":\"https:\\\/\\\/gate21.ee\\\/#organization\"},\"alternateName\":\"gate21\",\"potentialAction\":[{\"@type\":\"SearchAction\",\"target\":{\"@type\":\"EntryPoint\",\"urlTemplate\":\"https:\\\/\\\/gate21.ee\\\/?s={search_term_string}\"},\"query-input\":{\"@type\":\"PropertyValueSpecification\",\"valueRequired\":true,\"valueName\":\"search_term_string\"}}],\"inLanguage\":\"et\"},{\"@type\":\"Organization\",\"@id\":\"https:\\\/\\\/gate21.ee\\\/#organization\",\"name\":\"Gate21\",\"alternateName\":\"Gate21, Oma Asi and Oma Asi Design Store\",\"url\":\"https:\\\/\\\/gate21.ee\\\/\",\"logo\":{\"@type\":\"ImageObject\",\"inLanguage\":\"et\",\"@id\":\"https:\\\/\\\/gate21.ee\\\/#\\\/schema\\\/logo\\\/image\\\/\",\"url\":\"https:\\\/\\\/gate21.ee\\\/wp-content\\\/uploads\\\/2021\\\/11\\\/Gate_21_Logo_2_Valge.png\",\"contentUrl\":\"https:\\\/\\\/gate21.ee\\\/wp-content\\\/uploads\\\/2021\\\/11\\\/Gate_21_Logo_2_Valge.png\",\"width\":2560,\"height\":2560,\"caption\":\"Gate21\"},\"image\":{\"@id\":\"https:\\\/\\\/gate21.ee\\\/#\\\/schema\\\/logo\\\/image\\\/\"},\"sameAs\":[\"https:\\\/\\\/www.facebook.com\\\/gate21.ee\\\/\",\"https:\\\/\\\/www.instagram.com\\\/gate21.ee\\\/\",\"https:\\\/\\\/www.instagram.com\\\/omaasidesign\\\/\",\"https:\\\/\\\/www.instagram.com\\\/omaasi\\\/\",\"https:\\\/\\\/www.facebook.com\\\/omaasidesign\\\/\",\"https:\\\/\\\/www.facebook.com\\\/omaasilittleredhouse\\\/\",\"https:\\\/\\\/www.tiktok.com\\\/@gate21.ee\"]}]}<\/script>\n<!-- \/ Yoast SEO plugin. -->","yoast_head_json":{"title":"Wash towel 36cm - K\u00d5IK &#8226; Gate21","robots":{"index":"index","follow":"follow","max-snippet":"max-snippet:-1","max-image-preview":"max-image-preview:large","max-video-preview":"max-video-preview:-1"},"canonical":"https:\/\/gate21.ee\/et\/shop\/ribbon-guest-towel-36cm-koik\/","og_locale":"et_EE","og_type":"article","og_title":"Wash towel 36cm - K\u00d5IK &#8226; Gate21","og_description":"&nbsp; Atsuko Matano is a multi-talented artist: designer, illustrator, novelist who\u00a0began her career in 1979 as a designer for the gift shop \u201cPandora\u2019s Box.\u201d She established, 6 years later, in 1985, La Merise where she developed her skills and also began a career of novelist. In 1986, she created Atsuko Matano while she continues to [&hellip;]","og_url":"https:\/\/gate21.ee\/et\/shop\/ribbon-guest-towel-36cm-koik\/","og_site_name":"Gate21","article_publisher":"https:\/\/www.facebook.com\/gate21.ee\/","article_modified_time":"2026-04-30T10:10:00+00:00","og_image":[{"width":1530,"height":2040,"url":"https:\/\/gate21.ee\/wp-content\/uploads\/2025\/03\/484083249_1331165438224717_2011462663255261024_n.jpg","type":"image\/jpeg"}],"twitter_card":"summary_large_image","twitter_misc":{"Est. reading time":"1 minut"},"schema":{"@context":"https:\/\/schema.org","@graph":[{"@type":"WebPage","@id":"https:\/\/gate21.ee\/shop\/ribbon-guest-towel-36cm-koik\/","url":"https:\/\/gate21.ee\/shop\/ribbon-guest-towel-36cm-koik\/","name":"Wash towel 36cm - K\u00d5IK &#8226; Gate21","isPartOf":{"@id":"https:\/\/gate21.ee\/#website"},"primaryImageOfPage":{"@id":"https:\/\/gate21.ee\/shop\/ribbon-guest-towel-36cm-koik\/#primaryimage"},"image":{"@id":"https:\/\/gate21.ee\/shop\/ribbon-guest-towel-36cm-koik\/#primaryimage"},"thumbnailUrl":"https:\/\/gate21.ee\/wp-content\/uploads\/2025\/03\/484083249_1331165438224717_2011462663255261024_n.jpg","datePublished":"2025-03-13T11:54:00+00:00","dateModified":"2026-04-30T10:10:00+00:00","breadcrumb":{"@id":"https:\/\/gate21.ee\/shop\/ribbon-guest-towel-36cm-koik\/#breadcrumb"},"inLanguage":"et","potentialAction":[{"@type":"ReadAction","target":["https:\/\/gate21.ee\/shop\/ribbon-guest-towel-36cm-koik\/"]}]},{"@type":"ImageObject","inLanguage":"et","@id":"https:\/\/gate21.ee\/shop\/ribbon-guest-towel-36cm-koik\/#primaryimage","url":"https:\/\/gate21.ee\/wp-content\/uploads\/2025\/03\/484083249_1331165438224717_2011462663255261024_n.jpg","contentUrl":"https:\/\/gate21.ee\/wp-content\/uploads\/2025\/03\/484083249_1331165438224717_2011462663255261024_n.jpg","width":1530,"height":2040,"caption":"The Wash towel 36cm - K\u00d5IK features bright horizontal stripes in yellow, green, teal, purple, and pink with black cartoon cat faces along the bottom\u2014a fun Tallinn gift shop find for anyone seeking playful and unique souvenirs. Gate21.ee"},{"@type":"BreadcrumbList","@id":"https:\/\/gate21.ee\/shop\/ribbon-guest-towel-36cm-koik\/#breadcrumb","itemListElement":[{"@type":"ListItem","position":1,"name":"Home","item":"https:\/\/gate21.ee\/"},{"@type":"ListItem","position":2,"name":"Wash towel 36cm &#8211; K\u00d5IK"}]},{"@type":"WebSite","@id":"https:\/\/gate21.ee\/#website","url":"https:\/\/gate21.ee\/","name":"Gate21","description":"Kingituskontseptsioonipood Gate21","publisher":{"@id":"https:\/\/gate21.ee\/#organization"},"alternateName":"gate21","potentialAction":[{"@type":"SearchAction","target":{"@type":"EntryPoint","urlTemplate":"https:\/\/gate21.ee\/?s={search_term_string}"},"query-input":{"@type":"PropertyValueSpecification","valueRequired":true,"valueName":"search_term_string"}}],"inLanguage":"et"},{"@type":"Organization","@id":"https:\/\/gate21.ee\/#organization","name":"Gate21","alternateName":"Gate21, Oma Asi and Oma Asi Design Store","url":"https:\/\/gate21.ee\/","logo":{"@type":"ImageObject","inLanguage":"et","@id":"https:\/\/gate21.ee\/#\/schema\/logo\/image\/","url":"https:\/\/gate21.ee\/wp-content\/uploads\/2021\/11\/Gate_21_Logo_2_Valge.png","contentUrl":"https:\/\/gate21.ee\/wp-content\/uploads\/2021\/11\/Gate_21_Logo_2_Valge.png","width":2560,"height":2560,"caption":"Gate21"},"image":{"@id":"https:\/\/gate21.ee\/#\/schema\/logo\/image\/"},"sameAs":["https:\/\/www.facebook.com\/gate21.ee\/","https:\/\/www.instagram.com\/gate21.ee\/","https:\/\/www.instagram.com\/omaasidesign\/","https:\/\/www.instagram.com\/omaasi\/","https:\/\/www.facebook.com\/omaasidesign\/","https:\/\/www.facebook.com\/omaasilittleredhouse\/","https:\/\/www.tiktok.com\/@gate21.ee"]}]}},"jetpack_sharing_enabled":true,"brands":[{"id":161,"name":"Atsuko Matano","slug":"atsukomatano"}],"_links":{"self":[{"href":"https:\/\/gate21.ee\/et\/wp-json\/wp\/v2\/product\/206370","targetHints":{"allow":["GET"]}}],"collection":[{"href":"https:\/\/gate21.ee\/et\/wp-json\/wp\/v2\/product"}],"about":[{"href":"https:\/\/gate21.ee\/et\/wp-json\/wp\/v2\/types\/product"}],"replies":[{"embeddable":true,"href":"https:\/\/gate21.ee\/et\/wp-json\/wp\/v2\/comments?post=206370"}],"version-history":[{"count":2,"href":"https:\/\/gate21.ee\/et\/wp-json\/wp\/v2\/product\/206370\/revisions"}],"predecessor-version":[{"id":237936,"href":"https:\/\/gate21.ee\/et\/wp-json\/wp\/v2\/product\/206370\/revisions\/237936"}],"wp:featuredmedia":[{"embeddable":true,"href":"https:\/\/gate21.ee\/et\/wp-json\/wp\/v2\/media\/206372"}],"wp:attachment":[{"href":"https:\/\/gate21.ee\/et\/wp-json\/wp\/v2\/media?parent=206370"}],"wp:term":[{"taxonomy":"pwb-brand","embeddable":true,"href":"https:\/\/gate21.ee\/et\/wp-json\/wp\/v2\/pwb-brand?post=206370"},{"taxonomy":"product_brand","embeddable":true,"href":"https:\/\/gate21.ee\/et\/wp-json\/wp\/v2\/product_brand?post=206370"},{"taxonomy":"product_cat","embeddable":true,"href":"https:\/\/gate21.ee\/et\/wp-json\/wp\/v2\/product_cat?post=206370"},{"taxonomy":"product_tag","embeddable":true,"href":"https:\/\/gate21.ee\/et\/wp-json\/wp\/v2\/product_tag?post=206370"}],"curies":[{"name":"wp","href":"https:\/\/api.w.org\/{rel}","templated":true}]}}