{"id":205146,"date":"2025-02-21T11:53:00","date_gmt":"2025-02-21T09:53:00","guid":{"rendered":"https:\/\/gate21.ee\/?post_type=product&#038;p=205146"},"modified":"2026-02-15T14:04:02","modified_gmt":"2026-02-15T12:04:02","slug":"radical-softness-fascent-30ml","status":"publish","type":"product","link":"https:\/\/gate21.ee\/et\/shop\/radical-softness-fascent-30ml\/","title":{"rendered":"Radikaalne pehmus - FASCENT 30ml"},"content":{"rendered":"<p>RADICAL SOFTNESS vabastab toore, lihase energia, mis tungib nii siiralt kui kaob. Nagu \u00f5rn embus kahe keha vahel, on pinge tuntav. Sinu veri pulseerib. See on pehme ja tugev tunne \u00fchtaegu. Te olete piiril ja keemia on kohe-kohe avanemas.<\/p>\n<p>Roosa pipar . Naha ja naha vaheline akord . Ambrox<\/p>\n<p>&nbsp;<\/p>\n<p><img decoding=\"async\" class=\"size-medium wp-image-205127 aligncenter\" src=\"https:\/\/gate21.ee\/wp-content\/uploads\/2025\/02\/2023-FASCENT-LOGO-CONTOUR.png-300x50.webp\" alt=\"\" width=\"300\" height=\"50\" srcset=\"https:\/\/gate21.ee\/wp-content\/uploads\/2025\/02\/2023-FASCENT-LOGO-CONTOUR.png-300x50.webp 300w, https:\/\/gate21.ee\/wp-content\/uploads\/2025\/02\/2023-FASCENT-LOGO-CONTOUR.png-1024x170.webp 1024w, https:\/\/gate21.ee\/wp-content\/uploads\/2025\/02\/2023-FASCENT-LOGO-CONTOUR.png-768x127.webp 768w, https:\/\/gate21.ee\/wp-content\/uploads\/2025\/02\/2023-FASCENT-LOGO-CONTOUR.png-18x3.webp 18w, https:\/\/gate21.ee\/wp-content\/uploads\/2025\/02\/2023-FASCENT-LOGO-CONTOUR.png-1320x219.webp 1320w, https:\/\/gate21.ee\/wp-content\/uploads\/2025\/02\/2023-FASCENT-LOGO-CONTOUR.png-600x100.webp 600w, https:\/\/gate21.ee\/wp-content\/uploads\/2025\/02\/2023-FASCENT-LOGO-CONTOUR.png.webp 1428w\" sizes=\"(max-width: 300px) 100vw, 300px\" \/><\/p>\n<p>&nbsp;<\/p>\n<p>FASCENTi abil julgete luua (elu)stiili, mis kohandub teie isiksuse ja liikuva elu eri tahkudega.<\/p>\n<p>FASCENT m\u00f5testab \u201cl\u00f5hnaelamuse\u201d \u00fcmber l\u00f5hnade kollektsiooniga, mida saab kanda eraldi v\u00f5i kombineerida, mis on loodud keskkonnas\u00f5braliku, laheda luksuse ja kaasava unisex-universumi \u00fcmber.<\/p>","protected":false},"excerpt":{"rendered":"<p>RADICAL SOFTNESS unlocks a raw, carnal energy, that imposes itself as sincerely as it disappears. Like a tender embrace between two bodies, the tension is palpable. Your blood pulses. It&#8217;s a soft and strong feeling at the same time. You&#8217;re on the edge, and the chemistry is about to unfold. Pink pepper . Skin to [&hellip;]<\/p>\n","protected":false},"featured_media":205147,"comment_status":"closed","ping_status":"closed","template":"","meta":{"site-sidebar-layout":"default","site-content-layout":"","ast-site-content-layout":"default","site-content-style":"default","site-sidebar-style":"default","ast-global-header-display":"","ast-banner-title-visibility":"","ast-main-header-display":"","ast-hfb-above-header-display":"","ast-hfb-below-header-display":"","ast-hfb-mobile-header-display":"","site-post-title":"","ast-breadcrumbs-content":"","ast-featured-img":"","footer-sml-layout":"","ast-disable-related-posts":"","theme-transparent-header-meta":"default","adv-header-id-meta":"","stick-header-meta":"default","header-above-stick-meta":"","header-main-stick-meta":"","header-below-stick-meta":"","astra-migrate-meta-layouts":"set","ast-page-background-enabled":"default","ast-page-background-meta":{"desktop":{"background-color":"","background-image":"","background-repeat":"repeat","background-position":"center center","background-size":"auto","background-attachment":"scroll","background-type":"","background-media":"","overlay-type":"","overlay-color":"","overlay-opacity":"","overlay-gradient":""},"tablet":{"background-color":"","background-image":"","background-repeat":"repeat","background-position":"center center","background-size":"auto","background-attachment":"scroll","background-type":"","background-media":"","overlay-type":"","overlay-color":"","overlay-opacity":"","overlay-gradient":""},"mobile":{"background-color":"","background-image":"","background-repeat":"repeat","background-position":"center center","background-size":"auto","background-attachment":"scroll","background-type":"","background-media":"","overlay-type":"","overlay-color":"","overlay-opacity":"","overlay-gradient":""}},"ast-content-background-meta":{"desktop":{"background-color":"var(--ast-global-color-5)","background-image":"","background-repeat":"repeat","background-position":"center center","background-size":"auto","background-attachment":"scroll","background-type":"","background-media":"","overlay-type":"","overlay-color":"","overlay-opacity":"","overlay-gradient":""},"tablet":{"background-color":"var(--ast-global-color-5)","background-image":"","background-repeat":"repeat","background-position":"center center","background-size":"auto","background-attachment":"scroll","background-type":"","background-media":"","overlay-type":"","overlay-color":"","overlay-opacity":"","overlay-gradient":""},"mobile":{"background-color":"var(--ast-global-color-5)","background-image":"","background-repeat":"repeat","background-position":"center center","background-size":"auto","background-attachment":"scroll","background-type":"","background-media":"","overlay-type":"","overlay-color":"","overlay-opacity":"","overlay-gradient":""}}},"pwb-brand":[613],"product_brand":[],"product_cat":[55,216,54],"product_tag":[],"class_list":{"0":"post-205146","1":"product","2":"type-product","3":"status-publish","4":"has-post-thumbnail","6":"pwb-brand-fascent","7":"product_cat-cosmetics","8":"product_cat-perfumes","9":"product_cat-sale","10":"desktop-align-center","11":"tablet-align-center","12":"mobile-align-center","13":"ast-product-gallery-layout-vertical","14":"ast-product-tabs-layout-horizontal","16":"first","17":"instock","18":"sale","19":"taxable","20":"shipping-taxable","21":"purchasable","22":"product-type-simple"},"yoast_head":"<!-- This site is optimized with the Yoast SEO plugin v27.4 - https:\/\/yoast.com\/product\/yoast-seo-wordpress\/ -->\n<title>Radical Softness - FASCENT 30ml &#8226; Gate21<\/title>\n<meta name=\"description\" content=\"RADICAL SOFTNESS unlocks a raw, carnal energy, that imposes itself as sincerely as it disappears. Like a tender embrace between two bodies.\" \/>\n<meta name=\"robots\" content=\"index, follow, max-snippet:-1, max-image-preview:large, max-video-preview:-1\" \/>\n<link rel=\"canonical\" href=\"https:\/\/gate21.ee\/et\/shop\/radical-softness-fascent-30ml\/\" \/>\n<meta property=\"og:locale\" content=\"et_EE\" \/>\n<meta property=\"og:type\" content=\"article\" \/>\n<meta property=\"og:title\" content=\"Radical Softness - FASCENT 30ml &#8226; Gate21\" \/>\n<meta property=\"og:description\" content=\"RADICAL SOFTNESS unlocks a raw, carnal energy, that imposes itself as sincerely as it disappears. Like a tender embrace between two bodies.\" \/>\n<meta property=\"og:url\" content=\"https:\/\/gate21.ee\/et\/shop\/radical-softness-fascent-30ml\/\" \/>\n<meta property=\"og:site_name\" content=\"Gate21\" \/>\n<meta property=\"article:publisher\" content=\"https:\/\/www.facebook.com\/gate21.ee\/\" \/>\n<meta property=\"article:modified_time\" content=\"2026-02-15T12:04:02+00:00\" \/>\n<meta property=\"og:image\" content=\"https:\/\/gate21.ee\/wp-content\/uploads\/2025\/02\/RADICAL_SOFTNESS_14949_1_-min.jpg.webp\" \/>\n\t<meta property=\"og:image:width\" content=\"832\" \/>\n\t<meta property=\"og:image:height\" content=\"1247\" \/>\n\t<meta property=\"og:image:type\" content=\"image\/webp\" \/>\n<meta name=\"twitter:card\" content=\"summary_large_image\" \/>\n<meta name=\"twitter:label1\" content=\"Est. reading time\" \/>\n\t<meta name=\"twitter:data1\" content=\"1 minut\" \/>\n<script type=\"application\/ld+json\" class=\"yoast-schema-graph\">{\"@context\":\"https:\\\/\\\/schema.org\",\"@graph\":[{\"@type\":\"WebPage\",\"@id\":\"https:\\\/\\\/gate21.ee\\\/shop\\\/radical-softness-fascent-30ml\\\/\",\"url\":\"https:\\\/\\\/gate21.ee\\\/shop\\\/radical-softness-fascent-30ml\\\/\",\"name\":\"Radical Softness - FASCENT 30ml &#8226; Gate21\",\"isPartOf\":{\"@id\":\"https:\\\/\\\/gate21.ee\\\/#website\"},\"primaryImageOfPage\":{\"@id\":\"https:\\\/\\\/gate21.ee\\\/shop\\\/radical-softness-fascent-30ml\\\/#primaryimage\"},\"image\":{\"@id\":\"https:\\\/\\\/gate21.ee\\\/shop\\\/radical-softness-fascent-30ml\\\/#primaryimage\"},\"thumbnailUrl\":\"https:\\\/\\\/gate21.ee\\\/wp-content\\\/uploads\\\/2025\\\/02\\\/RADICAL_SOFTNESS_14949_1_-min.jpg.webp\",\"datePublished\":\"2025-02-21T09:53:00+00:00\",\"dateModified\":\"2026-02-15T12:04:02+00:00\",\"description\":\"RADICAL SOFTNESS unlocks a raw, carnal energy, that imposes itself as sincerely as it disappears. Like a tender embrace between two bodies.\",\"breadcrumb\":{\"@id\":\"https:\\\/\\\/gate21.ee\\\/shop\\\/radical-softness-fascent-30ml\\\/#breadcrumb\"},\"inLanguage\":\"et\",\"potentialAction\":[{\"@type\":\"ReadAction\",\"target\":[\"https:\\\/\\\/gate21.ee\\\/shop\\\/radical-softness-fascent-30ml\\\/\"]}]},{\"@type\":\"ImageObject\",\"inLanguage\":\"et\",\"@id\":\"https:\\\/\\\/gate21.ee\\\/shop\\\/radical-softness-fascent-30ml\\\/#primaryimage\",\"url\":\"https:\\\/\\\/gate21.ee\\\/wp-content\\\/uploads\\\/2025\\\/02\\\/RADICAL_SOFTNESS_14949_1_-min.jpg.webp\",\"contentUrl\":\"https:\\\/\\\/gate21.ee\\\/wp-content\\\/uploads\\\/2025\\\/02\\\/RADICAL_SOFTNESS_14949_1_-min.jpg.webp\",\"width\":832,\"height\":1247,\"caption\":\"A 30ml bottle of Radical Softness \u2013 FASCENT with a rounded beige cap sits beside earphones, a mobile phone, and a metallic object, highlighting Estonian design against glass tiles. Gate21.ee\"},{\"@type\":\"BreadcrumbList\",\"@id\":\"https:\\\/\\\/gate21.ee\\\/shop\\\/radical-softness-fascent-30ml\\\/#breadcrumb\",\"itemListElement\":[{\"@type\":\"ListItem\",\"position\":1,\"name\":\"Home\",\"item\":\"https:\\\/\\\/gate21.ee\\\/\"},{\"@type\":\"ListItem\",\"position\":2,\"name\":\"Radical Softness &#8211; FASCENT 30ml\"}]},{\"@type\":\"WebSite\",\"@id\":\"https:\\\/\\\/gate21.ee\\\/#website\",\"url\":\"https:\\\/\\\/gate21.ee\\\/\",\"name\":\"Gate21\",\"description\":\"Gift concept store Gate21\",\"publisher\":{\"@id\":\"https:\\\/\\\/gate21.ee\\\/#organization\"},\"alternateName\":\"gate21\",\"potentialAction\":[{\"@type\":\"SearchAction\",\"target\":{\"@type\":\"EntryPoint\",\"urlTemplate\":\"https:\\\/\\\/gate21.ee\\\/?s={search_term_string}\"},\"query-input\":{\"@type\":\"PropertyValueSpecification\",\"valueRequired\":true,\"valueName\":\"search_term_string\"}}],\"inLanguage\":\"et\"},{\"@type\":\"Organization\",\"@id\":\"https:\\\/\\\/gate21.ee\\\/#organization\",\"name\":\"Gate21\",\"alternateName\":\"Gate21, Oma Asi and Oma Asi Design Store\",\"url\":\"https:\\\/\\\/gate21.ee\\\/\",\"logo\":{\"@type\":\"ImageObject\",\"inLanguage\":\"et\",\"@id\":\"https:\\\/\\\/gate21.ee\\\/#\\\/schema\\\/logo\\\/image\\\/\",\"url\":\"https:\\\/\\\/gate21.ee\\\/wp-content\\\/uploads\\\/2021\\\/11\\\/Gate_21_Logo_2_Valge.png\",\"contentUrl\":\"https:\\\/\\\/gate21.ee\\\/wp-content\\\/uploads\\\/2021\\\/11\\\/Gate_21_Logo_2_Valge.png\",\"width\":2560,\"height\":2560,\"caption\":\"Gate21\"},\"image\":{\"@id\":\"https:\\\/\\\/gate21.ee\\\/#\\\/schema\\\/logo\\\/image\\\/\"},\"sameAs\":[\"https:\\\/\\\/www.facebook.com\\\/gate21.ee\\\/\",\"https:\\\/\\\/www.instagram.com\\\/gate21.ee\\\/\",\"https:\\\/\\\/www.instagram.com\\\/omaasidesign\\\/\",\"https:\\\/\\\/www.instagram.com\\\/omaasi\\\/\",\"https:\\\/\\\/www.facebook.com\\\/omaasidesign\\\/\",\"https:\\\/\\\/www.facebook.com\\\/omaasilittleredhouse\\\/\",\"https:\\\/\\\/www.tiktok.com\\\/@gate21.ee\"]}]}<\/script>\n<!-- \/ Yoast SEO plugin. -->","yoast_head_json":{"title":"Radical Softness - FASCENT 30ml &#8226; Gate21","description":"RADICAL SOFTNESS unlocks a raw, carnal energy, that imposes itself as sincerely as it disappears. Like a tender embrace between two bodies.","robots":{"index":"index","follow":"follow","max-snippet":"max-snippet:-1","max-image-preview":"max-image-preview:large","max-video-preview":"max-video-preview:-1"},"canonical":"https:\/\/gate21.ee\/et\/shop\/radical-softness-fascent-30ml\/","og_locale":"et_EE","og_type":"article","og_title":"Radical Softness - FASCENT 30ml &#8226; Gate21","og_description":"RADICAL SOFTNESS unlocks a raw, carnal energy, that imposes itself as sincerely as it disappears. Like a tender embrace between two bodies.","og_url":"https:\/\/gate21.ee\/et\/shop\/radical-softness-fascent-30ml\/","og_site_name":"Gate21","article_publisher":"https:\/\/www.facebook.com\/gate21.ee\/","article_modified_time":"2026-02-15T12:04:02+00:00","og_image":[{"width":832,"height":1247,"url":"https:\/\/gate21.ee\/wp-content\/uploads\/2025\/02\/RADICAL_SOFTNESS_14949_1_-min.jpg.webp","type":"image\/webp"}],"twitter_card":"summary_large_image","twitter_misc":{"Est. reading time":"1 minut"},"schema":{"@context":"https:\/\/schema.org","@graph":[{"@type":"WebPage","@id":"https:\/\/gate21.ee\/shop\/radical-softness-fascent-30ml\/","url":"https:\/\/gate21.ee\/shop\/radical-softness-fascent-30ml\/","name":"Radical Softness - FASCENT 30ml &#8226; Gate21","isPartOf":{"@id":"https:\/\/gate21.ee\/#website"},"primaryImageOfPage":{"@id":"https:\/\/gate21.ee\/shop\/radical-softness-fascent-30ml\/#primaryimage"},"image":{"@id":"https:\/\/gate21.ee\/shop\/radical-softness-fascent-30ml\/#primaryimage"},"thumbnailUrl":"https:\/\/gate21.ee\/wp-content\/uploads\/2025\/02\/RADICAL_SOFTNESS_14949_1_-min.jpg.webp","datePublished":"2025-02-21T09:53:00+00:00","dateModified":"2026-02-15T12:04:02+00:00","description":"RADICAL SOFTNESS unlocks a raw, carnal energy, that imposes itself as sincerely as it disappears. Like a tender embrace between two bodies.","breadcrumb":{"@id":"https:\/\/gate21.ee\/shop\/radical-softness-fascent-30ml\/#breadcrumb"},"inLanguage":"et","potentialAction":[{"@type":"ReadAction","target":["https:\/\/gate21.ee\/shop\/radical-softness-fascent-30ml\/"]}]},{"@type":"ImageObject","inLanguage":"et","@id":"https:\/\/gate21.ee\/shop\/radical-softness-fascent-30ml\/#primaryimage","url":"https:\/\/gate21.ee\/wp-content\/uploads\/2025\/02\/RADICAL_SOFTNESS_14949_1_-min.jpg.webp","contentUrl":"https:\/\/gate21.ee\/wp-content\/uploads\/2025\/02\/RADICAL_SOFTNESS_14949_1_-min.jpg.webp","width":832,"height":1247,"caption":"A 30ml bottle of Radical Softness \u2013 FASCENT with a rounded beige cap sits beside earphones, a mobile phone, and a metallic object, highlighting Estonian design against glass tiles. Gate21.ee"},{"@type":"BreadcrumbList","@id":"https:\/\/gate21.ee\/shop\/radical-softness-fascent-30ml\/#breadcrumb","itemListElement":[{"@type":"ListItem","position":1,"name":"Home","item":"https:\/\/gate21.ee\/"},{"@type":"ListItem","position":2,"name":"Radical Softness &#8211; FASCENT 30ml"}]},{"@type":"WebSite","@id":"https:\/\/gate21.ee\/#website","url":"https:\/\/gate21.ee\/","name":"Gate21","description":"Kingituskontseptsioonipood Gate21","publisher":{"@id":"https:\/\/gate21.ee\/#organization"},"alternateName":"gate21","potentialAction":[{"@type":"SearchAction","target":{"@type":"EntryPoint","urlTemplate":"https:\/\/gate21.ee\/?s={search_term_string}"},"query-input":{"@type":"PropertyValueSpecification","valueRequired":true,"valueName":"search_term_string"}}],"inLanguage":"et"},{"@type":"Organization","@id":"https:\/\/gate21.ee\/#organization","name":"Gate21","alternateName":"Gate21, Oma Asi and Oma Asi Design Store","url":"https:\/\/gate21.ee\/","logo":{"@type":"ImageObject","inLanguage":"et","@id":"https:\/\/gate21.ee\/#\/schema\/logo\/image\/","url":"https:\/\/gate21.ee\/wp-content\/uploads\/2021\/11\/Gate_21_Logo_2_Valge.png","contentUrl":"https:\/\/gate21.ee\/wp-content\/uploads\/2021\/11\/Gate_21_Logo_2_Valge.png","width":2560,"height":2560,"caption":"Gate21"},"image":{"@id":"https:\/\/gate21.ee\/#\/schema\/logo\/image\/"},"sameAs":["https:\/\/www.facebook.com\/gate21.ee\/","https:\/\/www.instagram.com\/gate21.ee\/","https:\/\/www.instagram.com\/omaasidesign\/","https:\/\/www.instagram.com\/omaasi\/","https:\/\/www.facebook.com\/omaasidesign\/","https:\/\/www.facebook.com\/omaasilittleredhouse\/","https:\/\/www.tiktok.com\/@gate21.ee"]}]}},"jetpack_sharing_enabled":true,"brands":[{"id":613,"name":"Fascent","slug":"fascent"}],"_links":{"self":[{"href":"https:\/\/gate21.ee\/et\/wp-json\/wp\/v2\/product\/205146","targetHints":{"allow":["GET"]}}],"collection":[{"href":"https:\/\/gate21.ee\/et\/wp-json\/wp\/v2\/product"}],"about":[{"href":"https:\/\/gate21.ee\/et\/wp-json\/wp\/v2\/types\/product"}],"replies":[{"embeddable":true,"href":"https:\/\/gate21.ee\/et\/wp-json\/wp\/v2\/comments?post=205146"}],"version-history":[{"count":1,"href":"https:\/\/gate21.ee\/et\/wp-json\/wp\/v2\/product\/205146\/revisions"}],"predecessor-version":[{"id":236978,"href":"https:\/\/gate21.ee\/et\/wp-json\/wp\/v2\/product\/205146\/revisions\/236978"}],"wp:featuredmedia":[{"embeddable":true,"href":"https:\/\/gate21.ee\/et\/wp-json\/wp\/v2\/media\/205147"}],"wp:attachment":[{"href":"https:\/\/gate21.ee\/et\/wp-json\/wp\/v2\/media?parent=205146"}],"wp:term":[{"taxonomy":"pwb-brand","embeddable":true,"href":"https:\/\/gate21.ee\/et\/wp-json\/wp\/v2\/pwb-brand?post=205146"},{"taxonomy":"product_brand","embeddable":true,"href":"https:\/\/gate21.ee\/et\/wp-json\/wp\/v2\/product_brand?post=205146"},{"taxonomy":"product_cat","embeddable":true,"href":"https:\/\/gate21.ee\/et\/wp-json\/wp\/v2\/product_cat?post=205146"},{"taxonomy":"product_tag","embeddable":true,"href":"https:\/\/gate21.ee\/et\/wp-json\/wp\/v2\/product_tag?post=205146"}],"curies":[{"name":"wp","href":"https:\/\/api.w.org\/{rel}","templated":true}]}}