{"id":205023,"date":"2025-02-20T15:30:00","date_gmt":"2025-02-20T13:30:00","guid":{"rendered":"https:\/\/gate21.ee\/?post_type=product&#038;p=205023"},"modified":"2026-02-15T14:04:49","modified_gmt":"2026-02-15T12:04:49","slug":"abstract-horse-large-cushion","status":"publish","type":"product","link":"https:\/\/gate21.ee\/et\/shop\/abstract-horse-large-cushion\/","title":{"rendered":"Abstract Horse \u2013 Padi"},"content":{"rendered":"<p>Abstraktne hobuse padi on ainulaadne ese, mis \u00fchendab kunsti ja kaunistamise hobuse figuurist inspireeritud disainis. Abstraktsete v\u00e4rvide ja kujunditega on see ideaalne neile, kes otsivad originaalseid ja pilkup\u00fc\u00fcdvaid tooteid. Pehmetest materjalidest valmistatud padi tagab mugavuse, olles samas silmatorkav fookuspunktiks moodsates v\u00f5i noortele suunatud ruumides.<\/p>\n<p>&nbsp;<\/p>\n<p><img decoding=\"async\" class=\"alignnone size-medium wp-image-195259\" src=\"https:\/\/gate21.ee\/wp-content\/uploads\/2024\/11\/logo-300x63.png\" alt=\"\" width=\"300\" height=\"63\" srcset=\"https:\/\/gate21.ee\/wp-content\/uploads\/2024\/11\/logo-300x63.png 300w, https:\/\/gate21.ee\/wp-content\/uploads\/2024\/11\/logo-18x4.png 18w, https:\/\/gate21.ee\/wp-content\/uploads\/2024\/11\/logo.png 330w\" sizes=\"(max-width: 300px) 100vw, 300px\" \/><\/p>\n<p>&nbsp;<\/p>\n<p>Helio Ferretti Barcelonast on spetsialiseerunud kingitustele ja koduaksessuaaridele.<\/p>\n<p>Motivatsiooniks on teha praktilisi tooteid igap\u00e4evaeluks, mis on v\u00e4rvilised ja v\u00e4rske.<\/p>","protected":false},"excerpt":{"rendered":"<p>The abstract horse cushion is a unique piece that combines art and decoration in a design inspired by the equine figure. Featuring abstract colors and shapes, it\u2019s ideal for those seeking original and eye-catching products. Crafted with soft materials, it ensures comfort while serving as a striking focal point for modern or youth-oriented spaces. &nbsp; [&hellip;]<\/p>\n","protected":false},"featured_media":205024,"comment_status":"closed","ping_status":"closed","template":"","meta":{"site-sidebar-layout":"default","site-content-layout":"","ast-site-content-layout":"default","site-content-style":"default","site-sidebar-style":"default","ast-global-header-display":"","ast-banner-title-visibility":"","ast-main-header-display":"","ast-hfb-above-header-display":"","ast-hfb-below-header-display":"","ast-hfb-mobile-header-display":"","site-post-title":"","ast-breadcrumbs-content":"","ast-featured-img":"","footer-sml-layout":"","ast-disable-related-posts":"","theme-transparent-header-meta":"default","adv-header-id-meta":"","stick-header-meta":"default","header-above-stick-meta":"","header-main-stick-meta":"","header-below-stick-meta":"","astra-migrate-meta-layouts":"set","ast-page-background-enabled":"default","ast-page-background-meta":{"desktop":{"background-color":"","background-image":"","background-repeat":"repeat","background-position":"center center","background-size":"auto","background-attachment":"scroll","background-type":"","background-media":"","overlay-type":"","overlay-color":"","overlay-opacity":"","overlay-gradient":""},"tablet":{"background-color":"","background-image":"","background-repeat":"repeat","background-position":"center center","background-size":"auto","background-attachment":"scroll","background-type":"","background-media":"","overlay-type":"","overlay-color":"","overlay-opacity":"","overlay-gradient":""},"mobile":{"background-color":"","background-image":"","background-repeat":"repeat","background-position":"center center","background-size":"auto","background-attachment":"scroll","background-type":"","background-media":"","overlay-type":"","overlay-color":"","overlay-opacity":"","overlay-gradient":""}},"ast-content-background-meta":{"desktop":{"background-color":"var(--ast-global-color-5)","background-image":"","background-repeat":"repeat","background-position":"center center","background-size":"auto","background-attachment":"scroll","background-type":"","background-media":"","overlay-type":"","overlay-color":"","overlay-opacity":"","overlay-gradient":""},"tablet":{"background-color":"var(--ast-global-color-5)","background-image":"","background-repeat":"repeat","background-position":"center center","background-size":"auto","background-attachment":"scroll","background-type":"","background-media":"","overlay-type":"","overlay-color":"","overlay-opacity":"","overlay-gradient":""},"mobile":{"background-color":"var(--ast-global-color-5)","background-image":"","background-repeat":"repeat","background-position":"center center","background-size":"auto","background-attachment":"scroll","background-type":"","background-media":"","overlay-type":"","overlay-color":"","overlay-opacity":"","overlay-gradient":""}}},"pwb-brand":[603],"product_brand":[],"product_cat":[218,303],"product_tag":[],"class_list":{"0":"post-205023","1":"product","2":"type-product","3":"status-publish","4":"has-post-thumbnail","6":"pwb-brand-helioferretti","7":"product_cat-home","8":"product_cat-others","9":"desktop-align-center","10":"tablet-align-center","11":"mobile-align-center","12":"ast-product-gallery-layout-vertical","13":"ast-product-tabs-layout-horizontal","15":"first","16":"instock","17":"featured","18":"taxable","19":"shipping-taxable","20":"purchasable","21":"product-type-simple"},"yoast_head":"<!-- This site is optimized with the Yoast SEO plugin v27.4 - https:\/\/yoast.com\/product\/yoast-seo-wordpress\/ -->\n<title>Abstract Horse - Large Cushion &#8226; Gate21<\/title>\n<meta name=\"description\" content=\"The abstract horse cushion is a unique piece that combines art and decoration in a design inspired by the equine figure!\" \/>\n<meta name=\"robots\" content=\"index, follow, max-snippet:-1, max-image-preview:large, max-video-preview:-1\" \/>\n<link rel=\"canonical\" href=\"https:\/\/gate21.ee\/et\/shop\/abstract-horse-large-cushion\/\" \/>\n<meta property=\"og:locale\" content=\"et_EE\" \/>\n<meta property=\"og:type\" content=\"article\" \/>\n<meta property=\"og:title\" content=\"Abstract Horse - Large Cushion &#8226; Gate21\" \/>\n<meta property=\"og:description\" content=\"The abstract horse cushion is a unique piece that combines art and decoration in a design inspired by the equine figure!\" \/>\n<meta property=\"og:url\" content=\"https:\/\/gate21.ee\/et\/shop\/abstract-horse-large-cushion\/\" \/>\n<meta property=\"og:site_name\" content=\"Gate21\" \/>\n<meta property=\"article:publisher\" content=\"https:\/\/www.facebook.com\/gate21.ee\/\" \/>\n<meta property=\"article:modified_time\" content=\"2026-02-15T12:04:49+00:00\" \/>\n<meta property=\"og:image\" content=\"https:\/\/gate21.ee\/wp-content\/uploads\/2026\/01\/122753-l.png\" \/>\n\t<meta property=\"og:image:width\" content=\"2000\" \/>\n\t<meta property=\"og:image:height\" content=\"2000\" \/>\n\t<meta property=\"og:image:type\" content=\"image\/jpeg\" \/>\n<meta name=\"twitter:card\" content=\"summary_large_image\" \/>\n<meta name=\"twitter:label1\" content=\"Est. reading time\" \/>\n\t<meta name=\"twitter:data1\" content=\"1 minut\" \/>\n<script type=\"application\/ld+json\" class=\"yoast-schema-graph\">{\"@context\":\"https:\\\/\\\/schema.org\",\"@graph\":[{\"@type\":\"WebPage\",\"@id\":\"https:\\\/\\\/gate21.ee\\\/shop\\\/abstract-horse-large-cushion\\\/\",\"url\":\"https:\\\/\\\/gate21.ee\\\/shop\\\/abstract-horse-large-cushion\\\/\",\"name\":\"Abstract Horse - Large Cushion &#8226; Gate21\",\"isPartOf\":{\"@id\":\"https:\\\/\\\/gate21.ee\\\/#website\"},\"primaryImageOfPage\":{\"@id\":\"https:\\\/\\\/gate21.ee\\\/shop\\\/abstract-horse-large-cushion\\\/#primaryimage\"},\"image\":{\"@id\":\"https:\\\/\\\/gate21.ee\\\/shop\\\/abstract-horse-large-cushion\\\/#primaryimage\"},\"thumbnailUrl\":\"https:\\\/\\\/gate21.ee\\\/wp-content\\\/uploads\\\/2026\\\/01\\\/122753-l.png\",\"datePublished\":\"2025-02-20T13:30:00+00:00\",\"dateModified\":\"2026-02-15T12:04:49+00:00\",\"description\":\"The abstract horse cushion is a unique piece that combines art and decoration in a design inspired by the equine figure!\",\"breadcrumb\":{\"@id\":\"https:\\\/\\\/gate21.ee\\\/shop\\\/abstract-horse-large-cushion\\\/#breadcrumb\"},\"inLanguage\":\"et\",\"potentialAction\":[{\"@type\":\"ReadAction\",\"target\":[\"https:\\\/\\\/gate21.ee\\\/shop\\\/abstract-horse-large-cushion\\\/\"]}]},{\"@type\":\"ImageObject\",\"inLanguage\":\"et\",\"@id\":\"https:\\\/\\\/gate21.ee\\\/shop\\\/abstract-horse-large-cushion\\\/#primaryimage\",\"url\":\"https:\\\/\\\/gate21.ee\\\/wp-content\\\/uploads\\\/2026\\\/01\\\/122753-l.png\",\"contentUrl\":\"https:\\\/\\\/gate21.ee\\\/wp-content\\\/uploads\\\/2026\\\/01\\\/122753-l.png\",\"width\":2000,\"height\":2000,\"caption\":\"The Abstract Horse - Large Cushion features a white body with red, blue, black, and yellow patches inspired by Estonian design\u2014an eye-catching plush toy ideal for Tallinn shoppers or anyone seeking a unique present. Shown on a plain white background. Gate21.ee\"},{\"@type\":\"BreadcrumbList\",\"@id\":\"https:\\\/\\\/gate21.ee\\\/shop\\\/abstract-horse-large-cushion\\\/#breadcrumb\",\"itemListElement\":[{\"@type\":\"ListItem\",\"position\":1,\"name\":\"Home\",\"item\":\"https:\\\/\\\/gate21.ee\\\/\"},{\"@type\":\"ListItem\",\"position\":2,\"name\":\"Abstract Horse &#8211; Large Cushion\"}]},{\"@type\":\"WebSite\",\"@id\":\"https:\\\/\\\/gate21.ee\\\/#website\",\"url\":\"https:\\\/\\\/gate21.ee\\\/\",\"name\":\"Gate21\",\"description\":\"Gift concept store Gate21\",\"publisher\":{\"@id\":\"https:\\\/\\\/gate21.ee\\\/#organization\"},\"alternateName\":\"gate21\",\"potentialAction\":[{\"@type\":\"SearchAction\",\"target\":{\"@type\":\"EntryPoint\",\"urlTemplate\":\"https:\\\/\\\/gate21.ee\\\/?s={search_term_string}\"},\"query-input\":{\"@type\":\"PropertyValueSpecification\",\"valueRequired\":true,\"valueName\":\"search_term_string\"}}],\"inLanguage\":\"et\"},{\"@type\":\"Organization\",\"@id\":\"https:\\\/\\\/gate21.ee\\\/#organization\",\"name\":\"Gate21\",\"alternateName\":\"Gate21, Oma Asi and Oma Asi Design Store\",\"url\":\"https:\\\/\\\/gate21.ee\\\/\",\"logo\":{\"@type\":\"ImageObject\",\"inLanguage\":\"et\",\"@id\":\"https:\\\/\\\/gate21.ee\\\/#\\\/schema\\\/logo\\\/image\\\/\",\"url\":\"https:\\\/\\\/gate21.ee\\\/wp-content\\\/uploads\\\/2021\\\/11\\\/Gate_21_Logo_2_Valge.png\",\"contentUrl\":\"https:\\\/\\\/gate21.ee\\\/wp-content\\\/uploads\\\/2021\\\/11\\\/Gate_21_Logo_2_Valge.png\",\"width\":2560,\"height\":2560,\"caption\":\"Gate21\"},\"image\":{\"@id\":\"https:\\\/\\\/gate21.ee\\\/#\\\/schema\\\/logo\\\/image\\\/\"},\"sameAs\":[\"https:\\\/\\\/www.facebook.com\\\/gate21.ee\\\/\",\"https:\\\/\\\/www.instagram.com\\\/gate21.ee\\\/\",\"https:\\\/\\\/www.instagram.com\\\/omaasidesign\\\/\",\"https:\\\/\\\/www.instagram.com\\\/omaasi\\\/\",\"https:\\\/\\\/www.facebook.com\\\/omaasidesign\\\/\",\"https:\\\/\\\/www.facebook.com\\\/omaasilittleredhouse\\\/\",\"https:\\\/\\\/www.tiktok.com\\\/@gate21.ee\"]}]}<\/script>\n<!-- \/ Yoast SEO plugin. -->","yoast_head_json":{"title":"Abstract Horse - Large Cushion &#8226; Gate21","description":"The abstract horse cushion is a unique piece that combines art and decoration in a design inspired by the equine figure!","robots":{"index":"index","follow":"follow","max-snippet":"max-snippet:-1","max-image-preview":"max-image-preview:large","max-video-preview":"max-video-preview:-1"},"canonical":"https:\/\/gate21.ee\/et\/shop\/abstract-horse-large-cushion\/","og_locale":"et_EE","og_type":"article","og_title":"Abstract Horse - Large Cushion &#8226; Gate21","og_description":"The abstract horse cushion is a unique piece that combines art and decoration in a design inspired by the equine figure!","og_url":"https:\/\/gate21.ee\/et\/shop\/abstract-horse-large-cushion\/","og_site_name":"Gate21","article_publisher":"https:\/\/www.facebook.com\/gate21.ee\/","article_modified_time":"2026-02-15T12:04:49+00:00","og_image":[{"width":2000,"height":2000,"url":"https:\/\/gate21.ee\/wp-content\/uploads\/2026\/01\/122753-l.png","type":"image\/jpeg"}],"twitter_card":"summary_large_image","twitter_misc":{"Est. reading time":"1 minut"},"schema":{"@context":"https:\/\/schema.org","@graph":[{"@type":"WebPage","@id":"https:\/\/gate21.ee\/shop\/abstract-horse-large-cushion\/","url":"https:\/\/gate21.ee\/shop\/abstract-horse-large-cushion\/","name":"Abstract Horse - Large Cushion &#8226; Gate21","isPartOf":{"@id":"https:\/\/gate21.ee\/#website"},"primaryImageOfPage":{"@id":"https:\/\/gate21.ee\/shop\/abstract-horse-large-cushion\/#primaryimage"},"image":{"@id":"https:\/\/gate21.ee\/shop\/abstract-horse-large-cushion\/#primaryimage"},"thumbnailUrl":"https:\/\/gate21.ee\/wp-content\/uploads\/2026\/01\/122753-l.png","datePublished":"2025-02-20T13:30:00+00:00","dateModified":"2026-02-15T12:04:49+00:00","description":"The abstract horse cushion is a unique piece that combines art and decoration in a design inspired by the equine figure!","breadcrumb":{"@id":"https:\/\/gate21.ee\/shop\/abstract-horse-large-cushion\/#breadcrumb"},"inLanguage":"et","potentialAction":[{"@type":"ReadAction","target":["https:\/\/gate21.ee\/shop\/abstract-horse-large-cushion\/"]}]},{"@type":"ImageObject","inLanguage":"et","@id":"https:\/\/gate21.ee\/shop\/abstract-horse-large-cushion\/#primaryimage","url":"https:\/\/gate21.ee\/wp-content\/uploads\/2026\/01\/122753-l.png","contentUrl":"https:\/\/gate21.ee\/wp-content\/uploads\/2026\/01\/122753-l.png","width":2000,"height":2000,"caption":"The Abstract Horse - Large Cushion features a white body with red, blue, black, and yellow patches inspired by Estonian design\u2014an eye-catching plush toy ideal for Tallinn shoppers or anyone seeking a unique present. Shown on a plain white background. Gate21.ee"},{"@type":"BreadcrumbList","@id":"https:\/\/gate21.ee\/shop\/abstract-horse-large-cushion\/#breadcrumb","itemListElement":[{"@type":"ListItem","position":1,"name":"Home","item":"https:\/\/gate21.ee\/"},{"@type":"ListItem","position":2,"name":"Abstract Horse &#8211; Large Cushion"}]},{"@type":"WebSite","@id":"https:\/\/gate21.ee\/#website","url":"https:\/\/gate21.ee\/","name":"Gate21","description":"Kingituskontseptsioonipood Gate21","publisher":{"@id":"https:\/\/gate21.ee\/#organization"},"alternateName":"gate21","potentialAction":[{"@type":"SearchAction","target":{"@type":"EntryPoint","urlTemplate":"https:\/\/gate21.ee\/?s={search_term_string}"},"query-input":{"@type":"PropertyValueSpecification","valueRequired":true,"valueName":"search_term_string"}}],"inLanguage":"et"},{"@type":"Organization","@id":"https:\/\/gate21.ee\/#organization","name":"Gate21","alternateName":"Gate21, Oma Asi and Oma Asi Design Store","url":"https:\/\/gate21.ee\/","logo":{"@type":"ImageObject","inLanguage":"et","@id":"https:\/\/gate21.ee\/#\/schema\/logo\/image\/","url":"https:\/\/gate21.ee\/wp-content\/uploads\/2021\/11\/Gate_21_Logo_2_Valge.png","contentUrl":"https:\/\/gate21.ee\/wp-content\/uploads\/2021\/11\/Gate_21_Logo_2_Valge.png","width":2560,"height":2560,"caption":"Gate21"},"image":{"@id":"https:\/\/gate21.ee\/#\/schema\/logo\/image\/"},"sameAs":["https:\/\/www.facebook.com\/gate21.ee\/","https:\/\/www.instagram.com\/gate21.ee\/","https:\/\/www.instagram.com\/omaasidesign\/","https:\/\/www.instagram.com\/omaasi\/","https:\/\/www.facebook.com\/omaasidesign\/","https:\/\/www.facebook.com\/omaasilittleredhouse\/","https:\/\/www.tiktok.com\/@gate21.ee"]}]}},"jetpack_sharing_enabled":true,"brands":[{"id":603,"name":"Helio Ferretti","slug":"helioferretti"}],"_links":{"self":[{"href":"https:\/\/gate21.ee\/et\/wp-json\/wp\/v2\/product\/205023","targetHints":{"allow":["GET"]}}],"collection":[{"href":"https:\/\/gate21.ee\/et\/wp-json\/wp\/v2\/product"}],"about":[{"href":"https:\/\/gate21.ee\/et\/wp-json\/wp\/v2\/types\/product"}],"replies":[{"embeddable":true,"href":"https:\/\/gate21.ee\/et\/wp-json\/wp\/v2\/comments?post=205023"}],"version-history":[{"count":1,"href":"https:\/\/gate21.ee\/et\/wp-json\/wp\/v2\/product\/205023\/revisions"}],"predecessor-version":[{"id":235078,"href":"https:\/\/gate21.ee\/et\/wp-json\/wp\/v2\/product\/205023\/revisions\/235078"}],"wp:featuredmedia":[{"embeddable":true,"href":"https:\/\/gate21.ee\/et\/wp-json\/wp\/v2\/media\/205024"}],"wp:attachment":[{"href":"https:\/\/gate21.ee\/et\/wp-json\/wp\/v2\/media?parent=205023"}],"wp:term":[{"taxonomy":"pwb-brand","embeddable":true,"href":"https:\/\/gate21.ee\/et\/wp-json\/wp\/v2\/pwb-brand?post=205023"},{"taxonomy":"product_brand","embeddable":true,"href":"https:\/\/gate21.ee\/et\/wp-json\/wp\/v2\/product_brand?post=205023"},{"taxonomy":"product_cat","embeddable":true,"href":"https:\/\/gate21.ee\/et\/wp-json\/wp\/v2\/product_cat?post=205023"},{"taxonomy":"product_tag","embeddable":true,"href":"https:\/\/gate21.ee\/et\/wp-json\/wp\/v2\/product_tag?post=205023"}],"curies":[{"name":"wp","href":"https:\/\/api.w.org\/{rel}","templated":true}]}}