{"id":204932,"date":"2025-02-19T13:51:00","date_gmt":"2025-02-19T11:51:00","guid":{"rendered":"https:\/\/gate21.ee\/?post_type=product&#038;p=204932"},"modified":"2026-03-02T16:57:38","modified_gmt":"2026-03-02T14:57:38","slug":"omnibus-30ml-diffuser-sunday","status":"publish","type":"product","link":"https:\/\/gate21.ee\/et\/shop\/omnibus-30ml-diffuser-sunday\/","title":{"rendered":"OMNIBUS 30ml hajutid - K\u00d5IK"},"content":{"rendered":"<p>Omnibus Fragrance on kompaktne hajuti, mis sobib oma tagasihoidliku disainiga igasse koju.<\/p>\n<p>K\u00f5ik seitse varianti on varustatud pillirooga ja puidust pealisega, mis hoiab k\u00f5ike paigal, nii et saad n\u00e4dalate kaupa aroome.<\/p>\n<p><img fetchpriority=\"high\" decoding=\"async\" class=\"size-medium wp-image-204912 aligncenter\" src=\"https:\/\/gate21.ee\/wp-content\/uploads\/2025\/02\/675f596b453034d82a2d8c8e4fcc58b26ce806b3-300x300.jpg\" alt=\"\" width=\"300\" height=\"300\" srcset=\"https:\/\/gate21.ee\/wp-content\/uploads\/2025\/02\/675f596b453034d82a2d8c8e4fcc58b26ce806b3-300x300.jpg 300w, https:\/\/gate21.ee\/wp-content\/uploads\/2025\/02\/675f596b453034d82a2d8c8e4fcc58b26ce806b3-150x150.jpg 150w, https:\/\/gate21.ee\/wp-content\/uploads\/2025\/02\/675f596b453034d82a2d8c8e4fcc58b26ce806b3-12x12.jpg 12w, https:\/\/gate21.ee\/wp-content\/uploads\/2025\/02\/675f596b453034d82a2d8c8e4fcc58b26ce806b3-600x600.jpg 600w, https:\/\/gate21.ee\/wp-content\/uploads\/2025\/02\/675f596b453034d82a2d8c8e4fcc58b26ce806b3-100x100.jpg 100w, https:\/\/gate21.ee\/wp-content\/uploads\/2025\/02\/675f596b453034d82a2d8c8e4fcc58b26ce806b3-50x50.jpg 50w, https:\/\/gate21.ee\/wp-content\/uploads\/2025\/02\/675f596b453034d82a2d8c8e4fcc58b26ce806b3.jpg 640w\" sizes=\"(max-width: 300px) 100vw, 300px\" \/><\/p>\n<p>Omnibus hajutid on valmistatud PUEBCO poolt, mis s\u00fcndis Jaapanis 2007. aastal lihtsast m\u00f5ttest luua asju instinktiivselt, kasutades leitud ja taaskasutatud materjale, et kureerida uuendatud elustiili esemeid. PUEBCO usub, et nii nagu inimesed on nende elatud kogemuste summa, peaksid ka esemed, millega me oma kodu jagame, kandma sama ajalootunnet ja kaalu. Kasutades \u00fcmbert\u00f6\u00f6deldud materjale ja k\u00e4sitsi valmistatud protsesse, annab PUEBCO nendele esemetele paljude elude tunnetuse ja ajalootunde, mis muudab iga eseme ainulaadseks. PUEBCO toodete puhul ei ole puudusi. Need ebat\u00e4iused on detailid, mis on m\u00f5eldud selleks, et need oleksid olemas.<\/p>","protected":false},"excerpt":{"rendered":"<p>A scent for\u00a0each day\u00a0of the week, the Omnibus Fragrance is a compact diffuser that can fit\u00a0into any home with its understated design. Coming with reeds and a wooden top to hold everything in place, go with all seven variations for a weeks worth of aromas. Omnibus diffusers are made by PUEBCO, which was born in [&hellip;]<\/p>\n","protected":false},"featured_media":204933,"comment_status":"closed","ping_status":"closed","template":"","meta":{"site-sidebar-layout":"default","site-content-layout":"","ast-site-content-layout":"default","site-content-style":"default","site-sidebar-style":"default","ast-global-header-display":"","ast-banner-title-visibility":"","ast-main-header-display":"","ast-hfb-above-header-display":"","ast-hfb-below-header-display":"","ast-hfb-mobile-header-display":"","site-post-title":"","ast-breadcrumbs-content":"","ast-featured-img":"","footer-sml-layout":"","ast-disable-related-posts":"","theme-transparent-header-meta":"default","adv-header-id-meta":"","stick-header-meta":"default","header-above-stick-meta":"","header-main-stick-meta":"","header-below-stick-meta":"","astra-migrate-meta-layouts":"set","ast-page-background-enabled":"default","ast-page-background-meta":{"desktop":{"background-color":"","background-image":"","background-repeat":"repeat","background-position":"center center","background-size":"auto","background-attachment":"scroll","background-type":"","background-media":"","overlay-type":"","overlay-color":"","overlay-opacity":"","overlay-gradient":""},"tablet":{"background-color":"","background-image":"","background-repeat":"repeat","background-position":"center center","background-size":"auto","background-attachment":"scroll","background-type":"","background-media":"","overlay-type":"","overlay-color":"","overlay-opacity":"","overlay-gradient":""},"mobile":{"background-color":"","background-image":"","background-repeat":"repeat","background-position":"center center","background-size":"auto","background-attachment":"scroll","background-type":"","background-media":"","overlay-type":"","overlay-color":"","overlay-opacity":"","overlay-gradient":""}},"ast-content-background-meta":{"desktop":{"background-color":"var(--ast-global-color-5)","background-image":"","background-repeat":"repeat","background-position":"center center","background-size":"auto","background-attachment":"scroll","background-type":"","background-media":"","overlay-type":"","overlay-color":"","overlay-opacity":"","overlay-gradient":""},"tablet":{"background-color":"var(--ast-global-color-5)","background-image":"","background-repeat":"repeat","background-position":"center center","background-size":"auto","background-attachment":"scroll","background-type":"","background-media":"","overlay-type":"","overlay-color":"","overlay-opacity":"","overlay-gradient":""},"mobile":{"background-color":"var(--ast-global-color-5)","background-image":"","background-repeat":"repeat","background-position":"center center","background-size":"auto","background-attachment":"scroll","background-type":"","background-media":"","overlay-type":"","overlay-color":"","overlay-opacity":"","overlay-gradient":""}}},"pwb-brand":[612],"product_brand":[],"product_cat":[224,218],"product_tag":[],"class_list":{"0":"post-204932","1":"product","2":"type-product","3":"status-publish","4":"has-post-thumbnail","6":"pwb-brand-novitahome","7":"product_cat-candles","8":"product_cat-home","9":"desktop-align-center","10":"tablet-align-center","11":"mobile-align-center","12":"ast-product-gallery-layout-vertical","13":"ast-product-gallery-with-no-image","14":"ast-product-tabs-layout-horizontal","16":"first","17":"instock","18":"sale","19":"taxable","20":"shipping-taxable","21":"purchasable","22":"product-type-simple"},"yoast_head":"<!-- This site is optimized with the Yoast SEO plugin v27.3 - https:\/\/yoast.com\/product\/yoast-seo-wordpress\/ -->\n<title>OMNIBUS 30ml diffusers - K\u00d5IK &#8226; Gate21<\/title>\n<meta name=\"robots\" content=\"index, follow, max-snippet:-1, max-image-preview:large, max-video-preview:-1\" \/>\n<link rel=\"canonical\" href=\"https:\/\/gate21.ee\/et\/shop\/omnibus-30ml-diffuser-sunday\/\" \/>\n<meta property=\"og:locale\" content=\"et_EE\" \/>\n<meta property=\"og:type\" content=\"article\" \/>\n<meta property=\"og:title\" content=\"OMNIBUS 30ml diffusers - K\u00d5IK &#8226; Gate21\" \/>\n<meta property=\"og:description\" content=\"A scent for\u00a0each day\u00a0of the week, the Omnibus Fragrance is a compact diffuser that can fit\u00a0into any home with its understated design. Coming with reeds and a wooden top to hold everything in place, go with all seven variations for a weeks worth of aromas. Omnibus diffusers are made by PUEBCO, which was born in [&hellip;]\" \/>\n<meta property=\"og:url\" content=\"https:\/\/gate21.ee\/et\/shop\/omnibus-30ml-diffuser-sunday\/\" \/>\n<meta property=\"og:site_name\" content=\"Gate21\" \/>\n<meta property=\"article:publisher\" content=\"https:\/\/www.facebook.com\/gate21.ee\/\" \/>\n<meta property=\"article:modified_time\" content=\"2026-03-02T14:57:38+00:00\" \/>\n<meta property=\"og:image\" content=\"https:\/\/gate21.ee\/wp-content\/uploads\/2025\/02\/105406_sf_600x.webp\" \/>\n\t<meta property=\"og:image:width\" content=\"600\" \/>\n\t<meta property=\"og:image:height\" content=\"600\" \/>\n\t<meta property=\"og:image:type\" content=\"image\/webp\" \/>\n<meta name=\"twitter:card\" content=\"summary_large_image\" \/>\n<meta name=\"twitter:label1\" content=\"Est. reading time\" \/>\n\t<meta name=\"twitter:data1\" content=\"2 minutit\" \/>\n<script type=\"application\/ld+json\" class=\"yoast-schema-graph\">{\"@context\":\"https:\\\/\\\/schema.org\",\"@graph\":[{\"@type\":\"WebPage\",\"@id\":\"https:\\\/\\\/gate21.ee\\\/shop\\\/omnibus-30ml-diffuser-sunday\\\/\",\"url\":\"https:\\\/\\\/gate21.ee\\\/shop\\\/omnibus-30ml-diffuser-sunday\\\/\",\"name\":\"OMNIBUS 30ml diffusers - K\u00d5IK &#8226; Gate21\",\"isPartOf\":{\"@id\":\"https:\\\/\\\/gate21.ee\\\/#website\"},\"primaryImageOfPage\":{\"@id\":\"https:\\\/\\\/gate21.ee\\\/shop\\\/omnibus-30ml-diffuser-sunday\\\/#primaryimage\"},\"image\":{\"@id\":\"https:\\\/\\\/gate21.ee\\\/shop\\\/omnibus-30ml-diffuser-sunday\\\/#primaryimage\"},\"thumbnailUrl\":\"https:\\\/\\\/gate21.ee\\\/wp-content\\\/uploads\\\/2025\\\/02\\\/105406_sf_600x.webp\",\"datePublished\":\"2025-02-19T11:51:00+00:00\",\"dateModified\":\"2026-03-02T14:57:38+00:00\",\"breadcrumb\":{\"@id\":\"https:\\\/\\\/gate21.ee\\\/shop\\\/omnibus-30ml-diffuser-sunday\\\/#breadcrumb\"},\"inLanguage\":\"et\",\"potentialAction\":[{\"@type\":\"ReadAction\",\"target\":[\"https:\\\/\\\/gate21.ee\\\/shop\\\/omnibus-30ml-diffuser-sunday\\\/\"]}]},{\"@type\":\"ImageObject\",\"inLanguage\":\"et\",\"@id\":\"https:\\\/\\\/gate21.ee\\\/shop\\\/omnibus-30ml-diffuser-sunday\\\/#primaryimage\",\"url\":\"https:\\\/\\\/gate21.ee\\\/wp-content\\\/uploads\\\/2025\\\/02\\\/105406_sf_600x.webp\",\"contentUrl\":\"https:\\\/\\\/gate21.ee\\\/wp-content\\\/uploads\\\/2025\\\/02\\\/105406_sf_600x.webp\",\"width\":600,\"height\":600},{\"@type\":\"BreadcrumbList\",\"@id\":\"https:\\\/\\\/gate21.ee\\\/shop\\\/omnibus-30ml-diffuser-sunday\\\/#breadcrumb\",\"itemListElement\":[{\"@type\":\"ListItem\",\"position\":1,\"name\":\"Home\",\"item\":\"https:\\\/\\\/gate21.ee\\\/\"},{\"@type\":\"ListItem\",\"position\":2,\"name\":\"OMNIBUS 30ml diffusers &#8211; K\u00d5IK\"}]},{\"@type\":\"WebSite\",\"@id\":\"https:\\\/\\\/gate21.ee\\\/#website\",\"url\":\"https:\\\/\\\/gate21.ee\\\/\",\"name\":\"Gate21\",\"description\":\"Disainipood Gate21\",\"publisher\":{\"@id\":\"https:\\\/\\\/gate21.ee\\\/#organization\"},\"alternateName\":\"alldesign\",\"potentialAction\":[{\"@type\":\"SearchAction\",\"target\":{\"@type\":\"EntryPoint\",\"urlTemplate\":\"https:\\\/\\\/gate21.ee\\\/?s={search_term_string}\"},\"query-input\":{\"@type\":\"PropertyValueSpecification\",\"valueRequired\":true,\"valueName\":\"search_term_string\"}}],\"inLanguage\":\"et\"},{\"@type\":\"Organization\",\"@id\":\"https:\\\/\\\/gate21.ee\\\/#organization\",\"name\":\"Gate21\",\"alternateName\":\"Gate21, Oma Asi and Oma Asi Design Store\",\"url\":\"https:\\\/\\\/gate21.ee\\\/\",\"logo\":{\"@type\":\"ImageObject\",\"inLanguage\":\"et\",\"@id\":\"https:\\\/\\\/gate21.ee\\\/#\\\/schema\\\/logo\\\/image\\\/\",\"url\":\"https:\\\/\\\/gate21.ee\\\/wp-content\\\/uploads\\\/2021\\\/11\\\/Gate_21_Logo_2_Valge.png\",\"contentUrl\":\"https:\\\/\\\/gate21.ee\\\/wp-content\\\/uploads\\\/2021\\\/11\\\/Gate_21_Logo_2_Valge.png\",\"width\":2560,\"height\":2560,\"caption\":\"Gate21\"},\"image\":{\"@id\":\"https:\\\/\\\/gate21.ee\\\/#\\\/schema\\\/logo\\\/image\\\/\"},\"sameAs\":[\"https:\\\/\\\/www.facebook.com\\\/gate21.ee\\\/\",\"https:\\\/\\\/www.instagram.com\\\/gate21.ee\\\/\",\"https:\\\/\\\/www.instagram.com\\\/omaasidesign\\\/\",\"https:\\\/\\\/www.instagram.com\\\/omaasi\\\/\",\"https:\\\/\\\/www.facebook.com\\\/omaasidesign\\\/\",\"https:\\\/\\\/www.facebook.com\\\/omaasilittleredhouse\\\/\"]}]}<\/script>\n<!-- \/ Yoast SEO plugin. -->","yoast_head_json":{"title":"OMNIBUS 30ml diffusers - K\u00d5IK &#8226; Gate21","robots":{"index":"index","follow":"follow","max-snippet":"max-snippet:-1","max-image-preview":"max-image-preview:large","max-video-preview":"max-video-preview:-1"},"canonical":"https:\/\/gate21.ee\/et\/shop\/omnibus-30ml-diffuser-sunday\/","og_locale":"et_EE","og_type":"article","og_title":"OMNIBUS 30ml diffusers - K\u00d5IK &#8226; Gate21","og_description":"A scent for\u00a0each day\u00a0of the week, the Omnibus Fragrance is a compact diffuser that can fit\u00a0into any home with its understated design. Coming with reeds and a wooden top to hold everything in place, go with all seven variations for a weeks worth of aromas. Omnibus diffusers are made by PUEBCO, which was born in [&hellip;]","og_url":"https:\/\/gate21.ee\/et\/shop\/omnibus-30ml-diffuser-sunday\/","og_site_name":"Gate21","article_publisher":"https:\/\/www.facebook.com\/gate21.ee\/","article_modified_time":"2026-03-02T14:57:38+00:00","og_image":[{"width":600,"height":600,"url":"https:\/\/gate21.ee\/wp-content\/uploads\/2025\/02\/105406_sf_600x.webp","type":"image\/webp"}],"twitter_card":"summary_large_image","twitter_misc":{"Est. reading time":"2 minutit"},"schema":{"@context":"https:\/\/schema.org","@graph":[{"@type":"WebPage","@id":"https:\/\/gate21.ee\/shop\/omnibus-30ml-diffuser-sunday\/","url":"https:\/\/gate21.ee\/shop\/omnibus-30ml-diffuser-sunday\/","name":"OMNIBUS 30ml diffusers - K\u00d5IK &#8226; Gate21","isPartOf":{"@id":"https:\/\/gate21.ee\/#website"},"primaryImageOfPage":{"@id":"https:\/\/gate21.ee\/shop\/omnibus-30ml-diffuser-sunday\/#primaryimage"},"image":{"@id":"https:\/\/gate21.ee\/shop\/omnibus-30ml-diffuser-sunday\/#primaryimage"},"thumbnailUrl":"https:\/\/gate21.ee\/wp-content\/uploads\/2025\/02\/105406_sf_600x.webp","datePublished":"2025-02-19T11:51:00+00:00","dateModified":"2026-03-02T14:57:38+00:00","breadcrumb":{"@id":"https:\/\/gate21.ee\/shop\/omnibus-30ml-diffuser-sunday\/#breadcrumb"},"inLanguage":"et","potentialAction":[{"@type":"ReadAction","target":["https:\/\/gate21.ee\/shop\/omnibus-30ml-diffuser-sunday\/"]}]},{"@type":"ImageObject","inLanguage":"et","@id":"https:\/\/gate21.ee\/shop\/omnibus-30ml-diffuser-sunday\/#primaryimage","url":"https:\/\/gate21.ee\/wp-content\/uploads\/2025\/02\/105406_sf_600x.webp","contentUrl":"https:\/\/gate21.ee\/wp-content\/uploads\/2025\/02\/105406_sf_600x.webp","width":600,"height":600},{"@type":"BreadcrumbList","@id":"https:\/\/gate21.ee\/shop\/omnibus-30ml-diffuser-sunday\/#breadcrumb","itemListElement":[{"@type":"ListItem","position":1,"name":"Home","item":"https:\/\/gate21.ee\/"},{"@type":"ListItem","position":2,"name":"OMNIBUS 30ml diffusers &#8211; K\u00d5IK"}]},{"@type":"WebSite","@id":"https:\/\/gate21.ee\/#website","url":"https:\/\/gate21.ee\/","name":"Gate21","description":"Disainipood Gate21","publisher":{"@id":"https:\/\/gate21.ee\/#organization"},"alternateName":"alldesign","potentialAction":[{"@type":"SearchAction","target":{"@type":"EntryPoint","urlTemplate":"https:\/\/gate21.ee\/?s={search_term_string}"},"query-input":{"@type":"PropertyValueSpecification","valueRequired":true,"valueName":"search_term_string"}}],"inLanguage":"et"},{"@type":"Organization","@id":"https:\/\/gate21.ee\/#organization","name":"Gate21","alternateName":"Gate21, Oma Asi and Oma Asi Design Store","url":"https:\/\/gate21.ee\/","logo":{"@type":"ImageObject","inLanguage":"et","@id":"https:\/\/gate21.ee\/#\/schema\/logo\/image\/","url":"https:\/\/gate21.ee\/wp-content\/uploads\/2021\/11\/Gate_21_Logo_2_Valge.png","contentUrl":"https:\/\/gate21.ee\/wp-content\/uploads\/2021\/11\/Gate_21_Logo_2_Valge.png","width":2560,"height":2560,"caption":"Gate21"},"image":{"@id":"https:\/\/gate21.ee\/#\/schema\/logo\/image\/"},"sameAs":["https:\/\/www.facebook.com\/gate21.ee\/","https:\/\/www.instagram.com\/gate21.ee\/","https:\/\/www.instagram.com\/omaasidesign\/","https:\/\/www.instagram.com\/omaasi\/","https:\/\/www.facebook.com\/omaasidesign\/","https:\/\/www.facebook.com\/omaasilittleredhouse\/"]}]}},"jetpack_sharing_enabled":true,"brands":[{"id":612,"name":"Novita Kodu","slug":"novitahome"}],"_links":{"self":[{"href":"https:\/\/gate21.ee\/et\/wp-json\/wp\/v2\/product\/204932","targetHints":{"allow":["GET"]}}],"collection":[{"href":"https:\/\/gate21.ee\/et\/wp-json\/wp\/v2\/product"}],"about":[{"href":"https:\/\/gate21.ee\/et\/wp-json\/wp\/v2\/types\/product"}],"replies":[{"embeddable":true,"href":"https:\/\/gate21.ee\/et\/wp-json\/wp\/v2\/comments?post=204932"}],"version-history":[{"count":2,"href":"https:\/\/gate21.ee\/et\/wp-json\/wp\/v2\/product\/204932\/revisions"}],"predecessor-version":[{"id":232187,"href":"https:\/\/gate21.ee\/et\/wp-json\/wp\/v2\/product\/204932\/revisions\/232187"}],"wp:featuredmedia":[{"embeddable":true,"href":"https:\/\/gate21.ee\/et\/wp-json\/wp\/v2\/media\/204933"}],"wp:attachment":[{"href":"https:\/\/gate21.ee\/et\/wp-json\/wp\/v2\/media?parent=204932"}],"wp:term":[{"taxonomy":"pwb-brand","embeddable":true,"href":"https:\/\/gate21.ee\/et\/wp-json\/wp\/v2\/pwb-brand?post=204932"},{"taxonomy":"product_brand","embeddable":true,"href":"https:\/\/gate21.ee\/et\/wp-json\/wp\/v2\/product_brand?post=204932"},{"taxonomy":"product_cat","embeddable":true,"href":"https:\/\/gate21.ee\/et\/wp-json\/wp\/v2\/product_cat?post=204932"},{"taxonomy":"product_tag","embeddable":true,"href":"https:\/\/gate21.ee\/et\/wp-json\/wp\/v2\/product_tag?post=204932"}],"curies":[{"name":"wp","href":"https:\/\/api.w.org\/{rel}","templated":true}]}}