{"id":204813,"date":"2025-02-18T13:50:00","date_gmt":"2025-02-18T11:50:00","guid":{"rendered":"https:\/\/gate21.ee\/?post_type=product&#038;p=204813"},"modified":"2026-04-13T18:40:26","modified_gmt":"2026-04-13T15:40:26","slug":"mum-scratch-cards","status":"publish","type":"product","link":"https:\/\/gate21.ee\/et\/shop\/mum-scratch-cards\/","title":{"rendered":"Ema - Kraapekaardid"},"content":{"rendered":"<p>Meie 100 asja, mida teha koos emaga Scratch-kaartidel on 100 l\u00f5busat ja p\u00f5nevat \u00fchistegevust, alates kookide k\u00fcpsetamisest kuni albumi koostamiseni, mida saab nautida koos oma elu k\u00f5ige t\u00e4htsama naisega.<\/p>\n<p><img decoding=\"async\" class=\"size-medium wp-image-105621 aligncenter\" src=\"https:\/\/gate21.ee\/wp-content\/uploads\/2022\/06\/2-GIFT-REPUBLIC-GR-LOGO-2016-MAIN-OL-300x159.jpg\" alt=\"\" width=\"300\" height=\"159\" srcset=\"https:\/\/gate21.ee\/wp-content\/uploads\/2022\/06\/2-GIFT-REPUBLIC-GR-LOGO-2016-MAIN-OL-300x159.jpg 300w, https:\/\/gate21.ee\/wp-content\/uploads\/2022\/06\/2-GIFT-REPUBLIC-GR-LOGO-2016-MAIN-OL-1024x542.jpg 1024w, https:\/\/gate21.ee\/wp-content\/uploads\/2022\/06\/2-GIFT-REPUBLIC-GR-LOGO-2016-MAIN-OL-768x406.jpg 768w, https:\/\/gate21.ee\/wp-content\/uploads\/2022\/06\/2-GIFT-REPUBLIC-GR-LOGO-2016-MAIN-OL-1536x813.jpg 1536w, https:\/\/gate21.ee\/wp-content\/uploads\/2022\/06\/2-GIFT-REPUBLIC-GR-LOGO-2016-MAIN-OL-scaled.jpg 2048w, https:\/\/gate21.ee\/wp-content\/uploads\/2022\/06\/2-GIFT-REPUBLIC-GR-LOGO-2016-MAIN-OL-18x10.jpg 18w, https:\/\/gate21.ee\/wp-content\/uploads\/2022\/06\/2-GIFT-REPUBLIC-GR-LOGO-2016-MAIN-OL-600x318.jpg 600w\" sizes=\"(max-width: 300px) 100vw, 300px\" \/><\/p>\n<p>Gift Republicu keskkonnateadlik l\u00e4henemine t\u00e4hendab, et tooted on alati valmistatud taaskasutatud paberist ja papist ning v\u00f5imalikult v\u00e4he plastikkomponente kasutades.<\/p>","protected":false},"excerpt":{"rendered":"<p>Our 100 Things to do with Mum Scratch cards has 100 fun and exciting bonding activities, from baking cakes to creating scrapbooks, to enjoy with the most important woman in your life. Gift Republic&#8217;s environmentally conscious approach to product development ensures that recycled paper and card, fully recyclable components and reduced plastic packaging are always [&hellip;]<\/p>\n","protected":false},"featured_media":204814,"comment_status":"closed","ping_status":"closed","template":"","meta":{"site-sidebar-layout":"default","site-content-layout":"default","ast-site-content-layout":"default","site-content-style":"default","site-sidebar-style":"default","ast-global-header-display":"","ast-banner-title-visibility":"","ast-main-header-display":"","ast-hfb-above-header-display":"","ast-hfb-below-header-display":"","ast-hfb-mobile-header-display":"","site-post-title":"","ast-breadcrumbs-content":"","ast-featured-img":"","footer-sml-layout":"","ast-disable-related-posts":"","theme-transparent-header-meta":"default","adv-header-id-meta":"","stick-header-meta":"default","header-above-stick-meta":"","header-main-stick-meta":"","header-below-stick-meta":"","astra-migrate-meta-layouts":"set","ast-page-background-enabled":"default","ast-page-background-meta":{"desktop":{"background-color":"","background-image":"","background-repeat":"repeat","background-position":"center center","background-size":"auto","background-attachment":"scroll","background-type":"","background-media":"","overlay-type":"","overlay-color":"","overlay-opacity":"","overlay-gradient":""},"tablet":{"background-color":"","background-image":"","background-repeat":"repeat","background-position":"center center","background-size":"auto","background-attachment":"scroll","background-type":"","background-media":"","overlay-type":"","overlay-color":"","overlay-opacity":"","overlay-gradient":""},"mobile":{"background-color":"","background-image":"","background-repeat":"repeat","background-position":"center center","background-size":"auto","background-attachment":"scroll","background-type":"","background-media":"","overlay-type":"","overlay-color":"","overlay-opacity":"","overlay-gradient":""}},"ast-content-background-meta":{"desktop":{"background-color":"var(--ast-global-color-5)","background-image":"","background-repeat":"repeat","background-position":"center center","background-size":"auto","background-attachment":"scroll","background-type":"","background-media":"","overlay-type":"","overlay-color":"","overlay-opacity":"","overlay-gradient":""},"tablet":{"background-color":"var(--ast-global-color-5)","background-image":"","background-repeat":"repeat","background-position":"center center","background-size":"auto","background-attachment":"scroll","background-type":"","background-media":"","overlay-type":"","overlay-color":"","overlay-opacity":"","overlay-gradient":""},"mobile":{"background-color":"var(--ast-global-color-5)","background-image":"","background-repeat":"repeat","background-position":"center center","background-size":"auto","background-attachment":"scroll","background-type":"","background-media":"","overlay-type":"","overlay-color":"","overlay-opacity":"","overlay-gradient":""}}},"pwb-brand":[526],"product_brand":[],"product_cat":[43,533],"product_tag":[],"class_list":{"0":"post-204813","1":"product","2":"type-product","3":"status-publish","4":"has-post-thumbnail","6":"pwb-brand-gift-republic","7":"product_cat-allsorts","8":"product_cat-table_games","9":"desktop-align-center","10":"tablet-align-center","11":"mobile-align-center","12":"ast-product-gallery-layout-vertical","13":"ast-product-tabs-layout-horizontal","15":"first","16":"instock","17":"taxable","18":"shipping-taxable","19":"purchasable","20":"product-type-simple"},"yoast_head":"<!-- This site is optimized with the Yoast SEO plugin v27.4 - https:\/\/yoast.com\/product\/yoast-seo-wordpress\/ -->\n<title>Mum - Scratch Cards &#8226; Gate21<\/title>\n<meta name=\"robots\" content=\"index, follow, max-snippet:-1, max-image-preview:large, max-video-preview:-1\" \/>\n<link rel=\"canonical\" href=\"https:\/\/gate21.ee\/et\/shop\/mum-scratch-cards\/\" \/>\n<meta property=\"og:locale\" content=\"et_EE\" \/>\n<meta property=\"og:type\" content=\"article\" \/>\n<meta property=\"og:title\" content=\"Mum - Scratch Cards &#8226; Gate21\" \/>\n<meta property=\"og:description\" content=\"Our 100 Things to do with Mum Scratch cards has 100 fun and exciting bonding activities, from baking cakes to creating scrapbooks, to enjoy with the most important woman in your life. Gift Republic&#8217;s environmentally conscious approach to product development ensures that recycled paper and card, fully recyclable components and reduced plastic packaging are always [&hellip;]\" \/>\n<meta property=\"og:url\" content=\"https:\/\/gate21.ee\/et\/shop\/mum-scratch-cards\/\" \/>\n<meta property=\"og:site_name\" content=\"Gate21\" \/>\n<meta property=\"article:publisher\" content=\"https:\/\/www.facebook.com\/gate21.ee\/\" \/>\n<meta property=\"article:modified_time\" content=\"2026-04-13T15:40:26+00:00\" \/>\n<meta property=\"og:image\" content=\"https:\/\/gate21.ee\/wp-content\/uploads\/2025\/02\/scratch-cards-things-to-do-with-mum-rollover3.jpg\" \/>\n\t<meta property=\"og:image:width\" content=\"530\" \/>\n\t<meta property=\"og:image:height\" content=\"530\" \/>\n\t<meta property=\"og:image:type\" content=\"image\/jpeg\" \/>\n<meta name=\"twitter:card\" content=\"summary_large_image\" \/>\n<meta name=\"twitter:label1\" content=\"Est. reading time\" \/>\n\t<meta name=\"twitter:data1\" content=\"1 minut\" \/>\n<script type=\"application\/ld+json\" class=\"yoast-schema-graph\">{\"@context\":\"https:\\\/\\\/schema.org\",\"@graph\":[{\"@type\":\"WebPage\",\"@id\":\"https:\\\/\\\/gate21.ee\\\/shop\\\/mum-scratch-cards\\\/\",\"url\":\"https:\\\/\\\/gate21.ee\\\/shop\\\/mum-scratch-cards\\\/\",\"name\":\"Mum - Scratch Cards &#8226; Gate21\",\"isPartOf\":{\"@id\":\"https:\\\/\\\/gate21.ee\\\/#website\"},\"primaryImageOfPage\":{\"@id\":\"https:\\\/\\\/gate21.ee\\\/shop\\\/mum-scratch-cards\\\/#primaryimage\"},\"image\":{\"@id\":\"https:\\\/\\\/gate21.ee\\\/shop\\\/mum-scratch-cards\\\/#primaryimage\"},\"thumbnailUrl\":\"https:\\\/\\\/gate21.ee\\\/wp-content\\\/uploads\\\/2025\\\/02\\\/scratch-cards-things-to-do-with-mum-rollover3.jpg\",\"datePublished\":\"2025-02-18T11:50:00+00:00\",\"dateModified\":\"2026-04-13T15:40:26+00:00\",\"breadcrumb\":{\"@id\":\"https:\\\/\\\/gate21.ee\\\/shop\\\/mum-scratch-cards\\\/#breadcrumb\"},\"inLanguage\":\"et\",\"potentialAction\":[{\"@type\":\"ReadAction\",\"target\":[\"https:\\\/\\\/gate21.ee\\\/shop\\\/mum-scratch-cards\\\/\"]}]},{\"@type\":\"ImageObject\",\"inLanguage\":\"et\",\"@id\":\"https:\\\/\\\/gate21.ee\\\/shop\\\/mum-scratch-cards\\\/#primaryimage\",\"url\":\"https:\\\/\\\/gate21.ee\\\/wp-content\\\/uploads\\\/2025\\\/02\\\/scratch-cards-things-to-do-with-mum-rollover3.jpg\",\"contentUrl\":\"https:\\\/\\\/gate21.ee\\\/wp-content\\\/uploads\\\/2025\\\/02\\\/scratch-cards-things-to-do-with-mum-rollover3.jpg\",\"width\":530,\"height\":530,\"caption\":\"A lavender Mum - Scratch Cards box features white and silver text, a small two-person icon at the bottom centre, and is perfect for gift shop shelves. Gate21.ee\"},{\"@type\":\"BreadcrumbList\",\"@id\":\"https:\\\/\\\/gate21.ee\\\/shop\\\/mum-scratch-cards\\\/#breadcrumb\",\"itemListElement\":[{\"@type\":\"ListItem\",\"position\":1,\"name\":\"Home\",\"item\":\"https:\\\/\\\/gate21.ee\\\/\"},{\"@type\":\"ListItem\",\"position\":2,\"name\":\"Mum &#8211; Scratch Cards\"}]},{\"@type\":\"WebSite\",\"@id\":\"https:\\\/\\\/gate21.ee\\\/#website\",\"url\":\"https:\\\/\\\/gate21.ee\\\/\",\"name\":\"Gate21\",\"description\":\"Gift concept store Gate21\",\"publisher\":{\"@id\":\"https:\\\/\\\/gate21.ee\\\/#organization\"},\"alternateName\":\"gate21\",\"potentialAction\":[{\"@type\":\"SearchAction\",\"target\":{\"@type\":\"EntryPoint\",\"urlTemplate\":\"https:\\\/\\\/gate21.ee\\\/?s={search_term_string}\"},\"query-input\":{\"@type\":\"PropertyValueSpecification\",\"valueRequired\":true,\"valueName\":\"search_term_string\"}}],\"inLanguage\":\"et\"},{\"@type\":\"Organization\",\"@id\":\"https:\\\/\\\/gate21.ee\\\/#organization\",\"name\":\"Gate21\",\"alternateName\":\"Gate21, Oma Asi and Oma Asi Design Store\",\"url\":\"https:\\\/\\\/gate21.ee\\\/\",\"logo\":{\"@type\":\"ImageObject\",\"inLanguage\":\"et\",\"@id\":\"https:\\\/\\\/gate21.ee\\\/#\\\/schema\\\/logo\\\/image\\\/\",\"url\":\"https:\\\/\\\/gate21.ee\\\/wp-content\\\/uploads\\\/2021\\\/11\\\/Gate_21_Logo_2_Valge.png\",\"contentUrl\":\"https:\\\/\\\/gate21.ee\\\/wp-content\\\/uploads\\\/2021\\\/11\\\/Gate_21_Logo_2_Valge.png\",\"width\":2560,\"height\":2560,\"caption\":\"Gate21\"},\"image\":{\"@id\":\"https:\\\/\\\/gate21.ee\\\/#\\\/schema\\\/logo\\\/image\\\/\"},\"sameAs\":[\"https:\\\/\\\/www.facebook.com\\\/gate21.ee\\\/\",\"https:\\\/\\\/www.instagram.com\\\/gate21.ee\\\/\",\"https:\\\/\\\/www.instagram.com\\\/omaasidesign\\\/\",\"https:\\\/\\\/www.instagram.com\\\/omaasi\\\/\",\"https:\\\/\\\/www.facebook.com\\\/omaasidesign\\\/\",\"https:\\\/\\\/www.facebook.com\\\/omaasilittleredhouse\\\/\",\"https:\\\/\\\/www.tiktok.com\\\/@gate21.ee\"]}]}<\/script>\n<!-- \/ Yoast SEO plugin. -->","yoast_head_json":{"title":"Mum - Scratch Cards &#8226; Gate21","robots":{"index":"index","follow":"follow","max-snippet":"max-snippet:-1","max-image-preview":"max-image-preview:large","max-video-preview":"max-video-preview:-1"},"canonical":"https:\/\/gate21.ee\/et\/shop\/mum-scratch-cards\/","og_locale":"et_EE","og_type":"article","og_title":"Mum - Scratch Cards &#8226; Gate21","og_description":"Our 100 Things to do with Mum Scratch cards has 100 fun and exciting bonding activities, from baking cakes to creating scrapbooks, to enjoy with the most important woman in your life. Gift Republic&#8217;s environmentally conscious approach to product development ensures that recycled paper and card, fully recyclable components and reduced plastic packaging are always [&hellip;]","og_url":"https:\/\/gate21.ee\/et\/shop\/mum-scratch-cards\/","og_site_name":"Gate21","article_publisher":"https:\/\/www.facebook.com\/gate21.ee\/","article_modified_time":"2026-04-13T15:40:26+00:00","og_image":[{"width":530,"height":530,"url":"https:\/\/gate21.ee\/wp-content\/uploads\/2025\/02\/scratch-cards-things-to-do-with-mum-rollover3.jpg","type":"image\/jpeg"}],"twitter_card":"summary_large_image","twitter_misc":{"Est. reading time":"1 minut"},"schema":{"@context":"https:\/\/schema.org","@graph":[{"@type":"WebPage","@id":"https:\/\/gate21.ee\/shop\/mum-scratch-cards\/","url":"https:\/\/gate21.ee\/shop\/mum-scratch-cards\/","name":"Mum - Scratch Cards &#8226; Gate21","isPartOf":{"@id":"https:\/\/gate21.ee\/#website"},"primaryImageOfPage":{"@id":"https:\/\/gate21.ee\/shop\/mum-scratch-cards\/#primaryimage"},"image":{"@id":"https:\/\/gate21.ee\/shop\/mum-scratch-cards\/#primaryimage"},"thumbnailUrl":"https:\/\/gate21.ee\/wp-content\/uploads\/2025\/02\/scratch-cards-things-to-do-with-mum-rollover3.jpg","datePublished":"2025-02-18T11:50:00+00:00","dateModified":"2026-04-13T15:40:26+00:00","breadcrumb":{"@id":"https:\/\/gate21.ee\/shop\/mum-scratch-cards\/#breadcrumb"},"inLanguage":"et","potentialAction":[{"@type":"ReadAction","target":["https:\/\/gate21.ee\/shop\/mum-scratch-cards\/"]}]},{"@type":"ImageObject","inLanguage":"et","@id":"https:\/\/gate21.ee\/shop\/mum-scratch-cards\/#primaryimage","url":"https:\/\/gate21.ee\/wp-content\/uploads\/2025\/02\/scratch-cards-things-to-do-with-mum-rollover3.jpg","contentUrl":"https:\/\/gate21.ee\/wp-content\/uploads\/2025\/02\/scratch-cards-things-to-do-with-mum-rollover3.jpg","width":530,"height":530,"caption":"A lavender Mum - Scratch Cards box features white and silver text, a small two-person icon at the bottom centre, and is perfect for gift shop shelves. Gate21.ee"},{"@type":"BreadcrumbList","@id":"https:\/\/gate21.ee\/shop\/mum-scratch-cards\/#breadcrumb","itemListElement":[{"@type":"ListItem","position":1,"name":"Home","item":"https:\/\/gate21.ee\/"},{"@type":"ListItem","position":2,"name":"Mum &#8211; Scratch Cards"}]},{"@type":"WebSite","@id":"https:\/\/gate21.ee\/#website","url":"https:\/\/gate21.ee\/","name":"Gate21","description":"Kingituskontseptsioonipood Gate21","publisher":{"@id":"https:\/\/gate21.ee\/#organization"},"alternateName":"gate21","potentialAction":[{"@type":"SearchAction","target":{"@type":"EntryPoint","urlTemplate":"https:\/\/gate21.ee\/?s={search_term_string}"},"query-input":{"@type":"PropertyValueSpecification","valueRequired":true,"valueName":"search_term_string"}}],"inLanguage":"et"},{"@type":"Organization","@id":"https:\/\/gate21.ee\/#organization","name":"Gate21","alternateName":"Gate21, Oma Asi and Oma Asi Design Store","url":"https:\/\/gate21.ee\/","logo":{"@type":"ImageObject","inLanguage":"et","@id":"https:\/\/gate21.ee\/#\/schema\/logo\/image\/","url":"https:\/\/gate21.ee\/wp-content\/uploads\/2021\/11\/Gate_21_Logo_2_Valge.png","contentUrl":"https:\/\/gate21.ee\/wp-content\/uploads\/2021\/11\/Gate_21_Logo_2_Valge.png","width":2560,"height":2560,"caption":"Gate21"},"image":{"@id":"https:\/\/gate21.ee\/#\/schema\/logo\/image\/"},"sameAs":["https:\/\/www.facebook.com\/gate21.ee\/","https:\/\/www.instagram.com\/gate21.ee\/","https:\/\/www.instagram.com\/omaasidesign\/","https:\/\/www.instagram.com\/omaasi\/","https:\/\/www.facebook.com\/omaasidesign\/","https:\/\/www.facebook.com\/omaasilittleredhouse\/","https:\/\/www.tiktok.com\/@gate21.ee"]}]}},"jetpack_sharing_enabled":true,"brands":[{"id":526,"name":"Gift Republic","slug":"gift-republic"}],"_links":{"self":[{"href":"https:\/\/gate21.ee\/et\/wp-json\/wp\/v2\/product\/204813","targetHints":{"allow":["GET"]}}],"collection":[{"href":"https:\/\/gate21.ee\/et\/wp-json\/wp\/v2\/product"}],"about":[{"href":"https:\/\/gate21.ee\/et\/wp-json\/wp\/v2\/types\/product"}],"replies":[{"embeddable":true,"href":"https:\/\/gate21.ee\/et\/wp-json\/wp\/v2\/comments?post=204813"}],"version-history":[{"count":1,"href":"https:\/\/gate21.ee\/et\/wp-json\/wp\/v2\/product\/204813\/revisions"}],"predecessor-version":[{"id":216027,"href":"https:\/\/gate21.ee\/et\/wp-json\/wp\/v2\/product\/204813\/revisions\/216027"}],"wp:featuredmedia":[{"embeddable":true,"href":"https:\/\/gate21.ee\/et\/wp-json\/wp\/v2\/media\/204814"}],"wp:attachment":[{"href":"https:\/\/gate21.ee\/et\/wp-json\/wp\/v2\/media?parent=204813"}],"wp:term":[{"taxonomy":"pwb-brand","embeddable":true,"href":"https:\/\/gate21.ee\/et\/wp-json\/wp\/v2\/pwb-brand?post=204813"},{"taxonomy":"product_brand","embeddable":true,"href":"https:\/\/gate21.ee\/et\/wp-json\/wp\/v2\/product_brand?post=204813"},{"taxonomy":"product_cat","embeddable":true,"href":"https:\/\/gate21.ee\/et\/wp-json\/wp\/v2\/product_cat?post=204813"},{"taxonomy":"product_tag","embeddable":true,"href":"https:\/\/gate21.ee\/et\/wp-json\/wp\/v2\/product_tag?post=204813"}],"curies":[{"name":"wp","href":"https:\/\/api.w.org\/{rel}","templated":true}]}}