{"id":202566,"date":"2025-01-14T16:02:00","date_gmt":"2025-01-14T14:02:00","guid":{"rendered":"https:\/\/gate21.ee\/?post_type=product&#038;p=202566"},"modified":"2026-04-04T13:12:30","modified_gmt":"2026-04-04T10:12:30","slug":"dreamer-panties","status":"publish","type":"product","link":"https:\/\/gate21.ee\/et\/shop\/dreamer-panties\/","title":{"rendered":"Unistaja alusp\u00fcksid"},"content":{"rendered":"<p>Puhas t\u00e4iuslikkus<br \/>\nAbsoluutne mugavus<br \/>\nSa v\u00f5id vaadata, aga mitte puudutada!<\/p>\n<div class=\"rte rte--header\">\n<p>Vaimukas, provokatiivne ja mugav aluspesu.<\/p>\n<p>Valmistatud kergest ja \u00f5hulisest kangast mugavuse tagamiseks kogu p\u00e4eva v\u00e4ltel. Viimistletud elegantse \u00e4\u00e4risega.<\/p>\n<p>Lickstarteri aluspesu on loodud kestma, ei kaota kunagi oma v\u00e4rvi ega kahane. Masinpestav kuni 40\u00b0C sama v\u00e4rvi riietega. Mitte tsentrifuugida! \u00c4ra triigi \u2013 kes ikka aluspesu triigib?<\/p>\n<p><img fetchpriority=\"high\" decoding=\"async\" class=\"alignnone size-medium wp-image-56718 ls-is-cached lazyloaded\" src=\"https:\/\/gate21.ee\/wp-content\/uploads\/2020\/08\/12079803_1500153223615069_2119715000180709544_o-300x200.jpg\" alt=\"\" width=\"300\" height=\"200\" data-srcset=\"https:\/\/gate21.ee\/wp-content\/uploads\/2020\/08\/12079803_1500153223615069_2119715000180709544_o-300x200.jpg 300w, https:\/\/gate21.ee\/wp-content\/uploads\/2020\/08\/12079803_1500153223615069_2119715000180709544_o-1024x683.jpg 1024w, https:\/\/gate21.ee\/wp-content\/uploads\/2020\/08\/12079803_1500153223615069_2119715000180709544_o-768x512.jpg 768w, https:\/\/gate21.ee\/wp-content\/uploads\/2020\/08\/12079803_1500153223615069_2119715000180709544_o-1536x1024.jpg 1536w, https:\/\/gate21.ee\/wp-content\/uploads\/2020\/08\/12079803_1500153223615069_2119715000180709544_o-600x400.jpg 600w, https:\/\/gate21.ee\/wp-content\/uploads\/2020\/08\/12079803_1500153223615069_2119715000180709544_o.jpg 2048w\" data-src=\"https:\/\/gate21.ee\/wp-content\/uploads\/2020\/08\/12079803_1500153223615069_2119715000180709544_o-300x200.jpg\" data-sizes=\"(max-width: 300px) 100vw, 300px\" srcset=\"https:\/\/gate21.ee\/wp-content\/uploads\/2020\/08\/12079803_1500153223615069_2119715000180709544_o-300x200.jpg 300w, https:\/\/gate21.ee\/wp-content\/uploads\/2020\/08\/12079803_1500153223615069_2119715000180709544_o-600x400.jpg 600w, https:\/\/gate21.ee\/wp-content\/uploads\/2020\/08\/12079803_1500153223615069_2119715000180709544_o-1024x683.jpg 1024w, https:\/\/gate21.ee\/wp-content\/uploads\/2020\/08\/12079803_1500153223615069_2119715000180709544_o-768x512.jpg 768w, https:\/\/gate21.ee\/wp-content\/uploads\/2020\/08\/12079803_1500153223615069_2119715000180709544_o-1536x1024.jpg 1536w, https:\/\/gate21.ee\/wp-content\/uploads\/2020\/08\/12079803_1500153223615069_2119715000180709544_o.jpg 2048w\" sizes=\"(max-width: 300px) 100vw, 300px\" \/><\/p>\n<p><a href=\"https:\/\/gate21.ee\/et\/brand\/lickstarter\/\">Lickstarter<\/a> on Riia ettev\u00f5te, mis valmistab m\u00e4ngulist aluspesu naistele, kellele meeldib piiridega m\u00e4ngida. Lickstarteri asutaja Liega Zelgalve on Riia Kunsti- ja K\u00e4sit\u00f6\u00f6kooli l\u00f5petanud. Ta kogenud tekstiilitr\u00fcki ekspert ja kirglik e-kaubanduse nohik.<\/p>\n<p>Reied, tagumik ja puusad on meie relvad. Midagi tegemata v\u00f5ime s\u00fc\u00fcdata tulekahju ja vallandada laviini!<\/p>\n<\/div>","protected":false},"excerpt":{"rendered":"<p>&#8220;Pure perfection&#8221; &#8211; Oh, it\u2019s you again! Well, yes, you can look. No touching, though.. Witty, provocative and comfy as hell.\u00a0You\u2019ll be surprised what this underwear can do! Made from light and airy fabric for an amazing all-day comfort. Finished with an elegant border. Lickstarter underwear is made to last and will never lose its [&hellip;]<\/p>\n","protected":false},"featured_media":202559,"comment_status":"closed","ping_status":"closed","template":"","meta":{"site-sidebar-layout":"default","site-content-layout":"default","ast-site-content-layout":"default","site-content-style":"default","site-sidebar-style":"default","ast-global-header-display":"","ast-banner-title-visibility":"","ast-main-header-display":"","ast-hfb-above-header-display":"","ast-hfb-below-header-display":"","ast-hfb-mobile-header-display":"","site-post-title":"","ast-breadcrumbs-content":"","ast-featured-img":"","footer-sml-layout":"","ast-disable-related-posts":"","theme-transparent-header-meta":"default","adv-header-id-meta":"","stick-header-meta":"default","header-above-stick-meta":"","header-main-stick-meta":"","header-below-stick-meta":"","astra-migrate-meta-layouts":"set","ast-page-background-enabled":"default","ast-page-background-meta":{"desktop":{"background-color":"","background-image":"","background-repeat":"repeat","background-position":"center center","background-size":"auto","background-attachment":"scroll","background-type":"","background-media":"","overlay-type":"","overlay-color":"","overlay-opacity":"","overlay-gradient":""},"tablet":{"background-color":"","background-image":"","background-repeat":"repeat","background-position":"center center","background-size":"auto","background-attachment":"scroll","background-type":"","background-media":"","overlay-type":"","overlay-color":"","overlay-opacity":"","overlay-gradient":""},"mobile":{"background-color":"","background-image":"","background-repeat":"repeat","background-position":"center center","background-size":"auto","background-attachment":"scroll","background-type":"","background-media":"","overlay-type":"","overlay-color":"","overlay-opacity":"","overlay-gradient":""}},"ast-content-background-meta":{"desktop":{"background-color":"var(--ast-global-color-5)","background-image":"","background-repeat":"repeat","background-position":"center center","background-size":"auto","background-attachment":"scroll","background-type":"","background-media":"","overlay-type":"","overlay-color":"","overlay-opacity":"","overlay-gradient":""},"tablet":{"background-color":"var(--ast-global-color-5)","background-image":"","background-repeat":"repeat","background-position":"center center","background-size":"auto","background-attachment":"scroll","background-type":"","background-media":"","overlay-type":"","overlay-color":"","overlay-opacity":"","overlay-gradient":""},"mobile":{"background-color":"var(--ast-global-color-5)","background-image":"","background-repeat":"repeat","background-position":"center center","background-size":"auto","background-attachment":"scroll","background-type":"","background-media":"","overlay-type":"","overlay-color":"","overlay-opacity":"","overlay-gradient":""}}},"pwb-brand":[92],"product_brand":[],"product_cat":[56,134],"product_tag":[89,155],"class_list":{"0":"post-202566","1":"product","2":"type-product","3":"status-publish","4":"has-post-thumbnail","6":"pwb-brand-lickstarter","7":"product_cat-clothing","8":"product_cat-underwear","9":"product_tag-cat-panties","10":"product_tag-lickstarter","11":"desktop-align-center","12":"tablet-align-center","13":"mobile-align-center","14":"ast-product-gallery-layout-vertical","15":"ast-product-single-variable","16":"ast-product-tabs-layout-horizontal","18":"first","19":"instock","20":"taxable","21":"shipping-taxable","22":"purchasable","23":"product-type-variable"},"yoast_head":"<!-- This site is optimized with the Yoast SEO plugin v27.5 - https:\/\/yoast.com\/product\/yoast-seo-wordpress\/ -->\n<title>Dreamer Panties &#8226; Gate21<\/title>\n<meta name=\"description\" content=\"&quot;Love a Cat&quot; cat panties - Start it with your game pick. Sneak up. He will resist on his own. Witty, provocative and comfy as hell.\u00a0You&#039;ll be surprised what this underwear can do!\" \/>\n<meta name=\"robots\" content=\"index, follow, max-snippet:-1, max-image-preview:large, max-video-preview:-1\" \/>\n<link rel=\"canonical\" href=\"https:\/\/gate21.ee\/et\/shop\/dreamer-panties\/\" \/>\n<meta property=\"og:locale\" content=\"et_EE\" \/>\n<meta property=\"og:type\" content=\"article\" \/>\n<meta property=\"og:title\" content=\"Dreamer Panties &#8226; Gate21\" \/>\n<meta property=\"og:description\" content=\"&quot;Love a Cat&quot; cat panties - Start it with your game pick. Sneak up. He will resist on his own. Witty, provocative and comfy as hell.\u00a0You&#039;ll be surprised what this underwear can do!\" \/>\n<meta property=\"og:url\" content=\"https:\/\/gate21.ee\/et\/shop\/dreamer-panties\/\" \/>\n<meta property=\"og:site_name\" content=\"Gate21\" \/>\n<meta property=\"article:publisher\" content=\"https:\/\/www.facebook.com\/gate21.ee\/\" \/>\n<meta property=\"article:modified_time\" content=\"2026-04-04T10:12:30+00:00\" \/>\n<meta property=\"og:image\" content=\"https:\/\/gate21.ee\/wp-content\/uploads\/2025\/01\/Dreamer.png\" \/>\n\t<meta property=\"og:image:width\" content=\"585\" \/>\n\t<meta property=\"og:image:height\" content=\"419\" \/>\n\t<meta property=\"og:image:type\" content=\"image\/png\" \/>\n<meta name=\"twitter:card\" content=\"summary_large_image\" \/>\n<meta name=\"twitter:label1\" content=\"Est. reading time\" \/>\n\t<meta name=\"twitter:data1\" content=\"2 minutit\" \/>\n<script type=\"application\/ld+json\" class=\"yoast-schema-graph\">{\"@context\":\"https:\\\/\\\/schema.org\",\"@graph\":[{\"@type\":\"WebPage\",\"@id\":\"https:\\\/\\\/gate21.ee\\\/shop\\\/dreamer-panties\\\/\",\"url\":\"https:\\\/\\\/gate21.ee\\\/shop\\\/dreamer-panties\\\/\",\"name\":\"Dreamer Panties &#8226; Gate21\",\"isPartOf\":{\"@id\":\"https:\\\/\\\/gate21.ee\\\/#website\"},\"primaryImageOfPage\":{\"@id\":\"https:\\\/\\\/gate21.ee\\\/shop\\\/dreamer-panties\\\/#primaryimage\"},\"image\":{\"@id\":\"https:\\\/\\\/gate21.ee\\\/shop\\\/dreamer-panties\\\/#primaryimage\"},\"thumbnailUrl\":\"https:\\\/\\\/gate21.ee\\\/wp-content\\\/uploads\\\/2025\\\/01\\\/Dreamer.png\",\"datePublished\":\"2025-01-14T14:02:00+00:00\",\"dateModified\":\"2026-04-04T10:12:30+00:00\",\"description\":\"\\\"Love a Cat\\\" cat panties - Start it with your game pick. Sneak up. He will resist on his own. Witty, provocative and comfy as hell.\u00a0You'll be surprised what this underwear can do!\",\"breadcrumb\":{\"@id\":\"https:\\\/\\\/gate21.ee\\\/shop\\\/dreamer-panties\\\/#breadcrumb\"},\"inLanguage\":\"et\",\"potentialAction\":[{\"@type\":\"ReadAction\",\"target\":[\"https:\\\/\\\/gate21.ee\\\/shop\\\/dreamer-panties\\\/\"]}]},{\"@type\":\"ImageObject\",\"inLanguage\":\"et\",\"@id\":\"https:\\\/\\\/gate21.ee\\\/shop\\\/dreamer-panties\\\/#primaryimage\",\"url\":\"https:\\\/\\\/gate21.ee\\\/wp-content\\\/uploads\\\/2025\\\/01\\\/Dreamer.png\",\"contentUrl\":\"https:\\\/\\\/gate21.ee\\\/wp-content\\\/uploads\\\/2025\\\/01\\\/Dreamer.png\",\"width\":585,\"height\":419,\"caption\":\"Wearing Scepticat Knickers, featuring a bold sleeping kitten print, this look\u2014paired with lace clothing, painted nails, and rings\u2014is perfect for expressing Tallinn-inspired style or a love of Estonian design. Gate21.ee\"},{\"@type\":\"BreadcrumbList\",\"@id\":\"https:\\\/\\\/gate21.ee\\\/shop\\\/dreamer-panties\\\/#breadcrumb\",\"itemListElement\":[{\"@type\":\"ListItem\",\"position\":1,\"name\":\"Home\",\"item\":\"https:\\\/\\\/gate21.ee\\\/\"},{\"@type\":\"ListItem\",\"position\":2,\"name\":\"Dreamer Panties\"}]},{\"@type\":\"WebSite\",\"@id\":\"https:\\\/\\\/gate21.ee\\\/#website\",\"url\":\"https:\\\/\\\/gate21.ee\\\/\",\"name\":\"Gate21\",\"description\":\"Gift concept store Gate21\",\"publisher\":{\"@id\":\"https:\\\/\\\/gate21.ee\\\/#organization\"},\"alternateName\":\"gate21\",\"potentialAction\":[{\"@type\":\"SearchAction\",\"target\":{\"@type\":\"EntryPoint\",\"urlTemplate\":\"https:\\\/\\\/gate21.ee\\\/?s={search_term_string}\"},\"query-input\":{\"@type\":\"PropertyValueSpecification\",\"valueRequired\":true,\"valueName\":\"search_term_string\"}}],\"inLanguage\":\"et\"},{\"@type\":\"Organization\",\"@id\":\"https:\\\/\\\/gate21.ee\\\/#organization\",\"name\":\"Gate21\",\"alternateName\":\"Gate21, Oma Asi and Oma Asi Design Store\",\"url\":\"https:\\\/\\\/gate21.ee\\\/\",\"logo\":{\"@type\":\"ImageObject\",\"inLanguage\":\"et\",\"@id\":\"https:\\\/\\\/gate21.ee\\\/#\\\/schema\\\/logo\\\/image\\\/\",\"url\":\"https:\\\/\\\/gate21.ee\\\/wp-content\\\/uploads\\\/2021\\\/11\\\/Gate_21_Logo_2_Valge.png\",\"contentUrl\":\"https:\\\/\\\/gate21.ee\\\/wp-content\\\/uploads\\\/2021\\\/11\\\/Gate_21_Logo_2_Valge.png\",\"width\":2560,\"height\":2560,\"caption\":\"Gate21\"},\"image\":{\"@id\":\"https:\\\/\\\/gate21.ee\\\/#\\\/schema\\\/logo\\\/image\\\/\"},\"sameAs\":[\"https:\\\/\\\/www.facebook.com\\\/gate21.ee\\\/\",\"https:\\\/\\\/www.instagram.com\\\/gate21.ee\\\/\",\"https:\\\/\\\/www.instagram.com\\\/omaasidesign\\\/\",\"https:\\\/\\\/www.instagram.com\\\/omaasi\\\/\",\"https:\\\/\\\/www.facebook.com\\\/omaasidesign\\\/\",\"https:\\\/\\\/www.facebook.com\\\/omaasilittleredhouse\\\/\",\"https:\\\/\\\/www.tiktok.com\\\/@gate21.ee\"]}]}<\/script>\n<!-- \/ Yoast SEO plugin. -->","yoast_head_json":{"title":"Dreamer Panties &#8226; Gate21","description":"\"Love a Cat\" cat panties - Start it with your game pick. Sneak up. He will resist on his own. Witty, provocative and comfy as hell.\u00a0You'll be surprised what this underwear can do!","robots":{"index":"index","follow":"follow","max-snippet":"max-snippet:-1","max-image-preview":"max-image-preview:large","max-video-preview":"max-video-preview:-1"},"canonical":"https:\/\/gate21.ee\/et\/shop\/dreamer-panties\/","og_locale":"et_EE","og_type":"article","og_title":"Dreamer Panties &#8226; Gate21","og_description":"\"Love a Cat\" cat panties - Start it with your game pick. Sneak up. He will resist on his own. Witty, provocative and comfy as hell.\u00a0You'll be surprised what this underwear can do!","og_url":"https:\/\/gate21.ee\/et\/shop\/dreamer-panties\/","og_site_name":"Gate21","article_publisher":"https:\/\/www.facebook.com\/gate21.ee\/","article_modified_time":"2026-04-04T10:12:30+00:00","og_image":[{"width":585,"height":419,"url":"https:\/\/gate21.ee\/wp-content\/uploads\/2025\/01\/Dreamer.png","type":"image\/png"}],"twitter_card":"summary_large_image","twitter_misc":{"Est. reading time":"2 minutit"},"schema":{"@context":"https:\/\/schema.org","@graph":[{"@type":"WebPage","@id":"https:\/\/gate21.ee\/shop\/dreamer-panties\/","url":"https:\/\/gate21.ee\/shop\/dreamer-panties\/","name":"Dreamer Panties &#8226; Gate21","isPartOf":{"@id":"https:\/\/gate21.ee\/#website"},"primaryImageOfPage":{"@id":"https:\/\/gate21.ee\/shop\/dreamer-panties\/#primaryimage"},"image":{"@id":"https:\/\/gate21.ee\/shop\/dreamer-panties\/#primaryimage"},"thumbnailUrl":"https:\/\/gate21.ee\/wp-content\/uploads\/2025\/01\/Dreamer.png","datePublished":"2025-01-14T14:02:00+00:00","dateModified":"2026-04-04T10:12:30+00:00","description":"\"Love a Cat\" cat panties - Start it with your game pick. Sneak up. He will resist on his own. Witty, provocative and comfy as hell.\u00a0You'll be surprised what this underwear can do!","breadcrumb":{"@id":"https:\/\/gate21.ee\/shop\/dreamer-panties\/#breadcrumb"},"inLanguage":"et","potentialAction":[{"@type":"ReadAction","target":["https:\/\/gate21.ee\/shop\/dreamer-panties\/"]}]},{"@type":"ImageObject","inLanguage":"et","@id":"https:\/\/gate21.ee\/shop\/dreamer-panties\/#primaryimage","url":"https:\/\/gate21.ee\/wp-content\/uploads\/2025\/01\/Dreamer.png","contentUrl":"https:\/\/gate21.ee\/wp-content\/uploads\/2025\/01\/Dreamer.png","width":585,"height":419,"caption":"Wearing Scepticat Knickers, featuring a bold sleeping kitten print, this look\u2014paired with lace clothing, painted nails, and rings\u2014is perfect for expressing Tallinn-inspired style or a love of Estonian design. Gate21.ee"},{"@type":"BreadcrumbList","@id":"https:\/\/gate21.ee\/shop\/dreamer-panties\/#breadcrumb","itemListElement":[{"@type":"ListItem","position":1,"name":"Home","item":"https:\/\/gate21.ee\/"},{"@type":"ListItem","position":2,"name":"Dreamer Panties"}]},{"@type":"WebSite","@id":"https:\/\/gate21.ee\/#website","url":"https:\/\/gate21.ee\/","name":"Gate21","description":"Kingituskontseptsioonipood Gate21","publisher":{"@id":"https:\/\/gate21.ee\/#organization"},"alternateName":"gate21","potentialAction":[{"@type":"SearchAction","target":{"@type":"EntryPoint","urlTemplate":"https:\/\/gate21.ee\/?s={search_term_string}"},"query-input":{"@type":"PropertyValueSpecification","valueRequired":true,"valueName":"search_term_string"}}],"inLanguage":"et"},{"@type":"Organization","@id":"https:\/\/gate21.ee\/#organization","name":"Gate21","alternateName":"Gate21, Oma Asi and Oma Asi Design Store","url":"https:\/\/gate21.ee\/","logo":{"@type":"ImageObject","inLanguage":"et","@id":"https:\/\/gate21.ee\/#\/schema\/logo\/image\/","url":"https:\/\/gate21.ee\/wp-content\/uploads\/2021\/11\/Gate_21_Logo_2_Valge.png","contentUrl":"https:\/\/gate21.ee\/wp-content\/uploads\/2021\/11\/Gate_21_Logo_2_Valge.png","width":2560,"height":2560,"caption":"Gate21"},"image":{"@id":"https:\/\/gate21.ee\/#\/schema\/logo\/image\/"},"sameAs":["https:\/\/www.facebook.com\/gate21.ee\/","https:\/\/www.instagram.com\/gate21.ee\/","https:\/\/www.instagram.com\/omaasidesign\/","https:\/\/www.instagram.com\/omaasi\/","https:\/\/www.facebook.com\/omaasidesign\/","https:\/\/www.facebook.com\/omaasilittleredhouse\/","https:\/\/www.tiktok.com\/@gate21.ee"]}]}},"jetpack_sharing_enabled":true,"brands":[{"id":92,"name":"Lickstarter","slug":"lickstarter"}],"_links":{"self":[{"href":"https:\/\/gate21.ee\/et\/wp-json\/wp\/v2\/product\/202566","targetHints":{"allow":["GET"]}}],"collection":[{"href":"https:\/\/gate21.ee\/et\/wp-json\/wp\/v2\/product"}],"about":[{"href":"https:\/\/gate21.ee\/et\/wp-json\/wp\/v2\/types\/product"}],"replies":[{"embeddable":true,"href":"https:\/\/gate21.ee\/et\/wp-json\/wp\/v2\/comments?post=202566"}],"version-history":[{"count":2,"href":"https:\/\/gate21.ee\/et\/wp-json\/wp\/v2\/product\/202566\/revisions"}],"predecessor-version":[{"id":249798,"href":"https:\/\/gate21.ee\/et\/wp-json\/wp\/v2\/product\/202566\/revisions\/249798"}],"wp:featuredmedia":[{"embeddable":true,"href":"https:\/\/gate21.ee\/et\/wp-json\/wp\/v2\/media\/202559"}],"wp:attachment":[{"href":"https:\/\/gate21.ee\/et\/wp-json\/wp\/v2\/media?parent=202566"}],"wp:term":[{"taxonomy":"pwb-brand","embeddable":true,"href":"https:\/\/gate21.ee\/et\/wp-json\/wp\/v2\/pwb-brand?post=202566"},{"taxonomy":"product_brand","embeddable":true,"href":"https:\/\/gate21.ee\/et\/wp-json\/wp\/v2\/product_brand?post=202566"},{"taxonomy":"product_cat","embeddable":true,"href":"https:\/\/gate21.ee\/et\/wp-json\/wp\/v2\/product_cat?post=202566"},{"taxonomy":"product_tag","embeddable":true,"href":"https:\/\/gate21.ee\/et\/wp-json\/wp\/v2\/product_tag?post=202566"}],"curies":[{"name":"wp","href":"https:\/\/api.w.org\/{rel}","templated":true}]}}