{"id":199810,"date":"2024-12-16T15:53:00","date_gmt":"2024-12-16T13:53:00","guid":{"rendered":"https:\/\/gate21.ee\/?post_type=product&#038;p=199810"},"modified":"2026-02-18T18:21:03","modified_gmt":"2026-02-18T16:21:03","slug":"black-snake-magnetic-bottle-opener","status":"publish","type":"product","link":"https:\/\/gate21.ee\/et\/shop\/black-snake-magnetic-bottle-opener\/","title":{"rendered":"Black Snake \u2013 Magnetiga pudeliavaja"},"content":{"rendered":"<p>See on valmistatud kvaliteetselt ja funktsionaalselt ning sobib ideaalseks kingituseks!<\/p>\n<p>&nbsp;<\/p>\n<p><img decoding=\"async\" class=\"alignnone size-medium wp-image-195259\" src=\"https:\/\/gate21.ee\/wp-content\/uploads\/2024\/11\/logo-300x63.png\" alt=\"\" width=\"300\" height=\"63\" srcset=\"https:\/\/gate21.ee\/wp-content\/uploads\/2024\/11\/logo-300x63.png 300w, https:\/\/gate21.ee\/wp-content\/uploads\/2024\/11\/logo-18x4.png 18w, https:\/\/gate21.ee\/wp-content\/uploads\/2024\/11\/logo.png 330w\" sizes=\"(max-width: 300px) 100vw, 300px\" \/><\/p>\n<p>&nbsp;<\/p>\n<p>Helio Ferretti Barcelonast on spetsialiseerunud kingitustele ja koduaksessuaaridele.<\/p>\n<p>Motivatsiooniks on teha praktilisi tooteid igap\u00e4evaeluks, mis on v\u00e4rvilised ja v\u00e4rske.<\/p>","protected":false},"excerpt":{"rendered":"<p>Crafted with quality and functionality in mind, it serves as a perfect gift! &nbsp; &nbsp; Helio Ferretti from Barcelona specialize in gifts and home accessories. The motivation is to make practical products for everyday life, with a touch of colour and freshness.<\/p>","protected":false},"featured_media":199805,"comment_status":"closed","ping_status":"closed","template":"","meta":{"site-sidebar-layout":"default","site-content-layout":"","ast-site-content-layout":"default","site-content-style":"default","site-sidebar-style":"default","ast-global-header-display":"","ast-banner-title-visibility":"","ast-main-header-display":"","ast-hfb-above-header-display":"","ast-hfb-below-header-display":"","ast-hfb-mobile-header-display":"","site-post-title":"","ast-breadcrumbs-content":"","ast-featured-img":"","footer-sml-layout":"","ast-disable-related-posts":"","theme-transparent-header-meta":"default","adv-header-id-meta":"","stick-header-meta":"default","header-above-stick-meta":"","header-main-stick-meta":"","header-below-stick-meta":"","astra-migrate-meta-layouts":"set","ast-page-background-enabled":"default","ast-page-background-meta":{"desktop":{"background-color":"","background-image":"","background-repeat":"repeat","background-position":"center center","background-size":"auto","background-attachment":"scroll","background-type":"","background-media":"","overlay-type":"","overlay-color":"","overlay-opacity":"","overlay-gradient":""},"tablet":{"background-color":"","background-image":"","background-repeat":"repeat","background-position":"center center","background-size":"auto","background-attachment":"scroll","background-type":"","background-media":"","overlay-type":"","overlay-color":"","overlay-opacity":"","overlay-gradient":""},"mobile":{"background-color":"","background-image":"","background-repeat":"repeat","background-position":"center center","background-size":"auto","background-attachment":"scroll","background-type":"","background-media":"","overlay-type":"","overlay-color":"","overlay-opacity":"","overlay-gradient":""}},"ast-content-background-meta":{"desktop":{"background-color":"var(--ast-global-color-5)","background-image":"","background-repeat":"repeat","background-position":"center center","background-size":"auto","background-attachment":"scroll","background-type":"","background-media":"","overlay-type":"","overlay-color":"","overlay-opacity":"","overlay-gradient":""},"tablet":{"background-color":"var(--ast-global-color-5)","background-image":"","background-repeat":"repeat","background-position":"center center","background-size":"auto","background-attachment":"scroll","background-type":"","background-media":"","overlay-type":"","overlay-color":"","overlay-opacity":"","overlay-gradient":""},"mobile":{"background-color":"var(--ast-global-color-5)","background-image":"","background-repeat":"repeat","background-position":"center center","background-size":"auto","background-attachment":"scroll","background-type":"","background-media":"","overlay-type":"","overlay-color":"","overlay-opacity":"","overlay-gradient":""}}},"pwb-brand":[603],"product_brand":[],"product_cat":[218,303],"product_tag":[],"class_list":{"0":"post-199810","1":"product","2":"type-product","3":"status-publish","4":"has-post-thumbnail","6":"pwb-brand-helioferretti","7":"product_cat-home","8":"product_cat-others","9":"desktop-align-center","10":"tablet-align-center","11":"mobile-align-center","12":"ast-product-gallery-layout-vertical","13":"ast-product-gallery-with-no-image","14":"ast-product-tabs-layout-horizontal","16":"first","17":"instock","18":"taxable","19":"shipping-taxable","20":"purchasable","21":"product-type-simple"},"yoast_head":"<!-- This site is optimized with the Yoast SEO plugin v27.4 - https:\/\/yoast.com\/product\/yoast-seo-wordpress\/ -->\n<title>Black Snake - Magnetic bottle opener &#8226; Gate21<\/title>\n<meta name=\"robots\" content=\"index, follow, max-snippet:-1, max-image-preview:large, max-video-preview:-1\" \/>\n<link rel=\"canonical\" href=\"https:\/\/gate21.ee\/et\/shop\/black-snake-magnetic-bottle-opener\/\" \/>\n<meta property=\"og:locale\" content=\"et_EE\" \/>\n<meta property=\"og:type\" content=\"article\" \/>\n<meta property=\"og:title\" content=\"Black Snake - Magnetic bottle opener &#8226; Gate21\" \/>\n<meta property=\"og:description\" content=\"Crafted with quality and functionality in mind, it serves as a perfect gift! &nbsp; &nbsp; Helio Ferretti from Barcelona specialize in gifts and home accessories. The motivation is to make practical products for everyday life, with a touch of colour and freshness.\" \/>\n<meta property=\"og:url\" content=\"https:\/\/gate21.ee\/et\/shop\/black-snake-magnetic-bottle-opener\/\" \/>\n<meta property=\"og:site_name\" content=\"Gate21\" \/>\n<meta property=\"article:publisher\" content=\"https:\/\/www.facebook.com\/gate21.ee\/\" \/>\n<meta property=\"article:modified_time\" content=\"2026-02-18T16:21:03+00:00\" \/>\n<meta property=\"og:image\" content=\"https:\/\/gate21.ee\/wp-content\/uploads\/2024\/12\/122337-1-l.jpg.png\" \/>\n\t<meta property=\"og:image:width\" content=\"2000\" \/>\n\t<meta property=\"og:image:height\" content=\"2000\" \/>\n\t<meta property=\"og:image:type\" content=\"image\/png\" \/>\n<meta name=\"twitter:card\" content=\"summary_large_image\" \/>\n<meta name=\"twitter:label1\" content=\"Est. reading time\" \/>\n\t<meta name=\"twitter:data1\" content=\"1 minut\" \/>\n<script type=\"application\/ld+json\" class=\"yoast-schema-graph\">{\"@context\":\"https:\\\/\\\/schema.org\",\"@graph\":[{\"@type\":\"WebPage\",\"@id\":\"https:\\\/\\\/gate21.ee\\\/shop\\\/black-snake-magnetic-bottle-opener\\\/\",\"url\":\"https:\\\/\\\/gate21.ee\\\/shop\\\/black-snake-magnetic-bottle-opener\\\/\",\"name\":\"Black Snake - Magnetic bottle opener &#8226; Gate21\",\"isPartOf\":{\"@id\":\"https:\\\/\\\/gate21.ee\\\/#website\"},\"primaryImageOfPage\":{\"@id\":\"https:\\\/\\\/gate21.ee\\\/shop\\\/black-snake-magnetic-bottle-opener\\\/#primaryimage\"},\"image\":{\"@id\":\"https:\\\/\\\/gate21.ee\\\/shop\\\/black-snake-magnetic-bottle-opener\\\/#primaryimage\"},\"thumbnailUrl\":\"https:\\\/\\\/gate21.ee\\\/wp-content\\\/uploads\\\/2024\\\/12\\\/122337-1-l.jpg.png\",\"datePublished\":\"2024-12-16T13:53:00+00:00\",\"dateModified\":\"2026-02-18T16:21:03+00:00\",\"breadcrumb\":{\"@id\":\"https:\\\/\\\/gate21.ee\\\/shop\\\/black-snake-magnetic-bottle-opener\\\/#breadcrumb\"},\"inLanguage\":\"et\",\"potentialAction\":[{\"@type\":\"ReadAction\",\"target\":[\"https:\\\/\\\/gate21.ee\\\/shop\\\/black-snake-magnetic-bottle-opener\\\/\"]}]},{\"@type\":\"ImageObject\",\"inLanguage\":\"et\",\"@id\":\"https:\\\/\\\/gate21.ee\\\/shop\\\/black-snake-magnetic-bottle-opener\\\/#primaryimage\",\"url\":\"https:\\\/\\\/gate21.ee\\\/wp-content\\\/uploads\\\/2024\\\/12\\\/122337-1-l.jpg.png\",\"contentUrl\":\"https:\\\/\\\/gate21.ee\\\/wp-content\\\/uploads\\\/2024\\\/12\\\/122337-1-l.jpg.png\",\"width\":2000,\"height\":2000,\"caption\":\"A blue, rocking horse-shaped magnetic bottle opener is attached to packaging labelled \\\"Blue Rocking Horse \u2013 Magnetic Bottle Opener.\\\" Ideal for gift shops, this curated item includes product information in English and Spanish. Gate21.ee\"},{\"@type\":\"BreadcrumbList\",\"@id\":\"https:\\\/\\\/gate21.ee\\\/shop\\\/black-snake-magnetic-bottle-opener\\\/#breadcrumb\",\"itemListElement\":[{\"@type\":\"ListItem\",\"position\":1,\"name\":\"Home\",\"item\":\"https:\\\/\\\/gate21.ee\\\/\"},{\"@type\":\"ListItem\",\"position\":2,\"name\":\"Black Snake &#8211; Magnetic bottle opener\"}]},{\"@type\":\"WebSite\",\"@id\":\"https:\\\/\\\/gate21.ee\\\/#website\",\"url\":\"https:\\\/\\\/gate21.ee\\\/\",\"name\":\"Gate21\",\"description\":\"Gift concept store Gate21\",\"publisher\":{\"@id\":\"https:\\\/\\\/gate21.ee\\\/#organization\"},\"alternateName\":\"gate21\",\"potentialAction\":[{\"@type\":\"SearchAction\",\"target\":{\"@type\":\"EntryPoint\",\"urlTemplate\":\"https:\\\/\\\/gate21.ee\\\/?s={search_term_string}\"},\"query-input\":{\"@type\":\"PropertyValueSpecification\",\"valueRequired\":true,\"valueName\":\"search_term_string\"}}],\"inLanguage\":\"et\"},{\"@type\":\"Organization\",\"@id\":\"https:\\\/\\\/gate21.ee\\\/#organization\",\"name\":\"Gate21\",\"alternateName\":\"Gate21, Oma Asi and Oma Asi Design Store\",\"url\":\"https:\\\/\\\/gate21.ee\\\/\",\"logo\":{\"@type\":\"ImageObject\",\"inLanguage\":\"et\",\"@id\":\"https:\\\/\\\/gate21.ee\\\/#\\\/schema\\\/logo\\\/image\\\/\",\"url\":\"https:\\\/\\\/gate21.ee\\\/wp-content\\\/uploads\\\/2021\\\/11\\\/Gate_21_Logo_2_Valge.png\",\"contentUrl\":\"https:\\\/\\\/gate21.ee\\\/wp-content\\\/uploads\\\/2021\\\/11\\\/Gate_21_Logo_2_Valge.png\",\"width\":2560,\"height\":2560,\"caption\":\"Gate21\"},\"image\":{\"@id\":\"https:\\\/\\\/gate21.ee\\\/#\\\/schema\\\/logo\\\/image\\\/\"},\"sameAs\":[\"https:\\\/\\\/www.facebook.com\\\/gate21.ee\\\/\",\"https:\\\/\\\/www.instagram.com\\\/gate21.ee\\\/\",\"https:\\\/\\\/www.instagram.com\\\/omaasidesign\\\/\",\"https:\\\/\\\/www.instagram.com\\\/omaasi\\\/\",\"https:\\\/\\\/www.facebook.com\\\/omaasidesign\\\/\",\"https:\\\/\\\/www.facebook.com\\\/omaasilittleredhouse\\\/\",\"https:\\\/\\\/www.tiktok.com\\\/@gate21.ee\"]}]}<\/script>\n<!-- \/ Yoast SEO plugin. -->","yoast_head_json":{"title":"Black Snake - Magnetic bottle opener &#8226; Gate21","robots":{"index":"index","follow":"follow","max-snippet":"max-snippet:-1","max-image-preview":"max-image-preview:large","max-video-preview":"max-video-preview:-1"},"canonical":"https:\/\/gate21.ee\/et\/shop\/black-snake-magnetic-bottle-opener\/","og_locale":"et_EE","og_type":"article","og_title":"Black Snake - Magnetic bottle opener &#8226; Gate21","og_description":"Crafted with quality and functionality in mind, it serves as a perfect gift! &nbsp; &nbsp; Helio Ferretti from Barcelona specialize in gifts and home accessories. The motivation is to make practical products for everyday life, with a touch of colour and freshness.","og_url":"https:\/\/gate21.ee\/et\/shop\/black-snake-magnetic-bottle-opener\/","og_site_name":"Gate21","article_publisher":"https:\/\/www.facebook.com\/gate21.ee\/","article_modified_time":"2026-02-18T16:21:03+00:00","og_image":[{"width":2000,"height":2000,"url":"https:\/\/gate21.ee\/wp-content\/uploads\/2024\/12\/122337-1-l.jpg.png","type":"image\/png"}],"twitter_card":"summary_large_image","twitter_misc":{"Est. reading time":"1 minut"},"schema":{"@context":"https:\/\/schema.org","@graph":[{"@type":"WebPage","@id":"https:\/\/gate21.ee\/shop\/black-snake-magnetic-bottle-opener\/","url":"https:\/\/gate21.ee\/shop\/black-snake-magnetic-bottle-opener\/","name":"Black Snake - Magnetic bottle opener &#8226; Gate21","isPartOf":{"@id":"https:\/\/gate21.ee\/#website"},"primaryImageOfPage":{"@id":"https:\/\/gate21.ee\/shop\/black-snake-magnetic-bottle-opener\/#primaryimage"},"image":{"@id":"https:\/\/gate21.ee\/shop\/black-snake-magnetic-bottle-opener\/#primaryimage"},"thumbnailUrl":"https:\/\/gate21.ee\/wp-content\/uploads\/2024\/12\/122337-1-l.jpg.png","datePublished":"2024-12-16T13:53:00+00:00","dateModified":"2026-02-18T16:21:03+00:00","breadcrumb":{"@id":"https:\/\/gate21.ee\/shop\/black-snake-magnetic-bottle-opener\/#breadcrumb"},"inLanguage":"et","potentialAction":[{"@type":"ReadAction","target":["https:\/\/gate21.ee\/shop\/black-snake-magnetic-bottle-opener\/"]}]},{"@type":"ImageObject","inLanguage":"et","@id":"https:\/\/gate21.ee\/shop\/black-snake-magnetic-bottle-opener\/#primaryimage","url":"https:\/\/gate21.ee\/wp-content\/uploads\/2024\/12\/122337-1-l.jpg.png","contentUrl":"https:\/\/gate21.ee\/wp-content\/uploads\/2024\/12\/122337-1-l.jpg.png","width":2000,"height":2000,"caption":"A blue, rocking horse-shaped magnetic bottle opener is attached to packaging labelled \"Blue Rocking Horse \u2013 Magnetic Bottle Opener.\" Ideal for gift shops, this curated item includes product information in English and Spanish. Gate21.ee"},{"@type":"BreadcrumbList","@id":"https:\/\/gate21.ee\/shop\/black-snake-magnetic-bottle-opener\/#breadcrumb","itemListElement":[{"@type":"ListItem","position":1,"name":"Home","item":"https:\/\/gate21.ee\/"},{"@type":"ListItem","position":2,"name":"Black Snake &#8211; Magnetic bottle opener"}]},{"@type":"WebSite","@id":"https:\/\/gate21.ee\/#website","url":"https:\/\/gate21.ee\/","name":"Gate21","description":"Kingituskontseptsioonipood Gate21","publisher":{"@id":"https:\/\/gate21.ee\/#organization"},"alternateName":"gate21","potentialAction":[{"@type":"SearchAction","target":{"@type":"EntryPoint","urlTemplate":"https:\/\/gate21.ee\/?s={search_term_string}"},"query-input":{"@type":"PropertyValueSpecification","valueRequired":true,"valueName":"search_term_string"}}],"inLanguage":"et"},{"@type":"Organization","@id":"https:\/\/gate21.ee\/#organization","name":"Gate21","alternateName":"Gate21, Oma Asi and Oma Asi Design Store","url":"https:\/\/gate21.ee\/","logo":{"@type":"ImageObject","inLanguage":"et","@id":"https:\/\/gate21.ee\/#\/schema\/logo\/image\/","url":"https:\/\/gate21.ee\/wp-content\/uploads\/2021\/11\/Gate_21_Logo_2_Valge.png","contentUrl":"https:\/\/gate21.ee\/wp-content\/uploads\/2021\/11\/Gate_21_Logo_2_Valge.png","width":2560,"height":2560,"caption":"Gate21"},"image":{"@id":"https:\/\/gate21.ee\/#\/schema\/logo\/image\/"},"sameAs":["https:\/\/www.facebook.com\/gate21.ee\/","https:\/\/www.instagram.com\/gate21.ee\/","https:\/\/www.instagram.com\/omaasidesign\/","https:\/\/www.instagram.com\/omaasi\/","https:\/\/www.facebook.com\/omaasidesign\/","https:\/\/www.facebook.com\/omaasilittleredhouse\/","https:\/\/www.tiktok.com\/@gate21.ee"]}]}},"jetpack_sharing_enabled":true,"brands":[{"id":603,"name":"Helio Ferretti","slug":"helioferretti"}],"_links":{"self":[{"href":"https:\/\/gate21.ee\/et\/wp-json\/wp\/v2\/product\/199810","targetHints":{"allow":["GET"]}}],"collection":[{"href":"https:\/\/gate21.ee\/et\/wp-json\/wp\/v2\/product"}],"about":[{"href":"https:\/\/gate21.ee\/et\/wp-json\/wp\/v2\/types\/product"}],"replies":[{"embeddable":true,"href":"https:\/\/gate21.ee\/et\/wp-json\/wp\/v2\/comments?post=199810"}],"version-history":[{"count":1,"href":"https:\/\/gate21.ee\/et\/wp-json\/wp\/v2\/product\/199810\/revisions"}],"predecessor-version":[{"id":213671,"href":"https:\/\/gate21.ee\/et\/wp-json\/wp\/v2\/product\/199810\/revisions\/213671"}],"wp:featuredmedia":[{"embeddable":true,"href":"https:\/\/gate21.ee\/et\/wp-json\/wp\/v2\/media\/199805"}],"wp:attachment":[{"href":"https:\/\/gate21.ee\/et\/wp-json\/wp\/v2\/media?parent=199810"}],"wp:term":[{"taxonomy":"pwb-brand","embeddable":true,"href":"https:\/\/gate21.ee\/et\/wp-json\/wp\/v2\/pwb-brand?post=199810"},{"taxonomy":"product_brand","embeddable":true,"href":"https:\/\/gate21.ee\/et\/wp-json\/wp\/v2\/product_brand?post=199810"},{"taxonomy":"product_cat","embeddable":true,"href":"https:\/\/gate21.ee\/et\/wp-json\/wp\/v2\/product_cat?post=199810"},{"taxonomy":"product_tag","embeddable":true,"href":"https:\/\/gate21.ee\/et\/wp-json\/wp\/v2\/product_tag?post=199810"}],"curies":[{"name":"wp","href":"https:\/\/api.w.org\/{rel}","templated":true}]}}