{"id":198160,"date":"2024-12-06T14:04:00","date_gmt":"2024-12-06T12:04:00","guid":{"rendered":"https:\/\/gate21.ee\/?post_type=product&#038;p=198160"},"modified":"2026-02-15T14:18:22","modified_gmt":"2026-02-15T12:18:22","slug":"the-goddess-of-love-bowl","status":"publish","type":"product","link":"https:\/\/gate21.ee\/et\/shop\/the-goddess-of-love-bowl\/","title":{"rendered":"The Goddess of Love - Kauss"},"content":{"rendered":"<p><span lang=\"SL\">Venus<\/span><span lang=\"SL\"> tema nime j\u00e4rgi, <\/span><span lang=\"SL\">ta teab, kuidas t\u00f6\u00f6tada nappides bikiinides <\/span><span lang=\"SL\">ja v\u00e4himad laigud huulel\u00e4ike. R<\/span><span lang=\"SL\">oma 25 sammust koosneva juuksehooldusrutiini kohta, <\/span><span lang=\"SL\">k\u00fc\u00fcnte hooldamine ja pilatese rutiin. K<\/span><span lang=\"SL\">nows kuidas v\u00f5luda k\u00f5ige k\u00fclmemaid s\u00fcdameid <\/span><span lang=\"SL\">ja r\u00e4\u00e4gib armastuse keelt, vabalt!<\/span><\/p>\n<p>Need kausid mahutavad 450 ml ja sobivad n\u00f5udepesumasinatele ja mikrolaineahjudele.<\/p>\n<p><img fetchpriority=\"high\" decoding=\"async\" class=\"size-medium wp-image-198082 aligncenter\" src=\"https:\/\/gate21.ee\/wp-content\/uploads\/2024\/12\/polonapolona_rominaivancic_ofis-55_720x-300x300.webp\" alt=\"\" width=\"300\" height=\"300\" srcset=\"https:\/\/gate21.ee\/wp-content\/uploads\/2024\/12\/polonapolona_rominaivancic_ofis-55_720x-300x300.webp 300w, https:\/\/gate21.ee\/wp-content\/uploads\/2024\/12\/polonapolona_rominaivancic_ofis-55_720x-150x150.webp 150w, https:\/\/gate21.ee\/wp-content\/uploads\/2024\/12\/polonapolona_rominaivancic_ofis-55_720x-12x12.webp 12w, https:\/\/gate21.ee\/wp-content\/uploads\/2024\/12\/polonapolona_rominaivancic_ofis-55_720x-600x600.webp 600w, https:\/\/gate21.ee\/wp-content\/uploads\/2024\/12\/polonapolona_rominaivancic_ofis-55_720x-100x100.webp 100w, https:\/\/gate21.ee\/wp-content\/uploads\/2024\/12\/polonapolona_rominaivancic_ofis-55_720x-50x50.webp 50w, https:\/\/gate21.ee\/wp-content\/uploads\/2024\/12\/polonapolona_rominaivancic_ofis-55_720x.webp 720w\" sizes=\"(max-width: 300px) 100vw, 300px\" \/><\/p>\n<p>&nbsp;<\/p>\n<p class=\"image-with-text__heading ff-heading fs-heading-1-base animation-fade-up-split-reveal animation-initialized\">Polona, loominguline j\u00f5ud: <span style=\"font-size: 16px\">Armastab joonistada rumalaid inimesi, kirjutada okkalisi tekste, l\u00f5\u00f5gastuda spioonifilmide v\u00f5i hubaste krimkadega.<\/span><\/p>\n<div class=\"image-with-text__subheading rte fs-body-large animation-fade-up-reveal animation-initialized\">\n<p>Unistab maailma vallutamisest, \u00fcks kangelane korraga.<\/p>\n<\/div>\n<p><img decoding=\"async\" class=\"size-medium wp-image-198078 aligncenter\" src=\"https:\/\/gate21.ee\/wp-content\/uploads\/2024\/12\/POLONAPOLONA_logo_54474b6b-8c60-4710-ae7f-ed5adbe79f85_360x-300x62.avif\" alt=\"\" width=\"300\" height=\"62\" srcset=\"https:\/\/gate21.ee\/wp-content\/uploads\/2024\/12\/POLONAPOLONA_logo_54474b6b-8c60-4710-ae7f-ed5adbe79f85_360x-300x62.avif 300w, https:\/\/gate21.ee\/wp-content\/uploads\/2024\/12\/POLONAPOLONA_logo_54474b6b-8c60-4710-ae7f-ed5adbe79f85_360x-18x4.avif 18w, https:\/\/gate21.ee\/wp-content\/uploads\/2024\/12\/POLONAPOLONA_logo_54474b6b-8c60-4710-ae7f-ed5adbe79f85_360x.avif 360w\" sizes=\"(max-width: 300px) 100vw, 300px\" \/><\/p>","protected":false},"excerpt":{"rendered":"<p>Venus by her name, she knows how to work skimpy bikinis and merest specks of lipgloss. Religious about her 25-step haircare routine, nail upkeep and pilates routines. Knows how to charm the coldest hearts and speaks the language of love, fluently! These bowls can hold 450ml and are suitable for dishwash machines and microwaves. &nbsp; [&hellip;]<\/p>\n","protected":false},"featured_media":198165,"comment_status":"closed","ping_status":"closed","template":"","meta":{"site-sidebar-layout":"default","site-content-layout":"","ast-site-content-layout":"default","site-content-style":"default","site-sidebar-style":"default","ast-global-header-display":"","ast-banner-title-visibility":"","ast-main-header-display":"","ast-hfb-above-header-display":"","ast-hfb-below-header-display":"","ast-hfb-mobile-header-display":"","site-post-title":"","ast-breadcrumbs-content":"","ast-featured-img":"","footer-sml-layout":"","ast-disable-related-posts":"","theme-transparent-header-meta":"default","adv-header-id-meta":"","stick-header-meta":"default","header-above-stick-meta":"","header-main-stick-meta":"","header-below-stick-meta":"","astra-migrate-meta-layouts":"set","ast-page-background-enabled":"default","ast-page-background-meta":{"desktop":{"background-color":"","background-image":"","background-repeat":"repeat","background-position":"center center","background-size":"auto","background-attachment":"scroll","background-type":"","background-media":"","overlay-type":"","overlay-color":"","overlay-opacity":"","overlay-gradient":""},"tablet":{"background-color":"","background-image":"","background-repeat":"repeat","background-position":"center center","background-size":"auto","background-attachment":"scroll","background-type":"","background-media":"","overlay-type":"","overlay-color":"","overlay-opacity":"","overlay-gradient":""},"mobile":{"background-color":"","background-image":"","background-repeat":"repeat","background-position":"center center","background-size":"auto","background-attachment":"scroll","background-type":"","background-media":"","overlay-type":"","overlay-color":"","overlay-opacity":"","overlay-gradient":""}},"ast-content-background-meta":{"desktop":{"background-color":"var(--ast-global-color-5)","background-image":"","background-repeat":"repeat","background-position":"center center","background-size":"auto","background-attachment":"scroll","background-type":"","background-media":"","overlay-type":"","overlay-color":"","overlay-opacity":"","overlay-gradient":""},"tablet":{"background-color":"var(--ast-global-color-5)","background-image":"","background-repeat":"repeat","background-position":"center center","background-size":"auto","background-attachment":"scroll","background-type":"","background-media":"","overlay-type":"","overlay-color":"","overlay-opacity":"","overlay-gradient":""},"mobile":{"background-color":"var(--ast-global-color-5)","background-image":"","background-repeat":"repeat","background-position":"center center","background-size":"auto","background-attachment":"scroll","background-type":"","background-media":"","overlay-type":"","overlay-color":"","overlay-opacity":"","overlay-gradient":""}}},"pwb-brand":[607],"product_brand":[],"product_cat":[139,218,54],"product_tag":[],"class_list":{"0":"post-198160","1":"product","2":"type-product","3":"status-publish","4":"has-post-thumbnail","6":"pwb-brand-polonapolona","7":"product_cat-ceramics","8":"product_cat-home","9":"product_cat-sale","10":"desktop-align-center","11":"tablet-align-center","12":"mobile-align-center","13":"ast-product-gallery-layout-vertical","14":"ast-product-tabs-layout-horizontal","16":"first","17":"instock","18":"sale","19":"taxable","20":"shipping-taxable","21":"purchasable","22":"product-type-simple"},"yoast_head":"<!-- This site is optimized with the Yoast SEO plugin v27.4 - https:\/\/yoast.com\/product\/yoast-seo-wordpress\/ -->\n<title>The Goddess of Love - Bowl &#8226; Gate21<\/title>\n<meta name=\"description\" content=\"Polona, the creative force loves drawing silly people, writing prickly texts, lounging with spy movies or cosy mysteries.\" \/>\n<meta name=\"robots\" content=\"index, follow, max-snippet:-1, max-image-preview:large, max-video-preview:-1\" \/>\n<link rel=\"canonical\" href=\"https:\/\/gate21.ee\/et\/shop\/the-goddess-of-love-bowl\/\" \/>\n<meta property=\"og:locale\" content=\"et_EE\" \/>\n<meta property=\"og:type\" content=\"article\" \/>\n<meta property=\"og:title\" content=\"The Goddess of Love - Bowl &#8226; Gate21\" \/>\n<meta property=\"og:description\" content=\"Polona, the creative force loves drawing silly people, writing prickly texts, lounging with spy movies or cosy mysteries.\" \/>\n<meta property=\"og:url\" content=\"https:\/\/gate21.ee\/et\/shop\/the-goddess-of-love-bowl\/\" \/>\n<meta property=\"og:site_name\" content=\"Gate21\" \/>\n<meta property=\"article:publisher\" content=\"https:\/\/www.facebook.com\/gate21.ee\/\" \/>\n<meta property=\"article:modified_time\" content=\"2026-02-15T12:18:22+00:00\" \/>\n<meta property=\"og:image\" content=\"https:\/\/gate21.ee\/wp-content\/uploads\/2024\/12\/inspired-by-venus-bowl-polonapolona-289374_540x.webp\" \/>\n\t<meta property=\"og:image:width\" content=\"540\" \/>\n\t<meta property=\"og:image:height\" content=\"540\" \/>\n\t<meta property=\"og:image:type\" content=\"image\/webp\" \/>\n<meta name=\"twitter:card\" content=\"summary_large_image\" \/>\n<meta name=\"twitter:label1\" content=\"Est. reading time\" \/>\n\t<meta name=\"twitter:data1\" content=\"1 minut\" \/>\n<script type=\"application\/ld+json\" class=\"yoast-schema-graph\">{\"@context\":\"https:\\\/\\\/schema.org\",\"@graph\":[{\"@type\":\"WebPage\",\"@id\":\"https:\\\/\\\/gate21.ee\\\/shop\\\/the-goddess-of-love-bowl\\\/\",\"url\":\"https:\\\/\\\/gate21.ee\\\/shop\\\/the-goddess-of-love-bowl\\\/\",\"name\":\"The Goddess of Love - Bowl &#8226; Gate21\",\"isPartOf\":{\"@id\":\"https:\\\/\\\/gate21.ee\\\/#website\"},\"primaryImageOfPage\":{\"@id\":\"https:\\\/\\\/gate21.ee\\\/shop\\\/the-goddess-of-love-bowl\\\/#primaryimage\"},\"image\":{\"@id\":\"https:\\\/\\\/gate21.ee\\\/shop\\\/the-goddess-of-love-bowl\\\/#primaryimage\"},\"thumbnailUrl\":\"https:\\\/\\\/gate21.ee\\\/wp-content\\\/uploads\\\/2024\\\/12\\\/inspired-by-venus-bowl-polonapolona-289374_540x.webp\",\"datePublished\":\"2024-12-06T12:04:00+00:00\",\"dateModified\":\"2026-02-15T12:18:22+00:00\",\"description\":\"Polona, the creative force loves drawing silly people, writing prickly texts, lounging with spy movies or cosy mysteries.\",\"breadcrumb\":{\"@id\":\"https:\\\/\\\/gate21.ee\\\/shop\\\/the-goddess-of-love-bowl\\\/#breadcrumb\"},\"inLanguage\":\"et\",\"potentialAction\":[{\"@type\":\"ReadAction\",\"target\":[\"https:\\\/\\\/gate21.ee\\\/shop\\\/the-goddess-of-love-bowl\\\/\"]}]},{\"@type\":\"ImageObject\",\"inLanguage\":\"et\",\"@id\":\"https:\\\/\\\/gate21.ee\\\/shop\\\/the-goddess-of-love-bowl\\\/#primaryimage\",\"url\":\"https:\\\/\\\/gate21.ee\\\/wp-content\\\/uploads\\\/2024\\\/12\\\/inspired-by-venus-bowl-polonapolona-289374_540x.webp\",\"contentUrl\":\"https:\\\/\\\/gate21.ee\\\/wp-content\\\/uploads\\\/2024\\\/12\\\/inspired-by-venus-bowl-polonapolona-289374_540x.webp\",\"width\":540,\"height\":540,\"caption\":\"Discover unique inspiration in Tallinn with The Goddess of Love - Bowl, a curated white ceramic piece featuring a black line drawing of a long-haired woman in an elegant pose. Gate21.ee\"},{\"@type\":\"BreadcrumbList\",\"@id\":\"https:\\\/\\\/gate21.ee\\\/shop\\\/the-goddess-of-love-bowl\\\/#breadcrumb\",\"itemListElement\":[{\"@type\":\"ListItem\",\"position\":1,\"name\":\"Home\",\"item\":\"https:\\\/\\\/gate21.ee\\\/\"},{\"@type\":\"ListItem\",\"position\":2,\"name\":\"The Goddess of Love &#8211; Bowl\"}]},{\"@type\":\"WebSite\",\"@id\":\"https:\\\/\\\/gate21.ee\\\/#website\",\"url\":\"https:\\\/\\\/gate21.ee\\\/\",\"name\":\"Gate21\",\"description\":\"Gift concept store Gate21\",\"publisher\":{\"@id\":\"https:\\\/\\\/gate21.ee\\\/#organization\"},\"alternateName\":\"gate21\",\"potentialAction\":[{\"@type\":\"SearchAction\",\"target\":{\"@type\":\"EntryPoint\",\"urlTemplate\":\"https:\\\/\\\/gate21.ee\\\/?s={search_term_string}\"},\"query-input\":{\"@type\":\"PropertyValueSpecification\",\"valueRequired\":true,\"valueName\":\"search_term_string\"}}],\"inLanguage\":\"et\"},{\"@type\":\"Organization\",\"@id\":\"https:\\\/\\\/gate21.ee\\\/#organization\",\"name\":\"Gate21\",\"alternateName\":\"Gate21, Oma Asi and Oma Asi Design Store\",\"url\":\"https:\\\/\\\/gate21.ee\\\/\",\"logo\":{\"@type\":\"ImageObject\",\"inLanguage\":\"et\",\"@id\":\"https:\\\/\\\/gate21.ee\\\/#\\\/schema\\\/logo\\\/image\\\/\",\"url\":\"https:\\\/\\\/gate21.ee\\\/wp-content\\\/uploads\\\/2021\\\/11\\\/Gate_21_Logo_2_Valge.png\",\"contentUrl\":\"https:\\\/\\\/gate21.ee\\\/wp-content\\\/uploads\\\/2021\\\/11\\\/Gate_21_Logo_2_Valge.png\",\"width\":2560,\"height\":2560,\"caption\":\"Gate21\"},\"image\":{\"@id\":\"https:\\\/\\\/gate21.ee\\\/#\\\/schema\\\/logo\\\/image\\\/\"},\"sameAs\":[\"https:\\\/\\\/www.facebook.com\\\/gate21.ee\\\/\",\"https:\\\/\\\/www.instagram.com\\\/gate21.ee\\\/\",\"https:\\\/\\\/www.instagram.com\\\/omaasidesign\\\/\",\"https:\\\/\\\/www.instagram.com\\\/omaasi\\\/\",\"https:\\\/\\\/www.facebook.com\\\/omaasidesign\\\/\",\"https:\\\/\\\/www.facebook.com\\\/omaasilittleredhouse\\\/\",\"https:\\\/\\\/www.tiktok.com\\\/@gate21.ee\"]}]}<\/script>\n<!-- \/ Yoast SEO plugin. -->","yoast_head_json":{"title":"The Goddess of Love - Bowl &#8226; Gate21","description":"Polona, the creative force loves drawing silly people, writing prickly texts, lounging with spy movies or cosy mysteries.","robots":{"index":"index","follow":"follow","max-snippet":"max-snippet:-1","max-image-preview":"max-image-preview:large","max-video-preview":"max-video-preview:-1"},"canonical":"https:\/\/gate21.ee\/et\/shop\/the-goddess-of-love-bowl\/","og_locale":"et_EE","og_type":"article","og_title":"The Goddess of Love - Bowl &#8226; Gate21","og_description":"Polona, the creative force loves drawing silly people, writing prickly texts, lounging with spy movies or cosy mysteries.","og_url":"https:\/\/gate21.ee\/et\/shop\/the-goddess-of-love-bowl\/","og_site_name":"Gate21","article_publisher":"https:\/\/www.facebook.com\/gate21.ee\/","article_modified_time":"2026-02-15T12:18:22+00:00","og_image":[{"width":540,"height":540,"url":"https:\/\/gate21.ee\/wp-content\/uploads\/2024\/12\/inspired-by-venus-bowl-polonapolona-289374_540x.webp","type":"image\/webp"}],"twitter_card":"summary_large_image","twitter_misc":{"Est. reading time":"1 minut"},"schema":{"@context":"https:\/\/schema.org","@graph":[{"@type":"WebPage","@id":"https:\/\/gate21.ee\/shop\/the-goddess-of-love-bowl\/","url":"https:\/\/gate21.ee\/shop\/the-goddess-of-love-bowl\/","name":"The Goddess of Love - Bowl &#8226; Gate21","isPartOf":{"@id":"https:\/\/gate21.ee\/#website"},"primaryImageOfPage":{"@id":"https:\/\/gate21.ee\/shop\/the-goddess-of-love-bowl\/#primaryimage"},"image":{"@id":"https:\/\/gate21.ee\/shop\/the-goddess-of-love-bowl\/#primaryimage"},"thumbnailUrl":"https:\/\/gate21.ee\/wp-content\/uploads\/2024\/12\/inspired-by-venus-bowl-polonapolona-289374_540x.webp","datePublished":"2024-12-06T12:04:00+00:00","dateModified":"2026-02-15T12:18:22+00:00","description":"Polona, the creative force loves drawing silly people, writing prickly texts, lounging with spy movies or cosy mysteries.","breadcrumb":{"@id":"https:\/\/gate21.ee\/shop\/the-goddess-of-love-bowl\/#breadcrumb"},"inLanguage":"et","potentialAction":[{"@type":"ReadAction","target":["https:\/\/gate21.ee\/shop\/the-goddess-of-love-bowl\/"]}]},{"@type":"ImageObject","inLanguage":"et","@id":"https:\/\/gate21.ee\/shop\/the-goddess-of-love-bowl\/#primaryimage","url":"https:\/\/gate21.ee\/wp-content\/uploads\/2024\/12\/inspired-by-venus-bowl-polonapolona-289374_540x.webp","contentUrl":"https:\/\/gate21.ee\/wp-content\/uploads\/2024\/12\/inspired-by-venus-bowl-polonapolona-289374_540x.webp","width":540,"height":540,"caption":"Discover unique inspiration in Tallinn with The Goddess of Love - Bowl, a curated white ceramic piece featuring a black line drawing of a long-haired woman in an elegant pose. Gate21.ee"},{"@type":"BreadcrumbList","@id":"https:\/\/gate21.ee\/shop\/the-goddess-of-love-bowl\/#breadcrumb","itemListElement":[{"@type":"ListItem","position":1,"name":"Home","item":"https:\/\/gate21.ee\/"},{"@type":"ListItem","position":2,"name":"The Goddess of Love &#8211; Bowl"}]},{"@type":"WebSite","@id":"https:\/\/gate21.ee\/#website","url":"https:\/\/gate21.ee\/","name":"Gate21","description":"Kingituskontseptsioonipood Gate21","publisher":{"@id":"https:\/\/gate21.ee\/#organization"},"alternateName":"gate21","potentialAction":[{"@type":"SearchAction","target":{"@type":"EntryPoint","urlTemplate":"https:\/\/gate21.ee\/?s={search_term_string}"},"query-input":{"@type":"PropertyValueSpecification","valueRequired":true,"valueName":"search_term_string"}}],"inLanguage":"et"},{"@type":"Organization","@id":"https:\/\/gate21.ee\/#organization","name":"Gate21","alternateName":"Gate21, Oma Asi and Oma Asi Design Store","url":"https:\/\/gate21.ee\/","logo":{"@type":"ImageObject","inLanguage":"et","@id":"https:\/\/gate21.ee\/#\/schema\/logo\/image\/","url":"https:\/\/gate21.ee\/wp-content\/uploads\/2021\/11\/Gate_21_Logo_2_Valge.png","contentUrl":"https:\/\/gate21.ee\/wp-content\/uploads\/2021\/11\/Gate_21_Logo_2_Valge.png","width":2560,"height":2560,"caption":"Gate21"},"image":{"@id":"https:\/\/gate21.ee\/#\/schema\/logo\/image\/"},"sameAs":["https:\/\/www.facebook.com\/gate21.ee\/","https:\/\/www.instagram.com\/gate21.ee\/","https:\/\/www.instagram.com\/omaasidesign\/","https:\/\/www.instagram.com\/omaasi\/","https:\/\/www.facebook.com\/omaasidesign\/","https:\/\/www.facebook.com\/omaasilittleredhouse\/","https:\/\/www.tiktok.com\/@gate21.ee"]}]}},"jetpack_sharing_enabled":true,"brands":[{"id":607,"name":"Polona Polona","slug":"polonapolona"}],"_links":{"self":[{"href":"https:\/\/gate21.ee\/et\/wp-json\/wp\/v2\/product\/198160","targetHints":{"allow":["GET"]}}],"collection":[{"href":"https:\/\/gate21.ee\/et\/wp-json\/wp\/v2\/product"}],"about":[{"href":"https:\/\/gate21.ee\/et\/wp-json\/wp\/v2\/types\/product"}],"replies":[{"embeddable":true,"href":"https:\/\/gate21.ee\/et\/wp-json\/wp\/v2\/comments?post=198160"}],"version-history":[{"count":2,"href":"https:\/\/gate21.ee\/et\/wp-json\/wp\/v2\/product\/198160\/revisions"}],"predecessor-version":[{"id":249801,"href":"https:\/\/gate21.ee\/et\/wp-json\/wp\/v2\/product\/198160\/revisions\/249801"}],"wp:featuredmedia":[{"embeddable":true,"href":"https:\/\/gate21.ee\/et\/wp-json\/wp\/v2\/media\/198165"}],"wp:attachment":[{"href":"https:\/\/gate21.ee\/et\/wp-json\/wp\/v2\/media?parent=198160"}],"wp:term":[{"taxonomy":"pwb-brand","embeddable":true,"href":"https:\/\/gate21.ee\/et\/wp-json\/wp\/v2\/pwb-brand?post=198160"},{"taxonomy":"product_brand","embeddable":true,"href":"https:\/\/gate21.ee\/et\/wp-json\/wp\/v2\/product_brand?post=198160"},{"taxonomy":"product_cat","embeddable":true,"href":"https:\/\/gate21.ee\/et\/wp-json\/wp\/v2\/product_cat?post=198160"},{"taxonomy":"product_tag","embeddable":true,"href":"https:\/\/gate21.ee\/et\/wp-json\/wp\/v2\/product_tag?post=198160"}],"curies":[{"name":"wp","href":"https:\/\/api.w.org\/{rel}","templated":true}]}}