{"id":197974,"date":"2024-12-05T16:39:00","date_gmt":"2024-12-05T14:39:00","guid":{"rendered":"https:\/\/gate21.ee\/?post_type=product&#038;p=197974"},"modified":"2026-02-15T14:18:26","modified_gmt":"2026-02-15T12:18:26","slug":"mini-ona-sherpa-bag-sand","status":"publish","type":"product","link":"https:\/\/gate21.ee\/et\/shop\/mini-ona-sherpa-bag-sand\/","title":{"rendered":"Mini Ona Sherpa Bag - Sand"},"content":{"rendered":"<p>Armastu sellesse pehmesse ja mitmek\u00fclgsesse <a href=\"https:\/\/gate21.ee\/et\/tootekategooria\/accessories\/bags\/\">Bag<\/a>, valmistatud veekindlast kergest nailonist.<\/p>\n<p>Kergete polsterdatud materjalide t\u00f5ttu on see v\u00e4ga mugav k\u00e4ekott, \u00f5lakott v\u00f5i seljakott.<\/p>\n<p>Ona kotti saab puhastada ka pehme harja, sooja vee ja seebiga.<\/p>\n<p><a href=\"https:\/\/www.olend.net\/pages\/about\"><img fetchpriority=\"high\" decoding=\"async\" class=\"alignnone size-medium wp-image-197910 aligncenter\" src=\"https:\/\/gate21.ee\/wp-content\/uploads\/2024\/12\/C87A3130-230x300.webp\" alt=\"\" width=\"230\" height=\"300\" srcset=\"https:\/\/gate21.ee\/wp-content\/uploads\/2024\/12\/C87A3130-230x300.webp 230w, https:\/\/gate21.ee\/wp-content\/uploads\/2024\/12\/C87A3130-786x1024.webp 786w, https:\/\/gate21.ee\/wp-content\/uploads\/2024\/12\/C87A3130-768x1000.webp 768w, https:\/\/gate21.ee\/wp-content\/uploads\/2024\/12\/C87A3130-9x12.webp 9w, https:\/\/gate21.ee\/wp-content\/uploads\/2024\/12\/C87A3130-600x781.webp 600w, https:\/\/gate21.ee\/wp-content\/uploads\/2024\/12\/C87A3130.webp 900w\" sizes=\"(max-width: 230px) 100vw, 230px\" \/><\/a><\/p>\n<p><a href=\"https:\/\/gate21.ee\/et\/brand\/olend\/\">\u00d6LEND<\/a> sai alguse Adriana ja Frani kirglikust projektist, kes kohtusid Barcelonas filmimise ajal. Sealt avastasid nad DIY-seljakotikursuse ja hakkasid looma oma disainilahendusi, mis \u00e4ratasid kiiresti nii s\u00f5prade kui ka v\u00f5\u00f5raste t\u00e4helepanu. N\u00f5udlus nende toodete j\u00e4rele kasvas ja \u00d6LEND s\u00fcndis. Seej\u00e4rel said Antonio ja Juan -Frani lapsep\u00f5lves\u00f5brad- ettev\u00f5tte liikmeks.<\/p>","protected":false},"excerpt":{"rendered":"<p>Fall in love with this soft and versatile bag, crafted with water-resistant light nylon. The lightweight padded materials make for a very comfortable handbag, shoulder bag or backpack. You can also clean your Ona bag with a soft brush, warm water and soap. \u00d6LEND began as a passion project between Adriana and Fran, who met [&hellip;]<\/p>\n","protected":false},"featured_media":197975,"comment_status":"closed","ping_status":"closed","template":"","meta":{"site-sidebar-layout":"default","site-content-layout":"","ast-site-content-layout":"default","site-content-style":"default","site-sidebar-style":"default","ast-global-header-display":"","ast-banner-title-visibility":"","ast-main-header-display":"","ast-hfb-above-header-display":"","ast-hfb-below-header-display":"","ast-hfb-mobile-header-display":"","site-post-title":"","ast-breadcrumbs-content":"","ast-featured-img":"","footer-sml-layout":"","ast-disable-related-posts":"","theme-transparent-header-meta":"default","adv-header-id-meta":"","stick-header-meta":"default","header-above-stick-meta":"","header-main-stick-meta":"","header-below-stick-meta":"","astra-migrate-meta-layouts":"set","ast-page-background-enabled":"default","ast-page-background-meta":{"desktop":{"background-color":"","background-image":"","background-repeat":"repeat","background-position":"center center","background-size":"auto","background-attachment":"scroll","background-type":"","background-media":"","overlay-type":"","overlay-color":"","overlay-opacity":"","overlay-gradient":""},"tablet":{"background-color":"","background-image":"","background-repeat":"repeat","background-position":"center center","background-size":"auto","background-attachment":"scroll","background-type":"","background-media":"","overlay-type":"","overlay-color":"","overlay-opacity":"","overlay-gradient":""},"mobile":{"background-color":"","background-image":"","background-repeat":"repeat","background-position":"center center","background-size":"auto","background-attachment":"scroll","background-type":"","background-media":"","overlay-type":"","overlay-color":"","overlay-opacity":"","overlay-gradient":""}},"ast-content-background-meta":{"desktop":{"background-color":"var(--ast-global-color-5)","background-image":"","background-repeat":"repeat","background-position":"center center","background-size":"auto","background-attachment":"scroll","background-type":"","background-media":"","overlay-type":"","overlay-color":"","overlay-opacity":"","overlay-gradient":""},"tablet":{"background-color":"var(--ast-global-color-5)","background-image":"","background-repeat":"repeat","background-position":"center center","background-size":"auto","background-attachment":"scroll","background-type":"","background-media":"","overlay-type":"","overlay-color":"","overlay-opacity":"","overlay-gradient":""},"mobile":{"background-color":"var(--ast-global-color-5)","background-image":"","background-repeat":"repeat","background-position":"center center","background-size":"auto","background-attachment":"scroll","background-type":"","background-media":"","overlay-type":"","overlay-color":"","overlay-opacity":"","overlay-gradient":""}}},"pwb-brand":[606],"product_brand":[],"product_cat":[213,260],"product_tag":[],"class_list":{"0":"post-197974","1":"product","2":"type-product","3":"status-publish","4":"has-post-thumbnail","6":"pwb-brand-olend","7":"product_cat-accessories","8":"product_cat-bags","9":"desktop-align-center","10":"tablet-align-center","11":"mobile-align-center","12":"ast-product-gallery-layout-vertical","13":"ast-product-tabs-layout-horizontal","15":"first","16":"instock","17":"taxable","18":"shipping-taxable","19":"purchasable","20":"product-type-simple"},"yoast_head":"<!-- This site is optimized with the Yoast SEO plugin v27.4 - https:\/\/yoast.com\/product\/yoast-seo-wordpress\/ -->\n<title>Mini Ona Sherpa Bag - Sand &#8226; Gate21<\/title>\n<meta name=\"description\" content=\"Fall in love with the \u00d6LEND lightweight padded mini Ona bags! They come in various colours and are water repellent stunning handbags, shoulder bags or backpacks.\" \/>\n<meta name=\"robots\" content=\"index, follow, max-snippet:-1, max-image-preview:large, max-video-preview:-1\" \/>\n<link rel=\"canonical\" href=\"https:\/\/gate21.ee\/et\/shop\/mini-ona-sherpa-bag-sand\/\" \/>\n<meta property=\"og:locale\" content=\"et_EE\" \/>\n<meta property=\"og:type\" content=\"article\" \/>\n<meta property=\"og:title\" content=\"Mini Ona Sherpa Bag - Sand &#8226; Gate21\" \/>\n<meta property=\"og:description\" content=\"Fall in love with the \u00d6LEND lightweight padded mini Ona bags! They come in various colours and are water repellent stunning handbags, shoulder bags or backpacks.\" \/>\n<meta property=\"og:url\" content=\"https:\/\/gate21.ee\/et\/shop\/mini-ona-sherpa-bag-sand\/\" \/>\n<meta property=\"og:site_name\" content=\"Gate21\" \/>\n<meta property=\"article:publisher\" content=\"https:\/\/www.facebook.com\/gate21.ee\/\" \/>\n<meta property=\"article:modified_time\" content=\"2026-02-15T12:18:26+00:00\" \/>\n<meta property=\"og:image\" content=\"https:\/\/gate21.ee\/wp-content\/uploads\/2024\/12\/MiniOna-Beige.webp\" \/>\n\t<meta property=\"og:image:width\" content=\"1536\" \/>\n\t<meta property=\"og:image:height\" content=\"2048\" \/>\n\t<meta property=\"og:image:type\" content=\"image\/webp\" \/>\n<meta name=\"twitter:card\" content=\"summary_large_image\" \/>\n<meta name=\"twitter:label1\" content=\"Est. reading time\" \/>\n\t<meta name=\"twitter:data1\" content=\"1 minut\" \/>\n<script type=\"application\/ld+json\" class=\"yoast-schema-graph\">{\"@context\":\"https:\\\/\\\/schema.org\",\"@graph\":[{\"@type\":\"WebPage\",\"@id\":\"https:\\\/\\\/gate21.ee\\\/shop\\\/mini-ona-sherpa-bag-sand\\\/\",\"url\":\"https:\\\/\\\/gate21.ee\\\/shop\\\/mini-ona-sherpa-bag-sand\\\/\",\"name\":\"Mini Ona Sherpa Bag - Sand &#8226; Gate21\",\"isPartOf\":{\"@id\":\"https:\\\/\\\/gate21.ee\\\/#website\"},\"primaryImageOfPage\":{\"@id\":\"https:\\\/\\\/gate21.ee\\\/shop\\\/mini-ona-sherpa-bag-sand\\\/#primaryimage\"},\"image\":{\"@id\":\"https:\\\/\\\/gate21.ee\\\/shop\\\/mini-ona-sherpa-bag-sand\\\/#primaryimage\"},\"thumbnailUrl\":\"https:\\\/\\\/gate21.ee\\\/wp-content\\\/uploads\\\/2024\\\/12\\\/MiniOna-Beige.webp\",\"datePublished\":\"2024-12-05T14:39:00+00:00\",\"dateModified\":\"2026-02-15T12:18:26+00:00\",\"description\":\"Fall in love with the \u00d6LEND lightweight padded mini Ona bags! They come in various colours and are water repellent stunning handbags, shoulder bags or backpacks.\",\"breadcrumb\":{\"@id\":\"https:\\\/\\\/gate21.ee\\\/shop\\\/mini-ona-sherpa-bag-sand\\\/#breadcrumb\"},\"inLanguage\":\"et\",\"potentialAction\":[{\"@type\":\"ReadAction\",\"target\":[\"https:\\\/\\\/gate21.ee\\\/shop\\\/mini-ona-sherpa-bag-sand\\\/\"]}]},{\"@type\":\"ImageObject\",\"inLanguage\":\"et\",\"@id\":\"https:\\\/\\\/gate21.ee\\\/shop\\\/mini-ona-sherpa-bag-sand\\\/#primaryimage\",\"url\":\"https:\\\/\\\/gate21.ee\\\/wp-content\\\/uploads\\\/2024\\\/12\\\/MiniOna-Beige.webp\",\"contentUrl\":\"https:\\\/\\\/gate21.ee\\\/wp-content\\\/uploads\\\/2024\\\/12\\\/MiniOna-Beige.webp\",\"width\":1536,\"height\":2048,\"caption\":\"The Mini Ona Sherpa Bag - Sand is a cream-coloured, plush handbag with a soft texture, featuring a short handle and long shoulder strap. An Estonian design piece, it's displayed against a plain white background. Gate21.ee\"},{\"@type\":\"BreadcrumbList\",\"@id\":\"https:\\\/\\\/gate21.ee\\\/shop\\\/mini-ona-sherpa-bag-sand\\\/#breadcrumb\",\"itemListElement\":[{\"@type\":\"ListItem\",\"position\":1,\"name\":\"Home\",\"item\":\"https:\\\/\\\/gate21.ee\\\/\"},{\"@type\":\"ListItem\",\"position\":2,\"name\":\"Mini Ona Sherpa Bag &#8211; Sand\"}]},{\"@type\":\"WebSite\",\"@id\":\"https:\\\/\\\/gate21.ee\\\/#website\",\"url\":\"https:\\\/\\\/gate21.ee\\\/\",\"name\":\"Gate21\",\"description\":\"Gift concept store Gate21\",\"publisher\":{\"@id\":\"https:\\\/\\\/gate21.ee\\\/#organization\"},\"alternateName\":\"gate21\",\"potentialAction\":[{\"@type\":\"SearchAction\",\"target\":{\"@type\":\"EntryPoint\",\"urlTemplate\":\"https:\\\/\\\/gate21.ee\\\/?s={search_term_string}\"},\"query-input\":{\"@type\":\"PropertyValueSpecification\",\"valueRequired\":true,\"valueName\":\"search_term_string\"}}],\"inLanguage\":\"et\"},{\"@type\":\"Organization\",\"@id\":\"https:\\\/\\\/gate21.ee\\\/#organization\",\"name\":\"Gate21\",\"alternateName\":\"Gate21, Oma Asi and Oma Asi Design Store\",\"url\":\"https:\\\/\\\/gate21.ee\\\/\",\"logo\":{\"@type\":\"ImageObject\",\"inLanguage\":\"et\",\"@id\":\"https:\\\/\\\/gate21.ee\\\/#\\\/schema\\\/logo\\\/image\\\/\",\"url\":\"https:\\\/\\\/gate21.ee\\\/wp-content\\\/uploads\\\/2021\\\/11\\\/Gate_21_Logo_2_Valge.png\",\"contentUrl\":\"https:\\\/\\\/gate21.ee\\\/wp-content\\\/uploads\\\/2021\\\/11\\\/Gate_21_Logo_2_Valge.png\",\"width\":2560,\"height\":2560,\"caption\":\"Gate21\"},\"image\":{\"@id\":\"https:\\\/\\\/gate21.ee\\\/#\\\/schema\\\/logo\\\/image\\\/\"},\"sameAs\":[\"https:\\\/\\\/www.facebook.com\\\/gate21.ee\\\/\",\"https:\\\/\\\/www.instagram.com\\\/gate21.ee\\\/\",\"https:\\\/\\\/www.instagram.com\\\/omaasidesign\\\/\",\"https:\\\/\\\/www.instagram.com\\\/omaasi\\\/\",\"https:\\\/\\\/www.facebook.com\\\/omaasidesign\\\/\",\"https:\\\/\\\/www.facebook.com\\\/omaasilittleredhouse\\\/\",\"https:\\\/\\\/www.tiktok.com\\\/@gate21.ee\"]}]}<\/script>\n<!-- \/ Yoast SEO plugin. -->","yoast_head_json":{"title":"Mini Ona Sherpa Bag - Sand &#8226; Gate21","description":"Fall in love with the \u00d6LEND lightweight padded mini Ona bags! They come in various colours and are water repellent stunning handbags, shoulder bags or backpacks.","robots":{"index":"index","follow":"follow","max-snippet":"max-snippet:-1","max-image-preview":"max-image-preview:large","max-video-preview":"max-video-preview:-1"},"canonical":"https:\/\/gate21.ee\/et\/shop\/mini-ona-sherpa-bag-sand\/","og_locale":"et_EE","og_type":"article","og_title":"Mini Ona Sherpa Bag - Sand &#8226; Gate21","og_description":"Fall in love with the \u00d6LEND lightweight padded mini Ona bags! They come in various colours and are water repellent stunning handbags, shoulder bags or backpacks.","og_url":"https:\/\/gate21.ee\/et\/shop\/mini-ona-sherpa-bag-sand\/","og_site_name":"Gate21","article_publisher":"https:\/\/www.facebook.com\/gate21.ee\/","article_modified_time":"2026-02-15T12:18:26+00:00","og_image":[{"width":1536,"height":2048,"url":"https:\/\/gate21.ee\/wp-content\/uploads\/2024\/12\/MiniOna-Beige.webp","type":"image\/webp"}],"twitter_card":"summary_large_image","twitter_misc":{"Est. reading time":"1 minut"},"schema":{"@context":"https:\/\/schema.org","@graph":[{"@type":"WebPage","@id":"https:\/\/gate21.ee\/shop\/mini-ona-sherpa-bag-sand\/","url":"https:\/\/gate21.ee\/shop\/mini-ona-sherpa-bag-sand\/","name":"Mini Ona Sherpa Bag - Sand &#8226; Gate21","isPartOf":{"@id":"https:\/\/gate21.ee\/#website"},"primaryImageOfPage":{"@id":"https:\/\/gate21.ee\/shop\/mini-ona-sherpa-bag-sand\/#primaryimage"},"image":{"@id":"https:\/\/gate21.ee\/shop\/mini-ona-sherpa-bag-sand\/#primaryimage"},"thumbnailUrl":"https:\/\/gate21.ee\/wp-content\/uploads\/2024\/12\/MiniOna-Beige.webp","datePublished":"2024-12-05T14:39:00+00:00","dateModified":"2026-02-15T12:18:26+00:00","description":"Fall in love with the \u00d6LEND lightweight padded mini Ona bags! They come in various colours and are water repellent stunning handbags, shoulder bags or backpacks.","breadcrumb":{"@id":"https:\/\/gate21.ee\/shop\/mini-ona-sherpa-bag-sand\/#breadcrumb"},"inLanguage":"et","potentialAction":[{"@type":"ReadAction","target":["https:\/\/gate21.ee\/shop\/mini-ona-sherpa-bag-sand\/"]}]},{"@type":"ImageObject","inLanguage":"et","@id":"https:\/\/gate21.ee\/shop\/mini-ona-sherpa-bag-sand\/#primaryimage","url":"https:\/\/gate21.ee\/wp-content\/uploads\/2024\/12\/MiniOna-Beige.webp","contentUrl":"https:\/\/gate21.ee\/wp-content\/uploads\/2024\/12\/MiniOna-Beige.webp","width":1536,"height":2048,"caption":"The Mini Ona Sherpa Bag - Sand is a cream-coloured, plush handbag with a soft texture, featuring a short handle and long shoulder strap. An Estonian design piece, it's displayed against a plain white background. Gate21.ee"},{"@type":"BreadcrumbList","@id":"https:\/\/gate21.ee\/shop\/mini-ona-sherpa-bag-sand\/#breadcrumb","itemListElement":[{"@type":"ListItem","position":1,"name":"Home","item":"https:\/\/gate21.ee\/"},{"@type":"ListItem","position":2,"name":"Mini Ona Sherpa Bag &#8211; Sand"}]},{"@type":"WebSite","@id":"https:\/\/gate21.ee\/#website","url":"https:\/\/gate21.ee\/","name":"Gate21","description":"Kingituskontseptsioonipood Gate21","publisher":{"@id":"https:\/\/gate21.ee\/#organization"},"alternateName":"gate21","potentialAction":[{"@type":"SearchAction","target":{"@type":"EntryPoint","urlTemplate":"https:\/\/gate21.ee\/?s={search_term_string}"},"query-input":{"@type":"PropertyValueSpecification","valueRequired":true,"valueName":"search_term_string"}}],"inLanguage":"et"},{"@type":"Organization","@id":"https:\/\/gate21.ee\/#organization","name":"Gate21","alternateName":"Gate21, Oma Asi and Oma Asi Design Store","url":"https:\/\/gate21.ee\/","logo":{"@type":"ImageObject","inLanguage":"et","@id":"https:\/\/gate21.ee\/#\/schema\/logo\/image\/","url":"https:\/\/gate21.ee\/wp-content\/uploads\/2021\/11\/Gate_21_Logo_2_Valge.png","contentUrl":"https:\/\/gate21.ee\/wp-content\/uploads\/2021\/11\/Gate_21_Logo_2_Valge.png","width":2560,"height":2560,"caption":"Gate21"},"image":{"@id":"https:\/\/gate21.ee\/#\/schema\/logo\/image\/"},"sameAs":["https:\/\/www.facebook.com\/gate21.ee\/","https:\/\/www.instagram.com\/gate21.ee\/","https:\/\/www.instagram.com\/omaasidesign\/","https:\/\/www.instagram.com\/omaasi\/","https:\/\/www.facebook.com\/omaasidesign\/","https:\/\/www.facebook.com\/omaasilittleredhouse\/","https:\/\/www.tiktok.com\/@gate21.ee"]}]}},"jetpack_sharing_enabled":true,"brands":[{"id":606,"name":"\u00d6LEND","slug":"olend"}],"_links":{"self":[{"href":"https:\/\/gate21.ee\/et\/wp-json\/wp\/v2\/product\/197974","targetHints":{"allow":["GET"]}}],"collection":[{"href":"https:\/\/gate21.ee\/et\/wp-json\/wp\/v2\/product"}],"about":[{"href":"https:\/\/gate21.ee\/et\/wp-json\/wp\/v2\/types\/product"}],"replies":[{"embeddable":true,"href":"https:\/\/gate21.ee\/et\/wp-json\/wp\/v2\/comments?post=197974"}],"version-history":[{"count":1,"href":"https:\/\/gate21.ee\/et\/wp-json\/wp\/v2\/product\/197974\/revisions"}],"predecessor-version":[{"id":247755,"href":"https:\/\/gate21.ee\/et\/wp-json\/wp\/v2\/product\/197974\/revisions\/247755"}],"wp:featuredmedia":[{"embeddable":true,"href":"https:\/\/gate21.ee\/et\/wp-json\/wp\/v2\/media\/197975"}],"wp:attachment":[{"href":"https:\/\/gate21.ee\/et\/wp-json\/wp\/v2\/media?parent=197974"}],"wp:term":[{"taxonomy":"pwb-brand","embeddable":true,"href":"https:\/\/gate21.ee\/et\/wp-json\/wp\/v2\/pwb-brand?post=197974"},{"taxonomy":"product_brand","embeddable":true,"href":"https:\/\/gate21.ee\/et\/wp-json\/wp\/v2\/product_brand?post=197974"},{"taxonomy":"product_cat","embeddable":true,"href":"https:\/\/gate21.ee\/et\/wp-json\/wp\/v2\/product_cat?post=197974"},{"taxonomy":"product_tag","embeddable":true,"href":"https:\/\/gate21.ee\/et\/wp-json\/wp\/v2\/product_tag?post=197974"}],"curies":[{"name":"wp","href":"https:\/\/api.w.org\/{rel}","templated":true}]}}