{"id":197032,"date":"2024-11-27T14:42:51","date_gmt":"2024-11-27T12:42:51","guid":{"rendered":"https:\/\/gate21.ee\/?post_type=product&#038;p=197032"},"modified":"2025-10-21T17:18:00","modified_gmt":"2025-10-21T14:18:00","slug":"linterna-hat","status":"publish","type":"product","link":"https:\/\/gate21.ee\/et\/shop\/linterna-hat\/","title":{"rendered":"Linterna vihmam\u00fcts"},"content":{"rendered":"<p>Muusika liigutab meid sama kiiresti kui meie jalad. Noh, v\u00f5ib-olla rohkem, sest pole vaja joosta, kui sa just ei j\u00e4\u00e4 rongi maha. Tr\u00fckitud p\u00fcksid 100% orgaanilisest puuvillast, mis sobivad ainult \u00f5rnalt k\u00e4sitsi pesemiseks. \u00a0 <img fetchpriority=\"high\" decoding=\"async\" class=\"size-medium wp-image-195962 aligncenter\" src=\"https:\/\/gate21.ee\/wp-content\/uploads\/2024\/11\/Outsiders-Division-FW-20240433-EDIT-LOW-300x200.webp\" alt=\"\" width=\"300\" height=\"200\" srcset=\"https:\/\/gate21.ee\/wp-content\/uploads\/2024\/11\/Outsiders-Division-FW-20240433-EDIT-LOW-300x200.webp 300w, https:\/\/gate21.ee\/wp-content\/uploads\/2024\/11\/Outsiders-Division-FW-20240433-EDIT-LOW-18x12.webp 18w, https:\/\/gate21.ee\/wp-content\/uploads\/2024\/11\/Outsiders-Division-FW-20240433-EDIT-LOW-600x401.webp 600w, https:\/\/gate21.ee\/wp-content\/uploads\/2024\/11\/Outsiders-Division-FW-20240433-EDIT-LOW.webp 720w\" sizes=\"(max-width: 300px) 100vw, 300px\" \/> \u00a0 <a href=\"https:\/\/gate21.ee\/et\/brand\/outsiders_division\/\">Outsiders Division<\/a> s\u00fcndis 12. septembril 2012 Barcelonas kunstigaleriis. Alguses disainis br\u00e4nd ainult m\u00fctse ja aksessuaare kuni 2016. aastani, mil osales oma esimesel moen\u00e4dalal Madridis ja v\u00f5itis j\u00e4rjest kaks korda parima Nobeli kollektsiooni. Nende aastate jooksul oleme disaininud kollektsioone ja koost\u00f6\u00f6d, lisades br\u00e4ndile Imaginary pika nimekirja r\u00f5ivaid. Outsiders Divisioni peamised tugisambad on v\u00e4rv, fantaasia ja r\u00f5\u00f5m. Nad disainivad riideid sellele vanaisale, kes on laps v\u00f5i sellele lapsele, kes on vanaisa, v\u00f5i \u00f5igemini k\u00f5igile t\u00e4iskasvanutele, kes ei ole veel t\u00e4iskasvanuks saanud.<\/p>","protected":false},"excerpt":{"rendered":"<p>Music moves us as fast as our legs. Well, maybe more, because there&#8217;s no need to run unless you&#8217;re about to miss your train. Printed trousers from 100% organic cotton, suitable only for gentle handwashing. \u00a0 \u00a0 Outsiders Division was born in an art gallery on September 12th 2012 in Barcelona. In its beginnings, the [&hellip;]<\/p>\n","protected":false},"featured_media":216933,"comment_status":"closed","ping_status":"closed","template":"","meta":{"site-sidebar-layout":"default","site-content-layout":"","ast-site-content-layout":"default","site-content-style":"default","site-sidebar-style":"default","ast-global-header-display":"","ast-banner-title-visibility":"","ast-main-header-display":"","ast-hfb-above-header-display":"","ast-hfb-below-header-display":"","ast-hfb-mobile-header-display":"","site-post-title":"","ast-breadcrumbs-content":"","ast-featured-img":"","footer-sml-layout":"","ast-disable-related-posts":"","theme-transparent-header-meta":"default","adv-header-id-meta":"","stick-header-meta":"default","header-above-stick-meta":"","header-main-stick-meta":"","header-below-stick-meta":"","astra-migrate-meta-layouts":"set","ast-page-background-enabled":"default","ast-page-background-meta":{"desktop":{"background-color":"","background-image":"","background-repeat":"repeat","background-position":"center center","background-size":"auto","background-attachment":"scroll","background-type":"","background-media":"","overlay-type":"","overlay-color":"","overlay-opacity":"","overlay-gradient":""},"tablet":{"background-color":"","background-image":"","background-repeat":"repeat","background-position":"center center","background-size":"auto","background-attachment":"scroll","background-type":"","background-media":"","overlay-type":"","overlay-color":"","overlay-opacity":"","overlay-gradient":""},"mobile":{"background-color":"","background-image":"","background-repeat":"repeat","background-position":"center center","background-size":"auto","background-attachment":"scroll","background-type":"","background-media":"","overlay-type":"","overlay-color":"","overlay-opacity":"","overlay-gradient":""}},"ast-content-background-meta":{"desktop":{"background-color":"var(--ast-global-color-5)","background-image":"","background-repeat":"repeat","background-position":"center center","background-size":"auto","background-attachment":"scroll","background-type":"","background-media":"","overlay-type":"","overlay-color":"","overlay-opacity":"","overlay-gradient":""},"tablet":{"background-color":"var(--ast-global-color-5)","background-image":"","background-repeat":"repeat","background-position":"center center","background-size":"auto","background-attachment":"scroll","background-type":"","background-media":"","overlay-type":"","overlay-color":"","overlay-opacity":"","overlay-gradient":""},"mobile":{"background-color":"var(--ast-global-color-5)","background-image":"","background-repeat":"repeat","background-position":"center center","background-size":"auto","background-attachment":"scroll","background-type":"","background-media":"","overlay-type":"","overlay-color":"","overlay-opacity":"","overlay-gradient":""}}},"pwb-brand":[605],"product_brand":[],"product_cat":[56,137],"product_tag":[],"class_list":{"0":"post-197032","1":"product","2":"type-product","3":"status-publish","4":"has-post-thumbnail","6":"pwb-brand-outsiders_division","7":"product_cat-clothing","8":"product_cat-hats","9":"desktop-align-center","10":"tablet-align-center","11":"mobile-align-center","12":"ast-product-gallery-layout-vertical","13":"ast-product-tabs-layout-horizontal","15":"first","16":"instock","17":"taxable","18":"shipping-taxable","19":"purchasable","20":"product-type-simple"},"yoast_head":"<!-- This site is optimized with the Yoast SEO plugin v27.4 - https:\/\/yoast.com\/product\/yoast-seo-wordpress\/ -->\n<title>Linterna Hat &#8226; Gate21<\/title>\n<meta name=\"robots\" content=\"index, follow, max-snippet:-1, max-image-preview:large, max-video-preview:-1\" \/>\n<link rel=\"canonical\" href=\"https:\/\/gate21.ee\/et\/shop\/linterna-hat\/\" \/>\n<meta property=\"og:locale\" content=\"et_EE\" \/>\n<meta property=\"og:type\" content=\"article\" \/>\n<meta property=\"og:title\" content=\"Linterna Hat &#8226; Gate21\" \/>\n<meta property=\"og:description\" content=\"Music moves us as fast as our legs. Well, maybe more, because there&#8217;s no need to run unless you&#8217;re about to miss your train. Printed trousers from 100% organic cotton, suitable only for gentle handwashing. \u00a0 \u00a0 Outsiders Division was born in an art gallery on September 12th 2012 in Barcelona. In its beginnings, the [&hellip;]\" \/>\n<meta property=\"og:url\" content=\"https:\/\/gate21.ee\/et\/shop\/linterna-hat\/\" \/>\n<meta property=\"og:site_name\" content=\"Gate21\" \/>\n<meta property=\"article:publisher\" content=\"https:\/\/www.facebook.com\/gate21.ee\/\" \/>\n<meta property=\"article:modified_time\" content=\"2025-10-21T14:18:00+00:00\" \/>\n<meta property=\"og:image\" content=\"https:\/\/gate21.ee\/wp-content\/uploads\/2024\/11\/linterna-hat_1-web-scaled.webp\" \/>\n\t<meta property=\"og:image:width\" content=\"1707\" \/>\n\t<meta property=\"og:image:height\" content=\"2560\" \/>\n\t<meta property=\"og:image:type\" content=\"image\/webp\" \/>\n<meta name=\"twitter:card\" content=\"summary_large_image\" \/>\n<meta name=\"twitter:label1\" content=\"Est. reading time\" \/>\n\t<meta name=\"twitter:data1\" content=\"1 minut\" \/>\n<script type=\"application\/ld+json\" class=\"yoast-schema-graph\">{\"@context\":\"https:\\\/\\\/schema.org\",\"@graph\":[{\"@type\":\"WebPage\",\"@id\":\"https:\\\/\\\/gate21.ee\\\/shop\\\/linterna-hat\\\/\",\"url\":\"https:\\\/\\\/gate21.ee\\\/shop\\\/linterna-hat\\\/\",\"name\":\"Linterna Hat &#8226; Gate21\",\"isPartOf\":{\"@id\":\"https:\\\/\\\/gate21.ee\\\/#website\"},\"primaryImageOfPage\":{\"@id\":\"https:\\\/\\\/gate21.ee\\\/shop\\\/linterna-hat\\\/#primaryimage\"},\"image\":{\"@id\":\"https:\\\/\\\/gate21.ee\\\/shop\\\/linterna-hat\\\/#primaryimage\"},\"thumbnailUrl\":\"https:\\\/\\\/gate21.ee\\\/wp-content\\\/uploads\\\/2024\\\/11\\\/linterna-hat_1-web-scaled.webp\",\"datePublished\":\"2024-11-27T12:42:51+00:00\",\"dateModified\":\"2025-10-21T14:18:00+00:00\",\"breadcrumb\":{\"@id\":\"https:\\\/\\\/gate21.ee\\\/shop\\\/linterna-hat\\\/#breadcrumb\"},\"inLanguage\":\"et\",\"potentialAction\":[{\"@type\":\"ReadAction\",\"target\":[\"https:\\\/\\\/gate21.ee\\\/shop\\\/linterna-hat\\\/\"]}]},{\"@type\":\"ImageObject\",\"inLanguage\":\"et\",\"@id\":\"https:\\\/\\\/gate21.ee\\\/shop\\\/linterna-hat\\\/#primaryimage\",\"url\":\"https:\\\/\\\/gate21.ee\\\/wp-content\\\/uploads\\\/2024\\\/11\\\/linterna-hat_1-web-scaled.webp\",\"contentUrl\":\"https:\\\/\\\/gate21.ee\\\/wp-content\\\/uploads\\\/2024\\\/11\\\/linterna-hat_1-web-scaled.webp\",\"width\":1707,\"height\":2560,\"caption\":\"The Linterna Hat is a curated yellow bucket hat with two ear-like protrusions on top and oval cut-outs on the front, ideal for unique ideas or as a standout accessory. Displayed against a plain light grey background. Gate21.ee\"},{\"@type\":\"BreadcrumbList\",\"@id\":\"https:\\\/\\\/gate21.ee\\\/shop\\\/linterna-hat\\\/#breadcrumb\",\"itemListElement\":[{\"@type\":\"ListItem\",\"position\":1,\"name\":\"Home\",\"item\":\"https:\\\/\\\/gate21.ee\\\/\"},{\"@type\":\"ListItem\",\"position\":2,\"name\":\"Linterna Hat\"}]},{\"@type\":\"WebSite\",\"@id\":\"https:\\\/\\\/gate21.ee\\\/#website\",\"url\":\"https:\\\/\\\/gate21.ee\\\/\",\"name\":\"Gate21\",\"description\":\"Gift concept store Gate21\",\"publisher\":{\"@id\":\"https:\\\/\\\/gate21.ee\\\/#organization\"},\"alternateName\":\"gate21\",\"potentialAction\":[{\"@type\":\"SearchAction\",\"target\":{\"@type\":\"EntryPoint\",\"urlTemplate\":\"https:\\\/\\\/gate21.ee\\\/?s={search_term_string}\"},\"query-input\":{\"@type\":\"PropertyValueSpecification\",\"valueRequired\":true,\"valueName\":\"search_term_string\"}}],\"inLanguage\":\"et\"},{\"@type\":\"Organization\",\"@id\":\"https:\\\/\\\/gate21.ee\\\/#organization\",\"name\":\"Gate21\",\"alternateName\":\"Gate21, Oma Asi and Oma Asi Design Store\",\"url\":\"https:\\\/\\\/gate21.ee\\\/\",\"logo\":{\"@type\":\"ImageObject\",\"inLanguage\":\"et\",\"@id\":\"https:\\\/\\\/gate21.ee\\\/#\\\/schema\\\/logo\\\/image\\\/\",\"url\":\"https:\\\/\\\/gate21.ee\\\/wp-content\\\/uploads\\\/2021\\\/11\\\/Gate_21_Logo_2_Valge.png\",\"contentUrl\":\"https:\\\/\\\/gate21.ee\\\/wp-content\\\/uploads\\\/2021\\\/11\\\/Gate_21_Logo_2_Valge.png\",\"width\":2560,\"height\":2560,\"caption\":\"Gate21\"},\"image\":{\"@id\":\"https:\\\/\\\/gate21.ee\\\/#\\\/schema\\\/logo\\\/image\\\/\"},\"sameAs\":[\"https:\\\/\\\/www.facebook.com\\\/gate21.ee\\\/\",\"https:\\\/\\\/www.instagram.com\\\/gate21.ee\\\/\",\"https:\\\/\\\/www.instagram.com\\\/omaasidesign\\\/\",\"https:\\\/\\\/www.instagram.com\\\/omaasi\\\/\",\"https:\\\/\\\/www.facebook.com\\\/omaasidesign\\\/\",\"https:\\\/\\\/www.facebook.com\\\/omaasilittleredhouse\\\/\",\"https:\\\/\\\/www.tiktok.com\\\/@gate21.ee\"]}]}<\/script>\n<!-- \/ Yoast SEO plugin. -->","yoast_head_json":{"title":"Linterna Hat &#8226; Gate21","robots":{"index":"index","follow":"follow","max-snippet":"max-snippet:-1","max-image-preview":"max-image-preview:large","max-video-preview":"max-video-preview:-1"},"canonical":"https:\/\/gate21.ee\/et\/shop\/linterna-hat\/","og_locale":"et_EE","og_type":"article","og_title":"Linterna Hat &#8226; Gate21","og_description":"Music moves us as fast as our legs. Well, maybe more, because there&#8217;s no need to run unless you&#8217;re about to miss your train. Printed trousers from 100% organic cotton, suitable only for gentle handwashing. \u00a0 \u00a0 Outsiders Division was born in an art gallery on September 12th 2012 in Barcelona. In its beginnings, the [&hellip;]","og_url":"https:\/\/gate21.ee\/et\/shop\/linterna-hat\/","og_site_name":"Gate21","article_publisher":"https:\/\/www.facebook.com\/gate21.ee\/","article_modified_time":"2025-10-21T14:18:00+00:00","og_image":[{"width":1707,"height":2560,"url":"https:\/\/gate21.ee\/wp-content\/uploads\/2024\/11\/linterna-hat_1-web-scaled.webp","type":"image\/webp"}],"twitter_card":"summary_large_image","twitter_misc":{"Est. reading time":"1 minut"},"schema":{"@context":"https:\/\/schema.org","@graph":[{"@type":"WebPage","@id":"https:\/\/gate21.ee\/shop\/linterna-hat\/","url":"https:\/\/gate21.ee\/shop\/linterna-hat\/","name":"Linterna Hat &#8226; Gate21","isPartOf":{"@id":"https:\/\/gate21.ee\/#website"},"primaryImageOfPage":{"@id":"https:\/\/gate21.ee\/shop\/linterna-hat\/#primaryimage"},"image":{"@id":"https:\/\/gate21.ee\/shop\/linterna-hat\/#primaryimage"},"thumbnailUrl":"https:\/\/gate21.ee\/wp-content\/uploads\/2024\/11\/linterna-hat_1-web-scaled.webp","datePublished":"2024-11-27T12:42:51+00:00","dateModified":"2025-10-21T14:18:00+00:00","breadcrumb":{"@id":"https:\/\/gate21.ee\/shop\/linterna-hat\/#breadcrumb"},"inLanguage":"et","potentialAction":[{"@type":"ReadAction","target":["https:\/\/gate21.ee\/shop\/linterna-hat\/"]}]},{"@type":"ImageObject","inLanguage":"et","@id":"https:\/\/gate21.ee\/shop\/linterna-hat\/#primaryimage","url":"https:\/\/gate21.ee\/wp-content\/uploads\/2024\/11\/linterna-hat_1-web-scaled.webp","contentUrl":"https:\/\/gate21.ee\/wp-content\/uploads\/2024\/11\/linterna-hat_1-web-scaled.webp","width":1707,"height":2560,"caption":"The Linterna Hat is a curated yellow bucket hat with two ear-like protrusions on top and oval cut-outs on the front, ideal for unique ideas or as a standout accessory. Displayed against a plain light grey background. Gate21.ee"},{"@type":"BreadcrumbList","@id":"https:\/\/gate21.ee\/shop\/linterna-hat\/#breadcrumb","itemListElement":[{"@type":"ListItem","position":1,"name":"Home","item":"https:\/\/gate21.ee\/"},{"@type":"ListItem","position":2,"name":"Linterna Hat"}]},{"@type":"WebSite","@id":"https:\/\/gate21.ee\/#website","url":"https:\/\/gate21.ee\/","name":"Gate21","description":"Kingituskontseptsioonipood Gate21","publisher":{"@id":"https:\/\/gate21.ee\/#organization"},"alternateName":"gate21","potentialAction":[{"@type":"SearchAction","target":{"@type":"EntryPoint","urlTemplate":"https:\/\/gate21.ee\/?s={search_term_string}"},"query-input":{"@type":"PropertyValueSpecification","valueRequired":true,"valueName":"search_term_string"}}],"inLanguage":"et"},{"@type":"Organization","@id":"https:\/\/gate21.ee\/#organization","name":"Gate21","alternateName":"Gate21, Oma Asi and Oma Asi Design Store","url":"https:\/\/gate21.ee\/","logo":{"@type":"ImageObject","inLanguage":"et","@id":"https:\/\/gate21.ee\/#\/schema\/logo\/image\/","url":"https:\/\/gate21.ee\/wp-content\/uploads\/2021\/11\/Gate_21_Logo_2_Valge.png","contentUrl":"https:\/\/gate21.ee\/wp-content\/uploads\/2021\/11\/Gate_21_Logo_2_Valge.png","width":2560,"height":2560,"caption":"Gate21"},"image":{"@id":"https:\/\/gate21.ee\/#\/schema\/logo\/image\/"},"sameAs":["https:\/\/www.facebook.com\/gate21.ee\/","https:\/\/www.instagram.com\/gate21.ee\/","https:\/\/www.instagram.com\/omaasidesign\/","https:\/\/www.instagram.com\/omaasi\/","https:\/\/www.facebook.com\/omaasidesign\/","https:\/\/www.facebook.com\/omaasilittleredhouse\/","https:\/\/www.tiktok.com\/@gate21.ee"]}]}},"jetpack_sharing_enabled":true,"brands":[{"id":605,"name":"Outsiders Division","slug":"outsiders_division"}],"_links":{"self":[{"href":"https:\/\/gate21.ee\/et\/wp-json\/wp\/v2\/product\/197032","targetHints":{"allow":["GET"]}}],"collection":[{"href":"https:\/\/gate21.ee\/et\/wp-json\/wp\/v2\/product"}],"about":[{"href":"https:\/\/gate21.ee\/et\/wp-json\/wp\/v2\/types\/product"}],"replies":[{"embeddable":true,"href":"https:\/\/gate21.ee\/et\/wp-json\/wp\/v2\/comments?post=197032"}],"version-history":[{"count":3,"href":"https:\/\/gate21.ee\/et\/wp-json\/wp\/v2\/product\/197032\/revisions"}],"predecessor-version":[{"id":216936,"href":"https:\/\/gate21.ee\/et\/wp-json\/wp\/v2\/product\/197032\/revisions\/216936"}],"wp:featuredmedia":[{"embeddable":true,"href":"https:\/\/gate21.ee\/et\/wp-json\/wp\/v2\/media\/216933"}],"wp:attachment":[{"href":"https:\/\/gate21.ee\/et\/wp-json\/wp\/v2\/media?parent=197032"}],"wp:term":[{"taxonomy":"pwb-brand","embeddable":true,"href":"https:\/\/gate21.ee\/et\/wp-json\/wp\/v2\/pwb-brand?post=197032"},{"taxonomy":"product_brand","embeddable":true,"href":"https:\/\/gate21.ee\/et\/wp-json\/wp\/v2\/product_brand?post=197032"},{"taxonomy":"product_cat","embeddable":true,"href":"https:\/\/gate21.ee\/et\/wp-json\/wp\/v2\/product_cat?post=197032"},{"taxonomy":"product_tag","embeddable":true,"href":"https:\/\/gate21.ee\/et\/wp-json\/wp\/v2\/product_tag?post=197032"}],"curies":[{"name":"wp","href":"https:\/\/api.w.org\/{rel}","templated":true}]}}