{"id":196000,"date":"2024-11-15T14:51:00","date_gmt":"2024-11-15T12:51:00","guid":{"rendered":"https:\/\/gate21.ee\/?post_type=product&#038;p=196000"},"modified":"2026-04-17T16:11:11","modified_gmt":"2026-04-17T13:11:11","slug":"panorama-puffer-jacket","status":"publish","type":"product","link":"https:\/\/gate21.ee\/et\/shop\/panorama-puffer-jacket\/","title":{"rendered":"Secret Gnome Society Jakk"},"content":{"rendered":"<p>See on see, mida kannad siis, kui soovid oma armastust tontide vastu juhuslikult n\u00e4idata - ilma, et sellest suurt numbrit teha (okei, v\u00f5ib-olla ainult natuke).<br \/>\nJah, sa oled vastutav, aga ka, et sulle t\u00f5esti meeldivad tondid. V\u00e4ga.  Sa k\u00f5nnid ringi, tegeled oma asjadega, kui BAM - tont h\u00fcppab esiotsa v\u00e4lja, nagu oleks ta kogu aeg seal olnud, oodates vaid oma deb\u00fc\u00fcti. Ja siis, juhul kui inimesed ei ole aru saanud, on selja peal veel \u00fcks tohutu tont. Jah, me r\u00e4\u00e4gime tontidest t\u00f5siselt.<\/p>\n<p>60% puuvill - 39% lina - 1% elastaan, sobib ainult \u00f5rnaks k\u00e4sipesuks.<\/p>\n<p>&nbsp;<\/p>\n<p><img fetchpriority=\"high\" decoding=\"async\" class=\"size-medium wp-image-195962 aligncenter\" src=\"https:\/\/gate21.ee\/wp-content\/uploads\/2024\/11\/Outsiders-Division-FW-20240433-EDIT-LOW-300x200.webp\" alt=\"\" width=\"300\" height=\"200\" srcset=\"https:\/\/gate21.ee\/wp-content\/uploads\/2024\/11\/Outsiders-Division-FW-20240433-EDIT-LOW-300x200.webp 300w, https:\/\/gate21.ee\/wp-content\/uploads\/2024\/11\/Outsiders-Division-FW-20240433-EDIT-LOW-18x12.webp 18w, https:\/\/gate21.ee\/wp-content\/uploads\/2024\/11\/Outsiders-Division-FW-20240433-EDIT-LOW-600x401.webp 600w, https:\/\/gate21.ee\/wp-content\/uploads\/2024\/11\/Outsiders-Division-FW-20240433-EDIT-LOW.webp 720w\" sizes=\"(max-width: 300px) 100vw, 300px\" \/><\/p>\n<p>&nbsp;<\/p>\n<p><a href=\"https:\/\/gate21.ee\/et\/brand\/outsiders_division\/\">Outsiders Division<\/a> s\u00fcndis 12. septembril 2012 Barcelonas kunstigaleriis. Alguses disainis br\u00e4nd ainult m\u00fctse ja aksessuaare kuni 2016. aastani, mil osales oma esimesel moen\u00e4dalal Madridis ja v\u00f5itis j\u00e4rjest kaks korda parima Nobeli kollektsiooni. Nende aastate jooksul oleme disaininud kollektsioone ja koost\u00f6\u00f6d, lisades br\u00e4ndile Imaginary pika nimekirja r\u00f5ivaid.<\/p>\n<p>Outsiders Divisioni peamised tugisambad on v\u00e4rv, fantaasia ja r\u00f5\u00f5m. Nad disainivad riideid sellele vanaisale, kes on laps, v\u00f5i sellele lapsele, kes on vanaisa, v\u00f5i \u00f5igemini k\u00f5igile t\u00e4iskasvanutele, kes pole veel t\u00e4iskasvanuks saanud.<\/p>","protected":false},"excerpt":{"rendered":"<p>This is the one you wear when you want to casually flex your love for gnomes\u2014without making a big deal out of it (okay, maybe just a little). Yes, you are in charge, but also, you really like gnomes. A lot. \u00a0You\u2019ll be walking around, minding your own business, when BAM\u2014a gnome pops out of [&hellip;]<\/p>\n","protected":false},"featured_media":217023,"comment_status":"closed","ping_status":"closed","template":"","meta":{"site-sidebar-layout":"default","site-content-layout":"","ast-site-content-layout":"default","site-content-style":"default","site-sidebar-style":"default","ast-global-header-display":"","ast-banner-title-visibility":"","ast-main-header-display":"","ast-hfb-above-header-display":"","ast-hfb-below-header-display":"","ast-hfb-mobile-header-display":"","site-post-title":"","ast-breadcrumbs-content":"","ast-featured-img":"","footer-sml-layout":"","ast-disable-related-posts":"","theme-transparent-header-meta":"default","adv-header-id-meta":"","stick-header-meta":"default","header-above-stick-meta":"","header-main-stick-meta":"","header-below-stick-meta":"","astra-migrate-meta-layouts":"set","ast-page-background-enabled":"default","ast-page-background-meta":{"desktop":{"background-color":"","background-image":"","background-repeat":"repeat","background-position":"center center","background-size":"auto","background-attachment":"scroll","background-type":"","background-media":"","overlay-type":"","overlay-color":"","overlay-opacity":"","overlay-gradient":""},"tablet":{"background-color":"","background-image":"","background-repeat":"repeat","background-position":"center center","background-size":"auto","background-attachment":"scroll","background-type":"","background-media":"","overlay-type":"","overlay-color":"","overlay-opacity":"","overlay-gradient":""},"mobile":{"background-color":"","background-image":"","background-repeat":"repeat","background-position":"center center","background-size":"auto","background-attachment":"scroll","background-type":"","background-media":"","overlay-type":"","overlay-color":"","overlay-opacity":"","overlay-gradient":""}},"ast-content-background-meta":{"desktop":{"background-color":"var(--ast-global-color-5)","background-image":"","background-repeat":"repeat","background-position":"center center","background-size":"auto","background-attachment":"scroll","background-type":"","background-media":"","overlay-type":"","overlay-color":"","overlay-opacity":"","overlay-gradient":""},"tablet":{"background-color":"var(--ast-global-color-5)","background-image":"","background-repeat":"repeat","background-position":"center center","background-size":"auto","background-attachment":"scroll","background-type":"","background-media":"","overlay-type":"","overlay-color":"","overlay-opacity":"","overlay-gradient":""},"mobile":{"background-color":"var(--ast-global-color-5)","background-image":"","background-repeat":"repeat","background-position":"center center","background-size":"auto","background-attachment":"scroll","background-type":"","background-media":"","overlay-type":"","overlay-color":"","overlay-opacity":"","overlay-gradient":""}}},"pwb-brand":[605],"product_brand":[],"product_cat":[56,54],"product_tag":[],"class_list":{"0":"post-196000","1":"product","2":"type-product","3":"status-publish","4":"has-post-thumbnail","6":"pwb-brand-outsiders_division","7":"product_cat-clothing","8":"product_cat-sale","9":"desktop-align-center","10":"tablet-align-center","11":"mobile-align-center","12":"ast-product-gallery-layout-vertical","13":"ast-product-tabs-layout-horizontal","15":"first","16":"instock","17":"sale","18":"taxable","19":"shipping-taxable","20":"purchasable","21":"product-type-simple"},"yoast_head":"<!-- This site is optimized with the Yoast SEO plugin v27.4 - https:\/\/yoast.com\/product\/yoast-seo-wordpress\/ -->\n<title>Secret Gnome Society Jacket &#8226; Gate21<\/title>\n<meta name=\"robots\" content=\"index, follow, max-snippet:-1, max-image-preview:large, max-video-preview:-1\" \/>\n<link rel=\"canonical\" href=\"https:\/\/gate21.ee\/et\/shop\/panorama-puffer-jacket\/\" \/>\n<meta property=\"og:locale\" content=\"et_EE\" \/>\n<meta property=\"og:type\" content=\"article\" \/>\n<meta property=\"og:title\" content=\"Secret Gnome Society Jacket &#8226; Gate21\" \/>\n<meta property=\"og:description\" content=\"This is the one you wear when you want to casually flex your love for gnomes\u2014without making a big deal out of it (okay, maybe just a little). Yes, you are in charge, but also, you really like gnomes. A lot. \u00a0You\u2019ll be walking around, minding your own business, when BAM\u2014a gnome pops out of [&hellip;]\" \/>\n<meta property=\"og:url\" content=\"https:\/\/gate21.ee\/et\/shop\/panorama-puffer-jacket\/\" \/>\n<meta property=\"og:site_name\" content=\"Gate21\" \/>\n<meta property=\"article:publisher\" content=\"https:\/\/www.facebook.com\/gate21.ee\/\" \/>\n<meta property=\"article:modified_time\" content=\"2026-04-17T13:11:11+00:00\" \/>\n<meta property=\"og:image\" content=\"https:\/\/gate21.ee\/wp-content\/uploads\/2024\/11\/outsiders-division-sceret-gnome-society_jacket-scaled.webp\" \/>\n\t<meta property=\"og:image:width\" content=\"1707\" \/>\n\t<meta property=\"og:image:height\" content=\"2560\" \/>\n\t<meta property=\"og:image:type\" content=\"image\/webp\" \/>\n<meta name=\"twitter:card\" content=\"summary_large_image\" \/>\n<meta name=\"twitter:label1\" content=\"Est. reading time\" \/>\n\t<meta name=\"twitter:data1\" content=\"2 minutit\" \/>\n<script type=\"application\/ld+json\" class=\"yoast-schema-graph\">{\"@context\":\"https:\\\/\\\/schema.org\",\"@graph\":[{\"@type\":\"WebPage\",\"@id\":\"https:\\\/\\\/gate21.ee\\\/shop\\\/panorama-puffer-jacket\\\/\",\"url\":\"https:\\\/\\\/gate21.ee\\\/shop\\\/panorama-puffer-jacket\\\/\",\"name\":\"Secret Gnome Society Jacket &#8226; Gate21\",\"isPartOf\":{\"@id\":\"https:\\\/\\\/gate21.ee\\\/#website\"},\"primaryImageOfPage\":{\"@id\":\"https:\\\/\\\/gate21.ee\\\/shop\\\/panorama-puffer-jacket\\\/#primaryimage\"},\"image\":{\"@id\":\"https:\\\/\\\/gate21.ee\\\/shop\\\/panorama-puffer-jacket\\\/#primaryimage\"},\"thumbnailUrl\":\"https:\\\/\\\/gate21.ee\\\/wp-content\\\/uploads\\\/2024\\\/11\\\/outsiders-division-sceret-gnome-society_jacket-scaled.webp\",\"datePublished\":\"2024-11-15T12:51:00+00:00\",\"dateModified\":\"2026-04-17T13:11:11+00:00\",\"breadcrumb\":{\"@id\":\"https:\\\/\\\/gate21.ee\\\/shop\\\/panorama-puffer-jacket\\\/#breadcrumb\"},\"inLanguage\":\"et\",\"potentialAction\":[{\"@type\":\"ReadAction\",\"target\":[\"https:\\\/\\\/gate21.ee\\\/shop\\\/panorama-puffer-jacket\\\/\"]}]},{\"@type\":\"ImageObject\",\"inLanguage\":\"et\",\"@id\":\"https:\\\/\\\/gate21.ee\\\/shop\\\/panorama-puffer-jacket\\\/#primaryimage\",\"url\":\"https:\\\/\\\/gate21.ee\\\/wp-content\\\/uploads\\\/2024\\\/11\\\/outsiders-division-sceret-gnome-society_jacket-scaled.webp\",\"contentUrl\":\"https:\\\/\\\/gate21.ee\\\/wp-content\\\/uploads\\\/2024\\\/11\\\/outsiders-division-sceret-gnome-society_jacket-scaled.webp\",\"width\":1707,\"height\":2560,\"caption\":\"The Secret Gnome Society Jacket is a beige, pinstriped piece with red trim, brown buttons, a smiling cartoon gnome patch on the left pocket, classic collar, and two front pockets\u2014showcasing playful Estonian design. Gate21.ee\"},{\"@type\":\"BreadcrumbList\",\"@id\":\"https:\\\/\\\/gate21.ee\\\/shop\\\/panorama-puffer-jacket\\\/#breadcrumb\",\"itemListElement\":[{\"@type\":\"ListItem\",\"position\":1,\"name\":\"Home\",\"item\":\"https:\\\/\\\/gate21.ee\\\/\"},{\"@type\":\"ListItem\",\"position\":2,\"name\":\"Secret Gnome Society Jacket\"}]},{\"@type\":\"WebSite\",\"@id\":\"https:\\\/\\\/gate21.ee\\\/#website\",\"url\":\"https:\\\/\\\/gate21.ee\\\/\",\"name\":\"Gate21\",\"description\":\"Gift concept store Gate21\",\"publisher\":{\"@id\":\"https:\\\/\\\/gate21.ee\\\/#organization\"},\"alternateName\":\"gate21\",\"potentialAction\":[{\"@type\":\"SearchAction\",\"target\":{\"@type\":\"EntryPoint\",\"urlTemplate\":\"https:\\\/\\\/gate21.ee\\\/?s={search_term_string}\"},\"query-input\":{\"@type\":\"PropertyValueSpecification\",\"valueRequired\":true,\"valueName\":\"search_term_string\"}}],\"inLanguage\":\"et\"},{\"@type\":\"Organization\",\"@id\":\"https:\\\/\\\/gate21.ee\\\/#organization\",\"name\":\"Gate21\",\"alternateName\":\"Gate21, Oma Asi and Oma Asi Design Store\",\"url\":\"https:\\\/\\\/gate21.ee\\\/\",\"logo\":{\"@type\":\"ImageObject\",\"inLanguage\":\"et\",\"@id\":\"https:\\\/\\\/gate21.ee\\\/#\\\/schema\\\/logo\\\/image\\\/\",\"url\":\"https:\\\/\\\/gate21.ee\\\/wp-content\\\/uploads\\\/2021\\\/11\\\/Gate_21_Logo_2_Valge.png\",\"contentUrl\":\"https:\\\/\\\/gate21.ee\\\/wp-content\\\/uploads\\\/2021\\\/11\\\/Gate_21_Logo_2_Valge.png\",\"width\":2560,\"height\":2560,\"caption\":\"Gate21\"},\"image\":{\"@id\":\"https:\\\/\\\/gate21.ee\\\/#\\\/schema\\\/logo\\\/image\\\/\"},\"sameAs\":[\"https:\\\/\\\/www.facebook.com\\\/gate21.ee\\\/\",\"https:\\\/\\\/www.instagram.com\\\/gate21.ee\\\/\",\"https:\\\/\\\/www.instagram.com\\\/omaasidesign\\\/\",\"https:\\\/\\\/www.instagram.com\\\/omaasi\\\/\",\"https:\\\/\\\/www.facebook.com\\\/omaasidesign\\\/\",\"https:\\\/\\\/www.facebook.com\\\/omaasilittleredhouse\\\/\",\"https:\\\/\\\/www.tiktok.com\\\/@gate21.ee\"]}]}<\/script>\n<!-- \/ Yoast SEO plugin. -->","yoast_head_json":{"title":"Secret Gnome Society Jacket &#8226; Gate21","robots":{"index":"index","follow":"follow","max-snippet":"max-snippet:-1","max-image-preview":"max-image-preview:large","max-video-preview":"max-video-preview:-1"},"canonical":"https:\/\/gate21.ee\/et\/shop\/panorama-puffer-jacket\/","og_locale":"et_EE","og_type":"article","og_title":"Secret Gnome Society Jacket &#8226; Gate21","og_description":"This is the one you wear when you want to casually flex your love for gnomes\u2014without making a big deal out of it (okay, maybe just a little). Yes, you are in charge, but also, you really like gnomes. A lot. \u00a0You\u2019ll be walking around, minding your own business, when BAM\u2014a gnome pops out of [&hellip;]","og_url":"https:\/\/gate21.ee\/et\/shop\/panorama-puffer-jacket\/","og_site_name":"Gate21","article_publisher":"https:\/\/www.facebook.com\/gate21.ee\/","article_modified_time":"2026-04-17T13:11:11+00:00","og_image":[{"width":1707,"height":2560,"url":"https:\/\/gate21.ee\/wp-content\/uploads\/2024\/11\/outsiders-division-sceret-gnome-society_jacket-scaled.webp","type":"image\/webp"}],"twitter_card":"summary_large_image","twitter_misc":{"Est. reading time":"2 minutit"},"schema":{"@context":"https:\/\/schema.org","@graph":[{"@type":"WebPage","@id":"https:\/\/gate21.ee\/shop\/panorama-puffer-jacket\/","url":"https:\/\/gate21.ee\/shop\/panorama-puffer-jacket\/","name":"Secret Gnome Society Jacket &#8226; Gate21","isPartOf":{"@id":"https:\/\/gate21.ee\/#website"},"primaryImageOfPage":{"@id":"https:\/\/gate21.ee\/shop\/panorama-puffer-jacket\/#primaryimage"},"image":{"@id":"https:\/\/gate21.ee\/shop\/panorama-puffer-jacket\/#primaryimage"},"thumbnailUrl":"https:\/\/gate21.ee\/wp-content\/uploads\/2024\/11\/outsiders-division-sceret-gnome-society_jacket-scaled.webp","datePublished":"2024-11-15T12:51:00+00:00","dateModified":"2026-04-17T13:11:11+00:00","breadcrumb":{"@id":"https:\/\/gate21.ee\/shop\/panorama-puffer-jacket\/#breadcrumb"},"inLanguage":"et","potentialAction":[{"@type":"ReadAction","target":["https:\/\/gate21.ee\/shop\/panorama-puffer-jacket\/"]}]},{"@type":"ImageObject","inLanguage":"et","@id":"https:\/\/gate21.ee\/shop\/panorama-puffer-jacket\/#primaryimage","url":"https:\/\/gate21.ee\/wp-content\/uploads\/2024\/11\/outsiders-division-sceret-gnome-society_jacket-scaled.webp","contentUrl":"https:\/\/gate21.ee\/wp-content\/uploads\/2024\/11\/outsiders-division-sceret-gnome-society_jacket-scaled.webp","width":1707,"height":2560,"caption":"The Secret Gnome Society Jacket is a beige, pinstriped piece with red trim, brown buttons, a smiling cartoon gnome patch on the left pocket, classic collar, and two front pockets\u2014showcasing playful Estonian design. Gate21.ee"},{"@type":"BreadcrumbList","@id":"https:\/\/gate21.ee\/shop\/panorama-puffer-jacket\/#breadcrumb","itemListElement":[{"@type":"ListItem","position":1,"name":"Home","item":"https:\/\/gate21.ee\/"},{"@type":"ListItem","position":2,"name":"Secret Gnome Society Jacket"}]},{"@type":"WebSite","@id":"https:\/\/gate21.ee\/#website","url":"https:\/\/gate21.ee\/","name":"Gate21","description":"Kingituskontseptsioonipood Gate21","publisher":{"@id":"https:\/\/gate21.ee\/#organization"},"alternateName":"gate21","potentialAction":[{"@type":"SearchAction","target":{"@type":"EntryPoint","urlTemplate":"https:\/\/gate21.ee\/?s={search_term_string}"},"query-input":{"@type":"PropertyValueSpecification","valueRequired":true,"valueName":"search_term_string"}}],"inLanguage":"et"},{"@type":"Organization","@id":"https:\/\/gate21.ee\/#organization","name":"Gate21","alternateName":"Gate21, Oma Asi and Oma Asi Design Store","url":"https:\/\/gate21.ee\/","logo":{"@type":"ImageObject","inLanguage":"et","@id":"https:\/\/gate21.ee\/#\/schema\/logo\/image\/","url":"https:\/\/gate21.ee\/wp-content\/uploads\/2021\/11\/Gate_21_Logo_2_Valge.png","contentUrl":"https:\/\/gate21.ee\/wp-content\/uploads\/2021\/11\/Gate_21_Logo_2_Valge.png","width":2560,"height":2560,"caption":"Gate21"},"image":{"@id":"https:\/\/gate21.ee\/#\/schema\/logo\/image\/"},"sameAs":["https:\/\/www.facebook.com\/gate21.ee\/","https:\/\/www.instagram.com\/gate21.ee\/","https:\/\/www.instagram.com\/omaasidesign\/","https:\/\/www.instagram.com\/omaasi\/","https:\/\/www.facebook.com\/omaasidesign\/","https:\/\/www.facebook.com\/omaasilittleredhouse\/","https:\/\/www.tiktok.com\/@gate21.ee"]}]}},"jetpack_sharing_enabled":true,"brands":[{"id":605,"name":"Outsiders Division","slug":"outsiders_division"}],"_links":{"self":[{"href":"https:\/\/gate21.ee\/et\/wp-json\/wp\/v2\/product\/196000","targetHints":{"allow":["GET"]}}],"collection":[{"href":"https:\/\/gate21.ee\/et\/wp-json\/wp\/v2\/product"}],"about":[{"href":"https:\/\/gate21.ee\/et\/wp-json\/wp\/v2\/types\/product"}],"replies":[{"embeddable":true,"href":"https:\/\/gate21.ee\/et\/wp-json\/wp\/v2\/comments?post=196000"}],"version-history":[{"count":2,"href":"https:\/\/gate21.ee\/et\/wp-json\/wp\/v2\/product\/196000\/revisions"}],"predecessor-version":[{"id":217024,"href":"https:\/\/gate21.ee\/et\/wp-json\/wp\/v2\/product\/196000\/revisions\/217024"}],"wp:featuredmedia":[{"embeddable":true,"href":"https:\/\/gate21.ee\/et\/wp-json\/wp\/v2\/media\/217023"}],"wp:attachment":[{"href":"https:\/\/gate21.ee\/et\/wp-json\/wp\/v2\/media?parent=196000"}],"wp:term":[{"taxonomy":"pwb-brand","embeddable":true,"href":"https:\/\/gate21.ee\/et\/wp-json\/wp\/v2\/pwb-brand?post=196000"},{"taxonomy":"product_brand","embeddable":true,"href":"https:\/\/gate21.ee\/et\/wp-json\/wp\/v2\/product_brand?post=196000"},{"taxonomy":"product_cat","embeddable":true,"href":"https:\/\/gate21.ee\/et\/wp-json\/wp\/v2\/product_cat?post=196000"},{"taxonomy":"product_tag","embeddable":true,"href":"https:\/\/gate21.ee\/et\/wp-json\/wp\/v2\/product_tag?post=196000"}],"curies":[{"name":"wp","href":"https:\/\/api.w.org\/{rel}","templated":true}]}}