{"id":195990,"date":"2024-11-15T14:38:00","date_gmt":"2024-11-15T12:38:00","guid":{"rendered":"https:\/\/gate21.ee\/?post_type=product&#038;p=195990"},"modified":"2026-04-17T16:11:11","modified_gmt":"2026-04-17T13:11:11","slug":"street-dealer-sweater","status":"publish","type":"product","link":"https:\/\/gate21.ee\/et\/shop\/street-dealer-sweater\/","title":{"rendered":"Street Dealer kudum"},"content":{"rendered":"<p>Kas olete kunagi m\u00f5elnud: \u201cMis on minu kotis niioo raske? Kui sa vaataksid \u00fchte neist videotest, kus kuulsad inimesed t\u00fchjendavad oma kotti, siis v\u00f5iks see v\u00e4lja n\u00e4ha nii...<\/p>\n<p>Tr\u00fckitud <a href=\"https:\/\/gate21.ee\/et\/tootekategooria\/clothing\/sweatshirts\/\">kootud kampsun<\/a> 100% orgaanilisest puuvillast, sobib ainult \u00f5rnaks k\u00e4tepesuks.<\/p>\n<p>&nbsp;<\/p>\n<p><img fetchpriority=\"high\" decoding=\"async\" class=\"size-medium wp-image-195962 aligncenter\" src=\"https:\/\/gate21.ee\/wp-content\/uploads\/2024\/11\/Outsiders-Division-FW-20240433-EDIT-LOW-300x200.webp\" alt=\"\" width=\"300\" height=\"200\" srcset=\"https:\/\/gate21.ee\/wp-content\/uploads\/2024\/11\/Outsiders-Division-FW-20240433-EDIT-LOW-300x200.webp 300w, https:\/\/gate21.ee\/wp-content\/uploads\/2024\/11\/Outsiders-Division-FW-20240433-EDIT-LOW-18x12.webp 18w, https:\/\/gate21.ee\/wp-content\/uploads\/2024\/11\/Outsiders-Division-FW-20240433-EDIT-LOW-600x401.webp 600w, https:\/\/gate21.ee\/wp-content\/uploads\/2024\/11\/Outsiders-Division-FW-20240433-EDIT-LOW.webp 720w\" sizes=\"(max-width: 300px) 100vw, 300px\" \/><\/p>\n<p>&nbsp;<\/p>\n<p><a href=\"https:\/\/gate21.ee\/et\/brand\/outsiders_division\/\">Outsiders Division<\/a> s\u00fcndis 12. septembril 2012 Barcelonas kunstigaleriis. Alguses disainis br\u00e4nd ainult m\u00fctse ja aksessuaare kuni 2016. aastani, mil osales oma esimesel moen\u00e4dalal Madridis ja v\u00f5itis j\u00e4rjest kaks korda parima Nobeli kollektsiooni. Nende aastate jooksul oleme disaininud kollektsioone ja koost\u00f6\u00f6d, lisades br\u00e4ndile Imaginary pika nimekirja r\u00f5ivaid.<\/p>\n<p>Outsiders Divisioni peamised tugisambad on v\u00e4rv, fantaasia ja r\u00f5\u00f5m. Nad disainivad riideid sellele vanaisale, kes on laps, v\u00f5i sellele lapsele, kes on vanaisa, v\u00f5i \u00f5igemini k\u00f5igile t\u00e4iskasvanutele, kes pole veel t\u00e4iskasvanuks saanud.<\/p>","protected":false},"excerpt":{"rendered":"<p>Have you every thought &#8220;What&#8217;s in my bag to be sooo heavy? If you watched one of those videos of famous people emptying their bags it might look like this\u2026 Printed knitted sweater from 100% organic cotton, suitable only for gentle handwashing. &nbsp; &nbsp; Outsiders Division was born in an art gallery on September 12th [&hellip;]<\/p>\n","protected":false},"featured_media":195995,"comment_status":"closed","ping_status":"closed","template":"","meta":{"site-sidebar-layout":"default","site-content-layout":"","ast-site-content-layout":"default","site-content-style":"default","site-sidebar-style":"default","ast-global-header-display":"","ast-banner-title-visibility":"","ast-main-header-display":"","ast-hfb-above-header-display":"","ast-hfb-below-header-display":"","ast-hfb-mobile-header-display":"","site-post-title":"","ast-breadcrumbs-content":"","ast-featured-img":"","footer-sml-layout":"","ast-disable-related-posts":"","theme-transparent-header-meta":"default","adv-header-id-meta":"","stick-header-meta":"default","header-above-stick-meta":"","header-main-stick-meta":"","header-below-stick-meta":"","astra-migrate-meta-layouts":"set","ast-page-background-enabled":"default","ast-page-background-meta":{"desktop":{"background-color":"","background-image":"","background-repeat":"repeat","background-position":"center center","background-size":"auto","background-attachment":"scroll","background-type":"","background-media":"","overlay-type":"","overlay-color":"","overlay-opacity":"","overlay-gradient":""},"tablet":{"background-color":"","background-image":"","background-repeat":"repeat","background-position":"center center","background-size":"auto","background-attachment":"scroll","background-type":"","background-media":"","overlay-type":"","overlay-color":"","overlay-opacity":"","overlay-gradient":""},"mobile":{"background-color":"","background-image":"","background-repeat":"repeat","background-position":"center center","background-size":"auto","background-attachment":"scroll","background-type":"","background-media":"","overlay-type":"","overlay-color":"","overlay-opacity":"","overlay-gradient":""}},"ast-content-background-meta":{"desktop":{"background-color":"var(--ast-global-color-5)","background-image":"","background-repeat":"repeat","background-position":"center center","background-size":"auto","background-attachment":"scroll","background-type":"","background-media":"","overlay-type":"","overlay-color":"","overlay-opacity":"","overlay-gradient":""},"tablet":{"background-color":"var(--ast-global-color-5)","background-image":"","background-repeat":"repeat","background-position":"center center","background-size":"auto","background-attachment":"scroll","background-type":"","background-media":"","overlay-type":"","overlay-color":"","overlay-opacity":"","overlay-gradient":""},"mobile":{"background-color":"var(--ast-global-color-5)","background-image":"","background-repeat":"repeat","background-position":"center center","background-size":"auto","background-attachment":"scroll","background-type":"","background-media":"","overlay-type":"","overlay-color":"","overlay-opacity":"","overlay-gradient":""}}},"pwb-brand":[605],"product_brand":[],"product_cat":[56,54,645],"product_tag":[],"class_list":{"0":"post-195990","1":"product","2":"type-product","3":"status-publish","4":"has-post-thumbnail","6":"pwb-brand-outsiders_division","7":"product_cat-clothing","8":"product_cat-sale","9":"product_cat-sweaters","10":"desktop-align-center","11":"tablet-align-center","12":"mobile-align-center","13":"ast-product-gallery-layout-vertical","14":"ast-product-single-variable","15":"ast-product-tabs-layout-horizontal","17":"first","18":"instock","19":"sale","20":"taxable","21":"shipping-taxable","22":"purchasable","23":"product-type-variable"},"yoast_head":"<!-- This site is optimized with the Yoast SEO plugin v27.4 - https:\/\/yoast.com\/product\/yoast-seo-wordpress\/ -->\n<title>Street Dealer Sweater &#8226; Gate21<\/title>\n<meta name=\"robots\" content=\"index, follow, max-snippet:-1, max-image-preview:large, max-video-preview:-1\" \/>\n<link rel=\"canonical\" href=\"https:\/\/gate21.ee\/et\/shop\/street-dealer-sweater\/\" \/>\n<meta property=\"og:locale\" content=\"et_EE\" \/>\n<meta property=\"og:type\" content=\"article\" \/>\n<meta property=\"og:title\" content=\"Street Dealer Sweater &#8226; Gate21\" \/>\n<meta property=\"og:description\" content=\"Have you every thought &#8220;What&#8217;s in my bag to be sooo heavy? If you watched one of those videos of famous people emptying their bags it might look like this\u2026 Printed knitted sweater from 100% organic cotton, suitable only for gentle handwashing. &nbsp; &nbsp; Outsiders Division was born in an art gallery on September 12th [&hellip;]\" \/>\n<meta property=\"og:url\" content=\"https:\/\/gate21.ee\/et\/shop\/street-dealer-sweater\/\" \/>\n<meta property=\"og:site_name\" content=\"Gate21\" \/>\n<meta property=\"article:publisher\" content=\"https:\/\/www.facebook.com\/gate21.ee\/\" \/>\n<meta property=\"article:modified_time\" content=\"2026-04-17T13:11:11+00:00\" \/>\n<meta property=\"og:image\" content=\"https:\/\/gate21.ee\/wp-content\/uploads\/2024\/11\/Dealer-removebg-preview.png\" \/>\n\t<meta property=\"og:image:width\" content=\"408\" \/>\n\t<meta property=\"og:image:height\" content=\"611\" \/>\n\t<meta property=\"og:image:type\" content=\"image\/png\" \/>\n<meta name=\"twitter:card\" content=\"summary_large_image\" \/>\n<meta name=\"twitter:label1\" content=\"Est. reading time\" \/>\n\t<meta name=\"twitter:data1\" content=\"2 minutit\" \/>\n<script type=\"application\/ld+json\" class=\"yoast-schema-graph\">{\"@context\":\"https:\\\/\\\/schema.org\",\"@graph\":[{\"@type\":\"WebPage\",\"@id\":\"https:\\\/\\\/gate21.ee\\\/shop\\\/street-dealer-sweater\\\/\",\"url\":\"https:\\\/\\\/gate21.ee\\\/shop\\\/street-dealer-sweater\\\/\",\"name\":\"Street Dealer Sweater &#8226; Gate21\",\"isPartOf\":{\"@id\":\"https:\\\/\\\/gate21.ee\\\/#website\"},\"primaryImageOfPage\":{\"@id\":\"https:\\\/\\\/gate21.ee\\\/shop\\\/street-dealer-sweater\\\/#primaryimage\"},\"image\":{\"@id\":\"https:\\\/\\\/gate21.ee\\\/shop\\\/street-dealer-sweater\\\/#primaryimage\"},\"thumbnailUrl\":\"https:\\\/\\\/gate21.ee\\\/wp-content\\\/uploads\\\/2024\\\/11\\\/Dealer-removebg-preview.png\",\"datePublished\":\"2024-11-15T12:38:00+00:00\",\"dateModified\":\"2026-04-17T13:11:11+00:00\",\"breadcrumb\":{\"@id\":\"https:\\\/\\\/gate21.ee\\\/shop\\\/street-dealer-sweater\\\/#breadcrumb\"},\"inLanguage\":\"et\",\"potentialAction\":[{\"@type\":\"ReadAction\",\"target\":[\"https:\\\/\\\/gate21.ee\\\/shop\\\/street-dealer-sweater\\\/\"]}]},{\"@type\":\"ImageObject\",\"inLanguage\":\"et\",\"@id\":\"https:\\\/\\\/gate21.ee\\\/shop\\\/street-dealer-sweater\\\/#primaryimage\",\"url\":\"https:\\\/\\\/gate21.ee\\\/wp-content\\\/uploads\\\/2024\\\/11\\\/Dealer-removebg-preview.png\",\"contentUrl\":\"https:\\\/\\\/gate21.ee\\\/wp-content\\\/uploads\\\/2024\\\/11\\\/Dealer-removebg-preview.png\",\"width\":408,\"height\":611,\"caption\":\"A person with short blond hair wears the Street Dealer Jumper, featuring colourful watch illustrations, paired with yellow grid-patterned trousers and red feathery shoes, standing against a plain white background. Gate21.ee\"},{\"@type\":\"BreadcrumbList\",\"@id\":\"https:\\\/\\\/gate21.ee\\\/shop\\\/street-dealer-sweater\\\/#breadcrumb\",\"itemListElement\":[{\"@type\":\"ListItem\",\"position\":1,\"name\":\"Home\",\"item\":\"https:\\\/\\\/gate21.ee\\\/\"},{\"@type\":\"ListItem\",\"position\":2,\"name\":\"Street Dealer Sweater\"}]},{\"@type\":\"WebSite\",\"@id\":\"https:\\\/\\\/gate21.ee\\\/#website\",\"url\":\"https:\\\/\\\/gate21.ee\\\/\",\"name\":\"Gate21\",\"description\":\"Gift concept store Gate21\",\"publisher\":{\"@id\":\"https:\\\/\\\/gate21.ee\\\/#organization\"},\"alternateName\":\"gate21\",\"potentialAction\":[{\"@type\":\"SearchAction\",\"target\":{\"@type\":\"EntryPoint\",\"urlTemplate\":\"https:\\\/\\\/gate21.ee\\\/?s={search_term_string}\"},\"query-input\":{\"@type\":\"PropertyValueSpecification\",\"valueRequired\":true,\"valueName\":\"search_term_string\"}}],\"inLanguage\":\"et\"},{\"@type\":\"Organization\",\"@id\":\"https:\\\/\\\/gate21.ee\\\/#organization\",\"name\":\"Gate21\",\"alternateName\":\"Gate21, Oma Asi and Oma Asi Design Store\",\"url\":\"https:\\\/\\\/gate21.ee\\\/\",\"logo\":{\"@type\":\"ImageObject\",\"inLanguage\":\"et\",\"@id\":\"https:\\\/\\\/gate21.ee\\\/#\\\/schema\\\/logo\\\/image\\\/\",\"url\":\"https:\\\/\\\/gate21.ee\\\/wp-content\\\/uploads\\\/2021\\\/11\\\/Gate_21_Logo_2_Valge.png\",\"contentUrl\":\"https:\\\/\\\/gate21.ee\\\/wp-content\\\/uploads\\\/2021\\\/11\\\/Gate_21_Logo_2_Valge.png\",\"width\":2560,\"height\":2560,\"caption\":\"Gate21\"},\"image\":{\"@id\":\"https:\\\/\\\/gate21.ee\\\/#\\\/schema\\\/logo\\\/image\\\/\"},\"sameAs\":[\"https:\\\/\\\/www.facebook.com\\\/gate21.ee\\\/\",\"https:\\\/\\\/www.instagram.com\\\/gate21.ee\\\/\",\"https:\\\/\\\/www.instagram.com\\\/omaasidesign\\\/\",\"https:\\\/\\\/www.instagram.com\\\/omaasi\\\/\",\"https:\\\/\\\/www.facebook.com\\\/omaasidesign\\\/\",\"https:\\\/\\\/www.facebook.com\\\/omaasilittleredhouse\\\/\",\"https:\\\/\\\/www.tiktok.com\\\/@gate21.ee\"]}]}<\/script>\n<!-- \/ Yoast SEO plugin. -->","yoast_head_json":{"title":"Street Dealer Sweater &#8226; Gate21","robots":{"index":"index","follow":"follow","max-snippet":"max-snippet:-1","max-image-preview":"max-image-preview:large","max-video-preview":"max-video-preview:-1"},"canonical":"https:\/\/gate21.ee\/et\/shop\/street-dealer-sweater\/","og_locale":"et_EE","og_type":"article","og_title":"Street Dealer Sweater &#8226; Gate21","og_description":"Have you every thought &#8220;What&#8217;s in my bag to be sooo heavy? If you watched one of those videos of famous people emptying their bags it might look like this\u2026 Printed knitted sweater from 100% organic cotton, suitable only for gentle handwashing. &nbsp; &nbsp; Outsiders Division was born in an art gallery on September 12th [&hellip;]","og_url":"https:\/\/gate21.ee\/et\/shop\/street-dealer-sweater\/","og_site_name":"Gate21","article_publisher":"https:\/\/www.facebook.com\/gate21.ee\/","article_modified_time":"2026-04-17T13:11:11+00:00","og_image":[{"width":408,"height":611,"url":"https:\/\/gate21.ee\/wp-content\/uploads\/2024\/11\/Dealer-removebg-preview.png","type":"image\/png"}],"twitter_card":"summary_large_image","twitter_misc":{"Est. reading time":"2 minutit"},"schema":{"@context":"https:\/\/schema.org","@graph":[{"@type":"WebPage","@id":"https:\/\/gate21.ee\/shop\/street-dealer-sweater\/","url":"https:\/\/gate21.ee\/shop\/street-dealer-sweater\/","name":"Street Dealer Sweater &#8226; Gate21","isPartOf":{"@id":"https:\/\/gate21.ee\/#website"},"primaryImageOfPage":{"@id":"https:\/\/gate21.ee\/shop\/street-dealer-sweater\/#primaryimage"},"image":{"@id":"https:\/\/gate21.ee\/shop\/street-dealer-sweater\/#primaryimage"},"thumbnailUrl":"https:\/\/gate21.ee\/wp-content\/uploads\/2024\/11\/Dealer-removebg-preview.png","datePublished":"2024-11-15T12:38:00+00:00","dateModified":"2026-04-17T13:11:11+00:00","breadcrumb":{"@id":"https:\/\/gate21.ee\/shop\/street-dealer-sweater\/#breadcrumb"},"inLanguage":"et","potentialAction":[{"@type":"ReadAction","target":["https:\/\/gate21.ee\/shop\/street-dealer-sweater\/"]}]},{"@type":"ImageObject","inLanguage":"et","@id":"https:\/\/gate21.ee\/shop\/street-dealer-sweater\/#primaryimage","url":"https:\/\/gate21.ee\/wp-content\/uploads\/2024\/11\/Dealer-removebg-preview.png","contentUrl":"https:\/\/gate21.ee\/wp-content\/uploads\/2024\/11\/Dealer-removebg-preview.png","width":408,"height":611,"caption":"A person with short blond hair wears the Street Dealer Jumper, featuring colourful watch illustrations, paired with yellow grid-patterned trousers and red feathery shoes, standing against a plain white background. Gate21.ee"},{"@type":"BreadcrumbList","@id":"https:\/\/gate21.ee\/shop\/street-dealer-sweater\/#breadcrumb","itemListElement":[{"@type":"ListItem","position":1,"name":"Home","item":"https:\/\/gate21.ee\/"},{"@type":"ListItem","position":2,"name":"Street Dealer Sweater"}]},{"@type":"WebSite","@id":"https:\/\/gate21.ee\/#website","url":"https:\/\/gate21.ee\/","name":"Gate21","description":"Kingituskontseptsioonipood Gate21","publisher":{"@id":"https:\/\/gate21.ee\/#organization"},"alternateName":"gate21","potentialAction":[{"@type":"SearchAction","target":{"@type":"EntryPoint","urlTemplate":"https:\/\/gate21.ee\/?s={search_term_string}"},"query-input":{"@type":"PropertyValueSpecification","valueRequired":true,"valueName":"search_term_string"}}],"inLanguage":"et"},{"@type":"Organization","@id":"https:\/\/gate21.ee\/#organization","name":"Gate21","alternateName":"Gate21, Oma Asi and Oma Asi Design Store","url":"https:\/\/gate21.ee\/","logo":{"@type":"ImageObject","inLanguage":"et","@id":"https:\/\/gate21.ee\/#\/schema\/logo\/image\/","url":"https:\/\/gate21.ee\/wp-content\/uploads\/2021\/11\/Gate_21_Logo_2_Valge.png","contentUrl":"https:\/\/gate21.ee\/wp-content\/uploads\/2021\/11\/Gate_21_Logo_2_Valge.png","width":2560,"height":2560,"caption":"Gate21"},"image":{"@id":"https:\/\/gate21.ee\/#\/schema\/logo\/image\/"},"sameAs":["https:\/\/www.facebook.com\/gate21.ee\/","https:\/\/www.instagram.com\/gate21.ee\/","https:\/\/www.instagram.com\/omaasidesign\/","https:\/\/www.instagram.com\/omaasi\/","https:\/\/www.facebook.com\/omaasidesign\/","https:\/\/www.facebook.com\/omaasilittleredhouse\/","https:\/\/www.tiktok.com\/@gate21.ee"]}]}},"jetpack_sharing_enabled":true,"brands":[{"id":605,"name":"Outsiders Division","slug":"outsiders_division"}],"_links":{"self":[{"href":"https:\/\/gate21.ee\/et\/wp-json\/wp\/v2\/product\/195990","targetHints":{"allow":["GET"]}}],"collection":[{"href":"https:\/\/gate21.ee\/et\/wp-json\/wp\/v2\/product"}],"about":[{"href":"https:\/\/gate21.ee\/et\/wp-json\/wp\/v2\/types\/product"}],"replies":[{"embeddable":true,"href":"https:\/\/gate21.ee\/et\/wp-json\/wp\/v2\/comments?post=195990"}],"version-history":[{"count":1,"href":"https:\/\/gate21.ee\/et\/wp-json\/wp\/v2\/product\/195990\/revisions"}],"predecessor-version":[{"id":219826,"href":"https:\/\/gate21.ee\/et\/wp-json\/wp\/v2\/product\/195990\/revisions\/219826"}],"wp:featuredmedia":[{"embeddable":true,"href":"https:\/\/gate21.ee\/et\/wp-json\/wp\/v2\/media\/195995"}],"wp:attachment":[{"href":"https:\/\/gate21.ee\/et\/wp-json\/wp\/v2\/media?parent=195990"}],"wp:term":[{"taxonomy":"pwb-brand","embeddable":true,"href":"https:\/\/gate21.ee\/et\/wp-json\/wp\/v2\/pwb-brand?post=195990"},{"taxonomy":"product_brand","embeddable":true,"href":"https:\/\/gate21.ee\/et\/wp-json\/wp\/v2\/product_brand?post=195990"},{"taxonomy":"product_cat","embeddable":true,"href":"https:\/\/gate21.ee\/et\/wp-json\/wp\/v2\/product_cat?post=195990"},{"taxonomy":"product_tag","embeddable":true,"href":"https:\/\/gate21.ee\/et\/wp-json\/wp\/v2\/product_tag?post=195990"}],"curies":[{"name":"wp","href":"https:\/\/api.w.org\/{rel}","templated":true}]}}