{"id":191418,"date":"2024-09-25T11:46:00","date_gmt":"2024-09-25T08:46:00","guid":{"rendered":"https:\/\/gate21.ee\/?post_type=product&#038;p=191418"},"modified":"2026-04-14T14:46:31","modified_gmt":"2026-04-14T11:46:31","slug":"eesti-sokid-tule-saarele-sa","status":"publish","type":"product","link":"https:\/\/gate21.ee\/et\/shop\/eesti-sokid-tule-saarele-sa\/","title":{"rendered":"Eesti sokid \u2013 Tule saarele sa!"},"content":{"rendered":"<p class=\"p1\">Need \u00e4gedad sokid on inspireeritud Eesti kaunimatest saartest, mis on tuntud oma eriliste omaduste ja kauni looduse poolest. Kandes neid sokke, tunnete end nagu t\u00f5elised seiklejad ja moodsad saarlased! See on imeline kingitus nii endale kui ka s\u00f5brale suveniiriks Eestist.<br \/>\nKoostis: puuvill 80%, pol\u00fcamiid 17%, elastaan 3%<\/p>\n<p>\u00dcks suurus sobib k\u00f5igile: 35\u201346!<\/p>","protected":false},"excerpt":{"rendered":"<p>Need \u00e4gedad sokid on inspireeritud Eesti kaunimatest saartest, mis on tuntud oma eriliste omaduste ja ilusa looduse poolest. Kandes neid sokke, saate end tunda nagu t\u00f5eline seikleja ja suurep\u00e4rane moodne saarlane! See on imeline kink nii endale, kui ka s\u00f5brale suveniiriks Eestist. Koostis: puuvill 80%, pol\u00fcamiid 17%, elastaan 3% \u00dcks suurus k\u00f5igile: 35-46!<\/p>","protected":false},"featured_media":191419,"comment_status":"closed","ping_status":"closed","template":"","meta":{"site-sidebar-layout":"default","site-content-layout":"default","ast-site-content-layout":"default","site-content-style":"default","site-sidebar-style":"default","ast-global-header-display":"","ast-banner-title-visibility":"","ast-main-header-display":"","ast-hfb-above-header-display":"","ast-hfb-below-header-display":"","ast-hfb-mobile-header-display":"","site-post-title":"","ast-breadcrumbs-content":"","ast-featured-img":"","footer-sml-layout":"","ast-disable-related-posts":"","theme-transparent-header-meta":"default","adv-header-id-meta":"","stick-header-meta":"default","header-above-stick-meta":"","header-main-stick-meta":"","header-below-stick-meta":"","astra-migrate-meta-layouts":"set","ast-page-background-enabled":"default","ast-page-background-meta":{"desktop":{"background-color":"","background-image":"","background-repeat":"repeat","background-position":"center center","background-size":"auto","background-attachment":"scroll","background-type":"","background-media":"","overlay-type":"","overlay-color":"","overlay-opacity":"","overlay-gradient":""},"tablet":{"background-color":"","background-image":"","background-repeat":"repeat","background-position":"center center","background-size":"auto","background-attachment":"scroll","background-type":"","background-media":"","overlay-type":"","overlay-color":"","overlay-opacity":"","overlay-gradient":""},"mobile":{"background-color":"","background-image":"","background-repeat":"repeat","background-position":"center center","background-size":"auto","background-attachment":"scroll","background-type":"","background-media":"","overlay-type":"","overlay-color":"","overlay-opacity":"","overlay-gradient":""}},"ast-content-background-meta":{"desktop":{"background-color":"var(--ast-global-color-5)","background-image":"","background-repeat":"repeat","background-position":"center center","background-size":"auto","background-attachment":"scroll","background-type":"","background-media":"","overlay-type":"","overlay-color":"","overlay-opacity":"","overlay-gradient":""},"tablet":{"background-color":"var(--ast-global-color-5)","background-image":"","background-repeat":"repeat","background-position":"center center","background-size":"auto","background-attachment":"scroll","background-type":"","background-media":"","overlay-type":"","overlay-color":"","overlay-opacity":"","overlay-gradient":""},"mobile":{"background-color":"var(--ast-global-color-5)","background-image":"","background-repeat":"repeat","background-position":"center center","background-size":"auto","background-attachment":"scroll","background-type":"","background-media":"","overlay-type":"","overlay-color":"","overlay-opacity":"","overlay-gradient":""}}},"pwb-brand":[661],"product_brand":[],"product_cat":[56,136],"product_tag":[],"class_list":{"0":"post-191418","1":"product","2":"type-product","3":"status-publish","4":"has-post-thumbnail","6":"pwb-brand-seik","7":"product_cat-clothing","8":"product_cat-socks","9":"desktop-align-center","10":"tablet-align-center","11":"mobile-align-center","12":"ast-product-gallery-layout-vertical","13":"ast-product-tabs-layout-horizontal","15":"first","16":"instock","17":"taxable","18":"shipping-taxable","19":"purchasable","20":"product-type-simple"},"yoast_head":"<!-- This site is optimized with the Yoast SEO plugin v27.5 - https:\/\/yoast.com\/product\/yoast-seo-wordpress\/ -->\n<title>Eesti sokid \u2013 Tule saarele sa! &#8226; Gate21<\/title>\n<meta name=\"robots\" content=\"index, follow, max-snippet:-1, max-image-preview:large, max-video-preview:-1\" \/>\n<link rel=\"canonical\" href=\"https:\/\/gate21.ee\/et\/shop\/eesti-sokid-tule-saarele-sa\/\" \/>\n<meta property=\"og:locale\" content=\"et_EE\" \/>\n<meta property=\"og:type\" content=\"article\" \/>\n<meta property=\"og:title\" content=\"Eesti sokid \u2013 Tule saarele sa! &#8226; Gate21\" \/>\n<meta property=\"og:description\" content=\"Need \u00e4gedad sokid on inspireeritud Eesti kaunimatest saartest, mis on tuntud oma eriliste omaduste ja ilusa looduse poolest. Kandes neid sokke, saate end tunda nagu t\u00f5eline seikleja ja suurep\u00e4rane moodne saarlane! See on imeline kink nii endale, kui ka s\u00f5brale suveniiriks Eestist. Koostis: puuvill 80%, pol\u00fcamiid 17%, elastaan 3% \u00dcks suurus k\u00f5igile: 35-46!\" \/>\n<meta property=\"og:url\" content=\"https:\/\/gate21.ee\/et\/shop\/eesti-sokid-tule-saarele-sa\/\" \/>\n<meta property=\"og:site_name\" content=\"Gate21\" \/>\n<meta property=\"article:publisher\" content=\"https:\/\/www.facebook.com\/gate21.ee\/\" \/>\n<meta property=\"article:modified_time\" content=\"2026-04-14T11:46:31+00:00\" \/>\n<meta property=\"og:image\" content=\"https:\/\/gate21.ee\/wp-content\/uploads\/2024\/09\/image00002-1-600x800.jpeg.webp\" \/>\n\t<meta property=\"og:image:width\" content=\"600\" \/>\n\t<meta property=\"og:image:height\" content=\"800\" \/>\n\t<meta property=\"og:image:type\" content=\"image\/webp\" \/>\n<meta name=\"twitter:card\" content=\"summary_large_image\" \/>\n<meta name=\"twitter:label1\" content=\"Est. reading time\" \/>\n\t<meta name=\"twitter:data1\" content=\"1 minut\" \/>\n<script type=\"application\/ld+json\" class=\"yoast-schema-graph\">{\"@context\":\"https:\\\/\\\/schema.org\",\"@graph\":[{\"@type\":\"WebPage\",\"@id\":\"https:\\\/\\\/gate21.ee\\\/shop\\\/eesti-sokid-tule-saarele-sa\\\/\",\"url\":\"https:\\\/\\\/gate21.ee\\\/shop\\\/eesti-sokid-tule-saarele-sa\\\/\",\"name\":\"Eesti sokid \u2013 Tule saarele sa! &#8226; Gate21\",\"isPartOf\":{\"@id\":\"https:\\\/\\\/gate21.ee\\\/#website\"},\"primaryImageOfPage\":{\"@id\":\"https:\\\/\\\/gate21.ee\\\/shop\\\/eesti-sokid-tule-saarele-sa\\\/#primaryimage\"},\"image\":{\"@id\":\"https:\\\/\\\/gate21.ee\\\/shop\\\/eesti-sokid-tule-saarele-sa\\\/#primaryimage\"},\"thumbnailUrl\":\"https:\\\/\\\/gate21.ee\\\/wp-content\\\/uploads\\\/2024\\\/09\\\/image00002-1-600x800.jpeg.webp\",\"datePublished\":\"2024-09-25T08:46:00+00:00\",\"dateModified\":\"2026-04-14T11:46:31+00:00\",\"breadcrumb\":{\"@id\":\"https:\\\/\\\/gate21.ee\\\/shop\\\/eesti-sokid-tule-saarele-sa\\\/#breadcrumb\"},\"inLanguage\":\"et\",\"potentialAction\":[{\"@type\":\"ReadAction\",\"target\":[\"https:\\\/\\\/gate21.ee\\\/shop\\\/eesti-sokid-tule-saarele-sa\\\/\"]}]},{\"@type\":\"ImageObject\",\"inLanguage\":\"et\",\"@id\":\"https:\\\/\\\/gate21.ee\\\/shop\\\/eesti-sokid-tule-saarele-sa\\\/#primaryimage\",\"url\":\"https:\\\/\\\/gate21.ee\\\/wp-content\\\/uploads\\\/2024\\\/09\\\/image00002-1-600x800.jpeg.webp\",\"contentUrl\":\"https:\\\/\\\/gate21.ee\\\/wp-content\\\/uploads\\\/2024\\\/09\\\/image00002-1-600x800.jpeg.webp\",\"width\":600,\"height\":800,\"caption\":\"Eesti sokid \u2013 Tule saarele sa! feature a scenic print of water, trees, and a canoe, with a tag reading \\\"WHY DOES THE WELL OVERTOWN IN THE ESTONIAN BOG?\\\" Perfect Tallinn gift; displayed on white with photos and dried plants nearby. Gate21.ee\"},{\"@type\":\"BreadcrumbList\",\"@id\":\"https:\\\/\\\/gate21.ee\\\/shop\\\/eesti-sokid-tule-saarele-sa\\\/#breadcrumb\",\"itemListElement\":[{\"@type\":\"ListItem\",\"position\":1,\"name\":\"Home\",\"item\":\"https:\\\/\\\/gate21.ee\\\/\"},{\"@type\":\"ListItem\",\"position\":2,\"name\":\"Eesti sokid \u2013 Tule saarele sa!\"}]},{\"@type\":\"WebSite\",\"@id\":\"https:\\\/\\\/gate21.ee\\\/#website\",\"url\":\"https:\\\/\\\/gate21.ee\\\/\",\"name\":\"Gate21\",\"description\":\"Gift concept store Gate21\",\"publisher\":{\"@id\":\"https:\\\/\\\/gate21.ee\\\/#organization\"},\"alternateName\":\"gate21\",\"potentialAction\":[{\"@type\":\"SearchAction\",\"target\":{\"@type\":\"EntryPoint\",\"urlTemplate\":\"https:\\\/\\\/gate21.ee\\\/?s={search_term_string}\"},\"query-input\":{\"@type\":\"PropertyValueSpecification\",\"valueRequired\":true,\"valueName\":\"search_term_string\"}}],\"inLanguage\":\"et\"},{\"@type\":\"Organization\",\"@id\":\"https:\\\/\\\/gate21.ee\\\/#organization\",\"name\":\"Gate21\",\"alternateName\":\"Gate21, Oma Asi and Oma Asi Design Store\",\"url\":\"https:\\\/\\\/gate21.ee\\\/\",\"logo\":{\"@type\":\"ImageObject\",\"inLanguage\":\"et\",\"@id\":\"https:\\\/\\\/gate21.ee\\\/#\\\/schema\\\/logo\\\/image\\\/\",\"url\":\"https:\\\/\\\/gate21.ee\\\/wp-content\\\/uploads\\\/2021\\\/11\\\/Gate_21_Logo_2_Valge.png\",\"contentUrl\":\"https:\\\/\\\/gate21.ee\\\/wp-content\\\/uploads\\\/2021\\\/11\\\/Gate_21_Logo_2_Valge.png\",\"width\":2560,\"height\":2560,\"caption\":\"Gate21\"},\"image\":{\"@id\":\"https:\\\/\\\/gate21.ee\\\/#\\\/schema\\\/logo\\\/image\\\/\"},\"sameAs\":[\"https:\\\/\\\/www.facebook.com\\\/gate21.ee\\\/\",\"https:\\\/\\\/www.instagram.com\\\/gate21.ee\\\/\",\"https:\\\/\\\/www.instagram.com\\\/omaasidesign\\\/\",\"https:\\\/\\\/www.instagram.com\\\/omaasi\\\/\",\"https:\\\/\\\/www.facebook.com\\\/omaasidesign\\\/\",\"https:\\\/\\\/www.facebook.com\\\/omaasilittleredhouse\\\/\",\"https:\\\/\\\/www.tiktok.com\\\/@gate21.ee\"]}]}<\/script>\n<!-- \/ Yoast SEO plugin. -->","yoast_head_json":{"title":"Eesti sokid \u2013 Tule saarele sa! &#8226; Gate21","robots":{"index":"index","follow":"follow","max-snippet":"max-snippet:-1","max-image-preview":"max-image-preview:large","max-video-preview":"max-video-preview:-1"},"canonical":"https:\/\/gate21.ee\/et\/shop\/eesti-sokid-tule-saarele-sa\/","og_locale":"et_EE","og_type":"article","og_title":"Eesti sokid \u2013 Tule saarele sa! &#8226; Gate21","og_description":"Need \u00e4gedad sokid on inspireeritud Eesti kaunimatest saartest, mis on tuntud oma eriliste omaduste ja ilusa looduse poolest. Kandes neid sokke, saate end tunda nagu t\u00f5eline seikleja ja suurep\u00e4rane moodne saarlane! See on imeline kink nii endale, kui ka s\u00f5brale suveniiriks Eestist. Koostis: puuvill 80%, pol\u00fcamiid 17%, elastaan 3% \u00dcks suurus k\u00f5igile: 35-46!","og_url":"https:\/\/gate21.ee\/et\/shop\/eesti-sokid-tule-saarele-sa\/","og_site_name":"Gate21","article_publisher":"https:\/\/www.facebook.com\/gate21.ee\/","article_modified_time":"2026-04-14T11:46:31+00:00","og_image":[{"width":600,"height":800,"url":"https:\/\/gate21.ee\/wp-content\/uploads\/2024\/09\/image00002-1-600x800.jpeg.webp","type":"image\/webp"}],"twitter_card":"summary_large_image","twitter_misc":{"Est. reading time":"1 minut"},"schema":{"@context":"https:\/\/schema.org","@graph":[{"@type":"WebPage","@id":"https:\/\/gate21.ee\/shop\/eesti-sokid-tule-saarele-sa\/","url":"https:\/\/gate21.ee\/shop\/eesti-sokid-tule-saarele-sa\/","name":"Eesti sokid \u2013 Tule saarele sa! &#8226; Gate21","isPartOf":{"@id":"https:\/\/gate21.ee\/#website"},"primaryImageOfPage":{"@id":"https:\/\/gate21.ee\/shop\/eesti-sokid-tule-saarele-sa\/#primaryimage"},"image":{"@id":"https:\/\/gate21.ee\/shop\/eesti-sokid-tule-saarele-sa\/#primaryimage"},"thumbnailUrl":"https:\/\/gate21.ee\/wp-content\/uploads\/2024\/09\/image00002-1-600x800.jpeg.webp","datePublished":"2024-09-25T08:46:00+00:00","dateModified":"2026-04-14T11:46:31+00:00","breadcrumb":{"@id":"https:\/\/gate21.ee\/shop\/eesti-sokid-tule-saarele-sa\/#breadcrumb"},"inLanguage":"et","potentialAction":[{"@type":"ReadAction","target":["https:\/\/gate21.ee\/shop\/eesti-sokid-tule-saarele-sa\/"]}]},{"@type":"ImageObject","inLanguage":"et","@id":"https:\/\/gate21.ee\/shop\/eesti-sokid-tule-saarele-sa\/#primaryimage","url":"https:\/\/gate21.ee\/wp-content\/uploads\/2024\/09\/image00002-1-600x800.jpeg.webp","contentUrl":"https:\/\/gate21.ee\/wp-content\/uploads\/2024\/09\/image00002-1-600x800.jpeg.webp","width":600,"height":800,"caption":"Eesti sokid \u2013 Tule saarele sa! feature a scenic print of water, trees, and a canoe, with a tag reading \"WHY DOES THE WELL OVERTOWN IN THE ESTONIAN BOG?\" Perfect Tallinn gift; displayed on white with photos and dried plants nearby. Gate21.ee"},{"@type":"BreadcrumbList","@id":"https:\/\/gate21.ee\/shop\/eesti-sokid-tule-saarele-sa\/#breadcrumb","itemListElement":[{"@type":"ListItem","position":1,"name":"Home","item":"https:\/\/gate21.ee\/"},{"@type":"ListItem","position":2,"name":"Eesti sokid \u2013 Tule saarele sa!"}]},{"@type":"WebSite","@id":"https:\/\/gate21.ee\/#website","url":"https:\/\/gate21.ee\/","name":"Gate21","description":"Kingituskontseptsioonipood Gate21","publisher":{"@id":"https:\/\/gate21.ee\/#organization"},"alternateName":"gate21","potentialAction":[{"@type":"SearchAction","target":{"@type":"EntryPoint","urlTemplate":"https:\/\/gate21.ee\/?s={search_term_string}"},"query-input":{"@type":"PropertyValueSpecification","valueRequired":true,"valueName":"search_term_string"}}],"inLanguage":"et"},{"@type":"Organization","@id":"https:\/\/gate21.ee\/#organization","name":"Gate21","alternateName":"Gate21, Oma Asi and Oma Asi Design Store","url":"https:\/\/gate21.ee\/","logo":{"@type":"ImageObject","inLanguage":"et","@id":"https:\/\/gate21.ee\/#\/schema\/logo\/image\/","url":"https:\/\/gate21.ee\/wp-content\/uploads\/2021\/11\/Gate_21_Logo_2_Valge.png","contentUrl":"https:\/\/gate21.ee\/wp-content\/uploads\/2021\/11\/Gate_21_Logo_2_Valge.png","width":2560,"height":2560,"caption":"Gate21"},"image":{"@id":"https:\/\/gate21.ee\/#\/schema\/logo\/image\/"},"sameAs":["https:\/\/www.facebook.com\/gate21.ee\/","https:\/\/www.instagram.com\/gate21.ee\/","https:\/\/www.instagram.com\/omaasidesign\/","https:\/\/www.instagram.com\/omaasi\/","https:\/\/www.facebook.com\/omaasidesign\/","https:\/\/www.facebook.com\/omaasilittleredhouse\/","https:\/\/www.tiktok.com\/@gate21.ee"]}]}},"jetpack_sharing_enabled":true,"brands":[{"id":661,"name":"SEIK","slug":"seik"}],"_links":{"self":[{"href":"https:\/\/gate21.ee\/et\/wp-json\/wp\/v2\/product\/191418","targetHints":{"allow":["GET"]}}],"collection":[{"href":"https:\/\/gate21.ee\/et\/wp-json\/wp\/v2\/product"}],"about":[{"href":"https:\/\/gate21.ee\/et\/wp-json\/wp\/v2\/types\/product"}],"replies":[{"embeddable":true,"href":"https:\/\/gate21.ee\/et\/wp-json\/wp\/v2\/comments?post=191418"}],"version-history":[{"count":4,"href":"https:\/\/gate21.ee\/et\/wp-json\/wp\/v2\/product\/191418\/revisions"}],"predecessor-version":[{"id":254526,"href":"https:\/\/gate21.ee\/et\/wp-json\/wp\/v2\/product\/191418\/revisions\/254526"}],"wp:featuredmedia":[{"embeddable":true,"href":"https:\/\/gate21.ee\/et\/wp-json\/wp\/v2\/media\/191419"}],"wp:attachment":[{"href":"https:\/\/gate21.ee\/et\/wp-json\/wp\/v2\/media?parent=191418"}],"wp:term":[{"taxonomy":"pwb-brand","embeddable":true,"href":"https:\/\/gate21.ee\/et\/wp-json\/wp\/v2\/pwb-brand?post=191418"},{"taxonomy":"product_brand","embeddable":true,"href":"https:\/\/gate21.ee\/et\/wp-json\/wp\/v2\/product_brand?post=191418"},{"taxonomy":"product_cat","embeddable":true,"href":"https:\/\/gate21.ee\/et\/wp-json\/wp\/v2\/product_cat?post=191418"},{"taxonomy":"product_tag","embeddable":true,"href":"https:\/\/gate21.ee\/et\/wp-json\/wp\/v2\/product_tag?post=191418"}],"curies":[{"name":"wp","href":"https:\/\/api.w.org\/{rel}","templated":true}]}}