{"id":190788,"date":"2024-09-19T11:05:00","date_gmt":"2024-09-19T08:05:00","guid":{"rendered":"https:\/\/gate21.ee\/?post_type=product&#038;p=190788"},"modified":"2026-02-24T14:27:36","modified_gmt":"2026-02-24T12:27:36","slug":"duality-earrings-2-2","status":"publish","type":"product","link":"https:\/\/gate21.ee\/et\/shop\/duality-earrings-2-2\/","title":{"rendered":"DUALITY K\u00d5RVAR\u00d5NGAD - L\u00d5IGATUD"},"content":{"rendered":"<p>\u201cJagada kaheks v\u00f5i enamaks osaks.\u201d<br \/>\nL\u00f5igatud idee oli luua midagi, mis n\u00e4ib esmapilgul n\u00e4rviline, kuid mida selle \u00fcmardatud kuju pehmendab. Tugev, kuid pehme.<\/p>\n<p>See on valmistatud kihtide kaupa Tallinnas, 3D-tr\u00fckitud taaskasutatud nailonist, mis on j\u00e4tkusuutlik t\u00e4nu oma suurele taaskasutatavusele ja j\u00e4\u00e4tmevabale tootmisele. Need on kerged, tugevad ja kergesti kantavad. Viimistletud spetsiaalselt valmistatud 3D-tr\u00fckitud h\u00f5bedast n\u00f6\u00f6pidega, millele on sisse tembeldatud pisike \u201c<a href=\"https:\/\/gate21.ee\/et\/brand\/duality\/\">DUALITY\u201d<\/a> - lihtsalt v\u00e4ike lisat\u00e4helepanu.<\/p>\n<p><img fetchpriority=\"high\" decoding=\"async\" class=\"size-medium wp-image-94334 aligncenter\" src=\"https:\/\/i0.wp.com\/gate21.ee\/wp-content\/uploads\/2022\/03\/Screenshot-2022-03-18-at-12.10.39.png?resize=245%2C300&amp;ssl=1\" alt=\"\" width=\"245\" height=\"300\" data-recalc-dims=\"1\" srcset=\"https:\/\/gate21.ee\/wp-content\/uploads\/2022\/03\/Screenshot-2022-03-18-at-12.10.39.png 512w, https:\/\/gate21.ee\/wp-content\/uploads\/2022\/03\/Screenshot-2022-03-18-at-12.10.39-245x300.png 245w, https:\/\/gate21.ee\/wp-content\/uploads\/2022\/03\/Screenshot-2022-03-18-at-12.10.39-10x12.png 10w\" sizes=\"(max-width: 245px) 100vw, 245px\" \/><\/p>\n<p>\u201cKolme Tallinna disainipoe omanikuna olen aastaid olnud \u00fcmbritsetud disainist ja ehetest. Olen alati teadnud, et \u00fchel p\u00e4eval, kui aeg on \u00f5ige, teen midagi enda loodud. Kuid t\u00fc\u00fcpilise eestlasena v\u00f5ttis see tunne aega.<\/p>\n<p>Aastate jooksul t\u00e4itusid mu m\u00e4rkmikud visandite ja ideedega, oodates \u00f5iget hetke, et v\u00f5tta kuju. P\u00e4rast keskkooli kaalusin arhitektuuri \u00f5ppimist, kuid mul puudus julgus seda j\u00e4tkata. Erinevalt enamikust ei t\u00f5mmanud mind kunagi sellised ikoonilised vaatamisv\u00e4\u00e4rsused nagu Louvre, Colosseum v\u00f5i Big Ben. Selle asemel leidsin ilu ootamatutes kohtades - raamatukogudes, kunstimuuseumides, hotellides ja massiivsetes betoonist parkimisehitistes.<\/p>\n<p>Ma armastan betooni, puhtaid jooni, minimalismi ja k\u00f5ike, mis kannab endas toorest, lihvimata serva.<\/p>\n<p>See kirg struktuuri, lihtsuse ja kontrasti vastu sai DUALITY - br\u00e4ndi aluseks, mis on s\u00fcndinud aastatepikkuse vaikse vaatluse ja armastuse t\u00f5ttu disaini lihtsaima vormi vastu.\u201d<\/p>\n<p style=\"font-size: 16px;font-style: normal;font-weight: 400\"><img decoding=\"async\" class=\"size-medium wp-image-94333 aligncenter\" src=\"https:\/\/i0.wp.com\/gate21.ee\/wp-content\/uploads\/2022\/03\/Screenshot-2022-03-18-at-12.10.26.png?resize=268%2C300&amp;ssl=1\" alt=\"Duality designer\" width=\"268\" height=\"300\" data-recalc-dims=\"1\" srcset=\"https:\/\/gate21.ee\/wp-content\/uploads\/2022\/03\/Screenshot-2022-03-18-at-12.10.26.png 567w, https:\/\/gate21.ee\/wp-content\/uploads\/2022\/03\/Screenshot-2022-03-18-at-12.10.26-268x300.png 268w, https:\/\/gate21.ee\/wp-content\/uploads\/2022\/03\/Screenshot-2022-03-18-at-12.10.26-11x12.png 11w\" sizes=\"(max-width: 268px) 100vw, 268px\" \/><\/p>\n<p style=\"text-align: center\">Kirkke Neumeister<\/p>","protected":false},"excerpt":{"rendered":"<p>&#8220;To divide into two or more parts.&#8221; Cut idea was to create something that looks edgy at first &#8211; but is softened by its rounded shape. Strong, but soft. Made layer by layer in Tallinn, 3D-printed from reclaimed nylon, whixh is sustainable thanks to its high reusability and zero-waste production. They\u2019re light, strong, and easy [&hellip;]<\/p>\n","protected":false},"featured_media":190762,"comment_status":"closed","ping_status":"closed","template":"","meta":{"site-sidebar-layout":"default","site-content-layout":"default","ast-site-content-layout":"default","site-content-style":"default","site-sidebar-style":"default","ast-global-header-display":"","ast-banner-title-visibility":"","ast-main-header-display":"","ast-hfb-above-header-display":"","ast-hfb-below-header-display":"","ast-hfb-mobile-header-display":"","site-post-title":"","ast-breadcrumbs-content":"","ast-featured-img":"","footer-sml-layout":"","ast-disable-related-posts":"","theme-transparent-header-meta":"default","adv-header-id-meta":"","stick-header-meta":"default","header-above-stick-meta":"","header-main-stick-meta":"","header-below-stick-meta":"","astra-migrate-meta-layouts":"set","ast-page-background-enabled":"default","ast-page-background-meta":{"desktop":{"background-color":"","background-image":"","background-repeat":"repeat","background-position":"center center","background-size":"auto","background-attachment":"scroll","background-type":"","background-media":"","overlay-type":"","overlay-color":"","overlay-opacity":"","overlay-gradient":""},"tablet":{"background-color":"","background-image":"","background-repeat":"repeat","background-position":"center center","background-size":"auto","background-attachment":"scroll","background-type":"","background-media":"","overlay-type":"","overlay-color":"","overlay-opacity":"","overlay-gradient":""},"mobile":{"background-color":"","background-image":"","background-repeat":"repeat","background-position":"center center","background-size":"auto","background-attachment":"scroll","background-type":"","background-media":"","overlay-type":"","overlay-color":"","overlay-opacity":"","overlay-gradient":""}},"ast-content-background-meta":{"desktop":{"background-color":"var(--ast-global-color-5)","background-image":"","background-repeat":"repeat","background-position":"center center","background-size":"auto","background-attachment":"scroll","background-type":"","background-media":"","overlay-type":"","overlay-color":"","overlay-opacity":"","overlay-gradient":""},"tablet":{"background-color":"var(--ast-global-color-5)","background-image":"","background-repeat":"repeat","background-position":"center center","background-size":"auto","background-attachment":"scroll","background-type":"","background-media":"","overlay-type":"","overlay-color":"","overlay-opacity":"","overlay-gradient":""},"mobile":{"background-color":"var(--ast-global-color-5)","background-image":"","background-repeat":"repeat","background-position":"center center","background-size":"auto","background-attachment":"scroll","background-type":"","background-media":"","overlay-type":"","overlay-color":"","overlay-opacity":"","overlay-gradient":""}}},"pwb-brand":[517],"product_brand":[],"product_cat":[125,52],"product_tag":[],"class_list":{"0":"post-190788","1":"product","2":"type-product","3":"status-publish","4":"has-post-thumbnail","6":"pwb-brand-duality","7":"product_cat-earrings","8":"product_cat-jewellery","9":"desktop-align-center","10":"tablet-align-center","11":"mobile-align-center","12":"ast-product-gallery-layout-vertical","13":"ast-product-tabs-layout-horizontal","15":"first","16":"instock","17":"taxable","18":"shipping-taxable","19":"purchasable","20":"product-type-simple"},"yoast_head":"<!-- This site is optimized with the Yoast SEO plugin v27.4 - https:\/\/yoast.com\/product\/yoast-seo-wordpress\/ -->\n<title>DUALITY EARRINGS - CUT &#8226; Gate21<\/title>\n<meta name=\"description\" content=\"DUALITY\u00a0earrings\u00a0combine solids and voids in a minimalist way. DUALITY earrings are lightweight with custom made silver studs.\" \/>\n<meta name=\"robots\" content=\"index, follow, max-snippet:-1, max-image-preview:large, max-video-preview:-1\" \/>\n<link rel=\"canonical\" href=\"https:\/\/gate21.ee\/et\/shop\/duality-earrings-2-2\/\" \/>\n<meta property=\"og:locale\" content=\"et_EE\" \/>\n<meta property=\"og:type\" content=\"article\" \/>\n<meta property=\"og:title\" content=\"DUALITY EARRINGS - CUT &#8226; Gate21\" \/>\n<meta property=\"og:description\" content=\"DUALITY\u00a0earrings\u00a0combine solids and voids in a minimalist way. DUALITY earrings are lightweight with custom made silver studs.\" \/>\n<meta property=\"og:url\" content=\"https:\/\/gate21.ee\/et\/shop\/duality-earrings-2-2\/\" \/>\n<meta property=\"og:site_name\" content=\"Gate21\" \/>\n<meta property=\"article:publisher\" content=\"https:\/\/www.facebook.com\/gate21.ee\/\" \/>\n<meta property=\"article:modified_time\" content=\"2026-02-24T12:27:36+00:00\" \/>\n<meta property=\"og:image\" content=\"https:\/\/gate21.ee\/wp-content\/uploads\/2024\/09\/9959.png\" \/>\n\t<meta property=\"og:image:width\" content=\"1500\" \/>\n\t<meta property=\"og:image:height\" content=\"1500\" \/>\n\t<meta property=\"og:image:type\" content=\"image\/png\" \/>\n<meta name=\"twitter:card\" content=\"summary_large_image\" \/>\n<meta name=\"twitter:label1\" content=\"Est. reading time\" \/>\n\t<meta name=\"twitter:data1\" content=\"2 minutit\" \/>\n<script type=\"application\/ld+json\" class=\"yoast-schema-graph\">{\"@context\":\"https:\\\/\\\/schema.org\",\"@graph\":[{\"@type\":\"WebPage\",\"@id\":\"https:\\\/\\\/gate21.ee\\\/shop\\\/duality-earrings-2-2\\\/\",\"url\":\"https:\\\/\\\/gate21.ee\\\/shop\\\/duality-earrings-2-2\\\/\",\"name\":\"DUALITY EARRINGS - CUT &#8226; Gate21\",\"isPartOf\":{\"@id\":\"https:\\\/\\\/gate21.ee\\\/#website\"},\"primaryImageOfPage\":{\"@id\":\"https:\\\/\\\/gate21.ee\\\/shop\\\/duality-earrings-2-2\\\/#primaryimage\"},\"image\":{\"@id\":\"https:\\\/\\\/gate21.ee\\\/shop\\\/duality-earrings-2-2\\\/#primaryimage\"},\"thumbnailUrl\":\"https:\\\/\\\/gate21.ee\\\/wp-content\\\/uploads\\\/2024\\\/09\\\/9959.png\",\"datePublished\":\"2024-09-19T08:05:00+00:00\",\"dateModified\":\"2026-02-24T12:27:36+00:00\",\"description\":\"DUALITY\u00a0earrings\u00a0combine solids and voids in a minimalist way. DUALITY earrings are lightweight with custom made silver studs.\",\"breadcrumb\":{\"@id\":\"https:\\\/\\\/gate21.ee\\\/shop\\\/duality-earrings-2-2\\\/#breadcrumb\"},\"inLanguage\":\"et\",\"potentialAction\":[{\"@type\":\"ReadAction\",\"target\":[\"https:\\\/\\\/gate21.ee\\\/shop\\\/duality-earrings-2-2\\\/\"]}]},{\"@type\":\"ImageObject\",\"inLanguage\":\"et\",\"@id\":\"https:\\\/\\\/gate21.ee\\\/shop\\\/duality-earrings-2-2\\\/#primaryimage\",\"url\":\"https:\\\/\\\/gate21.ee\\\/wp-content\\\/uploads\\\/2024\\\/09\\\/9959.png\",\"contentUrl\":\"https:\\\/\\\/gate21.ee\\\/wp-content\\\/uploads\\\/2024\\\/09\\\/9959.png\",\"width\":1500,\"height\":1500,\"caption\":\"A pair of round, black, flat earrings with a single diagonal crease on each, displayed against a plain white background. Gate21.ee\"},{\"@type\":\"BreadcrumbList\",\"@id\":\"https:\\\/\\\/gate21.ee\\\/shop\\\/duality-earrings-2-2\\\/#breadcrumb\",\"itemListElement\":[{\"@type\":\"ListItem\",\"position\":1,\"name\":\"Home\",\"item\":\"https:\\\/\\\/gate21.ee\\\/\"},{\"@type\":\"ListItem\",\"position\":2,\"name\":\"DUALITY EARRINGS &#8211; CUT\"}]},{\"@type\":\"WebSite\",\"@id\":\"https:\\\/\\\/gate21.ee\\\/#website\",\"url\":\"https:\\\/\\\/gate21.ee\\\/\",\"name\":\"Gate21\",\"description\":\"Gift concept store Gate21\",\"publisher\":{\"@id\":\"https:\\\/\\\/gate21.ee\\\/#organization\"},\"alternateName\":\"gate21\",\"potentialAction\":[{\"@type\":\"SearchAction\",\"target\":{\"@type\":\"EntryPoint\",\"urlTemplate\":\"https:\\\/\\\/gate21.ee\\\/?s={search_term_string}\"},\"query-input\":{\"@type\":\"PropertyValueSpecification\",\"valueRequired\":true,\"valueName\":\"search_term_string\"}}],\"inLanguage\":\"et\"},{\"@type\":\"Organization\",\"@id\":\"https:\\\/\\\/gate21.ee\\\/#organization\",\"name\":\"Gate21\",\"alternateName\":\"Gate21, Oma Asi and Oma Asi Design Store\",\"url\":\"https:\\\/\\\/gate21.ee\\\/\",\"logo\":{\"@type\":\"ImageObject\",\"inLanguage\":\"et\",\"@id\":\"https:\\\/\\\/gate21.ee\\\/#\\\/schema\\\/logo\\\/image\\\/\",\"url\":\"https:\\\/\\\/gate21.ee\\\/wp-content\\\/uploads\\\/2021\\\/11\\\/Gate_21_Logo_2_Valge.png\",\"contentUrl\":\"https:\\\/\\\/gate21.ee\\\/wp-content\\\/uploads\\\/2021\\\/11\\\/Gate_21_Logo_2_Valge.png\",\"width\":2560,\"height\":2560,\"caption\":\"Gate21\"},\"image\":{\"@id\":\"https:\\\/\\\/gate21.ee\\\/#\\\/schema\\\/logo\\\/image\\\/\"},\"sameAs\":[\"https:\\\/\\\/www.facebook.com\\\/gate21.ee\\\/\",\"https:\\\/\\\/www.instagram.com\\\/gate21.ee\\\/\",\"https:\\\/\\\/www.instagram.com\\\/omaasidesign\\\/\",\"https:\\\/\\\/www.instagram.com\\\/omaasi\\\/\",\"https:\\\/\\\/www.facebook.com\\\/omaasidesign\\\/\",\"https:\\\/\\\/www.facebook.com\\\/omaasilittleredhouse\\\/\",\"https:\\\/\\\/www.tiktok.com\\\/@gate21.ee\"]}]}<\/script>\n<!-- \/ Yoast SEO plugin. -->","yoast_head_json":{"title":"DUALITY EARRINGS - CUT &#8226; Gate21","description":"DUALITY\u00a0earrings\u00a0combine solids and voids in a minimalist way. DUALITY earrings are lightweight with custom made silver studs.","robots":{"index":"index","follow":"follow","max-snippet":"max-snippet:-1","max-image-preview":"max-image-preview:large","max-video-preview":"max-video-preview:-1"},"canonical":"https:\/\/gate21.ee\/et\/shop\/duality-earrings-2-2\/","og_locale":"et_EE","og_type":"article","og_title":"DUALITY EARRINGS - CUT &#8226; Gate21","og_description":"DUALITY\u00a0earrings\u00a0combine solids and voids in a minimalist way. DUALITY earrings are lightweight with custom made silver studs.","og_url":"https:\/\/gate21.ee\/et\/shop\/duality-earrings-2-2\/","og_site_name":"Gate21","article_publisher":"https:\/\/www.facebook.com\/gate21.ee\/","article_modified_time":"2026-02-24T12:27:36+00:00","og_image":[{"width":1500,"height":1500,"url":"https:\/\/gate21.ee\/wp-content\/uploads\/2024\/09\/9959.png","type":"image\/png"}],"twitter_card":"summary_large_image","twitter_misc":{"Est. reading time":"2 minutit"},"schema":{"@context":"https:\/\/schema.org","@graph":[{"@type":"WebPage","@id":"https:\/\/gate21.ee\/shop\/duality-earrings-2-2\/","url":"https:\/\/gate21.ee\/shop\/duality-earrings-2-2\/","name":"DUALITY EARRINGS - CUT &#8226; Gate21","isPartOf":{"@id":"https:\/\/gate21.ee\/#website"},"primaryImageOfPage":{"@id":"https:\/\/gate21.ee\/shop\/duality-earrings-2-2\/#primaryimage"},"image":{"@id":"https:\/\/gate21.ee\/shop\/duality-earrings-2-2\/#primaryimage"},"thumbnailUrl":"https:\/\/gate21.ee\/wp-content\/uploads\/2024\/09\/9959.png","datePublished":"2024-09-19T08:05:00+00:00","dateModified":"2026-02-24T12:27:36+00:00","description":"DUALITY\u00a0earrings\u00a0combine solids and voids in a minimalist way. DUALITY earrings are lightweight with custom made silver studs.","breadcrumb":{"@id":"https:\/\/gate21.ee\/shop\/duality-earrings-2-2\/#breadcrumb"},"inLanguage":"et","potentialAction":[{"@type":"ReadAction","target":["https:\/\/gate21.ee\/shop\/duality-earrings-2-2\/"]}]},{"@type":"ImageObject","inLanguage":"et","@id":"https:\/\/gate21.ee\/shop\/duality-earrings-2-2\/#primaryimage","url":"https:\/\/gate21.ee\/wp-content\/uploads\/2024\/09\/9959.png","contentUrl":"https:\/\/gate21.ee\/wp-content\/uploads\/2024\/09\/9959.png","width":1500,"height":1500,"caption":"A pair of round, black, flat earrings with a single diagonal crease on each, displayed against a plain white background. Gate21.ee"},{"@type":"BreadcrumbList","@id":"https:\/\/gate21.ee\/shop\/duality-earrings-2-2\/#breadcrumb","itemListElement":[{"@type":"ListItem","position":1,"name":"Home","item":"https:\/\/gate21.ee\/"},{"@type":"ListItem","position":2,"name":"DUALITY EARRINGS &#8211; CUT"}]},{"@type":"WebSite","@id":"https:\/\/gate21.ee\/#website","url":"https:\/\/gate21.ee\/","name":"Gate21","description":"Kingituskontseptsioonipood Gate21","publisher":{"@id":"https:\/\/gate21.ee\/#organization"},"alternateName":"gate21","potentialAction":[{"@type":"SearchAction","target":{"@type":"EntryPoint","urlTemplate":"https:\/\/gate21.ee\/?s={search_term_string}"},"query-input":{"@type":"PropertyValueSpecification","valueRequired":true,"valueName":"search_term_string"}}],"inLanguage":"et"},{"@type":"Organization","@id":"https:\/\/gate21.ee\/#organization","name":"Gate21","alternateName":"Gate21, Oma Asi and Oma Asi Design Store","url":"https:\/\/gate21.ee\/","logo":{"@type":"ImageObject","inLanguage":"et","@id":"https:\/\/gate21.ee\/#\/schema\/logo\/image\/","url":"https:\/\/gate21.ee\/wp-content\/uploads\/2021\/11\/Gate_21_Logo_2_Valge.png","contentUrl":"https:\/\/gate21.ee\/wp-content\/uploads\/2021\/11\/Gate_21_Logo_2_Valge.png","width":2560,"height":2560,"caption":"Gate21"},"image":{"@id":"https:\/\/gate21.ee\/#\/schema\/logo\/image\/"},"sameAs":["https:\/\/www.facebook.com\/gate21.ee\/","https:\/\/www.instagram.com\/gate21.ee\/","https:\/\/www.instagram.com\/omaasidesign\/","https:\/\/www.instagram.com\/omaasi\/","https:\/\/www.facebook.com\/omaasidesign\/","https:\/\/www.facebook.com\/omaasilittleredhouse\/","https:\/\/www.tiktok.com\/@gate21.ee"]}]}},"jetpack_sharing_enabled":true,"brands":[{"id":517,"name":"DUALITY","slug":"duality"}],"_links":{"self":[{"href":"https:\/\/gate21.ee\/et\/wp-json\/wp\/v2\/product\/190788","targetHints":{"allow":["GET"]}}],"collection":[{"href":"https:\/\/gate21.ee\/et\/wp-json\/wp\/v2\/product"}],"about":[{"href":"https:\/\/gate21.ee\/et\/wp-json\/wp\/v2\/types\/product"}],"replies":[{"embeddable":true,"href":"https:\/\/gate21.ee\/et\/wp-json\/wp\/v2\/comments?post=190788"}],"version-history":[{"count":3,"href":"https:\/\/gate21.ee\/et\/wp-json\/wp\/v2\/product\/190788\/revisions"}],"predecessor-version":[{"id":249713,"href":"https:\/\/gate21.ee\/et\/wp-json\/wp\/v2\/product\/190788\/revisions\/249713"}],"wp:featuredmedia":[{"embeddable":true,"href":"https:\/\/gate21.ee\/et\/wp-json\/wp\/v2\/media\/190762"}],"wp:attachment":[{"href":"https:\/\/gate21.ee\/et\/wp-json\/wp\/v2\/media?parent=190788"}],"wp:term":[{"taxonomy":"pwb-brand","embeddable":true,"href":"https:\/\/gate21.ee\/et\/wp-json\/wp\/v2\/pwb-brand?post=190788"},{"taxonomy":"product_brand","embeddable":true,"href":"https:\/\/gate21.ee\/et\/wp-json\/wp\/v2\/product_brand?post=190788"},{"taxonomy":"product_cat","embeddable":true,"href":"https:\/\/gate21.ee\/et\/wp-json\/wp\/v2\/product_cat?post=190788"},{"taxonomy":"product_tag","embeddable":true,"href":"https:\/\/gate21.ee\/et\/wp-json\/wp\/v2\/product_tag?post=190788"}],"curies":[{"name":"wp","href":"https:\/\/api.w.org\/{rel}","templated":true}]}}