{"id":190181,"date":"2024-09-14T12:54:00","date_gmt":"2024-09-14T09:54:00","guid":{"rendered":"https:\/\/gate21.ee\/?post_type=product&#038;p=190181"},"modified":"2026-04-08T13:56:31","modified_gmt":"2026-04-08T10:56:31","slug":"fuck-you-from-the-sky-kite","status":"publish","type":"product","link":"https:\/\/gate21.ee\/et\/shop\/fuck-you-from-the-sky-kite\/","title":{"rendered":"FUCK YOU FROM THE SKY \u2013 Tuulelohe"},"content":{"rendered":"<p>Tutvustame maailma k\u00f5ige lihtsamalt lendavat tuulelohe. T\u00f5esti! Soovime, et meil oleks see olnud, kui me olime lapsed, meie vanemad oleksid olnud vaimustuses.<\/p>\n<p>M\u00f5\u00f5tmed: 50 x 100cm<\/p>\n<p><img fetchpriority=\"high\" decoding=\"async\" class=\"size-medium wp-image-190174 aligncenter\" src=\"https:\/\/gate21.ee\/wp-content\/uploads\/2024\/09\/Web_Brutto.Shop_5_1780x-300x200.webp\" alt=\"\" width=\"300\" height=\"200\" srcset=\"https:\/\/gate21.ee\/wp-content\/uploads\/2024\/09\/Web_Brutto.Shop_5_1780x-300x200.webp 300w, https:\/\/gate21.ee\/wp-content\/uploads\/2024\/09\/Web_Brutto.Shop_5_1780x-1024x682.webp 1024w, https:\/\/gate21.ee\/wp-content\/uploads\/2024\/09\/Web_Brutto.Shop_5_1780x-768x512.webp 768w, https:\/\/gate21.ee\/wp-content\/uploads\/2024\/09\/Web_Brutto.Shop_5_1780x-1536x1023.webp 1536w, https:\/\/gate21.ee\/wp-content\/uploads\/2024\/09\/Web_Brutto.Shop_5_1780x-18x12.webp 18w, https:\/\/gate21.ee\/wp-content\/uploads\/2024\/09\/Web_Brutto.Shop_5_1780x-1320x880.webp 1320w, https:\/\/gate21.ee\/wp-content\/uploads\/2024\/09\/Web_Brutto.Shop_5_1780x-600x400.webp 600w, https:\/\/gate21.ee\/wp-content\/uploads\/2024\/09\/Web_Brutto.Shop_5_1780x.webp 1780w\" sizes=\"(max-width: 300px) 100vw, 300px\" \/><\/p>\n<p>&nbsp;<\/p>\n<p>Brutto t\u00e4hendab itaalia keeles \u201ckole\u201d ja see on ehk adjektiiv, mida me p\u00e4eva jooksul k\u00f5ige rohkem kuuleme. Kole on suhteline. See on olemas ainult seet\u00f5ttu, et ilu on olemas, kuid see on suhteline. Meie jaoks on see, mis on ilus, halb ja see, mis on halb, on ilus.<\/p>","protected":false},"excerpt":{"rendered":"<p>Introducing the easiest kite to fly in the world. Really! We wish we had it when we were kids, our parents would have been thrilled. Dimensions: 50 x 100cm &nbsp; Brutto means &#8220;ugly&#8221; in Italian and is perhaps the adjective we hear most during a day. Ugly is relative. It exists only because beauty exists, [&hellip;]<\/p>\n","protected":false},"featured_media":190183,"comment_status":"closed","ping_status":"closed","template":"","meta":{"site-sidebar-layout":"default","site-content-layout":"","ast-site-content-layout":"default","site-content-style":"default","site-sidebar-style":"default","ast-global-header-display":"","ast-banner-title-visibility":"","ast-main-header-display":"","ast-hfb-above-header-display":"","ast-hfb-below-header-display":"","ast-hfb-mobile-header-display":"","site-post-title":"","ast-breadcrumbs-content":"","ast-featured-img":"","footer-sml-layout":"","ast-disable-related-posts":"","theme-transparent-header-meta":"default","adv-header-id-meta":"","stick-header-meta":"default","header-above-stick-meta":"","header-main-stick-meta":"","header-below-stick-meta":"","astra-migrate-meta-layouts":"set","ast-page-background-enabled":"default","ast-page-background-meta":{"desktop":{"background-color":"","background-image":"","background-repeat":"repeat","background-position":"center center","background-size":"auto","background-attachment":"scroll","background-type":"","background-media":"","overlay-type":"","overlay-color":"","overlay-opacity":"","overlay-gradient":""},"tablet":{"background-color":"","background-image":"","background-repeat":"repeat","background-position":"center center","background-size":"auto","background-attachment":"scroll","background-type":"","background-media":"","overlay-type":"","overlay-color":"","overlay-opacity":"","overlay-gradient":""},"mobile":{"background-color":"","background-image":"","background-repeat":"repeat","background-position":"center center","background-size":"auto","background-attachment":"scroll","background-type":"","background-media":"","overlay-type":"","overlay-color":"","overlay-opacity":"","overlay-gradient":""}},"ast-content-background-meta":{"desktop":{"background-color":"var(--ast-global-color-5)","background-image":"","background-repeat":"repeat","background-position":"center center","background-size":"auto","background-attachment":"scroll","background-type":"","background-media":"","overlay-type":"","overlay-color":"","overlay-opacity":"","overlay-gradient":""},"tablet":{"background-color":"var(--ast-global-color-5)","background-image":"","background-repeat":"repeat","background-position":"center center","background-size":"auto","background-attachment":"scroll","background-type":"","background-media":"","overlay-type":"","overlay-color":"","overlay-opacity":"","overlay-gradient":""},"mobile":{"background-color":"var(--ast-global-color-5)","background-image":"","background-repeat":"repeat","background-position":"center center","background-size":"auto","background-attachment":"scroll","background-type":"","background-media":"","overlay-type":"","overlay-color":"","overlay-opacity":"","overlay-gradient":""}}},"pwb-brand":[601],"product_brand":[],"product_cat":[218,303],"product_tag":[],"class_list":{"0":"post-190181","1":"product","2":"type-product","3":"status-publish","4":"has-post-thumbnail","6":"pwb-brand-brutto","7":"product_cat-home","8":"product_cat-others","9":"desktop-align-center","10":"tablet-align-center","11":"mobile-align-center","12":"ast-product-gallery-layout-vertical","13":"ast-product-tabs-layout-horizontal","15":"first","16":"instock","17":"featured","18":"taxable","19":"shipping-taxable","20":"purchasable","21":"product-type-simple"},"yoast_head":"<!-- This site is optimized with the Yoast SEO plugin v27.4 - https:\/\/yoast.com\/product\/yoast-seo-wordpress\/ -->\n<title>FUCK YOU FROM THE SKY - Kite &#8226; Gate21<\/title>\n<meta name=\"robots\" content=\"index, follow, max-snippet:-1, max-image-preview:large, max-video-preview:-1\" \/>\n<link rel=\"canonical\" href=\"https:\/\/gate21.ee\/et\/shop\/fuck-you-from-the-sky-kite\/\" \/>\n<meta property=\"og:locale\" content=\"et_EE\" \/>\n<meta property=\"og:type\" content=\"article\" \/>\n<meta property=\"og:title\" content=\"FUCK YOU FROM THE SKY - Kite &#8226; Gate21\" \/>\n<meta property=\"og:description\" content=\"Introducing the easiest kite to fly in the world. Really! We wish we had it when we were kids, our parents would have been thrilled. Dimensions: 50 x 100cm &nbsp; Brutto means &#8220;ugly&#8221; in Italian and is perhaps the adjective we hear most during a day. Ugly is relative. It exists only because beauty exists, [&hellip;]\" \/>\n<meta property=\"og:url\" content=\"https:\/\/gate21.ee\/et\/shop\/fuck-you-from-the-sky-kite\/\" \/>\n<meta property=\"og:site_name\" content=\"Gate21\" \/>\n<meta property=\"article:publisher\" content=\"https:\/\/www.facebook.com\/gate21.ee\/\" \/>\n<meta property=\"article:modified_time\" content=\"2026-04-08T10:56:31+00:00\" \/>\n<meta property=\"og:image\" content=\"https:\/\/gate21.ee\/wp-content\/uploads\/2024\/09\/Thumbnail.webp\" \/>\n\t<meta property=\"og:image:width\" content=\"990\" \/>\n\t<meta property=\"og:image:height\" content=\"1238\" \/>\n\t<meta property=\"og:image:type\" content=\"image\/webp\" \/>\n<meta name=\"twitter:card\" content=\"summary_large_image\" \/>\n<meta name=\"twitter:label1\" content=\"Est. reading time\" \/>\n\t<meta name=\"twitter:data1\" content=\"1 minut\" \/>\n<script type=\"application\/ld+json\" class=\"yoast-schema-graph\">{\"@context\":\"https:\\\/\\\/schema.org\",\"@graph\":[{\"@type\":\"WebPage\",\"@id\":\"https:\\\/\\\/gate21.ee\\\/shop\\\/fuck-you-from-the-sky-kite\\\/\",\"url\":\"https:\\\/\\\/gate21.ee\\\/shop\\\/fuck-you-from-the-sky-kite\\\/\",\"name\":\"FUCK YOU FROM THE SKY - Kite &#8226; Gate21\",\"isPartOf\":{\"@id\":\"https:\\\/\\\/gate21.ee\\\/#website\"},\"primaryImageOfPage\":{\"@id\":\"https:\\\/\\\/gate21.ee\\\/shop\\\/fuck-you-from-the-sky-kite\\\/#primaryimage\"},\"image\":{\"@id\":\"https:\\\/\\\/gate21.ee\\\/shop\\\/fuck-you-from-the-sky-kite\\\/#primaryimage\"},\"thumbnailUrl\":\"https:\\\/\\\/gate21.ee\\\/wp-content\\\/uploads\\\/2024\\\/09\\\/Thumbnail.webp\",\"datePublished\":\"2024-09-14T09:54:00+00:00\",\"dateModified\":\"2026-04-08T10:56:31+00:00\",\"breadcrumb\":{\"@id\":\"https:\\\/\\\/gate21.ee\\\/shop\\\/fuck-you-from-the-sky-kite\\\/#breadcrumb\"},\"inLanguage\":\"et\",\"potentialAction\":[{\"@type\":\"ReadAction\",\"target\":[\"https:\\\/\\\/gate21.ee\\\/shop\\\/fuck-you-from-the-sky-kite\\\/\"]}]},{\"@type\":\"ImageObject\",\"inLanguage\":\"et\",\"@id\":\"https:\\\/\\\/gate21.ee\\\/shop\\\/fuck-you-from-the-sky-kite\\\/#primaryimage\",\"url\":\"https:\\\/\\\/gate21.ee\\\/wp-content\\\/uploads\\\/2024\\\/09\\\/Thumbnail.webp\",\"contentUrl\":\"https:\\\/\\\/gate21.ee\\\/wp-content\\\/uploads\\\/2024\\\/09\\\/Thumbnail.webp\",\"width\":990,\"height\":1238,\"caption\":\"The \u201cFUCK YOU FROM THE SKY - Kite\u201d is a triangular orange kite with a red smiley face, bold black text, two red tails, and a blue-and-black striped tail\u2014showcasing playful Estonian design for your gift shop collection. Gate21.ee\"},{\"@type\":\"BreadcrumbList\",\"@id\":\"https:\\\/\\\/gate21.ee\\\/shop\\\/fuck-you-from-the-sky-kite\\\/#breadcrumb\",\"itemListElement\":[{\"@type\":\"ListItem\",\"position\":1,\"name\":\"Home\",\"item\":\"https:\\\/\\\/gate21.ee\\\/\"},{\"@type\":\"ListItem\",\"position\":2,\"name\":\"FUCK YOU FROM THE SKY &#8211; Kite\"}]},{\"@type\":\"WebSite\",\"@id\":\"https:\\\/\\\/gate21.ee\\\/#website\",\"url\":\"https:\\\/\\\/gate21.ee\\\/\",\"name\":\"Gate21\",\"description\":\"Gift concept store Gate21\",\"publisher\":{\"@id\":\"https:\\\/\\\/gate21.ee\\\/#organization\"},\"alternateName\":\"gate21\",\"potentialAction\":[{\"@type\":\"SearchAction\",\"target\":{\"@type\":\"EntryPoint\",\"urlTemplate\":\"https:\\\/\\\/gate21.ee\\\/?s={search_term_string}\"},\"query-input\":{\"@type\":\"PropertyValueSpecification\",\"valueRequired\":true,\"valueName\":\"search_term_string\"}}],\"inLanguage\":\"et\"},{\"@type\":\"Organization\",\"@id\":\"https:\\\/\\\/gate21.ee\\\/#organization\",\"name\":\"Gate21\",\"alternateName\":\"Gate21, Oma Asi and Oma Asi Design Store\",\"url\":\"https:\\\/\\\/gate21.ee\\\/\",\"logo\":{\"@type\":\"ImageObject\",\"inLanguage\":\"et\",\"@id\":\"https:\\\/\\\/gate21.ee\\\/#\\\/schema\\\/logo\\\/image\\\/\",\"url\":\"https:\\\/\\\/gate21.ee\\\/wp-content\\\/uploads\\\/2021\\\/11\\\/Gate_21_Logo_2_Valge.png\",\"contentUrl\":\"https:\\\/\\\/gate21.ee\\\/wp-content\\\/uploads\\\/2021\\\/11\\\/Gate_21_Logo_2_Valge.png\",\"width\":2560,\"height\":2560,\"caption\":\"Gate21\"},\"image\":{\"@id\":\"https:\\\/\\\/gate21.ee\\\/#\\\/schema\\\/logo\\\/image\\\/\"},\"sameAs\":[\"https:\\\/\\\/www.facebook.com\\\/gate21.ee\\\/\",\"https:\\\/\\\/www.instagram.com\\\/gate21.ee\\\/\",\"https:\\\/\\\/www.instagram.com\\\/omaasidesign\\\/\",\"https:\\\/\\\/www.instagram.com\\\/omaasi\\\/\",\"https:\\\/\\\/www.facebook.com\\\/omaasidesign\\\/\",\"https:\\\/\\\/www.facebook.com\\\/omaasilittleredhouse\\\/\",\"https:\\\/\\\/www.tiktok.com\\\/@gate21.ee\"]}]}<\/script>\n<!-- \/ Yoast SEO plugin. -->","yoast_head_json":{"title":"FUCK YOU FROM THE SKY - Kite &#8226; Gate21","robots":{"index":"index","follow":"follow","max-snippet":"max-snippet:-1","max-image-preview":"max-image-preview:large","max-video-preview":"max-video-preview:-1"},"canonical":"https:\/\/gate21.ee\/et\/shop\/fuck-you-from-the-sky-kite\/","og_locale":"et_EE","og_type":"article","og_title":"FUCK YOU FROM THE SKY - Kite &#8226; Gate21","og_description":"Introducing the easiest kite to fly in the world. Really! We wish we had it when we were kids, our parents would have been thrilled. Dimensions: 50 x 100cm &nbsp; Brutto means &#8220;ugly&#8221; in Italian and is perhaps the adjective we hear most during a day. Ugly is relative. It exists only because beauty exists, [&hellip;]","og_url":"https:\/\/gate21.ee\/et\/shop\/fuck-you-from-the-sky-kite\/","og_site_name":"Gate21","article_publisher":"https:\/\/www.facebook.com\/gate21.ee\/","article_modified_time":"2026-04-08T10:56:31+00:00","og_image":[{"width":990,"height":1238,"url":"https:\/\/gate21.ee\/wp-content\/uploads\/2024\/09\/Thumbnail.webp","type":"image\/webp"}],"twitter_card":"summary_large_image","twitter_misc":{"Est. reading time":"1 minut"},"schema":{"@context":"https:\/\/schema.org","@graph":[{"@type":"WebPage","@id":"https:\/\/gate21.ee\/shop\/fuck-you-from-the-sky-kite\/","url":"https:\/\/gate21.ee\/shop\/fuck-you-from-the-sky-kite\/","name":"FUCK YOU FROM THE SKY - Kite &#8226; Gate21","isPartOf":{"@id":"https:\/\/gate21.ee\/#website"},"primaryImageOfPage":{"@id":"https:\/\/gate21.ee\/shop\/fuck-you-from-the-sky-kite\/#primaryimage"},"image":{"@id":"https:\/\/gate21.ee\/shop\/fuck-you-from-the-sky-kite\/#primaryimage"},"thumbnailUrl":"https:\/\/gate21.ee\/wp-content\/uploads\/2024\/09\/Thumbnail.webp","datePublished":"2024-09-14T09:54:00+00:00","dateModified":"2026-04-08T10:56:31+00:00","breadcrumb":{"@id":"https:\/\/gate21.ee\/shop\/fuck-you-from-the-sky-kite\/#breadcrumb"},"inLanguage":"et","potentialAction":[{"@type":"ReadAction","target":["https:\/\/gate21.ee\/shop\/fuck-you-from-the-sky-kite\/"]}]},{"@type":"ImageObject","inLanguage":"et","@id":"https:\/\/gate21.ee\/shop\/fuck-you-from-the-sky-kite\/#primaryimage","url":"https:\/\/gate21.ee\/wp-content\/uploads\/2024\/09\/Thumbnail.webp","contentUrl":"https:\/\/gate21.ee\/wp-content\/uploads\/2024\/09\/Thumbnail.webp","width":990,"height":1238,"caption":"The \u201cFUCK YOU FROM THE SKY - Kite\u201d is a triangular orange kite with a red smiley face, bold black text, two red tails, and a blue-and-black striped tail\u2014showcasing playful Estonian design for your gift shop collection. Gate21.ee"},{"@type":"BreadcrumbList","@id":"https:\/\/gate21.ee\/shop\/fuck-you-from-the-sky-kite\/#breadcrumb","itemListElement":[{"@type":"ListItem","position":1,"name":"Home","item":"https:\/\/gate21.ee\/"},{"@type":"ListItem","position":2,"name":"FUCK YOU FROM THE SKY &#8211; Kite"}]},{"@type":"WebSite","@id":"https:\/\/gate21.ee\/#website","url":"https:\/\/gate21.ee\/","name":"Gate21","description":"Kingituskontseptsioonipood Gate21","publisher":{"@id":"https:\/\/gate21.ee\/#organization"},"alternateName":"gate21","potentialAction":[{"@type":"SearchAction","target":{"@type":"EntryPoint","urlTemplate":"https:\/\/gate21.ee\/?s={search_term_string}"},"query-input":{"@type":"PropertyValueSpecification","valueRequired":true,"valueName":"search_term_string"}}],"inLanguage":"et"},{"@type":"Organization","@id":"https:\/\/gate21.ee\/#organization","name":"Gate21","alternateName":"Gate21, Oma Asi and Oma Asi Design Store","url":"https:\/\/gate21.ee\/","logo":{"@type":"ImageObject","inLanguage":"et","@id":"https:\/\/gate21.ee\/#\/schema\/logo\/image\/","url":"https:\/\/gate21.ee\/wp-content\/uploads\/2021\/11\/Gate_21_Logo_2_Valge.png","contentUrl":"https:\/\/gate21.ee\/wp-content\/uploads\/2021\/11\/Gate_21_Logo_2_Valge.png","width":2560,"height":2560,"caption":"Gate21"},"image":{"@id":"https:\/\/gate21.ee\/#\/schema\/logo\/image\/"},"sameAs":["https:\/\/www.facebook.com\/gate21.ee\/","https:\/\/www.instagram.com\/gate21.ee\/","https:\/\/www.instagram.com\/omaasidesign\/","https:\/\/www.instagram.com\/omaasi\/","https:\/\/www.facebook.com\/omaasidesign\/","https:\/\/www.facebook.com\/omaasilittleredhouse\/","https:\/\/www.tiktok.com\/@gate21.ee"]}]}},"jetpack_sharing_enabled":true,"brands":[{"id":601,"name":"BRUTTO","slug":"brutto"}],"_links":{"self":[{"href":"https:\/\/gate21.ee\/et\/wp-json\/wp\/v2\/product\/190181","targetHints":{"allow":["GET"]}}],"collection":[{"href":"https:\/\/gate21.ee\/et\/wp-json\/wp\/v2\/product"}],"about":[{"href":"https:\/\/gate21.ee\/et\/wp-json\/wp\/v2\/types\/product"}],"replies":[{"embeddable":true,"href":"https:\/\/gate21.ee\/et\/wp-json\/wp\/v2\/comments?post=190181"}],"version-history":[{"count":1,"href":"https:\/\/gate21.ee\/et\/wp-json\/wp\/v2\/product\/190181\/revisions"}],"predecessor-version":[{"id":248410,"href":"https:\/\/gate21.ee\/et\/wp-json\/wp\/v2\/product\/190181\/revisions\/248410"}],"wp:featuredmedia":[{"embeddable":true,"href":"https:\/\/gate21.ee\/et\/wp-json\/wp\/v2\/media\/190183"}],"wp:attachment":[{"href":"https:\/\/gate21.ee\/et\/wp-json\/wp\/v2\/media?parent=190181"}],"wp:term":[{"taxonomy":"pwb-brand","embeddable":true,"href":"https:\/\/gate21.ee\/et\/wp-json\/wp\/v2\/pwb-brand?post=190181"},{"taxonomy":"product_brand","embeddable":true,"href":"https:\/\/gate21.ee\/et\/wp-json\/wp\/v2\/product_brand?post=190181"},{"taxonomy":"product_cat","embeddable":true,"href":"https:\/\/gate21.ee\/et\/wp-json\/wp\/v2\/product_cat?post=190181"},{"taxonomy":"product_tag","embeddable":true,"href":"https:\/\/gate21.ee\/et\/wp-json\/wp\/v2\/product_tag?post=190181"}],"curies":[{"name":"wp","href":"https:\/\/api.w.org\/{rel}","templated":true}]}}