{"id":188659,"date":"2024-09-02T11:35:43","date_gmt":"2024-09-02T08:35:43","guid":{"rendered":"https:\/\/gate21.ee\/?post_type=product&#038;p=188659"},"modified":"2025-08-12T13:40:56","modified_gmt":"2025-08-12T10:40:56","slug":"fluffy-ring","status":"publish","type":"product","link":"https:\/\/gate21.ee\/et\/shop\/fluffy-ring\/","title":{"rendered":"Fluffy Mint \u2013 s\u00f5rmus"},"content":{"rendered":"<p>CACKO avaldus t\u00fckk <a href=\"https:\/\/gate21.ee\/et\/tootekategooria\/jewellery\/rings\/\">s\u00f5rmused ja k\u00f5rvar\u00f5ngad<\/a> on valmistatud k\u00e4sitsi vaigust Pozna\u0144is, Poolas.<\/p>\n<p>Saadaval 2 suuruses: M 17.8 - 18.5mm ja L 18.5mm &lt;<\/p>\n<p><img fetchpriority=\"high\" decoding=\"async\" class=\"size-medium wp-image-176420 alignnone\" src=\"https:\/\/gate21.ee\/wp-content\/uploads\/2024\/06\/RINGans_v3-240x300.png\" alt=\"\" width=\"240\" height=\"300\" srcset=\"https:\/\/gate21.ee\/wp-content\/uploads\/2024\/06\/RINGans_v3-240x300.png 240w, https:\/\/gate21.ee\/wp-content\/uploads\/2024\/06\/RINGans_v3-819x1024.png 819w, https:\/\/gate21.ee\/wp-content\/uploads\/2024\/06\/RINGans_v3-768x960.png 768w, https:\/\/gate21.ee\/wp-content\/uploads\/2024\/06\/RINGans_v3-10x12.png 10w, https:\/\/gate21.ee\/wp-content\/uploads\/2024\/06\/RINGans_v3-600x750.png 600w, https:\/\/gate21.ee\/wp-content\/uploads\/2024\/06\/RINGans_v3.png 1024w\" sizes=\"(max-width: 240px) 100vw, 240px\" \/><\/p>\n<p>&nbsp;<\/p>\n<p><a href=\"https:\/\/gate21.ee\/et\/brand\/cacko\/\">CACKO<\/a> on poola, k\u00e4sitsi valmistatud kunsttoode, mille juured ulatuvad tagasi hullumeelsetesse 90ndatesse, kui plastmassist ehted olid paljude t\u00fcdrukute unistuseks.<\/p>\n<p>Kas m\u00e4letate juukseshampoone, mis olid v\u00e4rviliste r\u00f5ngastega?<\/p>\n<p>\u00dchel p\u00e4eval, kui ma oma vanu m\u00e4lestusi korrastasin, sattusin teatud p\u00e4rlile... Lisasin sinna m\u00f5ned vanad kivid ja nii ma armusin oma toodangusse. Mood ja trendide j\u00e4lgimine saatis mind juba varakult, seega usaldasin oma intuitsiooni ja suunasin kogu oma energia loomisele.<\/p>\n<p>Kas te teate, kui palju v\u00e4rve on p\u00f5hiv\u00e4rvipaletis? CACKO puhul on see l\u00f5putu.<\/p>\n<p>Sest kes meist ei tahaks end tunda nagu v\u00e4ike printsess v\u00f5i v\u00e4ike prints?<\/p>","protected":false},"excerpt":{"rendered":"<p>CACKO statement piece rings are handmade from resin in Pozna\u0144, Poland. Available in 2 sizes: M 17.8 &#8211; 18.5mm &amp; L 18.5mm &lt; &nbsp; CACKO is a Polish, handcrafted artistic product whose roots date back to the crazy 90&#8217;s, when plastic jewelry was the dream of many girls. Do you remember hair shampoos that came [&hellip;]<\/p>\n","protected":false},"featured_media":188662,"comment_status":"closed","ping_status":"closed","template":"","meta":{"site-sidebar-layout":"default","site-content-layout":"","ast-site-content-layout":"default","site-content-style":"default","site-sidebar-style":"default","ast-global-header-display":"","ast-banner-title-visibility":"","ast-main-header-display":"","ast-hfb-above-header-display":"","ast-hfb-below-header-display":"","ast-hfb-mobile-header-display":"","site-post-title":"","ast-breadcrumbs-content":"","ast-featured-img":"","footer-sml-layout":"","ast-disable-related-posts":"","theme-transparent-header-meta":"default","adv-header-id-meta":"","stick-header-meta":"default","header-above-stick-meta":"","header-main-stick-meta":"","header-below-stick-meta":"","astra-migrate-meta-layouts":"set","ast-page-background-enabled":"default","ast-page-background-meta":{"desktop":{"background-color":"","background-image":"","background-repeat":"repeat","background-position":"center center","background-size":"auto","background-attachment":"scroll","background-type":"","background-media":"","overlay-type":"","overlay-color":"","overlay-opacity":"","overlay-gradient":""},"tablet":{"background-color":"","background-image":"","background-repeat":"repeat","background-position":"center center","background-size":"auto","background-attachment":"scroll","background-type":"","background-media":"","overlay-type":"","overlay-color":"","overlay-opacity":"","overlay-gradient":""},"mobile":{"background-color":"","background-image":"","background-repeat":"repeat","background-position":"center center","background-size":"auto","background-attachment":"scroll","background-type":"","background-media":"","overlay-type":"","overlay-color":"","overlay-opacity":"","overlay-gradient":""}},"ast-content-background-meta":{"desktop":{"background-color":"var(--ast-global-color-5)","background-image":"","background-repeat":"repeat","background-position":"center center","background-size":"auto","background-attachment":"scroll","background-type":"","background-media":"","overlay-type":"","overlay-color":"","overlay-opacity":"","overlay-gradient":""},"tablet":{"background-color":"var(--ast-global-color-5)","background-image":"","background-repeat":"repeat","background-position":"center center","background-size":"auto","background-attachment":"scroll","background-type":"","background-media":"","overlay-type":"","overlay-color":"","overlay-opacity":"","overlay-gradient":""},"mobile":{"background-color":"var(--ast-global-color-5)","background-image":"","background-repeat":"repeat","background-position":"center center","background-size":"auto","background-attachment":"scroll","background-type":"","background-media":"","overlay-type":"","overlay-color":"","overlay-opacity":"","overlay-gradient":""}}},"pwb-brand":[595],"product_brand":[],"product_cat":[52,131],"product_tag":[],"class_list":{"0":"post-188659","1":"product","2":"type-product","3":"status-publish","4":"has-post-thumbnail","6":"pwb-brand-cacko","7":"product_cat-jewellery","8":"product_cat-rings","9":"desktop-align-center","10":"tablet-align-center","11":"mobile-align-center","12":"ast-product-gallery-layout-vertical","13":"ast-product-gallery-with-no-image","14":"ast-product-single-variable","15":"ast-product-tabs-layout-horizontal","17":"first","18":"instock","19":"taxable","20":"shipping-taxable","21":"purchasable","22":"product-type-variable"},"yoast_head":"<!-- This site is optimized with the Yoast SEO plugin v27.4 - https:\/\/yoast.com\/product\/yoast-seo-wordpress\/ -->\n<title>Fluffy Mint - Ring &#8226; Gate21<\/title>\n<meta name=\"description\" content=\"For CACKO statement piece rings the colour palette is infinite. Handmade in Poland and sure to catch the eye at any cocktail party!\" \/>\n<meta name=\"robots\" content=\"index, follow, max-snippet:-1, max-image-preview:large, max-video-preview:-1\" \/>\n<link rel=\"canonical\" href=\"https:\/\/gate21.ee\/et\/shop\/fluffy-ring\/\" \/>\n<meta property=\"og:locale\" content=\"et_EE\" \/>\n<meta property=\"og:type\" content=\"article\" \/>\n<meta property=\"og:title\" content=\"Fluffy Mint - Ring &#8226; Gate21\" \/>\n<meta property=\"og:description\" content=\"For CACKO statement piece rings the colour palette is infinite. Handmade in Poland and sure to catch the eye at any cocktail party!\" \/>\n<meta property=\"og:url\" content=\"https:\/\/gate21.ee\/et\/shop\/fluffy-ring\/\" \/>\n<meta property=\"og:site_name\" content=\"Gate21\" \/>\n<meta property=\"article:publisher\" content=\"https:\/\/www.facebook.com\/gate21.ee\/\" \/>\n<meta property=\"article:modified_time\" content=\"2025-08-12T10:40:56+00:00\" \/>\n<meta property=\"og:image\" content=\"https:\/\/gate21.ee\/wp-content\/uploads\/2024\/09\/Fluffy.png\" \/>\n\t<meta property=\"og:image:width\" content=\"750\" \/>\n\t<meta property=\"og:image:height\" content=\"750\" \/>\n\t<meta property=\"og:image:type\" content=\"image\/png\" \/>\n<meta name=\"twitter:card\" content=\"summary_large_image\" \/>\n<meta name=\"twitter:label1\" content=\"Est. reading time\" \/>\n\t<meta name=\"twitter:data1\" content=\"2 minutit\" \/>\n<script type=\"application\/ld+json\" class=\"yoast-schema-graph\">{\"@context\":\"https:\\\/\\\/schema.org\",\"@graph\":[{\"@type\":\"WebPage\",\"@id\":\"https:\\\/\\\/gate21.ee\\\/shop\\\/fluffy-ring\\\/\",\"url\":\"https:\\\/\\\/gate21.ee\\\/shop\\\/fluffy-ring\\\/\",\"name\":\"Fluffy Mint - Ring &#8226; Gate21\",\"isPartOf\":{\"@id\":\"https:\\\/\\\/gate21.ee\\\/#website\"},\"primaryImageOfPage\":{\"@id\":\"https:\\\/\\\/gate21.ee\\\/shop\\\/fluffy-ring\\\/#primaryimage\"},\"image\":{\"@id\":\"https:\\\/\\\/gate21.ee\\\/shop\\\/fluffy-ring\\\/#primaryimage\"},\"thumbnailUrl\":\"https:\\\/\\\/gate21.ee\\\/wp-content\\\/uploads\\\/2024\\\/09\\\/Fluffy.png\",\"datePublished\":\"2024-09-02T08:35:43+00:00\",\"dateModified\":\"2025-08-12T10:40:56+00:00\",\"description\":\"For CACKO statement piece rings the colour palette is infinite. Handmade in Poland and sure to catch the eye at any cocktail party!\",\"breadcrumb\":{\"@id\":\"https:\\\/\\\/gate21.ee\\\/shop\\\/fluffy-ring\\\/#breadcrumb\"},\"inLanguage\":\"et\",\"potentialAction\":[{\"@type\":\"ReadAction\",\"target\":[\"https:\\\/\\\/gate21.ee\\\/shop\\\/fluffy-ring\\\/\"]}]},{\"@type\":\"ImageObject\",\"inLanguage\":\"et\",\"@id\":\"https:\\\/\\\/gate21.ee\\\/shop\\\/fluffy-ring\\\/#primaryimage\",\"url\":\"https:\\\/\\\/gate21.ee\\\/wp-content\\\/uploads\\\/2024\\\/09\\\/Fluffy.png\",\"contentUrl\":\"https:\\\/\\\/gate21.ee\\\/wp-content\\\/uploads\\\/2024\\\/09\\\/Fluffy.png\",\"width\":750,\"height\":750,\"caption\":\"The Fluffy Mint - Ring is a chunky, pastel green resin piece with a glossy finish, featuring a raised round pink accent, a small black circle on top, and an engraved brand name\u2014showcasing unique Estonian design. Gate21.ee\"},{\"@type\":\"BreadcrumbList\",\"@id\":\"https:\\\/\\\/gate21.ee\\\/shop\\\/fluffy-ring\\\/#breadcrumb\",\"itemListElement\":[{\"@type\":\"ListItem\",\"position\":1,\"name\":\"Home\",\"item\":\"https:\\\/\\\/gate21.ee\\\/\"},{\"@type\":\"ListItem\",\"position\":2,\"name\":\"Fluffy Mint &#8211; Ring\"}]},{\"@type\":\"WebSite\",\"@id\":\"https:\\\/\\\/gate21.ee\\\/#website\",\"url\":\"https:\\\/\\\/gate21.ee\\\/\",\"name\":\"Gate21\",\"description\":\"Gift concept store Gate21\",\"publisher\":{\"@id\":\"https:\\\/\\\/gate21.ee\\\/#organization\"},\"alternateName\":\"gate21\",\"potentialAction\":[{\"@type\":\"SearchAction\",\"target\":{\"@type\":\"EntryPoint\",\"urlTemplate\":\"https:\\\/\\\/gate21.ee\\\/?s={search_term_string}\"},\"query-input\":{\"@type\":\"PropertyValueSpecification\",\"valueRequired\":true,\"valueName\":\"search_term_string\"}}],\"inLanguage\":\"et\"},{\"@type\":\"Organization\",\"@id\":\"https:\\\/\\\/gate21.ee\\\/#organization\",\"name\":\"Gate21\",\"alternateName\":\"Gate21, Oma Asi and Oma Asi Design Store\",\"url\":\"https:\\\/\\\/gate21.ee\\\/\",\"logo\":{\"@type\":\"ImageObject\",\"inLanguage\":\"et\",\"@id\":\"https:\\\/\\\/gate21.ee\\\/#\\\/schema\\\/logo\\\/image\\\/\",\"url\":\"https:\\\/\\\/gate21.ee\\\/wp-content\\\/uploads\\\/2021\\\/11\\\/Gate_21_Logo_2_Valge.png\",\"contentUrl\":\"https:\\\/\\\/gate21.ee\\\/wp-content\\\/uploads\\\/2021\\\/11\\\/Gate_21_Logo_2_Valge.png\",\"width\":2560,\"height\":2560,\"caption\":\"Gate21\"},\"image\":{\"@id\":\"https:\\\/\\\/gate21.ee\\\/#\\\/schema\\\/logo\\\/image\\\/\"},\"sameAs\":[\"https:\\\/\\\/www.facebook.com\\\/gate21.ee\\\/\",\"https:\\\/\\\/www.instagram.com\\\/gate21.ee\\\/\",\"https:\\\/\\\/www.instagram.com\\\/omaasidesign\\\/\",\"https:\\\/\\\/www.instagram.com\\\/omaasi\\\/\",\"https:\\\/\\\/www.facebook.com\\\/omaasidesign\\\/\",\"https:\\\/\\\/www.facebook.com\\\/omaasilittleredhouse\\\/\",\"https:\\\/\\\/www.tiktok.com\\\/@gate21.ee\"]}]}<\/script>\n<!-- \/ Yoast SEO plugin. -->","yoast_head_json":{"title":"Fluffy Mint - Ring &#8226; Gate21","description":"For CACKO statement piece rings the colour palette is infinite. Handmade in Poland and sure to catch the eye at any cocktail party!","robots":{"index":"index","follow":"follow","max-snippet":"max-snippet:-1","max-image-preview":"max-image-preview:large","max-video-preview":"max-video-preview:-1"},"canonical":"https:\/\/gate21.ee\/et\/shop\/fluffy-ring\/","og_locale":"et_EE","og_type":"article","og_title":"Fluffy Mint - Ring &#8226; Gate21","og_description":"For CACKO statement piece rings the colour palette is infinite. Handmade in Poland and sure to catch the eye at any cocktail party!","og_url":"https:\/\/gate21.ee\/et\/shop\/fluffy-ring\/","og_site_name":"Gate21","article_publisher":"https:\/\/www.facebook.com\/gate21.ee\/","article_modified_time":"2025-08-12T10:40:56+00:00","og_image":[{"width":750,"height":750,"url":"https:\/\/gate21.ee\/wp-content\/uploads\/2024\/09\/Fluffy.png","type":"image\/png"}],"twitter_card":"summary_large_image","twitter_misc":{"Est. reading time":"2 minutit"},"schema":{"@context":"https:\/\/schema.org","@graph":[{"@type":"WebPage","@id":"https:\/\/gate21.ee\/shop\/fluffy-ring\/","url":"https:\/\/gate21.ee\/shop\/fluffy-ring\/","name":"Fluffy Mint - Ring &#8226; Gate21","isPartOf":{"@id":"https:\/\/gate21.ee\/#website"},"primaryImageOfPage":{"@id":"https:\/\/gate21.ee\/shop\/fluffy-ring\/#primaryimage"},"image":{"@id":"https:\/\/gate21.ee\/shop\/fluffy-ring\/#primaryimage"},"thumbnailUrl":"https:\/\/gate21.ee\/wp-content\/uploads\/2024\/09\/Fluffy.png","datePublished":"2024-09-02T08:35:43+00:00","dateModified":"2025-08-12T10:40:56+00:00","description":"For CACKO statement piece rings the colour palette is infinite. Handmade in Poland and sure to catch the eye at any cocktail party!","breadcrumb":{"@id":"https:\/\/gate21.ee\/shop\/fluffy-ring\/#breadcrumb"},"inLanguage":"et","potentialAction":[{"@type":"ReadAction","target":["https:\/\/gate21.ee\/shop\/fluffy-ring\/"]}]},{"@type":"ImageObject","inLanguage":"et","@id":"https:\/\/gate21.ee\/shop\/fluffy-ring\/#primaryimage","url":"https:\/\/gate21.ee\/wp-content\/uploads\/2024\/09\/Fluffy.png","contentUrl":"https:\/\/gate21.ee\/wp-content\/uploads\/2024\/09\/Fluffy.png","width":750,"height":750,"caption":"The Fluffy Mint - Ring is a chunky, pastel green resin piece with a glossy finish, featuring a raised round pink accent, a small black circle on top, and an engraved brand name\u2014showcasing unique Estonian design. Gate21.ee"},{"@type":"BreadcrumbList","@id":"https:\/\/gate21.ee\/shop\/fluffy-ring\/#breadcrumb","itemListElement":[{"@type":"ListItem","position":1,"name":"Home","item":"https:\/\/gate21.ee\/"},{"@type":"ListItem","position":2,"name":"Fluffy Mint &#8211; Ring"}]},{"@type":"WebSite","@id":"https:\/\/gate21.ee\/#website","url":"https:\/\/gate21.ee\/","name":"Gate21","description":"Kingituskontseptsioonipood Gate21","publisher":{"@id":"https:\/\/gate21.ee\/#organization"},"alternateName":"gate21","potentialAction":[{"@type":"SearchAction","target":{"@type":"EntryPoint","urlTemplate":"https:\/\/gate21.ee\/?s={search_term_string}"},"query-input":{"@type":"PropertyValueSpecification","valueRequired":true,"valueName":"search_term_string"}}],"inLanguage":"et"},{"@type":"Organization","@id":"https:\/\/gate21.ee\/#organization","name":"Gate21","alternateName":"Gate21, Oma Asi and Oma Asi Design Store","url":"https:\/\/gate21.ee\/","logo":{"@type":"ImageObject","inLanguage":"et","@id":"https:\/\/gate21.ee\/#\/schema\/logo\/image\/","url":"https:\/\/gate21.ee\/wp-content\/uploads\/2021\/11\/Gate_21_Logo_2_Valge.png","contentUrl":"https:\/\/gate21.ee\/wp-content\/uploads\/2021\/11\/Gate_21_Logo_2_Valge.png","width":2560,"height":2560,"caption":"Gate21"},"image":{"@id":"https:\/\/gate21.ee\/#\/schema\/logo\/image\/"},"sameAs":["https:\/\/www.facebook.com\/gate21.ee\/","https:\/\/www.instagram.com\/gate21.ee\/","https:\/\/www.instagram.com\/omaasidesign\/","https:\/\/www.instagram.com\/omaasi\/","https:\/\/www.facebook.com\/omaasidesign\/","https:\/\/www.facebook.com\/omaasilittleredhouse\/","https:\/\/www.tiktok.com\/@gate21.ee"]}]}},"jetpack_sharing_enabled":true,"brands":[{"id":595,"name":"CACKO","slug":"cacko"}],"_links":{"self":[{"href":"https:\/\/gate21.ee\/et\/wp-json\/wp\/v2\/product\/188659","targetHints":{"allow":["GET"]}}],"collection":[{"href":"https:\/\/gate21.ee\/et\/wp-json\/wp\/v2\/product"}],"about":[{"href":"https:\/\/gate21.ee\/et\/wp-json\/wp\/v2\/types\/product"}],"replies":[{"embeddable":true,"href":"https:\/\/gate21.ee\/et\/wp-json\/wp\/v2\/comments?post=188659"}],"version-history":[{"count":0,"href":"https:\/\/gate21.ee\/et\/wp-json\/wp\/v2\/product\/188659\/revisions"}],"wp:featuredmedia":[{"embeddable":true,"href":"https:\/\/gate21.ee\/et\/wp-json\/wp\/v2\/media\/188662"}],"wp:attachment":[{"href":"https:\/\/gate21.ee\/et\/wp-json\/wp\/v2\/media?parent=188659"}],"wp:term":[{"taxonomy":"pwb-brand","embeddable":true,"href":"https:\/\/gate21.ee\/et\/wp-json\/wp\/v2\/pwb-brand?post=188659"},{"taxonomy":"product_brand","embeddable":true,"href":"https:\/\/gate21.ee\/et\/wp-json\/wp\/v2\/product_brand?post=188659"},{"taxonomy":"product_cat","embeddable":true,"href":"https:\/\/gate21.ee\/et\/wp-json\/wp\/v2\/product_cat?post=188659"},{"taxonomy":"product_tag","embeddable":true,"href":"https:\/\/gate21.ee\/et\/wp-json\/wp\/v2\/product_tag?post=188659"}],"curies":[{"name":"wp","href":"https:\/\/api.w.org\/{rel}","templated":true}]}}