{"id":180337,"date":"2024-07-12T17:42:00","date_gmt":"2024-07-12T14:42:00","guid":{"rendered":"https:\/\/gate21.ee\/?post_type=product&#038;p=180337"},"modified":"2026-04-29T18:14:57","modified_gmt":"2026-04-29T15:14:57","slug":"eesti-sokid-tallinna-vanalinn","status":"publish","type":"product","link":"https:\/\/gate21.ee\/et\/shop\/eesti-sokid-tallinna-vanalinn\/","title":{"rendered":"Eesti sokid \u2013 Tallinna vanalinn"},"content":{"rendered":"<p class=\"p1\">Need sokid kujutavad endast Tallinna vanalinna ilu ja v\u00f5lu, mis on t\u00e4is ajaloolisi hooneid, m\u00fc\u00fcre, tornikesi ja k\u00f5ikv\u00f5imalikke detaile. Sooviga sokke kogu maailmale n\u00e4idata, tulevad sammud kergelt. Paista oma j\u00e4rgmisel seiklusel silma eriti vahvate v\u00e4rviliste sokkidega. Hoia m\u00e4lestusi oma jalgadel. \u00c4ra lase seiklustel kauem oodata!<br \/>\nKoostis: puuvill 80%, pol\u00fcamiid 17%, elastaan 3%<\/p>\n<p>\u00dcks suurus sobib k\u00f5igile: 35\u201346!<\/p>","protected":false},"excerpt":{"rendered":"<p>Need sokid kujutavad endast Tallinna vanalinna ilu ja v\u00f5lu, mis on t\u00e4is ajaloolisi hooneid, m\u00fc\u00fcre, tornikesi ja k\u00f5ikv\u00f5imalikke detaile. Sooviga sokke kogu maailmale n\u00e4idata, tulevad sammud kergelt. Paista oma j\u00e4rgmisel seiklusel silma eriti vahvate v\u00e4rviliste sokkidega. Hoia m\u00e4lestusi oma jalgadel. \u00c4ra lase seiklustel kauem oodata! Koostis: puuvill 80%, pol\u00fcamiid 17%, elastaan 3% \u00dcks suurus k\u00f5igile: [&hellip;]<\/p>\n","protected":false},"featured_media":180334,"comment_status":"closed","ping_status":"closed","template":"","meta":{"site-sidebar-layout":"default","site-content-layout":"default","ast-site-content-layout":"default","site-content-style":"default","site-sidebar-style":"default","ast-global-header-display":"","ast-banner-title-visibility":"","ast-main-header-display":"","ast-hfb-above-header-display":"","ast-hfb-below-header-display":"","ast-hfb-mobile-header-display":"","site-post-title":"","ast-breadcrumbs-content":"","ast-featured-img":"","footer-sml-layout":"","ast-disable-related-posts":"","theme-transparent-header-meta":"default","adv-header-id-meta":"","stick-header-meta":"default","header-above-stick-meta":"","header-main-stick-meta":"","header-below-stick-meta":"","astra-migrate-meta-layouts":"set","ast-page-background-enabled":"default","ast-page-background-meta":{"desktop":{"background-color":"","background-image":"","background-repeat":"repeat","background-position":"center center","background-size":"auto","background-attachment":"scroll","background-type":"","background-media":"","overlay-type":"","overlay-color":"","overlay-opacity":"","overlay-gradient":""},"tablet":{"background-color":"","background-image":"","background-repeat":"repeat","background-position":"center center","background-size":"auto","background-attachment":"scroll","background-type":"","background-media":"","overlay-type":"","overlay-color":"","overlay-opacity":"","overlay-gradient":""},"mobile":{"background-color":"","background-image":"","background-repeat":"repeat","background-position":"center center","background-size":"auto","background-attachment":"scroll","background-type":"","background-media":"","overlay-type":"","overlay-color":"","overlay-opacity":"","overlay-gradient":""}},"ast-content-background-meta":{"desktop":{"background-color":"var(--ast-global-color-5)","background-image":"","background-repeat":"repeat","background-position":"center center","background-size":"auto","background-attachment":"scroll","background-type":"","background-media":"","overlay-type":"","overlay-color":"","overlay-opacity":"","overlay-gradient":""},"tablet":{"background-color":"var(--ast-global-color-5)","background-image":"","background-repeat":"repeat","background-position":"center center","background-size":"auto","background-attachment":"scroll","background-type":"","background-media":"","overlay-type":"","overlay-color":"","overlay-opacity":"","overlay-gradient":""},"mobile":{"background-color":"var(--ast-global-color-5)","background-image":"","background-repeat":"repeat","background-position":"center center","background-size":"auto","background-attachment":"scroll","background-type":"","background-media":"","overlay-type":"","overlay-color":"","overlay-opacity":"","overlay-gradient":""}}},"pwb-brand":[661],"product_brand":[],"product_cat":[56,136],"product_tag":[],"class_list":{"0":"post-180337","1":"product","2":"type-product","3":"status-publish","4":"has-post-thumbnail","6":"pwb-brand-seik","7":"product_cat-clothing","8":"product_cat-socks","9":"desktop-align-center","10":"tablet-align-center","11":"mobile-align-center","12":"ast-product-gallery-layout-vertical","13":"ast-product-tabs-layout-horizontal","15":"first","16":"instock","17":"taxable","18":"shipping-taxable","19":"purchasable","20":"product-type-simple"},"yoast_head":"<!-- This site is optimized with the Yoast SEO plugin v27.5 - https:\/\/yoast.com\/product\/yoast-seo-wordpress\/ -->\n<title>Eesti sokid \u2013 Tallinna vanalinn &#8226; Gate21<\/title>\n<meta name=\"robots\" content=\"index, follow, max-snippet:-1, max-image-preview:large, max-video-preview:-1\" \/>\n<link rel=\"canonical\" href=\"https:\/\/gate21.ee\/et\/shop\/eesti-sokid-tallinna-vanalinn\/\" \/>\n<meta property=\"og:locale\" content=\"et_EE\" \/>\n<meta property=\"og:type\" content=\"article\" \/>\n<meta property=\"og:title\" content=\"Eesti sokid \u2013 Tallinna vanalinn &#8226; Gate21\" \/>\n<meta property=\"og:description\" content=\"Need sokid kujutavad endast Tallinna vanalinna ilu ja v\u00f5lu, mis on t\u00e4is ajaloolisi hooneid, m\u00fc\u00fcre, tornikesi ja k\u00f5ikv\u00f5imalikke detaile. Sooviga sokke kogu maailmale n\u00e4idata, tulevad sammud kergelt. Paista oma j\u00e4rgmisel seiklusel silma eriti vahvate v\u00e4rviliste sokkidega. Hoia m\u00e4lestusi oma jalgadel. \u00c4ra lase seiklustel kauem oodata! Koostis: puuvill 80%, pol\u00fcamiid 17%, elastaan 3% \u00dcks suurus k\u00f5igile: [&hellip;]\" \/>\n<meta property=\"og:url\" content=\"https:\/\/gate21.ee\/et\/shop\/eesti-sokid-tallinna-vanalinn\/\" \/>\n<meta property=\"og:site_name\" content=\"Gate21\" \/>\n<meta property=\"article:publisher\" content=\"https:\/\/www.facebook.com\/gate21.ee\/\" \/>\n<meta property=\"article:modified_time\" content=\"2026-04-29T15:14:57+00:00\" \/>\n<meta property=\"og:image\" content=\"https:\/\/gate21.ee\/wp-content\/uploads\/2024\/07\/Tallinna_vannalinn.webp\" \/>\n\t<meta property=\"og:image:width\" content=\"600\" \/>\n\t<meta property=\"og:image:height\" content=\"800\" \/>\n\t<meta property=\"og:image:type\" content=\"image\/webp\" \/>\n<meta name=\"twitter:card\" content=\"summary_large_image\" \/>\n<meta name=\"twitter:label1\" content=\"Est. reading time\" \/>\n\t<meta name=\"twitter:data1\" content=\"1 minut\" \/>\n<script type=\"application\/ld+json\" class=\"yoast-schema-graph\">{\"@context\":\"https:\\\/\\\/schema.org\",\"@graph\":[{\"@type\":\"WebPage\",\"@id\":\"https:\\\/\\\/gate21.ee\\\/shop\\\/eesti-sokid-tallinna-vanalinn\\\/\",\"url\":\"https:\\\/\\\/gate21.ee\\\/shop\\\/eesti-sokid-tallinna-vanalinn\\\/\",\"name\":\"Eesti sokid \u2013 Tallinna vanalinn &#8226; Gate21\",\"isPartOf\":{\"@id\":\"https:\\\/\\\/gate21.ee\\\/#website\"},\"primaryImageOfPage\":{\"@id\":\"https:\\\/\\\/gate21.ee\\\/shop\\\/eesti-sokid-tallinna-vanalinn\\\/#primaryimage\"},\"image\":{\"@id\":\"https:\\\/\\\/gate21.ee\\\/shop\\\/eesti-sokid-tallinna-vanalinn\\\/#primaryimage\"},\"thumbnailUrl\":\"https:\\\/\\\/gate21.ee\\\/wp-content\\\/uploads\\\/2024\\\/07\\\/Tallinna_vannalinn.webp\",\"datePublished\":\"2024-07-12T14:42:00+00:00\",\"dateModified\":\"2026-04-29T15:14:57+00:00\",\"breadcrumb\":{\"@id\":\"https:\\\/\\\/gate21.ee\\\/shop\\\/eesti-sokid-tallinna-vanalinn\\\/#breadcrumb\"},\"inLanguage\":\"et\",\"potentialAction\":[{\"@type\":\"ReadAction\",\"target\":[\"https:\\\/\\\/gate21.ee\\\/shop\\\/eesti-sokid-tallinna-vanalinn\\\/\"]}]},{\"@type\":\"ImageObject\",\"inLanguage\":\"et\",\"@id\":\"https:\\\/\\\/gate21.ee\\\/shop\\\/eesti-sokid-tallinna-vanalinn\\\/#primaryimage\",\"url\":\"https:\\\/\\\/gate21.ee\\\/wp-content\\\/uploads\\\/2024\\\/07\\\/Tallinna_vannalinn.webp\",\"contentUrl\":\"https:\\\/\\\/gate21.ee\\\/wp-content\\\/uploads\\\/2024\\\/07\\\/Tallinna_vannalinn.webp\",\"width\":600,\"height\":800,\"caption\":\"A pair of Eesti sokid \u2013 sini-must-valge mets socks, featuring a building and grass print, is curated with care on a white surface amid flowers and photos\u2014a unique gift shop find. The tag reads: WHY THE CONSTRUCTION OF A LINE WILL NEVER BE COMPLETE?. Gate21.ee\"},{\"@type\":\"BreadcrumbList\",\"@id\":\"https:\\\/\\\/gate21.ee\\\/shop\\\/eesti-sokid-tallinna-vanalinn\\\/#breadcrumb\",\"itemListElement\":[{\"@type\":\"ListItem\",\"position\":1,\"name\":\"Home\",\"item\":\"https:\\\/\\\/gate21.ee\\\/\"},{\"@type\":\"ListItem\",\"position\":2,\"name\":\"Eesti sokid \u2013 Tallinna vanalinn\"}]},{\"@type\":\"WebSite\",\"@id\":\"https:\\\/\\\/gate21.ee\\\/#website\",\"url\":\"https:\\\/\\\/gate21.ee\\\/\",\"name\":\"Gate21\",\"description\":\"Gift concept store Gate21\",\"publisher\":{\"@id\":\"https:\\\/\\\/gate21.ee\\\/#organization\"},\"alternateName\":\"gate21\",\"potentialAction\":[{\"@type\":\"SearchAction\",\"target\":{\"@type\":\"EntryPoint\",\"urlTemplate\":\"https:\\\/\\\/gate21.ee\\\/?s={search_term_string}\"},\"query-input\":{\"@type\":\"PropertyValueSpecification\",\"valueRequired\":true,\"valueName\":\"search_term_string\"}}],\"inLanguage\":\"et\"},{\"@type\":\"Organization\",\"@id\":\"https:\\\/\\\/gate21.ee\\\/#organization\",\"name\":\"Gate21\",\"alternateName\":\"Gate21, Oma Asi and Oma Asi Design Store\",\"url\":\"https:\\\/\\\/gate21.ee\\\/\",\"logo\":{\"@type\":\"ImageObject\",\"inLanguage\":\"et\",\"@id\":\"https:\\\/\\\/gate21.ee\\\/#\\\/schema\\\/logo\\\/image\\\/\",\"url\":\"https:\\\/\\\/gate21.ee\\\/wp-content\\\/uploads\\\/2021\\\/11\\\/Gate_21_Logo_2_Valge.png\",\"contentUrl\":\"https:\\\/\\\/gate21.ee\\\/wp-content\\\/uploads\\\/2021\\\/11\\\/Gate_21_Logo_2_Valge.png\",\"width\":2560,\"height\":2560,\"caption\":\"Gate21\"},\"image\":{\"@id\":\"https:\\\/\\\/gate21.ee\\\/#\\\/schema\\\/logo\\\/image\\\/\"},\"sameAs\":[\"https:\\\/\\\/www.facebook.com\\\/gate21.ee\\\/\",\"https:\\\/\\\/www.instagram.com\\\/gate21.ee\\\/\",\"https:\\\/\\\/www.instagram.com\\\/omaasidesign\\\/\",\"https:\\\/\\\/www.instagram.com\\\/omaasi\\\/\",\"https:\\\/\\\/www.facebook.com\\\/omaasidesign\\\/\",\"https:\\\/\\\/www.facebook.com\\\/omaasilittleredhouse\\\/\",\"https:\\\/\\\/www.tiktok.com\\\/@gate21.ee\"]}]}<\/script>\n<!-- \/ Yoast SEO plugin. -->","yoast_head_json":{"title":"Eesti sokid \u2013 Tallinna vanalinn &#8226; Gate21","robots":{"index":"index","follow":"follow","max-snippet":"max-snippet:-1","max-image-preview":"max-image-preview:large","max-video-preview":"max-video-preview:-1"},"canonical":"https:\/\/gate21.ee\/et\/shop\/eesti-sokid-tallinna-vanalinn\/","og_locale":"et_EE","og_type":"article","og_title":"Eesti sokid \u2013 Tallinna vanalinn &#8226; Gate21","og_description":"Need sokid kujutavad endast Tallinna vanalinna ilu ja v\u00f5lu, mis on t\u00e4is ajaloolisi hooneid, m\u00fc\u00fcre, tornikesi ja k\u00f5ikv\u00f5imalikke detaile. Sooviga sokke kogu maailmale n\u00e4idata, tulevad sammud kergelt. Paista oma j\u00e4rgmisel seiklusel silma eriti vahvate v\u00e4rviliste sokkidega. Hoia m\u00e4lestusi oma jalgadel. \u00c4ra lase seiklustel kauem oodata! Koostis: puuvill 80%, pol\u00fcamiid 17%, elastaan 3% \u00dcks suurus k\u00f5igile: [&hellip;]","og_url":"https:\/\/gate21.ee\/et\/shop\/eesti-sokid-tallinna-vanalinn\/","og_site_name":"Gate21","article_publisher":"https:\/\/www.facebook.com\/gate21.ee\/","article_modified_time":"2026-04-29T15:14:57+00:00","og_image":[{"width":600,"height":800,"url":"https:\/\/gate21.ee\/wp-content\/uploads\/2024\/07\/Tallinna_vannalinn.webp","type":"image\/webp"}],"twitter_card":"summary_large_image","twitter_misc":{"Est. reading time":"1 minut"},"schema":{"@context":"https:\/\/schema.org","@graph":[{"@type":"WebPage","@id":"https:\/\/gate21.ee\/shop\/eesti-sokid-tallinna-vanalinn\/","url":"https:\/\/gate21.ee\/shop\/eesti-sokid-tallinna-vanalinn\/","name":"Eesti sokid \u2013 Tallinna vanalinn &#8226; Gate21","isPartOf":{"@id":"https:\/\/gate21.ee\/#website"},"primaryImageOfPage":{"@id":"https:\/\/gate21.ee\/shop\/eesti-sokid-tallinna-vanalinn\/#primaryimage"},"image":{"@id":"https:\/\/gate21.ee\/shop\/eesti-sokid-tallinna-vanalinn\/#primaryimage"},"thumbnailUrl":"https:\/\/gate21.ee\/wp-content\/uploads\/2024\/07\/Tallinna_vannalinn.webp","datePublished":"2024-07-12T14:42:00+00:00","dateModified":"2026-04-29T15:14:57+00:00","breadcrumb":{"@id":"https:\/\/gate21.ee\/shop\/eesti-sokid-tallinna-vanalinn\/#breadcrumb"},"inLanguage":"et","potentialAction":[{"@type":"ReadAction","target":["https:\/\/gate21.ee\/shop\/eesti-sokid-tallinna-vanalinn\/"]}]},{"@type":"ImageObject","inLanguage":"et","@id":"https:\/\/gate21.ee\/shop\/eesti-sokid-tallinna-vanalinn\/#primaryimage","url":"https:\/\/gate21.ee\/wp-content\/uploads\/2024\/07\/Tallinna_vannalinn.webp","contentUrl":"https:\/\/gate21.ee\/wp-content\/uploads\/2024\/07\/Tallinna_vannalinn.webp","width":600,"height":800,"caption":"A pair of Eesti sokid \u2013 sini-must-valge mets socks, featuring a building and grass print, is curated with care on a white surface amid flowers and photos\u2014a unique gift shop find. The tag reads: WHY THE CONSTRUCTION OF A LINE WILL NEVER BE COMPLETE?. Gate21.ee"},{"@type":"BreadcrumbList","@id":"https:\/\/gate21.ee\/shop\/eesti-sokid-tallinna-vanalinn\/#breadcrumb","itemListElement":[{"@type":"ListItem","position":1,"name":"Home","item":"https:\/\/gate21.ee\/"},{"@type":"ListItem","position":2,"name":"Eesti sokid \u2013 Tallinna vanalinn"}]},{"@type":"WebSite","@id":"https:\/\/gate21.ee\/#website","url":"https:\/\/gate21.ee\/","name":"Gate21","description":"Kingituskontseptsioonipood Gate21","publisher":{"@id":"https:\/\/gate21.ee\/#organization"},"alternateName":"gate21","potentialAction":[{"@type":"SearchAction","target":{"@type":"EntryPoint","urlTemplate":"https:\/\/gate21.ee\/?s={search_term_string}"},"query-input":{"@type":"PropertyValueSpecification","valueRequired":true,"valueName":"search_term_string"}}],"inLanguage":"et"},{"@type":"Organization","@id":"https:\/\/gate21.ee\/#organization","name":"Gate21","alternateName":"Gate21, Oma Asi and Oma Asi Design Store","url":"https:\/\/gate21.ee\/","logo":{"@type":"ImageObject","inLanguage":"et","@id":"https:\/\/gate21.ee\/#\/schema\/logo\/image\/","url":"https:\/\/gate21.ee\/wp-content\/uploads\/2021\/11\/Gate_21_Logo_2_Valge.png","contentUrl":"https:\/\/gate21.ee\/wp-content\/uploads\/2021\/11\/Gate_21_Logo_2_Valge.png","width":2560,"height":2560,"caption":"Gate21"},"image":{"@id":"https:\/\/gate21.ee\/#\/schema\/logo\/image\/"},"sameAs":["https:\/\/www.facebook.com\/gate21.ee\/","https:\/\/www.instagram.com\/gate21.ee\/","https:\/\/www.instagram.com\/omaasidesign\/","https:\/\/www.instagram.com\/omaasi\/","https:\/\/www.facebook.com\/omaasidesign\/","https:\/\/www.facebook.com\/omaasilittleredhouse\/","https:\/\/www.tiktok.com\/@gate21.ee"]}]}},"jetpack_sharing_enabled":true,"brands":[{"id":661,"name":"SEIK","slug":"seik"}],"_links":{"self":[{"href":"https:\/\/gate21.ee\/et\/wp-json\/wp\/v2\/product\/180337","targetHints":{"allow":["GET"]}}],"collection":[{"href":"https:\/\/gate21.ee\/et\/wp-json\/wp\/v2\/product"}],"about":[{"href":"https:\/\/gate21.ee\/et\/wp-json\/wp\/v2\/types\/product"}],"replies":[{"embeddable":true,"href":"https:\/\/gate21.ee\/et\/wp-json\/wp\/v2\/comments?post=180337"}],"version-history":[{"count":3,"href":"https:\/\/gate21.ee\/et\/wp-json\/wp\/v2\/product\/180337\/revisions"}],"predecessor-version":[{"id":254530,"href":"https:\/\/gate21.ee\/et\/wp-json\/wp\/v2\/product\/180337\/revisions\/254530"}],"wp:featuredmedia":[{"embeddable":true,"href":"https:\/\/gate21.ee\/et\/wp-json\/wp\/v2\/media\/180334"}],"wp:attachment":[{"href":"https:\/\/gate21.ee\/et\/wp-json\/wp\/v2\/media?parent=180337"}],"wp:term":[{"taxonomy":"pwb-brand","embeddable":true,"href":"https:\/\/gate21.ee\/et\/wp-json\/wp\/v2\/pwb-brand?post=180337"},{"taxonomy":"product_brand","embeddable":true,"href":"https:\/\/gate21.ee\/et\/wp-json\/wp\/v2\/product_brand?post=180337"},{"taxonomy":"product_cat","embeddable":true,"href":"https:\/\/gate21.ee\/et\/wp-json\/wp\/v2\/product_cat?post=180337"},{"taxonomy":"product_tag","embeddable":true,"href":"https:\/\/gate21.ee\/et\/wp-json\/wp\/v2\/product_tag?post=180337"}],"curies":[{"name":"wp","href":"https:\/\/api.w.org\/{rel}","templated":true}]}}