{"id":176243,"date":"2024-06-11T14:22:00","date_gmt":"2024-06-11T11:22:00","guid":{"rendered":"https:\/\/gate21.ee\/?post_type=product&#038;p=176243"},"modified":"2026-04-26T11:30:51","modified_gmt":"2026-04-26T08:30:51","slug":"tour-de-france-special-edition","status":"publish","type":"product","link":"https:\/\/gate21.ee\/et\/shop\/tour-de-france-special-edition\/","title":{"rendered":"Notabag - Tour de France eriv\u00e4ljaanne"},"content":{"rendered":"<p>Notabag on nutikas kombinatsioon kotist ja seljakotist. See muutub lihtsa t\u00f5mbega k\u00e4ekotist seljakotiks.<\/p>\n<p>Koti sees on  lisatasku, kus saab hoida rahakotti v\u00f5i v\u00f5tmeid. Kui kotti ei kasutata, saab selle voltida lisataskusse.<\/p>\n<p>Keskkonnas\u00f5bralikult valminud kott on v\u00e4ga praktiline ja mugav, sobib igap\u00e4evaseks kasutamiseks p\u00f5hi- v\u00f5i lisakotina.<\/p>\n<p>\u2013 M\u00f5\u00f5dud: 45\u00d765 cm<br \/>\n\u2013 Koti suurus: 13\u00d715,5 cm<br \/>\n\u2013 Puuvillane ja rebenemisvastane nailonisegu<br \/>\n- Korduvkasutatav \/ keskkonnas\u00f5bralik<br \/>\n- Veekindel<br \/>\n- Masinpestav<\/p>","protected":false},"excerpt":{"rendered":"<p>Notabag is the smart combination of a bag and a backpack. It transforms with a single pull on the straps, so you can put it on your back and free your hands. Inside the bag, there is an attached pocket where you can keep your wallet or your keys. When the bag is not in [&hellip;]<\/p>\n","protected":false},"featured_media":176246,"comment_status":"closed","ping_status":"closed","template":"","meta":{"site-sidebar-layout":"default","site-content-layout":"default","ast-site-content-layout":"default","site-content-style":"default","site-sidebar-style":"default","ast-global-header-display":"","ast-banner-title-visibility":"","ast-main-header-display":"","ast-hfb-above-header-display":"","ast-hfb-below-header-display":"","ast-hfb-mobile-header-display":"","site-post-title":"","ast-breadcrumbs-content":"","ast-featured-img":"","footer-sml-layout":"","ast-disable-related-posts":"","theme-transparent-header-meta":"default","adv-header-id-meta":"","stick-header-meta":"default","header-above-stick-meta":"","header-main-stick-meta":"","header-below-stick-meta":"","astra-migrate-meta-layouts":"set","ast-page-background-enabled":"default","ast-page-background-meta":{"desktop":{"background-color":"","background-image":"","background-repeat":"repeat","background-position":"center center","background-size":"auto","background-attachment":"scroll","background-type":"","background-media":"","overlay-type":"","overlay-color":"","overlay-opacity":"","overlay-gradient":""},"tablet":{"background-color":"","background-image":"","background-repeat":"repeat","background-position":"center center","background-size":"auto","background-attachment":"scroll","background-type":"","background-media":"","overlay-type":"","overlay-color":"","overlay-opacity":"","overlay-gradient":""},"mobile":{"background-color":"","background-image":"","background-repeat":"repeat","background-position":"center center","background-size":"auto","background-attachment":"scroll","background-type":"","background-media":"","overlay-type":"","overlay-color":"","overlay-opacity":"","overlay-gradient":""}},"ast-content-background-meta":{"desktop":{"background-color":"var(--ast-global-color-5)","background-image":"","background-repeat":"repeat","background-position":"center center","background-size":"auto","background-attachment":"scroll","background-type":"","background-media":"","overlay-type":"","overlay-color":"","overlay-opacity":"","overlay-gradient":""},"tablet":{"background-color":"var(--ast-global-color-5)","background-image":"","background-repeat":"repeat","background-position":"center center","background-size":"auto","background-attachment":"scroll","background-type":"","background-media":"","overlay-type":"","overlay-color":"","overlay-opacity":"","overlay-gradient":""},"mobile":{"background-color":"var(--ast-global-color-5)","background-image":"","background-repeat":"repeat","background-position":"center center","background-size":"auto","background-attachment":"scroll","background-type":"","background-media":"","overlay-type":"","overlay-color":"","overlay-opacity":"","overlay-gradient":""}}},"pwb-brand":[98],"product_brand":[],"product_cat":[213,260],"product_tag":[261],"class_list":{"0":"post-176243","1":"product","2":"type-product","3":"status-publish","4":"has-post-thumbnail","6":"pwb-brand-notabag","7":"product_cat-accessories","8":"product_cat-bags","9":"product_tag-bags","10":"desktop-align-center","11":"tablet-align-center","12":"mobile-align-center","13":"ast-product-gallery-layout-vertical","14":"ast-product-tabs-layout-horizontal","16":"first","17":"instock","18":"taxable","19":"shipping-taxable","20":"purchasable","21":"product-type-simple"},"yoast_head":"<!-- This site is optimized with the Yoast SEO plugin v27.4 - https:\/\/yoast.com\/product\/yoast-seo-wordpress\/ -->\n<title>Tour de France - Special Edition &#8226; Gate21<\/title>\n<meta name=\"description\" content=\"Notabag is the smart combination of a bag and a backpack. It transforms with a single pull on the straps, so you can put it on your back and free your hands.\u00a0\" \/>\n<meta name=\"robots\" content=\"index, follow, max-snippet:-1, max-image-preview:large, max-video-preview:-1\" \/>\n<link rel=\"canonical\" href=\"https:\/\/gate21.ee\/et\/shop\/tour-de-france-special-edition\/\" \/>\n<meta property=\"og:locale\" content=\"et_EE\" \/>\n<meta property=\"og:type\" content=\"article\" \/>\n<meta property=\"og:title\" content=\"Tour de France - Special Edition &#8226; Gate21\" \/>\n<meta property=\"og:description\" content=\"Notabag is the smart combination of a bag and a backpack. It transforms with a single pull on the straps, so you can put it on your back and free your hands.\u00a0\" \/>\n<meta property=\"og:url\" content=\"https:\/\/gate21.ee\/et\/shop\/tour-de-france-special-edition\/\" \/>\n<meta property=\"og:site_name\" content=\"Gate21\" \/>\n<meta property=\"article:publisher\" content=\"https:\/\/www.facebook.com\/gate21.ee\/\" \/>\n<meta property=\"article:modified_time\" content=\"2026-04-26T08:30:51+00:00\" \/>\n<meta property=\"og:image\" content=\"https:\/\/gate21.ee\/wp-content\/uploads\/2024\/06\/2_Notabag_Original_Tour_De_France_Front_900x.jpg.webp\" \/>\n\t<meta property=\"og:image:width\" content=\"900\" \/>\n\t<meta property=\"og:image:height\" content=\"1013\" \/>\n\t<meta property=\"og:image:type\" content=\"image\/webp\" \/>\n<meta name=\"twitter:card\" content=\"summary_large_image\" \/>\n<meta name=\"twitter:label1\" content=\"Est. reading time\" \/>\n\t<meta name=\"twitter:data1\" content=\"1 minut\" \/>\n<script type=\"application\/ld+json\" class=\"yoast-schema-graph\">{\"@context\":\"https:\\\/\\\/schema.org\",\"@graph\":[{\"@type\":\"WebPage\",\"@id\":\"https:\\\/\\\/gate21.ee\\\/shop\\\/tour-de-france-special-edition\\\/\",\"url\":\"https:\\\/\\\/gate21.ee\\\/shop\\\/tour-de-france-special-edition\\\/\",\"name\":\"Tour de France - Special Edition &#8226; Gate21\",\"isPartOf\":{\"@id\":\"https:\\\/\\\/gate21.ee\\\/#website\"},\"primaryImageOfPage\":{\"@id\":\"https:\\\/\\\/gate21.ee\\\/shop\\\/tour-de-france-special-edition\\\/#primaryimage\"},\"image\":{\"@id\":\"https:\\\/\\\/gate21.ee\\\/shop\\\/tour-de-france-special-edition\\\/#primaryimage\"},\"thumbnailUrl\":\"https:\\\/\\\/gate21.ee\\\/wp-content\\\/uploads\\\/2024\\\/06\\\/2_Notabag_Original_Tour_De_France_Front_900x.jpg.webp\",\"datePublished\":\"2024-06-11T11:22:00+00:00\",\"dateModified\":\"2026-04-26T08:30:51+00:00\",\"description\":\"Notabag is the smart combination of a bag and a backpack. It transforms with a single pull on the straps, so you can put it on your back and free your hands.\u00a0\",\"breadcrumb\":{\"@id\":\"https:\\\/\\\/gate21.ee\\\/shop\\\/tour-de-france-special-edition\\\/#breadcrumb\"},\"inLanguage\":\"et\",\"potentialAction\":[{\"@type\":\"ReadAction\",\"target\":[\"https:\\\/\\\/gate21.ee\\\/shop\\\/tour-de-france-special-edition\\\/\"]}]},{\"@type\":\"ImageObject\",\"inLanguage\":\"et\",\"@id\":\"https:\\\/\\\/gate21.ee\\\/shop\\\/tour-de-france-special-edition\\\/#primaryimage\",\"url\":\"https:\\\/\\\/gate21.ee\\\/wp-content\\\/uploads\\\/2024\\\/06\\\/2_Notabag_Original_Tour_De_France_Front_900x.jpg.webp\",\"contentUrl\":\"https:\\\/\\\/gate21.ee\\\/wp-content\\\/uploads\\\/2024\\\/06\\\/2_Notabag_Original_Tour_De_France_Front_900x.jpg.webp\",\"width\":900,\"height\":1013,\"caption\":\"The Tour de France - Special Edition reusable tote bag features two handles and an abstract green, yellow, white, and red pattern\u2014ideal for carrying your finds from a Tallinn shopping trip or any trendy concept shop visit. Gate21.ee\"},{\"@type\":\"BreadcrumbList\",\"@id\":\"https:\\\/\\\/gate21.ee\\\/shop\\\/tour-de-france-special-edition\\\/#breadcrumb\",\"itemListElement\":[{\"@type\":\"ListItem\",\"position\":1,\"name\":\"Home\",\"item\":\"https:\\\/\\\/gate21.ee\\\/\"},{\"@type\":\"ListItem\",\"position\":2,\"name\":\"Tour de France &#8211; Special Edition\"}]},{\"@type\":\"WebSite\",\"@id\":\"https:\\\/\\\/gate21.ee\\\/#website\",\"url\":\"https:\\\/\\\/gate21.ee\\\/\",\"name\":\"Gate21\",\"description\":\"Gift concept store Gate21\",\"publisher\":{\"@id\":\"https:\\\/\\\/gate21.ee\\\/#organization\"},\"alternateName\":\"gate21\",\"potentialAction\":[{\"@type\":\"SearchAction\",\"target\":{\"@type\":\"EntryPoint\",\"urlTemplate\":\"https:\\\/\\\/gate21.ee\\\/?s={search_term_string}\"},\"query-input\":{\"@type\":\"PropertyValueSpecification\",\"valueRequired\":true,\"valueName\":\"search_term_string\"}}],\"inLanguage\":\"et\"},{\"@type\":\"Organization\",\"@id\":\"https:\\\/\\\/gate21.ee\\\/#organization\",\"name\":\"Gate21\",\"alternateName\":\"Gate21, Oma Asi and Oma Asi Design Store\",\"url\":\"https:\\\/\\\/gate21.ee\\\/\",\"logo\":{\"@type\":\"ImageObject\",\"inLanguage\":\"et\",\"@id\":\"https:\\\/\\\/gate21.ee\\\/#\\\/schema\\\/logo\\\/image\\\/\",\"url\":\"https:\\\/\\\/gate21.ee\\\/wp-content\\\/uploads\\\/2021\\\/11\\\/Gate_21_Logo_2_Valge.png\",\"contentUrl\":\"https:\\\/\\\/gate21.ee\\\/wp-content\\\/uploads\\\/2021\\\/11\\\/Gate_21_Logo_2_Valge.png\",\"width\":2560,\"height\":2560,\"caption\":\"Gate21\"},\"image\":{\"@id\":\"https:\\\/\\\/gate21.ee\\\/#\\\/schema\\\/logo\\\/image\\\/\"},\"sameAs\":[\"https:\\\/\\\/www.facebook.com\\\/gate21.ee\\\/\",\"https:\\\/\\\/www.instagram.com\\\/gate21.ee\\\/\",\"https:\\\/\\\/www.instagram.com\\\/omaasidesign\\\/\",\"https:\\\/\\\/www.instagram.com\\\/omaasi\\\/\",\"https:\\\/\\\/www.facebook.com\\\/omaasidesign\\\/\",\"https:\\\/\\\/www.facebook.com\\\/omaasilittleredhouse\\\/\",\"https:\\\/\\\/www.tiktok.com\\\/@gate21.ee\"]}]}<\/script>\n<!-- \/ Yoast SEO plugin. -->","yoast_head_json":{"title":"Tour de France - Special Edition &#8226; Gate21","description":"Notabag on nutikas kombinatsioon kotist ja seljakotist. See muutub lihtsa t\u00f5mbega k\u00e4ekotist seljakotiks.\u00a0","robots":{"index":"index","follow":"follow","max-snippet":"max-snippet:-1","max-image-preview":"max-image-preview:large","max-video-preview":"max-video-preview:-1"},"canonical":"https:\/\/gate21.ee\/et\/shop\/tour-de-france-special-edition\/","og_locale":"et_EE","og_type":"article","og_title":"Tour de France - Special Edition &#8226; Gate21","og_description":"Notabag is the smart combination of a bag and a backpack. It transforms with a single pull on the straps, so you can put it on your back and free your hands.\u00a0","og_url":"https:\/\/gate21.ee\/et\/shop\/tour-de-france-special-edition\/","og_site_name":"Gate21","article_publisher":"https:\/\/www.facebook.com\/gate21.ee\/","article_modified_time":"2026-04-26T08:30:51+00:00","og_image":[{"width":900,"height":1013,"url":"https:\/\/gate21.ee\/wp-content\/uploads\/2024\/06\/2_Notabag_Original_Tour_De_France_Front_900x.jpg.webp","type":"image\/webp"}],"twitter_card":"summary_large_image","twitter_misc":{"Est. reading time":"1 minut"},"schema":{"@context":"https:\/\/schema.org","@graph":[{"@type":"WebPage","@id":"https:\/\/gate21.ee\/shop\/tour-de-france-special-edition\/","url":"https:\/\/gate21.ee\/shop\/tour-de-france-special-edition\/","name":"Tour de France - Special Edition &#8226; Gate21","isPartOf":{"@id":"https:\/\/gate21.ee\/#website"},"primaryImageOfPage":{"@id":"https:\/\/gate21.ee\/shop\/tour-de-france-special-edition\/#primaryimage"},"image":{"@id":"https:\/\/gate21.ee\/shop\/tour-de-france-special-edition\/#primaryimage"},"thumbnailUrl":"https:\/\/gate21.ee\/wp-content\/uploads\/2024\/06\/2_Notabag_Original_Tour_De_France_Front_900x.jpg.webp","datePublished":"2024-06-11T11:22:00+00:00","dateModified":"2026-04-26T08:30:51+00:00","description":"Notabag on nutikas kombinatsioon kotist ja seljakotist. See muutub lihtsa t\u00f5mbega k\u00e4ekotist seljakotiks.\u00a0","breadcrumb":{"@id":"https:\/\/gate21.ee\/shop\/tour-de-france-special-edition\/#breadcrumb"},"inLanguage":"et","potentialAction":[{"@type":"ReadAction","target":["https:\/\/gate21.ee\/shop\/tour-de-france-special-edition\/"]}]},{"@type":"ImageObject","inLanguage":"et","@id":"https:\/\/gate21.ee\/shop\/tour-de-france-special-edition\/#primaryimage","url":"https:\/\/gate21.ee\/wp-content\/uploads\/2024\/06\/2_Notabag_Original_Tour_De_France_Front_900x.jpg.webp","contentUrl":"https:\/\/gate21.ee\/wp-content\/uploads\/2024\/06\/2_Notabag_Original_Tour_De_France_Front_900x.jpg.webp","width":900,"height":1013,"caption":"The Tour de France - Special Edition reusable tote bag features two handles and an abstract green, yellow, white, and red pattern\u2014ideal for carrying your finds from a Tallinn shopping trip or any trendy concept shop visit. Gate21.ee"},{"@type":"BreadcrumbList","@id":"https:\/\/gate21.ee\/shop\/tour-de-france-special-edition\/#breadcrumb","itemListElement":[{"@type":"ListItem","position":1,"name":"Home","item":"https:\/\/gate21.ee\/"},{"@type":"ListItem","position":2,"name":"Tour de France &#8211; Special Edition"}]},{"@type":"WebSite","@id":"https:\/\/gate21.ee\/#website","url":"https:\/\/gate21.ee\/","name":"Gate21","description":"Kingituskontseptsioonipood Gate21","publisher":{"@id":"https:\/\/gate21.ee\/#organization"},"alternateName":"gate21","potentialAction":[{"@type":"SearchAction","target":{"@type":"EntryPoint","urlTemplate":"https:\/\/gate21.ee\/?s={search_term_string}"},"query-input":{"@type":"PropertyValueSpecification","valueRequired":true,"valueName":"search_term_string"}}],"inLanguage":"et"},{"@type":"Organization","@id":"https:\/\/gate21.ee\/#organization","name":"Gate21","alternateName":"Gate21, Oma Asi and Oma Asi Design Store","url":"https:\/\/gate21.ee\/","logo":{"@type":"ImageObject","inLanguage":"et","@id":"https:\/\/gate21.ee\/#\/schema\/logo\/image\/","url":"https:\/\/gate21.ee\/wp-content\/uploads\/2021\/11\/Gate_21_Logo_2_Valge.png","contentUrl":"https:\/\/gate21.ee\/wp-content\/uploads\/2021\/11\/Gate_21_Logo_2_Valge.png","width":2560,"height":2560,"caption":"Gate21"},"image":{"@id":"https:\/\/gate21.ee\/#\/schema\/logo\/image\/"},"sameAs":["https:\/\/www.facebook.com\/gate21.ee\/","https:\/\/www.instagram.com\/gate21.ee\/","https:\/\/www.instagram.com\/omaasidesign\/","https:\/\/www.instagram.com\/omaasi\/","https:\/\/www.facebook.com\/omaasidesign\/","https:\/\/www.facebook.com\/omaasilittleredhouse\/","https:\/\/www.tiktok.com\/@gate21.ee"]}]}},"jetpack_sharing_enabled":true,"brands":[{"id":98,"name":"NotaBag","slug":"notabag"}],"_links":{"self":[{"href":"https:\/\/gate21.ee\/et\/wp-json\/wp\/v2\/product\/176243","targetHints":{"allow":["GET"]}}],"collection":[{"href":"https:\/\/gate21.ee\/et\/wp-json\/wp\/v2\/product"}],"about":[{"href":"https:\/\/gate21.ee\/et\/wp-json\/wp\/v2\/types\/product"}],"replies":[{"embeddable":true,"href":"https:\/\/gate21.ee\/et\/wp-json\/wp\/v2\/comments?post=176243"}],"version-history":[{"count":1,"href":"https:\/\/gate21.ee\/et\/wp-json\/wp\/v2\/product\/176243\/revisions"}],"predecessor-version":[{"id":210211,"href":"https:\/\/gate21.ee\/et\/wp-json\/wp\/v2\/product\/176243\/revisions\/210211"}],"wp:featuredmedia":[{"embeddable":true,"href":"https:\/\/gate21.ee\/et\/wp-json\/wp\/v2\/media\/176246"}],"wp:attachment":[{"href":"https:\/\/gate21.ee\/et\/wp-json\/wp\/v2\/media?parent=176243"}],"wp:term":[{"taxonomy":"pwb-brand","embeddable":true,"href":"https:\/\/gate21.ee\/et\/wp-json\/wp\/v2\/pwb-brand?post=176243"},{"taxonomy":"product_brand","embeddable":true,"href":"https:\/\/gate21.ee\/et\/wp-json\/wp\/v2\/product_brand?post=176243"},{"taxonomy":"product_cat","embeddable":true,"href":"https:\/\/gate21.ee\/et\/wp-json\/wp\/v2\/product_cat?post=176243"},{"taxonomy":"product_tag","embeddable":true,"href":"https:\/\/gate21.ee\/et\/wp-json\/wp\/v2\/product_tag?post=176243"}],"curies":[{"name":"wp","href":"https:\/\/api.w.org\/{rel}","templated":true}]}}