{"id":174489,"date":"2024-05-26T14:35:16","date_gmt":"2024-05-26T11:35:16","guid":{"rendered":"https:\/\/gate21.ee\/?post_type=product&#038;p=174489"},"modified":"2026-04-17T16:13:21","modified_gmt":"2026-04-17T13:13:21","slug":"costa-crystal-sunglasses","status":"publish","type":"product","link":"https:\/\/gate21.ee\/et\/shop\/costa-crystal-sunglasses\/","title":{"rendered":"Costa - kristalsed p\u00e4ikeseprillid"},"content":{"rendered":"<p>COSTA <a href=\"https:\/\/gate21.ee\/et\/tootekategooria\/accessories\/sunglasses\/\">p\u00e4ikeseprillid<\/a> on kombineeritud 100% ringlussev\u00f5etud HDPE-plastist ja orgaanilisest bambusest, mis on toksiinide ja pestitsiididevaba. Selle kombinatsiooni tulemuseks on suurep\u00e4rase kontrasti ja isikup\u00e4raga kerged unisex p\u00e4ikeseprillid. COSTA l\u00e4\u00e4tsed on polariseeritud ja valmistatud UV400 kaitsega pol\u00fckarbonaadist, mis v\u00e4hendab pimestamist ja optilist pinget ning suurendab kontrasti.<\/p>\n<div class=\"att_measurements\">M\u00f5\u00f5dud: L\u00e4\u00e4tse laius: 51 | Sild: 20 | Sang: 130 mm<\/div>\n<div><\/div>\n<div>\n<p><img fetchpriority=\"high\" decoding=\"async\" class=\"alignnone size-medium wp-image-39351 lazyloaded\" src=\"https:\/\/i1.wp.com\/gate21.ee\/wp-content\/uploads\/2021\/04\/img-home-eco-300x222.jpg?resize=300%2C222&amp;ssl=1\" alt=\"\" width=\"300\" height=\"300\" data-srcset=\"https:\/\/i1.wp.com\/gate21.ee\/wp-content\/uploads\/2021\/04\/img-home-eco.jpg?resize=300%2C222&amp;ssl=1 300w, https:\/\/i1.wp.com\/gate21.ee\/wp-content\/uploads\/2021\/04\/img-home-eco.jpg?resize=1024%2C757&amp;ssl=1 1024w, https:\/\/i1.wp.com\/gate21.ee\/wp-content\/uploads\/2021\/04\/img-home-eco.jpg?resize=768%2C568&amp;ssl=1 768w, https:\/\/i1.wp.com\/gate21.ee\/wp-content\/uploads\/2021\/04\/img-home-eco.jpg?resize=800%2C592&amp;ssl=1 800w, https:\/\/i1.wp.com\/gate21.ee\/wp-content\/uploads\/2021\/04\/img-home-eco.jpg?w=1310&amp;ssl=1 1310w\" data-src=\"https:\/\/i1.wp.com\/gate21.ee\/wp-content\/uploads\/2021\/04\/img-home-eco-300x222.jpg?resize=300%2C222&amp;ssl=1\" data-sizes=\"(max-width: 300px) 100vw, 300px\" srcset=\"https:\/\/gate21.ee\/wp-content\/uploads\/2021\/04\/img-home-eco-300x300.jpg 300w, https:\/\/gate21.ee\/wp-content\/uploads\/2021\/04\/img-home-eco-100x100.jpg 100w, https:\/\/gate21.ee\/wp-content\/uploads\/2021\/04\/img-home-eco-150x150.jpg 150w\" sizes=\"(max-width: 300px) 100vw, 300px\" \/><\/p>\n<div><\/div>\n<p><a href=\"https:\/\/gate21.ee\/et\/brand\/parafina\/\">Parafina<\/a> asutasid 2014. aastal Madridis Javier Rodriguez, Samuel Soria ja Alfonso de Luj\u00e1n eesm\u00e4rgiga pakkuda optikamaailmale j\u00e4tkusuutlikku ja taskukohast alternatiivi traditsioonilistele p\u00e4ikeseprillidele, mis on valdavalt valmistatud plastikust.<\/p>\n<p class=\"vc_custom_heading highlight-lowercase\">Seet\u00f5ttu hakkasid nad v\u00e4lja t\u00f6\u00f6tama toodet, mis pidi olema taaskasutatud, et v\u00f5imalikult v\u00e4he keskkonda m\u00f5jutada. Nad \u00f5ppisid tundma alternatiivseid materjale ja m\u00f5istsid peagi, et uued materjalid on v\u00e4ga vastupidavad, kergesti vormitavad ja kaalult kerged.<\/p>\n<p>Seni on \u00f5nnestunud taaskasutada: 3 541 206 PET-plastpudelit; 187 506 HDPE plastpudelit; 5046 autorehvi ja 27 270 plekkpurki!<\/p>\n<\/div>","protected":false},"excerpt":{"rendered":"<p>COSTA sunglasses combine 100% recycled HDPE plastic, used in the frame with 100% organic bamboo which is free of toxins and pesticides. The result of this combination is unisex sunglasses with great contrast and personality which are ultra light. The COSTA lenses are polarized and made from polycarbonate with UV400 protection. These polarized lenses reduce [&hellip;]<\/p>\n","protected":false},"featured_media":174492,"comment_status":"closed","ping_status":"closed","template":"","meta":{"site-sidebar-layout":"default","site-content-layout":"default","ast-site-content-layout":"default","site-content-style":"default","site-sidebar-style":"default","ast-global-header-display":"","ast-banner-title-visibility":"","ast-main-header-display":"","ast-hfb-above-header-display":"","ast-hfb-below-header-display":"","ast-hfb-mobile-header-display":"","site-post-title":"","ast-breadcrumbs-content":"","ast-featured-img":"","footer-sml-layout":"","ast-disable-related-posts":"","theme-transparent-header-meta":"default","adv-header-id-meta":"","stick-header-meta":"default","header-above-stick-meta":"","header-main-stick-meta":"","header-below-stick-meta":"","astra-migrate-meta-layouts":"set","ast-page-background-enabled":"default","ast-page-background-meta":{"desktop":{"background-color":"","background-image":"","background-repeat":"repeat","background-position":"center center","background-size":"auto","background-attachment":"scroll","background-type":"","background-media":"","overlay-type":"","overlay-color":"","overlay-opacity":"","overlay-gradient":""},"tablet":{"background-color":"","background-image":"","background-repeat":"repeat","background-position":"center center","background-size":"auto","background-attachment":"scroll","background-type":"","background-media":"","overlay-type":"","overlay-color":"","overlay-opacity":"","overlay-gradient":""},"mobile":{"background-color":"","background-image":"","background-repeat":"repeat","background-position":"center center","background-size":"auto","background-attachment":"scroll","background-type":"","background-media":"","overlay-type":"","overlay-color":"","overlay-opacity":"","overlay-gradient":""}},"ast-content-background-meta":{"desktop":{"background-color":"var(--ast-global-color-5)","background-image":"","background-repeat":"repeat","background-position":"center center","background-size":"auto","background-attachment":"scroll","background-type":"","background-media":"","overlay-type":"","overlay-color":"","overlay-opacity":"","overlay-gradient":""},"tablet":{"background-color":"var(--ast-global-color-5)","background-image":"","background-repeat":"repeat","background-position":"center center","background-size":"auto","background-attachment":"scroll","background-type":"","background-media":"","overlay-type":"","overlay-color":"","overlay-opacity":"","overlay-gradient":""},"mobile":{"background-color":"var(--ast-global-color-5)","background-image":"","background-repeat":"repeat","background-position":"center center","background-size":"auto","background-attachment":"scroll","background-type":"","background-media":"","overlay-type":"","overlay-color":"","overlay-opacity":"","overlay-gradient":""}}},"pwb-brand":[109],"product_brand":[],"product_cat":[208],"product_tag":[209],"class_list":{"0":"post-174489","1":"product","2":"type-product","3":"status-publish","4":"has-post-thumbnail","6":"pwb-brand-parafina","7":"product_cat-sunglasses","8":"product_tag-sunglasses","9":"desktop-align-center","10":"tablet-align-center","11":"mobile-align-center","12":"ast-product-gallery-layout-vertical","13":"ast-product-tabs-layout-horizontal","15":"first","16":"instock","17":"taxable","18":"shipping-taxable","19":"purchasable","20":"product-type-simple"},"yoast_head":"<!-- This site is optimized with the Yoast SEO plugin v27.4 - https:\/\/yoast.com\/product\/yoast-seo-wordpress\/ -->\n<title>&quot;Costa&quot; Crystal Sunglasses &#8226; Gate21<\/title>\n<meta name=\"description\" content=\"Costa sunglasses by Parafina are fully UV resistent, polorized and made from three recycled water bottles available in grey, blue or green styles\" \/>\n<meta name=\"robots\" content=\"index, follow, max-snippet:-1, max-image-preview:large, max-video-preview:-1\" \/>\n<link rel=\"canonical\" href=\"https:\/\/gate21.ee\/et\/shop\/costa-crystal-sunglasses\/\" \/>\n<meta property=\"og:locale\" content=\"et_EE\" \/>\n<meta property=\"og:type\" content=\"article\" \/>\n<meta property=\"og:title\" content=\"&quot;Costa&quot; Crystal Sunglasses &#8226; Gate21\" \/>\n<meta property=\"og:description\" content=\"Costa sunglasses by Parafina are fully UV resistent, polorized and made from three recycled water bottles available in grey, blue or green styles\" \/>\n<meta property=\"og:url\" content=\"https:\/\/gate21.ee\/et\/shop\/costa-crystal-sunglasses\/\" \/>\n<meta property=\"og:site_name\" content=\"Gate21\" \/>\n<meta property=\"article:publisher\" content=\"https:\/\/www.facebook.com\/gate21.ee\/\" \/>\n<meta property=\"article:modified_time\" content=\"2026-04-17T13:13:21+00:00\" \/>\n<meta property=\"og:image\" content=\"https:\/\/gate21.ee\/wp-content\/uploads\/2024\/05\/Parafina_Gafas_Sol_Ecologicas_0005_COS-CRY-PGN-1-721x721.jpg.webp\" \/>\n\t<meta property=\"og:image:width\" content=\"721\" \/>\n\t<meta property=\"og:image:height\" content=\"721\" \/>\n\t<meta property=\"og:image:type\" content=\"image\/webp\" \/>\n<meta name=\"twitter:card\" content=\"summary_large_image\" \/>\n<meta name=\"twitter:label1\" content=\"Est. reading time\" \/>\n\t<meta name=\"twitter:data1\" content=\"2 minutit\" \/>\n<script type=\"application\/ld+json\" class=\"yoast-schema-graph\">{\"@context\":\"https:\\\/\\\/schema.org\",\"@graph\":[{\"@type\":\"WebPage\",\"@id\":\"https:\\\/\\\/gate21.ee\\\/shop\\\/costa-crystal-sunglasses\\\/\",\"url\":\"https:\\\/\\\/gate21.ee\\\/shop\\\/costa-crystal-sunglasses\\\/\",\"name\":\"\\\"Costa\\\" Crystal Sunglasses &#8226; Gate21\",\"isPartOf\":{\"@id\":\"https:\\\/\\\/gate21.ee\\\/#website\"},\"primaryImageOfPage\":{\"@id\":\"https:\\\/\\\/gate21.ee\\\/shop\\\/costa-crystal-sunglasses\\\/#primaryimage\"},\"image\":{\"@id\":\"https:\\\/\\\/gate21.ee\\\/shop\\\/costa-crystal-sunglasses\\\/#primaryimage\"},\"thumbnailUrl\":\"https:\\\/\\\/gate21.ee\\\/wp-content\\\/uploads\\\/2024\\\/05\\\/Parafina_Gafas_Sol_Ecologicas_0005_COS-CRY-PGN-1-721x721.jpg.webp\",\"datePublished\":\"2024-05-26T11:35:16+00:00\",\"dateModified\":\"2026-04-17T13:13:21+00:00\",\"description\":\"Costa sunglasses by Parafina are fully UV resistent, polorized and made from three recycled water bottles available in grey, blue or green styles\",\"breadcrumb\":{\"@id\":\"https:\\\/\\\/gate21.ee\\\/shop\\\/costa-crystal-sunglasses\\\/#breadcrumb\"},\"inLanguage\":\"et\",\"potentialAction\":[{\"@type\":\"ReadAction\",\"target\":[\"https:\\\/\\\/gate21.ee\\\/shop\\\/costa-crystal-sunglasses\\\/\"]}]},{\"@type\":\"ImageObject\",\"inLanguage\":\"et\",\"@id\":\"https:\\\/\\\/gate21.ee\\\/shop\\\/costa-crystal-sunglasses\\\/#primaryimage\",\"url\":\"https:\\\/\\\/gate21.ee\\\/wp-content\\\/uploads\\\/2024\\\/05\\\/Parafina_Gafas_Sol_Ecologicas_0005_COS-CRY-PGN-1-721x721.jpg.webp\",\"contentUrl\":\"https:\\\/\\\/gate21.ee\\\/wp-content\\\/uploads\\\/2024\\\/05\\\/Parafina_Gafas_Sol_Ecologicas_0005_COS-CRY-PGN-1-721x721.jpg.webp\",\"width\":721,\"height\":721,\"caption\":\"The \\\"Costa\\\" Crystal Sunglasses feature round clear plastic frames, dark lenses, and black arms\u2014an eye-catching accessory for Tallinn shopping or a unique gift idea. Shown on a white background. Gate21.ee\"},{\"@type\":\"BreadcrumbList\",\"@id\":\"https:\\\/\\\/gate21.ee\\\/shop\\\/costa-crystal-sunglasses\\\/#breadcrumb\",\"itemListElement\":[{\"@type\":\"ListItem\",\"position\":1,\"name\":\"Home\",\"item\":\"https:\\\/\\\/gate21.ee\\\/\"},{\"@type\":\"ListItem\",\"position\":2,\"name\":\"&#8220;Costa&#8221; Crystal Sunglasses\"}]},{\"@type\":\"WebSite\",\"@id\":\"https:\\\/\\\/gate21.ee\\\/#website\",\"url\":\"https:\\\/\\\/gate21.ee\\\/\",\"name\":\"Gate21\",\"description\":\"Gift concept store Gate21\",\"publisher\":{\"@id\":\"https:\\\/\\\/gate21.ee\\\/#organization\"},\"alternateName\":\"gate21\",\"potentialAction\":[{\"@type\":\"SearchAction\",\"target\":{\"@type\":\"EntryPoint\",\"urlTemplate\":\"https:\\\/\\\/gate21.ee\\\/?s={search_term_string}\"},\"query-input\":{\"@type\":\"PropertyValueSpecification\",\"valueRequired\":true,\"valueName\":\"search_term_string\"}}],\"inLanguage\":\"et\"},{\"@type\":\"Organization\",\"@id\":\"https:\\\/\\\/gate21.ee\\\/#organization\",\"name\":\"Gate21\",\"alternateName\":\"Gate21, Oma Asi and Oma Asi Design Store\",\"url\":\"https:\\\/\\\/gate21.ee\\\/\",\"logo\":{\"@type\":\"ImageObject\",\"inLanguage\":\"et\",\"@id\":\"https:\\\/\\\/gate21.ee\\\/#\\\/schema\\\/logo\\\/image\\\/\",\"url\":\"https:\\\/\\\/gate21.ee\\\/wp-content\\\/uploads\\\/2021\\\/11\\\/Gate_21_Logo_2_Valge.png\",\"contentUrl\":\"https:\\\/\\\/gate21.ee\\\/wp-content\\\/uploads\\\/2021\\\/11\\\/Gate_21_Logo_2_Valge.png\",\"width\":2560,\"height\":2560,\"caption\":\"Gate21\"},\"image\":{\"@id\":\"https:\\\/\\\/gate21.ee\\\/#\\\/schema\\\/logo\\\/image\\\/\"},\"sameAs\":[\"https:\\\/\\\/www.facebook.com\\\/gate21.ee\\\/\",\"https:\\\/\\\/www.instagram.com\\\/gate21.ee\\\/\",\"https:\\\/\\\/www.instagram.com\\\/omaasidesign\\\/\",\"https:\\\/\\\/www.instagram.com\\\/omaasi\\\/\",\"https:\\\/\\\/www.facebook.com\\\/omaasidesign\\\/\",\"https:\\\/\\\/www.facebook.com\\\/omaasilittleredhouse\\\/\",\"https:\\\/\\\/www.tiktok.com\\\/@gate21.ee\"]}]}<\/script>\n<!-- \/ Yoast SEO plugin. -->","yoast_head_json":{"title":"\"Costa\" Crystal Sunglasses &#8226; Gate21","description":"Costa sunglasses by Parafina are fully UV resistent, polorized and made from three recycled water bottles available in grey, blue or green styles","robots":{"index":"index","follow":"follow","max-snippet":"max-snippet:-1","max-image-preview":"max-image-preview:large","max-video-preview":"max-video-preview:-1"},"canonical":"https:\/\/gate21.ee\/et\/shop\/costa-crystal-sunglasses\/","og_locale":"et_EE","og_type":"article","og_title":"\"Costa\" Crystal Sunglasses &#8226; Gate21","og_description":"Costa sunglasses by Parafina are fully UV resistent, polorized and made from three recycled water bottles available in grey, blue or green styles","og_url":"https:\/\/gate21.ee\/et\/shop\/costa-crystal-sunglasses\/","og_site_name":"Gate21","article_publisher":"https:\/\/www.facebook.com\/gate21.ee\/","article_modified_time":"2026-04-17T13:13:21+00:00","og_image":[{"width":721,"height":721,"url":"https:\/\/gate21.ee\/wp-content\/uploads\/2024\/05\/Parafina_Gafas_Sol_Ecologicas_0005_COS-CRY-PGN-1-721x721.jpg.webp","type":"image\/webp"}],"twitter_card":"summary_large_image","twitter_misc":{"Est. reading time":"2 minutit"},"schema":{"@context":"https:\/\/schema.org","@graph":[{"@type":"WebPage","@id":"https:\/\/gate21.ee\/shop\/costa-crystal-sunglasses\/","url":"https:\/\/gate21.ee\/shop\/costa-crystal-sunglasses\/","name":"\"Costa\" Crystal Sunglasses &#8226; Gate21","isPartOf":{"@id":"https:\/\/gate21.ee\/#website"},"primaryImageOfPage":{"@id":"https:\/\/gate21.ee\/shop\/costa-crystal-sunglasses\/#primaryimage"},"image":{"@id":"https:\/\/gate21.ee\/shop\/costa-crystal-sunglasses\/#primaryimage"},"thumbnailUrl":"https:\/\/gate21.ee\/wp-content\/uploads\/2024\/05\/Parafina_Gafas_Sol_Ecologicas_0005_COS-CRY-PGN-1-721x721.jpg.webp","datePublished":"2024-05-26T11:35:16+00:00","dateModified":"2026-04-17T13:13:21+00:00","description":"Costa sunglasses by Parafina are fully UV resistent, polorized and made from three recycled water bottles available in grey, blue or green styles","breadcrumb":{"@id":"https:\/\/gate21.ee\/shop\/costa-crystal-sunglasses\/#breadcrumb"},"inLanguage":"et","potentialAction":[{"@type":"ReadAction","target":["https:\/\/gate21.ee\/shop\/costa-crystal-sunglasses\/"]}]},{"@type":"ImageObject","inLanguage":"et","@id":"https:\/\/gate21.ee\/shop\/costa-crystal-sunglasses\/#primaryimage","url":"https:\/\/gate21.ee\/wp-content\/uploads\/2024\/05\/Parafina_Gafas_Sol_Ecologicas_0005_COS-CRY-PGN-1-721x721.jpg.webp","contentUrl":"https:\/\/gate21.ee\/wp-content\/uploads\/2024\/05\/Parafina_Gafas_Sol_Ecologicas_0005_COS-CRY-PGN-1-721x721.jpg.webp","width":721,"height":721,"caption":"The \"Costa\" Crystal Sunglasses feature round clear plastic frames, dark lenses, and black arms\u2014an eye-catching accessory for Tallinn shopping or a unique gift idea. Shown on a white background. Gate21.ee"},{"@type":"BreadcrumbList","@id":"https:\/\/gate21.ee\/shop\/costa-crystal-sunglasses\/#breadcrumb","itemListElement":[{"@type":"ListItem","position":1,"name":"Home","item":"https:\/\/gate21.ee\/"},{"@type":"ListItem","position":2,"name":"&#8220;Costa&#8221; Crystal Sunglasses"}]},{"@type":"WebSite","@id":"https:\/\/gate21.ee\/#website","url":"https:\/\/gate21.ee\/","name":"Gate21","description":"Kingituskontseptsioonipood Gate21","publisher":{"@id":"https:\/\/gate21.ee\/#organization"},"alternateName":"gate21","potentialAction":[{"@type":"SearchAction","target":{"@type":"EntryPoint","urlTemplate":"https:\/\/gate21.ee\/?s={search_term_string}"},"query-input":{"@type":"PropertyValueSpecification","valueRequired":true,"valueName":"search_term_string"}}],"inLanguage":"et"},{"@type":"Organization","@id":"https:\/\/gate21.ee\/#organization","name":"Gate21","alternateName":"Gate21, Oma Asi and Oma Asi Design Store","url":"https:\/\/gate21.ee\/","logo":{"@type":"ImageObject","inLanguage":"et","@id":"https:\/\/gate21.ee\/#\/schema\/logo\/image\/","url":"https:\/\/gate21.ee\/wp-content\/uploads\/2021\/11\/Gate_21_Logo_2_Valge.png","contentUrl":"https:\/\/gate21.ee\/wp-content\/uploads\/2021\/11\/Gate_21_Logo_2_Valge.png","width":2560,"height":2560,"caption":"Gate21"},"image":{"@id":"https:\/\/gate21.ee\/#\/schema\/logo\/image\/"},"sameAs":["https:\/\/www.facebook.com\/gate21.ee\/","https:\/\/www.instagram.com\/gate21.ee\/","https:\/\/www.instagram.com\/omaasidesign\/","https:\/\/www.instagram.com\/omaasi\/","https:\/\/www.facebook.com\/omaasidesign\/","https:\/\/www.facebook.com\/omaasilittleredhouse\/","https:\/\/www.tiktok.com\/@gate21.ee"]}]}},"jetpack_sharing_enabled":true,"brands":[{"id":109,"name":"Parafina","slug":"parafina"}],"_links":{"self":[{"href":"https:\/\/gate21.ee\/et\/wp-json\/wp\/v2\/product\/174489","targetHints":{"allow":["GET"]}}],"collection":[{"href":"https:\/\/gate21.ee\/et\/wp-json\/wp\/v2\/product"}],"about":[{"href":"https:\/\/gate21.ee\/et\/wp-json\/wp\/v2\/types\/product"}],"replies":[{"embeddable":true,"href":"https:\/\/gate21.ee\/et\/wp-json\/wp\/v2\/comments?post=174489"}],"version-history":[{"count":1,"href":"https:\/\/gate21.ee\/et\/wp-json\/wp\/v2\/product\/174489\/revisions"}],"predecessor-version":[{"id":216810,"href":"https:\/\/gate21.ee\/et\/wp-json\/wp\/v2\/product\/174489\/revisions\/216810"}],"wp:featuredmedia":[{"embeddable":true,"href":"https:\/\/gate21.ee\/et\/wp-json\/wp\/v2\/media\/174492"}],"wp:attachment":[{"href":"https:\/\/gate21.ee\/et\/wp-json\/wp\/v2\/media?parent=174489"}],"wp:term":[{"taxonomy":"pwb-brand","embeddable":true,"href":"https:\/\/gate21.ee\/et\/wp-json\/wp\/v2\/pwb-brand?post=174489"},{"taxonomy":"product_brand","embeddable":true,"href":"https:\/\/gate21.ee\/et\/wp-json\/wp\/v2\/product_brand?post=174489"},{"taxonomy":"product_cat","embeddable":true,"href":"https:\/\/gate21.ee\/et\/wp-json\/wp\/v2\/product_cat?post=174489"},{"taxonomy":"product_tag","embeddable":true,"href":"https:\/\/gate21.ee\/et\/wp-json\/wp\/v2\/product_tag?post=174489"}],"curies":[{"name":"wp","href":"https:\/\/api.w.org\/{rel}","templated":true}]}}