{"id":170003,"date":"2024-04-09T17:21:00","date_gmt":"2024-04-09T14:21:00","guid":{"rendered":"https:\/\/gate21.ee\/?post_type=product&#038;p=170003"},"modified":"2026-02-23T17:29:37","modified_gmt":"2026-02-23T15:29:37","slug":"lilly-black-gray-transparent","status":"publish","type":"product","link":"https:\/\/gate21.ee\/et\/shop\/lilly-black-gray-transparent\/","title":{"rendered":"LILLY - must\/hall"},"content":{"rendered":"<p>K\u00f5ik A. Kj\u00e6rbede <a href=\"https:\/\/gate21.ee\/et\/tootekategooria\/accessories\/sunglasses\/\">p\u00e4ikeseprillid<\/a>\u00a0on unisex, mille pol\u00fckarbonaadist l\u00e4\u00e4tsedel on UV 400 kaitse sertifikatsioon.<\/p>\n<p><img fetchpriority=\"high\" decoding=\"async\" class=\"alignnone size-medium wp-image-133721\" src=\"https:\/\/gate21.ee\/wp-content\/uploads\/2021\/09\/AKJAERBEDE_4_Agnes-dark-blue-and-lavender-300x201.jpg\" alt=\"\" width=\"300\" height=\"201\" srcset=\"https:\/\/gate21.ee\/wp-content\/uploads\/2021\/09\/AKJAERBEDE_4_Agnes-dark-blue-and-lavender-300x201.jpg 300w, https:\/\/gate21.ee\/wp-content\/uploads\/2021\/09\/AKJAERBEDE_4_Agnes-dark-blue-and-lavender-1024x686.jpg 1024w, https:\/\/gate21.ee\/wp-content\/uploads\/2021\/09\/AKJAERBEDE_4_Agnes-dark-blue-and-lavender-768x515.jpg 768w, https:\/\/gate21.ee\/wp-content\/uploads\/2021\/09\/AKJAERBEDE_4_Agnes-dark-blue-and-lavender-18x12.jpg 18w, https:\/\/gate21.ee\/wp-content\/uploads\/2021\/09\/AKJAERBEDE_4_Agnes-dark-blue-and-lavender-600x402.jpg 600w, https:\/\/gate21.ee\/wp-content\/uploads\/2021\/09\/AKJAERBEDE_4_Agnes-dark-blue-and-lavender.jpg 1200w\" sizes=\"(max-width: 300px) 100vw, 300px\" \/><\/p>\n<p><a href=\"https:\/\/gate21.ee\/et\/brand\/akjaerbede\/\">A. Kj\u00e6rbede<\/a> l\u00f5i 2016. aastal Adam Geertsen sooviga \u00fchendada hea kvaliteet, l\u00e4bim\u00f5eldud disain ja ostus\u00f5bralik hind.<\/p>\n<p>Adam Geertsen on moe\u00e4ris tegutsenud juba \u00fcle 20 aasta ja on alati igatsenud taskukohaseid luksuslikke kaubam\u00e4rke. Adam andis kaubam\u00e4rgile nimeks A. Kj\u00e6rbede, kuna Kj\u00e6rbede t\u00e4hendab Bornholmskis \"mehe otsust\" ning see viitab protsessile, mille ta l\u00e4bis ettev\u00f5tet alustades.<\/p>\n<p>Nimetus viitab lisaks ka Bornholmile ja Taanile. \u00c6 Kj\u00e6rbede r\u00f5hutab kaubam\u00e4rgi p\u00f5hjamaist p\u00e4ritolu, kust disainid p\u00f5hiliselt inspiratsiooni leiavad.<\/p>\n<p>A. Kj\u00e6rbede annab iga aasta v\u00e4lja p\u00e4ikeseprillide kollektsiooni, mis on inspireeritud konkreetse hooaja moetrendidest, kuid mis on alati kombineeritud ajatu ja klassikalise v\u00e4ljendusega.<\/p>\n<p><img decoding=\"async\" class=\"alignnone size-medium wp-image-37272\" src=\"https:\/\/gate21.ee\/wp-content\/uploads\/2021\/07\/DSC3463-600x450.jpg\" alt=\"\" width=\"600\" height=\"450\" srcset=\"https:\/\/gate21.ee\/wp-content\/uploads\/2021\/07\/DSC3463-600x450.jpg 600w, https:\/\/gate21.ee\/wp-content\/uploads\/2021\/07\/DSC3463-1024x768.jpg 1024w, https:\/\/gate21.ee\/wp-content\/uploads\/2021\/07\/DSC3463-768x576.jpg 768w, https:\/\/gate21.ee\/wp-content\/uploads\/2021\/07\/DSC3463-1536x1152.jpg 1536w, https:\/\/gate21.ee\/wp-content\/uploads\/2021\/07\/DSC3463.jpg 2000w\" sizes=\"(max-width: 600px) 100vw, 600px\" \/><\/p>","protected":false},"excerpt":{"rendered":"<p>All A. Kj\u00e6rbede sunglasses\u00a0are unisex and have\u00a0UV 400 Protection certification for their polycarbonate lenses. A. Kj\u00e6rbede was created in 2016 by Adam Geertsen, with a desire to unite good quality and thoughtful design \u2013 at a price that most people can afford. The underlying basis of the brand is that price and quality do not [&hellip;]<\/p>\n","protected":false},"featured_media":170007,"comment_status":"closed","ping_status":"closed","template":"","meta":{"site-sidebar-layout":"default","site-content-layout":"default","ast-site-content-layout":"default","site-content-style":"default","site-sidebar-style":"default","ast-global-header-display":"","ast-banner-title-visibility":"","ast-main-header-display":"","ast-hfb-above-header-display":"","ast-hfb-below-header-display":"","ast-hfb-mobile-header-display":"","site-post-title":"","ast-breadcrumbs-content":"","ast-featured-img":"","footer-sml-layout":"","ast-disable-related-posts":"","theme-transparent-header-meta":"default","adv-header-id-meta":"","stick-header-meta":"default","header-above-stick-meta":"","header-main-stick-meta":"","header-below-stick-meta":"","astra-migrate-meta-layouts":"set","ast-page-background-enabled":"default","ast-page-background-meta":{"desktop":{"background-color":"","background-image":"","background-repeat":"repeat","background-position":"center center","background-size":"auto","background-attachment":"scroll","background-type":"","background-media":"","overlay-type":"","overlay-color":"","overlay-opacity":"","overlay-gradient":""},"tablet":{"background-color":"","background-image":"","background-repeat":"repeat","background-position":"center center","background-size":"auto","background-attachment":"scroll","background-type":"","background-media":"","overlay-type":"","overlay-color":"","overlay-opacity":"","overlay-gradient":""},"mobile":{"background-color":"","background-image":"","background-repeat":"repeat","background-position":"center center","background-size":"auto","background-attachment":"scroll","background-type":"","background-media":"","overlay-type":"","overlay-color":"","overlay-opacity":"","overlay-gradient":""}},"ast-content-background-meta":{"desktop":{"background-color":"var(--ast-global-color-5)","background-image":"","background-repeat":"repeat","background-position":"center center","background-size":"auto","background-attachment":"scroll","background-type":"","background-media":"","overlay-type":"","overlay-color":"","overlay-opacity":"","overlay-gradient":""},"tablet":{"background-color":"var(--ast-global-color-5)","background-image":"","background-repeat":"repeat","background-position":"center center","background-size":"auto","background-attachment":"scroll","background-type":"","background-media":"","overlay-type":"","overlay-color":"","overlay-opacity":"","overlay-gradient":""},"mobile":{"background-color":"var(--ast-global-color-5)","background-image":"","background-repeat":"repeat","background-position":"center center","background-size":"auto","background-attachment":"scroll","background-type":"","background-media":"","overlay-type":"","overlay-color":"","overlay-opacity":"","overlay-gradient":""}}},"pwb-brand":[470],"product_brand":[],"product_cat":[208],"product_tag":[],"class_list":{"0":"post-170003","1":"product","2":"type-product","3":"status-publish","4":"has-post-thumbnail","6":"pwb-brand-akjaerbede","7":"product_cat-sunglasses","8":"desktop-align-center","9":"tablet-align-center","10":"mobile-align-center","11":"ast-product-gallery-layout-vertical","12":"ast-product-tabs-layout-horizontal","14":"first","15":"outofstock","16":"taxable","17":"shipping-taxable","18":"purchasable","19":"product-type-simple"},"yoast_head":"<!-- This site is optimized with the Yoast SEO plugin v27.3 - https:\/\/yoast.com\/product\/yoast-seo-wordpress\/ -->\n<title>LILLY - Black\/Gray transparent &#8226; Gate21<\/title>\n<meta name=\"description\" content=\"A. Kj\u00e6rbede sunglasses are inspired by fashion trends of the time, combined with a high degree of timelessness and classical expression.\" \/>\n<meta name=\"robots\" content=\"index, follow, max-snippet:-1, max-image-preview:large, max-video-preview:-1\" \/>\n<link rel=\"canonical\" href=\"https:\/\/gate21.ee\/et\/shop\/lilly-black-gray-transparent\/\" \/>\n<meta property=\"og:locale\" content=\"et_EE\" \/>\n<meta property=\"og:type\" content=\"article\" \/>\n<meta property=\"og:title\" content=\"LILLY - Black\/Gray transparent &#8226; Gate21\" \/>\n<meta property=\"og:description\" content=\"A. Kj\u00e6rbede sunglasses are inspired by fashion trends of the time, combined with a high degree of timelessness and classical expression.\" \/>\n<meta property=\"og:url\" content=\"https:\/\/gate21.ee\/et\/shop\/lilly-black-gray-transparent\/\" \/>\n<meta property=\"og:site_name\" content=\"Gate21\" \/>\n<meta property=\"article:publisher\" content=\"https:\/\/www.facebook.com\/gate21.ee\/\" \/>\n<meta property=\"article:modified_time\" content=\"2026-02-23T15:29:37+00:00\" \/>\n<meta property=\"og:image\" content=\"https:\/\/gate21.ee\/wp-content\/uploads\/2024\/04\/A.KJAERBEDE_LILLY_KL2215_BLACK_GREY-TRANSPARENT_FRONT.jpg\" \/>\n\t<meta property=\"og:image:width\" content=\"470\" \/>\n\t<meta property=\"og:image:height\" content=\"492\" \/>\n\t<meta property=\"og:image:type\" content=\"image\/jpeg\" \/>\n<meta name=\"twitter:card\" content=\"summary_large_image\" \/>\n<meta name=\"twitter:label1\" content=\"Est. reading time\" \/>\n\t<meta name=\"twitter:data1\" content=\"2 minutit\" \/>\n<script type=\"application\/ld+json\" class=\"yoast-schema-graph\">{\"@context\":\"https:\\\/\\\/schema.org\",\"@graph\":[{\"@type\":\"WebPage\",\"@id\":\"https:\\\/\\\/gate21.ee\\\/shop\\\/lilly-black-gray-transparent\\\/\",\"url\":\"https:\\\/\\\/gate21.ee\\\/shop\\\/lilly-black-gray-transparent\\\/\",\"name\":\"LILLY - Black\\\/Gray transparent &#8226; Gate21\",\"isPartOf\":{\"@id\":\"https:\\\/\\\/gate21.ee\\\/#website\"},\"primaryImageOfPage\":{\"@id\":\"https:\\\/\\\/gate21.ee\\\/shop\\\/lilly-black-gray-transparent\\\/#primaryimage\"},\"image\":{\"@id\":\"https:\\\/\\\/gate21.ee\\\/shop\\\/lilly-black-gray-transparent\\\/#primaryimage\"},\"thumbnailUrl\":\"https:\\\/\\\/gate21.ee\\\/wp-content\\\/uploads\\\/2024\\\/04\\\/A.KJAERBEDE_LILLY_KL2215_BLACK_GREY-TRANSPARENT_FRONT.jpg\",\"datePublished\":\"2024-04-09T14:21:00+00:00\",\"dateModified\":\"2026-02-23T15:29:37+00:00\",\"description\":\"A. Kj\u00e6rbede sunglasses are inspired by fashion trends of the time, combined with a high degree of timelessness and classical expression.\",\"breadcrumb\":{\"@id\":\"https:\\\/\\\/gate21.ee\\\/shop\\\/lilly-black-gray-transparent\\\/#breadcrumb\"},\"inLanguage\":\"et\",\"potentialAction\":[{\"@type\":\"ReadAction\",\"target\":[\"https:\\\/\\\/gate21.ee\\\/shop\\\/lilly-black-gray-transparent\\\/\"]}]},{\"@type\":\"ImageObject\",\"inLanguage\":\"et\",\"@id\":\"https:\\\/\\\/gate21.ee\\\/shop\\\/lilly-black-gray-transparent\\\/#primaryimage\",\"url\":\"https:\\\/\\\/gate21.ee\\\/wp-content\\\/uploads\\\/2024\\\/04\\\/A.KJAERBEDE_LILLY_KL2215_BLACK_GREY-TRANSPARENT_FRONT.jpg\",\"contentUrl\":\"https:\\\/\\\/gate21.ee\\\/wp-content\\\/uploads\\\/2024\\\/04\\\/A.KJAERBEDE_LILLY_KL2215_BLACK_GREY-TRANSPARENT_FRONT.jpg\",\"width\":470,\"height\":492},{\"@type\":\"BreadcrumbList\",\"@id\":\"https:\\\/\\\/gate21.ee\\\/shop\\\/lilly-black-gray-transparent\\\/#breadcrumb\",\"itemListElement\":[{\"@type\":\"ListItem\",\"position\":1,\"name\":\"Home\",\"item\":\"https:\\\/\\\/gate21.ee\\\/\"},{\"@type\":\"ListItem\",\"position\":2,\"name\":\"LILLY &#8211; Black\\\/Gray transparent\"}]},{\"@type\":\"WebSite\",\"@id\":\"https:\\\/\\\/gate21.ee\\\/#website\",\"url\":\"https:\\\/\\\/gate21.ee\\\/\",\"name\":\"Gate21\",\"description\":\"Disainipood Gate21\",\"publisher\":{\"@id\":\"https:\\\/\\\/gate21.ee\\\/#organization\"},\"alternateName\":\"alldesign\",\"potentialAction\":[{\"@type\":\"SearchAction\",\"target\":{\"@type\":\"EntryPoint\",\"urlTemplate\":\"https:\\\/\\\/gate21.ee\\\/?s={search_term_string}\"},\"query-input\":{\"@type\":\"PropertyValueSpecification\",\"valueRequired\":true,\"valueName\":\"search_term_string\"}}],\"inLanguage\":\"et\"},{\"@type\":\"Organization\",\"@id\":\"https:\\\/\\\/gate21.ee\\\/#organization\",\"name\":\"Gate21\",\"alternateName\":\"Gate21, Oma Asi and Oma Asi Design Store\",\"url\":\"https:\\\/\\\/gate21.ee\\\/\",\"logo\":{\"@type\":\"ImageObject\",\"inLanguage\":\"et\",\"@id\":\"https:\\\/\\\/gate21.ee\\\/#\\\/schema\\\/logo\\\/image\\\/\",\"url\":\"https:\\\/\\\/gate21.ee\\\/wp-content\\\/uploads\\\/2021\\\/11\\\/Gate_21_Logo_2_Valge.png\",\"contentUrl\":\"https:\\\/\\\/gate21.ee\\\/wp-content\\\/uploads\\\/2021\\\/11\\\/Gate_21_Logo_2_Valge.png\",\"width\":2560,\"height\":2560,\"caption\":\"Gate21\"},\"image\":{\"@id\":\"https:\\\/\\\/gate21.ee\\\/#\\\/schema\\\/logo\\\/image\\\/\"},\"sameAs\":[\"https:\\\/\\\/www.facebook.com\\\/gate21.ee\\\/\",\"https:\\\/\\\/www.instagram.com\\\/gate21.ee\\\/\",\"https:\\\/\\\/www.instagram.com\\\/omaasidesign\\\/\",\"https:\\\/\\\/www.instagram.com\\\/omaasi\\\/\",\"https:\\\/\\\/www.facebook.com\\\/omaasidesign\\\/\",\"https:\\\/\\\/www.facebook.com\\\/omaasilittleredhouse\\\/\"]}]}<\/script>\n<!-- \/ Yoast SEO plugin. -->","yoast_head_json":{"title":"LILLY - Black\/Gray transparent &#8226; Gate21","description":"A. Kj\u00e6rbede sunglasses are inspired by fashion trends of the time, combined with a high degree of timelessness and classical expression.","robots":{"index":"index","follow":"follow","max-snippet":"max-snippet:-1","max-image-preview":"max-image-preview:large","max-video-preview":"max-video-preview:-1"},"canonical":"https:\/\/gate21.ee\/et\/shop\/lilly-black-gray-transparent\/","og_locale":"et_EE","og_type":"article","og_title":"LILLY - Black\/Gray transparent &#8226; Gate21","og_description":"A. Kj\u00e6rbede sunglasses are inspired by fashion trends of the time, combined with a high degree of timelessness and classical expression.","og_url":"https:\/\/gate21.ee\/et\/shop\/lilly-black-gray-transparent\/","og_site_name":"Gate21","article_publisher":"https:\/\/www.facebook.com\/gate21.ee\/","article_modified_time":"2026-02-23T15:29:37+00:00","og_image":[{"width":470,"height":492,"url":"https:\/\/gate21.ee\/wp-content\/uploads\/2024\/04\/A.KJAERBEDE_LILLY_KL2215_BLACK_GREY-TRANSPARENT_FRONT.jpg","type":"image\/jpeg"}],"twitter_card":"summary_large_image","twitter_misc":{"Est. reading time":"2 minutit"},"schema":{"@context":"https:\/\/schema.org","@graph":[{"@type":"WebPage","@id":"https:\/\/gate21.ee\/shop\/lilly-black-gray-transparent\/","url":"https:\/\/gate21.ee\/shop\/lilly-black-gray-transparent\/","name":"LILLY - Black\/Gray transparent &#8226; Gate21","isPartOf":{"@id":"https:\/\/gate21.ee\/#website"},"primaryImageOfPage":{"@id":"https:\/\/gate21.ee\/shop\/lilly-black-gray-transparent\/#primaryimage"},"image":{"@id":"https:\/\/gate21.ee\/shop\/lilly-black-gray-transparent\/#primaryimage"},"thumbnailUrl":"https:\/\/gate21.ee\/wp-content\/uploads\/2024\/04\/A.KJAERBEDE_LILLY_KL2215_BLACK_GREY-TRANSPARENT_FRONT.jpg","datePublished":"2024-04-09T14:21:00+00:00","dateModified":"2026-02-23T15:29:37+00:00","description":"A. Kj\u00e6rbede sunglasses are inspired by fashion trends of the time, combined with a high degree of timelessness and classical expression.","breadcrumb":{"@id":"https:\/\/gate21.ee\/shop\/lilly-black-gray-transparent\/#breadcrumb"},"inLanguage":"et","potentialAction":[{"@type":"ReadAction","target":["https:\/\/gate21.ee\/shop\/lilly-black-gray-transparent\/"]}]},{"@type":"ImageObject","inLanguage":"et","@id":"https:\/\/gate21.ee\/shop\/lilly-black-gray-transparent\/#primaryimage","url":"https:\/\/gate21.ee\/wp-content\/uploads\/2024\/04\/A.KJAERBEDE_LILLY_KL2215_BLACK_GREY-TRANSPARENT_FRONT.jpg","contentUrl":"https:\/\/gate21.ee\/wp-content\/uploads\/2024\/04\/A.KJAERBEDE_LILLY_KL2215_BLACK_GREY-TRANSPARENT_FRONT.jpg","width":470,"height":492},{"@type":"BreadcrumbList","@id":"https:\/\/gate21.ee\/shop\/lilly-black-gray-transparent\/#breadcrumb","itemListElement":[{"@type":"ListItem","position":1,"name":"Home","item":"https:\/\/gate21.ee\/"},{"@type":"ListItem","position":2,"name":"LILLY &#8211; Black\/Gray transparent"}]},{"@type":"WebSite","@id":"https:\/\/gate21.ee\/#website","url":"https:\/\/gate21.ee\/","name":"Gate21","description":"Disainipood Gate21","publisher":{"@id":"https:\/\/gate21.ee\/#organization"},"alternateName":"alldesign","potentialAction":[{"@type":"SearchAction","target":{"@type":"EntryPoint","urlTemplate":"https:\/\/gate21.ee\/?s={search_term_string}"},"query-input":{"@type":"PropertyValueSpecification","valueRequired":true,"valueName":"search_term_string"}}],"inLanguage":"et"},{"@type":"Organization","@id":"https:\/\/gate21.ee\/#organization","name":"Gate21","alternateName":"Gate21, Oma Asi and Oma Asi Design Store","url":"https:\/\/gate21.ee\/","logo":{"@type":"ImageObject","inLanguage":"et","@id":"https:\/\/gate21.ee\/#\/schema\/logo\/image\/","url":"https:\/\/gate21.ee\/wp-content\/uploads\/2021\/11\/Gate_21_Logo_2_Valge.png","contentUrl":"https:\/\/gate21.ee\/wp-content\/uploads\/2021\/11\/Gate_21_Logo_2_Valge.png","width":2560,"height":2560,"caption":"Gate21"},"image":{"@id":"https:\/\/gate21.ee\/#\/schema\/logo\/image\/"},"sameAs":["https:\/\/www.facebook.com\/gate21.ee\/","https:\/\/www.instagram.com\/gate21.ee\/","https:\/\/www.instagram.com\/omaasidesign\/","https:\/\/www.instagram.com\/omaasi\/","https:\/\/www.facebook.com\/omaasidesign\/","https:\/\/www.facebook.com\/omaasilittleredhouse\/"]}]}},"jetpack_sharing_enabled":true,"brands":[{"id":470,"name":"A. Kj\u00e6rbede","slug":"akjaerbede"}],"_links":{"self":[{"href":"https:\/\/gate21.ee\/et\/wp-json\/wp\/v2\/product\/170003","targetHints":{"allow":["GET"]}}],"collection":[{"href":"https:\/\/gate21.ee\/et\/wp-json\/wp\/v2\/product"}],"about":[{"href":"https:\/\/gate21.ee\/et\/wp-json\/wp\/v2\/types\/product"}],"replies":[{"embeddable":true,"href":"https:\/\/gate21.ee\/et\/wp-json\/wp\/v2\/comments?post=170003"}],"version-history":[{"count":1,"href":"https:\/\/gate21.ee\/et\/wp-json\/wp\/v2\/product\/170003\/revisions"}],"predecessor-version":[{"id":215718,"href":"https:\/\/gate21.ee\/et\/wp-json\/wp\/v2\/product\/170003\/revisions\/215718"}],"wp:featuredmedia":[{"embeddable":true,"href":"https:\/\/gate21.ee\/et\/wp-json\/wp\/v2\/media\/170007"}],"wp:attachment":[{"href":"https:\/\/gate21.ee\/et\/wp-json\/wp\/v2\/media?parent=170003"}],"wp:term":[{"taxonomy":"pwb-brand","embeddable":true,"href":"https:\/\/gate21.ee\/et\/wp-json\/wp\/v2\/pwb-brand?post=170003"},{"taxonomy":"product_brand","embeddable":true,"href":"https:\/\/gate21.ee\/et\/wp-json\/wp\/v2\/product_brand?post=170003"},{"taxonomy":"product_cat","embeddable":true,"href":"https:\/\/gate21.ee\/et\/wp-json\/wp\/v2\/product_cat?post=170003"},{"taxonomy":"product_tag","embeddable":true,"href":"https:\/\/gate21.ee\/et\/wp-json\/wp\/v2\/product_tag?post=170003"}],"curies":[{"name":"wp","href":"https:\/\/api.w.org\/{rel}","templated":true}]}}