{"id":167422,"date":"2024-03-03T10:52:00","date_gmt":"2024-03-03T08:52:00","guid":{"rendered":"https:\/\/gate21.ee\/?post_type=product&#038;p=167422"},"modified":"2025-08-27T15:46:40","modified_gmt":"2025-08-27T12:46:40","slug":"chicago-handle-backpack-navy-red","status":"publish","type":"product","link":"https:\/\/gate21.ee\/et\/shop\/chicago-handle-backpack-navy-red\/","title":{"rendered":"Chicago Handle seljakott - tumesinine\/punane"},"content":{"rendered":"<p>Trendikas veekindel <a href=\"https:\/\/gate21.ee\/et\/tootekategooria\/accessories\/bags\/\">seljakott<\/a> mis n\u00e4eb suurep\u00e4rane v\u00e4lja ja millel on ka palju hoiuruumi!<\/p>\n<p>Suurus: 18L<\/p>\n<p><a href=\"https:\/\/www.new-rebels.com\/en\/backpack\/\"><img decoding=\"async\" class=\"alignnone size-medium wp-image-143613\" src=\"https:\/\/gate21.ee\/wp-content\/uploads\/2023\/06\/cat-festival-300x120.webp\" alt=\"\" width=\"300\" height=\"120\" srcset=\"https:\/\/gate21.ee\/wp-content\/uploads\/2023\/06\/cat-festival-300x120.webp 300w, https:\/\/gate21.ee\/wp-content\/uploads\/2023\/06\/cat-festival-768x307.webp 768w, https:\/\/gate21.ee\/wp-content\/uploads\/2023\/06\/cat-festival-18x7.webp 18w, https:\/\/gate21.ee\/wp-content\/uploads\/2023\/06\/cat-festival-600x240.webp 600w, https:\/\/gate21.ee\/wp-content\/uploads\/2023\/06\/cat-festival.webp 1000w\" sizes=\"(max-width: 300px) 100vw, 300px\" \/><\/a><\/p>\n<p>Belgiast p\u00e4rit br\u00e4nd <a href=\"https:\/\/gate21.ee\/et\/brand\/new_rebels\/\">Uus m\u00e4ssaja<\/a> on kirglik elu, vabaduse ja loomingulisuse pooldaja. Nad naudivad stiilsust kuid ei tunne pidevat vajadust silma paista. Koos moodustavad nad \u00fchtse, iseseisva noore meeskonna.<\/p>","protected":false},"excerpt":{"rendered":"<p>Trendy waterproof backpack that looks great and also has a lot of storage space! Size: 18L The New Rebel is very passionated about life, freedom and creativity being a very important aspect of it. They might not always fit in well, but they are always true to who they are. They enjoy being offbeat but [&hellip;]<\/p>\n","protected":false},"featured_media":167424,"comment_status":"closed","ping_status":"closed","template":"","meta":{"site-sidebar-layout":"default","site-content-layout":"default","ast-site-content-layout":"default","site-content-style":"default","site-sidebar-style":"default","ast-global-header-display":"","ast-banner-title-visibility":"","ast-main-header-display":"","ast-hfb-above-header-display":"","ast-hfb-below-header-display":"","ast-hfb-mobile-header-display":"","site-post-title":"","ast-breadcrumbs-content":"","ast-featured-img":"","footer-sml-layout":"","ast-disable-related-posts":"","theme-transparent-header-meta":"default","adv-header-id-meta":"","stick-header-meta":"default","header-above-stick-meta":"","header-main-stick-meta":"","header-below-stick-meta":"","astra-migrate-meta-layouts":"set","ast-page-background-enabled":"default","ast-page-background-meta":{"desktop":{"background-color":"","background-image":"","background-repeat":"repeat","background-position":"center center","background-size":"auto","background-attachment":"scroll","background-type":"","background-media":"","overlay-type":"","overlay-color":"","overlay-opacity":"","overlay-gradient":""},"tablet":{"background-color":"","background-image":"","background-repeat":"repeat","background-position":"center center","background-size":"auto","background-attachment":"scroll","background-type":"","background-media":"","overlay-type":"","overlay-color":"","overlay-opacity":"","overlay-gradient":""},"mobile":{"background-color":"","background-image":"","background-repeat":"repeat","background-position":"center center","background-size":"auto","background-attachment":"scroll","background-type":"","background-media":"","overlay-type":"","overlay-color":"","overlay-opacity":"","overlay-gradient":""}},"ast-content-background-meta":{"desktop":{"background-color":"var(--ast-global-color-5)","background-image":"","background-repeat":"repeat","background-position":"center center","background-size":"auto","background-attachment":"scroll","background-type":"","background-media":"","overlay-type":"","overlay-color":"","overlay-opacity":"","overlay-gradient":""},"tablet":{"background-color":"var(--ast-global-color-5)","background-image":"","background-repeat":"repeat","background-position":"center center","background-size":"auto","background-attachment":"scroll","background-type":"","background-media":"","overlay-type":"","overlay-color":"","overlay-opacity":"","overlay-gradient":""},"mobile":{"background-color":"var(--ast-global-color-5)","background-image":"","background-repeat":"repeat","background-position":"center center","background-size":"auto","background-attachment":"scroll","background-type":"","background-media":"","overlay-type":"","overlay-color":"","overlay-opacity":"","overlay-gradient":""}}},"pwb-brand":[588],"product_brand":[],"product_cat":[213,260],"product_tag":[],"class_list":{"0":"post-167422","1":"product","2":"type-product","3":"status-publish","4":"has-post-thumbnail","6":"pwb-brand-new_rebels","7":"product_cat-accessories","8":"product_cat-bags","9":"desktop-align-center","10":"tablet-align-center","11":"mobile-align-center","12":"ast-product-gallery-layout-vertical","13":"ast-product-tabs-layout-horizontal","15":"first","16":"instock","17":"taxable","18":"shipping-taxable","19":"purchasable","20":"product-type-simple"},"yoast_head":"<!-- This site is optimized with the Yoast SEO plugin v27.4 - https:\/\/yoast.com\/product\/yoast-seo-wordpress\/ -->\n<title>Chicago Handle Backpack - Navy \/ Red &#8226; Gate21<\/title>\n<meta name=\"robots\" content=\"index, follow, max-snippet:-1, max-image-preview:large, max-video-preview:-1\" \/>\n<link rel=\"canonical\" href=\"https:\/\/gate21.ee\/et\/shop\/chicago-handle-backpack-navy-red\/\" \/>\n<meta property=\"og:locale\" content=\"et_EE\" \/>\n<meta property=\"og:type\" content=\"article\" \/>\n<meta property=\"og:title\" content=\"Chicago Handle Backpack - Navy \/ Red &#8226; Gate21\" \/>\n<meta property=\"og:description\" content=\"Trendy waterproof backpack that looks great and also has a lot of storage space! Size: 18L The New Rebel is very passionated about life, freedom and creativity being a very important aspect of it. They might not always fit in well, but they are always true to who they are. They enjoy being offbeat but [&hellip;]\" \/>\n<meta property=\"og:url\" content=\"https:\/\/gate21.ee\/et\/shop\/chicago-handle-backpack-navy-red\/\" \/>\n<meta property=\"og:site_name\" content=\"Gate21\" \/>\n<meta property=\"article:publisher\" content=\"https:\/\/www.facebook.com\/gate21.ee\/\" \/>\n<meta property=\"article:modified_time\" content=\"2025-08-27T12:46:40+00:00\" \/>\n<meta property=\"og:image\" content=\"https:\/\/gate21.ee\/wp-content\/uploads\/2024\/03\/B7A0FB3EBA9CE9B8C763DFDF8DD56995F086187A.png.jpeg\" \/>\n\t<meta property=\"og:image:width\" content=\"800\" \/>\n\t<meta property=\"og:image:height\" content=\"800\" \/>\n\t<meta property=\"og:image:type\" content=\"image\/jpeg\" \/>\n<meta name=\"twitter:card\" content=\"summary_large_image\" \/>\n<meta name=\"twitter:label1\" content=\"Est. reading time\" \/>\n\t<meta name=\"twitter:data1\" content=\"1 minut\" \/>\n<script type=\"application\/ld+json\" class=\"yoast-schema-graph\">{\"@context\":\"https:\\\/\\\/schema.org\",\"@graph\":[{\"@type\":\"WebPage\",\"@id\":\"https:\\\/\\\/gate21.ee\\\/shop\\\/chicago-handle-backpack-navy-red\\\/\",\"url\":\"https:\\\/\\\/gate21.ee\\\/shop\\\/chicago-handle-backpack-navy-red\\\/\",\"name\":\"Chicago Handle Backpack - Navy \\\/ Red &#8226; Gate21\",\"isPartOf\":{\"@id\":\"https:\\\/\\\/gate21.ee\\\/#website\"},\"primaryImageOfPage\":{\"@id\":\"https:\\\/\\\/gate21.ee\\\/shop\\\/chicago-handle-backpack-navy-red\\\/#primaryimage\"},\"image\":{\"@id\":\"https:\\\/\\\/gate21.ee\\\/shop\\\/chicago-handle-backpack-navy-red\\\/#primaryimage\"},\"thumbnailUrl\":\"https:\\\/\\\/gate21.ee\\\/wp-content\\\/uploads\\\/2024\\\/03\\\/B7A0FB3EBA9CE9B8C763DFDF8DD56995F086187A.png.jpeg\",\"datePublished\":\"2024-03-03T08:52:00+00:00\",\"dateModified\":\"2025-08-27T12:46:40+00:00\",\"breadcrumb\":{\"@id\":\"https:\\\/\\\/gate21.ee\\\/shop\\\/chicago-handle-backpack-navy-red\\\/#breadcrumb\"},\"inLanguage\":\"et\",\"potentialAction\":[{\"@type\":\"ReadAction\",\"target\":[\"https:\\\/\\\/gate21.ee\\\/shop\\\/chicago-handle-backpack-navy-red\\\/\"]}]},{\"@type\":\"ImageObject\",\"inLanguage\":\"et\",\"@id\":\"https:\\\/\\\/gate21.ee\\\/shop\\\/chicago-handle-backpack-navy-red\\\/#primaryimage\",\"url\":\"https:\\\/\\\/gate21.ee\\\/wp-content\\\/uploads\\\/2024\\\/03\\\/B7A0FB3EBA9CE9B8C763DFDF8DD56995F086187A.png.jpeg\",\"contentUrl\":\"https:\\\/\\\/gate21.ee\\\/wp-content\\\/uploads\\\/2024\\\/03\\\/B7A0FB3EBA9CE9B8C763DFDF8DD56995F086187A.png.jpeg\",\"width\":800,\"height\":800,\"caption\":\"The Chicago Handle Rucksack in navy features bold red zips, straps, and handle. With Estonian design, it offers a front zipped pocket and roomy main compartment\u2014functional style for unique gift shop ideas. Gate21.ee\"},{\"@type\":\"BreadcrumbList\",\"@id\":\"https:\\\/\\\/gate21.ee\\\/shop\\\/chicago-handle-backpack-navy-red\\\/#breadcrumb\",\"itemListElement\":[{\"@type\":\"ListItem\",\"position\":1,\"name\":\"Home\",\"item\":\"https:\\\/\\\/gate21.ee\\\/\"},{\"@type\":\"ListItem\",\"position\":2,\"name\":\"Chicago Handle Backpack &#8211; Navy \\\/ Red\"}]},{\"@type\":\"WebSite\",\"@id\":\"https:\\\/\\\/gate21.ee\\\/#website\",\"url\":\"https:\\\/\\\/gate21.ee\\\/\",\"name\":\"Gate21\",\"description\":\"Gift concept store Gate21\",\"publisher\":{\"@id\":\"https:\\\/\\\/gate21.ee\\\/#organization\"},\"alternateName\":\"gate21\",\"potentialAction\":[{\"@type\":\"SearchAction\",\"target\":{\"@type\":\"EntryPoint\",\"urlTemplate\":\"https:\\\/\\\/gate21.ee\\\/?s={search_term_string}\"},\"query-input\":{\"@type\":\"PropertyValueSpecification\",\"valueRequired\":true,\"valueName\":\"search_term_string\"}}],\"inLanguage\":\"et\"},{\"@type\":\"Organization\",\"@id\":\"https:\\\/\\\/gate21.ee\\\/#organization\",\"name\":\"Gate21\",\"alternateName\":\"Gate21, Oma Asi and Oma Asi Design Store\",\"url\":\"https:\\\/\\\/gate21.ee\\\/\",\"logo\":{\"@type\":\"ImageObject\",\"inLanguage\":\"et\",\"@id\":\"https:\\\/\\\/gate21.ee\\\/#\\\/schema\\\/logo\\\/image\\\/\",\"url\":\"https:\\\/\\\/gate21.ee\\\/wp-content\\\/uploads\\\/2021\\\/11\\\/Gate_21_Logo_2_Valge.png\",\"contentUrl\":\"https:\\\/\\\/gate21.ee\\\/wp-content\\\/uploads\\\/2021\\\/11\\\/Gate_21_Logo_2_Valge.png\",\"width\":2560,\"height\":2560,\"caption\":\"Gate21\"},\"image\":{\"@id\":\"https:\\\/\\\/gate21.ee\\\/#\\\/schema\\\/logo\\\/image\\\/\"},\"sameAs\":[\"https:\\\/\\\/www.facebook.com\\\/gate21.ee\\\/\",\"https:\\\/\\\/www.instagram.com\\\/gate21.ee\\\/\",\"https:\\\/\\\/www.instagram.com\\\/omaasidesign\\\/\",\"https:\\\/\\\/www.instagram.com\\\/omaasi\\\/\",\"https:\\\/\\\/www.facebook.com\\\/omaasidesign\\\/\",\"https:\\\/\\\/www.facebook.com\\\/omaasilittleredhouse\\\/\",\"https:\\\/\\\/www.tiktok.com\\\/@gate21.ee\"]}]}<\/script>\n<!-- \/ Yoast SEO plugin. -->","yoast_head_json":{"title":"Chicago Handle Backpack - Navy \/ Red &#8226; Gate21","robots":{"index":"index","follow":"follow","max-snippet":"max-snippet:-1","max-image-preview":"max-image-preview:large","max-video-preview":"max-video-preview:-1"},"canonical":"https:\/\/gate21.ee\/et\/shop\/chicago-handle-backpack-navy-red\/","og_locale":"et_EE","og_type":"article","og_title":"Chicago Handle Backpack - Navy \/ Red &#8226; Gate21","og_description":"Trendy waterproof backpack that looks great and also has a lot of storage space! Size: 18L The New Rebel is very passionated about life, freedom and creativity being a very important aspect of it. They might not always fit in well, but they are always true to who they are. They enjoy being offbeat but [&hellip;]","og_url":"https:\/\/gate21.ee\/et\/shop\/chicago-handle-backpack-navy-red\/","og_site_name":"Gate21","article_publisher":"https:\/\/www.facebook.com\/gate21.ee\/","article_modified_time":"2025-08-27T12:46:40+00:00","og_image":[{"width":800,"height":800,"url":"https:\/\/gate21.ee\/wp-content\/uploads\/2024\/03\/B7A0FB3EBA9CE9B8C763DFDF8DD56995F086187A.png.jpeg","type":"image\/jpeg"}],"twitter_card":"summary_large_image","twitter_misc":{"Est. reading time":"1 minut"},"schema":{"@context":"https:\/\/schema.org","@graph":[{"@type":"WebPage","@id":"https:\/\/gate21.ee\/shop\/chicago-handle-backpack-navy-red\/","url":"https:\/\/gate21.ee\/shop\/chicago-handle-backpack-navy-red\/","name":"Chicago Handle Backpack - Navy \/ Red &#8226; Gate21","isPartOf":{"@id":"https:\/\/gate21.ee\/#website"},"primaryImageOfPage":{"@id":"https:\/\/gate21.ee\/shop\/chicago-handle-backpack-navy-red\/#primaryimage"},"image":{"@id":"https:\/\/gate21.ee\/shop\/chicago-handle-backpack-navy-red\/#primaryimage"},"thumbnailUrl":"https:\/\/gate21.ee\/wp-content\/uploads\/2024\/03\/B7A0FB3EBA9CE9B8C763DFDF8DD56995F086187A.png.jpeg","datePublished":"2024-03-03T08:52:00+00:00","dateModified":"2025-08-27T12:46:40+00:00","breadcrumb":{"@id":"https:\/\/gate21.ee\/shop\/chicago-handle-backpack-navy-red\/#breadcrumb"},"inLanguage":"et","potentialAction":[{"@type":"ReadAction","target":["https:\/\/gate21.ee\/shop\/chicago-handle-backpack-navy-red\/"]}]},{"@type":"ImageObject","inLanguage":"et","@id":"https:\/\/gate21.ee\/shop\/chicago-handle-backpack-navy-red\/#primaryimage","url":"https:\/\/gate21.ee\/wp-content\/uploads\/2024\/03\/B7A0FB3EBA9CE9B8C763DFDF8DD56995F086187A.png.jpeg","contentUrl":"https:\/\/gate21.ee\/wp-content\/uploads\/2024\/03\/B7A0FB3EBA9CE9B8C763DFDF8DD56995F086187A.png.jpeg","width":800,"height":800,"caption":"The Chicago Handle Rucksack in navy features bold red zips, straps, and handle. With Estonian design, it offers a front zipped pocket and roomy main compartment\u2014functional style for unique gift shop ideas. Gate21.ee"},{"@type":"BreadcrumbList","@id":"https:\/\/gate21.ee\/shop\/chicago-handle-backpack-navy-red\/#breadcrumb","itemListElement":[{"@type":"ListItem","position":1,"name":"Home","item":"https:\/\/gate21.ee\/"},{"@type":"ListItem","position":2,"name":"Chicago Handle Backpack &#8211; Navy \/ Red"}]},{"@type":"WebSite","@id":"https:\/\/gate21.ee\/#website","url":"https:\/\/gate21.ee\/","name":"Gate21","description":"Kingituskontseptsioonipood Gate21","publisher":{"@id":"https:\/\/gate21.ee\/#organization"},"alternateName":"gate21","potentialAction":[{"@type":"SearchAction","target":{"@type":"EntryPoint","urlTemplate":"https:\/\/gate21.ee\/?s={search_term_string}"},"query-input":{"@type":"PropertyValueSpecification","valueRequired":true,"valueName":"search_term_string"}}],"inLanguage":"et"},{"@type":"Organization","@id":"https:\/\/gate21.ee\/#organization","name":"Gate21","alternateName":"Gate21, Oma Asi and Oma Asi Design Store","url":"https:\/\/gate21.ee\/","logo":{"@type":"ImageObject","inLanguage":"et","@id":"https:\/\/gate21.ee\/#\/schema\/logo\/image\/","url":"https:\/\/gate21.ee\/wp-content\/uploads\/2021\/11\/Gate_21_Logo_2_Valge.png","contentUrl":"https:\/\/gate21.ee\/wp-content\/uploads\/2021\/11\/Gate_21_Logo_2_Valge.png","width":2560,"height":2560,"caption":"Gate21"},"image":{"@id":"https:\/\/gate21.ee\/#\/schema\/logo\/image\/"},"sameAs":["https:\/\/www.facebook.com\/gate21.ee\/","https:\/\/www.instagram.com\/gate21.ee\/","https:\/\/www.instagram.com\/omaasidesign\/","https:\/\/www.instagram.com\/omaasi\/","https:\/\/www.facebook.com\/omaasidesign\/","https:\/\/www.facebook.com\/omaasilittleredhouse\/","https:\/\/www.tiktok.com\/@gate21.ee"]}]}},"jetpack_sharing_enabled":true,"brands":[{"id":588,"name":"New Rebels","slug":"new_rebels"}],"_links":{"self":[{"href":"https:\/\/gate21.ee\/et\/wp-json\/wp\/v2\/product\/167422","targetHints":{"allow":["GET"]}}],"collection":[{"href":"https:\/\/gate21.ee\/et\/wp-json\/wp\/v2\/product"}],"about":[{"href":"https:\/\/gate21.ee\/et\/wp-json\/wp\/v2\/types\/product"}],"replies":[{"embeddable":true,"href":"https:\/\/gate21.ee\/et\/wp-json\/wp\/v2\/comments?post=167422"}],"version-history":[{"count":1,"href":"https:\/\/gate21.ee\/et\/wp-json\/wp\/v2\/product\/167422\/revisions"}],"predecessor-version":[{"id":212971,"href":"https:\/\/gate21.ee\/et\/wp-json\/wp\/v2\/product\/167422\/revisions\/212971"}],"wp:featuredmedia":[{"embeddable":true,"href":"https:\/\/gate21.ee\/et\/wp-json\/wp\/v2\/media\/167424"}],"wp:attachment":[{"href":"https:\/\/gate21.ee\/et\/wp-json\/wp\/v2\/media?parent=167422"}],"wp:term":[{"taxonomy":"pwb-brand","embeddable":true,"href":"https:\/\/gate21.ee\/et\/wp-json\/wp\/v2\/pwb-brand?post=167422"},{"taxonomy":"product_brand","embeddable":true,"href":"https:\/\/gate21.ee\/et\/wp-json\/wp\/v2\/product_brand?post=167422"},{"taxonomy":"product_cat","embeddable":true,"href":"https:\/\/gate21.ee\/et\/wp-json\/wp\/v2\/product_cat?post=167422"},{"taxonomy":"product_tag","embeddable":true,"href":"https:\/\/gate21.ee\/et\/wp-json\/wp\/v2\/product_tag?post=167422"}],"curies":[{"name":"wp","href":"https:\/\/api.w.org\/{rel}","templated":true}]}}