{"id":165761,"date":"2024-01-28T15:03:00","date_gmt":"2024-01-28T13:03:00","guid":{"rendered":"https:\/\/gate21.ee\/?post_type=product&#038;p=165761"},"modified":"2026-04-01T12:41:48","modified_gmt":"2026-04-01T09:41:48","slug":"a-kjaerbede-sunglasses-case-fold","status":"publish","type":"product","link":"https:\/\/gate21.ee\/et\/shop\/a-kjaerbede-sunglasses-case-fold\/","title":{"rendered":"A. Kjaerbede - P\u00e4ikeseprillide korpus Fold"},"content":{"rendered":"<p><a href=\"https:\/\/gate21.ee\/et\/brand\/akjaerbede\/\">A. Kj\u00e6rbede<\/a> l\u00f5i 2016. aastal Adam Geertsen sooviga \u00fchendada hea kvaliteet, l\u00e4bim\u00f5eldud disain ja ostus\u00f5bralik hind.<\/p>\n<p>Adam Geertsen on moe\u00e4ris tegutsenud juba \u00fcle 20 aasta ja on alati igatsenud taskukohaseid luksuslikke kaubam\u00e4rke. Adam andis kaubam\u00e4rgile nimeks A. Kj\u00e6rbede, kuna Kj\u00e6rbede t\u00e4hendab Bornholmskis \"mehe otsust\" ning see viitab protsessile, mille ta l\u00e4bis ettev\u00f5tet alustades.<\/p>\n<p>Nimetus viitab lisaks ka Bornholmile ja Taanile. \u00c6 Kj\u00e6rbede r\u00f5hutab kaubam\u00e4rgi p\u00f5hjamaist p\u00e4ritolu, kust disainid p\u00f5hiliselt inspiratsiooni leiavad.<\/p>\n<p>A. Kj\u00e6rbede annab iga aasta v\u00e4lja p\u00e4ikeseprillide kollektsiooni, mis on inspireeritud konkreetse hooaja moetrendidest, kuid mis on alati kombineeritud ajatu ja klassikalise v\u00e4ljendusega.<\/p>\n<p>&nbsp;<\/p>","protected":false},"excerpt":{"rendered":"<p>A. Kj\u00e6rbede was created in 2016 by Adam Geertsen, with a desire to unite good quality and thoughtful design \u2013 at a price that most people can afford. The underlying basis of the brand is that price and quality do not necessarily correlate. Adam Geertsen has\u00a0been in the fashion business for more than 20 years [&hellip;]<\/p>\n","protected":false},"featured_media":165762,"comment_status":"closed","ping_status":"closed","template":"","meta":{"site-sidebar-layout":"default","site-content-layout":"default","ast-site-content-layout":"default","site-content-style":"default","site-sidebar-style":"default","ast-global-header-display":"","ast-banner-title-visibility":"","ast-main-header-display":"","ast-hfb-above-header-display":"","ast-hfb-below-header-display":"","ast-hfb-mobile-header-display":"","site-post-title":"","ast-breadcrumbs-content":"","ast-featured-img":"","footer-sml-layout":"","ast-disable-related-posts":"","theme-transparent-header-meta":"default","adv-header-id-meta":"","stick-header-meta":"default","header-above-stick-meta":"","header-main-stick-meta":"","header-below-stick-meta":"","astra-migrate-meta-layouts":"set","ast-page-background-enabled":"default","ast-page-background-meta":{"desktop":{"background-color":"","background-image":"","background-repeat":"repeat","background-position":"center center","background-size":"auto","background-attachment":"scroll","background-type":"","background-media":"","overlay-type":"","overlay-color":"","overlay-opacity":"","overlay-gradient":""},"tablet":{"background-color":"","background-image":"","background-repeat":"repeat","background-position":"center center","background-size":"auto","background-attachment":"scroll","background-type":"","background-media":"","overlay-type":"","overlay-color":"","overlay-opacity":"","overlay-gradient":""},"mobile":{"background-color":"","background-image":"","background-repeat":"repeat","background-position":"center center","background-size":"auto","background-attachment":"scroll","background-type":"","background-media":"","overlay-type":"","overlay-color":"","overlay-opacity":"","overlay-gradient":""}},"ast-content-background-meta":{"desktop":{"background-color":"var(--ast-global-color-5)","background-image":"","background-repeat":"repeat","background-position":"center center","background-size":"auto","background-attachment":"scroll","background-type":"","background-media":"","overlay-type":"","overlay-color":"","overlay-opacity":"","overlay-gradient":""},"tablet":{"background-color":"var(--ast-global-color-5)","background-image":"","background-repeat":"repeat","background-position":"center center","background-size":"auto","background-attachment":"scroll","background-type":"","background-media":"","overlay-type":"","overlay-color":"","overlay-opacity":"","overlay-gradient":""},"mobile":{"background-color":"var(--ast-global-color-5)","background-image":"","background-repeat":"repeat","background-position":"center center","background-size":"auto","background-attachment":"scroll","background-type":"","background-media":"","overlay-type":"","overlay-color":"","overlay-opacity":"","overlay-gradient":""}}},"pwb-brand":[470],"product_brand":[],"product_cat":[208],"product_tag":[],"class_list":{"0":"post-165761","1":"product","2":"type-product","3":"status-publish","4":"has-post-thumbnail","6":"pwb-brand-akjaerbede","7":"product_cat-sunglasses","8":"desktop-align-center","9":"tablet-align-center","10":"mobile-align-center","11":"ast-product-gallery-layout-vertical","12":"ast-product-tabs-layout-horizontal","14":"first","15":"instock","16":"taxable","17":"shipping-taxable","18":"purchasable","19":"product-type-simple"},"yoast_head":"<!-- This site is optimized with the Yoast SEO plugin v27.4 - https:\/\/yoast.com\/product\/yoast-seo-wordpress\/ -->\n<title>A. Kjaerbede - Sunglasses Case Fold &#8226; Gate21<\/title>\n<meta name=\"description\" content=\"A. Kj\u00e6rbede sunglasses are inspired by fashion trends of the time, combined with a high degree of timelessness and classical expression.\" \/>\n<meta name=\"robots\" content=\"index, follow, max-snippet:-1, max-image-preview:large, max-video-preview:-1\" \/>\n<link rel=\"canonical\" href=\"https:\/\/gate21.ee\/et\/shop\/a-kjaerbede-sunglasses-case-fold\/\" \/>\n<meta property=\"og:locale\" content=\"et_EE\" \/>\n<meta property=\"og:type\" content=\"article\" \/>\n<meta property=\"og:title\" content=\"A. Kjaerbede - Sunglasses Case Fold &#8226; Gate21\" \/>\n<meta property=\"og:description\" content=\"A. Kj\u00e6rbede sunglasses are inspired by fashion trends of the time, combined with a high degree of timelessness and classical expression.\" \/>\n<meta property=\"og:url\" content=\"https:\/\/gate21.ee\/et\/shop\/a-kjaerbede-sunglasses-case-fold\/\" \/>\n<meta property=\"og:site_name\" content=\"Gate21\" \/>\n<meta property=\"article:publisher\" content=\"https:\/\/www.facebook.com\/gate21.ee\/\" \/>\n<meta property=\"article:modified_time\" content=\"2026-04-01T09:41:48+00:00\" \/>\n<meta property=\"og:image\" content=\"https:\/\/gate21.ee\/wp-content\/uploads\/2024\/01\/fb4657_bfa7d58514d245139fc109f2ce560c2b_mv2_640x768_crop_center.webp\" \/>\n\t<meta property=\"og:image:width\" content=\"640\" \/>\n\t<meta property=\"og:image:height\" content=\"768\" \/>\n\t<meta property=\"og:image:type\" content=\"image\/webp\" \/>\n<meta name=\"twitter:card\" content=\"summary_large_image\" \/>\n<meta name=\"twitter:label1\" content=\"Est. reading time\" \/>\n\t<meta name=\"twitter:data1\" content=\"1 minut\" \/>\n<script type=\"application\/ld+json\" class=\"yoast-schema-graph\">{\"@context\":\"https:\\\/\\\/schema.org\",\"@graph\":[{\"@type\":\"WebPage\",\"@id\":\"https:\\\/\\\/gate21.ee\\\/shop\\\/a-kjaerbede-sunglasses-case-fold\\\/\",\"url\":\"https:\\\/\\\/gate21.ee\\\/shop\\\/a-kjaerbede-sunglasses-case-fold\\\/\",\"name\":\"A. Kjaerbede - Sunglasses Case Fold &#8226; Gate21\",\"isPartOf\":{\"@id\":\"https:\\\/\\\/gate21.ee\\\/#website\"},\"primaryImageOfPage\":{\"@id\":\"https:\\\/\\\/gate21.ee\\\/shop\\\/a-kjaerbede-sunglasses-case-fold\\\/#primaryimage\"},\"image\":{\"@id\":\"https:\\\/\\\/gate21.ee\\\/shop\\\/a-kjaerbede-sunglasses-case-fold\\\/#primaryimage\"},\"thumbnailUrl\":\"https:\\\/\\\/gate21.ee\\\/wp-content\\\/uploads\\\/2024\\\/01\\\/fb4657_bfa7d58514d245139fc109f2ce560c2b_mv2_640x768_crop_center.webp\",\"datePublished\":\"2024-01-28T13:03:00+00:00\",\"dateModified\":\"2026-04-01T09:41:48+00:00\",\"description\":\"A. Kj\u00e6rbede sunglasses are inspired by fashion trends of the time, combined with a high degree of timelessness and classical expression.\",\"breadcrumb\":{\"@id\":\"https:\\\/\\\/gate21.ee\\\/shop\\\/a-kjaerbede-sunglasses-case-fold\\\/#breadcrumb\"},\"inLanguage\":\"et\",\"potentialAction\":[{\"@type\":\"ReadAction\",\"target\":[\"https:\\\/\\\/gate21.ee\\\/shop\\\/a-kjaerbede-sunglasses-case-fold\\\/\"]}]},{\"@type\":\"ImageObject\",\"inLanguage\":\"et\",\"@id\":\"https:\\\/\\\/gate21.ee\\\/shop\\\/a-kjaerbede-sunglasses-case-fold\\\/#primaryimage\",\"url\":\"https:\\\/\\\/gate21.ee\\\/wp-content\\\/uploads\\\/2024\\\/01\\\/fb4657_bfa7d58514d245139fc109f2ce560c2b_mv2_640x768_crop_center.webp\",\"contentUrl\":\"https:\\\/\\\/gate21.ee\\\/wp-content\\\/uploads\\\/2024\\\/01\\\/fb4657_bfa7d58514d245139fc109f2ce560c2b_mv2_640x768_crop_center.webp\",\"width\":640,\"height\":768,\"caption\":\"A. Kjaerbede - Sunglasses Case Fold: A rectangular, light grey suede case with a fold-over flap, featuring Estonian design, shown against a plain white background. Gate21.ee\"},{\"@type\":\"BreadcrumbList\",\"@id\":\"https:\\\/\\\/gate21.ee\\\/shop\\\/a-kjaerbede-sunglasses-case-fold\\\/#breadcrumb\",\"itemListElement\":[{\"@type\":\"ListItem\",\"position\":1,\"name\":\"Home\",\"item\":\"https:\\\/\\\/gate21.ee\\\/\"},{\"@type\":\"ListItem\",\"position\":2,\"name\":\"A. Kjaerbede &#8211; Sunglasses Case Fold\"}]},{\"@type\":\"WebSite\",\"@id\":\"https:\\\/\\\/gate21.ee\\\/#website\",\"url\":\"https:\\\/\\\/gate21.ee\\\/\",\"name\":\"Gate21\",\"description\":\"Gift concept store Gate21\",\"publisher\":{\"@id\":\"https:\\\/\\\/gate21.ee\\\/#organization\"},\"alternateName\":\"gate21\",\"potentialAction\":[{\"@type\":\"SearchAction\",\"target\":{\"@type\":\"EntryPoint\",\"urlTemplate\":\"https:\\\/\\\/gate21.ee\\\/?s={search_term_string}\"},\"query-input\":{\"@type\":\"PropertyValueSpecification\",\"valueRequired\":true,\"valueName\":\"search_term_string\"}}],\"inLanguage\":\"et\"},{\"@type\":\"Organization\",\"@id\":\"https:\\\/\\\/gate21.ee\\\/#organization\",\"name\":\"Gate21\",\"alternateName\":\"Gate21, Oma Asi and Oma Asi Design Store\",\"url\":\"https:\\\/\\\/gate21.ee\\\/\",\"logo\":{\"@type\":\"ImageObject\",\"inLanguage\":\"et\",\"@id\":\"https:\\\/\\\/gate21.ee\\\/#\\\/schema\\\/logo\\\/image\\\/\",\"url\":\"https:\\\/\\\/gate21.ee\\\/wp-content\\\/uploads\\\/2021\\\/11\\\/Gate_21_Logo_2_Valge.png\",\"contentUrl\":\"https:\\\/\\\/gate21.ee\\\/wp-content\\\/uploads\\\/2021\\\/11\\\/Gate_21_Logo_2_Valge.png\",\"width\":2560,\"height\":2560,\"caption\":\"Gate21\"},\"image\":{\"@id\":\"https:\\\/\\\/gate21.ee\\\/#\\\/schema\\\/logo\\\/image\\\/\"},\"sameAs\":[\"https:\\\/\\\/www.facebook.com\\\/gate21.ee\\\/\",\"https:\\\/\\\/www.instagram.com\\\/gate21.ee\\\/\",\"https:\\\/\\\/www.instagram.com\\\/omaasidesign\\\/\",\"https:\\\/\\\/www.instagram.com\\\/omaasi\\\/\",\"https:\\\/\\\/www.facebook.com\\\/omaasidesign\\\/\",\"https:\\\/\\\/www.facebook.com\\\/omaasilittleredhouse\\\/\",\"https:\\\/\\\/www.tiktok.com\\\/@gate21.ee\"]}]}<\/script>\n<!-- \/ Yoast SEO plugin. -->","yoast_head_json":{"title":"A. Kjaerbede - Sunglasses Case Fold &#8226; Gate21","description":"A. Kj\u00e6rbede sunglasses are inspired by fashion trends of the time, combined with a high degree of timelessness and classical expression.","robots":{"index":"index","follow":"follow","max-snippet":"max-snippet:-1","max-image-preview":"max-image-preview:large","max-video-preview":"max-video-preview:-1"},"canonical":"https:\/\/gate21.ee\/et\/shop\/a-kjaerbede-sunglasses-case-fold\/","og_locale":"et_EE","og_type":"article","og_title":"A. Kjaerbede - Sunglasses Case Fold &#8226; Gate21","og_description":"A. Kj\u00e6rbede sunglasses are inspired by fashion trends of the time, combined with a high degree of timelessness and classical expression.","og_url":"https:\/\/gate21.ee\/et\/shop\/a-kjaerbede-sunglasses-case-fold\/","og_site_name":"Gate21","article_publisher":"https:\/\/www.facebook.com\/gate21.ee\/","article_modified_time":"2026-04-01T09:41:48+00:00","og_image":[{"width":640,"height":768,"url":"https:\/\/gate21.ee\/wp-content\/uploads\/2024\/01\/fb4657_bfa7d58514d245139fc109f2ce560c2b_mv2_640x768_crop_center.webp","type":"image\/webp"}],"twitter_card":"summary_large_image","twitter_misc":{"Est. reading time":"1 minut"},"schema":{"@context":"https:\/\/schema.org","@graph":[{"@type":"WebPage","@id":"https:\/\/gate21.ee\/shop\/a-kjaerbede-sunglasses-case-fold\/","url":"https:\/\/gate21.ee\/shop\/a-kjaerbede-sunglasses-case-fold\/","name":"A. Kjaerbede - Sunglasses Case Fold &#8226; Gate21","isPartOf":{"@id":"https:\/\/gate21.ee\/#website"},"primaryImageOfPage":{"@id":"https:\/\/gate21.ee\/shop\/a-kjaerbede-sunglasses-case-fold\/#primaryimage"},"image":{"@id":"https:\/\/gate21.ee\/shop\/a-kjaerbede-sunglasses-case-fold\/#primaryimage"},"thumbnailUrl":"https:\/\/gate21.ee\/wp-content\/uploads\/2024\/01\/fb4657_bfa7d58514d245139fc109f2ce560c2b_mv2_640x768_crop_center.webp","datePublished":"2024-01-28T13:03:00+00:00","dateModified":"2026-04-01T09:41:48+00:00","description":"A. Kj\u00e6rbede sunglasses are inspired by fashion trends of the time, combined with a high degree of timelessness and classical expression.","breadcrumb":{"@id":"https:\/\/gate21.ee\/shop\/a-kjaerbede-sunglasses-case-fold\/#breadcrumb"},"inLanguage":"et","potentialAction":[{"@type":"ReadAction","target":["https:\/\/gate21.ee\/shop\/a-kjaerbede-sunglasses-case-fold\/"]}]},{"@type":"ImageObject","inLanguage":"et","@id":"https:\/\/gate21.ee\/shop\/a-kjaerbede-sunglasses-case-fold\/#primaryimage","url":"https:\/\/gate21.ee\/wp-content\/uploads\/2024\/01\/fb4657_bfa7d58514d245139fc109f2ce560c2b_mv2_640x768_crop_center.webp","contentUrl":"https:\/\/gate21.ee\/wp-content\/uploads\/2024\/01\/fb4657_bfa7d58514d245139fc109f2ce560c2b_mv2_640x768_crop_center.webp","width":640,"height":768,"caption":"A. Kjaerbede - Sunglasses Case Fold: A rectangular, light grey suede case with a fold-over flap, featuring Estonian design, shown against a plain white background. Gate21.ee"},{"@type":"BreadcrumbList","@id":"https:\/\/gate21.ee\/shop\/a-kjaerbede-sunglasses-case-fold\/#breadcrumb","itemListElement":[{"@type":"ListItem","position":1,"name":"Home","item":"https:\/\/gate21.ee\/"},{"@type":"ListItem","position":2,"name":"A. Kjaerbede &#8211; Sunglasses Case Fold"}]},{"@type":"WebSite","@id":"https:\/\/gate21.ee\/#website","url":"https:\/\/gate21.ee\/","name":"Gate21","description":"Gift concept store Gate21","publisher":{"@id":"https:\/\/gate21.ee\/#organization"},"alternateName":"gate21","potentialAction":[{"@type":"SearchAction","target":{"@type":"EntryPoint","urlTemplate":"https:\/\/gate21.ee\/?s={search_term_string}"},"query-input":{"@type":"PropertyValueSpecification","valueRequired":true,"valueName":"search_term_string"}}],"inLanguage":"et"},{"@type":"Organization","@id":"https:\/\/gate21.ee\/#organization","name":"Gate21","alternateName":"Gate21, Oma Asi and Oma Asi Design Store","url":"https:\/\/gate21.ee\/","logo":{"@type":"ImageObject","inLanguage":"et","@id":"https:\/\/gate21.ee\/#\/schema\/logo\/image\/","url":"https:\/\/gate21.ee\/wp-content\/uploads\/2021\/11\/Gate_21_Logo_2_Valge.png","contentUrl":"https:\/\/gate21.ee\/wp-content\/uploads\/2021\/11\/Gate_21_Logo_2_Valge.png","width":2560,"height":2560,"caption":"Gate21"},"image":{"@id":"https:\/\/gate21.ee\/#\/schema\/logo\/image\/"},"sameAs":["https:\/\/www.facebook.com\/gate21.ee\/","https:\/\/www.instagram.com\/gate21.ee\/","https:\/\/www.instagram.com\/omaasidesign\/","https:\/\/www.instagram.com\/omaasi\/","https:\/\/www.facebook.com\/omaasidesign\/","https:\/\/www.facebook.com\/omaasilittleredhouse\/","https:\/\/www.tiktok.com\/@gate21.ee"]}]}},"jetpack_sharing_enabled":true,"brands":[{"id":470,"name":"A. Kj\u00e6rbede","slug":"akjaerbede"}],"_links":{"self":[{"href":"https:\/\/gate21.ee\/et\/wp-json\/wp\/v2\/product\/165761","targetHints":{"allow":["GET"]}}],"collection":[{"href":"https:\/\/gate21.ee\/et\/wp-json\/wp\/v2\/product"}],"about":[{"href":"https:\/\/gate21.ee\/et\/wp-json\/wp\/v2\/types\/product"}],"replies":[{"embeddable":true,"href":"https:\/\/gate21.ee\/et\/wp-json\/wp\/v2\/comments?post=165761"}],"version-history":[{"count":1,"href":"https:\/\/gate21.ee\/et\/wp-json\/wp\/v2\/product\/165761\/revisions"}],"predecessor-version":[{"id":208505,"href":"https:\/\/gate21.ee\/et\/wp-json\/wp\/v2\/product\/165761\/revisions\/208505"}],"wp:featuredmedia":[{"embeddable":true,"href":"https:\/\/gate21.ee\/et\/wp-json\/wp\/v2\/media\/165762"}],"wp:attachment":[{"href":"https:\/\/gate21.ee\/et\/wp-json\/wp\/v2\/media?parent=165761"}],"wp:term":[{"taxonomy":"pwb-brand","embeddable":true,"href":"https:\/\/gate21.ee\/et\/wp-json\/wp\/v2\/pwb-brand?post=165761"},{"taxonomy":"product_brand","embeddable":true,"href":"https:\/\/gate21.ee\/et\/wp-json\/wp\/v2\/product_brand?post=165761"},{"taxonomy":"product_cat","embeddable":true,"href":"https:\/\/gate21.ee\/et\/wp-json\/wp\/v2\/product_cat?post=165761"},{"taxonomy":"product_tag","embeddable":true,"href":"https:\/\/gate21.ee\/et\/wp-json\/wp\/v2\/product_tag?post=165761"}],"curies":[{"name":"wp","href":"https:\/\/api.w.org\/{rel}","templated":true}]}}