{"id":160778,"date":"2023-11-27T12:21:00","date_gmt":"2023-11-27T10:21:00","guid":{"rendered":"https:\/\/gate21.ee\/?post_type=product&#038;p=160778"},"modified":"2026-04-25T17:13:02","modified_gmt":"2026-04-25T14:13:02","slug":"reflective-tag-pink-fade","status":"publish","type":"product","link":"https:\/\/gate21.ee\/et\/shop\/reflective-tag-pink-fade\/","title":{"rendered":"Peegeldav silt 2 tk - tuhmuv roosa"},"content":{"rendered":"<div class=\"page\" title=\"8. lk\">\n<div class=\"layoutArea\">\n<div class=\"column\">\n<div class=\"layoutArea\">\n<div class=\"column\">\n<p><b><span lang=\"EN-US\">M\u00e4rgi \u00e4ra asjad, millest ei soovi ilma j\u00e4\u00e4da: v\u00f5tmed, kotid, riided, kass, koer!<\/span><\/b><\/p>\n<p>Komplektis 2 helkivat rippuvat silti.<\/p>\n<\/div>\n<\/div>\n<div class=\"layoutArea\">\n<div class=\"column\">\n<p>Funktsioonid:<strong><br \/>\n<\/strong>Saab peale kirjutada pastaka, markeri v\u00f5i pliiatsiga<br \/>\nVeekindel<br \/>\nHelkuriga<\/p>\n<p>Materjalid:<br \/>\nSertifitseeritud helkurkangas<br \/>\nKirjutatav s\u00fcnteetiline paber<\/p>\n<p>Suurus: 2,5 x 6 cm<\/p>\n<div class=\"layoutArea\">\n<div class=\"column\"><img fetchpriority=\"high\" decoding=\"async\" class=\"alignnone size-medium wp-image-59908 ls-is-cached lazyloaded\" src=\"https:\/\/gate21.ee\/wp-content\/uploads\/2020\/11\/MARCH_reflective_badge_mall_photo-by-electromgnetico-300x251.jpg\" alt=\"\" width=\"300\" height=\"251\" data-srcset=\"https:\/\/gate21.ee\/wp-content\/uploads\/2020\/11\/MARCH_reflective_badge_mall_photo-by-electromgnetico-300x251.jpg 300w, https:\/\/gate21.ee\/wp-content\/uploads\/2020\/11\/MARCH_reflective_badge_mall_photo-by-electromgnetico-1024x858.jpg 1024w, https:\/\/gate21.ee\/wp-content\/uploads\/2020\/11\/MARCH_reflective_badge_mall_photo-by-electromgnetico-768x644.jpg 768w, https:\/\/gate21.ee\/wp-content\/uploads\/2020\/11\/MARCH_reflective_badge_mall_photo-by-electromgnetico-1536x1288.jpg 1536w, https:\/\/gate21.ee\/wp-content\/uploads\/2020\/11\/MARCH_reflective_badge_mall_photo-by-electromgnetico-2048x1717.jpg 2048w, https:\/\/gate21.ee\/wp-content\/uploads\/2020\/11\/MARCH_reflective_badge_mall_photo-by-electromgnetico-600x503.jpg 600w\" data-src=\"https:\/\/gate21.ee\/wp-content\/uploads\/2020\/11\/MARCH_reflective_badge_mall_photo-by-electromgnetico-300x251.jpg\" data-sizes=\"(max-width: 300px) 100vw, 300px\" srcset=\"https:\/\/gate21.ee\/wp-content\/uploads\/2020\/11\/MARCH_reflective_badge_mall_photo-by-electromgnetico-300x251.jpg 300w, https:\/\/gate21.ee\/wp-content\/uploads\/2020\/11\/MARCH_reflective_badge_mall_photo-by-electromgnetico-scaled-600x503.jpg 600w, https:\/\/gate21.ee\/wp-content\/uploads\/2020\/11\/MARCH_reflective_badge_mall_photo-by-electromgnetico-1024x858.jpg 1024w, https:\/\/gate21.ee\/wp-content\/uploads\/2020\/11\/MARCH_reflective_badge_mall_photo-by-electromgnetico-768x644.jpg 768w, https:\/\/gate21.ee\/wp-content\/uploads\/2020\/11\/MARCH_reflective_badge_mall_photo-by-electromgnetico-1536x1288.jpg 1536w, https:\/\/gate21.ee\/wp-content\/uploads\/2020\/11\/MARCH_reflective_badge_mall_photo-by-electromgnetico-2048x1717.jpg 2048w\" sizes=\"(max-width: 300px) 100vw, 300px\" \/><\/div>\n<\/div>\n<p>&nbsp;<\/p>\n<p><a href=\"https:\/\/gate21.ee\/et\/brand\/march\/\">MARCH<\/a> ei leiuta uusi asju, vaid t\u00e4iustab olemasolevaid. Probleemide n\u00e4gemine ja neile lahenduste leidmine on edu v\u00f5tmeks. Igal tootel on potentsiaal uuenduseks ja selle tulemuseks on ebatavalised tavalised asjad!<\/p>\n<\/div>\n<\/div>\n<\/div>\n<\/div>\n<\/div>","protected":false},"excerpt":{"rendered":"<p>Point out the things you don\u2019t want to lose. Keys, bags, clothes, cat, dog &#8211; you name it! Oh things, oh things\u2026 Why do they always get lost? Leave your worries aside by tagging anything (or anyone) with MARCH reflective tag. The paper side is made to leave any message &#8211; address, name, or phone [&hellip;]<\/p>\n","protected":false},"featured_media":160779,"comment_status":"closed","ping_status":"closed","template":"","meta":{"site-sidebar-layout":"default","site-content-layout":"default","ast-site-content-layout":"default","site-content-style":"default","site-sidebar-style":"default","ast-global-header-display":"","ast-banner-title-visibility":"","ast-main-header-display":"","ast-hfb-above-header-display":"","ast-hfb-below-header-display":"","ast-hfb-mobile-header-display":"","site-post-title":"","ast-breadcrumbs-content":"","ast-featured-img":"","footer-sml-layout":"","ast-disable-related-posts":"","theme-transparent-header-meta":"default","adv-header-id-meta":"","stick-header-meta":"default","header-above-stick-meta":"","header-main-stick-meta":"","header-below-stick-meta":"","astra-migrate-meta-layouts":"set","ast-page-background-enabled":"default","ast-page-background-meta":{"desktop":{"background-color":"","background-image":"","background-repeat":"repeat","background-position":"center center","background-size":"auto","background-attachment":"scroll","background-type":"","background-media":"","overlay-type":"","overlay-color":"","overlay-opacity":"","overlay-gradient":""},"tablet":{"background-color":"","background-image":"","background-repeat":"repeat","background-position":"center center","background-size":"auto","background-attachment":"scroll","background-type":"","background-media":"","overlay-type":"","overlay-color":"","overlay-opacity":"","overlay-gradient":""},"mobile":{"background-color":"","background-image":"","background-repeat":"repeat","background-position":"center center","background-size":"auto","background-attachment":"scroll","background-type":"","background-media":"","overlay-type":"","overlay-color":"","overlay-opacity":"","overlay-gradient":""}},"ast-content-background-meta":{"desktop":{"background-color":"var(--ast-global-color-5)","background-image":"","background-repeat":"repeat","background-position":"center center","background-size":"auto","background-attachment":"scroll","background-type":"","background-media":"","overlay-type":"","overlay-color":"","overlay-opacity":"","overlay-gradient":""},"tablet":{"background-color":"var(--ast-global-color-5)","background-image":"","background-repeat":"repeat","background-position":"center center","background-size":"auto","background-attachment":"scroll","background-type":"","background-media":"","overlay-type":"","overlay-color":"","overlay-opacity":"","overlay-gradient":""},"mobile":{"background-color":"var(--ast-global-color-5)","background-image":"","background-repeat":"repeat","background-position":"center center","background-size":"auto","background-attachment":"scroll","background-type":"","background-media":"","overlay-type":"","overlay-color":"","overlay-opacity":"","overlay-gradient":""}}},"pwb-brand":[376],"product_brand":[],"product_cat":[43,259],"product_tag":[227],"class_list":{"0":"post-160778","1":"product","2":"type-product","3":"status-publish","4":"has-post-thumbnail","6":"pwb-brand-march","7":"product_cat-allsorts","8":"product_cat-reflective","9":"product_tag-reflective","10":"desktop-align-center","11":"tablet-align-center","12":"mobile-align-center","13":"ast-product-gallery-layout-vertical","14":"ast-product-tabs-layout-horizontal","16":"first","17":"instock","18":"taxable","19":"shipping-taxable","20":"purchasable","21":"product-type-simple"},"yoast_head":"<!-- This site is optimized with the Yoast SEO plugin v27.4 - https:\/\/yoast.com\/product\/yoast-seo-wordpress\/ -->\n<title>Reflective Tag - Pink Fade &#8226; Gate21<\/title>\n<meta name=\"robots\" content=\"index, follow, max-snippet:-1, max-image-preview:large, max-video-preview:-1\" \/>\n<link rel=\"canonical\" href=\"https:\/\/gate21.ee\/et\/shop\/reflective-tag-pink-fade\/\" \/>\n<meta property=\"og:locale\" content=\"et_EE\" \/>\n<meta property=\"og:type\" content=\"article\" \/>\n<meta property=\"og:title\" content=\"Reflective Tag - Pink Fade &#8226; Gate21\" \/>\n<meta property=\"og:description\" content=\"Point out the things you don\u2019t want to lose. Keys, bags, clothes, cat, dog &#8211; you name it! Oh things, oh things\u2026 Why do they always get lost? Leave your worries aside by tagging anything (or anyone) with MARCH reflective tag. The paper side is made to leave any message &#8211; address, name, or phone [&hellip;]\" \/>\n<meta property=\"og:url\" content=\"https:\/\/gate21.ee\/et\/shop\/reflective-tag-pink-fade\/\" \/>\n<meta property=\"og:site_name\" content=\"Gate21\" \/>\n<meta property=\"article:publisher\" content=\"https:\/\/www.facebook.com\/gate21.ee\/\" \/>\n<meta property=\"article:modified_time\" content=\"2026-04-25T14:13:02+00:00\" \/>\n<meta property=\"og:image\" content=\"https:\/\/gate21.ee\/wp-content\/uploads\/2023\/11\/march_reflectivetag_fadepink_product_twosides_RGB_2000x2000px_1200x.webp\" \/>\n\t<meta property=\"og:image:width\" content=\"1200\" \/>\n\t<meta property=\"og:image:height\" content=\"1200\" \/>\n\t<meta property=\"og:image:type\" content=\"image\/webp\" \/>\n<meta name=\"twitter:card\" content=\"summary_large_image\" \/>\n<meta name=\"twitter:label1\" content=\"Est. reading time\" \/>\n\t<meta name=\"twitter:data1\" content=\"1 minut\" \/>\n<script type=\"application\/ld+json\" class=\"yoast-schema-graph\">{\"@context\":\"https:\\\/\\\/schema.org\",\"@graph\":[{\"@type\":\"WebPage\",\"@id\":\"https:\\\/\\\/gate21.ee\\\/shop\\\/reflective-tag-pink-fade\\\/\",\"url\":\"https:\\\/\\\/gate21.ee\\\/shop\\\/reflective-tag-pink-fade\\\/\",\"name\":\"Reflective Tag - Pink Fade &#8226; Gate21\",\"isPartOf\":{\"@id\":\"https:\\\/\\\/gate21.ee\\\/#website\"},\"primaryImageOfPage\":{\"@id\":\"https:\\\/\\\/gate21.ee\\\/shop\\\/reflective-tag-pink-fade\\\/#primaryimage\"},\"image\":{\"@id\":\"https:\\\/\\\/gate21.ee\\\/shop\\\/reflective-tag-pink-fade\\\/#primaryimage\"},\"thumbnailUrl\":\"https:\\\/\\\/gate21.ee\\\/wp-content\\\/uploads\\\/2023\\\/11\\\/march_reflectivetag_fadepink_product_twosides_RGB_2000x2000px_1200x.webp\",\"datePublished\":\"2023-11-27T10:21:00+00:00\",\"dateModified\":\"2026-04-25T14:13:02+00:00\",\"breadcrumb\":{\"@id\":\"https:\\\/\\\/gate21.ee\\\/shop\\\/reflective-tag-pink-fade\\\/#breadcrumb\"},\"inLanguage\":\"et\",\"potentialAction\":[{\"@type\":\"ReadAction\",\"target\":[\"https:\\\/\\\/gate21.ee\\\/shop\\\/reflective-tag-pink-fade\\\/\"]}]},{\"@type\":\"ImageObject\",\"inLanguage\":\"et\",\"@id\":\"https:\\\/\\\/gate21.ee\\\/shop\\\/reflective-tag-pink-fade\\\/#primaryimage\",\"url\":\"https:\\\/\\\/gate21.ee\\\/wp-content\\\/uploads\\\/2023\\\/11\\\/march_reflectivetag_fadepink_product_twosides_RGB_2000x2000px_1200x.webp\",\"contentUrl\":\"https:\\\/\\\/gate21.ee\\\/wp-content\\\/uploads\\\/2023\\\/11\\\/march_reflectivetag_fadepink_product_twosides_RGB_2000x2000px_1200x.webp\",\"width\":1200,\"height\":1200,\"caption\":\"The Reflective Tag - Pink Fade features two oval keyring tags with beaded chains. One tag fades from dark grey to pink, while the reverse is white with a light grey grid\u2014ideal for Tallinn shopping or as a chic gift shop find. Gate21.ee\"},{\"@type\":\"BreadcrumbList\",\"@id\":\"https:\\\/\\\/gate21.ee\\\/shop\\\/reflective-tag-pink-fade\\\/#breadcrumb\",\"itemListElement\":[{\"@type\":\"ListItem\",\"position\":1,\"name\":\"Home\",\"item\":\"https:\\\/\\\/gate21.ee\\\/\"},{\"@type\":\"ListItem\",\"position\":2,\"name\":\"Reflective Tag &#8211; Pink Fade\"}]},{\"@type\":\"WebSite\",\"@id\":\"https:\\\/\\\/gate21.ee\\\/#website\",\"url\":\"https:\\\/\\\/gate21.ee\\\/\",\"name\":\"Gate21\",\"description\":\"Gift concept store Gate21\",\"publisher\":{\"@id\":\"https:\\\/\\\/gate21.ee\\\/#organization\"},\"alternateName\":\"gate21\",\"potentialAction\":[{\"@type\":\"SearchAction\",\"target\":{\"@type\":\"EntryPoint\",\"urlTemplate\":\"https:\\\/\\\/gate21.ee\\\/?s={search_term_string}\"},\"query-input\":{\"@type\":\"PropertyValueSpecification\",\"valueRequired\":true,\"valueName\":\"search_term_string\"}}],\"inLanguage\":\"et\"},{\"@type\":\"Organization\",\"@id\":\"https:\\\/\\\/gate21.ee\\\/#organization\",\"name\":\"Gate21\",\"alternateName\":\"Gate21, Oma Asi and Oma Asi Design Store\",\"url\":\"https:\\\/\\\/gate21.ee\\\/\",\"logo\":{\"@type\":\"ImageObject\",\"inLanguage\":\"et\",\"@id\":\"https:\\\/\\\/gate21.ee\\\/#\\\/schema\\\/logo\\\/image\\\/\",\"url\":\"https:\\\/\\\/gate21.ee\\\/wp-content\\\/uploads\\\/2021\\\/11\\\/Gate_21_Logo_2_Valge.png\",\"contentUrl\":\"https:\\\/\\\/gate21.ee\\\/wp-content\\\/uploads\\\/2021\\\/11\\\/Gate_21_Logo_2_Valge.png\",\"width\":2560,\"height\":2560,\"caption\":\"Gate21\"},\"image\":{\"@id\":\"https:\\\/\\\/gate21.ee\\\/#\\\/schema\\\/logo\\\/image\\\/\"},\"sameAs\":[\"https:\\\/\\\/www.facebook.com\\\/gate21.ee\\\/\",\"https:\\\/\\\/www.instagram.com\\\/gate21.ee\\\/\",\"https:\\\/\\\/www.instagram.com\\\/omaasidesign\\\/\",\"https:\\\/\\\/www.instagram.com\\\/omaasi\\\/\",\"https:\\\/\\\/www.facebook.com\\\/omaasidesign\\\/\",\"https:\\\/\\\/www.facebook.com\\\/omaasilittleredhouse\\\/\",\"https:\\\/\\\/www.tiktok.com\\\/@gate21.ee\"]}]}<\/script>\n<!-- \/ Yoast SEO plugin. -->","yoast_head_json":{"title":"Reflective Tag - Pink Fade &#8226; Gate21","robots":{"index":"index","follow":"follow","max-snippet":"max-snippet:-1","max-image-preview":"max-image-preview:large","max-video-preview":"max-video-preview:-1"},"canonical":"https:\/\/gate21.ee\/et\/shop\/reflective-tag-pink-fade\/","og_locale":"et_EE","og_type":"article","og_title":"Reflective Tag - Pink Fade &#8226; Gate21","og_description":"Point out the things you don\u2019t want to lose. Keys, bags, clothes, cat, dog &#8211; you name it! Oh things, oh things\u2026 Why do they always get lost? Leave your worries aside by tagging anything (or anyone) with MARCH reflective tag. The paper side is made to leave any message &#8211; address, name, or phone [&hellip;]","og_url":"https:\/\/gate21.ee\/et\/shop\/reflective-tag-pink-fade\/","og_site_name":"Gate21","article_publisher":"https:\/\/www.facebook.com\/gate21.ee\/","article_modified_time":"2026-04-25T14:13:02+00:00","og_image":[{"width":1200,"height":1200,"url":"https:\/\/gate21.ee\/wp-content\/uploads\/2023\/11\/march_reflectivetag_fadepink_product_twosides_RGB_2000x2000px_1200x.webp","type":"image\/webp"}],"twitter_card":"summary_large_image","twitter_misc":{"Est. reading time":"1 minut"},"schema":{"@context":"https:\/\/schema.org","@graph":[{"@type":"WebPage","@id":"https:\/\/gate21.ee\/shop\/reflective-tag-pink-fade\/","url":"https:\/\/gate21.ee\/shop\/reflective-tag-pink-fade\/","name":"Reflective Tag - Pink Fade &#8226; Gate21","isPartOf":{"@id":"https:\/\/gate21.ee\/#website"},"primaryImageOfPage":{"@id":"https:\/\/gate21.ee\/shop\/reflective-tag-pink-fade\/#primaryimage"},"image":{"@id":"https:\/\/gate21.ee\/shop\/reflective-tag-pink-fade\/#primaryimage"},"thumbnailUrl":"https:\/\/gate21.ee\/wp-content\/uploads\/2023\/11\/march_reflectivetag_fadepink_product_twosides_RGB_2000x2000px_1200x.webp","datePublished":"2023-11-27T10:21:00+00:00","dateModified":"2026-04-25T14:13:02+00:00","breadcrumb":{"@id":"https:\/\/gate21.ee\/shop\/reflective-tag-pink-fade\/#breadcrumb"},"inLanguage":"et","potentialAction":[{"@type":"ReadAction","target":["https:\/\/gate21.ee\/shop\/reflective-tag-pink-fade\/"]}]},{"@type":"ImageObject","inLanguage":"et","@id":"https:\/\/gate21.ee\/shop\/reflective-tag-pink-fade\/#primaryimage","url":"https:\/\/gate21.ee\/wp-content\/uploads\/2023\/11\/march_reflectivetag_fadepink_product_twosides_RGB_2000x2000px_1200x.webp","contentUrl":"https:\/\/gate21.ee\/wp-content\/uploads\/2023\/11\/march_reflectivetag_fadepink_product_twosides_RGB_2000x2000px_1200x.webp","width":1200,"height":1200,"caption":"The Reflective Tag - Pink Fade features two oval keyring tags with beaded chains. One tag fades from dark grey to pink, while the reverse is white with a light grey grid\u2014ideal for Tallinn shopping or as a chic gift shop find. Gate21.ee"},{"@type":"BreadcrumbList","@id":"https:\/\/gate21.ee\/shop\/reflective-tag-pink-fade\/#breadcrumb","itemListElement":[{"@type":"ListItem","position":1,"name":"Home","item":"https:\/\/gate21.ee\/"},{"@type":"ListItem","position":2,"name":"Reflective Tag &#8211; Pink Fade"}]},{"@type":"WebSite","@id":"https:\/\/gate21.ee\/#website","url":"https:\/\/gate21.ee\/","name":"Gate21","description":"Kingituskontseptsioonipood Gate21","publisher":{"@id":"https:\/\/gate21.ee\/#organization"},"alternateName":"gate21","potentialAction":[{"@type":"SearchAction","target":{"@type":"EntryPoint","urlTemplate":"https:\/\/gate21.ee\/?s={search_term_string}"},"query-input":{"@type":"PropertyValueSpecification","valueRequired":true,"valueName":"search_term_string"}}],"inLanguage":"et"},{"@type":"Organization","@id":"https:\/\/gate21.ee\/#organization","name":"Gate21","alternateName":"Gate21, Oma Asi and Oma Asi Design Store","url":"https:\/\/gate21.ee\/","logo":{"@type":"ImageObject","inLanguage":"et","@id":"https:\/\/gate21.ee\/#\/schema\/logo\/image\/","url":"https:\/\/gate21.ee\/wp-content\/uploads\/2021\/11\/Gate_21_Logo_2_Valge.png","contentUrl":"https:\/\/gate21.ee\/wp-content\/uploads\/2021\/11\/Gate_21_Logo_2_Valge.png","width":2560,"height":2560,"caption":"Gate21"},"image":{"@id":"https:\/\/gate21.ee\/#\/schema\/logo\/image\/"},"sameAs":["https:\/\/www.facebook.com\/gate21.ee\/","https:\/\/www.instagram.com\/gate21.ee\/","https:\/\/www.instagram.com\/omaasidesign\/","https:\/\/www.instagram.com\/omaasi\/","https:\/\/www.facebook.com\/omaasidesign\/","https:\/\/www.facebook.com\/omaasilittleredhouse\/","https:\/\/www.tiktok.com\/@gate21.ee"]}]}},"jetpack_sharing_enabled":true,"brands":[{"id":376,"name":"March","slug":"march"}],"_links":{"self":[{"href":"https:\/\/gate21.ee\/et\/wp-json\/wp\/v2\/product\/160778","targetHints":{"allow":["GET"]}}],"collection":[{"href":"https:\/\/gate21.ee\/et\/wp-json\/wp\/v2\/product"}],"about":[{"href":"https:\/\/gate21.ee\/et\/wp-json\/wp\/v2\/types\/product"}],"replies":[{"embeddable":true,"href":"https:\/\/gate21.ee\/et\/wp-json\/wp\/v2\/comments?post=160778"}],"version-history":[{"count":1,"href":"https:\/\/gate21.ee\/et\/wp-json\/wp\/v2\/product\/160778\/revisions"}],"predecessor-version":[{"id":220536,"href":"https:\/\/gate21.ee\/et\/wp-json\/wp\/v2\/product\/160778\/revisions\/220536"}],"wp:featuredmedia":[{"embeddable":true,"href":"https:\/\/gate21.ee\/et\/wp-json\/wp\/v2\/media\/160779"}],"wp:attachment":[{"href":"https:\/\/gate21.ee\/et\/wp-json\/wp\/v2\/media?parent=160778"}],"wp:term":[{"taxonomy":"pwb-brand","embeddable":true,"href":"https:\/\/gate21.ee\/et\/wp-json\/wp\/v2\/pwb-brand?post=160778"},{"taxonomy":"product_brand","embeddable":true,"href":"https:\/\/gate21.ee\/et\/wp-json\/wp\/v2\/product_brand?post=160778"},{"taxonomy":"product_cat","embeddable":true,"href":"https:\/\/gate21.ee\/et\/wp-json\/wp\/v2\/product_cat?post=160778"},{"taxonomy":"product_tag","embeddable":true,"href":"https:\/\/gate21.ee\/et\/wp-json\/wp\/v2\/product_tag?post=160778"}],"curies":[{"name":"wp","href":"https:\/\/api.w.org\/{rel}","templated":true}]}}