{"id":156442,"date":"2023-09-30T12:30:23","date_gmt":"2023-09-30T09:30:23","guid":{"rendered":"https:\/\/gate21.ee\/?post_type=product&#038;p=156442"},"modified":"2026-04-29T20:01:37","modified_gmt":"2026-04-29T17:01:37","slug":"mini-towel-garden-black","status":"publish","type":"product","link":"https:\/\/gate21.ee\/et\/shop\/mini-towel-garden-black\/","title":{"rendered":"Mini r\u00e4tik - K\u00d5IK"},"content":{"rendered":"<p>100% puuvillane<\/p>\n<p>M\u00f5\u00f5dud: 25cm x 25cm<\/p>\n<p><img fetchpriority=\"high\" decoding=\"async\" class=\"alignnone size-medium wp-image-2636\" src=\"https:\/\/gate21.ee\/wp-content\/uploads\/2020\/08\/Screenshot-2020-08-12-at-17.42.38-300x232.png\" alt=\"\" width=\"300\" height=\"232\" srcset=\"https:\/\/gate21.ee\/wp-content\/uploads\/2020\/08\/Screenshot-2020-08-12-at-17.42.38-300x232.png 300w, https:\/\/gate21.ee\/wp-content\/uploads\/2020\/08\/Screenshot-2020-08-12-at-17.42.38.png 493w\" sizes=\"(max-width: 300px) 100vw, 300px\" \/><\/p>\n<p><a href=\"https:\/\/gate21.ee\/et\/brand\/atsukomatano\/\">Atsuko Matano<\/a> on mitmek\u00fclgselt andekas kunstnik - disainer, illustraator, romaanikirjanik, kes alustas oma karj\u00e4\u00e4ri 1979. aastal kingipoe \u201cPandora laegas\u201d kujundajana. Ta asutas 6 aastat hiljem, 1985. aastal \"La Merise\", kus arendas oma oskusi ja alustas ka romaanikirjaniku karj\u00e4\u00e4ri. 1986. aastal l\u00f5i ta \"Atsuko Matano\", j\u00e4tkates samal ajal t\u00f6\u00f6d erinevate kaubam\u00e4rkide disainerina.<\/p>\n<p><img decoding=\"async\" class=\"size-medium wp-image-55712 alignnone ls-is-cached lazyloaded\" src=\"https:\/\/gate21.ee\/wp-content\/uploads\/2021\/01\/atsu-01e381aee382b3e38392e3829ae383bc-600x898-1-200x300.png\" alt=\"\" width=\"200\" height=\"300\" data-srcset=\"https:\/\/gate21.ee\/wp-content\/uploads\/2021\/01\/atsu-01e381aee382b3e38392e3829ae383bc-600x898-1-200x300.png 200w, https:\/\/gate21.ee\/wp-content\/uploads\/2021\/01\/atsu-01e381aee382b3e38392e3829ae383bc-600x898-1.png 600w\" data-src=\"https:\/\/gate21.ee\/wp-content\/uploads\/2021\/01\/atsu-01e381aee382b3e38392e3829ae383bc-600x898-1-200x300.png\" data-sizes=\"(max-width: 200px) 100vw, 200px\" srcset=\"https:\/\/gate21.ee\/wp-content\/uploads\/2021\/01\/atsu-01e381aee382b3e38392e3829ae383bc-600x898-1-200x300.png 200w, https:\/\/gate21.ee\/wp-content\/uploads\/2021\/01\/atsu-01e381aee382b3e38392e3829ae383bc-600x898-1.png 600w\" sizes=\"(max-width: 200px) 100vw, 200px\" \/><\/p>","protected":false},"excerpt":{"rendered":"<p>100% cotton Size: 25cm x 25cm Atsuko Matano is a multi-talented artist: designer, illustrator, novelist who\u00a0began her career in 1979 as a designer for the gift shop \u201cPandora\u2019s Box.\u201d She established, 6 years later, in 1985, La Merise where she developed her skills and also began a career of novelist. In 1986, she created Atsuko [&hellip;]<\/p>\n","protected":false},"featured_media":156437,"comment_status":"closed","ping_status":"closed","template":"","meta":{"site-sidebar-layout":"default","site-content-layout":"default","ast-site-content-layout":"default","site-content-style":"default","site-sidebar-style":"default","ast-global-header-display":"","ast-banner-title-visibility":"","ast-main-header-display":"","ast-hfb-above-header-display":"","ast-hfb-below-header-display":"","ast-hfb-mobile-header-display":"","site-post-title":"","ast-breadcrumbs-content":"","ast-featured-img":"","footer-sml-layout":"","ast-disable-related-posts":"","theme-transparent-header-meta":"default","adv-header-id-meta":"","stick-header-meta":"default","header-above-stick-meta":"","header-main-stick-meta":"","header-below-stick-meta":"","astra-migrate-meta-layouts":"set","ast-page-background-enabled":"default","ast-page-background-meta":{"desktop":{"background-color":"","background-image":"","background-repeat":"repeat","background-position":"center center","background-size":"auto","background-attachment":"scroll","background-type":"","background-media":"","overlay-type":"","overlay-color":"","overlay-opacity":"","overlay-gradient":""},"tablet":{"background-color":"","background-image":"","background-repeat":"repeat","background-position":"center center","background-size":"auto","background-attachment":"scroll","background-type":"","background-media":"","overlay-type":"","overlay-color":"","overlay-opacity":"","overlay-gradient":""},"mobile":{"background-color":"","background-image":"","background-repeat":"repeat","background-position":"center center","background-size":"auto","background-attachment":"scroll","background-type":"","background-media":"","overlay-type":"","overlay-color":"","overlay-opacity":"","overlay-gradient":""}},"ast-content-background-meta":{"desktop":{"background-color":"var(--ast-global-color-5)","background-image":"","background-repeat":"repeat","background-position":"center center","background-size":"auto","background-attachment":"scroll","background-type":"","background-media":"","overlay-type":"","overlay-color":"","overlay-opacity":"","overlay-gradient":""},"tablet":{"background-color":"var(--ast-global-color-5)","background-image":"","background-repeat":"repeat","background-position":"center center","background-size":"auto","background-attachment":"scroll","background-type":"","background-media":"","overlay-type":"","overlay-color":"","overlay-opacity":"","overlay-gradient":""},"mobile":{"background-color":"var(--ast-global-color-5)","background-image":"","background-repeat":"repeat","background-position":"center center","background-size":"auto","background-attachment":"scroll","background-type":"","background-media":"","overlay-type":"","overlay-color":"","overlay-opacity":"","overlay-gradient":""}}},"pwb-brand":[161],"product_brand":[],"product_cat":[221,218],"product_tag":[273],"class_list":{"0":"post-156442","1":"product","2":"type-product","3":"status-publish","4":"has-post-thumbnail","6":"pwb-brand-atsukomatano","7":"product_cat-fabrics","8":"product_cat-home","9":"product_tag-fabrics","10":"desktop-align-center","11":"tablet-align-center","12":"mobile-align-center","13":"ast-product-gallery-layout-vertical","14":"ast-product-tabs-layout-horizontal","16":"first","17":"instock","18":"taxable","19":"shipping-taxable","20":"purchasable","21":"product-type-simple"},"yoast_head":"<!-- This site is optimized with the Yoast SEO plugin v27.5 - https:\/\/yoast.com\/product\/yoast-seo-wordpress\/ -->\n<title>Mini Towel - K\u00d5IK &#8226; Gate21<\/title>\n<meta name=\"robots\" content=\"index, follow, max-snippet:-1, max-image-preview:large, max-video-preview:-1\" \/>\n<link rel=\"canonical\" href=\"https:\/\/gate21.ee\/et\/shop\/mini-towel-garden-black\/\" \/>\n<meta property=\"og:locale\" content=\"et_EE\" \/>\n<meta property=\"og:type\" content=\"article\" \/>\n<meta property=\"og:title\" content=\"Mini Towel - K\u00d5IK &#8226; Gate21\" \/>\n<meta property=\"og:description\" content=\"100% cotton Size: 25cm x 25cm Atsuko Matano is a multi-talented artist: designer, illustrator, novelist who\u00a0began her career in 1979 as a designer for the gift shop \u201cPandora\u2019s Box.\u201d She established, 6 years later, in 1985, La Merise where she developed her skills and also began a career of novelist. In 1986, she created Atsuko [&hellip;]\" \/>\n<meta property=\"og:url\" content=\"https:\/\/gate21.ee\/et\/shop\/mini-towel-garden-black\/\" \/>\n<meta property=\"og:site_name\" content=\"Gate21\" \/>\n<meta property=\"article:publisher\" content=\"https:\/\/www.facebook.com\/gate21.ee\/\" \/>\n<meta property=\"article:modified_time\" content=\"2026-04-29T17:01:37+00:00\" \/>\n<meta property=\"og:image\" content=\"https:\/\/gate21.ee\/wp-content\/uploads\/2022\/04\/garden041bk-removebg-preview.png\" \/>\n\t<meta property=\"og:image:width\" content=\"463\" \/>\n\t<meta property=\"og:image:height\" content=\"539\" \/>\n\t<meta property=\"og:image:type\" content=\"image\/png\" \/>\n<meta name=\"twitter:card\" content=\"summary_large_image\" \/>\n<meta name=\"twitter:label1\" content=\"Est. reading time\" \/>\n\t<meta name=\"twitter:data1\" content=\"1 minut\" \/>\n<script type=\"application\/ld+json\" class=\"yoast-schema-graph\">{\"@context\":\"https:\\\/\\\/schema.org\",\"@graph\":[{\"@type\":\"WebPage\",\"@id\":\"https:\\\/\\\/gate21.ee\\\/shop\\\/mini-towel-garden-black\\\/\",\"url\":\"https:\\\/\\\/gate21.ee\\\/shop\\\/mini-towel-garden-black\\\/\",\"name\":\"Mini Towel - K\u00d5IK &#8226; Gate21\",\"isPartOf\":{\"@id\":\"https:\\\/\\\/gate21.ee\\\/#website\"},\"primaryImageOfPage\":{\"@id\":\"https:\\\/\\\/gate21.ee\\\/shop\\\/mini-towel-garden-black\\\/#primaryimage\"},\"image\":{\"@id\":\"https:\\\/\\\/gate21.ee\\\/shop\\\/mini-towel-garden-black\\\/#primaryimage\"},\"thumbnailUrl\":\"https:\\\/\\\/gate21.ee\\\/wp-content\\\/uploads\\\/2022\\\/04\\\/garden041bk-removebg-preview.png\",\"datePublished\":\"2023-09-30T09:30:23+00:00\",\"dateModified\":\"2026-04-29T17:01:37+00:00\",\"breadcrumb\":{\"@id\":\"https:\\\/\\\/gate21.ee\\\/shop\\\/mini-towel-garden-black\\\/#breadcrumb\"},\"inLanguage\":\"et\",\"potentialAction\":[{\"@type\":\"ReadAction\",\"target\":[\"https:\\\/\\\/gate21.ee\\\/shop\\\/mini-towel-garden-black\\\/\"]}]},{\"@type\":\"ImageObject\",\"inLanguage\":\"et\",\"@id\":\"https:\\\/\\\/gate21.ee\\\/shop\\\/mini-towel-garden-black\\\/#primaryimage\",\"url\":\"https:\\\/\\\/gate21.ee\\\/wp-content\\\/uploads\\\/2022\\\/04\\\/garden041bk-removebg-preview.png\",\"contentUrl\":\"https:\\\/\\\/gate21.ee\\\/wp-content\\\/uploads\\\/2022\\\/04\\\/garden041bk-removebg-preview.png\",\"width\":463,\"height\":539,\"caption\":\"A curated square fabric piece featuring colourful, horizontal rows of floral and geometric patterns on a black background. A small cat face detail appears at the bottom right corner, perfect for those seeking unique ideas. Gate21.ee\"},{\"@type\":\"BreadcrumbList\",\"@id\":\"https:\\\/\\\/gate21.ee\\\/shop\\\/mini-towel-garden-black\\\/#breadcrumb\",\"itemListElement\":[{\"@type\":\"ListItem\",\"position\":1,\"name\":\"Home\",\"item\":\"https:\\\/\\\/gate21.ee\\\/\"},{\"@type\":\"ListItem\",\"position\":2,\"name\":\"Mini Towel &#8211; K\u00d5IK\"}]},{\"@type\":\"WebSite\",\"@id\":\"https:\\\/\\\/gate21.ee\\\/#website\",\"url\":\"https:\\\/\\\/gate21.ee\\\/\",\"name\":\"Gate21\",\"description\":\"Gift concept store Gate21\",\"publisher\":{\"@id\":\"https:\\\/\\\/gate21.ee\\\/#organization\"},\"alternateName\":\"gate21\",\"potentialAction\":[{\"@type\":\"SearchAction\",\"target\":{\"@type\":\"EntryPoint\",\"urlTemplate\":\"https:\\\/\\\/gate21.ee\\\/?s={search_term_string}\"},\"query-input\":{\"@type\":\"PropertyValueSpecification\",\"valueRequired\":true,\"valueName\":\"search_term_string\"}}],\"inLanguage\":\"et\"},{\"@type\":\"Organization\",\"@id\":\"https:\\\/\\\/gate21.ee\\\/#organization\",\"name\":\"Gate21\",\"alternateName\":\"Gate21, Oma Asi and Oma Asi Design Store\",\"url\":\"https:\\\/\\\/gate21.ee\\\/\",\"logo\":{\"@type\":\"ImageObject\",\"inLanguage\":\"et\",\"@id\":\"https:\\\/\\\/gate21.ee\\\/#\\\/schema\\\/logo\\\/image\\\/\",\"url\":\"https:\\\/\\\/gate21.ee\\\/wp-content\\\/uploads\\\/2021\\\/11\\\/Gate_21_Logo_2_Valge.png\",\"contentUrl\":\"https:\\\/\\\/gate21.ee\\\/wp-content\\\/uploads\\\/2021\\\/11\\\/Gate_21_Logo_2_Valge.png\",\"width\":2560,\"height\":2560,\"caption\":\"Gate21\"},\"image\":{\"@id\":\"https:\\\/\\\/gate21.ee\\\/#\\\/schema\\\/logo\\\/image\\\/\"},\"sameAs\":[\"https:\\\/\\\/www.facebook.com\\\/gate21.ee\\\/\",\"https:\\\/\\\/www.instagram.com\\\/gate21.ee\\\/\",\"https:\\\/\\\/www.instagram.com\\\/omaasidesign\\\/\",\"https:\\\/\\\/www.instagram.com\\\/omaasi\\\/\",\"https:\\\/\\\/www.facebook.com\\\/omaasidesign\\\/\",\"https:\\\/\\\/www.facebook.com\\\/omaasilittleredhouse\\\/\",\"https:\\\/\\\/www.tiktok.com\\\/@gate21.ee\"]}]}<\/script>\n<!-- \/ Yoast SEO plugin. -->","yoast_head_json":{"title":"Mini Towel - K\u00d5IK &#8226; Gate21","robots":{"index":"index","follow":"follow","max-snippet":"max-snippet:-1","max-image-preview":"max-image-preview:large","max-video-preview":"max-video-preview:-1"},"canonical":"https:\/\/gate21.ee\/et\/shop\/mini-towel-garden-black\/","og_locale":"et_EE","og_type":"article","og_title":"Mini Towel - K\u00d5IK &#8226; Gate21","og_description":"100% cotton Size: 25cm x 25cm Atsuko Matano is a multi-talented artist: designer, illustrator, novelist who\u00a0began her career in 1979 as a designer for the gift shop \u201cPandora\u2019s Box.\u201d She established, 6 years later, in 1985, La Merise where she developed her skills and also began a career of novelist. In 1986, she created Atsuko [&hellip;]","og_url":"https:\/\/gate21.ee\/et\/shop\/mini-towel-garden-black\/","og_site_name":"Gate21","article_publisher":"https:\/\/www.facebook.com\/gate21.ee\/","article_modified_time":"2026-04-29T17:01:37+00:00","og_image":[{"width":463,"height":539,"url":"https:\/\/gate21.ee\/wp-content\/uploads\/2022\/04\/garden041bk-removebg-preview.png","type":"image\/png"}],"twitter_card":"summary_large_image","twitter_misc":{"Est. reading time":"1 minut"},"schema":{"@context":"https:\/\/schema.org","@graph":[{"@type":"WebPage","@id":"https:\/\/gate21.ee\/shop\/mini-towel-garden-black\/","url":"https:\/\/gate21.ee\/shop\/mini-towel-garden-black\/","name":"Mini Towel - K\u00d5IK &#8226; Gate21","isPartOf":{"@id":"https:\/\/gate21.ee\/#website"},"primaryImageOfPage":{"@id":"https:\/\/gate21.ee\/shop\/mini-towel-garden-black\/#primaryimage"},"image":{"@id":"https:\/\/gate21.ee\/shop\/mini-towel-garden-black\/#primaryimage"},"thumbnailUrl":"https:\/\/gate21.ee\/wp-content\/uploads\/2022\/04\/garden041bk-removebg-preview.png","datePublished":"2023-09-30T09:30:23+00:00","dateModified":"2026-04-29T17:01:37+00:00","breadcrumb":{"@id":"https:\/\/gate21.ee\/shop\/mini-towel-garden-black\/#breadcrumb"},"inLanguage":"et","potentialAction":[{"@type":"ReadAction","target":["https:\/\/gate21.ee\/shop\/mini-towel-garden-black\/"]}]},{"@type":"ImageObject","inLanguage":"et","@id":"https:\/\/gate21.ee\/shop\/mini-towel-garden-black\/#primaryimage","url":"https:\/\/gate21.ee\/wp-content\/uploads\/2022\/04\/garden041bk-removebg-preview.png","contentUrl":"https:\/\/gate21.ee\/wp-content\/uploads\/2022\/04\/garden041bk-removebg-preview.png","width":463,"height":539,"caption":"A curated square fabric piece featuring colourful, horizontal rows of floral and geometric patterns on a black background. A small cat face detail appears at the bottom right corner, perfect for those seeking unique ideas. Gate21.ee"},{"@type":"BreadcrumbList","@id":"https:\/\/gate21.ee\/shop\/mini-towel-garden-black\/#breadcrumb","itemListElement":[{"@type":"ListItem","position":1,"name":"Home","item":"https:\/\/gate21.ee\/"},{"@type":"ListItem","position":2,"name":"Mini Towel &#8211; K\u00d5IK"}]},{"@type":"WebSite","@id":"https:\/\/gate21.ee\/#website","url":"https:\/\/gate21.ee\/","name":"Gate21","description":"Kingituskontseptsioonipood Gate21","publisher":{"@id":"https:\/\/gate21.ee\/#organization"},"alternateName":"gate21","potentialAction":[{"@type":"SearchAction","target":{"@type":"EntryPoint","urlTemplate":"https:\/\/gate21.ee\/?s={search_term_string}"},"query-input":{"@type":"PropertyValueSpecification","valueRequired":true,"valueName":"search_term_string"}}],"inLanguage":"et"},{"@type":"Organization","@id":"https:\/\/gate21.ee\/#organization","name":"Gate21","alternateName":"Gate21, Oma Asi and Oma Asi Design Store","url":"https:\/\/gate21.ee\/","logo":{"@type":"ImageObject","inLanguage":"et","@id":"https:\/\/gate21.ee\/#\/schema\/logo\/image\/","url":"https:\/\/gate21.ee\/wp-content\/uploads\/2021\/11\/Gate_21_Logo_2_Valge.png","contentUrl":"https:\/\/gate21.ee\/wp-content\/uploads\/2021\/11\/Gate_21_Logo_2_Valge.png","width":2560,"height":2560,"caption":"Gate21"},"image":{"@id":"https:\/\/gate21.ee\/#\/schema\/logo\/image\/"},"sameAs":["https:\/\/www.facebook.com\/gate21.ee\/","https:\/\/www.instagram.com\/gate21.ee\/","https:\/\/www.instagram.com\/omaasidesign\/","https:\/\/www.instagram.com\/omaasi\/","https:\/\/www.facebook.com\/omaasidesign\/","https:\/\/www.facebook.com\/omaasilittleredhouse\/","https:\/\/www.tiktok.com\/@gate21.ee"]}]}},"jetpack_sharing_enabled":true,"brands":[{"id":161,"name":"Atsuko Matano","slug":"atsukomatano"}],"_links":{"self":[{"href":"https:\/\/gate21.ee\/et\/wp-json\/wp\/v2\/product\/156442","targetHints":{"allow":["GET"]}}],"collection":[{"href":"https:\/\/gate21.ee\/et\/wp-json\/wp\/v2\/product"}],"about":[{"href":"https:\/\/gate21.ee\/et\/wp-json\/wp\/v2\/types\/product"}],"replies":[{"embeddable":true,"href":"https:\/\/gate21.ee\/et\/wp-json\/wp\/v2\/comments?post=156442"}],"version-history":[{"count":1,"href":"https:\/\/gate21.ee\/et\/wp-json\/wp\/v2\/product\/156442\/revisions"}],"predecessor-version":[{"id":216321,"href":"https:\/\/gate21.ee\/et\/wp-json\/wp\/v2\/product\/156442\/revisions\/216321"}],"wp:featuredmedia":[{"embeddable":true,"href":"https:\/\/gate21.ee\/et\/wp-json\/wp\/v2\/media\/156437"}],"wp:attachment":[{"href":"https:\/\/gate21.ee\/et\/wp-json\/wp\/v2\/media?parent=156442"}],"wp:term":[{"taxonomy":"pwb-brand","embeddable":true,"href":"https:\/\/gate21.ee\/et\/wp-json\/wp\/v2\/pwb-brand?post=156442"},{"taxonomy":"product_brand","embeddable":true,"href":"https:\/\/gate21.ee\/et\/wp-json\/wp\/v2\/product_brand?post=156442"},{"taxonomy":"product_cat","embeddable":true,"href":"https:\/\/gate21.ee\/et\/wp-json\/wp\/v2\/product_cat?post=156442"},{"taxonomy":"product_tag","embeddable":true,"href":"https:\/\/gate21.ee\/et\/wp-json\/wp\/v2\/product_tag?post=156442"}],"curies":[{"name":"wp","href":"https:\/\/api.w.org\/{rel}","templated":true}]}}