{"id":151567,"date":"2023-08-14T12:55:49","date_gmt":"2023-08-14T09:55:49","guid":{"rendered":"https:\/\/gate21.ee\/?post_type=product&#038;p=151567"},"modified":"2024-08-31T11:21:40","modified_gmt":"2024-08-31T08:21:40","slug":"storm-camo","status":"publish","type":"product","link":"https:\/\/gate21.ee\/et\/shop\/storm-camo\/","title":{"rendered":"Tormi kamo"},"content":{"rendered":"<p>RAINKISS <a href=\"https:\/\/gate21.ee\/et\/tootekategooria\/clothing\/jackets_coats\/\">vihmamantleid<\/a> on lihtne kaasas kanda ja selga panna. Mantlitel on \u00fcks suurus, mis sobib k\u00f5igile.<\/p>\n<p>Vihmamantlid on 100% veekindlad ja valmistatud 100% sertifitseeritud taaskasutatud pol\u00fcestrist.<\/p>\n<p>\u00dche mantli tegemiseks on kulunud umbes 20 taaskasutatud PET-plastikpudelit.<\/p>\n<p><a href=\"https:\/\/rainkiss.com\/pages\/recycled-polyester\"><img fetchpriority=\"high\" decoding=\"async\" class=\"size-medium wp-image-134885 aligncenter\" src=\"https:\/\/gate21.ee\/wp-content\/uploads\/2023\/02\/Process-300x213.png\" alt=\"\" width=\"300\" height=\"213\" srcset=\"https:\/\/gate21.ee\/wp-content\/uploads\/2023\/02\/Process-300x213.png 300w, https:\/\/gate21.ee\/wp-content\/uploads\/2023\/02\/Process-1024x727.png 1024w, https:\/\/gate21.ee\/wp-content\/uploads\/2023\/02\/Process-768x545.png 768w, https:\/\/gate21.ee\/wp-content\/uploads\/2023\/02\/Process-18x12.png 18w, https:\/\/gate21.ee\/wp-content\/uploads\/2023\/02\/Process-600x426.png 600w, https:\/\/gate21.ee\/wp-content\/uploads\/2023\/02\/Process.png 1253w\" sizes=\"(max-width: 300px) 100vw, 300px\" \/><\/a><\/p>\n<p><a href=\"https:\/\/gate21.ee\/et\/brand\/rainkiss\/\">RAINKISS<\/a> on \u00f6kos\u00f5bralik br\u00e4nd Amsterdamist, kelle eesm\u00e4rgiks on asendada \u00fchekordseks kasutamiseks m\u00f5eldud vihmamantlid, mis sisaldavad palju petrooleumi, j\u00e4tkusuutlikuma, kauakestvama ja palju stiilsema versiooniga.<\/p>","protected":false},"excerpt":{"rendered":"<p>RAINKISS rain ponchos are easy to carry, easy to wear and offer an inclusive one-size fits all design. Each poncho is cut to perfection with taped seams, is 100% waterproof and is made from100% certified recycled polyester. In fact each poncho is made from approximately 20 recycled PET bottles! RAINKISS are an eco-friendly brand from [&hellip;]<\/p>\n","protected":false},"featured_media":151569,"comment_status":"closed","ping_status":"closed","template":"","meta":{"site-sidebar-layout":"default","site-content-layout":"default","ast-site-content-layout":"default","site-content-style":"default","site-sidebar-style":"default","ast-global-header-display":"","ast-banner-title-visibility":"","ast-main-header-display":"","ast-hfb-above-header-display":"","ast-hfb-below-header-display":"","ast-hfb-mobile-header-display":"","site-post-title":"","ast-breadcrumbs-content":"","ast-featured-img":"","footer-sml-layout":"","ast-disable-related-posts":"","theme-transparent-header-meta":"default","adv-header-id-meta":"","stick-header-meta":"default","header-above-stick-meta":"","header-main-stick-meta":"","header-below-stick-meta":"","astra-migrate-meta-layouts":"default","ast-page-background-enabled":"default","ast-page-background-meta":{"desktop":{"background-color":"","background-image":"","background-repeat":"repeat","background-position":"center center","background-size":"auto","background-attachment":"scroll","background-type":"","background-media":"","overlay-type":"","overlay-color":"","overlay-opacity":"","overlay-gradient":""},"tablet":{"background-color":"","background-image":"","background-repeat":"repeat","background-position":"center center","background-size":"auto","background-attachment":"scroll","background-type":"","background-media":"","overlay-type":"","overlay-color":"","overlay-opacity":"","overlay-gradient":""},"mobile":{"background-color":"","background-image":"","background-repeat":"repeat","background-position":"center center","background-size":"auto","background-attachment":"scroll","background-type":"","background-media":"","overlay-type":"","overlay-color":"","overlay-opacity":"","overlay-gradient":""}},"ast-content-background-meta":{"desktop":{"background-color":"var(--ast-global-color-5)","background-image":"","background-repeat":"repeat","background-position":"center center","background-size":"auto","background-attachment":"scroll","background-type":"","background-media":"","overlay-type":"","overlay-color":"","overlay-opacity":"","overlay-gradient":""},"tablet":{"background-color":"var(--ast-global-color-5)","background-image":"","background-repeat":"repeat","background-position":"center center","background-size":"auto","background-attachment":"scroll","background-type":"","background-media":"","overlay-type":"","overlay-color":"","overlay-opacity":"","overlay-gradient":""},"mobile":{"background-color":"var(--ast-global-color-5)","background-image":"","background-repeat":"repeat","background-position":"center center","background-size":"auto","background-attachment":"scroll","background-type":"","background-media":"","overlay-type":"","overlay-color":"","overlay-opacity":"","overlay-gradient":""}}},"pwb-brand":[575],"product_brand":[],"product_cat":[56,135],"product_tag":[],"class_list":{"0":"post-151567","1":"product","2":"type-product","3":"status-publish","4":"has-post-thumbnail","6":"pwb-brand-rainkiss","7":"product_cat-clothing","8":"product_cat-raincoats","9":"desktop-align-center","10":"tablet-align-center","11":"mobile-align-center","12":"ast-product-gallery-layout-vertical","13":"ast-product-tabs-layout-horizontal","15":"first","16":"outofstock","17":"taxable","18":"shipping-taxable","19":"purchasable","20":"product-type-simple"},"yoast_head":"<!-- This site is optimized with the Yoast SEO plugin v27.4 - https:\/\/yoast.com\/product\/yoast-seo-wordpress\/ -->\n<title>Storm Camo &#8226; Gate21<\/title>\n<meta name=\"description\" content=\"RAINKISS rain ponchos are easy to carry, easy to wear and offer an inclusive one-size fits all design made from recycled PET bottles.\" \/>\n<meta name=\"robots\" content=\"index, follow, max-snippet:-1, max-image-preview:large, max-video-preview:-1\" \/>\n<link rel=\"canonical\" href=\"https:\/\/gate21.ee\/et\/shop\/storm-camo\/\" \/>\n<meta property=\"og:locale\" content=\"et_EE\" \/>\n<meta property=\"og:type\" content=\"article\" \/>\n<meta property=\"og:title\" content=\"Storm Camo &#8226; Gate21\" \/>\n<meta property=\"og:description\" content=\"RAINKISS rain ponchos are easy to carry, easy to wear and offer an inclusive one-size fits all design made from recycled PET bottles.\" \/>\n<meta property=\"og:url\" content=\"https:\/\/gate21.ee\/et\/shop\/storm-camo\/\" \/>\n<meta property=\"og:site_name\" content=\"Gate21\" \/>\n<meta property=\"article:publisher\" content=\"https:\/\/www.facebook.com\/gate21.ee\/\" \/>\n<meta property=\"article:modified_time\" content=\"2024-08-31T08:21:40+00:00\" \/>\n<meta property=\"og:image\" content=\"https:\/\/gate21.ee\/wp-content\/uploads\/2023\/08\/Untitled-removebg-preview.png\" \/>\n\t<meta property=\"og:image:width\" content=\"445\" \/>\n\t<meta property=\"og:image:height\" content=\"561\" \/>\n\t<meta property=\"og:image:type\" content=\"image\/png\" \/>\n<meta name=\"twitter:card\" content=\"summary_large_image\" \/>\n<script type=\"application\/ld+json\" class=\"yoast-schema-graph\">{\"@context\":\"https:\\\/\\\/schema.org\",\"@graph\":[{\"@type\":\"WebPage\",\"@id\":\"https:\\\/\\\/gate21.ee\\\/shop\\\/storm-camo\\\/\",\"url\":\"https:\\\/\\\/gate21.ee\\\/shop\\\/storm-camo\\\/\",\"name\":\"Storm Camo &#8226; Gate21\",\"isPartOf\":{\"@id\":\"https:\\\/\\\/gate21.ee\\\/#website\"},\"primaryImageOfPage\":{\"@id\":\"https:\\\/\\\/gate21.ee\\\/shop\\\/storm-camo\\\/#primaryimage\"},\"image\":{\"@id\":\"https:\\\/\\\/gate21.ee\\\/shop\\\/storm-camo\\\/#primaryimage\"},\"thumbnailUrl\":\"https:\\\/\\\/gate21.ee\\\/wp-content\\\/uploads\\\/2023\\\/08\\\/Untitled-removebg-preview.png\",\"datePublished\":\"2023-08-14T09:55:49+00:00\",\"dateModified\":\"2024-08-31T08:21:40+00:00\",\"description\":\"RAINKISS rain ponchos are easy to carry, easy to wear and offer an inclusive one-size fits all design made from recycled PET bottles.\",\"breadcrumb\":{\"@id\":\"https:\\\/\\\/gate21.ee\\\/shop\\\/storm-camo\\\/#breadcrumb\"},\"inLanguage\":\"et\",\"potentialAction\":[{\"@type\":\"ReadAction\",\"target\":[\"https:\\\/\\\/gate21.ee\\\/shop\\\/storm-camo\\\/\"]}]},{\"@type\":\"ImageObject\",\"inLanguage\":\"et\",\"@id\":\"https:\\\/\\\/gate21.ee\\\/shop\\\/storm-camo\\\/#primaryimage\",\"url\":\"https:\\\/\\\/gate21.ee\\\/wp-content\\\/uploads\\\/2023\\\/08\\\/Untitled-removebg-preview.png\",\"contentUrl\":\"https:\\\/\\\/gate21.ee\\\/wp-content\\\/uploads\\\/2023\\\/08\\\/Untitled-removebg-preview.png\",\"width\":445,\"height\":561,\"caption\":\"Wearing Storm Camo\u2014a sleek, loose, hooded poncho inspired by Estonian design\u2014with sunglasses, boots, and jeans, a person stands against a white background, holding the edge of their hood. Gate21.ee\"},{\"@type\":\"BreadcrumbList\",\"@id\":\"https:\\\/\\\/gate21.ee\\\/shop\\\/storm-camo\\\/#breadcrumb\",\"itemListElement\":[{\"@type\":\"ListItem\",\"position\":1,\"name\":\"Home\",\"item\":\"https:\\\/\\\/gate21.ee\\\/\"},{\"@type\":\"ListItem\",\"position\":2,\"name\":\"Storm Camo\"}]},{\"@type\":\"WebSite\",\"@id\":\"https:\\\/\\\/gate21.ee\\\/#website\",\"url\":\"https:\\\/\\\/gate21.ee\\\/\",\"name\":\"Gate21\",\"description\":\"Gift concept store Gate21\",\"publisher\":{\"@id\":\"https:\\\/\\\/gate21.ee\\\/#organization\"},\"alternateName\":\"gate21\",\"potentialAction\":[{\"@type\":\"SearchAction\",\"target\":{\"@type\":\"EntryPoint\",\"urlTemplate\":\"https:\\\/\\\/gate21.ee\\\/?s={search_term_string}\"},\"query-input\":{\"@type\":\"PropertyValueSpecification\",\"valueRequired\":true,\"valueName\":\"search_term_string\"}}],\"inLanguage\":\"et\"},{\"@type\":\"Organization\",\"@id\":\"https:\\\/\\\/gate21.ee\\\/#organization\",\"name\":\"Gate21\",\"alternateName\":\"Gate21, Oma Asi and Oma Asi Design Store\",\"url\":\"https:\\\/\\\/gate21.ee\\\/\",\"logo\":{\"@type\":\"ImageObject\",\"inLanguage\":\"et\",\"@id\":\"https:\\\/\\\/gate21.ee\\\/#\\\/schema\\\/logo\\\/image\\\/\",\"url\":\"https:\\\/\\\/gate21.ee\\\/wp-content\\\/uploads\\\/2021\\\/11\\\/Gate_21_Logo_2_Valge.png\",\"contentUrl\":\"https:\\\/\\\/gate21.ee\\\/wp-content\\\/uploads\\\/2021\\\/11\\\/Gate_21_Logo_2_Valge.png\",\"width\":2560,\"height\":2560,\"caption\":\"Gate21\"},\"image\":{\"@id\":\"https:\\\/\\\/gate21.ee\\\/#\\\/schema\\\/logo\\\/image\\\/\"},\"sameAs\":[\"https:\\\/\\\/www.facebook.com\\\/gate21.ee\\\/\",\"https:\\\/\\\/www.instagram.com\\\/gate21.ee\\\/\",\"https:\\\/\\\/www.instagram.com\\\/omaasidesign\\\/\",\"https:\\\/\\\/www.instagram.com\\\/omaasi\\\/\",\"https:\\\/\\\/www.facebook.com\\\/omaasidesign\\\/\",\"https:\\\/\\\/www.facebook.com\\\/omaasilittleredhouse\\\/\",\"https:\\\/\\\/www.tiktok.com\\\/@gate21.ee\"]}]}<\/script>\n<!-- \/ Yoast SEO plugin. -->","yoast_head_json":{"title":"Storm Camo &#8226; Gate21","description":"RAINKISS rain ponchos are easy to carry, easy to wear and offer an inclusive one-size fits all design made from recycled PET bottles.","robots":{"index":"index","follow":"follow","max-snippet":"max-snippet:-1","max-image-preview":"max-image-preview:large","max-video-preview":"max-video-preview:-1"},"canonical":"https:\/\/gate21.ee\/et\/shop\/storm-camo\/","og_locale":"et_EE","og_type":"article","og_title":"Storm Camo &#8226; Gate21","og_description":"RAINKISS rain ponchos are easy to carry, easy to wear and offer an inclusive one-size fits all design made from recycled PET bottles.","og_url":"https:\/\/gate21.ee\/et\/shop\/storm-camo\/","og_site_name":"Gate21","article_publisher":"https:\/\/www.facebook.com\/gate21.ee\/","article_modified_time":"2024-08-31T08:21:40+00:00","og_image":[{"width":445,"height":561,"url":"https:\/\/gate21.ee\/wp-content\/uploads\/2023\/08\/Untitled-removebg-preview.png","type":"image\/png"}],"twitter_card":"summary_large_image","schema":{"@context":"https:\/\/schema.org","@graph":[{"@type":"WebPage","@id":"https:\/\/gate21.ee\/shop\/storm-camo\/","url":"https:\/\/gate21.ee\/shop\/storm-camo\/","name":"Storm Camo &#8226; Gate21","isPartOf":{"@id":"https:\/\/gate21.ee\/#website"},"primaryImageOfPage":{"@id":"https:\/\/gate21.ee\/shop\/storm-camo\/#primaryimage"},"image":{"@id":"https:\/\/gate21.ee\/shop\/storm-camo\/#primaryimage"},"thumbnailUrl":"https:\/\/gate21.ee\/wp-content\/uploads\/2023\/08\/Untitled-removebg-preview.png","datePublished":"2023-08-14T09:55:49+00:00","dateModified":"2024-08-31T08:21:40+00:00","description":"RAINKISS rain ponchos are easy to carry, easy to wear and offer an inclusive one-size fits all design made from recycled PET bottles.","breadcrumb":{"@id":"https:\/\/gate21.ee\/shop\/storm-camo\/#breadcrumb"},"inLanguage":"et","potentialAction":[{"@type":"ReadAction","target":["https:\/\/gate21.ee\/shop\/storm-camo\/"]}]},{"@type":"ImageObject","inLanguage":"et","@id":"https:\/\/gate21.ee\/shop\/storm-camo\/#primaryimage","url":"https:\/\/gate21.ee\/wp-content\/uploads\/2023\/08\/Untitled-removebg-preview.png","contentUrl":"https:\/\/gate21.ee\/wp-content\/uploads\/2023\/08\/Untitled-removebg-preview.png","width":445,"height":561,"caption":"Wearing Storm Camo\u2014a sleek, loose, hooded poncho inspired by Estonian design\u2014with sunglasses, boots, and jeans, a person stands against a white background, holding the edge of their hood. Gate21.ee"},{"@type":"BreadcrumbList","@id":"https:\/\/gate21.ee\/shop\/storm-camo\/#breadcrumb","itemListElement":[{"@type":"ListItem","position":1,"name":"Home","item":"https:\/\/gate21.ee\/"},{"@type":"ListItem","position":2,"name":"Storm Camo"}]},{"@type":"WebSite","@id":"https:\/\/gate21.ee\/#website","url":"https:\/\/gate21.ee\/","name":"Gate21","description":"Gift concept store Gate21","publisher":{"@id":"https:\/\/gate21.ee\/#organization"},"alternateName":"gate21","potentialAction":[{"@type":"SearchAction","target":{"@type":"EntryPoint","urlTemplate":"https:\/\/gate21.ee\/?s={search_term_string}"},"query-input":{"@type":"PropertyValueSpecification","valueRequired":true,"valueName":"search_term_string"}}],"inLanguage":"et"},{"@type":"Organization","@id":"https:\/\/gate21.ee\/#organization","name":"Gate21","alternateName":"Gate21, Oma Asi and Oma Asi Design Store","url":"https:\/\/gate21.ee\/","logo":{"@type":"ImageObject","inLanguage":"et","@id":"https:\/\/gate21.ee\/#\/schema\/logo\/image\/","url":"https:\/\/gate21.ee\/wp-content\/uploads\/2021\/11\/Gate_21_Logo_2_Valge.png","contentUrl":"https:\/\/gate21.ee\/wp-content\/uploads\/2021\/11\/Gate_21_Logo_2_Valge.png","width":2560,"height":2560,"caption":"Gate21"},"image":{"@id":"https:\/\/gate21.ee\/#\/schema\/logo\/image\/"},"sameAs":["https:\/\/www.facebook.com\/gate21.ee\/","https:\/\/www.instagram.com\/gate21.ee\/","https:\/\/www.instagram.com\/omaasidesign\/","https:\/\/www.instagram.com\/omaasi\/","https:\/\/www.facebook.com\/omaasidesign\/","https:\/\/www.facebook.com\/omaasilittleredhouse\/","https:\/\/www.tiktok.com\/@gate21.ee"]}]}},"jetpack_sharing_enabled":true,"brands":[{"id":575,"name":"RAINKISS","slug":"rainkiss"}],"_links":{"self":[{"href":"https:\/\/gate21.ee\/et\/wp-json\/wp\/v2\/product\/151567","targetHints":{"allow":["GET"]}}],"collection":[{"href":"https:\/\/gate21.ee\/et\/wp-json\/wp\/v2\/product"}],"about":[{"href":"https:\/\/gate21.ee\/et\/wp-json\/wp\/v2\/types\/product"}],"replies":[{"embeddable":true,"href":"https:\/\/gate21.ee\/et\/wp-json\/wp\/v2\/comments?post=151567"}],"version-history":[{"count":0,"href":"https:\/\/gate21.ee\/et\/wp-json\/wp\/v2\/product\/151567\/revisions"}],"wp:featuredmedia":[{"embeddable":true,"href":"https:\/\/gate21.ee\/et\/wp-json\/wp\/v2\/media\/151569"}],"wp:attachment":[{"href":"https:\/\/gate21.ee\/et\/wp-json\/wp\/v2\/media?parent=151567"}],"wp:term":[{"taxonomy":"pwb-brand","embeddable":true,"href":"https:\/\/gate21.ee\/et\/wp-json\/wp\/v2\/pwb-brand?post=151567"},{"taxonomy":"product_brand","embeddable":true,"href":"https:\/\/gate21.ee\/et\/wp-json\/wp\/v2\/product_brand?post=151567"},{"taxonomy":"product_cat","embeddable":true,"href":"https:\/\/gate21.ee\/et\/wp-json\/wp\/v2\/product_cat?post=151567"},{"taxonomy":"product_tag","embeddable":true,"href":"https:\/\/gate21.ee\/et\/wp-json\/wp\/v2\/product_tag?post=151567"}],"curies":[{"name":"wp","href":"https:\/\/api.w.org\/{rel}","templated":true}]}}