{"id":138982,"date":"2023-04-18T14:59:45","date_gmt":"2023-04-18T11:59:45","guid":{"rendered":"https:\/\/gate21.ee\/?post_type=product&#038;p=138982"},"modified":"2025-07-08T17:47:37","modified_gmt":"2025-07-08T14:47:37","slug":"the-confessions-game","status":"publish","type":"product","link":"https:\/\/gate21.ee\/et\/shop\/the-confessions-game\/","title":{"rendered":"\"The Confessions\" kaardim\u00e4ng"},"content":{"rendered":"<p>The School of Life on loodud, et \u00f5ppida, terveneda ja kasvada l\u00e4bi intelligentsete <a href=\"https:\/\/gate21.ee\/et\/tootekategooria\/allsorts\/adult_games\/\">m\u00e4ngude<\/a>. M\u00e4ngude eesm\u00e4rgiks on luua meelerahu, ennast paremini tundma \u00f5ppida, parendada suhteid ja l\u00e4bisaamisi l\u00e4hedastega ning juhtida efektiivselt oma t\u00f6\u00f6- ja eraelu.<\/p>\n<p><img fetchpriority=\"high\" decoding=\"async\" class=\"alignnone size-medium wp-image-136154\" src=\"https:\/\/gate21.ee\/wp-content\/uploads\/2023\/03\/3d6a963905d89ce30399c4332445bc94-300x209.jpg\" alt=\"\" width=\"300\" height=\"209\" srcset=\"https:\/\/gate21.ee\/wp-content\/uploads\/2023\/03\/3d6a963905d89ce30399c4332445bc94-300x209.jpg 300w, https:\/\/gate21.ee\/wp-content\/uploads\/2023\/03\/3d6a963905d89ce30399c4332445bc94-768x536.jpg 768w, https:\/\/gate21.ee\/wp-content\/uploads\/2023\/03\/3d6a963905d89ce30399c4332445bc94-18x12.jpg 18w, https:\/\/gate21.ee\/wp-content\/uploads\/2023\/03\/3d6a963905d89ce30399c4332445bc94-600x419.jpg 600w, https:\/\/gate21.ee\/wp-content\/uploads\/2023\/03\/3d6a963905d89ce30399c4332445bc94.jpg 860w\" sizes=\"(max-width: 300px) 100vw, 300px\" \/><\/p>\n<p><a href=\"https:\/\/gate21.ee\/et\/brand\/school_of_life\/\">Elukool<\/a> ammutab informatsiooni ps\u00fchholoogiast, ps\u00fchhoteraapiast, filosoofiast, kunstist ja kultuurist. M\u00e4ngud on loodud selleks, et inimesed elaksid oma parimat elu v\u00f5imalikult efektiivselt ja nauditavalt.<\/p>","protected":false},"excerpt":{"rendered":"<p>The School of Life is here to help you learn, heal and grow with intelligent games. Devoted to bringing you calm, self-understanding, better relationships, deeper friendships, better family life and even\u00a0greater effectiveness at work and your leisure time! The School of Life derive their ideas from psychology, psychotherapy, philosophy, art and culture. The games are [&hellip;]<\/p>\n","protected":false},"featured_media":138974,"comment_status":"closed","ping_status":"closed","template":"","meta":{"site-sidebar-layout":"default","site-content-layout":"default","ast-site-content-layout":"default","site-content-style":"default","site-sidebar-style":"default","ast-global-header-display":"","ast-banner-title-visibility":"","ast-main-header-display":"","ast-hfb-above-header-display":"","ast-hfb-below-header-display":"","ast-hfb-mobile-header-display":"","site-post-title":"","ast-breadcrumbs-content":"","ast-featured-img":"","footer-sml-layout":"","ast-disable-related-posts":"","theme-transparent-header-meta":"default","adv-header-id-meta":"","stick-header-meta":"default","header-above-stick-meta":"","header-main-stick-meta":"","header-below-stick-meta":"","astra-migrate-meta-layouts":"default","ast-page-background-enabled":"default","ast-page-background-meta":{"desktop":{"background-color":"","background-image":"","background-repeat":"repeat","background-position":"center center","background-size":"auto","background-attachment":"scroll","background-type":"","background-media":"","overlay-type":"","overlay-color":"","overlay-opacity":"","overlay-gradient":""},"tablet":{"background-color":"","background-image":"","background-repeat":"repeat","background-position":"center center","background-size":"auto","background-attachment":"scroll","background-type":"","background-media":"","overlay-type":"","overlay-color":"","overlay-opacity":"","overlay-gradient":""},"mobile":{"background-color":"","background-image":"","background-repeat":"repeat","background-position":"center center","background-size":"auto","background-attachment":"scroll","background-type":"","background-media":"","overlay-type":"","overlay-color":"","overlay-opacity":"","overlay-gradient":""}},"ast-content-background-meta":{"desktop":{"background-color":"var(--ast-global-color-5)","background-image":"","background-repeat":"repeat","background-position":"center center","background-size":"auto","background-attachment":"scroll","background-type":"","background-media":"","overlay-type":"","overlay-color":"","overlay-opacity":"","overlay-gradient":""},"tablet":{"background-color":"var(--ast-global-color-5)","background-image":"","background-repeat":"repeat","background-position":"center center","background-size":"auto","background-attachment":"scroll","background-type":"","background-media":"","overlay-type":"","overlay-color":"","overlay-opacity":"","overlay-gradient":""},"mobile":{"background-color":"var(--ast-global-color-5)","background-image":"","background-repeat":"repeat","background-position":"center center","background-size":"auto","background-attachment":"scroll","background-type":"","background-media":"","overlay-type":"","overlay-color":"","overlay-opacity":"","overlay-gradient":""}}},"pwb-brand":[577],"product_brand":[],"product_cat":[43,533],"product_tag":[],"class_list":{"0":"post-138982","1":"product","2":"type-product","3":"status-publish","4":"has-post-thumbnail","6":"pwb-brand-school_of_life","7":"product_cat-allsorts","8":"product_cat-table_games","9":"desktop-align-center","10":"tablet-align-center","11":"mobile-align-center","12":"ast-product-gallery-layout-vertical","13":"ast-product-tabs-layout-horizontal","15":"first","16":"instock","17":"taxable","18":"shipping-taxable","19":"purchasable","20":"product-type-simple"},"yoast_head":"<!-- This site is optimized with the Yoast SEO plugin v27.4 - https:\/\/yoast.com\/product\/yoast-seo-wordpress\/ -->\n<title>The Confessions Game &#8226; Gate21<\/title>\n<meta name=\"description\" content=\"The School of Life derive their ideas from psychology, psychotherapy, philosophy, art and culture. The games are here to help people live their best life!\" \/>\n<meta name=\"robots\" content=\"index, follow, max-snippet:-1, max-image-preview:large, max-video-preview:-1\" \/>\n<link rel=\"canonical\" href=\"https:\/\/gate21.ee\/et\/shop\/the-confessions-game\/\" \/>\n<meta property=\"og:locale\" content=\"et_EE\" \/>\n<meta property=\"og:type\" content=\"article\" \/>\n<meta property=\"og:title\" content=\"The Confessions Game &#8226; Gate21\" \/>\n<meta property=\"og:description\" content=\"The School of Life derive their ideas from psychology, psychotherapy, philosophy, art and culture. The games are here to help people live their best life!\" \/>\n<meta property=\"og:url\" content=\"https:\/\/gate21.ee\/et\/shop\/the-confessions-game\/\" \/>\n<meta property=\"og:site_name\" content=\"Gate21\" \/>\n<meta property=\"article:publisher\" content=\"https:\/\/www.facebook.com\/gate21.ee\/\" \/>\n<meta property=\"article:modified_time\" content=\"2025-07-08T14:47:37+00:00\" \/>\n<meta property=\"og:image\" content=\"https:\/\/gate21.ee\/wp-content\/uploads\/2023\/04\/The-Confessions-Game_01.jpeg\" \/>\n\t<meta property=\"og:image:width\" content=\"1280\" \/>\n\t<meta property=\"og:image:height\" content=\"964\" \/>\n\t<meta property=\"og:image:type\" content=\"image\/jpeg\" \/>\n<meta name=\"twitter:card\" content=\"summary_large_image\" \/>\n<script type=\"application\/ld+json\" class=\"yoast-schema-graph\">{\"@context\":\"https:\\\/\\\/schema.org\",\"@graph\":[{\"@type\":\"WebPage\",\"@id\":\"https:\\\/\\\/gate21.ee\\\/shop\\\/the-confessions-game\\\/\",\"url\":\"https:\\\/\\\/gate21.ee\\\/shop\\\/the-confessions-game\\\/\",\"name\":\"The Confessions Game &#8226; Gate21\",\"isPartOf\":{\"@id\":\"https:\\\/\\\/gate21.ee\\\/#website\"},\"primaryImageOfPage\":{\"@id\":\"https:\\\/\\\/gate21.ee\\\/shop\\\/the-confessions-game\\\/#primaryimage\"},\"image\":{\"@id\":\"https:\\\/\\\/gate21.ee\\\/shop\\\/the-confessions-game\\\/#primaryimage\"},\"thumbnailUrl\":\"https:\\\/\\\/gate21.ee\\\/wp-content\\\/uploads\\\/2023\\\/04\\\/The-Confessions-Game_01.jpeg\",\"datePublished\":\"2023-04-18T11:59:45+00:00\",\"dateModified\":\"2025-07-08T14:47:37+00:00\",\"description\":\"The School of Life derive their ideas from psychology, psychotherapy, philosophy, art and culture. The games are here to help people live their best life!\",\"breadcrumb\":{\"@id\":\"https:\\\/\\\/gate21.ee\\\/shop\\\/the-confessions-game\\\/#breadcrumb\"},\"inLanguage\":\"et\",\"potentialAction\":[{\"@type\":\"ReadAction\",\"target\":[\"https:\\\/\\\/gate21.ee\\\/shop\\\/the-confessions-game\\\/\"]}]},{\"@type\":\"ImageObject\",\"inLanguage\":\"et\",\"@id\":\"https:\\\/\\\/gate21.ee\\\/shop\\\/the-confessions-game\\\/#primaryimage\",\"url\":\"https:\\\/\\\/gate21.ee\\\/wp-content\\\/uploads\\\/2023\\\/04\\\/The-Confessions-Game_01.jpeg\",\"contentUrl\":\"https:\\\/\\\/gate21.ee\\\/wp-content\\\/uploads\\\/2023\\\/04\\\/The-Confessions-Game_01.jpeg\",\"width\":1280,\"height\":964,\"caption\":\"A black and white box with ornate patterns and the text \\\"Parents & Teenagers Game\\\" on the lid, photographed from above on a white background with a shadow to the right\u2014a striking example of unique ideas in Estonian design. Gate21.ee\"},{\"@type\":\"BreadcrumbList\",\"@id\":\"https:\\\/\\\/gate21.ee\\\/shop\\\/the-confessions-game\\\/#breadcrumb\",\"itemListElement\":[{\"@type\":\"ListItem\",\"position\":1,\"name\":\"Home\",\"item\":\"https:\\\/\\\/gate21.ee\\\/\"},{\"@type\":\"ListItem\",\"position\":2,\"name\":\"The Confessions Game\"}]},{\"@type\":\"WebSite\",\"@id\":\"https:\\\/\\\/gate21.ee\\\/#website\",\"url\":\"https:\\\/\\\/gate21.ee\\\/\",\"name\":\"Gate21\",\"description\":\"Gift concept store Gate21\",\"publisher\":{\"@id\":\"https:\\\/\\\/gate21.ee\\\/#organization\"},\"alternateName\":\"gate21\",\"potentialAction\":[{\"@type\":\"SearchAction\",\"target\":{\"@type\":\"EntryPoint\",\"urlTemplate\":\"https:\\\/\\\/gate21.ee\\\/?s={search_term_string}\"},\"query-input\":{\"@type\":\"PropertyValueSpecification\",\"valueRequired\":true,\"valueName\":\"search_term_string\"}}],\"inLanguage\":\"et\"},{\"@type\":\"Organization\",\"@id\":\"https:\\\/\\\/gate21.ee\\\/#organization\",\"name\":\"Gate21\",\"alternateName\":\"Gate21, Oma Asi and Oma Asi Design Store\",\"url\":\"https:\\\/\\\/gate21.ee\\\/\",\"logo\":{\"@type\":\"ImageObject\",\"inLanguage\":\"et\",\"@id\":\"https:\\\/\\\/gate21.ee\\\/#\\\/schema\\\/logo\\\/image\\\/\",\"url\":\"https:\\\/\\\/gate21.ee\\\/wp-content\\\/uploads\\\/2021\\\/11\\\/Gate_21_Logo_2_Valge.png\",\"contentUrl\":\"https:\\\/\\\/gate21.ee\\\/wp-content\\\/uploads\\\/2021\\\/11\\\/Gate_21_Logo_2_Valge.png\",\"width\":2560,\"height\":2560,\"caption\":\"Gate21\"},\"image\":{\"@id\":\"https:\\\/\\\/gate21.ee\\\/#\\\/schema\\\/logo\\\/image\\\/\"},\"sameAs\":[\"https:\\\/\\\/www.facebook.com\\\/gate21.ee\\\/\",\"https:\\\/\\\/www.instagram.com\\\/gate21.ee\\\/\",\"https:\\\/\\\/www.instagram.com\\\/omaasidesign\\\/\",\"https:\\\/\\\/www.instagram.com\\\/omaasi\\\/\",\"https:\\\/\\\/www.facebook.com\\\/omaasidesign\\\/\",\"https:\\\/\\\/www.facebook.com\\\/omaasilittleredhouse\\\/\",\"https:\\\/\\\/www.tiktok.com\\\/@gate21.ee\"]}]}<\/script>\n<!-- \/ Yoast SEO plugin. -->","yoast_head_json":{"title":"The Confessions Game &#8226; Gate21","description":"The School of Life derive their ideas from psychology, psychotherapy, philosophy, art and culture. The games are here to help people live their best life!","robots":{"index":"index","follow":"follow","max-snippet":"max-snippet:-1","max-image-preview":"max-image-preview:large","max-video-preview":"max-video-preview:-1"},"canonical":"https:\/\/gate21.ee\/et\/shop\/the-confessions-game\/","og_locale":"et_EE","og_type":"article","og_title":"The Confessions Game &#8226; Gate21","og_description":"The School of Life derive their ideas from psychology, psychotherapy, philosophy, art and culture. The games are here to help people live their best life!","og_url":"https:\/\/gate21.ee\/et\/shop\/the-confessions-game\/","og_site_name":"Gate21","article_publisher":"https:\/\/www.facebook.com\/gate21.ee\/","article_modified_time":"2025-07-08T14:47:37+00:00","og_image":[{"width":1280,"height":964,"url":"https:\/\/gate21.ee\/wp-content\/uploads\/2023\/04\/The-Confessions-Game_01.jpeg","type":"image\/jpeg"}],"twitter_card":"summary_large_image","schema":{"@context":"https:\/\/schema.org","@graph":[{"@type":"WebPage","@id":"https:\/\/gate21.ee\/shop\/the-confessions-game\/","url":"https:\/\/gate21.ee\/shop\/the-confessions-game\/","name":"The Confessions Game &#8226; Gate21","isPartOf":{"@id":"https:\/\/gate21.ee\/#website"},"primaryImageOfPage":{"@id":"https:\/\/gate21.ee\/shop\/the-confessions-game\/#primaryimage"},"image":{"@id":"https:\/\/gate21.ee\/shop\/the-confessions-game\/#primaryimage"},"thumbnailUrl":"https:\/\/gate21.ee\/wp-content\/uploads\/2023\/04\/The-Confessions-Game_01.jpeg","datePublished":"2023-04-18T11:59:45+00:00","dateModified":"2025-07-08T14:47:37+00:00","description":"The School of Life derive their ideas from psychology, psychotherapy, philosophy, art and culture. The games are here to help people live their best life!","breadcrumb":{"@id":"https:\/\/gate21.ee\/shop\/the-confessions-game\/#breadcrumb"},"inLanguage":"et","potentialAction":[{"@type":"ReadAction","target":["https:\/\/gate21.ee\/shop\/the-confessions-game\/"]}]},{"@type":"ImageObject","inLanguage":"et","@id":"https:\/\/gate21.ee\/shop\/the-confessions-game\/#primaryimage","url":"https:\/\/gate21.ee\/wp-content\/uploads\/2023\/04\/The-Confessions-Game_01.jpeg","contentUrl":"https:\/\/gate21.ee\/wp-content\/uploads\/2023\/04\/The-Confessions-Game_01.jpeg","width":1280,"height":964,"caption":"A black and white box with ornate patterns and the text \"Parents & Teenagers Game\" on the lid, photographed from above on a white background with a shadow to the right\u2014a striking example of unique ideas in Estonian design. Gate21.ee"},{"@type":"BreadcrumbList","@id":"https:\/\/gate21.ee\/shop\/the-confessions-game\/#breadcrumb","itemListElement":[{"@type":"ListItem","position":1,"name":"Home","item":"https:\/\/gate21.ee\/"},{"@type":"ListItem","position":2,"name":"The Confessions Game"}]},{"@type":"WebSite","@id":"https:\/\/gate21.ee\/#website","url":"https:\/\/gate21.ee\/","name":"Gate21","description":"Kingituskontseptsioonipood Gate21","publisher":{"@id":"https:\/\/gate21.ee\/#organization"},"alternateName":"gate21","potentialAction":[{"@type":"SearchAction","target":{"@type":"EntryPoint","urlTemplate":"https:\/\/gate21.ee\/?s={search_term_string}"},"query-input":{"@type":"PropertyValueSpecification","valueRequired":true,"valueName":"search_term_string"}}],"inLanguage":"et"},{"@type":"Organization","@id":"https:\/\/gate21.ee\/#organization","name":"Gate21","alternateName":"Gate21, Oma Asi and Oma Asi Design Store","url":"https:\/\/gate21.ee\/","logo":{"@type":"ImageObject","inLanguage":"et","@id":"https:\/\/gate21.ee\/#\/schema\/logo\/image\/","url":"https:\/\/gate21.ee\/wp-content\/uploads\/2021\/11\/Gate_21_Logo_2_Valge.png","contentUrl":"https:\/\/gate21.ee\/wp-content\/uploads\/2021\/11\/Gate_21_Logo_2_Valge.png","width":2560,"height":2560,"caption":"Gate21"},"image":{"@id":"https:\/\/gate21.ee\/#\/schema\/logo\/image\/"},"sameAs":["https:\/\/www.facebook.com\/gate21.ee\/","https:\/\/www.instagram.com\/gate21.ee\/","https:\/\/www.instagram.com\/omaasidesign\/","https:\/\/www.instagram.com\/omaasi\/","https:\/\/www.facebook.com\/omaasidesign\/","https:\/\/www.facebook.com\/omaasilittleredhouse\/","https:\/\/www.tiktok.com\/@gate21.ee"]}]}},"jetpack_sharing_enabled":true,"brands":[{"id":577,"name":"School of Life","slug":"school_of_life"}],"_links":{"self":[{"href":"https:\/\/gate21.ee\/et\/wp-json\/wp\/v2\/product\/138982","targetHints":{"allow":["GET"]}}],"collection":[{"href":"https:\/\/gate21.ee\/et\/wp-json\/wp\/v2\/product"}],"about":[{"href":"https:\/\/gate21.ee\/et\/wp-json\/wp\/v2\/types\/product"}],"replies":[{"embeddable":true,"href":"https:\/\/gate21.ee\/et\/wp-json\/wp\/v2\/comments?post=138982"}],"version-history":[{"count":1,"href":"https:\/\/gate21.ee\/et\/wp-json\/wp\/v2\/product\/138982\/revisions"}],"predecessor-version":[{"id":220688,"href":"https:\/\/gate21.ee\/et\/wp-json\/wp\/v2\/product\/138982\/revisions\/220688"}],"wp:featuredmedia":[{"embeddable":true,"href":"https:\/\/gate21.ee\/et\/wp-json\/wp\/v2\/media\/138974"}],"wp:attachment":[{"href":"https:\/\/gate21.ee\/et\/wp-json\/wp\/v2\/media?parent=138982"}],"wp:term":[{"taxonomy":"pwb-brand","embeddable":true,"href":"https:\/\/gate21.ee\/et\/wp-json\/wp\/v2\/pwb-brand?post=138982"},{"taxonomy":"product_brand","embeddable":true,"href":"https:\/\/gate21.ee\/et\/wp-json\/wp\/v2\/product_brand?post=138982"},{"taxonomy":"product_cat","embeddable":true,"href":"https:\/\/gate21.ee\/et\/wp-json\/wp\/v2\/product_cat?post=138982"},{"taxonomy":"product_tag","embeddable":true,"href":"https:\/\/gate21.ee\/et\/wp-json\/wp\/v2\/product_tag?post=138982"}],"curies":[{"name":"wp","href":"https:\/\/api.w.org\/{rel}","templated":true}]}}