{"id":134486,"date":"2023-02-07T15:03:00","date_gmt":"2023-02-07T13:03:00","guid":{"rendered":"https:\/\/gate21.ee\/?post_type=product&#038;p=134486"},"modified":"2026-04-06T23:34:46","modified_gmt":"2026-04-06T20:34:46","slug":"feel-good-bag-dark-green","status":"publish","type":"product","link":"https:\/\/gate21.ee\/et\/shop\/feel-good-bag-dark-green\/","title":{"rendered":"Feel Good Bag \u2013 kopranahk"},"content":{"rendered":"<p>Tinne+Mia Feel Good <a href=\"https:\/\/gate21.ee\/et\/tootekategooria\/accessories\/bags\/\">Bag<\/a> on valmistatud vegan nahast, kokku volditud ja pakitud minimalistlikku v\u00e4iksesse kotti.<\/p>\n<p>P\u00f6\u00f6ratav Sage v\u00e4rviga!<\/p>\n<p>Valmistatud paindlikest s\u00fcnteetilistest kiududest, t\u00e4nu millele on kott veekindel.<\/p>\n<p>Pakitud v\u00e4iksesse kotti.<\/p>\n<p>Suurus: 41x36x10<\/p>\n<p>Materjal: v\u00e4ljast vegan nahk ja vooder nailonist.<\/p>\n<p><img fetchpriority=\"high\" decoding=\"async\" class=\"size-medium wp-image-134427\" src=\"https:\/\/gate21.ee\/wp-content\/uploads\/2023\/02\/about-tinne-and-mia-294x300.jpg\" alt=\"Tinne+Mia About me\" width=\"294\" height=\"300\" srcset=\"https:\/\/gate21.ee\/wp-content\/uploads\/2023\/02\/about-tinne-and-mia-294x300.jpg 294w, https:\/\/gate21.ee\/wp-content\/uploads\/2023\/02\/about-tinne-and-mia-1005x1024.jpg 1005w, https:\/\/gate21.ee\/wp-content\/uploads\/2023\/02\/about-tinne-and-mia-768x783.jpg 768w, https:\/\/gate21.ee\/wp-content\/uploads\/2023\/02\/about-tinne-and-mia-1508x1536.jpg 1508w, https:\/\/gate21.ee\/wp-content\/uploads\/2023\/02\/about-tinne-and-mia-12x12.jpg 12w, https:\/\/gate21.ee\/wp-content\/uploads\/2023\/02\/about-tinne-and-mia-600x611.jpg 600w, https:\/\/gate21.ee\/wp-content\/uploads\/2023\/02\/about-tinne-and-mia-50x50.jpg 50w, https:\/\/gate21.ee\/wp-content\/uploads\/2023\/02\/about-tinne-and-mia.jpg 2010w\" sizes=\"(max-width: 294px) 100vw, 294px\" \/><\/p>\n<p><a href=\"https:\/\/gate21.ee\/et\/brand\/tiine-mia\/\">Tinne+Mia<\/a> loodi 2012. aastal Karien Kuijpersi ja Marjan Godrie poolt Amsterdamis Hollandis.<\/p>\n<p>Nad disainivad klassikalise prantsuse \u00fctluse: \"Joie de vivre\" j\u00e4rgi, millele on lisatud Skandinaavialikku h\u00f5ngu.<\/p>","protected":false},"excerpt":{"rendered":"<p>The Tinne+Mia Feel Good bag is made of vegan leather, folded and packed in a beautiful minimalist pouch. Reversible with Sage colour! Made of a supple synthetic fibre that feels like soft leather and is also waterproof. Packed in a matching pouch. Size: 41x36x10cm Material: outside vegan leather and\u00a0inner nylon Tinne+Mia was founded in 2012 [&hellip;]<\/p>\n","protected":false},"featured_media":253898,"comment_status":"closed","ping_status":"closed","template":"","meta":{"site-sidebar-layout":"default","site-content-layout":"default","ast-site-content-layout":"default","site-content-style":"default","site-sidebar-style":"default","ast-global-header-display":"","ast-banner-title-visibility":"","ast-main-header-display":"","ast-hfb-above-header-display":"","ast-hfb-below-header-display":"","ast-hfb-mobile-header-display":"","site-post-title":"","ast-breadcrumbs-content":"","ast-featured-img":"","footer-sml-layout":"","ast-disable-related-posts":"","theme-transparent-header-meta":"default","adv-header-id-meta":"","stick-header-meta":"default","header-above-stick-meta":"","header-main-stick-meta":"","header-below-stick-meta":"","astra-migrate-meta-layouts":"set","ast-page-background-enabled":"default","ast-page-background-meta":{"desktop":{"background-color":"","background-image":"","background-repeat":"repeat","background-position":"center center","background-size":"auto","background-attachment":"scroll","background-type":"","background-media":"","overlay-type":"","overlay-color":"","overlay-opacity":"","overlay-gradient":""},"tablet":{"background-color":"","background-image":"","background-repeat":"repeat","background-position":"center center","background-size":"auto","background-attachment":"scroll","background-type":"","background-media":"","overlay-type":"","overlay-color":"","overlay-opacity":"","overlay-gradient":""},"mobile":{"background-color":"","background-image":"","background-repeat":"repeat","background-position":"center center","background-size":"auto","background-attachment":"scroll","background-type":"","background-media":"","overlay-type":"","overlay-color":"","overlay-opacity":"","overlay-gradient":""}},"ast-content-background-meta":{"desktop":{"background-color":"var(--ast-global-color-5)","background-image":"","background-repeat":"repeat","background-position":"center center","background-size":"auto","background-attachment":"scroll","background-type":"","background-media":"","overlay-type":"","overlay-color":"","overlay-opacity":"","overlay-gradient":""},"tablet":{"background-color":"var(--ast-global-color-5)","background-image":"","background-repeat":"repeat","background-position":"center center","background-size":"auto","background-attachment":"scroll","background-type":"","background-media":"","overlay-type":"","overlay-color":"","overlay-opacity":"","overlay-gradient":""},"mobile":{"background-color":"var(--ast-global-color-5)","background-image":"","background-repeat":"repeat","background-position":"center center","background-size":"auto","background-attachment":"scroll","background-type":"","background-media":"","overlay-type":"","overlay-color":"","overlay-opacity":"","overlay-gradient":""}}},"pwb-brand":[574],"product_brand":[],"product_cat":[213,260],"product_tag":[],"class_list":{"0":"post-134486","1":"product","2":"type-product","3":"status-publish","4":"has-post-thumbnail","6":"pwb-brand-tiine-mia","7":"product_cat-accessories","8":"product_cat-bags","9":"desktop-align-center","10":"tablet-align-center","11":"mobile-align-center","12":"ast-product-gallery-layout-vertical","13":"ast-product-tabs-layout-horizontal","15":"first","16":"instock","17":"taxable","18":"shipping-taxable","19":"purchasable","20":"product-type-simple"},"yoast_head":"<!-- This site is optimized with the Yoast SEO plugin v27.4 - https:\/\/yoast.com\/product\/yoast-seo-wordpress\/ -->\n<title>Feel Good Bag - Beaver Fur &#8226; Gate21<\/title>\n<meta name=\"robots\" content=\"index, follow, max-snippet:-1, max-image-preview:large, max-video-preview:-1\" \/>\n<link rel=\"canonical\" href=\"https:\/\/gate21.ee\/et\/shop\/feel-good-bag-dark-green\/\" \/>\n<meta property=\"og:locale\" content=\"et_EE\" \/>\n<meta property=\"og:type\" content=\"article\" \/>\n<meta property=\"og:title\" content=\"Feel Good Bag - Beaver Fur &#8226; Gate21\" \/>\n<meta property=\"og:description\" content=\"The Tinne+Mia Feel Good bag is made of vegan leather, folded and packed in a beautiful minimalist pouch. Reversible with Sage colour! Made of a supple synthetic fibre that feels like soft leather and is also waterproof. Packed in a matching pouch. Size: 41x36x10cm Material: outside vegan leather and\u00a0inner nylon Tinne+Mia was founded in 2012 [&hellip;]\" \/>\n<meta property=\"og:url\" content=\"https:\/\/gate21.ee\/et\/shop\/feel-good-bag-dark-green\/\" \/>\n<meta property=\"og:site_name\" content=\"Gate21\" \/>\n<meta property=\"article:publisher\" content=\"https:\/\/www.facebook.com\/gate21.ee\/\" \/>\n<meta property=\"article:modified_time\" content=\"2026-04-06T20:34:46+00:00\" \/>\n<meta property=\"og:image\" content=\"https:\/\/gate21.ee\/wp-content\/uploads\/2023\/02\/1502358-Tinne_Mia-feelgoodbag-beaverfur-01.jpg.webp\" \/>\n\t<meta property=\"og:image:width\" content=\"1400\" \/>\n\t<meta property=\"og:image:height\" content=\"1852\" \/>\n\t<meta property=\"og:image:type\" content=\"image\/webp\" \/>\n<meta name=\"twitter:card\" content=\"summary_large_image\" \/>\n<meta name=\"twitter:label1\" content=\"Est. reading time\" \/>\n\t<meta name=\"twitter:data1\" content=\"1 minut\" \/>\n<script type=\"application\/ld+json\" class=\"yoast-schema-graph\">{\"@context\":\"https:\\\/\\\/schema.org\",\"@graph\":[{\"@type\":\"WebPage\",\"@id\":\"https:\\\/\\\/gate21.ee\\\/shop\\\/feel-good-bag-dark-green\\\/\",\"url\":\"https:\\\/\\\/gate21.ee\\\/shop\\\/feel-good-bag-dark-green\\\/\",\"name\":\"Feel Good Bag - Beaver Fur &#8226; Gate21\",\"isPartOf\":{\"@id\":\"https:\\\/\\\/gate21.ee\\\/#website\"},\"primaryImageOfPage\":{\"@id\":\"https:\\\/\\\/gate21.ee\\\/shop\\\/feel-good-bag-dark-green\\\/#primaryimage\"},\"image\":{\"@id\":\"https:\\\/\\\/gate21.ee\\\/shop\\\/feel-good-bag-dark-green\\\/#primaryimage\"},\"thumbnailUrl\":\"https:\\\/\\\/gate21.ee\\\/wp-content\\\/uploads\\\/2023\\\/02\\\/1502358-Tinne_Mia-feelgoodbag-beaverfur-01.jpg.webp\",\"datePublished\":\"2023-02-07T13:03:00+00:00\",\"dateModified\":\"2026-04-06T20:34:46+00:00\",\"breadcrumb\":{\"@id\":\"https:\\\/\\\/gate21.ee\\\/shop\\\/feel-good-bag-dark-green\\\/#breadcrumb\"},\"inLanguage\":\"et\",\"potentialAction\":[{\"@type\":\"ReadAction\",\"target\":[\"https:\\\/\\\/gate21.ee\\\/shop\\\/feel-good-bag-dark-green\\\/\"]}]},{\"@type\":\"ImageObject\",\"inLanguage\":\"et\",\"@id\":\"https:\\\/\\\/gate21.ee\\\/shop\\\/feel-good-bag-dark-green\\\/#primaryimage\",\"url\":\"https:\\\/\\\/gate21.ee\\\/wp-content\\\/uploads\\\/2023\\\/02\\\/1502358-Tinne_Mia-feelgoodbag-beaverfur-01.jpg.webp\",\"contentUrl\":\"https:\\\/\\\/gate21.ee\\\/wp-content\\\/uploads\\\/2023\\\/02\\\/1502358-Tinne_Mia-feelgoodbag-beaverfur-01.jpg.webp\",\"width\":1400,\"height\":1852,\"caption\":\"The Feel Good Bag - Beaver Fur by Tinne+mia is a brown, rectangular tote with a single long strap, smooth slightly glossy material, and a small black label on one side, displayed against a white background. Gate21.ee\"},{\"@type\":\"BreadcrumbList\",\"@id\":\"https:\\\/\\\/gate21.ee\\\/shop\\\/feel-good-bag-dark-green\\\/#breadcrumb\",\"itemListElement\":[{\"@type\":\"ListItem\",\"position\":1,\"name\":\"Home\",\"item\":\"https:\\\/\\\/gate21.ee\\\/\"},{\"@type\":\"ListItem\",\"position\":2,\"name\":\"Feel Good Bag &#8211; Beaver Fur\"}]},{\"@type\":\"WebSite\",\"@id\":\"https:\\\/\\\/gate21.ee\\\/#website\",\"url\":\"https:\\\/\\\/gate21.ee\\\/\",\"name\":\"Gate21\",\"description\":\"Gift concept store Gate21\",\"publisher\":{\"@id\":\"https:\\\/\\\/gate21.ee\\\/#organization\"},\"alternateName\":\"gate21\",\"potentialAction\":[{\"@type\":\"SearchAction\",\"target\":{\"@type\":\"EntryPoint\",\"urlTemplate\":\"https:\\\/\\\/gate21.ee\\\/?s={search_term_string}\"},\"query-input\":{\"@type\":\"PropertyValueSpecification\",\"valueRequired\":true,\"valueName\":\"search_term_string\"}}],\"inLanguage\":\"et\"},{\"@type\":\"Organization\",\"@id\":\"https:\\\/\\\/gate21.ee\\\/#organization\",\"name\":\"Gate21\",\"alternateName\":\"Gate21, Oma Asi and Oma Asi Design Store\",\"url\":\"https:\\\/\\\/gate21.ee\\\/\",\"logo\":{\"@type\":\"ImageObject\",\"inLanguage\":\"et\",\"@id\":\"https:\\\/\\\/gate21.ee\\\/#\\\/schema\\\/logo\\\/image\\\/\",\"url\":\"https:\\\/\\\/gate21.ee\\\/wp-content\\\/uploads\\\/2021\\\/11\\\/Gate_21_Logo_2_Valge.png\",\"contentUrl\":\"https:\\\/\\\/gate21.ee\\\/wp-content\\\/uploads\\\/2021\\\/11\\\/Gate_21_Logo_2_Valge.png\",\"width\":2560,\"height\":2560,\"caption\":\"Gate21\"},\"image\":{\"@id\":\"https:\\\/\\\/gate21.ee\\\/#\\\/schema\\\/logo\\\/image\\\/\"},\"sameAs\":[\"https:\\\/\\\/www.facebook.com\\\/gate21.ee\\\/\",\"https:\\\/\\\/www.instagram.com\\\/gate21.ee\\\/\",\"https:\\\/\\\/www.instagram.com\\\/omaasidesign\\\/\",\"https:\\\/\\\/www.instagram.com\\\/omaasi\\\/\",\"https:\\\/\\\/www.facebook.com\\\/omaasidesign\\\/\",\"https:\\\/\\\/www.facebook.com\\\/omaasilittleredhouse\\\/\",\"https:\\\/\\\/www.tiktok.com\\\/@gate21.ee\"]}]}<\/script>\n<!-- \/ Yoast SEO plugin. -->","yoast_head_json":{"title":"Feel Good Bag - Beaver Fur &#8226; Gate21","robots":{"index":"index","follow":"follow","max-snippet":"max-snippet:-1","max-image-preview":"max-image-preview:large","max-video-preview":"max-video-preview:-1"},"canonical":"https:\/\/gate21.ee\/et\/shop\/feel-good-bag-dark-green\/","og_locale":"et_EE","og_type":"article","og_title":"Feel Good Bag - Beaver Fur &#8226; Gate21","og_description":"The Tinne+Mia Feel Good bag is made of vegan leather, folded and packed in a beautiful minimalist pouch. Reversible with Sage colour! Made of a supple synthetic fibre that feels like soft leather and is also waterproof. Packed in a matching pouch. Size: 41x36x10cm Material: outside vegan leather and\u00a0inner nylon Tinne+Mia was founded in 2012 [&hellip;]","og_url":"https:\/\/gate21.ee\/et\/shop\/feel-good-bag-dark-green\/","og_site_name":"Gate21","article_publisher":"https:\/\/www.facebook.com\/gate21.ee\/","article_modified_time":"2026-04-06T20:34:46+00:00","og_image":[{"width":1400,"height":1852,"url":"https:\/\/gate21.ee\/wp-content\/uploads\/2023\/02\/1502358-Tinne_Mia-feelgoodbag-beaverfur-01.jpg.webp","type":"image\/webp"}],"twitter_card":"summary_large_image","twitter_misc":{"Est. reading time":"1 minut"},"schema":{"@context":"https:\/\/schema.org","@graph":[{"@type":"WebPage","@id":"https:\/\/gate21.ee\/shop\/feel-good-bag-dark-green\/","url":"https:\/\/gate21.ee\/shop\/feel-good-bag-dark-green\/","name":"Feel Good Bag - Beaver Fur &#8226; Gate21","isPartOf":{"@id":"https:\/\/gate21.ee\/#website"},"primaryImageOfPage":{"@id":"https:\/\/gate21.ee\/shop\/feel-good-bag-dark-green\/#primaryimage"},"image":{"@id":"https:\/\/gate21.ee\/shop\/feel-good-bag-dark-green\/#primaryimage"},"thumbnailUrl":"https:\/\/gate21.ee\/wp-content\/uploads\/2023\/02\/1502358-Tinne_Mia-feelgoodbag-beaverfur-01.jpg.webp","datePublished":"2023-02-07T13:03:00+00:00","dateModified":"2026-04-06T20:34:46+00:00","breadcrumb":{"@id":"https:\/\/gate21.ee\/shop\/feel-good-bag-dark-green\/#breadcrumb"},"inLanguage":"et","potentialAction":[{"@type":"ReadAction","target":["https:\/\/gate21.ee\/shop\/feel-good-bag-dark-green\/"]}]},{"@type":"ImageObject","inLanguage":"et","@id":"https:\/\/gate21.ee\/shop\/feel-good-bag-dark-green\/#primaryimage","url":"https:\/\/gate21.ee\/wp-content\/uploads\/2023\/02\/1502358-Tinne_Mia-feelgoodbag-beaverfur-01.jpg.webp","contentUrl":"https:\/\/gate21.ee\/wp-content\/uploads\/2023\/02\/1502358-Tinne_Mia-feelgoodbag-beaverfur-01.jpg.webp","width":1400,"height":1852,"caption":"The Feel Good Bag - Beaver Fur by Tinne+mia is a brown, rectangular tote with a single long strap, smooth slightly glossy material, and a small black label on one side, displayed against a white background. Gate21.ee"},{"@type":"BreadcrumbList","@id":"https:\/\/gate21.ee\/shop\/feel-good-bag-dark-green\/#breadcrumb","itemListElement":[{"@type":"ListItem","position":1,"name":"Home","item":"https:\/\/gate21.ee\/"},{"@type":"ListItem","position":2,"name":"Feel Good Bag &#8211; Beaver Fur"}]},{"@type":"WebSite","@id":"https:\/\/gate21.ee\/#website","url":"https:\/\/gate21.ee\/","name":"Gate21","description":"Gift concept store Gate21","publisher":{"@id":"https:\/\/gate21.ee\/#organization"},"alternateName":"gate21","potentialAction":[{"@type":"SearchAction","target":{"@type":"EntryPoint","urlTemplate":"https:\/\/gate21.ee\/?s={search_term_string}"},"query-input":{"@type":"PropertyValueSpecification","valueRequired":true,"valueName":"search_term_string"}}],"inLanguage":"et"},{"@type":"Organization","@id":"https:\/\/gate21.ee\/#organization","name":"Gate21","alternateName":"Gate21, Oma Asi and Oma Asi Design Store","url":"https:\/\/gate21.ee\/","logo":{"@type":"ImageObject","inLanguage":"et","@id":"https:\/\/gate21.ee\/#\/schema\/logo\/image\/","url":"https:\/\/gate21.ee\/wp-content\/uploads\/2021\/11\/Gate_21_Logo_2_Valge.png","contentUrl":"https:\/\/gate21.ee\/wp-content\/uploads\/2021\/11\/Gate_21_Logo_2_Valge.png","width":2560,"height":2560,"caption":"Gate21"},"image":{"@id":"https:\/\/gate21.ee\/#\/schema\/logo\/image\/"},"sameAs":["https:\/\/www.facebook.com\/gate21.ee\/","https:\/\/www.instagram.com\/gate21.ee\/","https:\/\/www.instagram.com\/omaasidesign\/","https:\/\/www.instagram.com\/omaasi\/","https:\/\/www.facebook.com\/omaasidesign\/","https:\/\/www.facebook.com\/omaasilittleredhouse\/","https:\/\/www.tiktok.com\/@gate21.ee"]}]}},"jetpack_sharing_enabled":true,"brands":[{"id":574,"name":"Tiine+Mia","slug":"tiine-mia"}],"_links":{"self":[{"href":"https:\/\/gate21.ee\/et\/wp-json\/wp\/v2\/product\/134486","targetHints":{"allow":["GET"]}}],"collection":[{"href":"https:\/\/gate21.ee\/et\/wp-json\/wp\/v2\/product"}],"about":[{"href":"https:\/\/gate21.ee\/et\/wp-json\/wp\/v2\/types\/product"}],"replies":[{"embeddable":true,"href":"https:\/\/gate21.ee\/et\/wp-json\/wp\/v2\/comments?post=134486"}],"version-history":[{"count":2,"href":"https:\/\/gate21.ee\/et\/wp-json\/wp\/v2\/product\/134486\/revisions"}],"predecessor-version":[{"id":253901,"href":"https:\/\/gate21.ee\/et\/wp-json\/wp\/v2\/product\/134486\/revisions\/253901"}],"wp:featuredmedia":[{"embeddable":true,"href":"https:\/\/gate21.ee\/et\/wp-json\/wp\/v2\/media\/253898"}],"wp:attachment":[{"href":"https:\/\/gate21.ee\/et\/wp-json\/wp\/v2\/media?parent=134486"}],"wp:term":[{"taxonomy":"pwb-brand","embeddable":true,"href":"https:\/\/gate21.ee\/et\/wp-json\/wp\/v2\/pwb-brand?post=134486"},{"taxonomy":"product_brand","embeddable":true,"href":"https:\/\/gate21.ee\/et\/wp-json\/wp\/v2\/product_brand?post=134486"},{"taxonomy":"product_cat","embeddable":true,"href":"https:\/\/gate21.ee\/et\/wp-json\/wp\/v2\/product_cat?post=134486"},{"taxonomy":"product_tag","embeddable":true,"href":"https:\/\/gate21.ee\/et\/wp-json\/wp\/v2\/product_tag?post=134486"}],"curies":[{"name":"wp","href":"https:\/\/api.w.org\/{rel}","templated":true}]}}