{"id":134257,"date":"2023-02-03T13:10:00","date_gmt":"2023-02-03T11:10:00","guid":{"rendered":"https:\/\/gate21.ee\/?post_type=product&#038;p=134257"},"modified":"2026-04-29T13:56:27","modified_gmt":"2026-04-29T10:56:27","slug":"gay-bar-soap","status":"publish","type":"product","link":"https:\/\/gate21.ee\/et\/shop\/gay-bar-soap\/","title":{"rendered":"GAY BAR - seep"},"content":{"rendered":"<p>Hoiatus: ei sobi inimestele, kes pole sina peal oma seksuaalsusega.<\/p>\n<p><img decoding=\"async\" class=\"size-medium wp-image-105621 aligncenter\" src=\"https:\/\/gate21.ee\/wp-content\/uploads\/2022\/06\/2-GIFT-REPUBLIC-GR-LOGO-2016-MAIN-OL-300x159.jpg\" alt=\"\" width=\"300\" height=\"159\" srcset=\"https:\/\/gate21.ee\/wp-content\/uploads\/2022\/06\/2-GIFT-REPUBLIC-GR-LOGO-2016-MAIN-OL-300x159.jpg 300w, https:\/\/gate21.ee\/wp-content\/uploads\/2022\/06\/2-GIFT-REPUBLIC-GR-LOGO-2016-MAIN-OL-1024x542.jpg 1024w, https:\/\/gate21.ee\/wp-content\/uploads\/2022\/06\/2-GIFT-REPUBLIC-GR-LOGO-2016-MAIN-OL-768x406.jpg 768w, https:\/\/gate21.ee\/wp-content\/uploads\/2022\/06\/2-GIFT-REPUBLIC-GR-LOGO-2016-MAIN-OL-1536x813.jpg 1536w, https:\/\/gate21.ee\/wp-content\/uploads\/2022\/06\/2-GIFT-REPUBLIC-GR-LOGO-2016-MAIN-OL-scaled.jpg 2048w, https:\/\/gate21.ee\/wp-content\/uploads\/2022\/06\/2-GIFT-REPUBLIC-GR-LOGO-2016-MAIN-OL-18x10.jpg 18w, https:\/\/gate21.ee\/wp-content\/uploads\/2022\/06\/2-GIFT-REPUBLIC-GR-LOGO-2016-MAIN-OL-600x318.jpg 600w\" sizes=\"(max-width: 300px) 100vw, 300px\" \/><\/p>\n<p>Gift Republicu keskkonnateadlik l\u00e4henemine t\u00e4hendab, et tooted on alati valmistatud taaskasutatud paberist ja papist ning v\u00f5imalikult v\u00e4he plastikkomponente kasutades.<\/p>","protected":false},"excerpt":{"rendered":"<p>Hoiatus: Ei sobi inimestele, kes ei tunne end oma seksuaalsusega mugavalt. Gift Republici keskkonnateadlik l\u00e4henemine tootearendusele tagab, et toodetes kasutatakse v\u00f5imaluse korral alati ringlussev\u00f5etud paberit ja kaarti, t\u00e4ielikult ringlussev\u00f5etavaid komponente ja v\u00e4hendatud plastikpakendeid.<\/p>","protected":false},"featured_media":134258,"comment_status":"closed","ping_status":"closed","template":"","meta":{"site-sidebar-layout":"default","site-content-layout":"default","ast-site-content-layout":"default","site-content-style":"default","site-sidebar-style":"default","ast-global-header-display":"","ast-banner-title-visibility":"","ast-main-header-display":"","ast-hfb-above-header-display":"","ast-hfb-below-header-display":"","ast-hfb-mobile-header-display":"","site-post-title":"","ast-breadcrumbs-content":"","ast-featured-img":"","footer-sml-layout":"","ast-disable-related-posts":"","theme-transparent-header-meta":"default","adv-header-id-meta":"","stick-header-meta":"default","header-above-stick-meta":"","header-main-stick-meta":"","header-below-stick-meta":"","astra-migrate-meta-layouts":"default","ast-page-background-enabled":"default","ast-page-background-meta":{"desktop":{"background-color":"","background-image":"","background-repeat":"repeat","background-position":"center center","background-size":"auto","background-attachment":"scroll","background-type":"","background-media":"","overlay-type":"","overlay-color":"","overlay-opacity":"","overlay-gradient":""},"tablet":{"background-color":"","background-image":"","background-repeat":"repeat","background-position":"center center","background-size":"auto","background-attachment":"scroll","background-type":"","background-media":"","overlay-type":"","overlay-color":"","overlay-opacity":"","overlay-gradient":""},"mobile":{"background-color":"","background-image":"","background-repeat":"repeat","background-position":"center center","background-size":"auto","background-attachment":"scroll","background-type":"","background-media":"","overlay-type":"","overlay-color":"","overlay-opacity":"","overlay-gradient":""}},"ast-content-background-meta":{"desktop":{"background-color":"var(--ast-global-color-5)","background-image":"","background-repeat":"repeat","background-position":"center center","background-size":"auto","background-attachment":"scroll","background-type":"","background-media":"","overlay-type":"","overlay-color":"","overlay-opacity":"","overlay-gradient":""},"tablet":{"background-color":"var(--ast-global-color-5)","background-image":"","background-repeat":"repeat","background-position":"center center","background-size":"auto","background-attachment":"scroll","background-type":"","background-media":"","overlay-type":"","overlay-color":"","overlay-opacity":"","overlay-gradient":""},"mobile":{"background-color":"var(--ast-global-color-5)","background-image":"","background-repeat":"repeat","background-position":"center center","background-size":"auto","background-attachment":"scroll","background-type":"","background-media":"","overlay-type":"","overlay-color":"","overlay-opacity":"","overlay-gradient":""}}},"pwb-brand":[526],"product_brand":[],"product_cat":[55,666,662,650],"product_tag":[],"class_list":{"0":"post-134257","1":"product","2":"type-product","3":"status-publish","4":"has-post-thumbnail","6":"pwb-brand-gift-republic","7":"product_cat-cosmetics","8":"product_cat-fun","9":"product_cat-ideas","10":"product_cat-soaps","11":"desktop-align-center","12":"tablet-align-center","13":"mobile-align-center","14":"ast-product-gallery-layout-vertical","15":"ast-product-tabs-layout-horizontal","17":"first","18":"instock","19":"taxable","20":"shipping-taxable","21":"purchasable","22":"product-type-simple"},"yoast_head":"<!-- This site is optimized with the Yoast SEO plugin v27.5 - https:\/\/yoast.com\/product\/yoast-seo-wordpress\/ -->\n<title>GAY BAR - Soap &#8226; Gate21<\/title>\n<meta name=\"description\" content=\"GAY BAR rose scented soap. Warning: Not suitable for people uncomfortable with their sexuality!\" \/>\n<meta name=\"robots\" content=\"index, follow, max-snippet:-1, max-image-preview:large, max-video-preview:-1\" \/>\n<link rel=\"canonical\" href=\"https:\/\/gate21.ee\/et\/shop\/gay-bar-soap\/\" \/>\n<meta property=\"og:locale\" content=\"et_EE\" \/>\n<meta property=\"og:type\" content=\"article\" \/>\n<meta property=\"og:title\" content=\"GAY BAR - Soap &#8226; Gate21\" \/>\n<meta property=\"og:description\" content=\"GAY BAR rose scented soap. Warning: Not suitable for people uncomfortable with their sexuality!\" \/>\n<meta property=\"og:url\" content=\"https:\/\/gate21.ee\/et\/shop\/gay-bar-soap\/\" \/>\n<meta property=\"og:site_name\" content=\"Gate21\" \/>\n<meta property=\"article:publisher\" content=\"https:\/\/www.facebook.com\/gate21.ee\/\" \/>\n<meta property=\"article:modified_time\" content=\"2026-04-29T10:56:27+00:00\" \/>\n<meta property=\"og:image\" content=\"https:\/\/gate21.ee\/wp-content\/uploads\/2023\/02\/gay-bar-medium.jpeg\" \/>\n\t<meta property=\"og:image:width\" content=\"274\" \/>\n\t<meta property=\"og:image:height\" content=\"274\" \/>\n\t<meta property=\"og:image:type\" content=\"image\/jpeg\" \/>\n<meta name=\"twitter:card\" content=\"summary_large_image\" \/>\n<meta name=\"twitter:label1\" content=\"Est. reading time\" \/>\n\t<meta name=\"twitter:data1\" content=\"1 minut\" \/>\n<script type=\"application\/ld+json\" class=\"yoast-schema-graph\">{\"@context\":\"https:\\\/\\\/schema.org\",\"@graph\":[{\"@type\":\"WebPage\",\"@id\":\"https:\\\/\\\/gate21.ee\\\/shop\\\/gay-bar-soap\\\/\",\"url\":\"https:\\\/\\\/gate21.ee\\\/shop\\\/gay-bar-soap\\\/\",\"name\":\"GAY BAR - Soap &#8226; Gate21\",\"isPartOf\":{\"@id\":\"https:\\\/\\\/gate21.ee\\\/#website\"},\"primaryImageOfPage\":{\"@id\":\"https:\\\/\\\/gate21.ee\\\/shop\\\/gay-bar-soap\\\/#primaryimage\"},\"image\":{\"@id\":\"https:\\\/\\\/gate21.ee\\\/shop\\\/gay-bar-soap\\\/#primaryimage\"},\"thumbnailUrl\":\"https:\\\/\\\/gate21.ee\\\/wp-content\\\/uploads\\\/2023\\\/02\\\/gay-bar-medium.jpeg\",\"datePublished\":\"2023-02-03T11:10:00+00:00\",\"dateModified\":\"2026-04-29T10:56:27+00:00\",\"description\":\"GAY BAR rose scented soap. Warning: Not suitable for people uncomfortable with their sexuality!\",\"breadcrumb\":{\"@id\":\"https:\\\/\\\/gate21.ee\\\/shop\\\/gay-bar-soap\\\/#breadcrumb\"},\"inLanguage\":\"et\",\"potentialAction\":[{\"@type\":\"ReadAction\",\"target\":[\"https:\\\/\\\/gate21.ee\\\/shop\\\/gay-bar-soap\\\/\"]}]},{\"@type\":\"ImageObject\",\"inLanguage\":\"et\",\"@id\":\"https:\\\/\\\/gate21.ee\\\/shop\\\/gay-bar-soap\\\/#primaryimage\",\"url\":\"https:\\\/\\\/gate21.ee\\\/wp-content\\\/uploads\\\/2023\\\/02\\\/gay-bar-medium.jpeg\",\"contentUrl\":\"https:\\\/\\\/gate21.ee\\\/wp-content\\\/uploads\\\/2023\\\/02\\\/gay-bar-medium.jpeg\",\"width\":274,\"height\":274,\"caption\":\"A hand displays the GAY BAR - Soap, a rectangular pink bar embossed with its name, set against a blue background\u2014a playful piece of Estonian design for your next Tallinn shopping trip. Gate21.ee\"},{\"@type\":\"BreadcrumbList\",\"@id\":\"https:\\\/\\\/gate21.ee\\\/shop\\\/gay-bar-soap\\\/#breadcrumb\",\"itemListElement\":[{\"@type\":\"ListItem\",\"position\":1,\"name\":\"Home\",\"item\":\"https:\\\/\\\/gate21.ee\\\/\"},{\"@type\":\"ListItem\",\"position\":2,\"name\":\"GAY BAR &#8211; Soap\"}]},{\"@type\":\"WebSite\",\"@id\":\"https:\\\/\\\/gate21.ee\\\/#website\",\"url\":\"https:\\\/\\\/gate21.ee\\\/\",\"name\":\"Gate21\",\"description\":\"Gift concept store Gate21\",\"publisher\":{\"@id\":\"https:\\\/\\\/gate21.ee\\\/#organization\"},\"alternateName\":\"gate21\",\"potentialAction\":[{\"@type\":\"SearchAction\",\"target\":{\"@type\":\"EntryPoint\",\"urlTemplate\":\"https:\\\/\\\/gate21.ee\\\/?s={search_term_string}\"},\"query-input\":{\"@type\":\"PropertyValueSpecification\",\"valueRequired\":true,\"valueName\":\"search_term_string\"}}],\"inLanguage\":\"et\"},{\"@type\":\"Organization\",\"@id\":\"https:\\\/\\\/gate21.ee\\\/#organization\",\"name\":\"Gate21\",\"alternateName\":\"Gate21, Oma Asi and Oma Asi Design Store\",\"url\":\"https:\\\/\\\/gate21.ee\\\/\",\"logo\":{\"@type\":\"ImageObject\",\"inLanguage\":\"et\",\"@id\":\"https:\\\/\\\/gate21.ee\\\/#\\\/schema\\\/logo\\\/image\\\/\",\"url\":\"https:\\\/\\\/gate21.ee\\\/wp-content\\\/uploads\\\/2021\\\/11\\\/Gate_21_Logo_2_Valge.png\",\"contentUrl\":\"https:\\\/\\\/gate21.ee\\\/wp-content\\\/uploads\\\/2021\\\/11\\\/Gate_21_Logo_2_Valge.png\",\"width\":2560,\"height\":2560,\"caption\":\"Gate21\"},\"image\":{\"@id\":\"https:\\\/\\\/gate21.ee\\\/#\\\/schema\\\/logo\\\/image\\\/\"},\"sameAs\":[\"https:\\\/\\\/www.facebook.com\\\/gate21.ee\\\/\",\"https:\\\/\\\/www.instagram.com\\\/gate21.ee\\\/\",\"https:\\\/\\\/www.instagram.com\\\/omaasidesign\\\/\",\"https:\\\/\\\/www.instagram.com\\\/omaasi\\\/\",\"https:\\\/\\\/www.facebook.com\\\/omaasidesign\\\/\",\"https:\\\/\\\/www.facebook.com\\\/omaasilittleredhouse\\\/\",\"https:\\\/\\\/www.tiktok.com\\\/@gate21.ee\"]}]}<\/script>\n<!-- \/ Yoast SEO plugin. -->","yoast_head_json":{"title":"GAY BAR - Soap &#8226; Gate21","description":"GAY BAR rose scented soap. Warning: Not suitable for people uncomfortable with their sexuality!","robots":{"index":"index","follow":"follow","max-snippet":"max-snippet:-1","max-image-preview":"max-image-preview:large","max-video-preview":"max-video-preview:-1"},"canonical":"https:\/\/gate21.ee\/et\/shop\/gay-bar-soap\/","og_locale":"et_EE","og_type":"article","og_title":"GAY BAR - Soap &#8226; Gate21","og_description":"GAY BAR rose scented soap. Warning: Not suitable for people uncomfortable with their sexuality!","og_url":"https:\/\/gate21.ee\/et\/shop\/gay-bar-soap\/","og_site_name":"Gate21","article_publisher":"https:\/\/www.facebook.com\/gate21.ee\/","article_modified_time":"2026-04-29T10:56:27+00:00","og_image":[{"width":274,"height":274,"url":"https:\/\/gate21.ee\/wp-content\/uploads\/2023\/02\/gay-bar-medium.jpeg","type":"image\/jpeg"}],"twitter_card":"summary_large_image","twitter_misc":{"Est. reading time":"1 minut"},"schema":{"@context":"https:\/\/schema.org","@graph":[{"@type":"WebPage","@id":"https:\/\/gate21.ee\/shop\/gay-bar-soap\/","url":"https:\/\/gate21.ee\/shop\/gay-bar-soap\/","name":"GAY BAR - Soap &#8226; Gate21","isPartOf":{"@id":"https:\/\/gate21.ee\/#website"},"primaryImageOfPage":{"@id":"https:\/\/gate21.ee\/shop\/gay-bar-soap\/#primaryimage"},"image":{"@id":"https:\/\/gate21.ee\/shop\/gay-bar-soap\/#primaryimage"},"thumbnailUrl":"https:\/\/gate21.ee\/wp-content\/uploads\/2023\/02\/gay-bar-medium.jpeg","datePublished":"2023-02-03T11:10:00+00:00","dateModified":"2026-04-29T10:56:27+00:00","description":"GAY BAR rose scented soap. Warning: Not suitable for people uncomfortable with their sexuality!","breadcrumb":{"@id":"https:\/\/gate21.ee\/shop\/gay-bar-soap\/#breadcrumb"},"inLanguage":"et","potentialAction":[{"@type":"ReadAction","target":["https:\/\/gate21.ee\/shop\/gay-bar-soap\/"]}]},{"@type":"ImageObject","inLanguage":"et","@id":"https:\/\/gate21.ee\/shop\/gay-bar-soap\/#primaryimage","url":"https:\/\/gate21.ee\/wp-content\/uploads\/2023\/02\/gay-bar-medium.jpeg","contentUrl":"https:\/\/gate21.ee\/wp-content\/uploads\/2023\/02\/gay-bar-medium.jpeg","width":274,"height":274,"caption":"A hand displays the GAY BAR - Soap, a rectangular pink bar embossed with its name, set against a blue background\u2014a playful piece of Estonian design for your next Tallinn shopping trip. Gate21.ee"},{"@type":"BreadcrumbList","@id":"https:\/\/gate21.ee\/shop\/gay-bar-soap\/#breadcrumb","itemListElement":[{"@type":"ListItem","position":1,"name":"Home","item":"https:\/\/gate21.ee\/"},{"@type":"ListItem","position":2,"name":"GAY BAR &#8211; Soap"}]},{"@type":"WebSite","@id":"https:\/\/gate21.ee\/#website","url":"https:\/\/gate21.ee\/","name":"Gate21","description":"Kingituskontseptsioonipood Gate21","publisher":{"@id":"https:\/\/gate21.ee\/#organization"},"alternateName":"gate21","potentialAction":[{"@type":"SearchAction","target":{"@type":"EntryPoint","urlTemplate":"https:\/\/gate21.ee\/?s={search_term_string}"},"query-input":{"@type":"PropertyValueSpecification","valueRequired":true,"valueName":"search_term_string"}}],"inLanguage":"et"},{"@type":"Organization","@id":"https:\/\/gate21.ee\/#organization","name":"Gate21","alternateName":"Gate21, Oma Asi and Oma Asi Design Store","url":"https:\/\/gate21.ee\/","logo":{"@type":"ImageObject","inLanguage":"et","@id":"https:\/\/gate21.ee\/#\/schema\/logo\/image\/","url":"https:\/\/gate21.ee\/wp-content\/uploads\/2021\/11\/Gate_21_Logo_2_Valge.png","contentUrl":"https:\/\/gate21.ee\/wp-content\/uploads\/2021\/11\/Gate_21_Logo_2_Valge.png","width":2560,"height":2560,"caption":"Gate21"},"image":{"@id":"https:\/\/gate21.ee\/#\/schema\/logo\/image\/"},"sameAs":["https:\/\/www.facebook.com\/gate21.ee\/","https:\/\/www.instagram.com\/gate21.ee\/","https:\/\/www.instagram.com\/omaasidesign\/","https:\/\/www.instagram.com\/omaasi\/","https:\/\/www.facebook.com\/omaasidesign\/","https:\/\/www.facebook.com\/omaasilittleredhouse\/","https:\/\/www.tiktok.com\/@gate21.ee"]}]}},"jetpack_sharing_enabled":true,"brands":[{"id":526,"name":"Gift Republic","slug":"gift-republic"}],"_links":{"self":[{"href":"https:\/\/gate21.ee\/et\/wp-json\/wp\/v2\/product\/134257","targetHints":{"allow":["GET"]}}],"collection":[{"href":"https:\/\/gate21.ee\/et\/wp-json\/wp\/v2\/product"}],"about":[{"href":"https:\/\/gate21.ee\/et\/wp-json\/wp\/v2\/types\/product"}],"replies":[{"embeddable":true,"href":"https:\/\/gate21.ee\/et\/wp-json\/wp\/v2\/comments?post=134257"}],"version-history":[{"count":1,"href":"https:\/\/gate21.ee\/et\/wp-json\/wp\/v2\/product\/134257\/revisions"}],"predecessor-version":[{"id":209411,"href":"https:\/\/gate21.ee\/et\/wp-json\/wp\/v2\/product\/134257\/revisions\/209411"}],"wp:featuredmedia":[{"embeddable":true,"href":"https:\/\/gate21.ee\/et\/wp-json\/wp\/v2\/media\/134258"}],"wp:attachment":[{"href":"https:\/\/gate21.ee\/et\/wp-json\/wp\/v2\/media?parent=134257"}],"wp:term":[{"taxonomy":"pwb-brand","embeddable":true,"href":"https:\/\/gate21.ee\/et\/wp-json\/wp\/v2\/pwb-brand?post=134257"},{"taxonomy":"product_brand","embeddable":true,"href":"https:\/\/gate21.ee\/et\/wp-json\/wp\/v2\/product_brand?post=134257"},{"taxonomy":"product_cat","embeddable":true,"href":"https:\/\/gate21.ee\/et\/wp-json\/wp\/v2\/product_cat?post=134257"},{"taxonomy":"product_tag","embeddable":true,"href":"https:\/\/gate21.ee\/et\/wp-json\/wp\/v2\/product_tag?post=134257"}],"curies":[{"name":"wp","href":"https:\/\/api.w.org\/{rel}","templated":true}]}}