{"id":125834,"date":"2022-11-01T17:11:00","date_gmt":"2022-11-01T15:11:00","guid":{"rendered":"https:\/\/gate21.ee\/?post_type=product&#038;p=125834"},"modified":"2026-03-07T15:56:04","modified_gmt":"2026-03-07T13:56:04","slug":"roads-notabag","status":"publish","type":"product","link":"https:\/\/gate21.ee\/et\/shop\/roads-notabag\/","title":{"rendered":"Notabag - Roads"},"content":{"rendered":"<p>Notabag on nutikas kombinatsioon kotist ja seljakotist. See muutub lihtsa t\u00f5mbega k\u00e4ekotist seljakotiks.<\/p>\n<p>Ostes taaskasutatud pudeli, s\u00e4\u00e4state pr\u00fcgilast 12 plastpudelit.<\/p>\n<p>Koti sees on  lisatasku, kus saab hoida rahakotti v\u00f5i v\u00f5tmeid. Kui kotti ei kasutata, saab selle voltida lisataskusse.<\/p>\n<p>Keskkonnas\u00f5bralikult valminud kott on v\u00e4ga praktiline ja mugav, sobib igap\u00e4evaseks kasutamiseks p\u00f5hi- v\u00f5i lisakotina.<\/p>\n<p>\u2013 M\u00f5\u00f5dud: 45\u00d765 cm<br \/>\n\u2013 Koti suurus: 13\u00d715,5 cm<br \/>\n\u2013 Puuvillane ja rebenemisvastane nailonisegu<br \/>\n- Korduvkasutatav \/ keskkonnas\u00f5bralik<br \/>\n- Veekindel<br \/>\n- Masinpestav<\/p>","protected":false},"excerpt":{"rendered":"<p>Notabag is the smart combination of a bag and a backpack. It transforms with a single pull on the straps, so you can put it on your back and free your hands. By buying a recycled one, you are saving 12 plastic bottles from landfill. Inside the bag, there is an attached pocket where you [&hellip;]<\/p>\n","protected":false},"featured_media":125838,"comment_status":"closed","ping_status":"closed","template":"","meta":{"site-sidebar-layout":"default","site-content-layout":"default","ast-site-content-layout":"default","site-content-style":"default","site-sidebar-style":"default","ast-global-header-display":"","ast-banner-title-visibility":"","ast-main-header-display":"","ast-hfb-above-header-display":"","ast-hfb-below-header-display":"","ast-hfb-mobile-header-display":"","site-post-title":"","ast-breadcrumbs-content":"","ast-featured-img":"","footer-sml-layout":"","ast-disable-related-posts":"","theme-transparent-header-meta":"default","adv-header-id-meta":"","stick-header-meta":"default","header-above-stick-meta":"","header-main-stick-meta":"","header-below-stick-meta":"","astra-migrate-meta-layouts":"default","ast-page-background-enabled":"default","ast-page-background-meta":{"desktop":{"background-color":"","background-image":"","background-repeat":"repeat","background-position":"center center","background-size":"auto","background-attachment":"scroll","background-type":"","background-media":"","overlay-type":"","overlay-color":"","overlay-opacity":"","overlay-gradient":""},"tablet":{"background-color":"","background-image":"","background-repeat":"repeat","background-position":"center center","background-size":"auto","background-attachment":"scroll","background-type":"","background-media":"","overlay-type":"","overlay-color":"","overlay-opacity":"","overlay-gradient":""},"mobile":{"background-color":"","background-image":"","background-repeat":"repeat","background-position":"center center","background-size":"auto","background-attachment":"scroll","background-type":"","background-media":"","overlay-type":"","overlay-color":"","overlay-opacity":"","overlay-gradient":""}},"ast-content-background-meta":{"desktop":{"background-color":"var(--ast-global-color-5)","background-image":"","background-repeat":"repeat","background-position":"center center","background-size":"auto","background-attachment":"scroll","background-type":"","background-media":"","overlay-type":"","overlay-color":"","overlay-opacity":"","overlay-gradient":""},"tablet":{"background-color":"var(--ast-global-color-5)","background-image":"","background-repeat":"repeat","background-position":"center center","background-size":"auto","background-attachment":"scroll","background-type":"","background-media":"","overlay-type":"","overlay-color":"","overlay-opacity":"","overlay-gradient":""},"mobile":{"background-color":"var(--ast-global-color-5)","background-image":"","background-repeat":"repeat","background-position":"center center","background-size":"auto","background-attachment":"scroll","background-type":"","background-media":"","overlay-type":"","overlay-color":"","overlay-opacity":"","overlay-gradient":""}}},"pwb-brand":[98],"product_brand":[],"product_cat":[213,260],"product_tag":[261],"class_list":{"0":"post-125834","1":"product","2":"type-product","3":"status-publish","4":"has-post-thumbnail","6":"pwb-brand-notabag","7":"product_cat-accessories","8":"product_cat-bags","9":"product_tag-bags","10":"desktop-align-center","11":"tablet-align-center","12":"mobile-align-center","13":"ast-product-gallery-layout-vertical","14":"ast-product-tabs-layout-horizontal","16":"first","17":"instock","18":"taxable","19":"shipping-taxable","20":"purchasable","21":"product-type-simple"},"yoast_head":"<!-- This site is optimized with the Yoast SEO plugin v27.4 - https:\/\/yoast.com\/product\/yoast-seo-wordpress\/ -->\n<title>Roads - Notabag &#8226; Gate21<\/title>\n<meta name=\"description\" content=\"Notabag is the smart combination of a bag and a backpack. It transforms with a single pull on the straps, so you can put it on your back and free your hands.\u00a0\" \/>\n<meta name=\"robots\" content=\"index, follow, max-snippet:-1, max-image-preview:large, max-video-preview:-1\" \/>\n<link rel=\"canonical\" href=\"https:\/\/gate21.ee\/et\/shop\/roads-notabag\/\" \/>\n<meta property=\"og:locale\" content=\"et_EE\" \/>\n<meta property=\"og:type\" content=\"article\" \/>\n<meta property=\"og:title\" content=\"Roads - Notabag &#8226; Gate21\" \/>\n<meta property=\"og:description\" content=\"Notabag is the smart combination of a bag and a backpack. It transforms with a single pull on the straps, so you can put it on your back and free your hands.\u00a0\" \/>\n<meta property=\"og:url\" content=\"https:\/\/gate21.ee\/et\/shop\/roads-notabag\/\" \/>\n<meta property=\"og:site_name\" content=\"Gate21\" \/>\n<meta property=\"article:publisher\" content=\"https:\/\/www.facebook.com\/gate21.ee\/\" \/>\n<meta property=\"article:modified_time\" content=\"2026-03-07T13:56:04+00:00\" \/>\n<meta property=\"og:image\" content=\"https:\/\/gate21.ee\/wp-content\/uploads\/2022\/11\/Notabag_MireiaROADSFront_900x.webp\" \/>\n\t<meta property=\"og:image:width\" content=\"900\" \/>\n\t<meta property=\"og:image:height\" content=\"1013\" \/>\n\t<meta property=\"og:image:type\" content=\"image\/webp\" \/>\n<meta name=\"twitter:card\" content=\"summary_large_image\" \/>\n<meta name=\"twitter:label1\" content=\"Est. reading time\" \/>\n\t<meta name=\"twitter:data1\" content=\"1 minut\" \/>\n<script type=\"application\/ld+json\" class=\"yoast-schema-graph\">{\"@context\":\"https:\\\/\\\/schema.org\",\"@graph\":[{\"@type\":\"WebPage\",\"@id\":\"https:\\\/\\\/gate21.ee\\\/shop\\\/roads-notabag\\\/\",\"url\":\"https:\\\/\\\/gate21.ee\\\/shop\\\/roads-notabag\\\/\",\"name\":\"Roads - Notabag &#8226; Gate21\",\"isPartOf\":{\"@id\":\"https:\\\/\\\/gate21.ee\\\/#website\"},\"primaryImageOfPage\":{\"@id\":\"https:\\\/\\\/gate21.ee\\\/shop\\\/roads-notabag\\\/#primaryimage\"},\"image\":{\"@id\":\"https:\\\/\\\/gate21.ee\\\/shop\\\/roads-notabag\\\/#primaryimage\"},\"thumbnailUrl\":\"https:\\\/\\\/gate21.ee\\\/wp-content\\\/uploads\\\/2022\\\/11\\\/Notabag_MireiaROADSFront_900x.webp\",\"datePublished\":\"2022-11-01T15:11:00+00:00\",\"dateModified\":\"2026-03-07T13:56:04+00:00\",\"description\":\"Notabag is the smart combination of a bag and a backpack. It transforms with a single pull on the straps, so you can put it on your back and free your hands.\u00a0\",\"breadcrumb\":{\"@id\":\"https:\\\/\\\/gate21.ee\\\/shop\\\/roads-notabag\\\/#breadcrumb\"},\"inLanguage\":\"et\",\"potentialAction\":[{\"@type\":\"ReadAction\",\"target\":[\"https:\\\/\\\/gate21.ee\\\/shop\\\/roads-notabag\\\/\"]}]},{\"@type\":\"ImageObject\",\"inLanguage\":\"et\",\"@id\":\"https:\\\/\\\/gate21.ee\\\/shop\\\/roads-notabag\\\/#primaryimage\",\"url\":\"https:\\\/\\\/gate21.ee\\\/wp-content\\\/uploads\\\/2022\\\/11\\\/Notabag_MireiaROADSFront_900x.webp\",\"contentUrl\":\"https:\\\/\\\/gate21.ee\\\/wp-content\\\/uploads\\\/2022\\\/11\\\/Notabag_MireiaROADSFront_900x.webp\",\"width\":900,\"height\":1013,\"caption\":\"The Roads - Notabag is a fabric rucksack with a colourful abstract pattern in blue, pink, yellow, black, and orange. Featuring two shoulder straps and a rectangular shape, it highlights Estonian design\u2014ideal for any concept store or gift shop. Gate21.ee\"},{\"@type\":\"BreadcrumbList\",\"@id\":\"https:\\\/\\\/gate21.ee\\\/shop\\\/roads-notabag\\\/#breadcrumb\",\"itemListElement\":[{\"@type\":\"ListItem\",\"position\":1,\"name\":\"Home\",\"item\":\"https:\\\/\\\/gate21.ee\\\/\"},{\"@type\":\"ListItem\",\"position\":2,\"name\":\"Roads &#8211; Notabag\"}]},{\"@type\":\"WebSite\",\"@id\":\"https:\\\/\\\/gate21.ee\\\/#website\",\"url\":\"https:\\\/\\\/gate21.ee\\\/\",\"name\":\"Gate21\",\"description\":\"Gift concept store Gate21\",\"publisher\":{\"@id\":\"https:\\\/\\\/gate21.ee\\\/#organization\"},\"alternateName\":\"gate21\",\"potentialAction\":[{\"@type\":\"SearchAction\",\"target\":{\"@type\":\"EntryPoint\",\"urlTemplate\":\"https:\\\/\\\/gate21.ee\\\/?s={search_term_string}\"},\"query-input\":{\"@type\":\"PropertyValueSpecification\",\"valueRequired\":true,\"valueName\":\"search_term_string\"}}],\"inLanguage\":\"et\"},{\"@type\":\"Organization\",\"@id\":\"https:\\\/\\\/gate21.ee\\\/#organization\",\"name\":\"Gate21\",\"alternateName\":\"Gate21, Oma Asi and Oma Asi Design Store\",\"url\":\"https:\\\/\\\/gate21.ee\\\/\",\"logo\":{\"@type\":\"ImageObject\",\"inLanguage\":\"et\",\"@id\":\"https:\\\/\\\/gate21.ee\\\/#\\\/schema\\\/logo\\\/image\\\/\",\"url\":\"https:\\\/\\\/gate21.ee\\\/wp-content\\\/uploads\\\/2021\\\/11\\\/Gate_21_Logo_2_Valge.png\",\"contentUrl\":\"https:\\\/\\\/gate21.ee\\\/wp-content\\\/uploads\\\/2021\\\/11\\\/Gate_21_Logo_2_Valge.png\",\"width\":2560,\"height\":2560,\"caption\":\"Gate21\"},\"image\":{\"@id\":\"https:\\\/\\\/gate21.ee\\\/#\\\/schema\\\/logo\\\/image\\\/\"},\"sameAs\":[\"https:\\\/\\\/www.facebook.com\\\/gate21.ee\\\/\",\"https:\\\/\\\/www.instagram.com\\\/gate21.ee\\\/\",\"https:\\\/\\\/www.instagram.com\\\/omaasidesign\\\/\",\"https:\\\/\\\/www.instagram.com\\\/omaasi\\\/\",\"https:\\\/\\\/www.facebook.com\\\/omaasidesign\\\/\",\"https:\\\/\\\/www.facebook.com\\\/omaasilittleredhouse\\\/\",\"https:\\\/\\\/www.tiktok.com\\\/@gate21.ee\"]}]}<\/script>\n<!-- \/ Yoast SEO plugin. -->","yoast_head_json":{"title":"Roads - Notabag &#8226; Gate21","description":"Notabag on nutikas kombinatsioon kotist ja seljakotist. See muutub lihtsa t\u00f5mbega k\u00e4ekotist seljakotiks.\u00a0","robots":{"index":"index","follow":"follow","max-snippet":"max-snippet:-1","max-image-preview":"max-image-preview:large","max-video-preview":"max-video-preview:-1"},"canonical":"https:\/\/gate21.ee\/et\/shop\/roads-notabag\/","og_locale":"et_EE","og_type":"article","og_title":"Roads - Notabag &#8226; Gate21","og_description":"Notabag is the smart combination of a bag and a backpack. It transforms with a single pull on the straps, so you can put it on your back and free your hands.\u00a0","og_url":"https:\/\/gate21.ee\/et\/shop\/roads-notabag\/","og_site_name":"Gate21","article_publisher":"https:\/\/www.facebook.com\/gate21.ee\/","article_modified_time":"2026-03-07T13:56:04+00:00","og_image":[{"width":900,"height":1013,"url":"https:\/\/gate21.ee\/wp-content\/uploads\/2022\/11\/Notabag_MireiaROADSFront_900x.webp","type":"image\/webp"}],"twitter_card":"summary_large_image","twitter_misc":{"Est. reading time":"1 minut"},"schema":{"@context":"https:\/\/schema.org","@graph":[{"@type":"WebPage","@id":"https:\/\/gate21.ee\/shop\/roads-notabag\/","url":"https:\/\/gate21.ee\/shop\/roads-notabag\/","name":"Roads - Notabag &#8226; Gate21","isPartOf":{"@id":"https:\/\/gate21.ee\/#website"},"primaryImageOfPage":{"@id":"https:\/\/gate21.ee\/shop\/roads-notabag\/#primaryimage"},"image":{"@id":"https:\/\/gate21.ee\/shop\/roads-notabag\/#primaryimage"},"thumbnailUrl":"https:\/\/gate21.ee\/wp-content\/uploads\/2022\/11\/Notabag_MireiaROADSFront_900x.webp","datePublished":"2022-11-01T15:11:00+00:00","dateModified":"2026-03-07T13:56:04+00:00","description":"Notabag on nutikas kombinatsioon kotist ja seljakotist. See muutub lihtsa t\u00f5mbega k\u00e4ekotist seljakotiks.\u00a0","breadcrumb":{"@id":"https:\/\/gate21.ee\/shop\/roads-notabag\/#breadcrumb"},"inLanguage":"et","potentialAction":[{"@type":"ReadAction","target":["https:\/\/gate21.ee\/shop\/roads-notabag\/"]}]},{"@type":"ImageObject","inLanguage":"et","@id":"https:\/\/gate21.ee\/shop\/roads-notabag\/#primaryimage","url":"https:\/\/gate21.ee\/wp-content\/uploads\/2022\/11\/Notabag_MireiaROADSFront_900x.webp","contentUrl":"https:\/\/gate21.ee\/wp-content\/uploads\/2022\/11\/Notabag_MireiaROADSFront_900x.webp","width":900,"height":1013,"caption":"The Roads - Notabag is a fabric rucksack with a colourful abstract pattern in blue, pink, yellow, black, and orange. Featuring two shoulder straps and a rectangular shape, it highlights Estonian design\u2014ideal for any concept store or gift shop. Gate21.ee"},{"@type":"BreadcrumbList","@id":"https:\/\/gate21.ee\/shop\/roads-notabag\/#breadcrumb","itemListElement":[{"@type":"ListItem","position":1,"name":"Home","item":"https:\/\/gate21.ee\/"},{"@type":"ListItem","position":2,"name":"Roads &#8211; Notabag"}]},{"@type":"WebSite","@id":"https:\/\/gate21.ee\/#website","url":"https:\/\/gate21.ee\/","name":"Gate21","description":"Kingituskontseptsioonipood Gate21","publisher":{"@id":"https:\/\/gate21.ee\/#organization"},"alternateName":"gate21","potentialAction":[{"@type":"SearchAction","target":{"@type":"EntryPoint","urlTemplate":"https:\/\/gate21.ee\/?s={search_term_string}"},"query-input":{"@type":"PropertyValueSpecification","valueRequired":true,"valueName":"search_term_string"}}],"inLanguage":"et"},{"@type":"Organization","@id":"https:\/\/gate21.ee\/#organization","name":"Gate21","alternateName":"Gate21, Oma Asi and Oma Asi Design Store","url":"https:\/\/gate21.ee\/","logo":{"@type":"ImageObject","inLanguage":"et","@id":"https:\/\/gate21.ee\/#\/schema\/logo\/image\/","url":"https:\/\/gate21.ee\/wp-content\/uploads\/2021\/11\/Gate_21_Logo_2_Valge.png","contentUrl":"https:\/\/gate21.ee\/wp-content\/uploads\/2021\/11\/Gate_21_Logo_2_Valge.png","width":2560,"height":2560,"caption":"Gate21"},"image":{"@id":"https:\/\/gate21.ee\/#\/schema\/logo\/image\/"},"sameAs":["https:\/\/www.facebook.com\/gate21.ee\/","https:\/\/www.instagram.com\/gate21.ee\/","https:\/\/www.instagram.com\/omaasidesign\/","https:\/\/www.instagram.com\/omaasi\/","https:\/\/www.facebook.com\/omaasidesign\/","https:\/\/www.facebook.com\/omaasilittleredhouse\/","https:\/\/www.tiktok.com\/@gate21.ee"]}]}},"jetpack_sharing_enabled":true,"brands":[{"id":98,"name":"NotaBag","slug":"notabag"}],"_links":{"self":[{"href":"https:\/\/gate21.ee\/et\/wp-json\/wp\/v2\/product\/125834","targetHints":{"allow":["GET"]}}],"collection":[{"href":"https:\/\/gate21.ee\/et\/wp-json\/wp\/v2\/product"}],"about":[{"href":"https:\/\/gate21.ee\/et\/wp-json\/wp\/v2\/types\/product"}],"replies":[{"embeddable":true,"href":"https:\/\/gate21.ee\/et\/wp-json\/wp\/v2\/comments?post=125834"}],"version-history":[{"count":1,"href":"https:\/\/gate21.ee\/et\/wp-json\/wp\/v2\/product\/125834\/revisions"}],"predecessor-version":[{"id":210212,"href":"https:\/\/gate21.ee\/et\/wp-json\/wp\/v2\/product\/125834\/revisions\/210212"}],"wp:featuredmedia":[{"embeddable":true,"href":"https:\/\/gate21.ee\/et\/wp-json\/wp\/v2\/media\/125838"}],"wp:attachment":[{"href":"https:\/\/gate21.ee\/et\/wp-json\/wp\/v2\/media?parent=125834"}],"wp:term":[{"taxonomy":"pwb-brand","embeddable":true,"href":"https:\/\/gate21.ee\/et\/wp-json\/wp\/v2\/pwb-brand?post=125834"},{"taxonomy":"product_brand","embeddable":true,"href":"https:\/\/gate21.ee\/et\/wp-json\/wp\/v2\/product_brand?post=125834"},{"taxonomy":"product_cat","embeddable":true,"href":"https:\/\/gate21.ee\/et\/wp-json\/wp\/v2\/product_cat?post=125834"},{"taxonomy":"product_tag","embeddable":true,"href":"https:\/\/gate21.ee\/et\/wp-json\/wp\/v2\/product_tag?post=125834"}],"curies":[{"name":"wp","href":"https:\/\/api.w.org\/{rel}","templated":true}]}}