{"id":124843,"date":"2022-10-24T16:42:00","date_gmt":"2022-10-24T13:42:00","guid":{"rendered":"https:\/\/gate21.ee\/?post_type=product&#038;p=124843"},"modified":"2026-04-05T15:45:21","modified_gmt":"2026-04-05T12:45:21","slug":"luggage-tag-silver-orange","status":"publish","type":"product","link":"https:\/\/gate21.ee\/et\/shop\/luggage-tag-silver-orange\/","title":{"rendered":"Pagasi silt - neoonoran\u017e"},"content":{"rendered":"<div class=\"page\" title=\"8. lk\">\n<div class=\"layoutArea\">\n<div class=\"column\">\n<div class=\"layoutArea\">\n<div class=\"column\">\n<p><strong>M\u00e4rgi oma kohver, seljakott v\u00f5i muu pagas,<span class=\"Apple-converted-space\">\u00a0<\/span>mida kannad reisil kaasas!<\/strong><span class=\"Apple-converted-space\">\u00a0<\/span><\/p>\n<p>Kas Su pagas l\u00e4ks kaduma v\u00f5i on see \u00fcks lugematutest mustadest kottidest karussellil? Muuda oma reisimine vaevatuks MARCH pagasisildiga!<\/p>\n<\/div>\n<\/div>\n<div class=\"layoutArea\">\n<div class=\"column\">\n<p>Funktsioonid:<strong><br \/>\n<\/strong>Saab peale kirjutada pastaka, markeri v\u00f5i pliiatsiga<br \/>\nVeekindel<br \/>\nHelkuriga<\/p>\n<p>Materjalid:<br \/>\nSertifitseeritud helkurkangas<br \/>\nKirjutatav s\u00fcnteetiline paber<\/p>\n<p>M\u00f5\u00f5dud: 5,5 x 8,5 cm<\/p>\n<div class=\"layoutArea\">\n<div class=\"column\"><img decoding=\"async\" class=\"alignnone size-medium wp-image-124844\" src=\"https:\/\/gate21.ee\/wp-content\/uploads\/2022\/10\/luggage_tag_march_neon_orange_lugagge_by_Petrulaitis_RGB_high_res_shopify_2000x900_f8a0201a-fae8-4a56-b51b-0c86b8aa44dc_1500x-300x135.webp\" alt=\"\" width=\"300\" height=\"135\" srcset=\"https:\/\/gate21.ee\/wp-content\/uploads\/2022\/10\/luggage_tag_march_neon_orange_lugagge_by_Petrulaitis_RGB_high_res_shopify_2000x900_f8a0201a-fae8-4a56-b51b-0c86b8aa44dc_1500x-300x135.webp 300w, https:\/\/gate21.ee\/wp-content\/uploads\/2022\/10\/luggage_tag_march_neon_orange_lugagge_by_Petrulaitis_RGB_high_res_shopify_2000x900_f8a0201a-fae8-4a56-b51b-0c86b8aa44dc_1500x-1024x461.webp 1024w, https:\/\/gate21.ee\/wp-content\/uploads\/2022\/10\/luggage_tag_march_neon_orange_lugagge_by_Petrulaitis_RGB_high_res_shopify_2000x900_f8a0201a-fae8-4a56-b51b-0c86b8aa44dc_1500x-768x346.webp 768w, https:\/\/gate21.ee\/wp-content\/uploads\/2022\/10\/luggage_tag_march_neon_orange_lugagge_by_Petrulaitis_RGB_high_res_shopify_2000x900_f8a0201a-fae8-4a56-b51b-0c86b8aa44dc_1500x-18x8.webp 18w, https:\/\/gate21.ee\/wp-content\/uploads\/2022\/10\/luggage_tag_march_neon_orange_lugagge_by_Petrulaitis_RGB_high_res_shopify_2000x900_f8a0201a-fae8-4a56-b51b-0c86b8aa44dc_1500x-1320x594.webp 1320w, https:\/\/gate21.ee\/wp-content\/uploads\/2022\/10\/luggage_tag_march_neon_orange_lugagge_by_Petrulaitis_RGB_high_res_shopify_2000x900_f8a0201a-fae8-4a56-b51b-0c86b8aa44dc_1500x-600x270.webp 600w, https:\/\/gate21.ee\/wp-content\/uploads\/2022\/10\/luggage_tag_march_neon_orange_lugagge_by_Petrulaitis_RGB_high_res_shopify_2000x900_f8a0201a-fae8-4a56-b51b-0c86b8aa44dc_1500x.webp 1500w\" sizes=\"(max-width: 300px) 100vw, 300px\" \/><\/div>\n<div><\/div>\n<\/div>\n<p><a href=\"https:\/\/gate21.ee\/et\/brand\/march\/\">MARCH<\/a> ei leiuta uusi asju, vaid t\u00e4iustab olemasolevaid. Probleemide n\u00e4gemine ja neile lahenduste leidmine on edu v\u00f5tmeks. Igal tootel on potentsiaal uuenduseks ja selle tulemuseks on ebatavalised tavalised asjad!<\/p>\n<\/div>\n<\/div>\n<\/div>\n<\/div>\n<\/div>","protected":false},"excerpt":{"rendered":"<p>Point out your suitcase, backpack, or other luggage\u00a0you carry while traveling!\u00a0 Did your luggage get lost or is it one of the countless black bags on the luggage carousel?\u00a0Make your travel effortless with MARCH luggage tag! Features: writable with ballpoint, marker and pencil water-resistant reflective Materials: certified reflective fabric writable synthetic paper Size: 5,5 x [&hellip;]<\/p>\n","protected":false},"featured_media":124847,"comment_status":"closed","ping_status":"closed","template":"","meta":{"site-sidebar-layout":"default","site-content-layout":"default","ast-site-content-layout":"default","site-content-style":"default","site-sidebar-style":"default","ast-global-header-display":"","ast-banner-title-visibility":"","ast-main-header-display":"","ast-hfb-above-header-display":"","ast-hfb-below-header-display":"","ast-hfb-mobile-header-display":"","site-post-title":"","ast-breadcrumbs-content":"","ast-featured-img":"","footer-sml-layout":"","ast-disable-related-posts":"","theme-transparent-header-meta":"default","adv-header-id-meta":"","stick-header-meta":"default","header-above-stick-meta":"","header-main-stick-meta":"","header-below-stick-meta":"","astra-migrate-meta-layouts":"set","ast-page-background-enabled":"default","ast-page-background-meta":{"desktop":{"background-color":"","background-image":"","background-repeat":"repeat","background-position":"center center","background-size":"auto","background-attachment":"scroll","background-type":"","background-media":"","overlay-type":"","overlay-color":"","overlay-opacity":"","overlay-gradient":""},"tablet":{"background-color":"","background-image":"","background-repeat":"repeat","background-position":"center center","background-size":"auto","background-attachment":"scroll","background-type":"","background-media":"","overlay-type":"","overlay-color":"","overlay-opacity":"","overlay-gradient":""},"mobile":{"background-color":"","background-image":"","background-repeat":"repeat","background-position":"center center","background-size":"auto","background-attachment":"scroll","background-type":"","background-media":"","overlay-type":"","overlay-color":"","overlay-opacity":"","overlay-gradient":""}},"ast-content-background-meta":{"desktop":{"background-color":"var(--ast-global-color-5)","background-image":"","background-repeat":"repeat","background-position":"center center","background-size":"auto","background-attachment":"scroll","background-type":"","background-media":"","overlay-type":"","overlay-color":"","overlay-opacity":"","overlay-gradient":""},"tablet":{"background-color":"var(--ast-global-color-5)","background-image":"","background-repeat":"repeat","background-position":"center center","background-size":"auto","background-attachment":"scroll","background-type":"","background-media":"","overlay-type":"","overlay-color":"","overlay-opacity":"","overlay-gradient":""},"mobile":{"background-color":"var(--ast-global-color-5)","background-image":"","background-repeat":"repeat","background-position":"center center","background-size":"auto","background-attachment":"scroll","background-type":"","background-media":"","overlay-type":"","overlay-color":"","overlay-opacity":"","overlay-gradient":""}}},"pwb-brand":[376],"product_brand":[],"product_cat":[43,259],"product_tag":[227],"class_list":{"0":"post-124843","1":"product","2":"type-product","3":"status-publish","4":"has-post-thumbnail","6":"pwb-brand-march","7":"product_cat-allsorts","8":"product_cat-reflective","9":"product_tag-reflective","10":"desktop-align-center","11":"tablet-align-center","12":"mobile-align-center","13":"ast-product-gallery-layout-vertical","14":"ast-product-tabs-layout-horizontal","16":"first","17":"instock","18":"taxable","19":"shipping-taxable","20":"purchasable","21":"product-type-simple"},"yoast_head":"<!-- This site is optimized with the Yoast SEO plugin v27.4 - https:\/\/yoast.com\/product\/yoast-seo-wordpress\/ -->\n<title>Luggage Tag - Neon Orange &#8226; Gate21<\/title>\n<meta name=\"robots\" content=\"index, follow, max-snippet:-1, max-image-preview:large, max-video-preview:-1\" \/>\n<link rel=\"canonical\" href=\"https:\/\/gate21.ee\/et\/shop\/luggage-tag-silver-orange\/\" \/>\n<meta property=\"og:locale\" content=\"et_EE\" \/>\n<meta property=\"og:type\" content=\"article\" \/>\n<meta property=\"og:title\" content=\"Luggage Tag - Neon Orange &#8226; Gate21\" \/>\n<meta property=\"og:description\" content=\"Point out your suitcase, backpack, or other luggage\u00a0you carry while traveling!\u00a0 Did your luggage get lost or is it one of the countless black bags on the luggage carousel?\u00a0Make your travel effortless with MARCH luggage tag! Features: writable with ballpoint, marker and pencil water-resistant reflective Materials: certified reflective fabric writable synthetic paper Size: 5,5 x [&hellip;]\" \/>\n<meta property=\"og:url\" content=\"https:\/\/gate21.ee\/et\/shop\/luggage-tag-silver-orange\/\" \/>\n<meta property=\"og:site_name\" content=\"Gate21\" \/>\n<meta property=\"article:publisher\" content=\"https:\/\/www.facebook.com\/gate21.ee\/\" \/>\n<meta property=\"article:modified_time\" content=\"2026-04-05T12:45:21+00:00\" \/>\n<meta property=\"og:image\" content=\"https:\/\/gate21.ee\/wp-content\/uploads\/2022\/10\/march_luggagetag_neonorange_packaging_RGB_2000x2000px_900x.webp\" \/>\n\t<meta property=\"og:image:width\" content=\"900\" \/>\n\t<meta property=\"og:image:height\" content=\"900\" \/>\n\t<meta property=\"og:image:type\" content=\"image\/webp\" \/>\n<meta name=\"twitter:card\" content=\"summary_large_image\" \/>\n<meta name=\"twitter:label1\" content=\"Est. reading time\" \/>\n\t<meta name=\"twitter:data1\" content=\"1 minut\" \/>\n<script type=\"application\/ld+json\" class=\"yoast-schema-graph\">{\"@context\":\"https:\\\/\\\/schema.org\",\"@graph\":[{\"@type\":\"WebPage\",\"@id\":\"https:\\\/\\\/gate21.ee\\\/shop\\\/luggage-tag-silver-orange\\\/\",\"url\":\"https:\\\/\\\/gate21.ee\\\/shop\\\/luggage-tag-silver-orange\\\/\",\"name\":\"Luggage Tag - Neon Orange &#8226; Gate21\",\"isPartOf\":{\"@id\":\"https:\\\/\\\/gate21.ee\\\/#website\"},\"primaryImageOfPage\":{\"@id\":\"https:\\\/\\\/gate21.ee\\\/shop\\\/luggage-tag-silver-orange\\\/#primaryimage\"},\"image\":{\"@id\":\"https:\\\/\\\/gate21.ee\\\/shop\\\/luggage-tag-silver-orange\\\/#primaryimage\"},\"thumbnailUrl\":\"https:\\\/\\\/gate21.ee\\\/wp-content\\\/uploads\\\/2022\\\/10\\\/march_luggagetag_neonorange_packaging_RGB_2000x2000px_900x.webp\",\"datePublished\":\"2022-10-24T13:42:00+00:00\",\"dateModified\":\"2026-04-05T12:45:21+00:00\",\"breadcrumb\":{\"@id\":\"https:\\\/\\\/gate21.ee\\\/shop\\\/luggage-tag-silver-orange\\\/#breadcrumb\"},\"inLanguage\":\"et\",\"potentialAction\":[{\"@type\":\"ReadAction\",\"target\":[\"https:\\\/\\\/gate21.ee\\\/shop\\\/luggage-tag-silver-orange\\\/\"]}]},{\"@type\":\"ImageObject\",\"inLanguage\":\"et\",\"@id\":\"https:\\\/\\\/gate21.ee\\\/shop\\\/luggage-tag-silver-orange\\\/#primaryimage\",\"url\":\"https:\\\/\\\/gate21.ee\\\/wp-content\\\/uploads\\\/2022\\\/10\\\/march_luggagetag_neonorange_packaging_RGB_2000x2000px_900x.webp\",\"contentUrl\":\"https:\\\/\\\/gate21.ee\\\/wp-content\\\/uploads\\\/2022\\\/10\\\/march_luggagetag_neonorange_packaging_RGB_2000x2000px_900x.webp\",\"width\":900,\"height\":900,\"caption\":\"The Luggage Tag - Neon Orange features a grey tag with an orange loop, displayed on black packaging labelled \\\"luggage tag.\\\" The packaging includes a suitcase outline and the word \\\"march,\\\" making it ideal for curated gift shops or concept stores. Gate21.ee\"},{\"@type\":\"BreadcrumbList\",\"@id\":\"https:\\\/\\\/gate21.ee\\\/shop\\\/luggage-tag-silver-orange\\\/#breadcrumb\",\"itemListElement\":[{\"@type\":\"ListItem\",\"position\":1,\"name\":\"Home\",\"item\":\"https:\\\/\\\/gate21.ee\\\/\"},{\"@type\":\"ListItem\",\"position\":2,\"name\":\"Luggage Tag &#8211; Neon Orange\"}]},{\"@type\":\"WebSite\",\"@id\":\"https:\\\/\\\/gate21.ee\\\/#website\",\"url\":\"https:\\\/\\\/gate21.ee\\\/\",\"name\":\"Gate21\",\"description\":\"Gift concept store Gate21\",\"publisher\":{\"@id\":\"https:\\\/\\\/gate21.ee\\\/#organization\"},\"alternateName\":\"gate21\",\"potentialAction\":[{\"@type\":\"SearchAction\",\"target\":{\"@type\":\"EntryPoint\",\"urlTemplate\":\"https:\\\/\\\/gate21.ee\\\/?s={search_term_string}\"},\"query-input\":{\"@type\":\"PropertyValueSpecification\",\"valueRequired\":true,\"valueName\":\"search_term_string\"}}],\"inLanguage\":\"et\"},{\"@type\":\"Organization\",\"@id\":\"https:\\\/\\\/gate21.ee\\\/#organization\",\"name\":\"Gate21\",\"alternateName\":\"Gate21, Oma Asi and Oma Asi Design Store\",\"url\":\"https:\\\/\\\/gate21.ee\\\/\",\"logo\":{\"@type\":\"ImageObject\",\"inLanguage\":\"et\",\"@id\":\"https:\\\/\\\/gate21.ee\\\/#\\\/schema\\\/logo\\\/image\\\/\",\"url\":\"https:\\\/\\\/gate21.ee\\\/wp-content\\\/uploads\\\/2021\\\/11\\\/Gate_21_Logo_2_Valge.png\",\"contentUrl\":\"https:\\\/\\\/gate21.ee\\\/wp-content\\\/uploads\\\/2021\\\/11\\\/Gate_21_Logo_2_Valge.png\",\"width\":2560,\"height\":2560,\"caption\":\"Gate21\"},\"image\":{\"@id\":\"https:\\\/\\\/gate21.ee\\\/#\\\/schema\\\/logo\\\/image\\\/\"},\"sameAs\":[\"https:\\\/\\\/www.facebook.com\\\/gate21.ee\\\/\",\"https:\\\/\\\/www.instagram.com\\\/gate21.ee\\\/\",\"https:\\\/\\\/www.instagram.com\\\/omaasidesign\\\/\",\"https:\\\/\\\/www.instagram.com\\\/omaasi\\\/\",\"https:\\\/\\\/www.facebook.com\\\/omaasidesign\\\/\",\"https:\\\/\\\/www.facebook.com\\\/omaasilittleredhouse\\\/\",\"https:\\\/\\\/www.tiktok.com\\\/@gate21.ee\"]}]}<\/script>\n<!-- \/ Yoast SEO plugin. -->","yoast_head_json":{"title":"Luggage Tag - Neon Orange &#8226; Gate21","robots":{"index":"index","follow":"follow","max-snippet":"max-snippet:-1","max-image-preview":"max-image-preview:large","max-video-preview":"max-video-preview:-1"},"canonical":"https:\/\/gate21.ee\/et\/shop\/luggage-tag-silver-orange\/","og_locale":"et_EE","og_type":"article","og_title":"Luggage Tag - Neon Orange &#8226; Gate21","og_description":"Point out your suitcase, backpack, or other luggage\u00a0you carry while traveling!\u00a0 Did your luggage get lost or is it one of the countless black bags on the luggage carousel?\u00a0Make your travel effortless with MARCH luggage tag! Features: writable with ballpoint, marker and pencil water-resistant reflective Materials: certified reflective fabric writable synthetic paper Size: 5,5 x [&hellip;]","og_url":"https:\/\/gate21.ee\/et\/shop\/luggage-tag-silver-orange\/","og_site_name":"Gate21","article_publisher":"https:\/\/www.facebook.com\/gate21.ee\/","article_modified_time":"2026-04-05T12:45:21+00:00","og_image":[{"width":900,"height":900,"url":"https:\/\/gate21.ee\/wp-content\/uploads\/2022\/10\/march_luggagetag_neonorange_packaging_RGB_2000x2000px_900x.webp","type":"image\/webp"}],"twitter_card":"summary_large_image","twitter_misc":{"Est. reading time":"1 minut"},"schema":{"@context":"https:\/\/schema.org","@graph":[{"@type":"WebPage","@id":"https:\/\/gate21.ee\/shop\/luggage-tag-silver-orange\/","url":"https:\/\/gate21.ee\/shop\/luggage-tag-silver-orange\/","name":"Luggage Tag - Neon Orange &#8226; Gate21","isPartOf":{"@id":"https:\/\/gate21.ee\/#website"},"primaryImageOfPage":{"@id":"https:\/\/gate21.ee\/shop\/luggage-tag-silver-orange\/#primaryimage"},"image":{"@id":"https:\/\/gate21.ee\/shop\/luggage-tag-silver-orange\/#primaryimage"},"thumbnailUrl":"https:\/\/gate21.ee\/wp-content\/uploads\/2022\/10\/march_luggagetag_neonorange_packaging_RGB_2000x2000px_900x.webp","datePublished":"2022-10-24T13:42:00+00:00","dateModified":"2026-04-05T12:45:21+00:00","breadcrumb":{"@id":"https:\/\/gate21.ee\/shop\/luggage-tag-silver-orange\/#breadcrumb"},"inLanguage":"et","potentialAction":[{"@type":"ReadAction","target":["https:\/\/gate21.ee\/shop\/luggage-tag-silver-orange\/"]}]},{"@type":"ImageObject","inLanguage":"et","@id":"https:\/\/gate21.ee\/shop\/luggage-tag-silver-orange\/#primaryimage","url":"https:\/\/gate21.ee\/wp-content\/uploads\/2022\/10\/march_luggagetag_neonorange_packaging_RGB_2000x2000px_900x.webp","contentUrl":"https:\/\/gate21.ee\/wp-content\/uploads\/2022\/10\/march_luggagetag_neonorange_packaging_RGB_2000x2000px_900x.webp","width":900,"height":900,"caption":"The Luggage Tag - Neon Orange features a grey tag with an orange loop, displayed on black packaging labelled \"luggage tag.\" The packaging includes a suitcase outline and the word \"march,\" making it ideal for curated gift shops or concept stores. Gate21.ee"},{"@type":"BreadcrumbList","@id":"https:\/\/gate21.ee\/shop\/luggage-tag-silver-orange\/#breadcrumb","itemListElement":[{"@type":"ListItem","position":1,"name":"Home","item":"https:\/\/gate21.ee\/"},{"@type":"ListItem","position":2,"name":"Luggage Tag &#8211; Neon Orange"}]},{"@type":"WebSite","@id":"https:\/\/gate21.ee\/#website","url":"https:\/\/gate21.ee\/","name":"Gate21","description":"Kingituskontseptsioonipood Gate21","publisher":{"@id":"https:\/\/gate21.ee\/#organization"},"alternateName":"gate21","potentialAction":[{"@type":"SearchAction","target":{"@type":"EntryPoint","urlTemplate":"https:\/\/gate21.ee\/?s={search_term_string}"},"query-input":{"@type":"PropertyValueSpecification","valueRequired":true,"valueName":"search_term_string"}}],"inLanguage":"et"},{"@type":"Organization","@id":"https:\/\/gate21.ee\/#organization","name":"Gate21","alternateName":"Gate21, Oma Asi and Oma Asi Design Store","url":"https:\/\/gate21.ee\/","logo":{"@type":"ImageObject","inLanguage":"et","@id":"https:\/\/gate21.ee\/#\/schema\/logo\/image\/","url":"https:\/\/gate21.ee\/wp-content\/uploads\/2021\/11\/Gate_21_Logo_2_Valge.png","contentUrl":"https:\/\/gate21.ee\/wp-content\/uploads\/2021\/11\/Gate_21_Logo_2_Valge.png","width":2560,"height":2560,"caption":"Gate21"},"image":{"@id":"https:\/\/gate21.ee\/#\/schema\/logo\/image\/"},"sameAs":["https:\/\/www.facebook.com\/gate21.ee\/","https:\/\/www.instagram.com\/gate21.ee\/","https:\/\/www.instagram.com\/omaasidesign\/","https:\/\/www.instagram.com\/omaasi\/","https:\/\/www.facebook.com\/omaasidesign\/","https:\/\/www.facebook.com\/omaasilittleredhouse\/","https:\/\/www.tiktok.com\/@gate21.ee"]}]}},"jetpack_sharing_enabled":true,"brands":[{"id":376,"name":"March","slug":"march"}],"_links":{"self":[{"href":"https:\/\/gate21.ee\/et\/wp-json\/wp\/v2\/product\/124843","targetHints":{"allow":["GET"]}}],"collection":[{"href":"https:\/\/gate21.ee\/et\/wp-json\/wp\/v2\/product"}],"about":[{"href":"https:\/\/gate21.ee\/et\/wp-json\/wp\/v2\/types\/product"}],"replies":[{"embeddable":true,"href":"https:\/\/gate21.ee\/et\/wp-json\/wp\/v2\/comments?post=124843"}],"version-history":[{"count":1,"href":"https:\/\/gate21.ee\/et\/wp-json\/wp\/v2\/product\/124843\/revisions"}],"predecessor-version":[{"id":228353,"href":"https:\/\/gate21.ee\/et\/wp-json\/wp\/v2\/product\/124843\/revisions\/228353"}],"wp:featuredmedia":[{"embeddable":true,"href":"https:\/\/gate21.ee\/et\/wp-json\/wp\/v2\/media\/124847"}],"wp:attachment":[{"href":"https:\/\/gate21.ee\/et\/wp-json\/wp\/v2\/media?parent=124843"}],"wp:term":[{"taxonomy":"pwb-brand","embeddable":true,"href":"https:\/\/gate21.ee\/et\/wp-json\/wp\/v2\/pwb-brand?post=124843"},{"taxonomy":"product_brand","embeddable":true,"href":"https:\/\/gate21.ee\/et\/wp-json\/wp\/v2\/product_brand?post=124843"},{"taxonomy":"product_cat","embeddable":true,"href":"https:\/\/gate21.ee\/et\/wp-json\/wp\/v2\/product_cat?post=124843"},{"taxonomy":"product_tag","embeddable":true,"href":"https:\/\/gate21.ee\/et\/wp-json\/wp\/v2\/product_tag?post=124843"}],"curies":[{"name":"wp","href":"https:\/\/api.w.org\/{rel}","templated":true}]}}