{"id":118298,"date":"2022-09-10T11:39:57","date_gmt":"2022-09-10T08:39:57","guid":{"rendered":"https:\/\/gate21.ee\/?post_type=product&#038;p=118298"},"modified":"2026-04-26T14:13:11","modified_gmt":"2026-04-26T11:13:11","slug":"anything-is-possible-make-it-happen","status":"publish","type":"product","link":"https:\/\/gate21.ee\/et\/shop\/anything-is-possible-make-it-happen\/","title":{"rendered":"ANYTHING IS POSSIBLE \/ MAKE IT HAPPEN - kaelakee"},"content":{"rendered":"<p>Kaelakee ripatsi \u00fchel k\u00fcljel on tekst \"ANYTHING IS POSSIBLE\" ja teisel pool \"MAKE IT HAPPEN\".<\/p>\n<p>Kaelakee pikkus on 50 cm.<\/p>\n<p>Kaelakeed on valmistatud poleeritud roostevabast terasest ja k\u00f5rgtehnoloogiliselt t\u00f6\u00f6deldud, et tagada vastupidavus ja kauakestev v\u00e4limus, ca. 2% h\u00f5be, kuld v\u00f5i roosa kuld.<\/p>\n<p>Ripatsi m\u00f5\u00f5dud on 39,9 x 3,9 mm<\/p>\n<p>Hooldus: <span class=\"\">V\u00e4ltige niiskust, kokkupuudet kosmeetika ja kodukeemiaga.\u00a0<\/span>Vajadusel puhasta ehteid puuvillase v\u00f5i sametlapiga.<\/p>","protected":false},"excerpt":{"rendered":"<p>On one side of the necklace pendant is the text ANYTHING IS POSSIBLE and on the other side is MAKE IT HAPPEN. The length of the necklace is a trendy 50 cm. The necklaces are made from polished stainless steel and high-tech treated to ensure durability and long-lasting appearance with approx. 2% silver, gold or [&hellip;]<\/p>\n","protected":false},"featured_media":118302,"comment_status":"closed","ping_status":"closed","template":"","meta":{"site-sidebar-layout":"default","site-content-layout":"default","ast-site-content-layout":"default","site-content-style":"default","site-sidebar-style":"default","ast-global-header-display":"","ast-banner-title-visibility":"","ast-main-header-display":"","ast-hfb-above-header-display":"","ast-hfb-below-header-display":"","ast-hfb-mobile-header-display":"","site-post-title":"","ast-breadcrumbs-content":"","ast-featured-img":"","footer-sml-layout":"","ast-disable-related-posts":"","theme-transparent-header-meta":"default","adv-header-id-meta":"","stick-header-meta":"default","header-above-stick-meta":"","header-main-stick-meta":"","header-below-stick-meta":"","astra-migrate-meta-layouts":"set","ast-page-background-enabled":"default","ast-page-background-meta":{"desktop":{"background-color":"","background-image":"","background-repeat":"repeat","background-position":"center center","background-size":"auto","background-attachment":"scroll","background-type":"","background-media":"","overlay-type":"","overlay-color":"","overlay-opacity":"","overlay-gradient":""},"tablet":{"background-color":"","background-image":"","background-repeat":"repeat","background-position":"center center","background-size":"auto","background-attachment":"scroll","background-type":"","background-media":"","overlay-type":"","overlay-color":"","overlay-opacity":"","overlay-gradient":""},"mobile":{"background-color":"","background-image":"","background-repeat":"repeat","background-position":"center center","background-size":"auto","background-attachment":"scroll","background-type":"","background-media":"","overlay-type":"","overlay-color":"","overlay-opacity":"","overlay-gradient":""}},"ast-content-background-meta":{"desktop":{"background-color":"var(--ast-global-color-5)","background-image":"","background-repeat":"repeat","background-position":"center center","background-size":"auto","background-attachment":"scroll","background-type":"","background-media":"","overlay-type":"","overlay-color":"","overlay-opacity":"","overlay-gradient":""},"tablet":{"background-color":"var(--ast-global-color-5)","background-image":"","background-repeat":"repeat","background-position":"center center","background-size":"auto","background-attachment":"scroll","background-type":"","background-media":"","overlay-type":"","overlay-color":"","overlay-opacity":"","overlay-gradient":""},"mobile":{"background-color":"var(--ast-global-color-5)","background-image":"","background-repeat":"repeat","background-position":"center center","background-size":"auto","background-attachment":"scroll","background-type":"","background-media":"","overlay-type":"","overlay-color":"","overlay-opacity":"","overlay-gradient":""}}},"pwb-brand":[193],"product_brand":[],"product_cat":[52,127],"product_tag":[327],"class_list":{"0":"post-118298","1":"product","2":"type-product","3":"status-publish","4":"has-post-thumbnail","6":"pwb-brand-olla","7":"product_cat-jewellery","8":"product_cat-necklaces","9":"product_tag-necklace","10":"desktop-align-center","11":"tablet-align-center","12":"mobile-align-center","13":"ast-product-gallery-layout-vertical","14":"ast-product-gallery-with-no-image","15":"ast-product-single-variable","16":"ast-product-tabs-layout-horizontal","18":"first","19":"instock","20":"taxable","21":"shipping-taxable","22":"purchasable","23":"product-type-variable"},"yoast_head":"<!-- This site is optimized with the Yoast SEO plugin v27.4 - https:\/\/yoast.com\/product\/yoast-seo-wordpress\/ -->\n<title>Anything is Possible \/ make it Happen &#8226; Gate21<\/title>\n<meta name=\"description\" content=\"Olla understands that good words are powerful. They inspire, motivate and give us the courage TO BE a better person or empower us just TO BE.\" \/>\n<meta name=\"robots\" content=\"index, follow, max-snippet:-1, max-image-preview:large, max-video-preview:-1\" \/>\n<link rel=\"canonical\" href=\"https:\/\/gate21.ee\/et\/shop\/anything-is-possible-make-it-happen\/\" \/>\n<meta property=\"og:locale\" content=\"et_EE\" \/>\n<meta property=\"og:type\" content=\"article\" \/>\n<meta property=\"og:title\" content=\"Anything is Possible \/ make it Happen &#8226; Gate21\" \/>\n<meta property=\"og:description\" content=\"Olla understands that good words are powerful. They inspire, motivate and give us the courage TO BE a better person or empower us just TO BE.\" \/>\n<meta property=\"og:url\" content=\"https:\/\/gate21.ee\/et\/shop\/anything-is-possible-make-it-happen\/\" \/>\n<meta property=\"og:site_name\" content=\"Gate21\" \/>\n<meta property=\"article:publisher\" content=\"https:\/\/www.facebook.com\/gate21.ee\/\" \/>\n<meta property=\"article:modified_time\" content=\"2026-04-26T11:13:11+00:00\" \/>\n<meta property=\"og:image\" content=\"https:\/\/gate21.ee\/wp-content\/uploads\/2022\/09\/ANYTHING-IS-POSSIBLE-MAKE-IT-HAPPEN_c-555x555-2.jpg\" \/>\n\t<meta property=\"og:image:width\" content=\"555\" \/>\n\t<meta property=\"og:image:height\" content=\"555\" \/>\n\t<meta property=\"og:image:type\" content=\"image\/jpeg\" \/>\n<meta name=\"twitter:card\" content=\"summary_large_image\" \/>\n<meta name=\"twitter:label1\" content=\"Est. reading time\" \/>\n\t<meta name=\"twitter:data1\" content=\"1 minut\" \/>\n<script type=\"application\/ld+json\" class=\"yoast-schema-graph\">{\"@context\":\"https:\\\/\\\/schema.org\",\"@graph\":[{\"@type\":\"WebPage\",\"@id\":\"https:\\\/\\\/gate21.ee\\\/shop\\\/anything-is-possible-make-it-happen\\\/\",\"url\":\"https:\\\/\\\/gate21.ee\\\/shop\\\/anything-is-possible-make-it-happen\\\/\",\"name\":\"Anything is Possible \\\/ make it Happen &#8226; Gate21\",\"isPartOf\":{\"@id\":\"https:\\\/\\\/gate21.ee\\\/#website\"},\"primaryImageOfPage\":{\"@id\":\"https:\\\/\\\/gate21.ee\\\/shop\\\/anything-is-possible-make-it-happen\\\/#primaryimage\"},\"image\":{\"@id\":\"https:\\\/\\\/gate21.ee\\\/shop\\\/anything-is-possible-make-it-happen\\\/#primaryimage\"},\"thumbnailUrl\":\"https:\\\/\\\/gate21.ee\\\/wp-content\\\/uploads\\\/2022\\\/09\\\/ANYTHING-IS-POSSIBLE-MAKE-IT-HAPPEN_c-555x555-2.jpg\",\"datePublished\":\"2022-09-10T08:39:57+00:00\",\"dateModified\":\"2026-04-26T11:13:11+00:00\",\"description\":\"Olla understands that good words are powerful. They inspire, motivate and give us the courage TO BE a better person or empower us just TO BE.\",\"breadcrumb\":{\"@id\":\"https:\\\/\\\/gate21.ee\\\/shop\\\/anything-is-possible-make-it-happen\\\/#breadcrumb\"},\"inLanguage\":\"et\",\"potentialAction\":[{\"@type\":\"ReadAction\",\"target\":[\"https:\\\/\\\/gate21.ee\\\/shop\\\/anything-is-possible-make-it-happen\\\/\"]}]},{\"@type\":\"ImageObject\",\"inLanguage\":\"et\",\"@id\":\"https:\\\/\\\/gate21.ee\\\/shop\\\/anything-is-possible-make-it-happen\\\/#primaryimage\",\"url\":\"https:\\\/\\\/gate21.ee\\\/wp-content\\\/uploads\\\/2022\\\/09\\\/ANYTHING-IS-POSSIBLE-MAKE-IT-HAPPEN_c-555x555-2.jpg\",\"contentUrl\":\"https:\\\/\\\/gate21.ee\\\/wp-content\\\/uploads\\\/2022\\\/09\\\/ANYTHING-IS-POSSIBLE-MAKE-IT-HAPPEN_c-555x555-2.jpg\",\"width\":555,\"height\":555,\"caption\":\"The \\\"Anything is Possible \\\/ make it Happen\\\" gold bar necklaces feature inspiring engravings, thin chains, and lobster clasps\u2014ideal for gift shops or anyone looking for a unique present. Gate21.ee\"},{\"@type\":\"BreadcrumbList\",\"@id\":\"https:\\\/\\\/gate21.ee\\\/shop\\\/anything-is-possible-make-it-happen\\\/#breadcrumb\",\"itemListElement\":[{\"@type\":\"ListItem\",\"position\":1,\"name\":\"Home\",\"item\":\"https:\\\/\\\/gate21.ee\\\/\"},{\"@type\":\"ListItem\",\"position\":2,\"name\":\"Anything is Possible \\\/ make it Happen\"}]},{\"@type\":\"WebSite\",\"@id\":\"https:\\\/\\\/gate21.ee\\\/#website\",\"url\":\"https:\\\/\\\/gate21.ee\\\/\",\"name\":\"Gate21\",\"description\":\"Gift concept store Gate21\",\"publisher\":{\"@id\":\"https:\\\/\\\/gate21.ee\\\/#organization\"},\"alternateName\":\"gate21\",\"potentialAction\":[{\"@type\":\"SearchAction\",\"target\":{\"@type\":\"EntryPoint\",\"urlTemplate\":\"https:\\\/\\\/gate21.ee\\\/?s={search_term_string}\"},\"query-input\":{\"@type\":\"PropertyValueSpecification\",\"valueRequired\":true,\"valueName\":\"search_term_string\"}}],\"inLanguage\":\"et\"},{\"@type\":\"Organization\",\"@id\":\"https:\\\/\\\/gate21.ee\\\/#organization\",\"name\":\"Gate21\",\"alternateName\":\"Gate21, Oma Asi and Oma Asi Design Store\",\"url\":\"https:\\\/\\\/gate21.ee\\\/\",\"logo\":{\"@type\":\"ImageObject\",\"inLanguage\":\"et\",\"@id\":\"https:\\\/\\\/gate21.ee\\\/#\\\/schema\\\/logo\\\/image\\\/\",\"url\":\"https:\\\/\\\/gate21.ee\\\/wp-content\\\/uploads\\\/2021\\\/11\\\/Gate_21_Logo_2_Valge.png\",\"contentUrl\":\"https:\\\/\\\/gate21.ee\\\/wp-content\\\/uploads\\\/2021\\\/11\\\/Gate_21_Logo_2_Valge.png\",\"width\":2560,\"height\":2560,\"caption\":\"Gate21\"},\"image\":{\"@id\":\"https:\\\/\\\/gate21.ee\\\/#\\\/schema\\\/logo\\\/image\\\/\"},\"sameAs\":[\"https:\\\/\\\/www.facebook.com\\\/gate21.ee\\\/\",\"https:\\\/\\\/www.instagram.com\\\/gate21.ee\\\/\",\"https:\\\/\\\/www.instagram.com\\\/omaasidesign\\\/\",\"https:\\\/\\\/www.instagram.com\\\/omaasi\\\/\",\"https:\\\/\\\/www.facebook.com\\\/omaasidesign\\\/\",\"https:\\\/\\\/www.facebook.com\\\/omaasilittleredhouse\\\/\",\"https:\\\/\\\/www.tiktok.com\\\/@gate21.ee\"]}]}<\/script>\n<!-- \/ Yoast SEO plugin. -->","yoast_head_json":{"title":"Anything is Possible \/ make it Happen &#8226; Gate21","description":"Olla understands that good words are powerful. They inspire, motivate and give us the courage TO BE a better person or empower us just TO BE.","robots":{"index":"index","follow":"follow","max-snippet":"max-snippet:-1","max-image-preview":"max-image-preview:large","max-video-preview":"max-video-preview:-1"},"canonical":"https:\/\/gate21.ee\/et\/shop\/anything-is-possible-make-it-happen\/","og_locale":"et_EE","og_type":"article","og_title":"Anything is Possible \/ make it Happen &#8226; Gate21","og_description":"Olla understands that good words are powerful. They inspire, motivate and give us the courage TO BE a better person or empower us just TO BE.","og_url":"https:\/\/gate21.ee\/et\/shop\/anything-is-possible-make-it-happen\/","og_site_name":"Gate21","article_publisher":"https:\/\/www.facebook.com\/gate21.ee\/","article_modified_time":"2026-04-26T11:13:11+00:00","og_image":[{"width":555,"height":555,"url":"https:\/\/gate21.ee\/wp-content\/uploads\/2022\/09\/ANYTHING-IS-POSSIBLE-MAKE-IT-HAPPEN_c-555x555-2.jpg","type":"image\/jpeg"}],"twitter_card":"summary_large_image","twitter_misc":{"Est. reading time":"1 minut"},"schema":{"@context":"https:\/\/schema.org","@graph":[{"@type":"WebPage","@id":"https:\/\/gate21.ee\/shop\/anything-is-possible-make-it-happen\/","url":"https:\/\/gate21.ee\/shop\/anything-is-possible-make-it-happen\/","name":"Anything is Possible \/ make it Happen &#8226; Gate21","isPartOf":{"@id":"https:\/\/gate21.ee\/#website"},"primaryImageOfPage":{"@id":"https:\/\/gate21.ee\/shop\/anything-is-possible-make-it-happen\/#primaryimage"},"image":{"@id":"https:\/\/gate21.ee\/shop\/anything-is-possible-make-it-happen\/#primaryimage"},"thumbnailUrl":"https:\/\/gate21.ee\/wp-content\/uploads\/2022\/09\/ANYTHING-IS-POSSIBLE-MAKE-IT-HAPPEN_c-555x555-2.jpg","datePublished":"2022-09-10T08:39:57+00:00","dateModified":"2026-04-26T11:13:11+00:00","description":"Olla understands that good words are powerful. They inspire, motivate and give us the courage TO BE a better person or empower us just TO BE.","breadcrumb":{"@id":"https:\/\/gate21.ee\/shop\/anything-is-possible-make-it-happen\/#breadcrumb"},"inLanguage":"et","potentialAction":[{"@type":"ReadAction","target":["https:\/\/gate21.ee\/shop\/anything-is-possible-make-it-happen\/"]}]},{"@type":"ImageObject","inLanguage":"et","@id":"https:\/\/gate21.ee\/shop\/anything-is-possible-make-it-happen\/#primaryimage","url":"https:\/\/gate21.ee\/wp-content\/uploads\/2022\/09\/ANYTHING-IS-POSSIBLE-MAKE-IT-HAPPEN_c-555x555-2.jpg","contentUrl":"https:\/\/gate21.ee\/wp-content\/uploads\/2022\/09\/ANYTHING-IS-POSSIBLE-MAKE-IT-HAPPEN_c-555x555-2.jpg","width":555,"height":555,"caption":"The \"Anything is Possible \/ make it Happen\" gold bar necklaces feature inspiring engravings, thin chains, and lobster clasps\u2014ideal for gift shops or anyone looking for a unique present. Gate21.ee"},{"@type":"BreadcrumbList","@id":"https:\/\/gate21.ee\/shop\/anything-is-possible-make-it-happen\/#breadcrumb","itemListElement":[{"@type":"ListItem","position":1,"name":"Home","item":"https:\/\/gate21.ee\/"},{"@type":"ListItem","position":2,"name":"Anything is Possible \/ make it Happen"}]},{"@type":"WebSite","@id":"https:\/\/gate21.ee\/#website","url":"https:\/\/gate21.ee\/","name":"Gate21","description":"Kingituskontseptsioonipood Gate21","publisher":{"@id":"https:\/\/gate21.ee\/#organization"},"alternateName":"gate21","potentialAction":[{"@type":"SearchAction","target":{"@type":"EntryPoint","urlTemplate":"https:\/\/gate21.ee\/?s={search_term_string}"},"query-input":{"@type":"PropertyValueSpecification","valueRequired":true,"valueName":"search_term_string"}}],"inLanguage":"et"},{"@type":"Organization","@id":"https:\/\/gate21.ee\/#organization","name":"Gate21","alternateName":"Gate21, Oma Asi and Oma Asi Design Store","url":"https:\/\/gate21.ee\/","logo":{"@type":"ImageObject","inLanguage":"et","@id":"https:\/\/gate21.ee\/#\/schema\/logo\/image\/","url":"https:\/\/gate21.ee\/wp-content\/uploads\/2021\/11\/Gate_21_Logo_2_Valge.png","contentUrl":"https:\/\/gate21.ee\/wp-content\/uploads\/2021\/11\/Gate_21_Logo_2_Valge.png","width":2560,"height":2560,"caption":"Gate21"},"image":{"@id":"https:\/\/gate21.ee\/#\/schema\/logo\/image\/"},"sameAs":["https:\/\/www.facebook.com\/gate21.ee\/","https:\/\/www.instagram.com\/gate21.ee\/","https:\/\/www.instagram.com\/omaasidesign\/","https:\/\/www.instagram.com\/omaasi\/","https:\/\/www.facebook.com\/omaasidesign\/","https:\/\/www.facebook.com\/omaasilittleredhouse\/","https:\/\/www.tiktok.com\/@gate21.ee"]}]}},"jetpack_sharing_enabled":true,"brands":[{"id":193,"name":"Olla","slug":"olla"}],"_links":{"self":[{"href":"https:\/\/gate21.ee\/et\/wp-json\/wp\/v2\/product\/118298","targetHints":{"allow":["GET"]}}],"collection":[{"href":"https:\/\/gate21.ee\/et\/wp-json\/wp\/v2\/product"}],"about":[{"href":"https:\/\/gate21.ee\/et\/wp-json\/wp\/v2\/types\/product"}],"replies":[{"embeddable":true,"href":"https:\/\/gate21.ee\/et\/wp-json\/wp\/v2\/comments?post=118298"}],"version-history":[{"count":1,"href":"https:\/\/gate21.ee\/et\/wp-json\/wp\/v2\/product\/118298\/revisions"}],"predecessor-version":[{"id":246810,"href":"https:\/\/gate21.ee\/et\/wp-json\/wp\/v2\/product\/118298\/revisions\/246810"}],"wp:featuredmedia":[{"embeddable":true,"href":"https:\/\/gate21.ee\/et\/wp-json\/wp\/v2\/media\/118302"}],"wp:attachment":[{"href":"https:\/\/gate21.ee\/et\/wp-json\/wp\/v2\/media?parent=118298"}],"wp:term":[{"taxonomy":"pwb-brand","embeddable":true,"href":"https:\/\/gate21.ee\/et\/wp-json\/wp\/v2\/pwb-brand?post=118298"},{"taxonomy":"product_brand","embeddable":true,"href":"https:\/\/gate21.ee\/et\/wp-json\/wp\/v2\/product_brand?post=118298"},{"taxonomy":"product_cat","embeddable":true,"href":"https:\/\/gate21.ee\/et\/wp-json\/wp\/v2\/product_cat?post=118298"},{"taxonomy":"product_tag","embeddable":true,"href":"https:\/\/gate21.ee\/et\/wp-json\/wp\/v2\/product_tag?post=118298"}],"curies":[{"name":"wp","href":"https:\/\/api.w.org\/{rel}","templated":true}]}}