{"id":118015,"date":"2022-09-07T19:02:00","date_gmt":"2022-09-07T16:02:00","guid":{"rendered":"https:\/\/gate21.ee\/?post_type=product&#038;p=118015"},"modified":"2026-03-14T17:57:11","modified_gmt":"2026-03-14T15:57:11","slug":"single-petrol","status":"publish","type":"product","link":"https:\/\/gate21.ee\/et\/shop\/single-petrol\/","title":{"rendered":"Helkur-rinnam\u00e4rk - vikerkaar"},"content":{"rendered":"<div class=\"page\" title=\"8. lk\">\n<div class=\"layoutArea\">\n<div class=\"column\">\n<div class=\"layoutArea\">\n<div class=\"column\">\n<p>Ohutus ennek\u00f5ike. Nagu ka stiili puhul!<\/p>\n<\/div>\n<\/div>\n<div class=\"layoutArea\">\n<div class=\"column\">\n<p>MARCH <a href=\"https:\/\/gate21.ee\/et\/tootekategooria\/allsorts\/reflective\/\">Helkuriga<\/a> m\u00e4rgid s\u00e4ravad pimedas supernoovana, muutes sind \u00f6\u00f6sel n\u00e4htavaks ja p\u00e4ikeset\u00f5usul stiilseks.<\/p>\n<\/div>\n<\/div>\n<div class=\"layoutArea\">\n<div class=\"column\">\n<p>Omadused: veekindel, talub kuni \u201340\u00b0C<\/p>\n<p>Suurus: 55 mm<\/p>\n<div class=\"layoutArea\">\n<div class=\"column\"><img fetchpriority=\"high\" decoding=\"async\" class=\"alignnone size-medium wp-image-59908 ls-is-cached lazyloaded\" src=\"https:\/\/gate21.ee\/wp-content\/uploads\/2020\/11\/MARCH_reflective_badge_mall_photo-by-electromgnetico-300x251.jpg\" alt=\"\" width=\"300\" height=\"251\" data-srcset=\"https:\/\/gate21.ee\/wp-content\/uploads\/2020\/11\/MARCH_reflective_badge_mall_photo-by-electromgnetico-300x251.jpg 300w, https:\/\/gate21.ee\/wp-content\/uploads\/2020\/11\/MARCH_reflective_badge_mall_photo-by-electromgnetico-1024x858.jpg 1024w, https:\/\/gate21.ee\/wp-content\/uploads\/2020\/11\/MARCH_reflective_badge_mall_photo-by-electromgnetico-768x644.jpg 768w, https:\/\/gate21.ee\/wp-content\/uploads\/2020\/11\/MARCH_reflective_badge_mall_photo-by-electromgnetico-1536x1288.jpg 1536w, https:\/\/gate21.ee\/wp-content\/uploads\/2020\/11\/MARCH_reflective_badge_mall_photo-by-electromgnetico-2048x1717.jpg 2048w, https:\/\/gate21.ee\/wp-content\/uploads\/2020\/11\/MARCH_reflective_badge_mall_photo-by-electromgnetico-600x503.jpg 600w\" data-src=\"https:\/\/gate21.ee\/wp-content\/uploads\/2020\/11\/MARCH_reflective_badge_mall_photo-by-electromgnetico-300x251.jpg\" data-sizes=\"(max-width: 300px) 100vw, 300px\" srcset=\"https:\/\/gate21.ee\/wp-content\/uploads\/2020\/11\/MARCH_reflective_badge_mall_photo-by-electromgnetico-300x251.jpg 300w, https:\/\/gate21.ee\/wp-content\/uploads\/2020\/11\/MARCH_reflective_badge_mall_photo-by-electromgnetico-scaled-600x503.jpg 600w, https:\/\/gate21.ee\/wp-content\/uploads\/2020\/11\/MARCH_reflective_badge_mall_photo-by-electromgnetico-1024x858.jpg 1024w, https:\/\/gate21.ee\/wp-content\/uploads\/2020\/11\/MARCH_reflective_badge_mall_photo-by-electromgnetico-768x644.jpg 768w, https:\/\/gate21.ee\/wp-content\/uploads\/2020\/11\/MARCH_reflective_badge_mall_photo-by-electromgnetico-1536x1288.jpg 1536w, https:\/\/gate21.ee\/wp-content\/uploads\/2020\/11\/MARCH_reflective_badge_mall_photo-by-electromgnetico-2048x1717.jpg 2048w\" sizes=\"(max-width: 300px) 100vw, 300px\" \/><\/div>\n<\/div>\n<p>&nbsp;<\/p>\n<p><a href=\"https:\/\/gate21.ee\/et\/brand\/march\/\">MARCH<\/a> ei leiuta uusi asju, vaid t\u00e4iustab olemasolevaid. Probleemide n\u00e4gemine ja neile lahenduste leidmine on edu v\u00f5tmeks. Igal tootel on potentsiaal uuenduseks ja selle tulemuseks on ebatavalised tavalised asjad!<\/p>\n<\/div>\n<\/div>\n<\/div>\n<\/div>\n<\/div>","protected":false},"excerpt":{"rendered":"<p>Safety first. As well as style! MARCH reflective badges shine in the dark like a supernova, making you visible at night and looking great at sunrise. That\u2019s why you don\u2019t have to take it off. Wear MARCH badges without ruining your outfits and without being run over. Features: water-resistant, withstands up to \u201340\u00b0 Size:\u00a0 55 [&hellip;]<\/p>\n","protected":false},"featured_media":118016,"comment_status":"closed","ping_status":"closed","template":"","meta":{"site-sidebar-layout":"default","site-content-layout":"default","ast-site-content-layout":"default","site-content-style":"default","site-sidebar-style":"default","ast-global-header-display":"","ast-banner-title-visibility":"","ast-main-header-display":"","ast-hfb-above-header-display":"","ast-hfb-below-header-display":"","ast-hfb-mobile-header-display":"","site-post-title":"","ast-breadcrumbs-content":"","ast-featured-img":"","footer-sml-layout":"","ast-disable-related-posts":"","theme-transparent-header-meta":"default","adv-header-id-meta":"","stick-header-meta":"default","header-above-stick-meta":"","header-main-stick-meta":"","header-below-stick-meta":"","astra-migrate-meta-layouts":"default","ast-page-background-enabled":"default","ast-page-background-meta":{"desktop":{"background-color":"","background-image":"","background-repeat":"repeat","background-position":"center center","background-size":"auto","background-attachment":"scroll","background-type":"","background-media":"","overlay-type":"","overlay-color":"","overlay-opacity":"","overlay-gradient":""},"tablet":{"background-color":"","background-image":"","background-repeat":"repeat","background-position":"center center","background-size":"auto","background-attachment":"scroll","background-type":"","background-media":"","overlay-type":"","overlay-color":"","overlay-opacity":"","overlay-gradient":""},"mobile":{"background-color":"","background-image":"","background-repeat":"repeat","background-position":"center center","background-size":"auto","background-attachment":"scroll","background-type":"","background-media":"","overlay-type":"","overlay-color":"","overlay-opacity":"","overlay-gradient":""}},"ast-content-background-meta":{"desktop":{"background-color":"var(--ast-global-color-5)","background-image":"","background-repeat":"repeat","background-position":"center center","background-size":"auto","background-attachment":"scroll","background-type":"","background-media":"","overlay-type":"","overlay-color":"","overlay-opacity":"","overlay-gradient":""},"tablet":{"background-color":"var(--ast-global-color-5)","background-image":"","background-repeat":"repeat","background-position":"center center","background-size":"auto","background-attachment":"scroll","background-type":"","background-media":"","overlay-type":"","overlay-color":"","overlay-opacity":"","overlay-gradient":""},"mobile":{"background-color":"var(--ast-global-color-5)","background-image":"","background-repeat":"repeat","background-position":"center center","background-size":"auto","background-attachment":"scroll","background-type":"","background-media":"","overlay-type":"","overlay-color":"","overlay-opacity":"","overlay-gradient":""}}},"pwb-brand":[376],"product_brand":[],"product_cat":[43,259],"product_tag":[227],"class_list":{"0":"post-118015","1":"product","2":"type-product","3":"status-publish","4":"has-post-thumbnail","6":"pwb-brand-march","7":"product_cat-allsorts","8":"product_cat-reflective","9":"product_tag-reflective","10":"desktop-align-center","11":"tablet-align-center","12":"mobile-align-center","13":"ast-product-gallery-layout-vertical","14":"ast-product-tabs-layout-horizontal","16":"first","17":"instock","18":"taxable","19":"shipping-taxable","20":"purchasable","21":"product-type-simple"},"yoast_head":"<!-- This site is optimized with the Yoast SEO plugin v27.4 - https:\/\/yoast.com\/product\/yoast-seo-wordpress\/ -->\n<title>Single - Rainbow &#8226; Gate21<\/title>\n<meta name=\"robots\" content=\"index, follow, max-snippet:-1, max-image-preview:large, max-video-preview:-1\" \/>\n<link rel=\"canonical\" href=\"https:\/\/gate21.ee\/et\/shop\/single-petrol\/\" \/>\n<meta property=\"og:locale\" content=\"et_EE\" \/>\n<meta property=\"og:type\" content=\"article\" \/>\n<meta property=\"og:title\" content=\"Single - Rainbow &#8226; Gate21\" \/>\n<meta property=\"og:description\" content=\"Safety first. As well as style! MARCH reflective badges shine in the dark like a supernova, making you visible at night and looking great at sunrise. That\u2019s why you don\u2019t have to take it off. Wear MARCH badges without ruining your outfits and without being run over. Features: water-resistant, withstands up to \u201340\u00b0 Size:\u00a0 55 [&hellip;]\" \/>\n<meta property=\"og:url\" content=\"https:\/\/gate21.ee\/et\/shop\/single-petrol\/\" \/>\n<meta property=\"og:site_name\" content=\"Gate21\" \/>\n<meta property=\"article:publisher\" content=\"https:\/\/www.facebook.com\/gate21.ee\/\" \/>\n<meta property=\"article:modified_time\" content=\"2026-03-14T15:57:11+00:00\" \/>\n<meta property=\"og:image\" content=\"https:\/\/gate21.ee\/wp-content\/uploads\/2022\/09\/march_reflective_badge_single_rainbow_levitating_white_background_900x.webp\" \/>\n\t<meta property=\"og:image:width\" content=\"900\" \/>\n\t<meta property=\"og:image:height\" content=\"900\" \/>\n\t<meta property=\"og:image:type\" content=\"image\/webp\" \/>\n<meta name=\"twitter:card\" content=\"summary_large_image\" \/>\n<meta name=\"twitter:label1\" content=\"Est. reading time\" \/>\n\t<meta name=\"twitter:data1\" content=\"1 minut\" \/>\n<script type=\"application\/ld+json\" class=\"yoast-schema-graph\">{\"@context\":\"https:\\\/\\\/schema.org\",\"@graph\":[{\"@type\":\"WebPage\",\"@id\":\"https:\\\/\\\/gate21.ee\\\/shop\\\/single-petrol\\\/\",\"url\":\"https:\\\/\\\/gate21.ee\\\/shop\\\/single-petrol\\\/\",\"name\":\"Single - Rainbow &#8226; Gate21\",\"isPartOf\":{\"@id\":\"https:\\\/\\\/gate21.ee\\\/#website\"},\"primaryImageOfPage\":{\"@id\":\"https:\\\/\\\/gate21.ee\\\/shop\\\/single-petrol\\\/#primaryimage\"},\"image\":{\"@id\":\"https:\\\/\\\/gate21.ee\\\/shop\\\/single-petrol\\\/#primaryimage\"},\"thumbnailUrl\":\"https:\\\/\\\/gate21.ee\\\/wp-content\\\/uploads\\\/2022\\\/09\\\/march_reflective_badge_single_rainbow_levitating_white_background_900x.webp\",\"datePublished\":\"2022-09-07T16:02:00+00:00\",\"dateModified\":\"2026-03-14T15:57:11+00:00\",\"breadcrumb\":{\"@id\":\"https:\\\/\\\/gate21.ee\\\/shop\\\/single-petrol\\\/#breadcrumb\"},\"inLanguage\":\"et\",\"potentialAction\":[{\"@type\":\"ReadAction\",\"target\":[\"https:\\\/\\\/gate21.ee\\\/shop\\\/single-petrol\\\/\"]}]},{\"@type\":\"ImageObject\",\"inLanguage\":\"et\",\"@id\":\"https:\\\/\\\/gate21.ee\\\/shop\\\/single-petrol\\\/#primaryimage\",\"url\":\"https:\\\/\\\/gate21.ee\\\/wp-content\\\/uploads\\\/2022\\\/09\\\/march_reflective_badge_single_rainbow_levitating_white_background_900x.webp\",\"contentUrl\":\"https:\\\/\\\/gate21.ee\\\/wp-content\\\/uploads\\\/2022\\\/09\\\/march_reflective_badge_single_rainbow_levitating_white_background_900x.webp\",\"width\":900,\"height\":900,\"caption\":\"A minimalist \u201cSingle - Rainbow\u201d circle, dark blue on white with a soft shadow, channels Estonian design\u2014ideal for sparking creative ideas while shopping in Tallinn. Gate21.ee\"},{\"@type\":\"BreadcrumbList\",\"@id\":\"https:\\\/\\\/gate21.ee\\\/shop\\\/single-petrol\\\/#breadcrumb\",\"itemListElement\":[{\"@type\":\"ListItem\",\"position\":1,\"name\":\"Home\",\"item\":\"https:\\\/\\\/gate21.ee\\\/\"},{\"@type\":\"ListItem\",\"position\":2,\"name\":\"Single &#8211; Rainbow\"}]},{\"@type\":\"WebSite\",\"@id\":\"https:\\\/\\\/gate21.ee\\\/#website\",\"url\":\"https:\\\/\\\/gate21.ee\\\/\",\"name\":\"Gate21\",\"description\":\"Gift concept store Gate21\",\"publisher\":{\"@id\":\"https:\\\/\\\/gate21.ee\\\/#organization\"},\"alternateName\":\"gate21\",\"potentialAction\":[{\"@type\":\"SearchAction\",\"target\":{\"@type\":\"EntryPoint\",\"urlTemplate\":\"https:\\\/\\\/gate21.ee\\\/?s={search_term_string}\"},\"query-input\":{\"@type\":\"PropertyValueSpecification\",\"valueRequired\":true,\"valueName\":\"search_term_string\"}}],\"inLanguage\":\"et\"},{\"@type\":\"Organization\",\"@id\":\"https:\\\/\\\/gate21.ee\\\/#organization\",\"name\":\"Gate21\",\"alternateName\":\"Gate21, Oma Asi and Oma Asi Design Store\",\"url\":\"https:\\\/\\\/gate21.ee\\\/\",\"logo\":{\"@type\":\"ImageObject\",\"inLanguage\":\"et\",\"@id\":\"https:\\\/\\\/gate21.ee\\\/#\\\/schema\\\/logo\\\/image\\\/\",\"url\":\"https:\\\/\\\/gate21.ee\\\/wp-content\\\/uploads\\\/2021\\\/11\\\/Gate_21_Logo_2_Valge.png\",\"contentUrl\":\"https:\\\/\\\/gate21.ee\\\/wp-content\\\/uploads\\\/2021\\\/11\\\/Gate_21_Logo_2_Valge.png\",\"width\":2560,\"height\":2560,\"caption\":\"Gate21\"},\"image\":{\"@id\":\"https:\\\/\\\/gate21.ee\\\/#\\\/schema\\\/logo\\\/image\\\/\"},\"sameAs\":[\"https:\\\/\\\/www.facebook.com\\\/gate21.ee\\\/\",\"https:\\\/\\\/www.instagram.com\\\/gate21.ee\\\/\",\"https:\\\/\\\/www.instagram.com\\\/omaasidesign\\\/\",\"https:\\\/\\\/www.instagram.com\\\/omaasi\\\/\",\"https:\\\/\\\/www.facebook.com\\\/omaasidesign\\\/\",\"https:\\\/\\\/www.facebook.com\\\/omaasilittleredhouse\\\/\",\"https:\\\/\\\/www.tiktok.com\\\/@gate21.ee\"]}]}<\/script>\n<!-- \/ Yoast SEO plugin. -->","yoast_head_json":{"title":"Single - Rainbow &#8226; Gate21","robots":{"index":"index","follow":"follow","max-snippet":"max-snippet:-1","max-image-preview":"max-image-preview:large","max-video-preview":"max-video-preview:-1"},"canonical":"https:\/\/gate21.ee\/et\/shop\/single-petrol\/","og_locale":"et_EE","og_type":"article","og_title":"Single - Rainbow &#8226; Gate21","og_description":"Safety first. As well as style! MARCH reflective badges shine in the dark like a supernova, making you visible at night and looking great at sunrise. That\u2019s why you don\u2019t have to take it off. Wear MARCH badges without ruining your outfits and without being run over. Features: water-resistant, withstands up to \u201340\u00b0 Size:\u00a0 55 [&hellip;]","og_url":"https:\/\/gate21.ee\/et\/shop\/single-petrol\/","og_site_name":"Gate21","article_publisher":"https:\/\/www.facebook.com\/gate21.ee\/","article_modified_time":"2026-03-14T15:57:11+00:00","og_image":[{"width":900,"height":900,"url":"https:\/\/gate21.ee\/wp-content\/uploads\/2022\/09\/march_reflective_badge_single_rainbow_levitating_white_background_900x.webp","type":"image\/webp"}],"twitter_card":"summary_large_image","twitter_misc":{"Est. reading time":"1 minut"},"schema":{"@context":"https:\/\/schema.org","@graph":[{"@type":"WebPage","@id":"https:\/\/gate21.ee\/shop\/single-petrol\/","url":"https:\/\/gate21.ee\/shop\/single-petrol\/","name":"Single - Rainbow &#8226; Gate21","isPartOf":{"@id":"https:\/\/gate21.ee\/#website"},"primaryImageOfPage":{"@id":"https:\/\/gate21.ee\/shop\/single-petrol\/#primaryimage"},"image":{"@id":"https:\/\/gate21.ee\/shop\/single-petrol\/#primaryimage"},"thumbnailUrl":"https:\/\/gate21.ee\/wp-content\/uploads\/2022\/09\/march_reflective_badge_single_rainbow_levitating_white_background_900x.webp","datePublished":"2022-09-07T16:02:00+00:00","dateModified":"2026-03-14T15:57:11+00:00","breadcrumb":{"@id":"https:\/\/gate21.ee\/shop\/single-petrol\/#breadcrumb"},"inLanguage":"et","potentialAction":[{"@type":"ReadAction","target":["https:\/\/gate21.ee\/shop\/single-petrol\/"]}]},{"@type":"ImageObject","inLanguage":"et","@id":"https:\/\/gate21.ee\/shop\/single-petrol\/#primaryimage","url":"https:\/\/gate21.ee\/wp-content\/uploads\/2022\/09\/march_reflective_badge_single_rainbow_levitating_white_background_900x.webp","contentUrl":"https:\/\/gate21.ee\/wp-content\/uploads\/2022\/09\/march_reflective_badge_single_rainbow_levitating_white_background_900x.webp","width":900,"height":900,"caption":"A minimalist \u201cSingle - Rainbow\u201d circle, dark blue on white with a soft shadow, channels Estonian design\u2014ideal for sparking creative ideas while shopping in Tallinn. Gate21.ee"},{"@type":"BreadcrumbList","@id":"https:\/\/gate21.ee\/shop\/single-petrol\/#breadcrumb","itemListElement":[{"@type":"ListItem","position":1,"name":"Home","item":"https:\/\/gate21.ee\/"},{"@type":"ListItem","position":2,"name":"Single &#8211; Rainbow"}]},{"@type":"WebSite","@id":"https:\/\/gate21.ee\/#website","url":"https:\/\/gate21.ee\/","name":"Gate21","description":"Kingituskontseptsioonipood Gate21","publisher":{"@id":"https:\/\/gate21.ee\/#organization"},"alternateName":"gate21","potentialAction":[{"@type":"SearchAction","target":{"@type":"EntryPoint","urlTemplate":"https:\/\/gate21.ee\/?s={search_term_string}"},"query-input":{"@type":"PropertyValueSpecification","valueRequired":true,"valueName":"search_term_string"}}],"inLanguage":"et"},{"@type":"Organization","@id":"https:\/\/gate21.ee\/#organization","name":"Gate21","alternateName":"Gate21, Oma Asi and Oma Asi Design Store","url":"https:\/\/gate21.ee\/","logo":{"@type":"ImageObject","inLanguage":"et","@id":"https:\/\/gate21.ee\/#\/schema\/logo\/image\/","url":"https:\/\/gate21.ee\/wp-content\/uploads\/2021\/11\/Gate_21_Logo_2_Valge.png","contentUrl":"https:\/\/gate21.ee\/wp-content\/uploads\/2021\/11\/Gate_21_Logo_2_Valge.png","width":2560,"height":2560,"caption":"Gate21"},"image":{"@id":"https:\/\/gate21.ee\/#\/schema\/logo\/image\/"},"sameAs":["https:\/\/www.facebook.com\/gate21.ee\/","https:\/\/www.instagram.com\/gate21.ee\/","https:\/\/www.instagram.com\/omaasidesign\/","https:\/\/www.instagram.com\/omaasi\/","https:\/\/www.facebook.com\/omaasidesign\/","https:\/\/www.facebook.com\/omaasilittleredhouse\/","https:\/\/www.tiktok.com\/@gate21.ee"]}]}},"jetpack_sharing_enabled":true,"brands":[{"id":376,"name":"March","slug":"march"}],"_links":{"self":[{"href":"https:\/\/gate21.ee\/et\/wp-json\/wp\/v2\/product\/118015","targetHints":{"allow":["GET"]}}],"collection":[{"href":"https:\/\/gate21.ee\/et\/wp-json\/wp\/v2\/product"}],"about":[{"href":"https:\/\/gate21.ee\/et\/wp-json\/wp\/v2\/types\/product"}],"replies":[{"embeddable":true,"href":"https:\/\/gate21.ee\/et\/wp-json\/wp\/v2\/comments?post=118015"}],"version-history":[{"count":1,"href":"https:\/\/gate21.ee\/et\/wp-json\/wp\/v2\/product\/118015\/revisions"}],"predecessor-version":[{"id":212017,"href":"https:\/\/gate21.ee\/et\/wp-json\/wp\/v2\/product\/118015\/revisions\/212017"}],"wp:featuredmedia":[{"embeddable":true,"href":"https:\/\/gate21.ee\/et\/wp-json\/wp\/v2\/media\/118016"}],"wp:attachment":[{"href":"https:\/\/gate21.ee\/et\/wp-json\/wp\/v2\/media?parent=118015"}],"wp:term":[{"taxonomy":"pwb-brand","embeddable":true,"href":"https:\/\/gate21.ee\/et\/wp-json\/wp\/v2\/pwb-brand?post=118015"},{"taxonomy":"product_brand","embeddable":true,"href":"https:\/\/gate21.ee\/et\/wp-json\/wp\/v2\/product_brand?post=118015"},{"taxonomy":"product_cat","embeddable":true,"href":"https:\/\/gate21.ee\/et\/wp-json\/wp\/v2\/product_cat?post=118015"},{"taxonomy":"product_tag","embeddable":true,"href":"https:\/\/gate21.ee\/et\/wp-json\/wp\/v2\/product_tag?post=118015"}],"curies":[{"name":"wp","href":"https:\/\/api.w.org\/{rel}","templated":true}]}}