{"id":11675,"date":"2021-02-08T16:14:00","date_gmt":"2021-02-08T14:14:00","guid":{"rendered":"https:\/\/gate21.ee\/?post_type=product&#038;p=11675"},"modified":"2025-12-21T11:31:23","modified_gmt":"2025-12-21T09:31:23","slug":"argan-ginger-shampoo-love-bar","status":"publish","type":"product","link":"https:\/\/gate21.ee\/et\/shop\/argan-ginger-shampoo-love-bar\/","title":{"rendered":"Love Bar - K\u00d5IK"},"content":{"rendered":"<div>Love Bar valmistab tahket <a href=\"https:\/\/gate21.ee\/et\/tootekategooria\/cosmetics\/cosmetics_cosmetics\/\">kosmeetikat<\/a> ilma plasti v\u00f5i veeta ning igas pakendis on 2x30g s\u00fcdamekujulist batooni.<\/div>\n<div>\n<p style=\"font-weight: 400;\">Juhised: Niisutage k\u00e4si ja masseerige seej\u00e4rel \u00f5rnalt keha v\u00f5i pead enne maha pesemist nagu tavaliselt.<\/p>\n<\/div>\n<div><\/div>\n<div><img decoding=\"async\" class=\"size-medium wp-image-39924 alignnone\" src=\"https:\/\/gate21.ee\/wp-content\/uploads\/2021\/02\/LoveBar-300x134.png\" alt=\"\" width=\"300\" height=\"134\" \/><\/div>\n<div><\/div>\n<div>Oma planeedi eest hoolitsemine teeb meist ilusamad inimesed. Sellep\u00e4rast <a href=\"https:\/\/gate21.ee\/et\/brand\/love_bar\/\">Love Bar<\/a> valmistab tahket kosmeetikat. Batoon ei ole seep , vaid on v\u00e4ga kontsentreeritud toode. Love Bar = 0% plastik, 0% veetransport, 0% kompleksne keemia, aga 100% armastus Maa vastu.<\/div>","protected":false},"excerpt":{"rendered":"<p>Love Bar makes solid cosmetics without any plastic or water and each package contains 2 30g heart-shaped bars. Instructions: Moisturize in yours hands and then gently massage the body or head before washing off as usual. Caring for our Planet makes us more beautiful people. That is why Love Bar is a bar of love [&hellip;]<\/p>\n","protected":false},"featured_media":0,"comment_status":"closed","ping_status":"closed","template":"","meta":{"site-sidebar-layout":"default","site-content-layout":"default","ast-site-content-layout":"default","site-content-style":"default","site-sidebar-style":"default","ast-global-header-display":"","ast-banner-title-visibility":"","ast-main-header-display":"","ast-hfb-above-header-display":"","ast-hfb-below-header-display":"","ast-hfb-mobile-header-display":"","site-post-title":"","ast-breadcrumbs-content":"","ast-featured-img":"","footer-sml-layout":"","ast-disable-related-posts":"","theme-transparent-header-meta":"default","adv-header-id-meta":"","stick-header-meta":"default","header-above-stick-meta":"","header-main-stick-meta":"","header-below-stick-meta":"","astra-migrate-meta-layouts":"set","ast-page-background-enabled":"default","ast-page-background-meta":{"desktop":{"background-color":"","background-image":"","background-repeat":"repeat","background-position":"center center","background-size":"auto","background-attachment":"scroll","background-type":"","background-media":"","overlay-type":"","overlay-color":"","overlay-opacity":"","overlay-gradient":""},"tablet":{"background-color":"","background-image":"","background-repeat":"repeat","background-position":"center center","background-size":"auto","background-attachment":"scroll","background-type":"","background-media":"","overlay-type":"","overlay-color":"","overlay-opacity":"","overlay-gradient":""},"mobile":{"background-color":"","background-image":"","background-repeat":"repeat","background-position":"center center","background-size":"auto","background-attachment":"scroll","background-type":"","background-media":"","overlay-type":"","overlay-color":"","overlay-opacity":"","overlay-gradient":""}},"ast-content-background-meta":{"desktop":{"background-color":"var(--ast-global-color-5)","background-image":"","background-repeat":"repeat","background-position":"center center","background-size":"auto","background-attachment":"scroll","background-type":"","background-media":"","overlay-type":"","overlay-color":"","overlay-opacity":"","overlay-gradient":""},"tablet":{"background-color":"var(--ast-global-color-5)","background-image":"","background-repeat":"repeat","background-position":"center center","background-size":"auto","background-attachment":"scroll","background-type":"","background-media":"","overlay-type":"","overlay-color":"","overlay-opacity":"","overlay-gradient":""},"mobile":{"background-color":"var(--ast-global-color-5)","background-image":"","background-repeat":"repeat","background-position":"center center","background-size":"auto","background-attachment":"scroll","background-type":"","background-media":"","overlay-type":"","overlay-color":"","overlay-opacity":"","overlay-gradient":""}}},"pwb-brand":[453],"product_brand":[],"product_cat":[264,55],"product_tag":[146],"class_list":{"0":"post-11675","1":"product","2":"type-product","3":"status-publish","5":"pwb-brand-love_bar","6":"product_cat-cosmetics_cosmetics","7":"product_cat-cosmetics","8":"product_tag-cosmetics","9":"desktop-align-center","10":"tablet-align-center","11":"mobile-align-center","12":"ast-product-gallery-layout-vertical","13":"ast-product-tabs-layout-horizontal","15":"first","16":"instock","17":"sale","18":"taxable","19":"shipping-taxable","20":"purchasable","21":"product-type-simple"},"yoast_head":"<!-- This site is optimized with the Yoast SEO plugin v27.5 - https:\/\/yoast.com\/product\/yoast-seo-wordpress\/ -->\n<title>Love Bar - K\u00d5IK &#8226; Gate21<\/title>\n<meta name=\"description\" content=\"Love Bar makes natural and environmentally friendly solid cosmetics. All of their cosmetics contain zero plastic and zero water!\" \/>\n<meta name=\"robots\" content=\"index, follow, max-snippet:-1, max-image-preview:large, max-video-preview:-1\" \/>\n<link rel=\"canonical\" href=\"https:\/\/gate21.ee\/et\/shop\/argan-ginger-shampoo-love-bar\/\" \/>\n<meta property=\"og:locale\" content=\"et_EE\" \/>\n<meta property=\"og:type\" content=\"article\" \/>\n<meta property=\"og:title\" content=\"Love Bar - K\u00d5IK &#8226; Gate21\" \/>\n<meta property=\"og:description\" content=\"Love Bar makes natural and environmentally friendly solid cosmetics. All of their cosmetics contain zero plastic and zero water!\" \/>\n<meta property=\"og:url\" content=\"https:\/\/gate21.ee\/et\/shop\/argan-ginger-shampoo-love-bar\/\" \/>\n<meta property=\"og:site_name\" content=\"Gate21\" \/>\n<meta property=\"article:publisher\" content=\"https:\/\/www.facebook.com\/gate21.ee\/\" \/>\n<meta property=\"article:modified_time\" content=\"2025-12-21T09:31:23+00:00\" \/>\n<meta property=\"og:image\" content=\"https:\/\/gate21.ee\/wp-content\/uploads\/2021\/02\/5907653810688.webp\" \/>\n\t<meta property=\"og:image:width\" content=\"1000\" \/>\n\t<meta property=\"og:image:height\" content=\"1000\" \/>\n\t<meta property=\"og:image:type\" content=\"image\/webp\" \/>\n<meta name=\"twitter:card\" content=\"summary_large_image\" \/>\n<meta name=\"twitter:label1\" content=\"Est. reading time\" \/>\n\t<meta name=\"twitter:data1\" content=\"1 minut\" \/>\n<script type=\"application\/ld+json\" class=\"yoast-schema-graph\">{\"@context\":\"https:\\\/\\\/schema.org\",\"@graph\":[{\"@type\":\"WebPage\",\"@id\":\"https:\\\/\\\/gate21.ee\\\/shop\\\/argan-ginger-shampoo-love-bar\\\/\",\"url\":\"https:\\\/\\\/gate21.ee\\\/shop\\\/argan-ginger-shampoo-love-bar\\\/\",\"name\":\"Love Bar - K\u00d5IK &#8226; Gate21\",\"isPartOf\":{\"@id\":\"https:\\\/\\\/gate21.ee\\\/#website\"},\"primaryImageOfPage\":{\"@id\":\"https:\\\/\\\/gate21.ee\\\/shop\\\/argan-ginger-shampoo-love-bar\\\/#primaryimage\"},\"image\":{\"@id\":\"https:\\\/\\\/gate21.ee\\\/shop\\\/argan-ginger-shampoo-love-bar\\\/#primaryimage\"},\"thumbnailUrl\":\"https:\\\/\\\/gate21.ee\\\/wp-content\\\/uploads\\\/2021\\\/02\\\/LoveBar-300x134.png\",\"datePublished\":\"2021-02-08T14:14:00+00:00\",\"dateModified\":\"2025-12-21T09:31:23+00:00\",\"description\":\"Love Bar makes natural and environmentally friendly solid cosmetics. All of their cosmetics contain zero plastic and zero water!\",\"breadcrumb\":{\"@id\":\"https:\\\/\\\/gate21.ee\\\/shop\\\/argan-ginger-shampoo-love-bar\\\/#breadcrumb\"},\"inLanguage\":\"et\",\"potentialAction\":[{\"@type\":\"ReadAction\",\"target\":[\"https:\\\/\\\/gate21.ee\\\/shop\\\/argan-ginger-shampoo-love-bar\\\/\"]}]},{\"@type\":\"ImageObject\",\"inLanguage\":\"et\",\"@id\":\"https:\\\/\\\/gate21.ee\\\/shop\\\/argan-ginger-shampoo-love-bar\\\/#primaryimage\",\"url\":\"https:\\\/\\\/gate21.ee\\\/wp-content\\\/uploads\\\/2021\\\/02\\\/LoveBar-300x134.png\",\"contentUrl\":\"https:\\\/\\\/gate21.ee\\\/wp-content\\\/uploads\\\/2021\\\/02\\\/LoveBar-300x134.png\"},{\"@type\":\"BreadcrumbList\",\"@id\":\"https:\\\/\\\/gate21.ee\\\/shop\\\/argan-ginger-shampoo-love-bar\\\/#breadcrumb\",\"itemListElement\":[{\"@type\":\"ListItem\",\"position\":1,\"name\":\"Home\",\"item\":\"https:\\\/\\\/gate21.ee\\\/\"},{\"@type\":\"ListItem\",\"position\":2,\"name\":\"Love Bar &#8211; K\u00d5IK\"}]},{\"@type\":\"WebSite\",\"@id\":\"https:\\\/\\\/gate21.ee\\\/#website\",\"url\":\"https:\\\/\\\/gate21.ee\\\/\",\"name\":\"Gate21\",\"description\":\"Gift concept store Gate21\",\"publisher\":{\"@id\":\"https:\\\/\\\/gate21.ee\\\/#organization\"},\"alternateName\":\"gate21\",\"potentialAction\":[{\"@type\":\"SearchAction\",\"target\":{\"@type\":\"EntryPoint\",\"urlTemplate\":\"https:\\\/\\\/gate21.ee\\\/?s={search_term_string}\"},\"query-input\":{\"@type\":\"PropertyValueSpecification\",\"valueRequired\":true,\"valueName\":\"search_term_string\"}}],\"inLanguage\":\"et\"},{\"@type\":\"Organization\",\"@id\":\"https:\\\/\\\/gate21.ee\\\/#organization\",\"name\":\"Gate21\",\"alternateName\":\"Gate21, Oma Asi and Oma Asi Design Store\",\"url\":\"https:\\\/\\\/gate21.ee\\\/\",\"logo\":{\"@type\":\"ImageObject\",\"inLanguage\":\"et\",\"@id\":\"https:\\\/\\\/gate21.ee\\\/#\\\/schema\\\/logo\\\/image\\\/\",\"url\":\"https:\\\/\\\/gate21.ee\\\/wp-content\\\/uploads\\\/2021\\\/11\\\/Gate_21_Logo_2_Valge.png\",\"contentUrl\":\"https:\\\/\\\/gate21.ee\\\/wp-content\\\/uploads\\\/2021\\\/11\\\/Gate_21_Logo_2_Valge.png\",\"width\":2560,\"height\":2560,\"caption\":\"Gate21\"},\"image\":{\"@id\":\"https:\\\/\\\/gate21.ee\\\/#\\\/schema\\\/logo\\\/image\\\/\"},\"sameAs\":[\"https:\\\/\\\/www.facebook.com\\\/gate21.ee\\\/\",\"https:\\\/\\\/www.instagram.com\\\/gate21.ee\\\/\",\"https:\\\/\\\/www.instagram.com\\\/omaasidesign\\\/\",\"https:\\\/\\\/www.instagram.com\\\/omaasi\\\/\",\"https:\\\/\\\/www.facebook.com\\\/omaasidesign\\\/\",\"https:\\\/\\\/www.facebook.com\\\/omaasilittleredhouse\\\/\",\"https:\\\/\\\/www.tiktok.com\\\/@gate21.ee\"]}]}<\/script>\n<!-- \/ Yoast SEO plugin. -->","yoast_head_json":{"title":"Love Bar - K\u00d5IK &#8226; Gate21","description":"Love Bar makes natural and environmentally friendly solid cosmetics. All of their cosmetics contain zero plastic and zero water!","robots":{"index":"index","follow":"follow","max-snippet":"max-snippet:-1","max-image-preview":"max-image-preview:large","max-video-preview":"max-video-preview:-1"},"canonical":"https:\/\/gate21.ee\/et\/shop\/argan-ginger-shampoo-love-bar\/","og_locale":"et_EE","og_type":"article","og_title":"Love Bar - K\u00d5IK &#8226; Gate21","og_description":"Love Bar makes natural and environmentally friendly solid cosmetics. All of their cosmetics contain zero plastic and zero water!","og_url":"https:\/\/gate21.ee\/et\/shop\/argan-ginger-shampoo-love-bar\/","og_site_name":"Gate21","article_publisher":"https:\/\/www.facebook.com\/gate21.ee\/","article_modified_time":"2025-12-21T09:31:23+00:00","og_image":[{"width":1000,"height":1000,"url":"https:\/\/gate21.ee\/wp-content\/uploads\/2021\/02\/5907653810688.webp","type":"image\/webp"}],"twitter_card":"summary_large_image","twitter_misc":{"Est. reading time":"1 minut"},"schema":{"@context":"https:\/\/schema.org","@graph":[{"@type":"WebPage","@id":"https:\/\/gate21.ee\/shop\/argan-ginger-shampoo-love-bar\/","url":"https:\/\/gate21.ee\/shop\/argan-ginger-shampoo-love-bar\/","name":"Love Bar - K\u00d5IK &#8226; Gate21","isPartOf":{"@id":"https:\/\/gate21.ee\/#website"},"primaryImageOfPage":{"@id":"https:\/\/gate21.ee\/shop\/argan-ginger-shampoo-love-bar\/#primaryimage"},"image":{"@id":"https:\/\/gate21.ee\/shop\/argan-ginger-shampoo-love-bar\/#primaryimage"},"thumbnailUrl":"https:\/\/gate21.ee\/wp-content\/uploads\/2021\/02\/LoveBar-300x134.png","datePublished":"2021-02-08T14:14:00+00:00","dateModified":"2025-12-21T09:31:23+00:00","description":"Love Bar makes natural and environmentally friendly solid cosmetics. All of their cosmetics contain zero plastic and zero water!","breadcrumb":{"@id":"https:\/\/gate21.ee\/shop\/argan-ginger-shampoo-love-bar\/#breadcrumb"},"inLanguage":"et","potentialAction":[{"@type":"ReadAction","target":["https:\/\/gate21.ee\/shop\/argan-ginger-shampoo-love-bar\/"]}]},{"@type":"ImageObject","inLanguage":"et","@id":"https:\/\/gate21.ee\/shop\/argan-ginger-shampoo-love-bar\/#primaryimage","url":"https:\/\/gate21.ee\/wp-content\/uploads\/2021\/02\/LoveBar-300x134.png","contentUrl":"https:\/\/gate21.ee\/wp-content\/uploads\/2021\/02\/LoveBar-300x134.png"},{"@type":"BreadcrumbList","@id":"https:\/\/gate21.ee\/shop\/argan-ginger-shampoo-love-bar\/#breadcrumb","itemListElement":[{"@type":"ListItem","position":1,"name":"Home","item":"https:\/\/gate21.ee\/"},{"@type":"ListItem","position":2,"name":"Love Bar &#8211; K\u00d5IK"}]},{"@type":"WebSite","@id":"https:\/\/gate21.ee\/#website","url":"https:\/\/gate21.ee\/","name":"Gate21","description":"Kingituskontseptsioonipood Gate21","publisher":{"@id":"https:\/\/gate21.ee\/#organization"},"alternateName":"gate21","potentialAction":[{"@type":"SearchAction","target":{"@type":"EntryPoint","urlTemplate":"https:\/\/gate21.ee\/?s={search_term_string}"},"query-input":{"@type":"PropertyValueSpecification","valueRequired":true,"valueName":"search_term_string"}}],"inLanguage":"et"},{"@type":"Organization","@id":"https:\/\/gate21.ee\/#organization","name":"Gate21","alternateName":"Gate21, Oma Asi and Oma Asi Design Store","url":"https:\/\/gate21.ee\/","logo":{"@type":"ImageObject","inLanguage":"et","@id":"https:\/\/gate21.ee\/#\/schema\/logo\/image\/","url":"https:\/\/gate21.ee\/wp-content\/uploads\/2021\/11\/Gate_21_Logo_2_Valge.png","contentUrl":"https:\/\/gate21.ee\/wp-content\/uploads\/2021\/11\/Gate_21_Logo_2_Valge.png","width":2560,"height":2560,"caption":"Gate21"},"image":{"@id":"https:\/\/gate21.ee\/#\/schema\/logo\/image\/"},"sameAs":["https:\/\/www.facebook.com\/gate21.ee\/","https:\/\/www.instagram.com\/gate21.ee\/","https:\/\/www.instagram.com\/omaasidesign\/","https:\/\/www.instagram.com\/omaasi\/","https:\/\/www.facebook.com\/omaasidesign\/","https:\/\/www.facebook.com\/omaasilittleredhouse\/","https:\/\/www.tiktok.com\/@gate21.ee"]}]}},"jetpack_sharing_enabled":true,"brands":[{"id":453,"name":"Love Bar","slug":"love_bar"}],"_links":{"self":[{"href":"https:\/\/gate21.ee\/et\/wp-json\/wp\/v2\/product\/11675","targetHints":{"allow":["GET"]}}],"collection":[{"href":"https:\/\/gate21.ee\/et\/wp-json\/wp\/v2\/product"}],"about":[{"href":"https:\/\/gate21.ee\/et\/wp-json\/wp\/v2\/types\/product"}],"replies":[{"embeddable":true,"href":"https:\/\/gate21.ee\/et\/wp-json\/wp\/v2\/comments?post=11675"}],"version-history":[{"count":2,"href":"https:\/\/gate21.ee\/et\/wp-json\/wp\/v2\/product\/11675\/revisions"}],"predecessor-version":[{"id":230837,"href":"https:\/\/gate21.ee\/et\/wp-json\/wp\/v2\/product\/11675\/revisions\/230837"}],"wp:attachment":[{"href":"https:\/\/gate21.ee\/et\/wp-json\/wp\/v2\/media?parent=11675"}],"wp:term":[{"taxonomy":"pwb-brand","embeddable":true,"href":"https:\/\/gate21.ee\/et\/wp-json\/wp\/v2\/pwb-brand?post=11675"},{"taxonomy":"product_brand","embeddable":true,"href":"https:\/\/gate21.ee\/et\/wp-json\/wp\/v2\/product_brand?post=11675"},{"taxonomy":"product_cat","embeddable":true,"href":"https:\/\/gate21.ee\/et\/wp-json\/wp\/v2\/product_cat?post=11675"},{"taxonomy":"product_tag","embeddable":true,"href":"https:\/\/gate21.ee\/et\/wp-json\/wp\/v2\/product_tag?post=11675"}],"curies":[{"name":"wp","href":"https:\/\/api.w.org\/{rel}","templated":true}]}}