{"id":107682,"date":"2022-07-07T16:28:04","date_gmt":"2022-07-07T13:28:04","guid":{"rendered":"https:\/\/gate21.ee\/?post_type=product&#038;p=107682"},"modified":"2026-03-01T11:11:45","modified_gmt":"2026-03-01T09:11:45","slug":"caramel-pusa","status":"publish","type":"product","link":"https:\/\/gate21.ee\/et\/shop\/caramel-pusa\/","title":{"rendered":"Khaki - Pusa"},"content":{"rendered":"<p>\u00dcmbert\u00f6\u00f6deldud ja k\u00e4sitsi tr\u00fckitud (n\u00e4od ja disain varieeruvad igal dressipluusil).<\/p>\n<p>Materjal: 70% puuvill ja 30% pol\u00fcester.<\/p>\n<p>S: varrukas \u2013 76 \/ rind \u2013 56 \/ pikkus \u2013 61<br \/>\nM: varrukas - 79 \/ rind - 60 \/ pikkus - 64<br \/>\nL: varrukas \u2013 81 \/ rind \u2013 64 \/ pikkus \u2013 67<\/p>\n<p><img decoding=\"async\" class=\"alignnone size-medium wp-image-39673 ls-is-cached lazyloaded\" src=\"https:\/\/i0.wp.com\/gate21.ee\/wp-content\/uploads\/2021\/03\/48958840_2229215367096954_1646286145950056448_n.jpg?resize=223%2C300&amp;ssl=1\" alt=\"\" width=\"223\" height=\"223\" data-srcset=\"https:\/\/i0.wp.com\/gate21.ee\/wp-content\/uploads\/2021\/03\/48958840_2229215367096954_1646286145950056448_n.jpg?resize=223%2C300&amp;ssl=1 223w, https:\/\/i0.wp.com\/gate21.ee\/wp-content\/uploads\/2021\/03\/48958840_2229215367096954_1646286145950056448_n.jpg?w=526&amp;ssl=1 526w\" data-src=\"https:\/\/i0.wp.com\/gate21.ee\/wp-content\/uploads\/2021\/03\/48958840_2229215367096954_1646286145950056448_n.jpg?resize=223%2C300&amp;ssl=1\" data-sizes=\"(max-width: 223px) 100vw, 223px\" srcset=\"https:\/\/gate21.ee\/wp-content\/uploads\/2021\/03\/48958840_2229215367096954_1646286145950056448_n-300x300.jpg 300w, https:\/\/gate21.ee\/wp-content\/uploads\/2021\/03\/48958840_2229215367096954_1646286145950056448_n-100x100.jpg 100w, https:\/\/gate21.ee\/wp-content\/uploads\/2021\/03\/48958840_2229215367096954_1646286145950056448_n-150x150.jpg 150w\" sizes=\"(max-width: 223px) 100vw, 223px\" \/><\/p>\n<p><a href=\"https:\/\/gate21.ee\/et\/brand\/rcr_khomenko\/\">RCR Khomenko<\/a> on selleks, et luua r\u00f5\u00f5mu!<\/p>\n<p>Vaimuka ja nutika jutuvestja kaubam\u00e4rgi asutas 2011. aastal noor Ukraina disainer Yasia Khomenko. Br\u00e4nd on sellest ajast saati saavutanud suurt edu keerukate ja originaalsete r\u00f5ivaste valmistamisel. Tootmisprotsessis ei l\u00e4he midagi raisku, isegi j\u00e4relej\u00e4\u00e4nud j\u00e4\u00e4gid taaskasutatakse uute kujunduste loomisel.<\/p>\n<p>K\u00f5ikide kujude ja v\u00e4rvidega tr\u00fckitud n\u00e4od edastavad tervet hulka inimlikke emotsioone.<\/p>","protected":false},"excerpt":{"rendered":"<p>Upcycled and hand-printed (faces and design will vary in each sweatshirt) Material:\u00a070% cotton &amp;\u00a030% polyester S: sleeve &#8211; 76 \/ chest &#8211; 56 \/ length &#8211; 61 M: sleeve &#8211; 79 \/ chest &#8211; 60 \/ length &#8211; 64 L: sleeve &#8211; 81 \/ chest &#8211; 64 \/ length &#8211; 67 RCR Khomenko is here [&hellip;]<\/p>\n","protected":false},"featured_media":155213,"comment_status":"closed","ping_status":"closed","template":"","meta":{"site-sidebar-layout":"default","site-content-layout":"default","ast-site-content-layout":"default","site-content-style":"default","site-sidebar-style":"default","ast-global-header-display":"","ast-banner-title-visibility":"","ast-main-header-display":"","ast-hfb-above-header-display":"","ast-hfb-below-header-display":"","ast-hfb-mobile-header-display":"","site-post-title":"","ast-breadcrumbs-content":"","ast-featured-img":"","footer-sml-layout":"","ast-disable-related-posts":"","theme-transparent-header-meta":"default","adv-header-id-meta":"","stick-header-meta":"default","header-above-stick-meta":"","header-main-stick-meta":"","header-below-stick-meta":"","astra-migrate-meta-layouts":"set","ast-page-background-enabled":"default","ast-page-background-meta":{"desktop":{"background-color":"","background-image":"","background-repeat":"repeat","background-position":"center center","background-size":"auto","background-attachment":"scroll","background-type":"","background-media":"","overlay-type":"","overlay-color":"","overlay-opacity":"","overlay-gradient":""},"tablet":{"background-color":"","background-image":"","background-repeat":"repeat","background-position":"center center","background-size":"auto","background-attachment":"scroll","background-type":"","background-media":"","overlay-type":"","overlay-color":"","overlay-opacity":"","overlay-gradient":""},"mobile":{"background-color":"","background-image":"","background-repeat":"repeat","background-position":"center center","background-size":"auto","background-attachment":"scroll","background-type":"","background-media":"","overlay-type":"","overlay-color":"","overlay-opacity":"","overlay-gradient":""}},"ast-content-background-meta":{"desktop":{"background-color":"var(--ast-global-color-5)","background-image":"","background-repeat":"repeat","background-position":"center center","background-size":"auto","background-attachment":"scroll","background-type":"","background-media":"","overlay-type":"","overlay-color":"","overlay-opacity":"","overlay-gradient":""},"tablet":{"background-color":"var(--ast-global-color-5)","background-image":"","background-repeat":"repeat","background-position":"center center","background-size":"auto","background-attachment":"scroll","background-type":"","background-media":"","overlay-type":"","overlay-color":"","overlay-opacity":"","overlay-gradient":""},"mobile":{"background-color":"var(--ast-global-color-5)","background-image":"","background-repeat":"repeat","background-position":"center center","background-size":"auto","background-attachment":"scroll","background-type":"","background-media":"","overlay-type":"","overlay-color":"","overlay-opacity":"","overlay-gradient":""}}},"pwb-brand":[363],"product_brand":[],"product_cat":[56,133],"product_tag":[237],"class_list":{"0":"post-107682","1":"product","2":"type-product","3":"status-publish","4":"has-post-thumbnail","6":"pwb-brand-rcr_khomenko","7":"product_cat-clothing","8":"product_cat-sweatshirts","9":"product_tag-sweatshirts","10":"desktop-align-center","11":"tablet-align-center","12":"mobile-align-center","13":"ast-product-gallery-layout-vertical","14":"ast-product-single-variable","15":"ast-product-tabs-layout-horizontal","17":"first","18":"instock","19":"taxable","20":"shipping-taxable","21":"purchasable","22":"product-type-variable"},"yoast_head":"<!-- This site is optimized with the Yoast SEO plugin v27.4 - https:\/\/yoast.com\/product\/yoast-seo-wordpress\/ -->\n<title>Khaki\/Green - Pusa &#8226; Gate21<\/title>\n<meta name=\"description\" content=\"Hoodie by RCR Khomenko a witty and smart storyteller brand established in 2011 by young Ukrainian designer Yasia Khomenko.\" \/>\n<meta name=\"robots\" content=\"index, follow, max-snippet:-1, max-image-preview:large, max-video-preview:-1\" \/>\n<link rel=\"canonical\" href=\"https:\/\/gate21.ee\/et\/shop\/caramel-pusa\/\" \/>\n<meta property=\"og:locale\" content=\"et_EE\" \/>\n<meta property=\"og:type\" content=\"article\" \/>\n<meta property=\"og:title\" content=\"Khaki\/Green - Pusa &#8226; Gate21\" \/>\n<meta property=\"og:description\" content=\"Hoodie by RCR Khomenko a witty and smart storyteller brand established in 2011 by young Ukrainian designer Yasia Khomenko.\" \/>\n<meta property=\"og:url\" content=\"https:\/\/gate21.ee\/et\/shop\/caramel-pusa\/\" \/>\n<meta property=\"og:site_name\" content=\"Gate21\" \/>\n<meta property=\"article:publisher\" content=\"https:\/\/www.facebook.com\/gate21.ee\/\" \/>\n<meta property=\"article:modified_time\" content=\"2026-03-01T09:11:45+00:00\" \/>\n<meta property=\"og:image\" content=\"https:\/\/gate21.ee\/wp-content\/uploads\/2022\/07\/RCR_Caramel-removebg-preview.png\" \/>\n\t<meta property=\"og:image:width\" content=\"409\" \/>\n\t<meta property=\"og:image:height\" content=\"610\" \/>\n\t<meta property=\"og:image:type\" content=\"image\/png\" \/>\n<meta name=\"twitter:card\" content=\"summary_large_image\" \/>\n<meta name=\"twitter:label1\" content=\"Est. reading time\" \/>\n\t<meta name=\"twitter:data1\" content=\"2 minutit\" \/>\n<script type=\"application\/ld+json\" class=\"yoast-schema-graph\">{\"@context\":\"https:\\\/\\\/schema.org\",\"@graph\":[{\"@type\":\"WebPage\",\"@id\":\"https:\\\/\\\/gate21.ee\\\/shop\\\/caramel-pusa\\\/\",\"url\":\"https:\\\/\\\/gate21.ee\\\/shop\\\/caramel-pusa\\\/\",\"name\":\"Khaki\\\/Green - Pusa &#8226; Gate21\",\"isPartOf\":{\"@id\":\"https:\\\/\\\/gate21.ee\\\/#website\"},\"primaryImageOfPage\":{\"@id\":\"https:\\\/\\\/gate21.ee\\\/shop\\\/caramel-pusa\\\/#primaryimage\"},\"image\":{\"@id\":\"https:\\\/\\\/gate21.ee\\\/shop\\\/caramel-pusa\\\/#primaryimage\"},\"thumbnailUrl\":\"https:\\\/\\\/gate21.ee\\\/wp-content\\\/uploads\\\/2022\\\/07\\\/RCR_Caramel-removebg-preview.png\",\"datePublished\":\"2022-07-07T13:28:04+00:00\",\"dateModified\":\"2026-03-01T09:11:45+00:00\",\"description\":\"Hoodie by RCR Khomenko a witty and smart storyteller brand established in 2011 by young Ukrainian designer Yasia Khomenko.\",\"breadcrumb\":{\"@id\":\"https:\\\/\\\/gate21.ee\\\/shop\\\/caramel-pusa\\\/#breadcrumb\"},\"inLanguage\":\"et\",\"potentialAction\":[{\"@type\":\"ReadAction\",\"target\":[\"https:\\\/\\\/gate21.ee\\\/shop\\\/caramel-pusa\\\/\"]}]},{\"@type\":\"ImageObject\",\"inLanguage\":\"et\",\"@id\":\"https:\\\/\\\/gate21.ee\\\/shop\\\/caramel-pusa\\\/#primaryimage\",\"url\":\"https:\\\/\\\/gate21.ee\\\/wp-content\\\/uploads\\\/2022\\\/07\\\/RCR_Caramel-removebg-preview.png\",\"contentUrl\":\"https:\\\/\\\/gate21.ee\\\/wp-content\\\/uploads\\\/2022\\\/07\\\/RCR_Caramel-removebg-preview.png\",\"width\":409,\"height\":610,\"caption\":\"A person stands facing forwards, wearing a Khaki\\\/Green - Pusa sweatshirt with colourful abstract shapes and faces, wide-legged brown trousers, and black shoes. The plain light background offers fresh Tallinn shopping style inspiration. Gate21.ee\"},{\"@type\":\"BreadcrumbList\",\"@id\":\"https:\\\/\\\/gate21.ee\\\/shop\\\/caramel-pusa\\\/#breadcrumb\",\"itemListElement\":[{\"@type\":\"ListItem\",\"position\":1,\"name\":\"Home\",\"item\":\"https:\\\/\\\/gate21.ee\\\/\"},{\"@type\":\"ListItem\",\"position\":2,\"name\":\"Khaki\\\/Green &#8211; Pusa\"}]},{\"@type\":\"WebSite\",\"@id\":\"https:\\\/\\\/gate21.ee\\\/#website\",\"url\":\"https:\\\/\\\/gate21.ee\\\/\",\"name\":\"Gate21\",\"description\":\"Gift concept store Gate21\",\"publisher\":{\"@id\":\"https:\\\/\\\/gate21.ee\\\/#organization\"},\"alternateName\":\"gate21\",\"potentialAction\":[{\"@type\":\"SearchAction\",\"target\":{\"@type\":\"EntryPoint\",\"urlTemplate\":\"https:\\\/\\\/gate21.ee\\\/?s={search_term_string}\"},\"query-input\":{\"@type\":\"PropertyValueSpecification\",\"valueRequired\":true,\"valueName\":\"search_term_string\"}}],\"inLanguage\":\"et\"},{\"@type\":\"Organization\",\"@id\":\"https:\\\/\\\/gate21.ee\\\/#organization\",\"name\":\"Gate21\",\"alternateName\":\"Gate21, Oma Asi and Oma Asi Design Store\",\"url\":\"https:\\\/\\\/gate21.ee\\\/\",\"logo\":{\"@type\":\"ImageObject\",\"inLanguage\":\"et\",\"@id\":\"https:\\\/\\\/gate21.ee\\\/#\\\/schema\\\/logo\\\/image\\\/\",\"url\":\"https:\\\/\\\/gate21.ee\\\/wp-content\\\/uploads\\\/2021\\\/11\\\/Gate_21_Logo_2_Valge.png\",\"contentUrl\":\"https:\\\/\\\/gate21.ee\\\/wp-content\\\/uploads\\\/2021\\\/11\\\/Gate_21_Logo_2_Valge.png\",\"width\":2560,\"height\":2560,\"caption\":\"Gate21\"},\"image\":{\"@id\":\"https:\\\/\\\/gate21.ee\\\/#\\\/schema\\\/logo\\\/image\\\/\"},\"sameAs\":[\"https:\\\/\\\/www.facebook.com\\\/gate21.ee\\\/\",\"https:\\\/\\\/www.instagram.com\\\/gate21.ee\\\/\",\"https:\\\/\\\/www.instagram.com\\\/omaasidesign\\\/\",\"https:\\\/\\\/www.instagram.com\\\/omaasi\\\/\",\"https:\\\/\\\/www.facebook.com\\\/omaasidesign\\\/\",\"https:\\\/\\\/www.facebook.com\\\/omaasilittleredhouse\\\/\",\"https:\\\/\\\/www.tiktok.com\\\/@gate21.ee\"]}]}<\/script>\n<!-- \/ Yoast SEO plugin. -->","yoast_head_json":{"title":"Khaki\/Green - Pusa &#8226; Gate21","description":"Hoodie by RCR Khomenko a witty and smart storyteller brand established in 2011 by young Ukrainian designer Yasia Khomenko.","robots":{"index":"index","follow":"follow","max-snippet":"max-snippet:-1","max-image-preview":"max-image-preview:large","max-video-preview":"max-video-preview:-1"},"canonical":"https:\/\/gate21.ee\/et\/shop\/caramel-pusa\/","og_locale":"et_EE","og_type":"article","og_title":"Khaki\/Green - Pusa &#8226; Gate21","og_description":"Hoodie by RCR Khomenko a witty and smart storyteller brand established in 2011 by young Ukrainian designer Yasia Khomenko.","og_url":"https:\/\/gate21.ee\/et\/shop\/caramel-pusa\/","og_site_name":"Gate21","article_publisher":"https:\/\/www.facebook.com\/gate21.ee\/","article_modified_time":"2026-03-01T09:11:45+00:00","og_image":[{"width":409,"height":610,"url":"https:\/\/gate21.ee\/wp-content\/uploads\/2022\/07\/RCR_Caramel-removebg-preview.png","type":"image\/png"}],"twitter_card":"summary_large_image","twitter_misc":{"Est. reading time":"2 minutit"},"schema":{"@context":"https:\/\/schema.org","@graph":[{"@type":"WebPage","@id":"https:\/\/gate21.ee\/shop\/caramel-pusa\/","url":"https:\/\/gate21.ee\/shop\/caramel-pusa\/","name":"Khaki\/Green - Pusa &#8226; Gate21","isPartOf":{"@id":"https:\/\/gate21.ee\/#website"},"primaryImageOfPage":{"@id":"https:\/\/gate21.ee\/shop\/caramel-pusa\/#primaryimage"},"image":{"@id":"https:\/\/gate21.ee\/shop\/caramel-pusa\/#primaryimage"},"thumbnailUrl":"https:\/\/gate21.ee\/wp-content\/uploads\/2022\/07\/RCR_Caramel-removebg-preview.png","datePublished":"2022-07-07T13:28:04+00:00","dateModified":"2026-03-01T09:11:45+00:00","description":"Hoodie by RCR Khomenko a witty and smart storyteller brand established in 2011 by young Ukrainian designer Yasia Khomenko.","breadcrumb":{"@id":"https:\/\/gate21.ee\/shop\/caramel-pusa\/#breadcrumb"},"inLanguage":"et","potentialAction":[{"@type":"ReadAction","target":["https:\/\/gate21.ee\/shop\/caramel-pusa\/"]}]},{"@type":"ImageObject","inLanguage":"et","@id":"https:\/\/gate21.ee\/shop\/caramel-pusa\/#primaryimage","url":"https:\/\/gate21.ee\/wp-content\/uploads\/2022\/07\/RCR_Caramel-removebg-preview.png","contentUrl":"https:\/\/gate21.ee\/wp-content\/uploads\/2022\/07\/RCR_Caramel-removebg-preview.png","width":409,"height":610,"caption":"A person stands facing forwards, wearing a Khaki\/Green - Pusa sweatshirt with colourful abstract shapes and faces, wide-legged brown trousers, and black shoes. The plain light background offers fresh Tallinn shopping style inspiration. Gate21.ee"},{"@type":"BreadcrumbList","@id":"https:\/\/gate21.ee\/shop\/caramel-pusa\/#breadcrumb","itemListElement":[{"@type":"ListItem","position":1,"name":"Home","item":"https:\/\/gate21.ee\/"},{"@type":"ListItem","position":2,"name":"Khaki\/Green &#8211; Pusa"}]},{"@type":"WebSite","@id":"https:\/\/gate21.ee\/#website","url":"https:\/\/gate21.ee\/","name":"Gate21","description":"Kingituskontseptsioonipood Gate21","publisher":{"@id":"https:\/\/gate21.ee\/#organization"},"alternateName":"gate21","potentialAction":[{"@type":"SearchAction","target":{"@type":"EntryPoint","urlTemplate":"https:\/\/gate21.ee\/?s={search_term_string}"},"query-input":{"@type":"PropertyValueSpecification","valueRequired":true,"valueName":"search_term_string"}}],"inLanguage":"et"},{"@type":"Organization","@id":"https:\/\/gate21.ee\/#organization","name":"Gate21","alternateName":"Gate21, Oma Asi and Oma Asi Design Store","url":"https:\/\/gate21.ee\/","logo":{"@type":"ImageObject","inLanguage":"et","@id":"https:\/\/gate21.ee\/#\/schema\/logo\/image\/","url":"https:\/\/gate21.ee\/wp-content\/uploads\/2021\/11\/Gate_21_Logo_2_Valge.png","contentUrl":"https:\/\/gate21.ee\/wp-content\/uploads\/2021\/11\/Gate_21_Logo_2_Valge.png","width":2560,"height":2560,"caption":"Gate21"},"image":{"@id":"https:\/\/gate21.ee\/#\/schema\/logo\/image\/"},"sameAs":["https:\/\/www.facebook.com\/gate21.ee\/","https:\/\/www.instagram.com\/gate21.ee\/","https:\/\/www.instagram.com\/omaasidesign\/","https:\/\/www.instagram.com\/omaasi\/","https:\/\/www.facebook.com\/omaasidesign\/","https:\/\/www.facebook.com\/omaasilittleredhouse\/","https:\/\/www.tiktok.com\/@gate21.ee"]}]}},"jetpack_sharing_enabled":true,"brands":[{"id":363,"name":"RCR Khomenko","slug":"rcr_khomenko"}],"_links":{"self":[{"href":"https:\/\/gate21.ee\/et\/wp-json\/wp\/v2\/product\/107682","targetHints":{"allow":["GET"]}}],"collection":[{"href":"https:\/\/gate21.ee\/et\/wp-json\/wp\/v2\/product"}],"about":[{"href":"https:\/\/gate21.ee\/et\/wp-json\/wp\/v2\/types\/product"}],"replies":[{"embeddable":true,"href":"https:\/\/gate21.ee\/et\/wp-json\/wp\/v2\/comments?post=107682"}],"version-history":[{"count":1,"href":"https:\/\/gate21.ee\/et\/wp-json\/wp\/v2\/product\/107682\/revisions"}],"predecessor-version":[{"id":230526,"href":"https:\/\/gate21.ee\/et\/wp-json\/wp\/v2\/product\/107682\/revisions\/230526"}],"wp:featuredmedia":[{"embeddable":true,"href":"https:\/\/gate21.ee\/et\/wp-json\/wp\/v2\/media\/155213"}],"wp:attachment":[{"href":"https:\/\/gate21.ee\/et\/wp-json\/wp\/v2\/media?parent=107682"}],"wp:term":[{"taxonomy":"pwb-brand","embeddable":true,"href":"https:\/\/gate21.ee\/et\/wp-json\/wp\/v2\/pwb-brand?post=107682"},{"taxonomy":"product_brand","embeddable":true,"href":"https:\/\/gate21.ee\/et\/wp-json\/wp\/v2\/product_brand?post=107682"},{"taxonomy":"product_cat","embeddable":true,"href":"https:\/\/gate21.ee\/et\/wp-json\/wp\/v2\/product_cat?post=107682"},{"taxonomy":"product_tag","embeddable":true,"href":"https:\/\/gate21.ee\/et\/wp-json\/wp\/v2\/product_tag?post=107682"}],"curies":[{"name":"wp","href":"https:\/\/api.w.org\/{rel}","templated":true}]}}