{"id":104124,"date":"2022-06-09T15:25:00","date_gmt":"2022-06-09T12:25:00","guid":{"rendered":"https:\/\/gate21.ee\/?post_type=product&#038;p=104124"},"modified":"2026-04-07T14:17:12","modified_gmt":"2026-04-07T11:17:12","slug":"pink-bee-2","status":"publish","type":"product","link":"https:\/\/gate21.ee\/et\/shop\/pink-bee-2\/","title":{"rendered":"Roosa mesilane"},"content":{"rendered":"<p>Studio ROOF aitab lastel olla rohkem\u00a0<a href=\"https:\/\/gate21.ee\/et\/tootekategooria\/kids\/creative\/\">loominguline<\/a>, arendades nii nende kujutlusv\u00f5imet kui ka \u00f5petades neile m\u00e4ngulises v\u00f5tmes metsloomi tundma.<\/p>\n<p>Nii v\u00e4ikesed kui nad ka pole, on putukatel maa eluj\u00f5ulisuse s\u00e4ilitamiseks suur t\u00e4htsus. Taimse tindi abil taaskasutatud papile tr\u00fckitud v\u00e4rvilised olendid oma imeliste mustritega lisavad kodule ilu.<\/p>\n<p>Kokkupandav 3D kuju, pakitud lamedasse karpi. Valmistatud taaskasutatud papist ja tr\u00fckitud taimse tindiga. M\u00f5\u00f5tmed kokkupanduna: 15 x 16 x 13 cm; 4 x B6 lehte 11 t\u00fckiga. Kokkupanekujuhised leiate pakendi sisek\u00fcljelt.<\/p>\n<p>Ettev\u00f5te<a href=\"https:\/\/gate21.ee\/et\/brand\/studioroof\/\">Studio ROOF<\/a>\u00a0sai alguse kolme lapsega paarist, kes omavahel laste m\u00e4ngulisusest inspiratsiooni saanuna panid kokku v\u00e4rvilised ja loomingulised esimesed tooted. Uskumus, et kujutlusv\u00f5ime ja m\u00e4ngulisus ei ole seotud ainult lapsep\u00f5lvega, vaid on olulised elemendid igas eluvaldkonnas ja vanuses, on ettev\u00f5tte edasiviivaks j\u00f5uks. K\u00f5ik tooted on valmistatud taaskasutatud papist ja v\u00e4rvitud taimsete v\u00e4rvidega.<\/p>\n<p><img fetchpriority=\"high\" decoding=\"async\" class=\"alignnone size-medium wp-image-38867 lazyloaded\" src=\"https:\/\/i2.wp.com\/gate21.ee\/wp-content\/uploads\/2021\/04\/S7A2381.jpg?resize=600%2C400&amp;ssl=1\" alt=\"\" width=\"390\" height=\"260\" data-srcset=\"https:\/\/i2.wp.com\/gate21.ee\/wp-content\/uploads\/2021\/04\/S7A2381.jpg?resize=600%2C400&amp;ssl=1 600w, https:\/\/i2.wp.com\/gate21.ee\/wp-content\/uploads\/2021\/04\/S7A2381.jpg?resize=768%2C512&amp;ssl=1 768w, https:\/\/i2.wp.com\/gate21.ee\/wp-content\/uploads\/2021\/04\/S7A2381.jpg?resize=800%2C534&amp;ssl=1 800w, https:\/\/i2.wp.com\/gate21.ee\/wp-content\/uploads\/2021\/04\/S7A2381.jpg?w=1000&amp;ssl=1 1000w\" data-src=\"https:\/\/i2.wp.com\/gate21.ee\/wp-content\/uploads\/2021\/04\/S7A2381.jpg?resize=600%2C400&amp;ssl=1\" data-sizes=\"(max-width: 600px) 100vw, 600px\" srcset=\"https:\/\/gate21.ee\/wp-content\/uploads\/2021\/04\/S7A2381.jpg 1000w, https:\/\/gate21.ee\/wp-content\/uploads\/2021\/04\/S7A2381-600x400.jpg 600w, https:\/\/gate21.ee\/wp-content\/uploads\/2021\/04\/S7A2381-768x512.jpg 768w\" sizes=\"(max-width: 390px) 100vw, 390px\" \/><\/p>","protected":false},"excerpt":{"rendered":"<p>StudioRoof helps kids be more\u00a0creative, develops their imagination as well as teaches them about wildlife in a constructive and playful way. As small as they may be, insects are of great importance for the earth\u2019s vitality. How extraordinary that they can now also tell their story in your home! Printed on recycled cardboard using vegetable [&hellip;]<\/p>\n","protected":false},"featured_media":104126,"comment_status":"closed","ping_status":"closed","template":"","meta":{"site-sidebar-layout":"default","site-content-layout":"default","ast-site-content-layout":"default","site-content-style":"default","site-sidebar-style":"default","ast-global-header-display":"","ast-banner-title-visibility":"","ast-main-header-display":"","ast-hfb-above-header-display":"","ast-hfb-below-header-display":"","ast-hfb-mobile-header-display":"","site-post-title":"","ast-breadcrumbs-content":"","ast-featured-img":"","footer-sml-layout":"","ast-disable-related-posts":"","theme-transparent-header-meta":"default","adv-header-id-meta":"","stick-header-meta":"default","header-above-stick-meta":"","header-main-stick-meta":"","header-below-stick-meta":"","astra-migrate-meta-layouts":"default","ast-page-background-enabled":"default","ast-page-background-meta":{"desktop":{"background-color":"","background-image":"","background-repeat":"repeat","background-position":"center center","background-size":"auto","background-attachment":"scroll","background-type":"","background-media":"","overlay-type":"","overlay-color":"","overlay-opacity":"","overlay-gradient":""},"tablet":{"background-color":"","background-image":"","background-repeat":"repeat","background-position":"center center","background-size":"auto","background-attachment":"scroll","background-type":"","background-media":"","overlay-type":"","overlay-color":"","overlay-opacity":"","overlay-gradient":""},"mobile":{"background-color":"","background-image":"","background-repeat":"repeat","background-position":"center center","background-size":"auto","background-attachment":"scroll","background-type":"","background-media":"","overlay-type":"","overlay-color":"","overlay-opacity":"","overlay-gradient":""}},"ast-content-background-meta":{"desktop":{"background-color":"var(--ast-global-color-5)","background-image":"","background-repeat":"repeat","background-position":"center center","background-size":"auto","background-attachment":"scroll","background-type":"","background-media":"","overlay-type":"","overlay-color":"","overlay-opacity":"","overlay-gradient":""},"tablet":{"background-color":"var(--ast-global-color-5)","background-image":"","background-repeat":"repeat","background-position":"center center","background-size":"auto","background-attachment":"scroll","background-type":"","background-media":"","overlay-type":"","overlay-color":"","overlay-opacity":"","overlay-gradient":""},"mobile":{"background-color":"var(--ast-global-color-5)","background-image":"","background-repeat":"repeat","background-position":"center center","background-size":"auto","background-attachment":"scroll","background-type":"","background-media":"","overlay-type":"","overlay-color":"","overlay-opacity":"","overlay-gradient":""}}},"pwb-brand":[99],"product_brand":[],"product_cat":[226,225],"product_tag":[335],"class_list":{"0":"post-104124","1":"product","2":"type-product","3":"status-publish","4":"has-post-thumbnail","6":"pwb-brand-studioroof","7":"product_cat-creative","8":"product_cat-kids","9":"product_tag-wall-art","10":"desktop-align-center","11":"tablet-align-center","12":"mobile-align-center","13":"ast-product-gallery-layout-vertical","14":"ast-product-tabs-layout-horizontal","16":"first","17":"instock","18":"taxable","19":"shipping-taxable","20":"purchasable","21":"product-type-simple"},"yoast_head":"<!-- This site is optimized with the Yoast SEO plugin v27.4 - https:\/\/yoast.com\/product\/yoast-seo-wordpress\/ -->\n<title>Pink Bee &#8226; Gate21<\/title>\n<meta name=\"description\" content=\"StudioROOF 3D object to build, comes flatpacked; Made of recycled cardboard and printed with vegetable inks\" \/>\n<meta name=\"robots\" content=\"index, follow, max-snippet:-1, max-image-preview:large, max-video-preview:-1\" \/>\n<link rel=\"canonical\" href=\"https:\/\/gate21.ee\/et\/shop\/pink-bee-2\/\" \/>\n<meta property=\"og:locale\" content=\"et_EE\" \/>\n<meta property=\"og:type\" content=\"article\" \/>\n<meta property=\"og:title\" content=\"Pink Bee &#8226; Gate21\" \/>\n<meta property=\"og:description\" content=\"StudioROOF 3D object to build, comes flatpacked; Made of recycled cardboard and printed with vegetable inks\" \/>\n<meta property=\"og:url\" content=\"https:\/\/gate21.ee\/et\/shop\/pink-bee-2\/\" \/>\n<meta property=\"og:site_name\" content=\"Gate21\" \/>\n<meta property=\"article:publisher\" content=\"https:\/\/www.facebook.com\/gate21.ee\/\" \/>\n<meta property=\"article:modified_time\" content=\"2026-04-07T11:17:12+00:00\" \/>\n<meta property=\"og:image\" content=\"https:\/\/gate21.ee\/wp-content\/uploads\/2022\/06\/pinkbee.jpg\" \/>\n\t<meta property=\"og:image:width\" content=\"1215\" \/>\n\t<meta property=\"og:image:height\" content=\"1600\" \/>\n\t<meta property=\"og:image:type\" content=\"image\/jpeg\" \/>\n<meta name=\"twitter:card\" content=\"summary_large_image\" \/>\n<meta name=\"twitter:label1\" content=\"Est. reading time\" \/>\n\t<meta name=\"twitter:data1\" content=\"2 minutit\" \/>\n<script type=\"application\/ld+json\" class=\"yoast-schema-graph\">{\"@context\":\"https:\\\/\\\/schema.org\",\"@graph\":[{\"@type\":\"WebPage\",\"@id\":\"https:\\\/\\\/gate21.ee\\\/shop\\\/pink-bee-2\\\/\",\"url\":\"https:\\\/\\\/gate21.ee\\\/shop\\\/pink-bee-2\\\/\",\"name\":\"Pink Bee &#8226; Gate21\",\"isPartOf\":{\"@id\":\"https:\\\/\\\/gate21.ee\\\/#website\"},\"primaryImageOfPage\":{\"@id\":\"https:\\\/\\\/gate21.ee\\\/shop\\\/pink-bee-2\\\/#primaryimage\"},\"image\":{\"@id\":\"https:\\\/\\\/gate21.ee\\\/shop\\\/pink-bee-2\\\/#primaryimage\"},\"thumbnailUrl\":\"https:\\\/\\\/gate21.ee\\\/wp-content\\\/uploads\\\/2022\\\/06\\\/pinkbee.jpg\",\"datePublished\":\"2022-06-09T12:25:00+00:00\",\"dateModified\":\"2026-04-07T11:17:12+00:00\",\"description\":\"StudioROOF 3D object to build, comes flatpacked; Made of recycled cardboard and printed with vegetable inks\",\"breadcrumb\":{\"@id\":\"https:\\\/\\\/gate21.ee\\\/shop\\\/pink-bee-2\\\/#breadcrumb\"},\"inLanguage\":\"et\",\"potentialAction\":[{\"@type\":\"ReadAction\",\"target\":[\"https:\\\/\\\/gate21.ee\\\/shop\\\/pink-bee-2\\\/\"]}]},{\"@type\":\"ImageObject\",\"inLanguage\":\"et\",\"@id\":\"https:\\\/\\\/gate21.ee\\\/shop\\\/pink-bee-2\\\/#primaryimage\",\"url\":\"https:\\\/\\\/gate21.ee\\\/wp-content\\\/uploads\\\/2022\\\/06\\\/pinkbee.jpg\",\"contentUrl\":\"https:\\\/\\\/gate21.ee\\\/wp-content\\\/uploads\\\/2022\\\/06\\\/pinkbee.jpg\",\"width\":1215,\"height\":1600,\"caption\":\"The Pink Bee features pink, yellow, and orange wings, a striped yellow and blue body, blue antennae, and a symmetrical design\u2014perfect for adding curated charm to any gift shop or Tallinn shopping adventure. Gate21.ee\"},{\"@type\":\"BreadcrumbList\",\"@id\":\"https:\\\/\\\/gate21.ee\\\/shop\\\/pink-bee-2\\\/#breadcrumb\",\"itemListElement\":[{\"@type\":\"ListItem\",\"position\":1,\"name\":\"Home\",\"item\":\"https:\\\/\\\/gate21.ee\\\/\"},{\"@type\":\"ListItem\",\"position\":2,\"name\":\"Pink Bee\"}]},{\"@type\":\"WebSite\",\"@id\":\"https:\\\/\\\/gate21.ee\\\/#website\",\"url\":\"https:\\\/\\\/gate21.ee\\\/\",\"name\":\"Gate21\",\"description\":\"Gift concept store Gate21\",\"publisher\":{\"@id\":\"https:\\\/\\\/gate21.ee\\\/#organization\"},\"alternateName\":\"gate21\",\"potentialAction\":[{\"@type\":\"SearchAction\",\"target\":{\"@type\":\"EntryPoint\",\"urlTemplate\":\"https:\\\/\\\/gate21.ee\\\/?s={search_term_string}\"},\"query-input\":{\"@type\":\"PropertyValueSpecification\",\"valueRequired\":true,\"valueName\":\"search_term_string\"}}],\"inLanguage\":\"et\"},{\"@type\":\"Organization\",\"@id\":\"https:\\\/\\\/gate21.ee\\\/#organization\",\"name\":\"Gate21\",\"alternateName\":\"Gate21, Oma Asi and Oma Asi Design Store\",\"url\":\"https:\\\/\\\/gate21.ee\\\/\",\"logo\":{\"@type\":\"ImageObject\",\"inLanguage\":\"et\",\"@id\":\"https:\\\/\\\/gate21.ee\\\/#\\\/schema\\\/logo\\\/image\\\/\",\"url\":\"https:\\\/\\\/gate21.ee\\\/wp-content\\\/uploads\\\/2021\\\/11\\\/Gate_21_Logo_2_Valge.png\",\"contentUrl\":\"https:\\\/\\\/gate21.ee\\\/wp-content\\\/uploads\\\/2021\\\/11\\\/Gate_21_Logo_2_Valge.png\",\"width\":2560,\"height\":2560,\"caption\":\"Gate21\"},\"image\":{\"@id\":\"https:\\\/\\\/gate21.ee\\\/#\\\/schema\\\/logo\\\/image\\\/\"},\"sameAs\":[\"https:\\\/\\\/www.facebook.com\\\/gate21.ee\\\/\",\"https:\\\/\\\/www.instagram.com\\\/gate21.ee\\\/\",\"https:\\\/\\\/www.instagram.com\\\/omaasidesign\\\/\",\"https:\\\/\\\/www.instagram.com\\\/omaasi\\\/\",\"https:\\\/\\\/www.facebook.com\\\/omaasidesign\\\/\",\"https:\\\/\\\/www.facebook.com\\\/omaasilittleredhouse\\\/\",\"https:\\\/\\\/www.tiktok.com\\\/@gate21.ee\"]}]}<\/script>\n<!-- \/ Yoast SEO plugin. -->","yoast_head_json":{"title":"Pink Bee &#8226; Gate21","description":"StudioROOF 3D object to build, comes flatpacked; Made of recycled cardboard and printed with vegetable inks","robots":{"index":"index","follow":"follow","max-snippet":"max-snippet:-1","max-image-preview":"max-image-preview:large","max-video-preview":"max-video-preview:-1"},"canonical":"https:\/\/gate21.ee\/et\/shop\/pink-bee-2\/","og_locale":"et_EE","og_type":"article","og_title":"Pink Bee &#8226; Gate21","og_description":"StudioROOF 3D object to build, comes flatpacked; Made of recycled cardboard and printed with vegetable inks","og_url":"https:\/\/gate21.ee\/et\/shop\/pink-bee-2\/","og_site_name":"Gate21","article_publisher":"https:\/\/www.facebook.com\/gate21.ee\/","article_modified_time":"2026-04-07T11:17:12+00:00","og_image":[{"width":1215,"height":1600,"url":"https:\/\/gate21.ee\/wp-content\/uploads\/2022\/06\/pinkbee.jpg","type":"image\/jpeg"}],"twitter_card":"summary_large_image","twitter_misc":{"Est. reading time":"2 minutit"},"schema":{"@context":"https:\/\/schema.org","@graph":[{"@type":"WebPage","@id":"https:\/\/gate21.ee\/shop\/pink-bee-2\/","url":"https:\/\/gate21.ee\/shop\/pink-bee-2\/","name":"Pink Bee &#8226; Gate21","isPartOf":{"@id":"https:\/\/gate21.ee\/#website"},"primaryImageOfPage":{"@id":"https:\/\/gate21.ee\/shop\/pink-bee-2\/#primaryimage"},"image":{"@id":"https:\/\/gate21.ee\/shop\/pink-bee-2\/#primaryimage"},"thumbnailUrl":"https:\/\/gate21.ee\/wp-content\/uploads\/2022\/06\/pinkbee.jpg","datePublished":"2022-06-09T12:25:00+00:00","dateModified":"2026-04-07T11:17:12+00:00","description":"StudioROOF 3D object to build, comes flatpacked; Made of recycled cardboard and printed with vegetable inks","breadcrumb":{"@id":"https:\/\/gate21.ee\/shop\/pink-bee-2\/#breadcrumb"},"inLanguage":"et","potentialAction":[{"@type":"ReadAction","target":["https:\/\/gate21.ee\/shop\/pink-bee-2\/"]}]},{"@type":"ImageObject","inLanguage":"et","@id":"https:\/\/gate21.ee\/shop\/pink-bee-2\/#primaryimage","url":"https:\/\/gate21.ee\/wp-content\/uploads\/2022\/06\/pinkbee.jpg","contentUrl":"https:\/\/gate21.ee\/wp-content\/uploads\/2022\/06\/pinkbee.jpg","width":1215,"height":1600,"caption":"The Pink Bee features pink, yellow, and orange wings, a striped yellow and blue body, blue antennae, and a symmetrical design\u2014perfect for adding curated charm to any gift shop or Tallinn shopping adventure. Gate21.ee"},{"@type":"BreadcrumbList","@id":"https:\/\/gate21.ee\/shop\/pink-bee-2\/#breadcrumb","itemListElement":[{"@type":"ListItem","position":1,"name":"Home","item":"https:\/\/gate21.ee\/"},{"@type":"ListItem","position":2,"name":"Pink Bee"}]},{"@type":"WebSite","@id":"https:\/\/gate21.ee\/#website","url":"https:\/\/gate21.ee\/","name":"Gate21","description":"Kingituskontseptsioonipood Gate21","publisher":{"@id":"https:\/\/gate21.ee\/#organization"},"alternateName":"gate21","potentialAction":[{"@type":"SearchAction","target":{"@type":"EntryPoint","urlTemplate":"https:\/\/gate21.ee\/?s={search_term_string}"},"query-input":{"@type":"PropertyValueSpecification","valueRequired":true,"valueName":"search_term_string"}}],"inLanguage":"et"},{"@type":"Organization","@id":"https:\/\/gate21.ee\/#organization","name":"Gate21","alternateName":"Gate21, Oma Asi and Oma Asi Design Store","url":"https:\/\/gate21.ee\/","logo":{"@type":"ImageObject","inLanguage":"et","@id":"https:\/\/gate21.ee\/#\/schema\/logo\/image\/","url":"https:\/\/gate21.ee\/wp-content\/uploads\/2021\/11\/Gate_21_Logo_2_Valge.png","contentUrl":"https:\/\/gate21.ee\/wp-content\/uploads\/2021\/11\/Gate_21_Logo_2_Valge.png","width":2560,"height":2560,"caption":"Gate21"},"image":{"@id":"https:\/\/gate21.ee\/#\/schema\/logo\/image\/"},"sameAs":["https:\/\/www.facebook.com\/gate21.ee\/","https:\/\/www.instagram.com\/gate21.ee\/","https:\/\/www.instagram.com\/omaasidesign\/","https:\/\/www.instagram.com\/omaasi\/","https:\/\/www.facebook.com\/omaasidesign\/","https:\/\/www.facebook.com\/omaasilittleredhouse\/","https:\/\/www.tiktok.com\/@gate21.ee"]}]}},"jetpack_sharing_enabled":true,"brands":[{"id":99,"name":"Studio ROOF","slug":"studioroof"}],"_links":{"self":[{"href":"https:\/\/gate21.ee\/et\/wp-json\/wp\/v2\/product\/104124","targetHints":{"allow":["GET"]}}],"collection":[{"href":"https:\/\/gate21.ee\/et\/wp-json\/wp\/v2\/product"}],"about":[{"href":"https:\/\/gate21.ee\/et\/wp-json\/wp\/v2\/types\/product"}],"replies":[{"embeddable":true,"href":"https:\/\/gate21.ee\/et\/wp-json\/wp\/v2\/comments?post=104124"}],"version-history":[{"count":1,"href":"https:\/\/gate21.ee\/et\/wp-json\/wp\/v2\/product\/104124\/revisions"}],"predecessor-version":[{"id":212054,"href":"https:\/\/gate21.ee\/et\/wp-json\/wp\/v2\/product\/104124\/revisions\/212054"}],"wp:featuredmedia":[{"embeddable":true,"href":"https:\/\/gate21.ee\/et\/wp-json\/wp\/v2\/media\/104126"}],"wp:attachment":[{"href":"https:\/\/gate21.ee\/et\/wp-json\/wp\/v2\/media?parent=104124"}],"wp:term":[{"taxonomy":"pwb-brand","embeddable":true,"href":"https:\/\/gate21.ee\/et\/wp-json\/wp\/v2\/pwb-brand?post=104124"},{"taxonomy":"product_brand","embeddable":true,"href":"https:\/\/gate21.ee\/et\/wp-json\/wp\/v2\/product_brand?post=104124"},{"taxonomy":"product_cat","embeddable":true,"href":"https:\/\/gate21.ee\/et\/wp-json\/wp\/v2\/product_cat?post=104124"},{"taxonomy":"product_tag","embeddable":true,"href":"https:\/\/gate21.ee\/et\/wp-json\/wp\/v2\/product_tag?post=104124"}],"curies":[{"name":"wp","href":"https:\/\/api.w.org\/{rel}","templated":true}]}}