{"id":102984,"date":"2022-05-29T16:49:00","date_gmt":"2022-05-29T13:49:00","guid":{"rendered":"https:\/\/gate21.ee\/?post_type=product&#038;p=102984"},"modified":"2026-01-18T16:22:17","modified_gmt":"2026-01-18T14:22:17","slug":"arroyo-tortoise-sunglasses","status":"publish","type":"product","link":"https:\/\/gate21.ee\/et\/shop\/arroyo-tortoise-sunglasses\/","title":{"rendered":"Colina - mustad p\u00e4ikeseprillid"},"content":{"rendered":"<p>COLINA\u00a0<a href=\"https:\/\/gate21.ee\/et\/tootekategooria\/accessories\/sunglasses\/\">p\u00e4ikeseprillid<\/a>\u00a0on valmistatud \u00fcmbert\u00f6\u00f6deldud HDPE (suure tihedusega pol\u00fcet\u00fcleenist) plastist, mis p\u00e4rineb pesuaine-, \u0161ampooni- ja sarnastest mahutitest. Prilliklaasid on UV 400 kaitsega (kat. 3) ja polariseeritud, st need v\u00e4hendavad pimestust, optilist pinget ja pakuvad paremat kontrasti.<\/p>\n<div class=\"att_measurements\">M\u00f5\u00f5tmised: Sild: 22 | Varras: 145 mm.<\/div>\n<div><\/div>\n<div class=\"att_material icon-recycle\">Valmistatud 100% ringlussev\u00f5etud HDPE-st (plastik)<\/div>\n<div><\/div>\n<p><img fetchpriority=\"high\" decoding=\"async\" class=\"alignnone size-medium wp-image-39351 lazyloaded\" src=\"https:\/\/i1.wp.com\/gate21.ee\/wp-content\/uploads\/2021\/04\/img-home-eco-300x222.jpg?resize=300%2C222&amp;ssl=1\" sizes=\"(max-width: 300px) 100vw, 300px\" srcset=\"https:\/\/i0.wp.com\/gate21.ee\/wp-content\/uploads\/2021\/04\/img-home-eco.jpg?resize=300%2C300&amp;ssl=1 300w, https:\/\/i0.wp.com\/gate21.ee\/wp-content\/uploads\/2021\/04\/img-home-eco.jpg?resize=100%2C100&amp;ssl=1 100w, https:\/\/i0.wp.com\/gate21.ee\/wp-content\/uploads\/2021\/04\/img-home-eco.jpg?resize=150%2C150&amp;ssl=1 150w, https:\/\/i0.wp.com\/gate21.ee\/wp-content\/uploads\/2021\/04\/img-home-eco.jpg?zoom=2&amp;resize=300%2C300&amp;ssl=1 600w, https:\/\/i0.wp.com\/gate21.ee\/wp-content\/uploads\/2021\/04\/img-home-eco.jpg?zoom=3&amp;resize=300%2C300&amp;ssl=1 900w\" alt=\"\" width=\"300\" height=\"300\" data-srcset=\"https:\/\/i1.wp.com\/gate21.ee\/wp-content\/uploads\/2021\/04\/img-home-eco.jpg?resize=300%2C222&amp;ssl=1 300w, https:\/\/i1.wp.com\/gate21.ee\/wp-content\/uploads\/2021\/04\/img-home-eco.jpg?resize=1024%2C757&amp;ssl=1 1024w, https:\/\/i1.wp.com\/gate21.ee\/wp-content\/uploads\/2021\/04\/img-home-eco.jpg?resize=768%2C568&amp;ssl=1 768w, https:\/\/i1.wp.com\/gate21.ee\/wp-content\/uploads\/2021\/04\/img-home-eco.jpg?resize=800%2C592&amp;ssl=1 800w, https:\/\/i1.wp.com\/gate21.ee\/wp-content\/uploads\/2021\/04\/img-home-eco.jpg?w=1310&amp;ssl=1 1310w\" data-src=\"https:\/\/i1.wp.com\/gate21.ee\/wp-content\/uploads\/2021\/04\/img-home-eco-300x222.jpg?resize=300%2C222&amp;ssl=1\" data-sizes=\"(max-width: 300px) 100vw, 300px\" \/><\/p>\n<div><\/div>\n<p><a href=\"https:\/\/gate21.ee\/et\/brand\/parafina\/\">Parafina<\/a> asutasid 2014. aastal Madridis Javier Rodriguez, Samuel Soria ja Alfonso de Luj\u00e1n eesm\u00e4rgiga pakkuda optikamaailmale j\u00e4tkusuutlikku ja taskukohast alternatiivi traditsioonilistele p\u00e4ikeseprillidele, mis on valdavalt valmistatud plastikust.<\/p>\n<p class=\"vc_custom_heading highlight-lowercase\">Seet\u00f5ttu hakkasid nad v\u00e4lja t\u00f6\u00f6tama toodet, mis pidi olema taaskasutatud, et v\u00f5imalikult v\u00e4he keskkonda m\u00f5jutada. Nad \u00f5ppisid tundma alternatiivseid materjale ja m\u00f5istsid peagi, et uued materjalid on v\u00e4ga vastupidavad, kergesti vormitavad ja kaalult kerged.<\/p>\n<p>Seni on \u00f5nnestunud taaskasutada: 3 541 206 PET-plastpudelit; 187 506 HDPE plastpudelit; 5046 autorehvi ja 27 270 plekkpurki!<\/p>","protected":false},"excerpt":{"rendered":"<p>COLINA\u00a0sunglasses\u00a0are\u00a0made from recycled HDPE (High Density Polyethylene) plastic from detergent, shampoo and similar containers.. The lenses have UV 400 protection (cat. 3) and are polarized, that is, they reduce glare, optical stress and offer better contrast. Measurements:\u00a0Lens width: 52 | Bridge: 22 | Rod: 145 mm Made from 100% Recycled HDPE (plastic) Parafina was founded [&hellip;]<\/p>\n","protected":false},"featured_media":136735,"comment_status":"closed","ping_status":"closed","template":"","meta":{"site-sidebar-layout":"default","site-content-layout":"default","ast-site-content-layout":"default","site-content-style":"default","site-sidebar-style":"default","ast-global-header-display":"","ast-banner-title-visibility":"","ast-main-header-display":"","ast-hfb-above-header-display":"","ast-hfb-below-header-display":"","ast-hfb-mobile-header-display":"","site-post-title":"","ast-breadcrumbs-content":"","ast-featured-img":"","footer-sml-layout":"","ast-disable-related-posts":"","theme-transparent-header-meta":"default","adv-header-id-meta":"","stick-header-meta":"default","header-above-stick-meta":"","header-main-stick-meta":"","header-below-stick-meta":"","astra-migrate-meta-layouts":"default","ast-page-background-enabled":"default","ast-page-background-meta":{"desktop":{"background-color":"","background-image":"","background-repeat":"repeat","background-position":"center center","background-size":"auto","background-attachment":"scroll","background-type":"","background-media":"","overlay-type":"","overlay-color":"","overlay-opacity":"","overlay-gradient":""},"tablet":{"background-color":"","background-image":"","background-repeat":"repeat","background-position":"center center","background-size":"auto","background-attachment":"scroll","background-type":"","background-media":"","overlay-type":"","overlay-color":"","overlay-opacity":"","overlay-gradient":""},"mobile":{"background-color":"","background-image":"","background-repeat":"repeat","background-position":"center center","background-size":"auto","background-attachment":"scroll","background-type":"","background-media":"","overlay-type":"","overlay-color":"","overlay-opacity":"","overlay-gradient":""}},"ast-content-background-meta":{"desktop":{"background-color":"var(--ast-global-color-5)","background-image":"","background-repeat":"repeat","background-position":"center center","background-size":"auto","background-attachment":"scroll","background-type":"","background-media":"","overlay-type":"","overlay-color":"","overlay-opacity":"","overlay-gradient":""},"tablet":{"background-color":"var(--ast-global-color-5)","background-image":"","background-repeat":"repeat","background-position":"center center","background-size":"auto","background-attachment":"scroll","background-type":"","background-media":"","overlay-type":"","overlay-color":"","overlay-opacity":"","overlay-gradient":""},"mobile":{"background-color":"var(--ast-global-color-5)","background-image":"","background-repeat":"repeat","background-position":"center center","background-size":"auto","background-attachment":"scroll","background-type":"","background-media":"","overlay-type":"","overlay-color":"","overlay-opacity":"","overlay-gradient":""}}},"pwb-brand":[109],"product_brand":[],"product_cat":[208],"product_tag":[209],"class_list":{"0":"post-102984","1":"product","2":"type-product","3":"status-publish","4":"has-post-thumbnail","6":"pwb-brand-parafina","7":"product_cat-sunglasses","8":"product_tag-sunglasses","9":"desktop-align-center","10":"tablet-align-center","11":"mobile-align-center","12":"ast-product-gallery-layout-vertical","13":"ast-product-tabs-layout-horizontal","15":"first","16":"instock","17":"taxable","18":"shipping-taxable","19":"purchasable","20":"product-type-simple"},"yoast_head":"<!-- This site is optimized with the Yoast SEO plugin v27.4 - https:\/\/yoast.com\/product\/yoast-seo-wordpress\/ -->\n<title>&quot;Colina&quot; Black Sunglasses &#8226; Gate21<\/title>\n<meta name=\"description\" content=\"Valle sunglasses by Parafina are fully UV resistent, polorized and made from recycled water bottles\" \/>\n<meta name=\"robots\" content=\"index, follow, max-snippet:-1, max-image-preview:large, max-video-preview:-1\" \/>\n<link rel=\"canonical\" href=\"https:\/\/gate21.ee\/et\/shop\/arroyo-tortoise-sunglasses\/\" \/>\n<meta property=\"og:locale\" content=\"et_EE\" \/>\n<meta property=\"og:type\" content=\"article\" \/>\n<meta property=\"og:title\" content=\"&quot;Colina&quot; Black Sunglasses &#8226; Gate21\" \/>\n<meta property=\"og:description\" content=\"Valle sunglasses by Parafina are fully UV resistent, polorized and made from recycled water bottles\" \/>\n<meta property=\"og:url\" content=\"https:\/\/gate21.ee\/et\/shop\/arroyo-tortoise-sunglasses\/\" \/>\n<meta property=\"og:site_name\" content=\"Gate21\" \/>\n<meta property=\"article:publisher\" content=\"https:\/\/www.facebook.com\/gate21.ee\/\" \/>\n<meta property=\"article:modified_time\" content=\"2026-01-18T14:22:17+00:00\" \/>\n<meta property=\"og:image\" content=\"https:\/\/gate21.ee\/wp-content\/uploads\/2022\/05\/Colina_Black_Parafina_front.png\" \/>\n\t<meta property=\"og:image:width\" content=\"800\" \/>\n\t<meta property=\"og:image:height\" content=\"600\" \/>\n\t<meta property=\"og:image:type\" content=\"image\/png\" \/>\n<meta name=\"twitter:card\" content=\"summary_large_image\" \/>\n<meta name=\"twitter:label1\" content=\"Est. reading time\" \/>\n\t<meta name=\"twitter:data1\" content=\"1 minut\" \/>\n<script type=\"application\/ld+json\" class=\"yoast-schema-graph\">{\"@context\":\"https:\\\/\\\/schema.org\",\"@graph\":[{\"@type\":\"WebPage\",\"@id\":\"https:\\\/\\\/gate21.ee\\\/shop\\\/arroyo-tortoise-sunglasses\\\/\",\"url\":\"https:\\\/\\\/gate21.ee\\\/shop\\\/arroyo-tortoise-sunglasses\\\/\",\"name\":\"\\\"Colina\\\" Black Sunglasses &#8226; Gate21\",\"isPartOf\":{\"@id\":\"https:\\\/\\\/gate21.ee\\\/#website\"},\"primaryImageOfPage\":{\"@id\":\"https:\\\/\\\/gate21.ee\\\/shop\\\/arroyo-tortoise-sunglasses\\\/#primaryimage\"},\"image\":{\"@id\":\"https:\\\/\\\/gate21.ee\\\/shop\\\/arroyo-tortoise-sunglasses\\\/#primaryimage\"},\"thumbnailUrl\":\"https:\\\/\\\/gate21.ee\\\/wp-content\\\/uploads\\\/2022\\\/05\\\/Colina_Black_Parafina_front.png\",\"datePublished\":\"2022-05-29T13:49:00+00:00\",\"dateModified\":\"2026-01-18T14:22:17+00:00\",\"description\":\"Valle sunglasses by Parafina are fully UV resistent, polorized and made from recycled water bottles\",\"breadcrumb\":{\"@id\":\"https:\\\/\\\/gate21.ee\\\/shop\\\/arroyo-tortoise-sunglasses\\\/#breadcrumb\"},\"inLanguage\":\"et\",\"potentialAction\":[{\"@type\":\"ReadAction\",\"target\":[\"https:\\\/\\\/gate21.ee\\\/shop\\\/arroyo-tortoise-sunglasses\\\/\"]}]},{\"@type\":\"ImageObject\",\"inLanguage\":\"et\",\"@id\":\"https:\\\/\\\/gate21.ee\\\/shop\\\/arroyo-tortoise-sunglasses\\\/#primaryimage\",\"url\":\"https:\\\/\\\/gate21.ee\\\/wp-content\\\/uploads\\\/2022\\\/05\\\/Colina_Black_Parafina_front.png\",\"contentUrl\":\"https:\\\/\\\/gate21.ee\\\/wp-content\\\/uploads\\\/2022\\\/05\\\/Colina_Black_Parafina_front.png\",\"width\":800,\"height\":600,\"caption\":\"The \\\"Colina\\\" Black Sunglasses are cat-eye frames with dark tinted lenses and a glossy finish, shown against a white background. Their slight upward curve at the edges adds a unique touch for anyone seeking fresh style ideas. Gate21.ee\"},{\"@type\":\"BreadcrumbList\",\"@id\":\"https:\\\/\\\/gate21.ee\\\/shop\\\/arroyo-tortoise-sunglasses\\\/#breadcrumb\",\"itemListElement\":[{\"@type\":\"ListItem\",\"position\":1,\"name\":\"Home\",\"item\":\"https:\\\/\\\/gate21.ee\\\/\"},{\"@type\":\"ListItem\",\"position\":2,\"name\":\"&#8220;Colina&#8221; Black Sunglasses\"}]},{\"@type\":\"WebSite\",\"@id\":\"https:\\\/\\\/gate21.ee\\\/#website\",\"url\":\"https:\\\/\\\/gate21.ee\\\/\",\"name\":\"Gate21\",\"description\":\"Gift concept store Gate21\",\"publisher\":{\"@id\":\"https:\\\/\\\/gate21.ee\\\/#organization\"},\"alternateName\":\"gate21\",\"potentialAction\":[{\"@type\":\"SearchAction\",\"target\":{\"@type\":\"EntryPoint\",\"urlTemplate\":\"https:\\\/\\\/gate21.ee\\\/?s={search_term_string}\"},\"query-input\":{\"@type\":\"PropertyValueSpecification\",\"valueRequired\":true,\"valueName\":\"search_term_string\"}}],\"inLanguage\":\"et\"},{\"@type\":\"Organization\",\"@id\":\"https:\\\/\\\/gate21.ee\\\/#organization\",\"name\":\"Gate21\",\"alternateName\":\"Gate21, Oma Asi and Oma Asi Design Store\",\"url\":\"https:\\\/\\\/gate21.ee\\\/\",\"logo\":{\"@type\":\"ImageObject\",\"inLanguage\":\"et\",\"@id\":\"https:\\\/\\\/gate21.ee\\\/#\\\/schema\\\/logo\\\/image\\\/\",\"url\":\"https:\\\/\\\/gate21.ee\\\/wp-content\\\/uploads\\\/2021\\\/11\\\/Gate_21_Logo_2_Valge.png\",\"contentUrl\":\"https:\\\/\\\/gate21.ee\\\/wp-content\\\/uploads\\\/2021\\\/11\\\/Gate_21_Logo_2_Valge.png\",\"width\":2560,\"height\":2560,\"caption\":\"Gate21\"},\"image\":{\"@id\":\"https:\\\/\\\/gate21.ee\\\/#\\\/schema\\\/logo\\\/image\\\/\"},\"sameAs\":[\"https:\\\/\\\/www.facebook.com\\\/gate21.ee\\\/\",\"https:\\\/\\\/www.instagram.com\\\/gate21.ee\\\/\",\"https:\\\/\\\/www.instagram.com\\\/omaasidesign\\\/\",\"https:\\\/\\\/www.instagram.com\\\/omaasi\\\/\",\"https:\\\/\\\/www.facebook.com\\\/omaasidesign\\\/\",\"https:\\\/\\\/www.facebook.com\\\/omaasilittleredhouse\\\/\",\"https:\\\/\\\/www.tiktok.com\\\/@gate21.ee\"]}]}<\/script>\n<!-- \/ Yoast SEO plugin. -->","yoast_head_json":{"title":"\"Colina\" Black Sunglasses &#8226; Gate21","description":"Valle sunglasses by Parafina are fully UV resistent, polorized and made from recycled water bottles","robots":{"index":"index","follow":"follow","max-snippet":"max-snippet:-1","max-image-preview":"max-image-preview:large","max-video-preview":"max-video-preview:-1"},"canonical":"https:\/\/gate21.ee\/et\/shop\/arroyo-tortoise-sunglasses\/","og_locale":"et_EE","og_type":"article","og_title":"\"Colina\" Black Sunglasses &#8226; Gate21","og_description":"Valle sunglasses by Parafina are fully UV resistent, polorized and made from recycled water bottles","og_url":"https:\/\/gate21.ee\/et\/shop\/arroyo-tortoise-sunglasses\/","og_site_name":"Gate21","article_publisher":"https:\/\/www.facebook.com\/gate21.ee\/","article_modified_time":"2026-01-18T14:22:17+00:00","og_image":[{"width":800,"height":600,"url":"https:\/\/gate21.ee\/wp-content\/uploads\/2022\/05\/Colina_Black_Parafina_front.png","type":"image\/png"}],"twitter_card":"summary_large_image","twitter_misc":{"Est. reading time":"1 minut"},"schema":{"@context":"https:\/\/schema.org","@graph":[{"@type":"WebPage","@id":"https:\/\/gate21.ee\/shop\/arroyo-tortoise-sunglasses\/","url":"https:\/\/gate21.ee\/shop\/arroyo-tortoise-sunglasses\/","name":"\"Colina\" Black Sunglasses &#8226; Gate21","isPartOf":{"@id":"https:\/\/gate21.ee\/#website"},"primaryImageOfPage":{"@id":"https:\/\/gate21.ee\/shop\/arroyo-tortoise-sunglasses\/#primaryimage"},"image":{"@id":"https:\/\/gate21.ee\/shop\/arroyo-tortoise-sunglasses\/#primaryimage"},"thumbnailUrl":"https:\/\/gate21.ee\/wp-content\/uploads\/2022\/05\/Colina_Black_Parafina_front.png","datePublished":"2022-05-29T13:49:00+00:00","dateModified":"2026-01-18T14:22:17+00:00","description":"Valle sunglasses by Parafina are fully UV resistent, polorized and made from recycled water bottles","breadcrumb":{"@id":"https:\/\/gate21.ee\/shop\/arroyo-tortoise-sunglasses\/#breadcrumb"},"inLanguage":"et","potentialAction":[{"@type":"ReadAction","target":["https:\/\/gate21.ee\/shop\/arroyo-tortoise-sunglasses\/"]}]},{"@type":"ImageObject","inLanguage":"et","@id":"https:\/\/gate21.ee\/shop\/arroyo-tortoise-sunglasses\/#primaryimage","url":"https:\/\/gate21.ee\/wp-content\/uploads\/2022\/05\/Colina_Black_Parafina_front.png","contentUrl":"https:\/\/gate21.ee\/wp-content\/uploads\/2022\/05\/Colina_Black_Parafina_front.png","width":800,"height":600,"caption":"The \"Colina\" Black Sunglasses are cat-eye frames with dark tinted lenses and a glossy finish, shown against a white background. Their slight upward curve at the edges adds a unique touch for anyone seeking fresh style ideas. Gate21.ee"},{"@type":"BreadcrumbList","@id":"https:\/\/gate21.ee\/shop\/arroyo-tortoise-sunglasses\/#breadcrumb","itemListElement":[{"@type":"ListItem","position":1,"name":"Home","item":"https:\/\/gate21.ee\/"},{"@type":"ListItem","position":2,"name":"&#8220;Colina&#8221; Black Sunglasses"}]},{"@type":"WebSite","@id":"https:\/\/gate21.ee\/#website","url":"https:\/\/gate21.ee\/","name":"Gate21","description":"Kingituskontseptsioonipood Gate21","publisher":{"@id":"https:\/\/gate21.ee\/#organization"},"alternateName":"gate21","potentialAction":[{"@type":"SearchAction","target":{"@type":"EntryPoint","urlTemplate":"https:\/\/gate21.ee\/?s={search_term_string}"},"query-input":{"@type":"PropertyValueSpecification","valueRequired":true,"valueName":"search_term_string"}}],"inLanguage":"et"},{"@type":"Organization","@id":"https:\/\/gate21.ee\/#organization","name":"Gate21","alternateName":"Gate21, Oma Asi and Oma Asi Design Store","url":"https:\/\/gate21.ee\/","logo":{"@type":"ImageObject","inLanguage":"et","@id":"https:\/\/gate21.ee\/#\/schema\/logo\/image\/","url":"https:\/\/gate21.ee\/wp-content\/uploads\/2021\/11\/Gate_21_Logo_2_Valge.png","contentUrl":"https:\/\/gate21.ee\/wp-content\/uploads\/2021\/11\/Gate_21_Logo_2_Valge.png","width":2560,"height":2560,"caption":"Gate21"},"image":{"@id":"https:\/\/gate21.ee\/#\/schema\/logo\/image\/"},"sameAs":["https:\/\/www.facebook.com\/gate21.ee\/","https:\/\/www.instagram.com\/gate21.ee\/","https:\/\/www.instagram.com\/omaasidesign\/","https:\/\/www.instagram.com\/omaasi\/","https:\/\/www.facebook.com\/omaasidesign\/","https:\/\/www.facebook.com\/omaasilittleredhouse\/","https:\/\/www.tiktok.com\/@gate21.ee"]}]}},"jetpack_sharing_enabled":true,"brands":[{"id":109,"name":"Parafina","slug":"parafina"}],"_links":{"self":[{"href":"https:\/\/gate21.ee\/et\/wp-json\/wp\/v2\/product\/102984","targetHints":{"allow":["GET"]}}],"collection":[{"href":"https:\/\/gate21.ee\/et\/wp-json\/wp\/v2\/product"}],"about":[{"href":"https:\/\/gate21.ee\/et\/wp-json\/wp\/v2\/types\/product"}],"replies":[{"embeddable":true,"href":"https:\/\/gate21.ee\/et\/wp-json\/wp\/v2\/comments?post=102984"}],"version-history":[{"count":1,"href":"https:\/\/gate21.ee\/et\/wp-json\/wp\/v2\/product\/102984\/revisions"}],"predecessor-version":[{"id":209528,"href":"https:\/\/gate21.ee\/et\/wp-json\/wp\/v2\/product\/102984\/revisions\/209528"}],"wp:featuredmedia":[{"embeddable":true,"href":"https:\/\/gate21.ee\/et\/wp-json\/wp\/v2\/media\/136735"}],"wp:attachment":[{"href":"https:\/\/gate21.ee\/et\/wp-json\/wp\/v2\/media?parent=102984"}],"wp:term":[{"taxonomy":"pwb-brand","embeddable":true,"href":"https:\/\/gate21.ee\/et\/wp-json\/wp\/v2\/pwb-brand?post=102984"},{"taxonomy":"product_brand","embeddable":true,"href":"https:\/\/gate21.ee\/et\/wp-json\/wp\/v2\/product_brand?post=102984"},{"taxonomy":"product_cat","embeddable":true,"href":"https:\/\/gate21.ee\/et\/wp-json\/wp\/v2\/product_cat?post=102984"},{"taxonomy":"product_tag","embeddable":true,"href":"https:\/\/gate21.ee\/et\/wp-json\/wp\/v2\/product_tag?post=102984"}],"curies":[{"name":"wp","href":"https:\/\/api.w.org\/{rel}","templated":true}]}}