{"id":10184,"date":"2020-12-17T10:32:07","date_gmt":"2020-12-17T08:32:07","guid":{"rendered":"https:\/\/www.gate21.ee\/?post_type=product&#038;p=10184"},"modified":"2025-03-27T13:28:50","modified_gmt":"2025-03-27T11:28:50","slug":"black-gold-leather","status":"publish","type":"product","link":"https:\/\/gate21.ee\/et\/shop\/black-gold-leather\/","title":{"rendered":"Kuldne raam \/ must sihverplaat \/ 40mm"},"content":{"rendered":"<p><span id=\"DJ9MMUQ\">MIS KELL ON?<\/span><\/p>\n<p>PICTO\u00a0<a href=\"https:\/\/gate21.ee\/et\/tootekategooria\/accessories\/watches-accessories\/\">kellad<\/a>\u00a0esitavad v\u00e4ljakutse klassikalisele kellale, millel on kaks seierit ja nummerdatud sihverplaat. Picto kellade erip\u00e4raks on p\u00f6\u00f6rlev sihverplaat koos tundi n\u00e4itava t\u00e4piga.<\/p>\n<p><img decoding=\"async\" class=\"alignnone size-medium wp-image-37012 lazyloaded\" src=\"https:\/\/i2.wp.com\/gate21.ee\/wp-content\/uploads\/2021\/05\/PICTO_frontpage_Tellingtime_795x680_1-1.png?resize=600%2C178&amp;ssl=1\" alt=\"\" width=\"390\" height=\"116\" data-srcset=\"https:\/\/i2.wp.com\/gate21.ee\/wp-content\/uploads\/2021\/05\/PICTO_frontpage_Tellingtime_795x680_1-1.png?resize=600%2C178&amp;ssl=1 600w, https:\/\/i2.wp.com\/gate21.ee\/wp-content\/uploads\/2021\/05\/PICTO_frontpage_Tellingtime_795x680_1-1.png?w=705&amp;ssl=1 705w\" data-src=\"https:\/\/i2.wp.com\/gate21.ee\/wp-content\/uploads\/2021\/05\/PICTO_frontpage_Tellingtime_795x680_1-1.png?resize=600%2C178&amp;ssl=1\" data-sizes=\"(max-width: 600px) 100vw, 600px\" srcset=\"https:\/\/gate21.ee\/wp-content\/uploads\/2021\/05\/PICTO_frontpage_Tellingtime_795x680_1-1.png 705w, https:\/\/gate21.ee\/wp-content\/uploads\/2021\/05\/PICTO_frontpage_Tellingtime_795x680_1-1-600x178.png 600w\" sizes=\"(max-width: 390px) 100vw, 390px\" \/><\/p>\n<p>TEAVE KELLA KOHTA<\/p>\n<table id=\"product-attribute-specs-table\" class=\"data-table\">\n<tbody>\n<tr class=\"odd\">\n<th class=\"label\">Suurus<\/th>\n<td class=\"data last\">40 mm<\/td>\n<\/tr>\n<tr class=\"even\">\n<th class=\"label\">Sihverplaadi v\u00e4rv<\/th>\n<td class=\"data last\">Notabag - must<\/td>\n<\/tr>\n<tr class=\"odd\">\n<th class=\"label\">Raam<\/th>\n<td class=\"data last\">Poleeritud kuld<\/td>\n<\/tr>\n<tr class=\"even\">\n<th class=\"label\">Rihma materjal<\/th>\n<td class=\"data last\">Nahast rihm<\/td>\n<\/tr>\n<tr class=\"odd\">\n<th class=\"label\">Rihma v\u00e4rv<\/th>\n<td class=\"data last\">Notabag - must<\/td>\n<\/tr>\n<tr class=\"even\">\n<th class=\"label\">Rihma laius<\/th>\n<td class=\"data last\">20 mm<\/td>\n<\/tr>\n<\/tbody>\n<\/table>\n<p><a href=\"https:\/\/gate21.ee\/et\/brand\/picto\/\">PICTO<\/a>\u00a0l\u00f5id kaks noort hipi Steen ja Erling 80ndatel. Ajal, mil k\u00f5ik olid h\u00f5ivatud teemadega \"aeg on raha\" ja \"iga minut loeb\", l\u00e4ksid kaks loojat vastupidises suunas. PICTO abil julgustatakse ise oma p\u00e4evakava paika panema. P\u00e4ev ei ole jagatud minutiteks ja sekunditeks, vaid kella n\u00e4hakse kui aja n\u00e4itajat.<\/p>\n<p>Alates esimeste mehaaniliste kellade valmistamisest 1200ndatel on need koosnenud numbritega sihverplaadist ja kahest osutist, kuid PICTO asutajad tahtsid teha midagi teistsugust ning tulid v\u00e4lja p\u00f6\u00f6rleva sihverplaadiga.<\/p>\n<p>Kui oled kord seda proovinud, ei saa enam tagasi minna.<\/p>","protected":false},"excerpt":{"rendered":"<p>WHAT TIME IS IT? PICTO\u00a0watches\u00a0challenge the idea of a classic watch having two watch hands and a numbered dial. Here, the hour is indicated by a dot on a rotating dial, while the minutes are indicated by a conventional hand. WATCH INFORMATION Size 40 mm Dial Colour Black Bezel Polished Gold Strap Material Leather strap [&hellip;]<\/p>\n","protected":false},"featured_media":10185,"comment_status":"closed","ping_status":"closed","template":"","meta":{"site-sidebar-layout":"default","site-content-layout":"default","ast-site-content-layout":"default","site-content-style":"default","site-sidebar-style":"default","ast-global-header-display":"","ast-banner-title-visibility":"","ast-main-header-display":"","ast-hfb-above-header-display":"","ast-hfb-below-header-display":"","ast-hfb-mobile-header-display":"","site-post-title":"","ast-breadcrumbs-content":"","ast-featured-img":"","footer-sml-layout":"","ast-disable-related-posts":"","theme-transparent-header-meta":"default","adv-header-id-meta":"","stick-header-meta":"default","header-above-stick-meta":"","header-main-stick-meta":"","header-below-stick-meta":"","astra-migrate-meta-layouts":"default","ast-page-background-enabled":"default","ast-page-background-meta":{"desktop":{"background-color":"","background-image":"","background-repeat":"repeat","background-position":"center center","background-size":"auto","background-attachment":"scroll","background-type":"","background-media":"","overlay-type":"","overlay-color":"","overlay-opacity":"","overlay-gradient":""},"tablet":{"background-color":"","background-image":"","background-repeat":"repeat","background-position":"center center","background-size":"auto","background-attachment":"scroll","background-type":"","background-media":"","overlay-type":"","overlay-color":"","overlay-opacity":"","overlay-gradient":""},"mobile":{"background-color":"","background-image":"","background-repeat":"repeat","background-position":"center center","background-size":"auto","background-attachment":"scroll","background-type":"","background-media":"","overlay-type":"","overlay-color":"","overlay-opacity":"","overlay-gradient":""}},"ast-content-background-meta":{"desktop":{"background-color":"var(--ast-global-color-5)","background-image":"","background-repeat":"repeat","background-position":"center center","background-size":"auto","background-attachment":"scroll","background-type":"","background-media":"","overlay-type":"","overlay-color":"","overlay-opacity":"","overlay-gradient":""},"tablet":{"background-color":"var(--ast-global-color-5)","background-image":"","background-repeat":"repeat","background-position":"center center","background-size":"auto","background-attachment":"scroll","background-type":"","background-media":"","overlay-type":"","overlay-color":"","overlay-opacity":"","overlay-gradient":""},"mobile":{"background-color":"var(--ast-global-color-5)","background-image":"","background-repeat":"repeat","background-position":"center center","background-size":"auto","background-attachment":"scroll","background-type":"","background-media":"","overlay-type":"","overlay-color":"","overlay-opacity":"","overlay-gradient":""}}},"pwb-brand":[165],"product_brand":[],"product_cat":[213,365],"product_tag":[334],"class_list":{"0":"post-10184","1":"product","2":"type-product","3":"status-publish","4":"has-post-thumbnail","6":"pwb-brand-picto","7":"product_cat-accessories","8":"product_cat-watches-accessories","9":"product_tag-watch","10":"desktop-align-center","11":"tablet-align-center","12":"mobile-align-center","13":"ast-product-gallery-layout-vertical","14":"ast-product-tabs-layout-horizontal","16":"first","17":"instock","18":"taxable","19":"shipping-taxable","20":"purchasable","21":"product-type-simple"},"yoast_head":"<!-- This site is optimized with the Yoast SEO plugin v27.4 - https:\/\/yoast.com\/product\/yoast-seo-wordpress\/ -->\n<title>Black \/ Gold \/ 40mm &#8226; Gate21<\/title>\n<meta name=\"description\" content=\"Steen Georg Christensen and Erling Andersen challenged the norm and developed the PICTO watch with rotating dial.\" \/>\n<meta name=\"robots\" content=\"index, follow, max-snippet:-1, max-image-preview:large, max-video-preview:-1\" \/>\n<link rel=\"canonical\" href=\"https:\/\/gate21.ee\/et\/shop\/black-gold-leather\/\" \/>\n<meta property=\"og:locale\" content=\"et_EE\" \/>\n<meta property=\"og:type\" content=\"article\" \/>\n<meta property=\"og:title\" content=\"Black \/ Gold \/ 40mm &#8226; Gate21\" \/>\n<meta property=\"og:description\" content=\"Steen Georg Christensen and Erling Andersen challenged the norm and developed the PICTO watch with rotating dial.\" \/>\n<meta property=\"og:url\" content=\"https:\/\/gate21.ee\/et\/shop\/black-gold-leather\/\" \/>\n<meta property=\"og:site_name\" content=\"Gate21\" \/>\n<meta property=\"article:publisher\" content=\"https:\/\/www.facebook.com\/gate21.ee\/\" \/>\n<meta property=\"article:modified_time\" content=\"2025-03-27T11:28:50+00:00\" \/>\n<meta property=\"og:image\" content=\"https:\/\/gate21.ee\/wp-content\/uploads\/2020\/12\/picto_43387-4120g_ring_face.png\" \/>\n\t<meta property=\"og:image:width\" content=\"800\" \/>\n\t<meta property=\"og:image:height\" content=\"1200\" \/>\n\t<meta property=\"og:image:type\" content=\"image\/png\" \/>\n<meta name=\"twitter:card\" content=\"summary_large_image\" \/>\n<meta name=\"twitter:label1\" content=\"Est. reading time\" \/>\n\t<meta name=\"twitter:data1\" content=\"1 minut\" \/>\n<script type=\"application\/ld+json\" class=\"yoast-schema-graph\">{\"@context\":\"https:\\\/\\\/schema.org\",\"@graph\":[{\"@type\":\"WebPage\",\"@id\":\"https:\\\/\\\/gate21.ee\\\/shop\\\/black-gold-leather\\\/\",\"url\":\"https:\\\/\\\/gate21.ee\\\/shop\\\/black-gold-leather\\\/\",\"name\":\"Black \\\/ Gold \\\/ 40mm &#8226; Gate21\",\"isPartOf\":{\"@id\":\"https:\\\/\\\/gate21.ee\\\/#website\"},\"primaryImageOfPage\":{\"@id\":\"https:\\\/\\\/gate21.ee\\\/shop\\\/black-gold-leather\\\/#primaryimage\"},\"image\":{\"@id\":\"https:\\\/\\\/gate21.ee\\\/shop\\\/black-gold-leather\\\/#primaryimage\"},\"thumbnailUrl\":\"https:\\\/\\\/gate21.ee\\\/wp-content\\\/uploads\\\/2020\\\/12\\\/picto_43387-4120g_ring_face.png\",\"datePublished\":\"2020-12-17T08:32:07+00:00\",\"dateModified\":\"2025-03-27T11:28:50+00:00\",\"description\":\"Steen Georg Christensen and Erling Andersen challenged the norm and developed the PICTO watch with rotating dial.\",\"breadcrumb\":{\"@id\":\"https:\\\/\\\/gate21.ee\\\/shop\\\/black-gold-leather\\\/#breadcrumb\"},\"inLanguage\":\"et\",\"potentialAction\":[{\"@type\":\"ReadAction\",\"target\":[\"https:\\\/\\\/gate21.ee\\\/shop\\\/black-gold-leather\\\/\"]}]},{\"@type\":\"ImageObject\",\"inLanguage\":\"et\",\"@id\":\"https:\\\/\\\/gate21.ee\\\/shop\\\/black-gold-leather\\\/#primaryimage\",\"url\":\"https:\\\/\\\/gate21.ee\\\/wp-content\\\/uploads\\\/2020\\\/12\\\/picto_43387-4120g_ring_face.png\",\"contentUrl\":\"https:\\\/\\\/gate21.ee\\\/wp-content\\\/uploads\\\/2020\\\/12\\\/picto_43387-4120g_ring_face.png\",\"width\":800,\"height\":1200,\"caption\":\"The Black \\\/ Gold \\\/ 40mm is a minimalist wristwatch with a black leather strap, gold case, and black dial. Its single gold hand and gold dot at 12 o\u2019clock offer understated elegance\u2014perfect for unique gifting ideas. Gate21.ee\"},{\"@type\":\"BreadcrumbList\",\"@id\":\"https:\\\/\\\/gate21.ee\\\/shop\\\/black-gold-leather\\\/#breadcrumb\",\"itemListElement\":[{\"@type\":\"ListItem\",\"position\":1,\"name\":\"Home\",\"item\":\"https:\\\/\\\/gate21.ee\\\/\"},{\"@type\":\"ListItem\",\"position\":2,\"name\":\"Black \\\/ Gold \\\/ 40mm\"}]},{\"@type\":\"WebSite\",\"@id\":\"https:\\\/\\\/gate21.ee\\\/#website\",\"url\":\"https:\\\/\\\/gate21.ee\\\/\",\"name\":\"Gate21\",\"description\":\"Gift concept store Gate21\",\"publisher\":{\"@id\":\"https:\\\/\\\/gate21.ee\\\/#organization\"},\"alternateName\":\"gate21\",\"potentialAction\":[{\"@type\":\"SearchAction\",\"target\":{\"@type\":\"EntryPoint\",\"urlTemplate\":\"https:\\\/\\\/gate21.ee\\\/?s={search_term_string}\"},\"query-input\":{\"@type\":\"PropertyValueSpecification\",\"valueRequired\":true,\"valueName\":\"search_term_string\"}}],\"inLanguage\":\"et\"},{\"@type\":\"Organization\",\"@id\":\"https:\\\/\\\/gate21.ee\\\/#organization\",\"name\":\"Gate21\",\"alternateName\":\"Gate21, Oma Asi and Oma Asi Design Store\",\"url\":\"https:\\\/\\\/gate21.ee\\\/\",\"logo\":{\"@type\":\"ImageObject\",\"inLanguage\":\"et\",\"@id\":\"https:\\\/\\\/gate21.ee\\\/#\\\/schema\\\/logo\\\/image\\\/\",\"url\":\"https:\\\/\\\/gate21.ee\\\/wp-content\\\/uploads\\\/2021\\\/11\\\/Gate_21_Logo_2_Valge.png\",\"contentUrl\":\"https:\\\/\\\/gate21.ee\\\/wp-content\\\/uploads\\\/2021\\\/11\\\/Gate_21_Logo_2_Valge.png\",\"width\":2560,\"height\":2560,\"caption\":\"Gate21\"},\"image\":{\"@id\":\"https:\\\/\\\/gate21.ee\\\/#\\\/schema\\\/logo\\\/image\\\/\"},\"sameAs\":[\"https:\\\/\\\/www.facebook.com\\\/gate21.ee\\\/\",\"https:\\\/\\\/www.instagram.com\\\/gate21.ee\\\/\",\"https:\\\/\\\/www.instagram.com\\\/omaasidesign\\\/\",\"https:\\\/\\\/www.instagram.com\\\/omaasi\\\/\",\"https:\\\/\\\/www.facebook.com\\\/omaasidesign\\\/\",\"https:\\\/\\\/www.facebook.com\\\/omaasilittleredhouse\\\/\",\"https:\\\/\\\/www.tiktok.com\\\/@gate21.ee\"]}]}<\/script>\n<!-- \/ Yoast SEO plugin. -->","yoast_head_json":{"title":"Black \/ Gold \/ 40mm &#8226; Gate21","description":"Steen Georg Christensen and Erling Andersen challenged the norm and developed the PICTO watch with rotating dial.","robots":{"index":"index","follow":"follow","max-snippet":"max-snippet:-1","max-image-preview":"max-image-preview:large","max-video-preview":"max-video-preview:-1"},"canonical":"https:\/\/gate21.ee\/et\/shop\/black-gold-leather\/","og_locale":"et_EE","og_type":"article","og_title":"Black \/ Gold \/ 40mm &#8226; Gate21","og_description":"Steen Georg Christensen and Erling Andersen challenged the norm and developed the PICTO watch with rotating dial.","og_url":"https:\/\/gate21.ee\/et\/shop\/black-gold-leather\/","og_site_name":"Gate21","article_publisher":"https:\/\/www.facebook.com\/gate21.ee\/","article_modified_time":"2025-03-27T11:28:50+00:00","og_image":[{"width":800,"height":1200,"url":"https:\/\/gate21.ee\/wp-content\/uploads\/2020\/12\/picto_43387-4120g_ring_face.png","type":"image\/png"}],"twitter_card":"summary_large_image","twitter_misc":{"Est. reading time":"1 minut"},"schema":{"@context":"https:\/\/schema.org","@graph":[{"@type":"WebPage","@id":"https:\/\/gate21.ee\/shop\/black-gold-leather\/","url":"https:\/\/gate21.ee\/shop\/black-gold-leather\/","name":"Black \/ Gold \/ 40mm &#8226; Gate21","isPartOf":{"@id":"https:\/\/gate21.ee\/#website"},"primaryImageOfPage":{"@id":"https:\/\/gate21.ee\/shop\/black-gold-leather\/#primaryimage"},"image":{"@id":"https:\/\/gate21.ee\/shop\/black-gold-leather\/#primaryimage"},"thumbnailUrl":"https:\/\/gate21.ee\/wp-content\/uploads\/2020\/12\/picto_43387-4120g_ring_face.png","datePublished":"2020-12-17T08:32:07+00:00","dateModified":"2025-03-27T11:28:50+00:00","description":"Steen Georg Christensen and Erling Andersen challenged the norm and developed the PICTO watch with rotating dial.","breadcrumb":{"@id":"https:\/\/gate21.ee\/shop\/black-gold-leather\/#breadcrumb"},"inLanguage":"et","potentialAction":[{"@type":"ReadAction","target":["https:\/\/gate21.ee\/shop\/black-gold-leather\/"]}]},{"@type":"ImageObject","inLanguage":"et","@id":"https:\/\/gate21.ee\/shop\/black-gold-leather\/#primaryimage","url":"https:\/\/gate21.ee\/wp-content\/uploads\/2020\/12\/picto_43387-4120g_ring_face.png","contentUrl":"https:\/\/gate21.ee\/wp-content\/uploads\/2020\/12\/picto_43387-4120g_ring_face.png","width":800,"height":1200,"caption":"The Black \/ Gold \/ 40mm is a minimalist wristwatch with a black leather strap, gold case, and black dial. Its single gold hand and gold dot at 12 o\u2019clock offer understated elegance\u2014perfect for unique gifting ideas. Gate21.ee"},{"@type":"BreadcrumbList","@id":"https:\/\/gate21.ee\/shop\/black-gold-leather\/#breadcrumb","itemListElement":[{"@type":"ListItem","position":1,"name":"Home","item":"https:\/\/gate21.ee\/"},{"@type":"ListItem","position":2,"name":"Black \/ Gold \/ 40mm"}]},{"@type":"WebSite","@id":"https:\/\/gate21.ee\/#website","url":"https:\/\/gate21.ee\/","name":"Gate21","description":"Kingituskontseptsioonipood Gate21","publisher":{"@id":"https:\/\/gate21.ee\/#organization"},"alternateName":"gate21","potentialAction":[{"@type":"SearchAction","target":{"@type":"EntryPoint","urlTemplate":"https:\/\/gate21.ee\/?s={search_term_string}"},"query-input":{"@type":"PropertyValueSpecification","valueRequired":true,"valueName":"search_term_string"}}],"inLanguage":"et"},{"@type":"Organization","@id":"https:\/\/gate21.ee\/#organization","name":"Gate21","alternateName":"Gate21, Oma Asi and Oma Asi Design Store","url":"https:\/\/gate21.ee\/","logo":{"@type":"ImageObject","inLanguage":"et","@id":"https:\/\/gate21.ee\/#\/schema\/logo\/image\/","url":"https:\/\/gate21.ee\/wp-content\/uploads\/2021\/11\/Gate_21_Logo_2_Valge.png","contentUrl":"https:\/\/gate21.ee\/wp-content\/uploads\/2021\/11\/Gate_21_Logo_2_Valge.png","width":2560,"height":2560,"caption":"Gate21"},"image":{"@id":"https:\/\/gate21.ee\/#\/schema\/logo\/image\/"},"sameAs":["https:\/\/www.facebook.com\/gate21.ee\/","https:\/\/www.instagram.com\/gate21.ee\/","https:\/\/www.instagram.com\/omaasidesign\/","https:\/\/www.instagram.com\/omaasi\/","https:\/\/www.facebook.com\/omaasidesign\/","https:\/\/www.facebook.com\/omaasilittleredhouse\/","https:\/\/www.tiktok.com\/@gate21.ee"]}]}},"jetpack_sharing_enabled":true,"brands":[{"id":165,"name":"Picto","slug":"picto"}],"_links":{"self":[{"href":"https:\/\/gate21.ee\/et\/wp-json\/wp\/v2\/product\/10184","targetHints":{"allow":["GET"]}}],"collection":[{"href":"https:\/\/gate21.ee\/et\/wp-json\/wp\/v2\/product"}],"about":[{"href":"https:\/\/gate21.ee\/et\/wp-json\/wp\/v2\/types\/product"}],"replies":[{"embeddable":true,"href":"https:\/\/gate21.ee\/et\/wp-json\/wp\/v2\/comments?post=10184"}],"version-history":[{"count":0,"href":"https:\/\/gate21.ee\/et\/wp-json\/wp\/v2\/product\/10184\/revisions"}],"wp:featuredmedia":[{"embeddable":true,"href":"https:\/\/gate21.ee\/et\/wp-json\/wp\/v2\/media\/10185"}],"wp:attachment":[{"href":"https:\/\/gate21.ee\/et\/wp-json\/wp\/v2\/media?parent=10184"}],"wp:term":[{"taxonomy":"pwb-brand","embeddable":true,"href":"https:\/\/gate21.ee\/et\/wp-json\/wp\/v2\/pwb-brand?post=10184"},{"taxonomy":"product_brand","embeddable":true,"href":"https:\/\/gate21.ee\/et\/wp-json\/wp\/v2\/product_brand?post=10184"},{"taxonomy":"product_cat","embeddable":true,"href":"https:\/\/gate21.ee\/et\/wp-json\/wp\/v2\/product_cat?post=10184"},{"taxonomy":"product_tag","embeddable":true,"href":"https:\/\/gate21.ee\/et\/wp-json\/wp\/v2\/product_tag?post=10184"}],"curies":[{"name":"wp","href":"https:\/\/api.w.org\/{rel}","templated":true}]}}