{"id":10171,"date":"2020-12-17T10:16:19","date_gmt":"2020-12-17T08:16:19","guid":{"rendered":"https:\/\/www.gate21.ee\/?post_type=product&#038;p=10171"},"modified":"2023-05-25T16:49:28","modified_gmt":"2023-05-25T13:49:28","slug":"navy-blue-polished-steel","status":"publish","type":"product","link":"https:\/\/gate21.ee\/et\/shop\/navy-blue-polished-steel\/","title":{"rendered":"H\u00f5be raam \/ meresinine sihverplaat \/ 40 mm"},"content":{"rendered":"<p>Alates esimeste mehaaniliste kellade valmistamisest 1200ndatel on need koosnenud numbrilauast ja kahest osutist. Steen Georg Christensen ja Erling Andersen aga tahtsid luua uue variandi ning t\u00f6\u00f6tasid v\u00e4lja p\u00f6\u00f6rleva sihverplaadiga PICTO kella.<\/p>\n<table id=\"product-attribute-specs-table\" class=\"data-table\">\n<tbody>\n<tr class=\"odd\">\n<th class=\"label\">Suurus<\/th>\n<td class=\"data last\">40 mm<\/td>\n<\/tr>\n<tr class=\"even\">\n<th class=\"label\">Sihverplaadi v\u00e4rv<\/th>\n<td class=\"data last\">Meresinine<\/td>\n<\/tr>\n<tr class=\"odd\">\n<th class=\"label\">Raam<\/th>\n<td class=\"data last\">H\u00f5bedane poleeritud teras<\/td>\n<\/tr>\n<tr class=\"even\">\n<th class=\"label\">Rihma materjal<\/th>\n<td class=\"data last\">Silikoonist rihm<\/td>\n<\/tr>\n<tr class=\"odd\">\n<th class=\"label\">Rihma v\u00e4rv<\/th>\n<td class=\"data last\">Meresinine<\/td>\n<\/tr>\n<tr class=\"even\">\n<th class=\"label\">Rihma laius<\/th>\n<td class=\"data last\">20 mm<\/td>\n<\/tr>\n<\/tbody>\n<\/table>\n<p>&nbsp;<\/p>\n<p>&nbsp;<\/p>\n<p>&nbsp;<\/p>\n<p>&nbsp;<\/p>","protected":false},"excerpt":{"rendered":"<p>Ever since the first mechanical clocks were made in the 1200s, they have consisted of a face and two hands, Steen Georg Christensen and Erling Andersen challenged the norm and developed the PICTO watch with rotating dial. Size 40 mm Dial Color Navy Blue Bezel Polished steel Strap Material Silicone strap Strap Color Navy blue [&hellip;]<\/p>\n","protected":false},"featured_media":10173,"comment_status":"closed","ping_status":"closed","template":"","meta":{"site-sidebar-layout":"default","site-content-layout":"default","ast-site-content-layout":"default","site-content-style":"default","site-sidebar-style":"default","ast-global-header-display":"","ast-banner-title-visibility":"","ast-main-header-display":"","ast-hfb-above-header-display":"","ast-hfb-below-header-display":"","ast-hfb-mobile-header-display":"","site-post-title":"","ast-breadcrumbs-content":"","ast-featured-img":"","footer-sml-layout":"","ast-disable-related-posts":"","theme-transparent-header-meta":"default","adv-header-id-meta":"","stick-header-meta":"default","header-above-stick-meta":"","header-main-stick-meta":"","header-below-stick-meta":"","astra-migrate-meta-layouts":"default","ast-page-background-enabled":"default","ast-page-background-meta":{"desktop":{"background-color":"","background-image":"","background-repeat":"repeat","background-position":"center center","background-size":"auto","background-attachment":"scroll","background-type":"","background-media":"","overlay-type":"","overlay-color":"","overlay-opacity":"","overlay-gradient":""},"tablet":{"background-color":"","background-image":"","background-repeat":"repeat","background-position":"center center","background-size":"auto","background-attachment":"scroll","background-type":"","background-media":"","overlay-type":"","overlay-color":"","overlay-opacity":"","overlay-gradient":""},"mobile":{"background-color":"","background-image":"","background-repeat":"repeat","background-position":"center center","background-size":"auto","background-attachment":"scroll","background-type":"","background-media":"","overlay-type":"","overlay-color":"","overlay-opacity":"","overlay-gradient":""}},"ast-content-background-meta":{"desktop":{"background-color":"var(--ast-global-color-5)","background-image":"","background-repeat":"repeat","background-position":"center center","background-size":"auto","background-attachment":"scroll","background-type":"","background-media":"","overlay-type":"","overlay-color":"","overlay-opacity":"","overlay-gradient":""},"tablet":{"background-color":"var(--ast-global-color-5)","background-image":"","background-repeat":"repeat","background-position":"center center","background-size":"auto","background-attachment":"scroll","background-type":"","background-media":"","overlay-type":"","overlay-color":"","overlay-opacity":"","overlay-gradient":""},"mobile":{"background-color":"var(--ast-global-color-5)","background-image":"","background-repeat":"repeat","background-position":"center center","background-size":"auto","background-attachment":"scroll","background-type":"","background-media":"","overlay-type":"","overlay-color":"","overlay-opacity":"","overlay-gradient":""}}},"pwb-brand":[165],"product_brand":[],"product_cat":[213,365],"product_tag":[334],"class_list":{"0":"post-10171","1":"product","2":"type-product","3":"status-publish","4":"has-post-thumbnail","6":"pwb-brand-picto","7":"product_cat-accessories","8":"product_cat-watches-accessories","9":"product_tag-watch","10":"desktop-align-center","11":"tablet-align-center","12":"mobile-align-center","13":"ast-product-gallery-layout-vertical","14":"ast-product-tabs-layout-horizontal","16":"first","17":"instock","18":"taxable","19":"shipping-taxable","20":"purchasable","21":"product-type-simple"},"yoast_head":"<!-- This site is optimized with the Yoast SEO plugin v27.4 - https:\/\/yoast.com\/product\/yoast-seo-wordpress\/ -->\n<title>Navy Blue \/ Silver \/ 40mm &#8226; Gate21<\/title>\n<meta name=\"description\" content=\"Steen Georg Christensen and Erling Andersen challenged the norm and developed the PICTO watch with rotating dial.\" \/>\n<meta name=\"robots\" content=\"index, follow, max-snippet:-1, max-image-preview:large, max-video-preview:-1\" \/>\n<link rel=\"canonical\" href=\"https:\/\/gate21.ee\/et\/shop\/navy-blue-polished-steel\/\" \/>\n<meta property=\"og:locale\" content=\"et_EE\" \/>\n<meta property=\"og:type\" content=\"article\" \/>\n<meta property=\"og:title\" content=\"Navy Blue \/ Silver \/ 40mm &#8226; Gate21\" \/>\n<meta property=\"og:description\" content=\"Steen Georg Christensen and Erling Andersen challenged the norm and developed the PICTO watch with rotating dial.\" \/>\n<meta property=\"og:url\" content=\"https:\/\/gate21.ee\/et\/shop\/navy-blue-polished-steel\/\" \/>\n<meta property=\"og:site_name\" content=\"Gate21\" \/>\n<meta property=\"article:publisher\" content=\"https:\/\/www.facebook.com\/gate21.ee\/\" \/>\n<meta property=\"article:modified_time\" content=\"2023-05-25T13:49:28+00:00\" \/>\n<meta property=\"og:image\" content=\"https:\/\/gate21.ee\/wp-content\/uploads\/2020\/12\/picto_43393-0520s_ring_face_web.png\" \/>\n\t<meta property=\"og:image:width\" content=\"800\" \/>\n\t<meta property=\"og:image:height\" content=\"1200\" \/>\n\t<meta property=\"og:image:type\" content=\"image\/png\" \/>\n<meta name=\"twitter:card\" content=\"summary_large_image\" \/>\n<script type=\"application\/ld+json\" class=\"yoast-schema-graph\">{\"@context\":\"https:\\\/\\\/schema.org\",\"@graph\":[{\"@type\":\"WebPage\",\"@id\":\"https:\\\/\\\/gate21.ee\\\/shop\\\/navy-blue-polished-steel\\\/\",\"url\":\"https:\\\/\\\/gate21.ee\\\/shop\\\/navy-blue-polished-steel\\\/\",\"name\":\"Navy Blue \\\/ Silver \\\/ 40mm &#8226; Gate21\",\"isPartOf\":{\"@id\":\"https:\\\/\\\/gate21.ee\\\/#website\"},\"primaryImageOfPage\":{\"@id\":\"https:\\\/\\\/gate21.ee\\\/shop\\\/navy-blue-polished-steel\\\/#primaryimage\"},\"image\":{\"@id\":\"https:\\\/\\\/gate21.ee\\\/shop\\\/navy-blue-polished-steel\\\/#primaryimage\"},\"thumbnailUrl\":\"https:\\\/\\\/gate21.ee\\\/wp-content\\\/uploads\\\/2020\\\/12\\\/picto_43393-0520s_ring_face_web.png\",\"datePublished\":\"2020-12-17T08:16:19+00:00\",\"dateModified\":\"2023-05-25T13:49:28+00:00\",\"description\":\"Steen Georg Christensen and Erling Andersen challenged the norm and developed the PICTO watch with rotating dial.\",\"breadcrumb\":{\"@id\":\"https:\\\/\\\/gate21.ee\\\/shop\\\/navy-blue-polished-steel\\\/#breadcrumb\"},\"inLanguage\":\"et\",\"potentialAction\":[{\"@type\":\"ReadAction\",\"target\":[\"https:\\\/\\\/gate21.ee\\\/shop\\\/navy-blue-polished-steel\\\/\"]}]},{\"@type\":\"ImageObject\",\"inLanguage\":\"et\",\"@id\":\"https:\\\/\\\/gate21.ee\\\/shop\\\/navy-blue-polished-steel\\\/#primaryimage\",\"url\":\"https:\\\/\\\/gate21.ee\\\/wp-content\\\/uploads\\\/2020\\\/12\\\/picto_43393-0520s_ring_face_web.png\",\"contentUrl\":\"https:\\\/\\\/gate21.ee\\\/wp-content\\\/uploads\\\/2020\\\/12\\\/picto_43393-0520s_ring_face_web.png\",\"width\":800,\"height\":1200,\"caption\":\"The Navy Blue \\\/ Silver \\\/ 40mm is a minimalist wristwatch featuring a round silver case, deep blue face with a single dot hour marker, and matching strap\u2014an elegant accessory found in Tallinn\u2019s curated shops or speciality gift stores. Gate21.ee\"},{\"@type\":\"BreadcrumbList\",\"@id\":\"https:\\\/\\\/gate21.ee\\\/shop\\\/navy-blue-polished-steel\\\/#breadcrumb\",\"itemListElement\":[{\"@type\":\"ListItem\",\"position\":1,\"name\":\"Home\",\"item\":\"https:\\\/\\\/gate21.ee\\\/\"},{\"@type\":\"ListItem\",\"position\":2,\"name\":\"Navy Blue \\\/ Silver \\\/ 40mm\"}]},{\"@type\":\"WebSite\",\"@id\":\"https:\\\/\\\/gate21.ee\\\/#website\",\"url\":\"https:\\\/\\\/gate21.ee\\\/\",\"name\":\"Gate21\",\"description\":\"Gift concept store Gate21\",\"publisher\":{\"@id\":\"https:\\\/\\\/gate21.ee\\\/#organization\"},\"alternateName\":\"gate21\",\"potentialAction\":[{\"@type\":\"SearchAction\",\"target\":{\"@type\":\"EntryPoint\",\"urlTemplate\":\"https:\\\/\\\/gate21.ee\\\/?s={search_term_string}\"},\"query-input\":{\"@type\":\"PropertyValueSpecification\",\"valueRequired\":true,\"valueName\":\"search_term_string\"}}],\"inLanguage\":\"et\"},{\"@type\":\"Organization\",\"@id\":\"https:\\\/\\\/gate21.ee\\\/#organization\",\"name\":\"Gate21\",\"alternateName\":\"Gate21, Oma Asi and Oma Asi Design Store\",\"url\":\"https:\\\/\\\/gate21.ee\\\/\",\"logo\":{\"@type\":\"ImageObject\",\"inLanguage\":\"et\",\"@id\":\"https:\\\/\\\/gate21.ee\\\/#\\\/schema\\\/logo\\\/image\\\/\",\"url\":\"https:\\\/\\\/gate21.ee\\\/wp-content\\\/uploads\\\/2021\\\/11\\\/Gate_21_Logo_2_Valge.png\",\"contentUrl\":\"https:\\\/\\\/gate21.ee\\\/wp-content\\\/uploads\\\/2021\\\/11\\\/Gate_21_Logo_2_Valge.png\",\"width\":2560,\"height\":2560,\"caption\":\"Gate21\"},\"image\":{\"@id\":\"https:\\\/\\\/gate21.ee\\\/#\\\/schema\\\/logo\\\/image\\\/\"},\"sameAs\":[\"https:\\\/\\\/www.facebook.com\\\/gate21.ee\\\/\",\"https:\\\/\\\/www.instagram.com\\\/gate21.ee\\\/\",\"https:\\\/\\\/www.instagram.com\\\/omaasidesign\\\/\",\"https:\\\/\\\/www.instagram.com\\\/omaasi\\\/\",\"https:\\\/\\\/www.facebook.com\\\/omaasidesign\\\/\",\"https:\\\/\\\/www.facebook.com\\\/omaasilittleredhouse\\\/\",\"https:\\\/\\\/www.tiktok.com\\\/@gate21.ee\"]}]}<\/script>\n<!-- \/ Yoast SEO plugin. -->","yoast_head_json":{"title":"Navy Blue \/ Silver \/ 40mm &#8226; Gate21","description":"Steen Georg Christensen and Erling Andersen challenged the norm and developed the PICTO watch with rotating dial.","robots":{"index":"index","follow":"follow","max-snippet":"max-snippet:-1","max-image-preview":"max-image-preview:large","max-video-preview":"max-video-preview:-1"},"canonical":"https:\/\/gate21.ee\/et\/shop\/navy-blue-polished-steel\/","og_locale":"et_EE","og_type":"article","og_title":"Navy Blue \/ Silver \/ 40mm &#8226; Gate21","og_description":"Steen Georg Christensen and Erling Andersen challenged the norm and developed the PICTO watch with rotating dial.","og_url":"https:\/\/gate21.ee\/et\/shop\/navy-blue-polished-steel\/","og_site_name":"Gate21","article_publisher":"https:\/\/www.facebook.com\/gate21.ee\/","article_modified_time":"2023-05-25T13:49:28+00:00","og_image":[{"width":800,"height":1200,"url":"https:\/\/gate21.ee\/wp-content\/uploads\/2020\/12\/picto_43393-0520s_ring_face_web.png","type":"image\/png"}],"twitter_card":"summary_large_image","schema":{"@context":"https:\/\/schema.org","@graph":[{"@type":"WebPage","@id":"https:\/\/gate21.ee\/shop\/navy-blue-polished-steel\/","url":"https:\/\/gate21.ee\/shop\/navy-blue-polished-steel\/","name":"Navy Blue \/ Silver \/ 40mm &#8226; Gate21","isPartOf":{"@id":"https:\/\/gate21.ee\/#website"},"primaryImageOfPage":{"@id":"https:\/\/gate21.ee\/shop\/navy-blue-polished-steel\/#primaryimage"},"image":{"@id":"https:\/\/gate21.ee\/shop\/navy-blue-polished-steel\/#primaryimage"},"thumbnailUrl":"https:\/\/gate21.ee\/wp-content\/uploads\/2020\/12\/picto_43393-0520s_ring_face_web.png","datePublished":"2020-12-17T08:16:19+00:00","dateModified":"2023-05-25T13:49:28+00:00","description":"Steen Georg Christensen and Erling Andersen challenged the norm and developed the PICTO watch with rotating dial.","breadcrumb":{"@id":"https:\/\/gate21.ee\/shop\/navy-blue-polished-steel\/#breadcrumb"},"inLanguage":"et","potentialAction":[{"@type":"ReadAction","target":["https:\/\/gate21.ee\/shop\/navy-blue-polished-steel\/"]}]},{"@type":"ImageObject","inLanguage":"et","@id":"https:\/\/gate21.ee\/shop\/navy-blue-polished-steel\/#primaryimage","url":"https:\/\/gate21.ee\/wp-content\/uploads\/2020\/12\/picto_43393-0520s_ring_face_web.png","contentUrl":"https:\/\/gate21.ee\/wp-content\/uploads\/2020\/12\/picto_43393-0520s_ring_face_web.png","width":800,"height":1200,"caption":"The Navy Blue \/ Silver \/ 40mm is a minimalist wristwatch featuring a round silver case, deep blue face with a single dot hour marker, and matching strap\u2014an elegant accessory found in Tallinn\u2019s curated shops or speciality gift stores. Gate21.ee"},{"@type":"BreadcrumbList","@id":"https:\/\/gate21.ee\/shop\/navy-blue-polished-steel\/#breadcrumb","itemListElement":[{"@type":"ListItem","position":1,"name":"Home","item":"https:\/\/gate21.ee\/"},{"@type":"ListItem","position":2,"name":"Navy Blue \/ Silver \/ 40mm"}]},{"@type":"WebSite","@id":"https:\/\/gate21.ee\/#website","url":"https:\/\/gate21.ee\/","name":"Gate21","description":"Kingituskontseptsioonipood Gate21","publisher":{"@id":"https:\/\/gate21.ee\/#organization"},"alternateName":"gate21","potentialAction":[{"@type":"SearchAction","target":{"@type":"EntryPoint","urlTemplate":"https:\/\/gate21.ee\/?s={search_term_string}"},"query-input":{"@type":"PropertyValueSpecification","valueRequired":true,"valueName":"search_term_string"}}],"inLanguage":"et"},{"@type":"Organization","@id":"https:\/\/gate21.ee\/#organization","name":"Gate21","alternateName":"Gate21, Oma Asi and Oma Asi Design Store","url":"https:\/\/gate21.ee\/","logo":{"@type":"ImageObject","inLanguage":"et","@id":"https:\/\/gate21.ee\/#\/schema\/logo\/image\/","url":"https:\/\/gate21.ee\/wp-content\/uploads\/2021\/11\/Gate_21_Logo_2_Valge.png","contentUrl":"https:\/\/gate21.ee\/wp-content\/uploads\/2021\/11\/Gate_21_Logo_2_Valge.png","width":2560,"height":2560,"caption":"Gate21"},"image":{"@id":"https:\/\/gate21.ee\/#\/schema\/logo\/image\/"},"sameAs":["https:\/\/www.facebook.com\/gate21.ee\/","https:\/\/www.instagram.com\/gate21.ee\/","https:\/\/www.instagram.com\/omaasidesign\/","https:\/\/www.instagram.com\/omaasi\/","https:\/\/www.facebook.com\/omaasidesign\/","https:\/\/www.facebook.com\/omaasilittleredhouse\/","https:\/\/www.tiktok.com\/@gate21.ee"]}]}},"jetpack_sharing_enabled":true,"brands":[{"id":165,"name":"Picto","slug":"picto"}],"_links":{"self":[{"href":"https:\/\/gate21.ee\/et\/wp-json\/wp\/v2\/product\/10171","targetHints":{"allow":["GET"]}}],"collection":[{"href":"https:\/\/gate21.ee\/et\/wp-json\/wp\/v2\/product"}],"about":[{"href":"https:\/\/gate21.ee\/et\/wp-json\/wp\/v2\/types\/product"}],"replies":[{"embeddable":true,"href":"https:\/\/gate21.ee\/et\/wp-json\/wp\/v2\/comments?post=10171"}],"version-history":[{"count":0,"href":"https:\/\/gate21.ee\/et\/wp-json\/wp\/v2\/product\/10171\/revisions"}],"wp:featuredmedia":[{"embeddable":true,"href":"https:\/\/gate21.ee\/et\/wp-json\/wp\/v2\/media\/10173"}],"wp:attachment":[{"href":"https:\/\/gate21.ee\/et\/wp-json\/wp\/v2\/media?parent=10171"}],"wp:term":[{"taxonomy":"pwb-brand","embeddable":true,"href":"https:\/\/gate21.ee\/et\/wp-json\/wp\/v2\/pwb-brand?post=10171"},{"taxonomy":"product_brand","embeddable":true,"href":"https:\/\/gate21.ee\/et\/wp-json\/wp\/v2\/product_brand?post=10171"},{"taxonomy":"product_cat","embeddable":true,"href":"https:\/\/gate21.ee\/et\/wp-json\/wp\/v2\/product_cat?post=10171"},{"taxonomy":"product_tag","embeddable":true,"href":"https:\/\/gate21.ee\/et\/wp-json\/wp\/v2\/product_tag?post=10171"}],"curies":[{"name":"wp","href":"https:\/\/api.w.org\/{rel}","templated":true}]}}