{"id":10063,"date":"2020-12-14T17:58:00","date_gmt":"2020-12-14T15:58:00","guid":{"rendered":"https:\/\/gate21.ee\/?post_type=product&#038;p=10063"},"modified":"2026-04-25T18:23:24","modified_gmt":"2026-04-25T15:23:24","slug":"kids-koala","status":"publish","type":"product","link":"https:\/\/gate21.ee\/et\/shop\/kids-koala\/","title":{"rendered":"Laste roosa pusa koaalaga"},"content":{"rendered":"<p><a href=\"https:\/\/gate21.ee\/et\/tootekategooria\/kids\/kids-clothing\/\">Laste pusad<\/a> on valmistatud kvaliteetsest pehmest puuvillast, iga disain on \u00f5mmeldud ja valmistatud Eesti disainibr\u00e4ndi HILP poolt Tartus.<\/p>\n<p>Koostis: 92% puuvill ja 8% spandex, masinpestav ja nahas\u00f5bralik.<\/p>\n<p><img fetchpriority=\"high\" decoding=\"async\" class=\"alignnone size-full wp-image-38119 lazyloaded\" src=\"https:\/\/i0.wp.com\/gate21.ee\/wp-content\/uploads\/2021\/07\/Suurused.png?resize=534%2C68&amp;ssl=1\" alt=\"\" width=\"390\" height=\"390\" data-src=\"https:\/\/i0.wp.com\/gate21.ee\/wp-content\/uploads\/2021\/07\/Suurused.png?resize=534%2C68&amp;ssl=1\" \/><\/p>\n<p><a href=\"https:\/\/gate21.ee\/et\/brand\/hilp\/\">HILP<\/a> on 2015. aastal alguse saanud v\u00e4ike perefirma Tartus.<\/p>\n<p>HILP eesm\u00e4rk on pakkuda inimestele r\u00f5ivaid, mis erinevad masstoodangu riietest, on isikup\u00e4rased ja milles on peidus v\u00e4ike huumor.<\/p>\n<p>HILP-ile on oluline teha oma tooteid keskkonnas\u00f5bralikul viisil ilma kemikaalideta.<\/p>\n<p><img decoding=\"async\" class=\"alignnone size-medium wp-image-38105 ls-is-cached lazyloaded\" src=\"https:\/\/i1.wp.com\/gate21.ee\/wp-content\/uploads\/2021\/07\/lastepusad1.jpg?resize=600%2C277&amp;ssl=1\" alt=\"\" width=\"390\" height=\"390\" data-srcset=\"https:\/\/i1.wp.com\/gate21.ee\/wp-content\/uploads\/2021\/07\/lastepusad1.jpg?resize=600%2C277&amp;ssl=1 600w, https:\/\/i1.wp.com\/gate21.ee\/wp-content\/uploads\/2021\/07\/lastepusad1.jpg?resize=1024%2C473&amp;ssl=1 1024w, https:\/\/i1.wp.com\/gate21.ee\/wp-content\/uploads\/2021\/07\/lastepusad1.jpg?resize=768%2C355&amp;ssl=1 768w, https:\/\/i1.wp.com\/gate21.ee\/wp-content\/uploads\/2021\/07\/lastepusad1.jpg?resize=1536%2C709&amp;ssl=1 1536w, https:\/\/i1.wp.com\/gate21.ee\/wp-content\/uploads\/2021\/07\/lastepusad1.jpg?resize=800%2C369&amp;ssl=1 800w, https:\/\/i1.wp.com\/gate21.ee\/wp-content\/uploads\/2021\/07\/lastepusad1.jpg?w=1739&amp;ssl=1 1739w\" data-src=\"https:\/\/i1.wp.com\/gate21.ee\/wp-content\/uploads\/2021\/07\/lastepusad1.jpg?resize=600%2C277&amp;ssl=1\" data-sizes=\"(max-width: 600px) 100vw, 600px\" srcset=\"https:\/\/gate21.ee\/wp-content\/uploads\/2021\/07\/lastepusad1-300x300.jpg 300w, https:\/\/gate21.ee\/wp-content\/uploads\/2021\/07\/lastepusad1-100x100.jpg 100w\" sizes=\"(max-width: 390px) 100vw, 390px\" \/><\/p>\n<div class=\"addtoany_share_save_container addtoany_content addtoany_content_bottom\">\n<div class=\"a2a_kit a2a_kit_size_18 addtoany_list\" data-a2a-url=\"https:\/\/gate21.ee\/product\/kids-doggy\/\" data-a2a-title=\"Kids Doggy\"><\/div>\n<\/div>","protected":false},"excerpt":{"rendered":"<p>Kids sweatshirts are made from high quality soft cotton, each design is stitched and made by Estonian design brand, HILP in Tartu. Description: 92% cotton &amp; 8% spandex, machine washable and skin-friendly. HILP are a small family business that started in 2015, Tartu. The HILP goal is to offer people clothes that are different from [&hellip;]<\/p>\n","protected":false},"featured_media":38127,"comment_status":"closed","ping_status":"closed","template":"","meta":{"site-sidebar-layout":"default","site-content-layout":"default","ast-site-content-layout":"default","site-content-style":"default","site-sidebar-style":"default","ast-global-header-display":"","ast-banner-title-visibility":"","ast-main-header-display":"","ast-hfb-above-header-display":"","ast-hfb-below-header-display":"","ast-hfb-mobile-header-display":"","site-post-title":"","ast-breadcrumbs-content":"","ast-featured-img":"","footer-sml-layout":"","ast-disable-related-posts":"","theme-transparent-header-meta":"default","adv-header-id-meta":"","stick-header-meta":"default","header-above-stick-meta":"","header-main-stick-meta":"","header-below-stick-meta":"","astra-migrate-meta-layouts":"default","ast-page-background-enabled":"default","ast-page-background-meta":{"desktop":{"background-color":"","background-image":"","background-repeat":"repeat","background-position":"center center","background-size":"auto","background-attachment":"scroll","background-type":"","background-media":"","overlay-type":"","overlay-color":"","overlay-opacity":"","overlay-gradient":""},"tablet":{"background-color":"","background-image":"","background-repeat":"repeat","background-position":"center center","background-size":"auto","background-attachment":"scroll","background-type":"","background-media":"","overlay-type":"","overlay-color":"","overlay-opacity":"","overlay-gradient":""},"mobile":{"background-color":"","background-image":"","background-repeat":"repeat","background-position":"center center","background-size":"auto","background-attachment":"scroll","background-type":"","background-media":"","overlay-type":"","overlay-color":"","overlay-opacity":"","overlay-gradient":""}},"ast-content-background-meta":{"desktop":{"background-color":"var(--ast-global-color-5)","background-image":"","background-repeat":"repeat","background-position":"center center","background-size":"auto","background-attachment":"scroll","background-type":"","background-media":"","overlay-type":"","overlay-color":"","overlay-opacity":"","overlay-gradient":""},"tablet":{"background-color":"var(--ast-global-color-5)","background-image":"","background-repeat":"repeat","background-position":"center center","background-size":"auto","background-attachment":"scroll","background-type":"","background-media":"","overlay-type":"","overlay-color":"","overlay-opacity":"","overlay-gradient":""},"mobile":{"background-color":"var(--ast-global-color-5)","background-image":"","background-repeat":"repeat","background-position":"center center","background-size":"auto","background-attachment":"scroll","background-type":"","background-media":"","overlay-type":"","overlay-color":"","overlay-opacity":"","overlay-gradient":""}}},"pwb-brand":[409],"product_brand":[],"product_cat":[225,410,54],"product_tag":[237],"class_list":{"0":"post-10063","1":"product","2":"type-product","3":"status-publish","4":"has-post-thumbnail","6":"pwb-brand-hilp","7":"product_cat-kids","8":"product_cat-kids-clothing","9":"product_cat-sale","10":"product_tag-sweatshirts","11":"desktop-align-center","12":"tablet-align-center","13":"mobile-align-center","14":"ast-product-gallery-layout-vertical","15":"ast-product-single-variable","16":"ast-product-tabs-layout-horizontal","18":"first","19":"instock","20":"sale","21":"taxable","22":"shipping-taxable","23":"purchasable","24":"product-type-variable"},"yoast_head":"<!-- This site is optimized with the Yoast SEO plugin v27.4 - https:\/\/yoast.com\/product\/yoast-seo-wordpress\/ -->\n<title>Kids Koala &#8226; Gate21<\/title>\n<meta name=\"description\" content=\"Kids sweatshirts by HILP are made from high quality soft cotton and are hand-stitched with their own designs in Tartu, Estonia.\" \/>\n<meta name=\"robots\" content=\"index, follow, max-snippet:-1, max-image-preview:large, max-video-preview:-1\" \/>\n<link rel=\"canonical\" href=\"https:\/\/gate21.ee\/et\/shop\/kids-koala\/\" \/>\n<meta property=\"og:locale\" content=\"et_EE\" \/>\n<meta property=\"og:type\" content=\"article\" \/>\n<meta property=\"og:title\" content=\"Kids Koala &#8226; Gate21\" \/>\n<meta property=\"og:description\" content=\"Kids sweatshirts by HILP are made from high quality soft cotton and are hand-stitched with their own designs in Tartu, Estonia.\" \/>\n<meta property=\"og:url\" content=\"https:\/\/gate21.ee\/et\/shop\/kids-koala\/\" \/>\n<meta property=\"og:site_name\" content=\"Gate21\" \/>\n<meta property=\"article:publisher\" content=\"https:\/\/www.facebook.com\/gate21.ee\/\" \/>\n<meta property=\"article:modified_time\" content=\"2026-04-25T15:23:24+00:00\" \/>\n<meta property=\"og:image\" content=\"https:\/\/gate21.ee\/wp-content\/uploads\/2021\/03\/lastepusa_roosa_koaala.jpg\" \/>\n\t<meta property=\"og:image:width\" content=\"800\" \/>\n\t<meta property=\"og:image:height\" content=\"800\" \/>\n\t<meta property=\"og:image:type\" content=\"image\/jpeg\" \/>\n<meta name=\"twitter:card\" content=\"summary_large_image\" \/>\n<meta name=\"twitter:label1\" content=\"Est. reading time\" \/>\n\t<meta name=\"twitter:data1\" content=\"1 minut\" \/>\n<script type=\"application\/ld+json\" class=\"yoast-schema-graph\">{\"@context\":\"https:\\\/\\\/schema.org\",\"@graph\":[{\"@type\":\"WebPage\",\"@id\":\"https:\\\/\\\/gate21.ee\\\/shop\\\/kids-koala\\\/\",\"url\":\"https:\\\/\\\/gate21.ee\\\/shop\\\/kids-koala\\\/\",\"name\":\"Kids Koala &#8226; Gate21\",\"isPartOf\":{\"@id\":\"https:\\\/\\\/gate21.ee\\\/#website\"},\"primaryImageOfPage\":{\"@id\":\"https:\\\/\\\/gate21.ee\\\/shop\\\/kids-koala\\\/#primaryimage\"},\"image\":{\"@id\":\"https:\\\/\\\/gate21.ee\\\/shop\\\/kids-koala\\\/#primaryimage\"},\"thumbnailUrl\":\"https:\\\/\\\/gate21.ee\\\/wp-content\\\/uploads\\\/2021\\\/03\\\/lastepusa_roosa_koaala.jpg\",\"datePublished\":\"2020-12-14T15:58:00+00:00\",\"dateModified\":\"2026-04-25T15:23:24+00:00\",\"description\":\"Kids sweatshirts by HILP are made from high quality soft cotton and are hand-stitched with their own designs in Tartu, Estonia.\",\"breadcrumb\":{\"@id\":\"https:\\\/\\\/gate21.ee\\\/shop\\\/kids-koala\\\/#breadcrumb\"},\"inLanguage\":\"et\",\"potentialAction\":[{\"@type\":\"ReadAction\",\"target\":[\"https:\\\/\\\/gate21.ee\\\/shop\\\/kids-koala\\\/\"]}]},{\"@type\":\"ImageObject\",\"inLanguage\":\"et\",\"@id\":\"https:\\\/\\\/gate21.ee\\\/shop\\\/kids-koala\\\/#primaryimage\",\"url\":\"https:\\\/\\\/gate21.ee\\\/wp-content\\\/uploads\\\/2021\\\/03\\\/lastepusa_roosa_koaala.jpg\",\"contentUrl\":\"https:\\\/\\\/gate21.ee\\\/wp-content\\\/uploads\\\/2021\\\/03\\\/lastepusa_roosa_koaala.jpg\",\"width\":800,\"height\":800,\"caption\":\"A pink long-sleeve sweatshirt is laid flat, featuring a cartoon koala graphic in the centre of the chest\u2014a fun example of Estonian design and Tallinn shopping finds. Gate21.ee\"},{\"@type\":\"BreadcrumbList\",\"@id\":\"https:\\\/\\\/gate21.ee\\\/shop\\\/kids-koala\\\/#breadcrumb\",\"itemListElement\":[{\"@type\":\"ListItem\",\"position\":1,\"name\":\"Home\",\"item\":\"https:\\\/\\\/gate21.ee\\\/\"},{\"@type\":\"ListItem\",\"position\":2,\"name\":\"Kids Koala\"}]},{\"@type\":\"WebSite\",\"@id\":\"https:\\\/\\\/gate21.ee\\\/#website\",\"url\":\"https:\\\/\\\/gate21.ee\\\/\",\"name\":\"Gate21\",\"description\":\"Gift concept store Gate21\",\"publisher\":{\"@id\":\"https:\\\/\\\/gate21.ee\\\/#organization\"},\"alternateName\":\"gate21\",\"potentialAction\":[{\"@type\":\"SearchAction\",\"target\":{\"@type\":\"EntryPoint\",\"urlTemplate\":\"https:\\\/\\\/gate21.ee\\\/?s={search_term_string}\"},\"query-input\":{\"@type\":\"PropertyValueSpecification\",\"valueRequired\":true,\"valueName\":\"search_term_string\"}}],\"inLanguage\":\"et\"},{\"@type\":\"Organization\",\"@id\":\"https:\\\/\\\/gate21.ee\\\/#organization\",\"name\":\"Gate21\",\"alternateName\":\"Gate21, Oma Asi and Oma Asi Design Store\",\"url\":\"https:\\\/\\\/gate21.ee\\\/\",\"logo\":{\"@type\":\"ImageObject\",\"inLanguage\":\"et\",\"@id\":\"https:\\\/\\\/gate21.ee\\\/#\\\/schema\\\/logo\\\/image\\\/\",\"url\":\"https:\\\/\\\/gate21.ee\\\/wp-content\\\/uploads\\\/2021\\\/11\\\/Gate_21_Logo_2_Valge.png\",\"contentUrl\":\"https:\\\/\\\/gate21.ee\\\/wp-content\\\/uploads\\\/2021\\\/11\\\/Gate_21_Logo_2_Valge.png\",\"width\":2560,\"height\":2560,\"caption\":\"Gate21\"},\"image\":{\"@id\":\"https:\\\/\\\/gate21.ee\\\/#\\\/schema\\\/logo\\\/image\\\/\"},\"sameAs\":[\"https:\\\/\\\/www.facebook.com\\\/gate21.ee\\\/\",\"https:\\\/\\\/www.instagram.com\\\/gate21.ee\\\/\",\"https:\\\/\\\/www.instagram.com\\\/omaasidesign\\\/\",\"https:\\\/\\\/www.instagram.com\\\/omaasi\\\/\",\"https:\\\/\\\/www.facebook.com\\\/omaasidesign\\\/\",\"https:\\\/\\\/www.facebook.com\\\/omaasilittleredhouse\\\/\",\"https:\\\/\\\/www.tiktok.com\\\/@gate21.ee\"]}]}<\/script>\n<!-- \/ Yoast SEO plugin. -->","yoast_head_json":{"title":"Kids Koala &#8226; Gate21","description":"Kids sweatshirts by HILP are made from high quality soft cotton and are hand-stitched with their own designs in Tartu, Estonia.","robots":{"index":"index","follow":"follow","max-snippet":"max-snippet:-1","max-image-preview":"max-image-preview:large","max-video-preview":"max-video-preview:-1"},"canonical":"https:\/\/gate21.ee\/et\/shop\/kids-koala\/","og_locale":"et_EE","og_type":"article","og_title":"Kids Koala &#8226; Gate21","og_description":"Kids sweatshirts by HILP are made from high quality soft cotton and are hand-stitched with their own designs in Tartu, Estonia.","og_url":"https:\/\/gate21.ee\/et\/shop\/kids-koala\/","og_site_name":"Gate21","article_publisher":"https:\/\/www.facebook.com\/gate21.ee\/","article_modified_time":"2026-04-25T15:23:24+00:00","og_image":[{"width":800,"height":800,"url":"https:\/\/gate21.ee\/wp-content\/uploads\/2021\/03\/lastepusa_roosa_koaala.jpg","type":"image\/jpeg"}],"twitter_card":"summary_large_image","twitter_misc":{"Est. reading time":"1 minut"},"schema":{"@context":"https:\/\/schema.org","@graph":[{"@type":"WebPage","@id":"https:\/\/gate21.ee\/shop\/kids-koala\/","url":"https:\/\/gate21.ee\/shop\/kids-koala\/","name":"Kids Koala &#8226; Gate21","isPartOf":{"@id":"https:\/\/gate21.ee\/#website"},"primaryImageOfPage":{"@id":"https:\/\/gate21.ee\/shop\/kids-koala\/#primaryimage"},"image":{"@id":"https:\/\/gate21.ee\/shop\/kids-koala\/#primaryimage"},"thumbnailUrl":"https:\/\/gate21.ee\/wp-content\/uploads\/2021\/03\/lastepusa_roosa_koaala.jpg","datePublished":"2020-12-14T15:58:00+00:00","dateModified":"2026-04-25T15:23:24+00:00","description":"Kids sweatshirts by HILP are made from high quality soft cotton and are hand-stitched with their own designs in Tartu, Estonia.","breadcrumb":{"@id":"https:\/\/gate21.ee\/shop\/kids-koala\/#breadcrumb"},"inLanguage":"et","potentialAction":[{"@type":"ReadAction","target":["https:\/\/gate21.ee\/shop\/kids-koala\/"]}]},{"@type":"ImageObject","inLanguage":"et","@id":"https:\/\/gate21.ee\/shop\/kids-koala\/#primaryimage","url":"https:\/\/gate21.ee\/wp-content\/uploads\/2021\/03\/lastepusa_roosa_koaala.jpg","contentUrl":"https:\/\/gate21.ee\/wp-content\/uploads\/2021\/03\/lastepusa_roosa_koaala.jpg","width":800,"height":800,"caption":"A pink long-sleeve sweatshirt is laid flat, featuring a cartoon koala graphic in the centre of the chest\u2014a fun example of Estonian design and Tallinn shopping finds. Gate21.ee"},{"@type":"BreadcrumbList","@id":"https:\/\/gate21.ee\/shop\/kids-koala\/#breadcrumb","itemListElement":[{"@type":"ListItem","position":1,"name":"Home","item":"https:\/\/gate21.ee\/"},{"@type":"ListItem","position":2,"name":"Kids Koala"}]},{"@type":"WebSite","@id":"https:\/\/gate21.ee\/#website","url":"https:\/\/gate21.ee\/","name":"Gate21","description":"Kingituskontseptsioonipood Gate21","publisher":{"@id":"https:\/\/gate21.ee\/#organization"},"alternateName":"gate21","potentialAction":[{"@type":"SearchAction","target":{"@type":"EntryPoint","urlTemplate":"https:\/\/gate21.ee\/?s={search_term_string}"},"query-input":{"@type":"PropertyValueSpecification","valueRequired":true,"valueName":"search_term_string"}}],"inLanguage":"et"},{"@type":"Organization","@id":"https:\/\/gate21.ee\/#organization","name":"Gate21","alternateName":"Gate21, Oma Asi and Oma Asi Design Store","url":"https:\/\/gate21.ee\/","logo":{"@type":"ImageObject","inLanguage":"et","@id":"https:\/\/gate21.ee\/#\/schema\/logo\/image\/","url":"https:\/\/gate21.ee\/wp-content\/uploads\/2021\/11\/Gate_21_Logo_2_Valge.png","contentUrl":"https:\/\/gate21.ee\/wp-content\/uploads\/2021\/11\/Gate_21_Logo_2_Valge.png","width":2560,"height":2560,"caption":"Gate21"},"image":{"@id":"https:\/\/gate21.ee\/#\/schema\/logo\/image\/"},"sameAs":["https:\/\/www.facebook.com\/gate21.ee\/","https:\/\/www.instagram.com\/gate21.ee\/","https:\/\/www.instagram.com\/omaasidesign\/","https:\/\/www.instagram.com\/omaasi\/","https:\/\/www.facebook.com\/omaasidesign\/","https:\/\/www.facebook.com\/omaasilittleredhouse\/","https:\/\/www.tiktok.com\/@gate21.ee"]}]}},"jetpack_sharing_enabled":true,"brands":[{"id":409,"name":"HILP","slug":"hilp"}],"_links":{"self":[{"href":"https:\/\/gate21.ee\/et\/wp-json\/wp\/v2\/product\/10063","targetHints":{"allow":["GET"]}}],"collection":[{"href":"https:\/\/gate21.ee\/et\/wp-json\/wp\/v2\/product"}],"about":[{"href":"https:\/\/gate21.ee\/et\/wp-json\/wp\/v2\/types\/product"}],"replies":[{"embeddable":true,"href":"https:\/\/gate21.ee\/et\/wp-json\/wp\/v2\/comments?post=10063"}],"version-history":[{"count":1,"href":"https:\/\/gate21.ee\/et\/wp-json\/wp\/v2\/product\/10063\/revisions"}],"predecessor-version":[{"id":247832,"href":"https:\/\/gate21.ee\/et\/wp-json\/wp\/v2\/product\/10063\/revisions\/247832"}],"wp:featuredmedia":[{"embeddable":true,"href":"https:\/\/gate21.ee\/et\/wp-json\/wp\/v2\/media\/38127"}],"wp:attachment":[{"href":"https:\/\/gate21.ee\/et\/wp-json\/wp\/v2\/media?parent=10063"}],"wp:term":[{"taxonomy":"pwb-brand","embeddable":true,"href":"https:\/\/gate21.ee\/et\/wp-json\/wp\/v2\/pwb-brand?post=10063"},{"taxonomy":"product_brand","embeddable":true,"href":"https:\/\/gate21.ee\/et\/wp-json\/wp\/v2\/product_brand?post=10063"},{"taxonomy":"product_cat","embeddable":true,"href":"https:\/\/gate21.ee\/et\/wp-json\/wp\/v2\/product_cat?post=10063"},{"taxonomy":"product_tag","embeddable":true,"href":"https:\/\/gate21.ee\/et\/wp-json\/wp\/v2\/product_tag?post=10063"}],"curies":[{"name":"wp","href":"https:\/\/api.w.org\/{rel}","templated":true}]}}