{"id":4157,"date":"2020-08-17T18:43:43","date_gmt":"2020-08-17T15:43:43","guid":{"rendered":"https:\/\/gate21.ee\/?page_id=4157"},"modified":"2026-04-24T15:47:54","modified_gmt":"2026-04-24T12:47:54","slug":"meist","status":"publish","type":"page","link":"https:\/\/gate21.ee\/et\/meist\/","title":{"rendered":""},"content":{"rendered":"<div data-elementor-type=\"wp-page\" data-elementor-id=\"4157\" class=\"elementor elementor-4157\" data-elementor-post-type=\"page\">\n\t\t\t\t\t\t<section class=\"elementor-section elementor-top-section elementor-element elementor-element-4f2b44ca elementor-section-boxed elementor-section-height-default elementor-section-height-default\" data-id=\"4f2b44ca\" data-element_type=\"section\" data-e-type=\"section\">\n\t\t\t\t\t\t<div class=\"elementor-container elementor-column-gap-default\">\n\t\t\t\t\t<div class=\"elementor-column elementor-col-100 elementor-top-column elementor-element elementor-element-43d68bdb\" data-id=\"43d68bdb\" data-element_type=\"column\" data-e-type=\"column\">\n\t\t\t<div class=\"elementor-widget-wrap elementor-element-populated\">\n\t\t\t\t\t\t<div class=\"elementor-element elementor-element-a2d873a elementor-widget elementor-widget-text-editor\" data-id=\"a2d873a\" data-element_type=\"widget\" data-e-type=\"widget\" data-widget_type=\"text-editor.default\">\n\t\t\t\t<div class=\"elementor-widget-container\">\n\t\t\t\t\t\t\t\t\t<p data-start=\"21\" data-end=\"452\"><a href=\"http:\/\/gate21.ee\/et\/\">Gate21<\/a> on \u00fcks V\u00e4rvikamaid, oman\u00e4olisemaid ja l\u00f5busamaid kingiideede pood Tallinnas. Tallinna vanalinna s\u00fcdames asuvast poest on saanud nii kohalike kui ka turistide lemmikkoht, kes otsivad meeldej\u00e4\u00e4vaid kingitusi, loomingulist disaini v\u00f5i lihtsalt nauditavat stiili oma koju v\u00f5i garderoobi. K\u00fclalised ei tee siin lihtsalt oste <a href=\"https:\/\/gate21.ee\/et\/\">Gate21<\/a> \u2014 nad m\u00e4letavad kogemust, atmosf\u00e4\u00e4ri ja tunnet, kuidas nad avastasid midagi t\u00f5eliselt erilist.<\/p><p data-start=\"454\" data-end=\"755\">Meid leiad otse ikoonilise Viru v\u00e4rava k\u00f5rvalt Tallinna peat\u00e4naval aadressil Viru 21 \u2013 muutes meid lihtsaks ja m\u00f6\u00f6dap\u00e4\u00e4smatuks peatuskohaks linna avastades. Olenemata sellest, kas k\u00fclastad Tallinnat esimest korda v\u00f5i tuled tagasi, Gate21 on koht, kuhu inimesed armastavad ikka ja j\u00e4lle tulla.<\/p><p data-start=\"757\" data-end=\"1103\">Gate21 toob kokku disainereid \u00fcle kogu maailma \u2013 Tokyost Tallinnani, Londonist Los Angeleseni ja k\u00f5ikjalt vahepealt. Meie hoolikalt kureeritud valik sisaldab pilkup\u00fc\u00fcdvaid riideid, ainulaadseid <a href=\"https:\/\/gate21.ee\/et\/tootekategooria\/accessories\/\">tarvikuid<\/a>, kaasaegset kodusisustust, <a href=\"https:\/\/gate21.ee\/et\/tootekategooria\/jewellery\/\">ehteid<\/a>, ning l\u00f5busaid, originaalseid kingitusi, mis sobivad ideaalselt pidudeks v\u00f5i t\u00e4henduslike meenutustena teie reisist Eestisse.<\/p><p data-start=\"1105\" data-end=\"1514\" data-is-last-node=\"\" data-is-only-node=\"\">Iga toode on v\u00e4lja valitud selle loomingu, kvaliteedi ja individuaalsuse poolest. Keskendume esemetele, mis paistavad silma, toodetele, mida te tavapoodidest ei leia, andes meie klientidele v\u00f5imaluse avastada midagi isiklikku, v\u00e4ljendusrikast ja t\u00f5eliselt meeldej\u00e4\u00e4vat. \u00dcksk\u00f5ik, kas otsite ainulaadset kingitust v\u00f5i erilist eset endale, Gate21 pakub ostukogemust, mis on inspireeriv ning omap\u00e4rane.<\/p><p data-start=\"1105\" data-end=\"1514\" data-is-last-node=\"\" data-is-only-node=\"\"><a href=\"http:\/\/gate21.ee\/et\/\">Gate21.ee<\/a> koondab Alfredi ja Kirkke Neumeisteri kureeritud 3 poodi, kuid kuna paljud esemed on unikaalsed ja v\u00e4ikeste variatsioonidega, kuna need on k\u00e4sitsi valmistatud, ei ole k\u00f5iki tooteid ja disainereid v\u00f5imalik veebis kuvada. Seega, kui te ei leia seda loetelust, v\u00f5ite saata meile e-kirja aadressile sales@gate21.ee v\u00f5i veel parem \u2013 k\u00fclastage meid Tallinnas Vanalinnas!<\/p><p data-start=\"1105\" data-end=\"1514\" data-is-last-node=\"\" data-is-only-node=\"\">Oma Asi \u201cThe Little Red House\u201d Saiakangil 4,\u00a0<span style=\"caret-color: #080809; color: #080809; font-family: system-ui, -apple-system, BlinkMacSystemFont, '.SFNSText-Regular', sans-serif; font-size: 15px; font-style: normal;\">on \u00fcks Vanalinna ikoonilisemaid hooneid. Oma Asi pakub alates 2010. aastast kohaliku k\u00e4sit\u00f6\u00f6disaini ja armsate rahvusvaheliste disainielementide segu.<\/span><\/p><p data-start=\"1105\" data-end=\"1514\" data-is-last-node=\"\" data-is-only-node=\"\"><span style=\"caret-color: #080809; color: #080809; font-family: system-ui, -apple-system, BlinkMacSystemFont, '.SFNSText-Regular', sans-serif; font-size: 15px; font-style: normal;\">Oma Asi Disain\u00a0<\/span><span style=\"caret-color: #080809; color: #080809; font-family: system-ui, -apple-system, BlinkMacSystemFont, '.SFNSText-Regular', sans-serif; font-size: 15px; font-style: normal;\">Pood on \u00fcks Tallinna tuntumaid oman\u00e4olisi kingipoodi Viru t\u00e4naval 21, kuulsate Viru v\u00e4ravate k\u00f5rval. See on ideaalne koht kingituste ostmiseks erilisteks s\u00fcndmusteks v\u00f5i meenutusteks Tallinna k\u00fclastusest, mis on kujutlusv\u00f5imelisemad kui k\u00fclmkapimagnet!<\/span><\/p>\t\t\t\t\t\t\t\t<\/div>\n\t\t\t\t<\/div>\n\t\t\t\t\t<\/div>\n\t\t<\/div>\n\t\t\t\t\t<\/div>\n\t\t<\/section>\n\t\t\t\t<\/div>","protected":false},"excerpt":{"rendered":"<p>Gate21 is one of the most colourful, unique, and fun gift concept stores in Tallinn. Located in the heart of Tallinn Old Town, it has become a go-to destination for both locals and tourists looking for memorable gifts, creative design or simply pleasurable style for your home or wardrobe. Visitors don\u2019t just shop at Gate21 [&hellip;]<\/p>\n","protected":false},"author":1,"featured_media":0,"parent":0,"menu_order":0,"comment_status":"closed","ping_status":"closed","template":"","meta":{"site-sidebar-layout":"default","site-content-layout":"default","ast-site-content-layout":"default","site-content-style":"default","site-sidebar-style":"default","ast-global-header-display":"","ast-banner-title-visibility":"","ast-main-header-display":"","ast-hfb-above-header-display":"","ast-hfb-below-header-display":"","ast-hfb-mobile-header-display":"","site-post-title":"","ast-breadcrumbs-content":"","ast-featured-img":"","footer-sml-layout":"","ast-disable-related-posts":"","theme-transparent-header-meta":"default","adv-header-id-meta":"","stick-header-meta":"default","header-above-stick-meta":"","header-main-stick-meta":"","header-below-stick-meta":"","astra-migrate-meta-layouts":"default","ast-page-background-enabled":"default","ast-page-background-meta":{"desktop":{"background-color":"","background-image":"","background-repeat":"repeat","background-position":"center center","background-size":"auto","background-attachment":"scroll","background-type":"","background-media":"","overlay-type":"","overlay-color":"","overlay-opacity":"","overlay-gradient":""},"tablet":{"background-color":"","background-image":"","background-repeat":"repeat","background-position":"center center","background-size":"auto","background-attachment":"scroll","background-type":"","background-media":"","overlay-type":"","overlay-color":"","overlay-opacity":"","overlay-gradient":""},"mobile":{"background-color":"","background-image":"","background-repeat":"repeat","background-position":"center center","background-size":"auto","background-attachment":"scroll","background-type":"","background-media":"","overlay-type":"","overlay-color":"","overlay-opacity":"","overlay-gradient":""}},"ast-content-background-meta":{"desktop":{"background-color":"var(--ast-global-color-5)","background-image":"","background-repeat":"repeat","background-position":"center center","background-size":"auto","background-attachment":"scroll","background-type":"","background-media":"","overlay-type":"","overlay-color":"","overlay-opacity":"","overlay-gradient":""},"tablet":{"background-color":"var(--ast-global-color-5)","background-image":"","background-repeat":"repeat","background-position":"center center","background-size":"auto","background-attachment":"scroll","background-type":"","background-media":"","overlay-type":"","overlay-color":"","overlay-opacity":"","overlay-gradient":""},"mobile":{"background-color":"var(--ast-global-color-5)","background-image":"","background-repeat":"repeat","background-position":"center center","background-size":"auto","background-attachment":"scroll","background-type":"","background-media":"","overlay-type":"","overlay-color":"","overlay-opacity":"","overlay-gradient":""}},"footnotes":""},"class_list":["post-4157","page","type-page","status-publish","hentry"],"yoast_head":"<!-- This site is optimized with the Yoast SEO plugin v27.5 - https:\/\/yoast.com\/product\/yoast-seo-wordpress\/ -->\n<title>&#8226; Gate21<\/title>\n<meta name=\"description\" content=\"3 concept stores together online! Gate21, Oma Asi Design and Oma Asi is your gateway to the design everywhere from Tallinn to Tbilisi to Tokyo!\" \/>\n<meta name=\"robots\" content=\"index, follow, max-snippet:-1, max-image-preview:large, max-video-preview:-1\" \/>\n<link rel=\"canonical\" href=\"https:\/\/gate21.ee\/et\/meist\/\" \/>\n<meta property=\"og:locale\" content=\"et_EE\" \/>\n<meta property=\"og:type\" content=\"article\" \/>\n<meta property=\"og:title\" content=\"&#8226; Gate21\" \/>\n<meta property=\"og:description\" content=\"3 concept stores together online! Gate21, Oma Asi Design and Oma Asi is your gateway to the design everywhere from Tallinn to Tbilisi to Tokyo!\" \/>\n<meta property=\"og:url\" content=\"https:\/\/gate21.ee\/et\/meist\/\" \/>\n<meta property=\"og:site_name\" content=\"Gate21\" \/>\n<meta property=\"article:publisher\" content=\"https:\/\/www.facebook.com\/gate21.ee\/\" \/>\n<meta property=\"article:modified_time\" content=\"2026-04-24T12:47:54+00:00\" \/>\n<meta property=\"og:image\" content=\"https:\/\/gate21.ee\/wp-content\/uploads\/2021\/11\/Gate_21_Logo_2_Valge.png\" \/>\n\t<meta property=\"og:image:width\" content=\"2560\" \/>\n\t<meta property=\"og:image:height\" content=\"2560\" \/>\n\t<meta property=\"og:image:type\" content=\"image\/png\" \/>\n<meta name=\"twitter:card\" content=\"summary_large_image\" \/>\n<meta name=\"twitter:label1\" content=\"Est. reading time\" \/>\n\t<meta name=\"twitter:data1\" content=\"2 minutit\" \/>\n<script type=\"application\/ld+json\" class=\"yoast-schema-graph\">{\"@context\":\"https:\\\/\\\/schema.org\",\"@graph\":[{\"@type\":\"WebPage\",\"@id\":\"https:\\\/\\\/gate21.ee\\\/meist\\\/\",\"url\":\"https:\\\/\\\/gate21.ee\\\/meist\\\/\",\"name\":\"&#8226; Gate21\",\"isPartOf\":{\"@id\":\"https:\\\/\\\/gate21.ee\\\/#website\"},\"datePublished\":\"2020-08-17T15:43:43+00:00\",\"dateModified\":\"2026-04-24T12:47:54+00:00\",\"description\":\"3 concept stores together online! Gate21, Oma Asi Design and Oma Asi is your gateway to the design everywhere from Tallinn to Tbilisi to Tokyo!\",\"inLanguage\":\"et\",\"potentialAction\":[{\"@type\":\"ReadAction\",\"target\":[\"https:\\\/\\\/gate21.ee\\\/meist\\\/\"]}]},{\"@type\":\"WebSite\",\"@id\":\"https:\\\/\\\/gate21.ee\\\/#website\",\"url\":\"https:\\\/\\\/gate21.ee\\\/\",\"name\":\"Gate21\",\"description\":\"Gift concept store Gate21\",\"publisher\":{\"@id\":\"https:\\\/\\\/gate21.ee\\\/#organization\"},\"alternateName\":\"gate21\",\"potentialAction\":[{\"@type\":\"SearchAction\",\"target\":{\"@type\":\"EntryPoint\",\"urlTemplate\":\"https:\\\/\\\/gate21.ee\\\/?s={search_term_string}\"},\"query-input\":{\"@type\":\"PropertyValueSpecification\",\"valueRequired\":true,\"valueName\":\"search_term_string\"}}],\"inLanguage\":\"et\"},{\"@type\":\"Organization\",\"@id\":\"https:\\\/\\\/gate21.ee\\\/#organization\",\"name\":\"Gate21\",\"alternateName\":\"Gate21, Oma Asi and Oma Asi Design Store\",\"url\":\"https:\\\/\\\/gate21.ee\\\/\",\"logo\":{\"@type\":\"ImageObject\",\"inLanguage\":\"et\",\"@id\":\"https:\\\/\\\/gate21.ee\\\/#\\\/schema\\\/logo\\\/image\\\/\",\"url\":\"https:\\\/\\\/gate21.ee\\\/wp-content\\\/uploads\\\/2021\\\/11\\\/Gate_21_Logo_2_Valge.png\",\"contentUrl\":\"https:\\\/\\\/gate21.ee\\\/wp-content\\\/uploads\\\/2021\\\/11\\\/Gate_21_Logo_2_Valge.png\",\"width\":2560,\"height\":2560,\"caption\":\"Gate21\"},\"image\":{\"@id\":\"https:\\\/\\\/gate21.ee\\\/#\\\/schema\\\/logo\\\/image\\\/\"},\"sameAs\":[\"https:\\\/\\\/www.facebook.com\\\/gate21.ee\\\/\",\"https:\\\/\\\/www.instagram.com\\\/gate21.ee\\\/\",\"https:\\\/\\\/www.instagram.com\\\/omaasidesign\\\/\",\"https:\\\/\\\/www.instagram.com\\\/omaasi\\\/\",\"https:\\\/\\\/www.facebook.com\\\/omaasidesign\\\/\",\"https:\\\/\\\/www.facebook.com\\\/omaasilittleredhouse\\\/\",\"https:\\\/\\\/www.tiktok.com\\\/@gate21.ee\"]}]}<\/script>\n<!-- \/ Yoast SEO plugin. -->","yoast_head_json":{"title":"&#8226; Gate21","description":"3 concept stores together online! Gate21, Oma Asi Design and Oma Asi is your gateway to the design everywhere from Tallinn to Tbilisi to Tokyo!","robots":{"index":"index","follow":"follow","max-snippet":"max-snippet:-1","max-image-preview":"max-image-preview:large","max-video-preview":"max-video-preview:-1"},"canonical":"https:\/\/gate21.ee\/et\/meist\/","og_locale":"et_EE","og_type":"article","og_title":"&#8226; Gate21","og_description":"3 concept stores together online! Gate21, Oma Asi Design and Oma Asi is your gateway to the design everywhere from Tallinn to Tbilisi to Tokyo!","og_url":"https:\/\/gate21.ee\/et\/meist\/","og_site_name":"Gate21","article_publisher":"https:\/\/www.facebook.com\/gate21.ee\/","article_modified_time":"2026-04-24T12:47:54+00:00","og_image":[{"width":2560,"height":2560,"url":"https:\/\/gate21.ee\/wp-content\/uploads\/2021\/11\/Gate_21_Logo_2_Valge.png","type":"image\/png"}],"twitter_card":"summary_large_image","twitter_misc":{"Est. reading time":"2 minutit"},"schema":{"@context":"https:\/\/schema.org","@graph":[{"@type":"WebPage","@id":"https:\/\/gate21.ee\/meist\/","url":"https:\/\/gate21.ee\/meist\/","name":"&#8226; Gate21","isPartOf":{"@id":"https:\/\/gate21.ee\/#website"},"datePublished":"2020-08-17T15:43:43+00:00","dateModified":"2026-04-24T12:47:54+00:00","description":"3 concept stores together online! Gate21, Oma Asi Design and Oma Asi is your gateway to the design everywhere from Tallinn to Tbilisi to Tokyo!","inLanguage":"et","potentialAction":[{"@type":"ReadAction","target":["https:\/\/gate21.ee\/meist\/"]}]},{"@type":"WebSite","@id":"https:\/\/gate21.ee\/#website","url":"https:\/\/gate21.ee\/","name":"Gate21","description":"Kingituskontseptsioonipood Gate21","publisher":{"@id":"https:\/\/gate21.ee\/#organization"},"alternateName":"gate21","potentialAction":[{"@type":"SearchAction","target":{"@type":"EntryPoint","urlTemplate":"https:\/\/gate21.ee\/?s={search_term_string}"},"query-input":{"@type":"PropertyValueSpecification","valueRequired":true,"valueName":"search_term_string"}}],"inLanguage":"et"},{"@type":"Organization","@id":"https:\/\/gate21.ee\/#organization","name":"Gate21","alternateName":"Gate21, Oma Asi and Oma Asi Design Store","url":"https:\/\/gate21.ee\/","logo":{"@type":"ImageObject","inLanguage":"et","@id":"https:\/\/gate21.ee\/#\/schema\/logo\/image\/","url":"https:\/\/gate21.ee\/wp-content\/uploads\/2021\/11\/Gate_21_Logo_2_Valge.png","contentUrl":"https:\/\/gate21.ee\/wp-content\/uploads\/2021\/11\/Gate_21_Logo_2_Valge.png","width":2560,"height":2560,"caption":"Gate21"},"image":{"@id":"https:\/\/gate21.ee\/#\/schema\/logo\/image\/"},"sameAs":["https:\/\/www.facebook.com\/gate21.ee\/","https:\/\/www.instagram.com\/gate21.ee\/","https:\/\/www.instagram.com\/omaasidesign\/","https:\/\/www.instagram.com\/omaasi\/","https:\/\/www.facebook.com\/omaasidesign\/","https:\/\/www.facebook.com\/omaasilittleredhouse\/","https:\/\/www.tiktok.com\/@gate21.ee"]}]}},"jetpack_sharing_enabled":true,"_links":{"self":[{"href":"https:\/\/gate21.ee\/et\/wp-json\/wp\/v2\/pages\/4157","targetHints":{"allow":["GET"]}}],"collection":[{"href":"https:\/\/gate21.ee\/et\/wp-json\/wp\/v2\/pages"}],"about":[{"href":"https:\/\/gate21.ee\/et\/wp-json\/wp\/v2\/types\/page"}],"author":[{"embeddable":true,"href":"https:\/\/gate21.ee\/et\/wp-json\/wp\/v2\/users\/1"}],"replies":[{"embeddable":true,"href":"https:\/\/gate21.ee\/et\/wp-json\/wp\/v2\/comments?post=4157"}],"version-history":[{"count":20,"href":"https:\/\/gate21.ee\/et\/wp-json\/wp\/v2\/pages\/4157\/revisions"}],"predecessor-version":[{"id":255626,"href":"https:\/\/gate21.ee\/et\/wp-json\/wp\/v2\/pages\/4157\/revisions\/255626"}],"wp:attachment":[{"href":"https:\/\/gate21.ee\/et\/wp-json\/wp\/v2\/media?parent=4157"}],"curies":[{"name":"wp","href":"https:\/\/api.w.org\/{rel}","templated":true}]}}