{"id":4135,"date":"2020-08-17T14:10:32","date_gmt":"2020-08-17T11:10:32","guid":{"rendered":"https:\/\/gate21.ee\/?page_id=4135"},"modified":"2025-09-03T16:49:34","modified_gmt":"2025-09-03T13:49:34","slug":"tagastus","status":"publish","type":"page","link":"https:\/\/gate21.ee\/et\/tagastus\/","title":{"rendered":""},"content":{"rendered":"<div data-elementor-type=\"wp-page\" data-elementor-id=\"4135\" class=\"elementor elementor-4135\" data-elementor-post-type=\"page\">\n\t\t\t\t\t\t<section class=\"elementor-section elementor-top-section elementor-element elementor-element-4c13a157 elementor-section-boxed elementor-section-height-default elementor-section-height-default\" data-id=\"4c13a157\" data-element_type=\"section\" data-e-type=\"section\">\n\t\t\t\t\t\t<div class=\"elementor-container elementor-column-gap-default\">\n\t\t\t\t\t<div class=\"elementor-column elementor-col-100 elementor-top-column elementor-element elementor-element-3d52a57d\" data-id=\"3d52a57d\" data-element_type=\"column\" data-e-type=\"column\">\n\t\t\t<div class=\"elementor-widget-wrap elementor-element-populated\">\n\t\t\t\t\t\t<div class=\"elementor-element elementor-element-7a298ba8 elementor-widget elementor-widget-text-editor\" data-id=\"7a298ba8\" data-element_type=\"widget\" data-e-type=\"widget\" data-widget_type=\"text-editor.default\">\n\t\t\t\t<div class=\"elementor-widget-container\">\n\t\t\t\t\t\t\t\t\t<p><strong>Tagastab<\/strong><\/p>\n<p><!-- \/wp:heading --><!-- wp:paragraph --><\/p>\n<p>Peale tellimuse k\u00e4ttesaamist on ostjal \u00f5igus e-poega s\u00f5lmitud lepingust taganeda 14 p\u00e4eva jooksul.<\/p>\n<p><!-- \/wp:paragraph --><!-- wp:paragraph --><\/p>\n<p>Taganemis\u00f5igus ei kehti, kui ostjaks on juriidiline isik.<\/p>\n<p><!-- \/wp:paragraph --><!-- wp:paragraph --><\/p>\n<p>14-p\u00e4evase taganemis\u00f5iguse kasutamiseks ei tohi te tellitud kaupa kasutada muul viisil, kui on vajalik kauba olemuse, omaduste ja toimimise tagamiseks samal viisil, kui teil oleks lubatud kaupa tegelikus tingimustes testida. kauplus.<\/p>\n<p><!-- \/wp:paragraph --><!-- wp:paragraph --><\/p>\n<p>Kaupa ei tohi kasutada ja sisse<strong>\u00a0originaalpakend<\/strong>. Kui toode on kasutatud v\u00f5i on tagastatud teises pakendis, siis Osta Targalt O\u00dc raha tagastama ei pea.<\/p>\n<p>Kui kaupa on kasutatud muul otstarbel kui on vajalik kauba olemuse, omaduste ja toimimise tagamiseks v\u00f5i kui sellel on kasutus- v\u00f5i kulumisj\u00e4lgi, on veebipoel \u00f5igus alandada kauba tagastatavat summat. vastavalt kauba v\u00e4\u00e4rtuse v\u00e4henemisele.<\/p>\n<p><!-- \/wp:paragraph --><!-- wp:paragraph --><\/p>\n<p>Kauba tagastamiseks tuleb esitada kauba ostmisest taganemise avaldus (mille vormi leiab siit:\u00a0<a href=\"https:\/\/gate21.ee\/wp-content\/uploads\/2023\/09\/Justiitsministri-17.docx\" target=\"_blank\" rel=\"noreferrer noopener\"><strong>taganemisavaldus<\/strong><\/a>) e-posti aadressile\u00a0<strong><a href=\"\/et\/sales@gate21.ee\/\">sales@gate21.ee<\/a><\/strong><a href=\"mailto:info@talidesign.eu\"><strong>e<\/strong><\/a>\u00a014 p\u00e4eva jooksul kauba k\u00e4ttesaamisest.<\/p>\n<p><!-- \/wp:paragraph --><!-- wp:paragraph --><\/p>\n<p>Kauba tagastamise kulud kannab ostja, v\u00e4lja arvatud juhtudel, kui tagastamise p\u00f5hjus seisneb selles, et tagastamisele kuuluv toode ei vasta tellimusele (nt vale v\u00f5i defektiga toode).<\/p>\n<p><!-- \/wp:paragraph --><!-- wp:paragraph --><\/p>\n<p>Ostja peab kauba tagastama 14 p\u00e4eva jooksul taganemisavalduse esitamisest v\u00f5i esitama t\u00f5endid selle kohta, et ta andis kauba eelnimetatud t\u00e4htaja jooksul \u00fcle vedajale.<\/p>\n<p><!-- \/wp:paragraph --><!-- wp:paragraph --><\/p>\n<p>Veebipood tagastab tagastatava kauba k\u00e4ttesaamisel ostjale viivitamata, kuid mitte hiljem kui 14 p\u00e4eva m\u00f6\u00f6dumisel, k\u00f5ik ostjalt lepingu alusel laekunud maksed.<\/p>\n<p><!-- \/wp:paragraph --><!-- wp:paragraph --><\/p>\n<p>Veebipoel on \u00f5igus keelduda raha tagastamisest kuni tagastatava kauba k\u00e4ttesaamiseni v\u00f5i kuni ostja on esitanud t\u00f5endi toodete tagastamise kohta, olenevalt sellest, kumb toimub varem.<\/p>\n<p><!-- \/wp:paragraph --><!-- wp:paragraph --><\/p>\n<p>Kui ostja on selgelt valinud e-poe pakutavast soodsaimast tavap\u00e4rasest saatmisviisist erineva saatmisviisi, ei ole pood kohustatud h\u00fcvitama tavap\u00e4rast saatekulu \u00fcletavat kulu.<\/p>\n<p><!-- \/wp:paragraph --><!-- wp:paragraph --><\/p>\n<p>Veebipoel on \u00f5igus m\u00fc\u00fcgist taganeda ja n\u00f5uda ostjalt kauba tagastamist, kui e-poes m\u00e4rgitud kauba hind on eksituse t\u00f5ttu oluliselt madalam kauba turuhinnast.<\/p>\n<p><!-- \/wp:paragraph --><!-- wp:paragraph --><\/p>\n<p><strong>Defektne kaup<\/strong><\/p>\n<p><!-- \/wp:paragraph --><!-- wp:paragraph --><\/p>\n<p>Veebipood ei vastuta ostjale m\u00fc\u00fcdud kauba mittevastavuse eest lepingutingimustele v\u00f5i puuduste eest, mis olid olemas juba tarnimise ajal.<\/p>\n<p><!-- \/wp:paragraph --><!-- wp:paragraph --><\/p>\n<p>Veebipood ei vastuta puuduste eest, mis tekivad p\u00e4rast kauba \u00fcleandmist ostjale.<\/p>\n<p><!-- \/wp:paragraph --><!-- wp:paragraph --><\/p>\n<p>Kui veebipoest ostetud kaubal on puudused, mille eest veebipood vastutab, parandab v\u00f5i asendab veebipood puudusega kauba. Kui kaupa ei ole v\u00f5imalik parandada v\u00f5i asendada, tagastab veebipood ostjale k\u00f5ik m\u00fc\u00fcgilepinguga kaasnenud maksed.<\/p>\n<p><!-- \/wp:paragraph --><!-- wp:paragraph --><\/p>\n<p>Veebipood vastab tarbija kaebusele kirjalikus vormis v\u00f5i kirjalikku taasesitamist v\u00f5imaldavas vormis 15 p\u00e4eva jooksul.<\/p>\n<p><!-- \/wp:paragraph --><\/p>\t\t\t\t\t\t\t\t<\/div>\n\t\t\t\t<\/div>\n\t\t\t\t\t<\/div>\n\t\t<\/div>\n\t\t\t\t\t<\/div>\n\t\t<\/section>\n\t\t\t\t<\/div>","protected":false},"excerpt":{"rendered":"<p>Returns After receiving the order, the purchaser has the right to withdraw from the contract entered into with the e-store within 14 days. The right of withdrawal does not apply if the purchaser is a legal person. To exercise the 14-day right of withdrawal, you must not use the ordered goods in any way other [&hellip;]<\/p>\n","protected":false},"author":1,"featured_media":0,"parent":0,"menu_order":0,"comment_status":"closed","ping_status":"closed","template":"","meta":{"site-sidebar-layout":"default","site-content-layout":"default","ast-site-content-layout":"default","site-content-style":"default","site-sidebar-style":"default","ast-global-header-display":"","ast-banner-title-visibility":"","ast-main-header-display":"","ast-hfb-above-header-display":"","ast-hfb-below-header-display":"","ast-hfb-mobile-header-display":"","site-post-title":"","ast-breadcrumbs-content":"","ast-featured-img":"","footer-sml-layout":"","ast-disable-related-posts":"","theme-transparent-header-meta":"default","adv-header-id-meta":"","stick-header-meta":"default","header-above-stick-meta":"","header-main-stick-meta":"","header-below-stick-meta":"","astra-migrate-meta-layouts":"default","ast-page-background-enabled":"default","ast-page-background-meta":{"desktop":{"background-color":"","background-image":"","background-repeat":"repeat","background-position":"center center","background-size":"auto","background-attachment":"scroll","background-type":"","background-media":"","overlay-type":"","overlay-color":"","overlay-opacity":"","overlay-gradient":""},"tablet":{"background-color":"","background-image":"","background-repeat":"repeat","background-position":"center center","background-size":"auto","background-attachment":"scroll","background-type":"","background-media":"","overlay-type":"","overlay-color":"","overlay-opacity":"","overlay-gradient":""},"mobile":{"background-color":"","background-image":"","background-repeat":"repeat","background-position":"center center","background-size":"auto","background-attachment":"scroll","background-type":"","background-media":"","overlay-type":"","overlay-color":"","overlay-opacity":"","overlay-gradient":""}},"ast-content-background-meta":{"desktop":{"background-color":"var(--ast-global-color-5)","background-image":"","background-repeat":"repeat","background-position":"center center","background-size":"auto","background-attachment":"scroll","background-type":"","background-media":"","overlay-type":"","overlay-color":"","overlay-opacity":"","overlay-gradient":""},"tablet":{"background-color":"var(--ast-global-color-5)","background-image":"","background-repeat":"repeat","background-position":"center center","background-size":"auto","background-attachment":"scroll","background-type":"","background-media":"","overlay-type":"","overlay-color":"","overlay-opacity":"","overlay-gradient":""},"mobile":{"background-color":"var(--ast-global-color-5)","background-image":"","background-repeat":"repeat","background-position":"center center","background-size":"auto","background-attachment":"scroll","background-type":"","background-media":"","overlay-type":"","overlay-color":"","overlay-opacity":"","overlay-gradient":""}},"footnotes":""},"class_list":["post-4135","page","type-page","status-publish","hentry"],"yoast_head":"<!-- This site is optimized with the Yoast SEO plugin v27.5 - https:\/\/yoast.com\/product\/yoast-seo-wordpress\/ -->\n<title>&#8226; Gate21<\/title>\n<meta name=\"description\" content=\"3 concept stores together online! Gate21, Oma Asi Design and Oma Asi is your gateway to the design everywhere from Tallinn to Tbilisi to Tokyo!\" \/>\n<meta name=\"robots\" content=\"index, follow, max-snippet:-1, max-image-preview:large, max-video-preview:-1\" \/>\n<link rel=\"canonical\" href=\"https:\/\/gate21.ee\/et\/tagastus\/\" \/>\n<meta property=\"og:locale\" content=\"et_EE\" \/>\n<meta property=\"og:type\" content=\"article\" \/>\n<meta property=\"og:title\" content=\"&#8226; Gate21\" \/>\n<meta property=\"og:description\" content=\"3 concept stores together online! Gate21, Oma Asi Design and Oma Asi is your gateway to the design everywhere from Tallinn to Tbilisi to Tokyo!\" \/>\n<meta property=\"og:url\" content=\"https:\/\/gate21.ee\/et\/tagastus\/\" \/>\n<meta property=\"og:site_name\" content=\"Gate21\" \/>\n<meta property=\"article:publisher\" content=\"https:\/\/www.facebook.com\/gate21.ee\/\" \/>\n<meta property=\"article:modified_time\" content=\"2025-09-03T13:49:34+00:00\" \/>\n<meta property=\"og:image\" content=\"https:\/\/gate21.ee\/wp-content\/uploads\/2021\/11\/Gate_21_Logo_2_Valge.png\" \/>\n\t<meta property=\"og:image:width\" content=\"2560\" \/>\n\t<meta property=\"og:image:height\" content=\"2560\" \/>\n\t<meta property=\"og:image:type\" content=\"image\/png\" \/>\n<meta name=\"twitter:card\" content=\"summary_large_image\" \/>\n<meta name=\"twitter:label1\" content=\"Est. reading time\" \/>\n\t<meta name=\"twitter:data1\" content=\"3 minutit\" \/>\n<script type=\"application\/ld+json\" class=\"yoast-schema-graph\">{\"@context\":\"https:\\\/\\\/schema.org\",\"@graph\":[{\"@type\":\"WebPage\",\"@id\":\"https:\\\/\\\/gate21.ee\\\/tagastus\\\/\",\"url\":\"https:\\\/\\\/gate21.ee\\\/tagastus\\\/\",\"name\":\"&#8226; Gate21\",\"isPartOf\":{\"@id\":\"https:\\\/\\\/gate21.ee\\\/#website\"},\"datePublished\":\"2020-08-17T11:10:32+00:00\",\"dateModified\":\"2025-09-03T13:49:34+00:00\",\"description\":\"3 concept stores together online! Gate21, Oma Asi Design and Oma Asi is your gateway to the design everywhere from Tallinn to Tbilisi to Tokyo!\",\"inLanguage\":\"et\",\"potentialAction\":[{\"@type\":\"ReadAction\",\"target\":[\"https:\\\/\\\/gate21.ee\\\/tagastus\\\/\"]}]},{\"@type\":\"WebSite\",\"@id\":\"https:\\\/\\\/gate21.ee\\\/#website\",\"url\":\"https:\\\/\\\/gate21.ee\\\/\",\"name\":\"Gate21\",\"description\":\"Gift concept store Gate21\",\"publisher\":{\"@id\":\"https:\\\/\\\/gate21.ee\\\/#organization\"},\"alternateName\":\"gate21\",\"potentialAction\":[{\"@type\":\"SearchAction\",\"target\":{\"@type\":\"EntryPoint\",\"urlTemplate\":\"https:\\\/\\\/gate21.ee\\\/?s={search_term_string}\"},\"query-input\":{\"@type\":\"PropertyValueSpecification\",\"valueRequired\":true,\"valueName\":\"search_term_string\"}}],\"inLanguage\":\"et\"},{\"@type\":\"Organization\",\"@id\":\"https:\\\/\\\/gate21.ee\\\/#organization\",\"name\":\"Gate21\",\"alternateName\":\"Gate21, Oma Asi and Oma Asi Design Store\",\"url\":\"https:\\\/\\\/gate21.ee\\\/\",\"logo\":{\"@type\":\"ImageObject\",\"inLanguage\":\"et\",\"@id\":\"https:\\\/\\\/gate21.ee\\\/#\\\/schema\\\/logo\\\/image\\\/\",\"url\":\"https:\\\/\\\/gate21.ee\\\/wp-content\\\/uploads\\\/2021\\\/11\\\/Gate_21_Logo_2_Valge.png\",\"contentUrl\":\"https:\\\/\\\/gate21.ee\\\/wp-content\\\/uploads\\\/2021\\\/11\\\/Gate_21_Logo_2_Valge.png\",\"width\":2560,\"height\":2560,\"caption\":\"Gate21\"},\"image\":{\"@id\":\"https:\\\/\\\/gate21.ee\\\/#\\\/schema\\\/logo\\\/image\\\/\"},\"sameAs\":[\"https:\\\/\\\/www.facebook.com\\\/gate21.ee\\\/\",\"https:\\\/\\\/www.instagram.com\\\/gate21.ee\\\/\",\"https:\\\/\\\/www.instagram.com\\\/omaasidesign\\\/\",\"https:\\\/\\\/www.instagram.com\\\/omaasi\\\/\",\"https:\\\/\\\/www.facebook.com\\\/omaasidesign\\\/\",\"https:\\\/\\\/www.facebook.com\\\/omaasilittleredhouse\\\/\",\"https:\\\/\\\/www.tiktok.com\\\/@gate21.ee\"]}]}<\/script>\n<!-- \/ Yoast SEO plugin. -->","yoast_head_json":{"title":"&#8226; Gate21","description":"3 concept stores together online! Gate21, Oma Asi Design and Oma Asi is your gateway to the design everywhere from Tallinn to Tbilisi to Tokyo!","robots":{"index":"index","follow":"follow","max-snippet":"max-snippet:-1","max-image-preview":"max-image-preview:large","max-video-preview":"max-video-preview:-1"},"canonical":"https:\/\/gate21.ee\/et\/tagastus\/","og_locale":"et_EE","og_type":"article","og_title":"&#8226; Gate21","og_description":"3 concept stores together online! Gate21, Oma Asi Design and Oma Asi is your gateway to the design everywhere from Tallinn to Tbilisi to Tokyo!","og_url":"https:\/\/gate21.ee\/et\/tagastus\/","og_site_name":"Gate21","article_publisher":"https:\/\/www.facebook.com\/gate21.ee\/","article_modified_time":"2025-09-03T13:49:34+00:00","og_image":[{"width":2560,"height":2560,"url":"https:\/\/gate21.ee\/wp-content\/uploads\/2021\/11\/Gate_21_Logo_2_Valge.png","type":"image\/png"}],"twitter_card":"summary_large_image","twitter_misc":{"Est. reading time":"3 minutit"},"schema":{"@context":"https:\/\/schema.org","@graph":[{"@type":"WebPage","@id":"https:\/\/gate21.ee\/tagastus\/","url":"https:\/\/gate21.ee\/tagastus\/","name":"&#8226; Gate21","isPartOf":{"@id":"https:\/\/gate21.ee\/#website"},"datePublished":"2020-08-17T11:10:32+00:00","dateModified":"2025-09-03T13:49:34+00:00","description":"3 concept stores together online! Gate21, Oma Asi Design and Oma Asi is your gateway to the design everywhere from Tallinn to Tbilisi to Tokyo!","inLanguage":"et","potentialAction":[{"@type":"ReadAction","target":["https:\/\/gate21.ee\/tagastus\/"]}]},{"@type":"WebSite","@id":"https:\/\/gate21.ee\/#website","url":"https:\/\/gate21.ee\/","name":"Gate21","description":"Kingituskontseptsioonipood Gate21","publisher":{"@id":"https:\/\/gate21.ee\/#organization"},"alternateName":"gate21","potentialAction":[{"@type":"SearchAction","target":{"@type":"EntryPoint","urlTemplate":"https:\/\/gate21.ee\/?s={search_term_string}"},"query-input":{"@type":"PropertyValueSpecification","valueRequired":true,"valueName":"search_term_string"}}],"inLanguage":"et"},{"@type":"Organization","@id":"https:\/\/gate21.ee\/#organization","name":"Gate21","alternateName":"Gate21, Oma Asi and Oma Asi Design Store","url":"https:\/\/gate21.ee\/","logo":{"@type":"ImageObject","inLanguage":"et","@id":"https:\/\/gate21.ee\/#\/schema\/logo\/image\/","url":"https:\/\/gate21.ee\/wp-content\/uploads\/2021\/11\/Gate_21_Logo_2_Valge.png","contentUrl":"https:\/\/gate21.ee\/wp-content\/uploads\/2021\/11\/Gate_21_Logo_2_Valge.png","width":2560,"height":2560,"caption":"Gate21"},"image":{"@id":"https:\/\/gate21.ee\/#\/schema\/logo\/image\/"},"sameAs":["https:\/\/www.facebook.com\/gate21.ee\/","https:\/\/www.instagram.com\/gate21.ee\/","https:\/\/www.instagram.com\/omaasidesign\/","https:\/\/www.instagram.com\/omaasi\/","https:\/\/www.facebook.com\/omaasidesign\/","https:\/\/www.facebook.com\/omaasilittleredhouse\/","https:\/\/www.tiktok.com\/@gate21.ee"]}]}},"jetpack_sharing_enabled":true,"_links":{"self":[{"href":"https:\/\/gate21.ee\/et\/wp-json\/wp\/v2\/pages\/4135","targetHints":{"allow":["GET"]}}],"collection":[{"href":"https:\/\/gate21.ee\/et\/wp-json\/wp\/v2\/pages"}],"about":[{"href":"https:\/\/gate21.ee\/et\/wp-json\/wp\/v2\/types\/page"}],"author":[{"embeddable":true,"href":"https:\/\/gate21.ee\/et\/wp-json\/wp\/v2\/users\/1"}],"replies":[{"embeddable":true,"href":"https:\/\/gate21.ee\/et\/wp-json\/wp\/v2\/comments?post=4135"}],"version-history":[{"count":3,"href":"https:\/\/gate21.ee\/et\/wp-json\/wp\/v2\/pages\/4135\/revisions"}],"predecessor-version":[{"id":231690,"href":"https:\/\/gate21.ee\/et\/wp-json\/wp\/v2\/pages\/4135\/revisions\/231690"}],"wp:attachment":[{"href":"https:\/\/gate21.ee\/et\/wp-json\/wp\/v2\/media?parent=4135"}],"curies":[{"name":"wp","href":"https:\/\/api.w.org\/{rel}","templated":true}]}}