{"id":253127,"date":"2026-04-10T14:47:01","date_gmt":"2026-04-10T11:47:01","guid":{"rendered":"https:\/\/gate21.ee\/?page_id=253127"},"modified":"2026-04-10T15:04:03","modified_gmt":"2026-04-10T12:04:03","slug":"faqs","status":"publish","type":"page","link":"https:\/\/gate21.ee\/et\/faqs\/","title":{"rendered":""},"content":{"rendered":"<div data-elementor-type=\"wp-page\" data-elementor-id=\"253127\" class=\"elementor elementor-253127\" data-elementor-post-type=\"page\">\n\t\t\t\t<div class=\"elementor-element elementor-element-f64eddb e-flex e-con-boxed e-con e-parent\" data-id=\"f64eddb\" data-element_type=\"container\" data-e-type=\"container\">\n\t\t\t\t\t<div class=\"e-con-inner\">\n\t\t\t\t<div class=\"elementor-element elementor-element-5244c414 elementor-widget elementor-widget-text-editor\" data-id=\"5244c414\" data-element_type=\"widget\" data-e-type=\"widget\" data-widget_type=\"text-editor.default\">\n\t\t\t\t<div class=\"elementor-widget-container\">\n\t\t\t\t\t\t\t\t\t<h4>Miks k\u00fclastada Gate21?<\/h4><p>Gate21 on Tallinna vanalinnas ainulaadne kingituste kontseptsioonipood, mis on tuntud oma v\u00e4rvika disaini, hoolikalt valitud br\u00e4ndide ja loominguliste toodete poolest, mida tavap\u00e4rastest suveniiripoodidest ei leia. Asub Viru t\u00e4naval, ikooniliste <span class=\"hover:entity-accent entity-underline inline cursor-pointer align-baseline\"><span class=\"whitespace-normal\">Viru v\u00e4ravate juures<\/span><\/span>, lihtsalt leitav linna avastades. Kas otsite ebatavalisi kingitusi, disainesemeid v\u00f5i midagi l\u00f5busat ja meeldej\u00e4\u00e4vat, pakub Gate21 v\u00e4rsket alternatiivi traditsioonilistele turistikauplustele.<\/p><h4>Millised on parimad oman\u00e4oliste kingituste poed Tallinna vanalinnas?<\/h4><p>Tallinna vanalinnas on palju suveniiripoode, kuid disaini ja originaalsuse poolest paistavad silma m\u00f5ned konseptpoed. Gate21 pakub v\u00e4rvilisi ja moodsaid kingitusi, samas kui Oma Asi Design Store keskendub rohkem lahedatele ja soodsatele disainesemetele. Teine oman\u00e4oline koht on Saiakangi t\u00e4naval asuv \u201cV\u00e4ike Punane Maja\u201d, mis keskendub rohkem kohalikule ja k\u00e4sit\u00f6\u00f6na valmistatud disainile. Samuti saate tutvuda <span class=\"hover:entity-accent entity-underline inline cursor-pointer align-baseline\"><span class=\"whitespace-normal\">Meistrite hoovi<\/span><\/span> k\u00e4sit\u00f6\u00f6poodidega ja loominguliste stuudiotega. Need kohad sobivad suurep\u00e4raselt unikaalsete kingituste hankimiseks Tallinnas, mis pakuvad alternatiivi klassikalistele suveniiridele.<\/p><h4>Kas k\u00f5ik on kohapeal toodetud?<\/h4><p>Gate21 pakub hoolikalt valitud rahvusvaheliste ja kohalike disainiteoste segu, kus on tooteid Tokyost Tallinnani, Londonist Los Angeleseni ja k\u00f5igi vahepeal leitud lahedate disainerite loomingut. Kuigi mitte k\u00f5ik pole kohalikud, sisaldab pood ka valikut unikaalseid Eesti kaubam\u00e4rke. Kui otsite just Tallinnast k\u00e4sit\u00f6\u00f6na valminud v\u00f5i kohalikul disainil p\u00f5hinevaid kingitusi, v\u00f5iksite k\u00fclastada kauplust Oma Asi, mis keskendub rohkem kohalikule disainile.<\/p><h4>Milliseid kingitusi turistid Tallinnas tavaliselt ostavad?<\/h4><p>Tallinnas ostavad turistid sageli suveniire, nagu magnetid, merevaigust ehted ja traditsioonilised k\u00e4sit\u00f6\u00f6esemed. Kuid paljud k\u00fclastajad otsivad n\u00fc\u00fcd ainulaadsemaid kingitusi ja modernseid disainiesemeid, mis peegeldavad Eesti loomingulist kultuuri. Gate21-st leiab v\u00e4rvilisi, disainikeskseid tooteid, mis pakuvad originaalsemat alternatiivi t\u00fc\u00fcpilistele Tallinna suveniiridele.<\/p><h4>Milliseid kingitusi ostavad eestlased tavaliselt unikaalseks kingituseks v\u00f5i kingituseks pidudele?<\/h4><p>Eestlased eelistavad sageli l\u00e4bim\u00f5eldud ja disainile keskenduvaid kingitusi traditsioonilistele suveniiridele. Populaarsete valikute hulka kuuluvad <a href=\"https:\/\/gate21.ee\/et\/tootekategooria\/home\/\">kodu sisustus<\/a>, loomingulised <a href=\"https:\/\/gate21.ee\/et\/tootekategooria\/accessories\/\">tarvikud<\/a>, <a href=\"https:\/\/gate21.ee\/et\/tootekategooria\/jewellery\/\">ehted<\/a> ning unikaalsed elustiilitooted. Gate21 pakub valitud valikut l\u00f5busaid, moodsaid kingitusi, mis sobivad ideaalselt s\u00fcnnip\u00e4evadeks, sissekolimispidudeks ja tavalisteks t\u00e4histamisteks.<\/p><h4>Mis on enamiku disainesemete hind?<\/h4><p>Gate21 pakub laias valikus erinevas hinnaklassis tooteid, et iga\u00fcks leiaks midagi oma eelarve j\u00e4rgi. V\u00e4iksemad kingid ja aksessuaarid on taskukohased, samas leidub ka erilisi disaintooteid ja pilkup\u00fc\u00fcdvaid esemeid. See teeb lihtsaks leida k\u00f5ike alates v\u00e4ikesest meenest kuni unikaalsema ja meeldej\u00e4\u00e4vama disainerkingituseni Tallinnast.<\/p><h4>Kas teil on kingitusi erilisteks s\u00fcndmusteks, pulmadeks, pidudeks, s\u00fcnnip\u00e4evadeks, t\u00e4htp\u00e4evadeks?<\/h4><p>Jah, Gate21 pakub laia valikut unikaalseid kingitusi, mis sobivad s\u00fcnnip\u00e4evadeks, pulmadeks, aastap\u00e4evadeks ja pidudeks. Poe fookus on loomingulistel ja disainilahendustel p\u00f5hinevatel toodetel, mist\u00f5ttu on see suurep\u00e4rane koht Tallinnas traditsioonilistest kingitustest erineva leidmiseks.<\/p><h4>Kas ma leian midagi erilist, mida koju kaasa tuua, mitte tavalist suveniiri, millega oma Tallinna-puhkust meenutada?<\/h4><p>Jah, Gate21 on spetsialiseerunud ainulaadsetele kingitustele ja disainiesemetele, mis  erinevad tavalistest suveniiridest. Klassikaliste turismitoodete asemel leiad loomingulised, v\u00e4rvilised ja moodsad esemed, mis on meeldej\u00e4\u00e4vaks m\u00e4lestuseks sinu Tallinna k\u00fclastusest.<\/p><h4>Kas te m\u00fc\u00fcte keskkonnas\u00f5bralikke j\u00e4tkusuutlikke kingitusi?<\/h4><p>Gate21 pakub valikut keskkonnas\u00f5bralikke ja s\u00e4\u00e4stlikult toodetud kaupu, olenevalt br\u00e4ndist ja disainerist. Paljud tooted on valmistatud kvaliteetsetest materjalidest ja disainitud pikaajaliseks kasutamiseks, pakkudes teadlikumat alternatiivi masstoodetud <a href=\"https:\/\/gate21.ee\/et\/tootekategooria\/clothing\/\">r\u00f5ivad<\/a> ja kingitustele.<\/p><h4>Kas pakute kergeid, kergesti transporditavaid kodukaupu, mis mahuvad kergesti k\u00e4sipagasisse?<\/h4><p>Jah, paljud Gate21 tooted on kerged ja reisis\u00f5bralikud, nii et neid on lihtne k\u00e4sipagasisse pakkida. Populaarsete valikute hulka kuuluvad v\u00e4ikesed disainiesemed, aksessuaarid ja kompaktsed kingitused, mis sobivad ideaalselt Tallinnat k\u00fclastavatele turistidele.<\/p><h4>Kas saadate rahvusvaheliselt?<\/h4><p>Jah, Gate21 pakub <a href=\"https:\/\/gate21.ee\/et\/shipping\/\">rahvusvaheline kohaletoimetamine<\/a>\u00a0nii et te saate tellida oma lemmiktooteid ka p\u00e4rast Tallinnast lahkumist. Kohaletoimetamise v\u00f5imalused ja tarneajad v\u00f5ivad sihtkohast s\u00f5ltuvalt erineda.<\/p>\t\t\t\t\t\t\t\t<\/div>\n\t\t\t\t<\/div>\n\t\t\t\t\t<\/div>\n\t\t\t\t<\/div>\n\t\t\t\t<\/div>","protected":false},"excerpt":{"rendered":"<p>Why visit Gate21? Gate21 is a unique gift concept store in Tallinn Old Town known for its colourful design, curated brands and creative products that you won\u2019t find in typical souvenir stores. Located on Viru Street next to the iconic Viru Gates, it\u2019s an easy stop while exploring the city. Whether you\u2019re looking for unusual [&hellip;]<\/p>\n","protected":false},"author":1,"featured_media":0,"parent":0,"menu_order":0,"comment_status":"closed","ping_status":"closed","template":"","meta":{"site-sidebar-layout":"default","site-content-layout":"","ast-site-content-layout":"default","site-content-style":"default","site-sidebar-style":"default","ast-global-header-display":"","ast-banner-title-visibility":"","ast-main-header-display":"","ast-hfb-above-header-display":"","ast-hfb-below-header-display":"","ast-hfb-mobile-header-display":"","site-post-title":"","ast-breadcrumbs-content":"","ast-featured-img":"","footer-sml-layout":"","ast-disable-related-posts":"","theme-transparent-header-meta":"default","adv-header-id-meta":"","stick-header-meta":"default","header-above-stick-meta":"","header-main-stick-meta":"","header-below-stick-meta":"","astra-migrate-meta-layouts":"set","ast-page-background-enabled":"default","ast-page-background-meta":{"desktop":{"background-color":"","background-image":"","background-repeat":"repeat","background-position":"center center","background-size":"auto","background-attachment":"scroll","background-type":"","background-media":"","overlay-type":"","overlay-color":"","overlay-opacity":"","overlay-gradient":""},"tablet":{"background-color":"","background-image":"","background-repeat":"repeat","background-position":"center center","background-size":"auto","background-attachment":"scroll","background-type":"","background-media":"","overlay-type":"","overlay-color":"","overlay-opacity":"","overlay-gradient":""},"mobile":{"background-color":"","background-image":"","background-repeat":"repeat","background-position":"center center","background-size":"auto","background-attachment":"scroll","background-type":"","background-media":"","overlay-type":"","overlay-color":"","overlay-opacity":"","overlay-gradient":""}},"ast-content-background-meta":{"desktop":{"background-color":"var(--ast-global-color-5)","background-image":"","background-repeat":"repeat","background-position":"center center","background-size":"auto","background-attachment":"scroll","background-type":"","background-media":"","overlay-type":"","overlay-color":"","overlay-opacity":"","overlay-gradient":""},"tablet":{"background-color":"var(--ast-global-color-5)","background-image":"","background-repeat":"repeat","background-position":"center center","background-size":"auto","background-attachment":"scroll","background-type":"","background-media":"","overlay-type":"","overlay-color":"","overlay-opacity":"","overlay-gradient":""},"mobile":{"background-color":"var(--ast-global-color-5)","background-image":"","background-repeat":"repeat","background-position":"center center","background-size":"auto","background-attachment":"scroll","background-type":"","background-media":"","overlay-type":"","overlay-color":"","overlay-opacity":"","overlay-gradient":""}},"footnotes":""},"class_list":["post-253127","page","type-page","status-publish","hentry"],"yoast_head":"<!-- This site is optimized with the Yoast SEO plugin v27.3 - https:\/\/yoast.com\/product\/yoast-seo-wordpress\/ -->\n<title>&#8226; Gate21<\/title>\n<meta name=\"description\" content=\"Why visit Gate21? Gate21 is a unique gift concept store in Tallinn Old Town known for its colourful design, curated brands and creative products that you won\u2019t find in typical souvenir stores.\" \/>\n<meta name=\"robots\" content=\"index, follow, max-snippet:-1, max-image-preview:large, max-video-preview:-1\" \/>\n<link rel=\"canonical\" href=\"https:\/\/gate21.ee\/et\/faqs\/\" \/>\n<meta property=\"og:locale\" content=\"et_EE\" \/>\n<meta property=\"og:type\" content=\"article\" \/>\n<meta property=\"og:title\" content=\"&#8226; Gate21\" \/>\n<meta property=\"og:description\" content=\"Why visit Gate21? Gate21 is a unique gift concept store in Tallinn Old Town known for its colourful design, curated brands and creative products that you won\u2019t find in typical souvenir stores.\" \/>\n<meta property=\"og:url\" content=\"https:\/\/gate21.ee\/et\/faqs\/\" \/>\n<meta property=\"og:site_name\" content=\"Gate21\" \/>\n<meta property=\"article:publisher\" content=\"https:\/\/www.facebook.com\/gate21.ee\/\" \/>\n<meta property=\"article:modified_time\" content=\"2026-04-10T12:04:03+00:00\" \/>\n<meta property=\"og:image\" content=\"https:\/\/gate21.ee\/wp-content\/uploads\/2021\/11\/Gate_21_Logo_2_Valge.png\" \/>\n\t<meta property=\"og:image:width\" content=\"2560\" \/>\n\t<meta property=\"og:image:height\" content=\"2560\" \/>\n\t<meta property=\"og:image:type\" content=\"image\/png\" \/>\n<meta name=\"twitter:card\" content=\"summary_large_image\" \/>\n<meta name=\"twitter:label1\" content=\"Est. reading time\" \/>\n\t<meta name=\"twitter:data1\" content=\"3 minutit\" \/>\n<script type=\"application\/ld+json\" class=\"yoast-schema-graph\">{\"@context\":\"https:\\\/\\\/schema.org\",\"@graph\":[{\"@type\":\"WebPage\",\"@id\":\"https:\\\/\\\/gate21.ee\\\/faqs\\\/\",\"url\":\"https:\\\/\\\/gate21.ee\\\/faqs\\\/\",\"name\":\"&#8226; Gate21\",\"isPartOf\":{\"@id\":\"https:\\\/\\\/gate21.ee\\\/#website\"},\"datePublished\":\"2026-04-10T11:47:01+00:00\",\"dateModified\":\"2026-04-10T12:04:03+00:00\",\"description\":\"Why visit Gate21? Gate21 is a unique gift concept store in Tallinn Old Town known for its colourful design, curated brands and creative products that you won\u2019t find in typical souvenir stores.\",\"inLanguage\":\"et\",\"potentialAction\":[{\"@type\":\"ReadAction\",\"target\":[\"https:\\\/\\\/gate21.ee\\\/faqs\\\/\"]}]},{\"@type\":\"WebSite\",\"@id\":\"https:\\\/\\\/gate21.ee\\\/#website\",\"url\":\"https:\\\/\\\/gate21.ee\\\/\",\"name\":\"Gate21\",\"description\":\"Disainipood Gate21\",\"publisher\":{\"@id\":\"https:\\\/\\\/gate21.ee\\\/#organization\"},\"alternateName\":\"alldesign\",\"potentialAction\":[{\"@type\":\"SearchAction\",\"target\":{\"@type\":\"EntryPoint\",\"urlTemplate\":\"https:\\\/\\\/gate21.ee\\\/?s={search_term_string}\"},\"query-input\":{\"@type\":\"PropertyValueSpecification\",\"valueRequired\":true,\"valueName\":\"search_term_string\"}}],\"inLanguage\":\"et\"},{\"@type\":\"Organization\",\"@id\":\"https:\\\/\\\/gate21.ee\\\/#organization\",\"name\":\"Gate21\",\"alternateName\":\"Gate21, Oma Asi and Oma Asi Design Store\",\"url\":\"https:\\\/\\\/gate21.ee\\\/\",\"logo\":{\"@type\":\"ImageObject\",\"inLanguage\":\"et\",\"@id\":\"https:\\\/\\\/gate21.ee\\\/#\\\/schema\\\/logo\\\/image\\\/\",\"url\":\"https:\\\/\\\/gate21.ee\\\/wp-content\\\/uploads\\\/2021\\\/11\\\/Gate_21_Logo_2_Valge.png\",\"contentUrl\":\"https:\\\/\\\/gate21.ee\\\/wp-content\\\/uploads\\\/2021\\\/11\\\/Gate_21_Logo_2_Valge.png\",\"width\":2560,\"height\":2560,\"caption\":\"Gate21\"},\"image\":{\"@id\":\"https:\\\/\\\/gate21.ee\\\/#\\\/schema\\\/logo\\\/image\\\/\"},\"sameAs\":[\"https:\\\/\\\/www.facebook.com\\\/gate21.ee\\\/\",\"https:\\\/\\\/www.instagram.com\\\/gate21.ee\\\/\",\"https:\\\/\\\/www.instagram.com\\\/omaasidesign\\\/\",\"https:\\\/\\\/www.instagram.com\\\/omaasi\\\/\",\"https:\\\/\\\/www.facebook.com\\\/omaasidesign\\\/\",\"https:\\\/\\\/www.facebook.com\\\/omaasilittleredhouse\\\/\"]}]}<\/script>\n<!-- \/ Yoast SEO plugin. -->","yoast_head_json":{"title":"&#8226; Gate21","description":"Why visit Gate21? Gate21 is a unique gift concept store in Tallinn Old Town known for its colourful design, curated brands and creative products that you won\u2019t find in typical souvenir stores.","robots":{"index":"index","follow":"follow","max-snippet":"max-snippet:-1","max-image-preview":"max-image-preview:large","max-video-preview":"max-video-preview:-1"},"canonical":"https:\/\/gate21.ee\/et\/faqs\/","og_locale":"et_EE","og_type":"article","og_title":"&#8226; Gate21","og_description":"Why visit Gate21? Gate21 is a unique gift concept store in Tallinn Old Town known for its colourful design, curated brands and creative products that you won\u2019t find in typical souvenir stores.","og_url":"https:\/\/gate21.ee\/et\/faqs\/","og_site_name":"Gate21","article_publisher":"https:\/\/www.facebook.com\/gate21.ee\/","article_modified_time":"2026-04-10T12:04:03+00:00","og_image":[{"width":2560,"height":2560,"url":"https:\/\/gate21.ee\/wp-content\/uploads\/2021\/11\/Gate_21_Logo_2_Valge.png","type":"image\/png"}],"twitter_card":"summary_large_image","twitter_misc":{"Est. reading time":"3 minutit"},"schema":{"@context":"https:\/\/schema.org","@graph":[{"@type":"WebPage","@id":"https:\/\/gate21.ee\/faqs\/","url":"https:\/\/gate21.ee\/faqs\/","name":"&#8226; Gate21","isPartOf":{"@id":"https:\/\/gate21.ee\/#website"},"datePublished":"2026-04-10T11:47:01+00:00","dateModified":"2026-04-10T12:04:03+00:00","description":"Why visit Gate21? Gate21 is a unique gift concept store in Tallinn Old Town known for its colourful design, curated brands and creative products that you won\u2019t find in typical souvenir stores.","inLanguage":"et","potentialAction":[{"@type":"ReadAction","target":["https:\/\/gate21.ee\/faqs\/"]}]},{"@type":"WebSite","@id":"https:\/\/gate21.ee\/#website","url":"https:\/\/gate21.ee\/","name":"Gate21","description":"Disainipood Gate21","publisher":{"@id":"https:\/\/gate21.ee\/#organization"},"alternateName":"alldesign","potentialAction":[{"@type":"SearchAction","target":{"@type":"EntryPoint","urlTemplate":"https:\/\/gate21.ee\/?s={search_term_string}"},"query-input":{"@type":"PropertyValueSpecification","valueRequired":true,"valueName":"search_term_string"}}],"inLanguage":"et"},{"@type":"Organization","@id":"https:\/\/gate21.ee\/#organization","name":"Gate21","alternateName":"Gate21, Oma Asi and Oma Asi Design Store","url":"https:\/\/gate21.ee\/","logo":{"@type":"ImageObject","inLanguage":"et","@id":"https:\/\/gate21.ee\/#\/schema\/logo\/image\/","url":"https:\/\/gate21.ee\/wp-content\/uploads\/2021\/11\/Gate_21_Logo_2_Valge.png","contentUrl":"https:\/\/gate21.ee\/wp-content\/uploads\/2021\/11\/Gate_21_Logo_2_Valge.png","width":2560,"height":2560,"caption":"Gate21"},"image":{"@id":"https:\/\/gate21.ee\/#\/schema\/logo\/image\/"},"sameAs":["https:\/\/www.facebook.com\/gate21.ee\/","https:\/\/www.instagram.com\/gate21.ee\/","https:\/\/www.instagram.com\/omaasidesign\/","https:\/\/www.instagram.com\/omaasi\/","https:\/\/www.facebook.com\/omaasidesign\/","https:\/\/www.facebook.com\/omaasilittleredhouse\/"]}]}},"jetpack_sharing_enabled":true,"_links":{"self":[{"href":"https:\/\/gate21.ee\/et\/wp-json\/wp\/v2\/pages\/253127","targetHints":{"allow":["GET"]}}],"collection":[{"href":"https:\/\/gate21.ee\/et\/wp-json\/wp\/v2\/pages"}],"about":[{"href":"https:\/\/gate21.ee\/et\/wp-json\/wp\/v2\/types\/page"}],"author":[{"embeddable":true,"href":"https:\/\/gate21.ee\/et\/wp-json\/wp\/v2\/users\/1"}],"replies":[{"embeddable":true,"href":"https:\/\/gate21.ee\/et\/wp-json\/wp\/v2\/comments?post=253127"}],"version-history":[{"count":9,"href":"https:\/\/gate21.ee\/et\/wp-json\/wp\/v2\/pages\/253127\/revisions"}],"predecessor-version":[{"id":254231,"href":"https:\/\/gate21.ee\/et\/wp-json\/wp\/v2\/pages\/253127\/revisions\/254231"}],"wp:attachment":[{"href":"https:\/\/gate21.ee\/et\/wp-json\/wp\/v2\/media?parent=253127"}],"curies":[{"name":"wp","href":"https:\/\/api.w.org\/{rel}","templated":true}]}}